{"id":361209,"date":"2026-04-21T13:18:52","date_gmt":"2026-04-21T10:18:52","guid":{"rendered":"https:\/\/puhdasplus.ee\/?post_type=product&#038;p=361209"},"modified":"2026-05-13T19:24:27","modified_gmt":"2026-05-13T16:24:27","slug":"bakuchiol-kinkekomplekt","status":"publish","type":"product","link":"https:\/\/puhdasplus.ee\/ru\/\u043f\u0440\u043e\u0434\u0443\u043a\u0442\u044b\/%d0%ba%d0%be%d1%81%d0%bc%d0%b5%d1%82%d0%b8%d0%ba%d0%b0\/bakuchiol-kinkekomplekt\/","title":{"rendered":"Bakuchiol kinkekomplekt (eliksiir 15 ml + kreem 50 ml)"},"content":{"rendered":"<p data-start=\"276\" data-end=\"408\"><strong data-start=\"276\" data-end=\"408\">Puhdas+ Bakuchiol kinkekomplekt sisaldab Bakuchiol eliksiiri 15 ml ja Bakuchiol kreemi 50 ml \u2013 t\u00e4ielik nahahoolduskomplekt n\u00e4ole.<\/strong><\/p>\n<p data-start=\"410\" data-end=\"743\">Bakuchiool on looduslik taimne toimeaine, mida peetakse \u00f5rnaks alternatiiviks traditsioonilisele A-vitamiinip\u00f5hisele retinoolile. Seda saadakse <strong data-start=\"554\" data-end=\"578\">Psoralea corylifolia<\/strong> taime seemnetest ning selle toime nahale sarnaneb retinooliga \u2013 toetab kollageeni tootmist, aitab v\u00e4hendada pigmendilaike ning parandab naha elastsust ja tekstuuri.<\/p>\n<p data-start=\"745\" data-end=\"817\">Regulaarsel kasutamisel muutub nahk siledamaks, kirkamaks ja pringimaks.<\/p>\n<p data-start=\"819\" data-end=\"872\">Komplekt sisaldab kahte teineteist t\u00e4iendavat toodet:<\/p>\n<ul data-start=\"874\" data-end=\"1050\">\n<li data-section-id=\"jrggd0\" data-start=\"874\" data-end=\"967\"><strong data-start=\"876\" data-end=\"902\">Bakuchiol eliksiir 15 ml<\/strong> \u2013 kerge ja t\u00f5hus n\u00e4oseerum naha kirgastamiseks ja uuendamiseks<\/li>\n<li data-section-id=\"ldsjvs\" data-start=\"968\" data-end=\"1050\"><strong data-start=\"970\" data-end=\"995\">Bakuchiol kreem 50 ml<\/strong> \u2013 rikkalik n\u00e4okreem naha toitmiseks ja niisutamiseks<\/li>\n<\/ul>\n<p>&nbsp;<\/p>\n<h2 data-section-id=\"15kwwe7\" data-start=\"1102\" data-end=\"1127\">Bakuchiol eliksiir 15 ml<\/h2>\n<p data-start=\"1129\" data-end=\"1230\">Kerge, kuid t\u00f5hus seerum, mis aitab nahka uuendada ning annab sellele s\u00e4ravama ja \u00fchtlasema v\u00e4limuse.<\/p>\n<h3 data-section-id=\"1977bi5\" data-start=\"1232\" data-end=\"1262\">Bakuchiol eliksiiri eelised:<\/h3>\n<ul data-start=\"1263\" data-end=\"1412\">\n<li data-section-id=\"1omq6uf\" data-start=\"1263\" data-end=\"1293\">Toetab kollageeni tootmist<\/li>\n<li data-section-id=\"1gaurbn\" data-start=\"1294\" data-end=\"1328\">Aitab parandada naha elastsust<\/li>\n<li data-section-id=\"bfp2k4\" data-start=\"1329\" data-end=\"1354\">Kirgastab tuhmi jumet<\/li>\n<li data-section-id=\"bbe6iu\" data-start=\"1355\" data-end=\"1382\">Tasandab naha tekstuuri<\/li>\n<li data-section-id=\"pmlcoi\" data-start=\"1383\" data-end=\"1412\">Niisutab ja hooldab nahka<\/li>\n<\/ul>\n<p data-start=\"1414\" data-end=\"1477\">Seerum sisaldab hoolikalt valitud taimseid \u00f5lisid ja ekstrakte:<\/p>\n<ul data-start=\"1479\" data-end=\"1662\">\n<li data-section-id=\"1xv0ncb\" data-start=\"1479\" data-end=\"1510\">astelpaju\u00f5li niisutab nahka<\/li>\n<li data-section-id=\"2na6og\" data-start=\"1511\" data-end=\"1542\">rosmariiniekstrakt rahustab<\/li>\n<li data-section-id=\"1gjtfqo\" data-start=\"1543\" data-end=\"1598\">kibuvitsaseemne ekstrakt aitab tasakaalustada nahka<\/li>\n<li data-section-id=\"1jih73n\" data-start=\"1599\" data-end=\"1662\">mandli\u00f5li, jojoba\u00f5li ja p\u00e4evalilleseemne\u00f5li hooldavad nahka<\/li>\n<\/ul>\n<h2 data-section-id=\"n0o0g5\" data-start=\"1664\" data-end=\"1686\">Koostisosad<\/h2>\n<p data-start=\"1688\" data-end=\"1988\">Decyl Oleate, Helianthus Annuus (Sunflower) Seed Oil*, Prunus Amygdalus Dulcis (Sweet Almond) Oil*, Simmondsia Chinensis (Jojoba) Seed Oil*, Tocopherol, Parfum, Bakuchiol, Rosa Canina (Rosehip) Seed Extract*, Hippophae Rhamnoides (Sea Buckthorn) Oil*, Rosmarinus Officinalis (Rosemary) Leaf Extract*.<\/p>\n<h2 data-section-id=\"1v8mdz9\" data-start=\"1995\" data-end=\"2019\">Bakuchiol kreem 50 ml<\/h2>\n<p data-start=\"2021\" data-end=\"2130\">Rikkalik n\u00e4okreem, mis toetab naha loomulikku uuenemist ning aitab hoida naha pehme, niisutatud ja elastsena.<\/p>\n<h3 data-section-id=\"1jgm2py\" data-start=\"2132\" data-end=\"2161\">Bakuchiol kreemi eelised:<\/h3>\n<ul data-start=\"2162\" data-end=\"2313\">\n<li data-section-id=\"1omq6uf\" data-start=\"2162\" data-end=\"2192\">Toetab kollageeni tootmist<\/li>\n<li data-section-id=\"lbf95t\" data-start=\"2193\" data-end=\"2228\">Aitab nahal loomulikult uueneda<\/li>\n<li data-section-id=\"5xvyqo\" data-start=\"2229\" data-end=\"2250\">Niisutab s\u00fcgavuti<\/li>\n<li data-section-id=\"1i3oiy8\" data-start=\"2251\" data-end=\"2273\">Toidab kuiva nahka<\/li>\n<li data-section-id=\"1grsudo\" data-start=\"2274\" data-end=\"2313\">Muudab naha pehmemaks ja siledamaks<\/li>\n<\/ul>\n<p data-start=\"2315\" data-end=\"2330\">Kreem sisaldab:<\/p>\n<ul data-start=\"2332\" data-end=\"2444\">\n<li data-section-id=\"1o354aa\" data-start=\"2332\" data-end=\"2347\">bakuchiooli<\/li>\n<li data-section-id=\"1ugoxky\" data-start=\"2348\" data-end=\"2382\">harilaoa (moth bean) ekstrakti<\/li>\n<li data-section-id=\"deig5m\" data-start=\"2383\" data-end=\"2398\">argaania\u00f5li<\/li>\n<li data-section-id=\"j1nx2z\" data-start=\"2399\" data-end=\"2412\">jojoba\u00f5li<\/li>\n<li data-section-id=\"9jkd95\" data-start=\"2413\" data-end=\"2425\">sheav\u00f5id<\/li>\n<li data-section-id=\"gdwgg\" data-start=\"2426\" data-end=\"2444\">h\u00fcaluroonhapet<\/li>\n<\/ul>\n<h2 data-section-id=\"n0o0g5\" data-start=\"2446\" data-end=\"2468\">Koostisosad<\/h2>\n<p data-start=\"2470\" data-end=\"3109\">Aqua (Water), Caprylic\/Capric Triglycerides, Glycerin, Cetearyl Alcohol, Butyrospermum Parkii (Shea) Butter*, Argania Spinosa (Argan) Kernel Oil*, Simmondsia Chinensis (Jojoba) Seed Oil*, Helianthus Annuus (Sunflower) Seed Cera, Bakuchiol, Hydrolyzed Hyaluronic Acid, Olea Europaea (Olive) Oil Unsaponifiables, Vigna Aconitifolia (Moth Bean) Seed Extract, Shorea Robusta (Sal Tree) Resin, Rhus Verniciflua (Chinese Lacquer Tree) Peel Cera \/ Rhus Succedanea (Japan Wax Tree) Fruit Cera, Tocopherol, Cetearyl Glucoside, Coco-Glucoside, Xanthan Gum, Sodium Gluconate, Maltodextrin, Lactic Acid, Sodium Benzoate, Sodium Dehydroacetate, Parfum.<\/p>\n<p data-start=\"3111\" data-end=\"3145\">* mahep\u00f5llumajanduslik koostisosa<\/p>\n<h2 data-section-id=\"1rxt5mb\" data-start=\"3152\" data-end=\"3165\">Kasutamine<\/h2>\n<p data-start=\"3167\" data-end=\"3216\">Kanna kreemi puhtale n\u00e4onahale hommikul ja \u00f5htul.<\/p>\n<p data-start=\"3218\" data-end=\"3277\">Seej\u00e4rel lisa paar tilka elixirit ning kanna \u00f5rnalt nahale.<\/p>\n<p data-start=\"3279\" data-end=\"3329\">Parima tulemuse saavutamiseks kasuta regulaarselt.<\/p>\n<h2 data-section-id=\"ndzril\" data-start=\"3336\" data-end=\"3353\">Kellele sobib?<\/h2>\n<p data-start=\"3355\" data-end=\"3405\">Puhdas+ Bakuchiol kinkekomplekt sobib eriti h\u00e4sti:<\/p>\n<ul data-start=\"3407\" data-end=\"3568\">\n<li data-section-id=\"3ub86m\" data-start=\"3407\" data-end=\"3425\">kuivale nahale<\/li>\n<li data-section-id=\"1ch384f\" data-start=\"3426\" data-end=\"3444\">k\u00fcpsele nahale<\/li>\n<li data-section-id=\"1d8ey8u\" data-start=\"3445\" data-end=\"3466\">tundlikule nahale<\/li>\n<li data-section-id=\"fka9o6\" data-start=\"3467\" data-end=\"3522\">neile, kes otsivad retinoolile \u00f5rnemat alternatiivi<\/li>\n<li data-section-id=\"1fe61zf\" data-start=\"3523\" data-end=\"3568\">kingituseks ilu- ja nahahooldushuvilisele<\/li>\n<\/ul>\n<p data-start=\"3570\" data-end=\"3579\">Toode on vegan.<\/p>\n<h2 data-section-id=\"1wzu7j6\" data-start=\"3620\" data-end=\"3646\">Miks valida bakuchiool?<\/h2>\n<p data-start=\"3648\" data-end=\"3776\">Bakuchiool on muutunud populaarseks toimeaineks nahahoolduses, sest see pakub retinoolilaadseid eeliseid ilma tugeva \u00e4rrituseta.<\/p>\n<p data-start=\"3778\" data-end=\"3892\">Erinevalt retinoolist sobib bakuchiool sageli ka tundlikule nahale ning seda v\u00f5ib kasutada nii hommikul kui \u00f5htul.<\/p>\n<h2 data-section-id=\"9q2dil\" data-start=\"3899\" data-end=\"3928\">Korduma kippuvad k\u00fcsimused<\/h2>\n<p data-section-id=\"10lkb3w\" data-start=\"3930\" data-end=\"3952\"><strong>Mis on bakuchiool?<\/strong><\/p>\n<p data-start=\"3954\" data-end=\"4088\">Bakuchiool on taimne toimeaine, mida saadakse <strong data-start=\"4000\" data-end=\"4024\">Psoralea corylifolia<\/strong> taimest. Seda peetakse looduslikuks alternatiiviks retinoolile.<\/p>\n<p data-section-id=\"1p4ybw0\" data-start=\"4090\" data-end=\"4133\"><strong>Kas bakuchiool sobib tundlikule nahale?<\/strong><\/p>\n<p data-start=\"4135\" data-end=\"4216\">Jah, bakuchiool on \u00fcldiselt h\u00e4sti talutav ning sobib sageli ka tundlikule nahale.<\/p>\n<p data-section-id=\"dfhevo\" data-start=\"4218\" data-end=\"4266\"><strong>Kas bakuchiooli v\u00f5ib kasutada p\u00e4evasel ajal?<\/strong><\/p>\n<p data-start=\"4268\" data-end=\"4350\">Jah, bakuchiool on valgusstabiilne ning sobib kasutamiseks nii hommikul kui \u00f5htul.<\/p>\n<h2 data-start=\"4268\" data-end=\"4350\"><\/h2>\n<h2 data-start=\"4268\" data-end=\"4350\">Tootja<\/h2>\n<p data-start=\"4368\" data-end=\"4446\">Valmistatud Soomes <strong data-start=\"4387\" data-end=\"4428\"><span class=\"hover:entity-accent entity-underline inline cursor-pointer align-baseline\"><span class=\"whitespace-normal\">Puhdas+<\/span><\/span><\/strong> kaubam\u00e4rgi all.<\/p>\n<p data-start=\"4448\" data-end=\"4508\" data-is-last-node=\"\" data-is-only-node=\"\">Turustaja Eestis: <strong data-start=\"4466\" data-end=\"4507\"><span class=\"hover:entity-accent entity-underline inline cursor-pointer align-baseline\"><span class=\"whitespace-normal\">NordenBio O\u00dc<\/span><\/span><\/strong>.<\/p>\n<p>&nbsp;<\/p>\n<p><strong>Vaata ka:<\/strong> <a href=\"https:\/\/puhdasplus.ee\/kategooria\/looduskosmeetika\/\">Looduskosmeetika<\/a> | <a href=\"https:\/\/puhdasplus.ee\/kategooria\/nahk-juuksed-kuuned\/\">Nahk, juuksed, k\u00fc\u00fcned<\/a><\/p>\n","protected":false},"excerpt":{"rendered":"<p><strong data-start=\"0\" data-end=\"67\" data-is-only-node=\"\">Luksuslik bakuchiol kinkekomplekt naha igap\u00e4evaseks hoolduseks.<\/strong> Komplekt sisaldab Bakuchiol Elixirit (15 ml) ja Bakuchiol Creami (50 ml), mis aitavad nahka kirgastada, siluda ja toetada kollageeni tootmist. Bakuchiool on looduslik taimne alternatiiv retinoolile, mis sobib ka tundlikule nahale. Vegan ja ideaalne kingitus.<\/p>\n<table>\n<tbody>\n<tr>\n<td style=\"text-align: center;\"><img decoding=\"async\" class=\"alignnone wp-image-360122\" src=\"https:\/\/puhdasplus.ee\/wp-content\/uploads\/2019\/10\/vegan-150x150.png\" alt=\"vegan\" width=\"80\" height=\"80\" \/><br \/>\n<strong>100% Vegan<\/strong><\/td>\n<\/tr>\n<\/tbody>\n<\/table>\n","protected":false},"featured_media":361438,"comment_status":"open","ping_status":"closed","template":"","meta":{"_acf_changed":false,"googlesitekit_rrm_CAow3eq7DA:productID":""},"product_brand":[],"product_cat":[448,461],"product_tag":[9247,9249,9254,8652,9259,7865,8161,9265,9271,524],"class_list":{"0":"post-361209","1":"product","2":"type-product","3":"status-publish","4":"has-post-thumbnail","6":"product_cat-looduskosmeetika","7":"product_cat-nahk-juuksed-kuuned","8":"product_tag-anti-age","9":"product_tag-bakuchiool","10":"product_tag-kinkekomplekt","11":"product_tag-kuiv-nahk","12":"product_tag-kupsem-nahk","13":"product_tag-looduskosmeetika","14":"product_tag-naistele","15":"product_tag-naohooldus","16":"product_tag-retinooli-alternatiiv","17":"product_tag-vegan","19":"first","20":"onbackorder","21":"taxable","22":"shipping-taxable","23":"purchasable","24":"product-type-simple"},"acf":[],"yoast_head":"<!-- This site is optimized with the Yoast SEO plugin v27.6 - https:\/\/yoast.com\/product\/yoast-seo-wordpress\/ -->\n<title>Bakuchiol Kinkekomplekt \u2013 Retinooli Alternatiiv | Puhdas+<\/title>\n<meta name=\"description\" content=\"Luksuslik komplekt: Bakuchiol Elixir 15 ml + Cream 50 ml. Looduslik retinooli alternatiiv nahahooldusse. \u00d5rn, vegan ja ideaalne kingitus.\" \/>\n<meta name=\"robots\" content=\"index, follow, max-snippet:-1, max-image-preview:large, max-video-preview:-1\" \/>\n<link rel=\"canonical\" href=\"https:\/\/puhdasplus.ee\/ru\/\u043f\u0440\u043e\u0434\u0443\u043a\u0442\u044b\/%d0%ba%d0%be%d1%81%d0%bc%d0%b5%d1%82%d0%b8%d0%ba%d0%b0\/bakuchiol-kinkekomplekt\/\" \/>\n<meta property=\"og:locale\" content=\"ru_RU\" \/>\n<meta property=\"og:type\" content=\"article\" \/>\n<meta property=\"og:title\" content=\"Bakuchiol Kinkekomplekt \u2013 Retinooli Alternatiiv | Puhdas+\" \/>\n<meta property=\"og:description\" content=\"Luksuslik komplekt: Bakuchiol Elixir 15 ml + Cream 50 ml. Looduslik retinooli alternatiiv nahahooldusse. \u00d5rn, vegan ja ideaalne kingitus.\" \/>\n<meta property=\"og:url\" content=\"https:\/\/puhdasplus.ee\/ru\/\u043f\u0440\u043e\u0434\u0443\u043a\u0442\u044b\/%d0%ba%d0%be%d1%81%d0%bc%d0%b5%d1%82%d0%b8%d0%ba%d0%b0\/bakuchiol-kinkekomplekt\/\" \/>\n<meta property=\"og:site_name\" content=\"Puhdas+\" \/>\n<meta property=\"article:publisher\" content=\"https:\/\/www.facebook.com\/puhdasplus\" \/>\n<meta property=\"article:modified_time\" content=\"2026-05-13T16:24:27+00:00\" \/>\n<meta property=\"og:image\" content=\"https:\/\/puhdasplus.ee\/wp-content\/uploads\/2026\/04\/Bakuchiol-kinkekomplekt-Elixir-15-ml-Cream-50-ml-scaled.jpg\" \/>\n\t<meta property=\"og:image:width\" content=\"1862\" \/>\n\t<meta property=\"og:image:height\" content=\"2560\" \/>\n\t<meta property=\"og:image:type\" content=\"image\/jpeg\" \/>\n<meta name=\"twitter:card\" content=\"summary_large_image\" \/>\n<meta name=\"twitter:label1\" content=\"\u041f\u0440\u0438\u043c\u0435\u0440\u043d\u043e\u0435 \u0432\u0440\u0435\u043c\u044f \u0434\u043b\u044f \u0447\u0442\u0435\u043d\u0438\u044f\" \/>\n\t<meta name=\"twitter:data1\" content=\"3 \u043c\u0438\u043d\u0443\u0442\u0430\" \/>\n<script type=\"application\/ld+json\" class=\"yoast-schema-graph\">{\"@context\":\"https:\\\/\\\/schema.org\",\"@graph\":[{\"@type\":\"WebPage\",\"@id\":\"https:\\\/\\\/puhdasplus.ee\\\/ru\\\/\u043f\u0440\u043e\u0434\u0443\u043a\u0442\u044b\\\/%d0%ba%d0%be%d1%81%d0%bc%d0%b5%d1%82%d0%b8%d0%ba%d0%b0\\\/bakuchiol-kinkekomplekt\\\/\",\"url\":\"https:\\\/\\\/puhdasplus.ee\\\/ru\\\/\u043f\u0440\u043e\u0434\u0443\u043a\u0442\u044b\\\/%d0%ba%d0%be%d1%81%d0%bc%d0%b5%d1%82%d0%b8%d0%ba%d0%b0\\\/bakuchiol-kinkekomplekt\\\/\",\"name\":\"Bakuchiol Kinkekomplekt \u2013 Retinooli Alternatiiv | Puhdas+\",\"isPartOf\":{\"@id\":\"https:\\\/\\\/puhdasplus.ee\\\/ru\\\/#website\"},\"primaryImageOfPage\":{\"@id\":\"https:\\\/\\\/puhdasplus.ee\\\/ru\\\/\u043f\u0440\u043e\u0434\u0443\u043a\u0442\u044b\\\/%d0%ba%d0%be%d1%81%d0%bc%d0%b5%d1%82%d0%b8%d0%ba%d0%b0\\\/bakuchiol-kinkekomplekt\\\/#primaryimage\"},\"image\":{\"@id\":\"https:\\\/\\\/puhdasplus.ee\\\/ru\\\/\u043f\u0440\u043e\u0434\u0443\u043a\u0442\u044b\\\/%d0%ba%d0%be%d1%81%d0%bc%d0%b5%d1%82%d0%b8%d0%ba%d0%b0\\\/bakuchiol-kinkekomplekt\\\/#primaryimage\"},\"thumbnailUrl\":\"https:\\\/\\\/puhdasplus.ee\\\/wp-content\\\/uploads\\\/2026\\\/04\\\/Bakuchiol-kinkekomplekt-Elixir-15-ml-Cream-50-ml-scaled.jpg\",\"datePublished\":\"2026-04-21T10:18:52+00:00\",\"dateModified\":\"2026-05-13T16:24:27+00:00\",\"description\":\"Luksuslik komplekt: Bakuchiol Elixir 15 ml + Cream 50 ml. Looduslik retinooli alternatiiv nahahooldusse. \u00d5rn, vegan ja ideaalne kingitus.\",\"breadcrumb\":{\"@id\":\"https:\\\/\\\/puhdasplus.ee\\\/ru\\\/\u043f\u0440\u043e\u0434\u0443\u043a\u0442\u044b\\\/%d0%ba%d0%be%d1%81%d0%bc%d0%b5%d1%82%d0%b8%d0%ba%d0%b0\\\/bakuchiol-kinkekomplekt\\\/#breadcrumb\"},\"inLanguage\":\"ru-RU\",\"potentialAction\":[{\"@type\":\"ReadAction\",\"target\":[\"https:\\\/\\\/puhdasplus.ee\\\/ru\\\/\u043f\u0440\u043e\u0434\u0443\u043a\u0442\u044b\\\/%d0%ba%d0%be%d1%81%d0%bc%d0%b5%d1%82%d0%b8%d0%ba%d0%b0\\\/bakuchiol-kinkekomplekt\\\/\"]}]},{\"@type\":\"ImageObject\",\"inLanguage\":\"ru-RU\",\"@id\":\"https:\\\/\\\/puhdasplus.ee\\\/ru\\\/\u043f\u0440\u043e\u0434\u0443\u043a\u0442\u044b\\\/%d0%ba%d0%be%d1%81%d0%bc%d0%b5%d1%82%d0%b8%d0%ba%d0%b0\\\/bakuchiol-kinkekomplekt\\\/#primaryimage\",\"url\":\"https:\\\/\\\/puhdasplus.ee\\\/wp-content\\\/uploads\\\/2026\\\/04\\\/Bakuchiol-kinkekomplekt-Elixir-15-ml-Cream-50-ml-scaled.jpg\",\"contentUrl\":\"https:\\\/\\\/puhdasplus.ee\\\/wp-content\\\/uploads\\\/2026\\\/04\\\/Bakuchiol-kinkekomplekt-Elixir-15-ml-Cream-50-ml-scaled.jpg\",\"width\":1862,\"height\":2560,\"caption\":\"Bakuchiol kinkekomplekt (Elixir 15 ml + Cream 50 ml)\"},{\"@type\":\"BreadcrumbList\",\"@id\":\"https:\\\/\\\/puhdasplus.ee\\\/ru\\\/\u043f\u0440\u043e\u0434\u0443\u043a\u0442\u044b\\\/%d0%ba%d0%be%d1%81%d0%bc%d0%b5%d1%82%d0%b8%d0%ba%d0%b0\\\/bakuchiol-kinkekomplekt\\\/#breadcrumb\",\"itemListElement\":[{\"@type\":\"ListItem\",\"position\":1,\"name\":\"\u0414\u043e\u043c\",\"item\":\"https:\\\/\\\/puhdasplus.ee\\\/ru\\\/\"},{\"@type\":\"ListItem\",\"position\":2,\"name\":\"\u041f\u0440\u043e\u0434\u0443\u043a\u0442\u044b\",\"item\":\"https:\\\/\\\/puhdasplus.ee\\\/ru\\\/%d0%bc%d0%b0%d0%b3%d0%b0%d0%b7%d0%b8%d0%bd\\\/\"},{\"@type\":\"ListItem\",\"position\":3,\"name\":\"Bakuchiol kinkekomplekt (eliksiir 15 ml + kreem 50 ml)\"}]},{\"@type\":\"WebSite\",\"@id\":\"https:\\\/\\\/puhdasplus.ee\\\/ru\\\/#website\",\"url\":\"https:\\\/\\\/puhdasplus.ee\\\/ru\\\/\",\"name\":\"Puhdas+\",\"description\":\"\u0412\u0438\u0442\u0430\u043c\u0438\u043d\u044b, \u043f\u0438\u0449\u0435\u0432\u044b\u0435 \u0434\u043e\u0431\u0430\u0432\u043a\u0438, \u043d\u0430\u0442\u0443\u0440\u0430\u043b\u044c\u043d\u0430\u044f \u043a\u043e\u0441\u043c\u0435\u0442\u0438\u043a\u0430, \u0437\u0434\u043e\u0440\u043e\u0432\u044c\u0435, \u0441\u043f\u043e\u0440\u0442\",\"publisher\":{\"@id\":\"https:\\\/\\\/puhdasplus.ee\\\/ru\\\/#organization\"},\"potentialAction\":[{\"@type\":\"SearchAction\",\"target\":{\"@type\":\"EntryPoint\",\"urlTemplate\":\"https:\\\/\\\/puhdasplus.ee\\\/ru\\\/?s={search_term_string}\"},\"query-input\":{\"@type\":\"PropertyValueSpecification\",\"valueRequired\":true,\"valueName\":\"search_term_string\"}}],\"inLanguage\":\"ru-RU\"},{\"@type\":\"Organization\",\"@id\":\"https:\\\/\\\/puhdasplus.ee\\\/ru\\\/#organization\",\"name\":\"Puhdas+\",\"alternateName\":\"Puhdasplus\",\"url\":\"https:\\\/\\\/puhdasplus.ee\\\/ru\\\/\",\"logo\":{\"@type\":\"ImageObject\",\"inLanguage\":\"ru-RU\",\"@id\":\"https:\\\/\\\/puhdasplus.ee\\\/ru\\\/#\\\/schema\\\/logo\\\/image\\\/\",\"url\":\"https:\\\/\\\/puhdasplus.ee\\\/wp-content\\\/uploads\\\/2019\\\/10\\\/puhdas_logo-arvele.png\",\"contentUrl\":\"https:\\\/\\\/puhdasplus.ee\\\/wp-content\\\/uploads\\\/2019\\\/10\\\/puhdas_logo-arvele.png\",\"width\":114,\"height\":94,\"caption\":\"Puhdas+\"},\"image\":{\"@id\":\"https:\\\/\\\/puhdasplus.ee\\\/ru\\\/#\\\/schema\\\/logo\\\/image\\\/\"},\"sameAs\":[\"https:\\\/\\\/www.facebook.com\\\/puhdasplus\",\"https:\\\/\\\/www.instagram.com\\\/puhdasplus_ee\\\/\"]}]}<\/script>\n<!-- \/ Yoast SEO plugin. -->","yoast_head_json":{"title":"Bakuchiol Kinkekomplekt \u2013 Retinooli Alternatiiv | Puhdas+","description":"Luksuslik komplekt: Bakuchiol Elixir 15 ml + Cream 50 ml. Looduslik retinooli alternatiiv nahahooldusse. \u00d5rn, vegan ja ideaalne kingitus.","robots":{"index":"index","follow":"follow","max-snippet":"max-snippet:-1","max-image-preview":"max-image-preview:large","max-video-preview":"max-video-preview:-1"},"canonical":"https:\/\/puhdasplus.ee\/ru\/\u043f\u0440\u043e\u0434\u0443\u043a\u0442\u044b\/%d0%ba%d0%be%d1%81%d0%bc%d0%b5%d1%82%d0%b8%d0%ba%d0%b0\/bakuchiol-kinkekomplekt\/","og_locale":"ru_RU","og_type":"article","og_title":"Bakuchiol Kinkekomplekt \u2013 Retinooli Alternatiiv | Puhdas+","og_description":"Luksuslik komplekt: Bakuchiol Elixir 15 ml + Cream 50 ml. Looduslik retinooli alternatiiv nahahooldusse. \u00d5rn, vegan ja ideaalne kingitus.","og_url":"https:\/\/puhdasplus.ee\/ru\/\u043f\u0440\u043e\u0434\u0443\u043a\u0442\u044b\/%d0%ba%d0%be%d1%81%d0%bc%d0%b5%d1%82%d0%b8%d0%ba%d0%b0\/bakuchiol-kinkekomplekt\/","og_site_name":"Puhdas+","article_publisher":"https:\/\/www.facebook.com\/puhdasplus","article_modified_time":"2026-05-13T16:24:27+00:00","og_image":[{"width":1862,"height":2560,"url":"https:\/\/puhdasplus.ee\/wp-content\/uploads\/2026\/04\/Bakuchiol-kinkekomplekt-Elixir-15-ml-Cream-50-ml-scaled.jpg","type":"image\/jpeg"}],"twitter_card":"summary_large_image","twitter_misc":{"\u041f\u0440\u0438\u043c\u0435\u0440\u043d\u043e\u0435 \u0432\u0440\u0435\u043c\u044f \u0434\u043b\u044f \u0447\u0442\u0435\u043d\u0438\u044f":"3 \u043c\u0438\u043d\u0443\u0442\u0430"},"schema":{"@context":"https:\/\/schema.org","@graph":[{"@type":"WebPage","@id":"https:\/\/puhdasplus.ee\/ru\/\u043f\u0440\u043e\u0434\u0443\u043a\u0442\u044b\/%d0%ba%d0%be%d1%81%d0%bc%d0%b5%d1%82%d0%b8%d0%ba%d0%b0\/bakuchiol-kinkekomplekt\/","url":"https:\/\/puhdasplus.ee\/ru\/\u043f\u0440\u043e\u0434\u0443\u043a\u0442\u044b\/%d0%ba%d0%be%d1%81%d0%bc%d0%b5%d1%82%d0%b8%d0%ba%d0%b0\/bakuchiol-kinkekomplekt\/","name":"Bakuchiol Kinkekomplekt \u2013 Retinooli Alternatiiv | Puhdas+","isPartOf":{"@id":"https:\/\/puhdasplus.ee\/ru\/#website"},"primaryImageOfPage":{"@id":"https:\/\/puhdasplus.ee\/ru\/\u043f\u0440\u043e\u0434\u0443\u043a\u0442\u044b\/%d0%ba%d0%be%d1%81%d0%bc%d0%b5%d1%82%d0%b8%d0%ba%d0%b0\/bakuchiol-kinkekomplekt\/#primaryimage"},"image":{"@id":"https:\/\/puhdasplus.ee\/ru\/\u043f\u0440\u043e\u0434\u0443\u043a\u0442\u044b\/%d0%ba%d0%be%d1%81%d0%bc%d0%b5%d1%82%d0%b8%d0%ba%d0%b0\/bakuchiol-kinkekomplekt\/#primaryimage"},"thumbnailUrl":"https:\/\/puhdasplus.ee\/wp-content\/uploads\/2026\/04\/Bakuchiol-kinkekomplekt-Elixir-15-ml-Cream-50-ml-scaled.jpg","datePublished":"2026-04-21T10:18:52+00:00","dateModified":"2026-05-13T16:24:27+00:00","description":"Luksuslik komplekt: Bakuchiol Elixir 15 ml + Cream 50 ml. Looduslik retinooli alternatiiv nahahooldusse. \u00d5rn, vegan ja ideaalne kingitus.","breadcrumb":{"@id":"https:\/\/puhdasplus.ee\/ru\/\u043f\u0440\u043e\u0434\u0443\u043a\u0442\u044b\/%d0%ba%d0%be%d1%81%d0%bc%d0%b5%d1%82%d0%b8%d0%ba%d0%b0\/bakuchiol-kinkekomplekt\/#breadcrumb"},"inLanguage":"ru-RU","potentialAction":[{"@type":"ReadAction","target":["https:\/\/puhdasplus.ee\/ru\/\u043f\u0440\u043e\u0434\u0443\u043a\u0442\u044b\/%d0%ba%d0%be%d1%81%d0%bc%d0%b5%d1%82%d0%b8%d0%ba%d0%b0\/bakuchiol-kinkekomplekt\/"]}]},{"@type":"ImageObject","inLanguage":"ru-RU","@id":"https:\/\/puhdasplus.ee\/ru\/\u043f\u0440\u043e\u0434\u0443\u043a\u0442\u044b\/%d0%ba%d0%be%d1%81%d0%bc%d0%b5%d1%82%d0%b8%d0%ba%d0%b0\/bakuchiol-kinkekomplekt\/#primaryimage","url":"https:\/\/puhdasplus.ee\/wp-content\/uploads\/2026\/04\/Bakuchiol-kinkekomplekt-Elixir-15-ml-Cream-50-ml-scaled.jpg","contentUrl":"https:\/\/puhdasplus.ee\/wp-content\/uploads\/2026\/04\/Bakuchiol-kinkekomplekt-Elixir-15-ml-Cream-50-ml-scaled.jpg","width":1862,"height":2560,"caption":"Bakuchiol kinkekomplekt (Elixir 15 ml + Cream 50 ml)"},{"@type":"BreadcrumbList","@id":"https:\/\/puhdasplus.ee\/ru\/\u043f\u0440\u043e\u0434\u0443\u043a\u0442\u044b\/%d0%ba%d0%be%d1%81%d0%bc%d0%b5%d1%82%d0%b8%d0%ba%d0%b0\/bakuchiol-kinkekomplekt\/#breadcrumb","itemListElement":[{"@type":"ListItem","position":1,"name":"\u0414\u043e\u043c","item":"https:\/\/puhdasplus.ee\/ru\/"},{"@type":"ListItem","position":2,"name":"\u041f\u0440\u043e\u0434\u0443\u043a\u0442\u044b","item":"https:\/\/puhdasplus.ee\/ru\/%d0%bc%d0%b0%d0%b3%d0%b0%d0%b7%d0%b8%d0%bd\/"},{"@type":"ListItem","position":3,"name":"Bakuchiol kinkekomplekt (eliksiir 15 ml + kreem 50 ml)"}]},{"@type":"WebSite","@id":"https:\/\/puhdasplus.ee\/ru\/#website","url":"https:\/\/puhdasplus.ee\/ru\/","name":"Puhdas+","description":"\u0412\u0438\u0442\u0430\u043c\u0438\u043d\u044b, \u043f\u0438\u0449\u0435\u0432\u044b\u0435 \u0434\u043e\u0431\u0430\u0432\u043a\u0438, \u043d\u0430\u0442\u0443\u0440\u0430\u043b\u044c\u043d\u0430\u044f \u043a\u043e\u0441\u043c\u0435\u0442\u0438\u043a\u0430, \u0437\u0434\u043e\u0440\u043e\u0432\u044c\u0435, \u0441\u043f\u043e\u0440\u0442","publisher":{"@id":"https:\/\/puhdasplus.ee\/ru\/#organization"},"potentialAction":[{"@type":"SearchAction","target":{"@type":"EntryPoint","urlTemplate":"https:\/\/puhdasplus.ee\/ru\/?s={search_term_string}"},"query-input":{"@type":"PropertyValueSpecification","valueRequired":true,"valueName":"search_term_string"}}],"inLanguage":"ru-RU"},{"@type":"Organization","@id":"https:\/\/puhdasplus.ee\/ru\/#organization","name":"Puhdas+","alternateName":"Puhdasplus","url":"https:\/\/puhdasplus.ee\/ru\/","logo":{"@type":"ImageObject","inLanguage":"ru-RU","@id":"https:\/\/puhdasplus.ee\/ru\/#\/schema\/logo\/image\/","url":"https:\/\/puhdasplus.ee\/wp-content\/uploads\/2019\/10\/puhdas_logo-arvele.png","contentUrl":"https:\/\/puhdasplus.ee\/wp-content\/uploads\/2019\/10\/puhdas_logo-arvele.png","width":114,"height":94,"caption":"Puhdas+"},"image":{"@id":"https:\/\/puhdasplus.ee\/ru\/#\/schema\/logo\/image\/"},"sameAs":["https:\/\/www.facebook.com\/puhdasplus","https:\/\/www.instagram.com\/puhdasplus_ee\/"]}]}},"_yoast_wpseo_title":"Bakuchiol Kinkekomplekt \u2013 Retinooli Alternatiiv | Puhdas+","_yoast_wpseo_metadesc":"Luksuslik komplekt: Bakuchiol Elixir 15 ml + Cream 50 ml. Looduslik retinooli alternatiiv nahahooldusse. \u00d5rn, vegan ja ideaalne kingitus.","_yoast_wpseo_focuskw":"bakuchiol kinkekomplekt","_links":{"self":[{"href":"https:\/\/puhdasplus.ee\/ru\/wp-json\/wp\/v2\/product\/361209","targetHints":{"allow":["GET"]}}],"collection":[{"href":"https:\/\/puhdasplus.ee\/ru\/wp-json\/wp\/v2\/product"}],"about":[{"href":"https:\/\/puhdasplus.ee\/ru\/wp-json\/wp\/v2\/types\/product"}],"replies":[{"embeddable":true,"href":"https:\/\/puhdasplus.ee\/ru\/wp-json\/wp\/v2\/comments?post=361209"}],"wp:featuredmedia":[{"embeddable":true,"href":"https:\/\/puhdasplus.ee\/ru\/wp-json\/wp\/v2\/media\/361438"}],"wp:attachment":[{"href":"https:\/\/puhdasplus.ee\/ru\/wp-json\/wp\/v2\/media?parent=361209"}],"wp:term":[{"taxonomy":"product_brand","embeddable":true,"href":"https:\/\/puhdasplus.ee\/ru\/wp-json\/wp\/v2\/product_brand?post=361209"},{"taxonomy":"product_cat","embeddable":true,"href":"https:\/\/puhdasplus.ee\/ru\/wp-json\/wp\/v2\/product_cat?post=361209"},{"taxonomy":"product_tag","embeddable":true,"href":"https:\/\/puhdasplus.ee\/ru\/wp-json\/wp\/v2\/product_tag?post=361209"}],"curies":[{"name":"wp","href":"https:\/\/api.w.org\/{rel}","templated":true}]}}