{"id":361184,"date":"2026-04-21T13:15:59","date_gmt":"2026-04-21T10:15:59","guid":{"rendered":"https:\/\/puhdasplus.ee\/?post_type=product&#038;p=361184"},"modified":"2026-05-13T19:51:42","modified_gmt":"2026-05-13T16:51:42","slug":"glutsiin-500-mg-120-kapslit","status":"publish","type":"product","link":"https:\/\/puhdasplus.ee\/ru\/\u043f\u0440\u043e\u0434\u0443\u043a\u0442\u044b\/%d0%b0%d0%bc%d0%b8%d0%bd%d0%be%d0%ba%d0%b8%d1%81%d0%bb%d0%be%d1%82%d1%8b\/glutsiin-500-mg-120-kapslit\/","title":{"rendered":"Gl\u00fctsiin 500 mg, 120 kapslit"},"content":{"rendered":"<p><strong data-start=\"151\" data-end=\"231\">Puhdas+ Gl\u00fctsiin 500 mg on puhas aminohappelisand igap\u00e4evaseks kasutamiseks.<\/strong> \u00dcks kapsel sisaldab 500 mg gl\u00fctsiini. Ei sisalda tarbetuid lisaaineid ning sobib ka veganitele.<\/p>\n<h2 data-section-id=\"fpqv9j\" data-start=\"334\" data-end=\"351\">Gl\u00fctsiin 500 mg<\/h2>\n<p data-start=\"353\" data-end=\"429\"><strong data-start=\"353\" data-end=\"429\">Puhdas+ Gl\u00fctsiin 500 mg on puhas ja mugavalt kasutatav aminohappelisand.<\/strong><\/p>\n<p data-start=\"431\" data-end=\"636\">Gl\u00fctsiin on organismis looduslikult esinev aminohape, mis osaleb mitmetes olulistes protsessides. Puhdas+ Gl\u00fctsiin sisaldab kvaliteetset gl\u00fctsiini mugavas kapslivormis ning sobib igap\u00e4evaseks kasutamiseks.<\/p>\n<p data-start=\"638\" data-end=\"748\">Toote valmistamisel ei ole kasutatud tarbetuid lisaaineid nagu s\u00e4ilitusained, v\u00e4rvained ega pinnat\u00f6\u00f6tlusained.<\/p>\n<p data-start=\"750\" data-end=\"796\">Kvaliteetne toidulisand on valmistatud Soomes.<\/p>\n<h2>Gl\u00fctsiini eelised<\/h2>\n<ul data-start=\"825\" data-end=\"1008\">\n<li data-section-id=\"jmyw1i\" data-start=\"825\" data-end=\"867\">sisaldab 500 mg gl\u00fctsiini kapsli kohta<\/li>\n<li data-section-id=\"j4l6h1\" data-start=\"868\" data-end=\"896\">lihtne ja mugav kasutada<\/li>\n<li data-section-id=\"1sk12fx\" data-start=\"897\" data-end=\"933\">sobib igap\u00e4evaseks tarvitamiseks<\/li>\n<li data-section-id=\"1155gpt\" data-start=\"934\" data-end=\"951\">puhas koostis<\/li>\n<li data-section-id=\"n6g3xs\" data-start=\"952\" data-end=\"987\">ei sisalda tarbetuid lisaaineid<\/li>\n<li data-section-id=\"4sfad3\" data-start=\"988\" data-end=\"1008\">sobib veganitele<\/li>\n<\/ul>\n<h2>Koostis<\/h2>\n<p>Gl\u00fctsiin, t\u00e4iteaine (riisit\u00e4rklis), kapsel (stabilisaator: h\u00fcdroks\u00fcprop\u00fc\u00fclmet\u00fc\u00fcltselluloos).<\/p>\n<h2>P\u00e4evane annus ja toitev\u00e4\u00e4rtus<\/h2>\n<table class=\"nutrition-table\" style=\"width: 100%; max-width: 600px; border-collapse: collapse; margin: 16px 0;\">\n<thead>\n<tr style=\"background: #f5f5f5;\">\n<th style=\"border: 1px solid #dcdcdc; padding: 10px; text-align: left;\">Toitaine<\/th>\n<th style=\"border: 1px solid #dcdcdc; padding: 10px; text-align: left;\">1\u20132 kapslis<\/th>\n<\/tr>\n<\/thead>\n<tbody>\n<tr>\n<td style=\"border: 1px solid #dcdcdc; padding: 10px;\">Gl\u00fctsiin<\/td>\n<td style=\"border: 1px solid #dcdcdc; padding: 10px;\">500\u20131000 mg<\/td>\n<\/tr>\n<\/tbody>\n<\/table>\n<h2>Kasutusjuhend<\/h2>\n<p>V\u00f5ta <strong data-start=\"1238\" data-end=\"1260\">1\u20132 kapslit p\u00e4evas<\/strong>. Gl\u00fctsiini v\u00f5ib tarvitada igal ajal p\u00e4eva jooksul. \u00d5htusel kasutamisel soovitatakse v\u00f5tta kapslid umbes <strong data-start=\"1366\" data-end=\"1402\">30\u201360 minutit enne magamaminekut<\/strong>.<\/p>\n<h2>Hoiatused<\/h2>\n<p data-start=\"1424\" data-end=\"1512\">Toidulisand ei asenda mitmekesist ja tasakaalustatud toitumist ega tervislikku eluviisi.<\/p>\n<ul data-start=\"1514\" data-end=\"1676\">\n<li data-section-id=\"1vurgz5\" data-start=\"1514\" data-end=\"1553\">\u00e4ra \u00fcleta soovitatud p\u00e4evast annust<\/li>\n<li data-section-id=\"1iw89zw\" data-start=\"1554\" data-end=\"1591\">hoida lastele k\u00e4ttesaamatus kohas<\/li>\n<li data-section-id=\"1f7mvzp\" data-start=\"1592\" data-end=\"1629\">s\u00e4ilitada kuivas ja jahedas kohas<\/li>\n<li data-section-id=\"1kfhptk\" data-start=\"1630\" data-end=\"1676\">hoida otsese p\u00e4ikesevalguse eest kaitstult<\/li>\n<\/ul>\n<h2 data-section-id=\"9q2dil\" data-start=\"1683\" data-end=\"1712\">Korduma kippuvad k\u00fcsimused<\/h2>\n<p data-section-id=\"1nthdeo\" data-start=\"1714\" data-end=\"1754\"><strong>Millal on parim aeg gl\u00fctsiini v\u00f5tta?<\/strong><\/p>\n<p data-start=\"1756\" data-end=\"1879\">Gl\u00fctsiini v\u00f5ib v\u00f5tta igal ajal p\u00e4eva jooksul. Paljud eelistavad seda kasutada \u00f5htul umbes 30\u201360 minutit enne magamaminekut.<\/p>\n<p data-section-id=\"1kmv3fu\" data-start=\"1881\" data-end=\"1912\"><strong>Kas toode sobib veganitele?<\/strong><\/p>\n<p data-start=\"1914\" data-end=\"1962\">Jah, kapsli kest ei sisalda loomseid koostisosi.<\/p>\n<p data-section-id=\"1mnwncu\" data-start=\"1964\" data-end=\"2005\"><strong>Kui suur on soovitatav p\u00e4evane annus?<\/strong><\/p>\n<p data-start=\"2007\" data-end=\"2080\">Soovitatav p\u00e4evane annus on 1\u20132 kapslit, mis annab 500\u20131000 mg gl\u00fctsiini.<\/p>\n<p data-start=\"2007\" data-end=\"2080\">\n<h2>Tootja ja p\u00e4ritolu<\/h2>\n<p>Valmistatud Soomes kaubam\u00e4rgi Puhdas+ all. Turustaja Eestis: NordenBio O\u00dc.<\/p>\n<p>&nbsp;<\/p>\n<p><strong>Vaata ka:<\/strong> <a href=\"https:\/\/puhdasplus.ee\/kategooria\/aminohapped\/\">Aminohapped<\/a> | <a href=\"https:\/\/puhdasplus.ee\/kategooria\/stress-uni\/\">Stress ja Uni<\/a> | <a href=\"https:\/\/puhdasplus.ee\/kategooria\/vitamiinid\/\">Vitamiinid<\/a><\/p>\n","protected":false},"excerpt":{"rendered":"<p><strong data-start=\"0\" data-end=\"80\" data-is-only-node=\"\">Puhdas+ Gl\u00fctsiin 500 mg on puhas aminohappelisand igap\u00e4evaseks kasutamiseks.<\/strong> \u00dcks kapsel sisaldab 500 mg gl\u00fctsiini ning toode ei sisalda tarbetuid lisaaineid. Sobib ka veganitele.<\/p>\n<table>\n<tbody>\n<tr>\n<td style=\"text-align: center;\"><img decoding=\"async\" class=\"alignnone wp-image-360123\" src=\"https:\/\/puhdasplus.ee\/wp-content\/uploads\/2019\/10\/suhkruvaba-2-150x150.png\" alt=\"suhkruvaba\" width=\"80\" height=\"80\" \/><br \/>\n<strong>Suhkruvaba<\/strong><\/td>\n<td style=\"text-align: center;\"><img decoding=\"async\" class=\"alignnone wp-image-360122\" src=\"https:\/\/puhdasplus.ee\/wp-content\/uploads\/2019\/10\/vegan-150x150.png\" alt=\"vegan\" width=\"80\" height=\"80\" \/><br \/>\n<strong>100% Vegan<\/strong><\/td>\n<td style=\"text-align: center;\"><img decoding=\"async\" class=\"alignnone wp-image-360121\" src=\"https:\/\/puhdasplus.ee\/wp-content\/uploads\/2019\/10\/varvainetevaba-150x150.avif\" alt=\"v\u00e4rvainete vaba\" width=\"80\" height=\"80\" \/><br \/>\n<strong>V\u00e4rvainete vaba<\/strong><\/td>\n<\/tr>\n<\/tbody>\n<\/table>\n","protected":false},"featured_media":361183,"comment_status":"open","ping_status":"closed","template":"","meta":{"_acf_changed":false,"googlesitekit_rrm_CAow3eq7DA:productID":""},"product_brand":[],"product_cat":[436,456],"product_tag":[8163,8731,9262,8428,8430,9276,524],"class_list":{"0":"post-361184","1":"product","2":"type-product","3":"status-publish","4":"has-post-thumbnail","6":"product_cat-aminohapped","7":"product_cat-stress-uni","8":"product_tag-aminohapped","9":"product_tag-glutsiin-silt","10":"product_tag-loogastus","11":"product_tag-narvisusteem","12":"product_tag-stress","13":"product_tag-uni","14":"product_tag-vegan","16":"first","17":"onbackorder","18":"taxable","19":"shipping-taxable","20":"purchasable","21":"product-type-simple"},"acf":[],"yoast_head":"<!-- This site is optimized with the Yoast SEO plugin v27.6 - https:\/\/yoast.com\/product\/yoast-seo-wordpress\/ -->\n<title>Gl\u00fctsiin 500 mg 120 kapslit \u2013 aminohape uneks | Puhdas+<\/title>\n<meta name=\"description\" content=\"Puhdas+ Gl\u00fctsiin 500 mg \u2013 puhas aminohape \u00f5htuseks l\u00f5\u00f5gastumiseks ja rahulikuks uneks. 120 vegan kapslit. Telli Puhdas+ Eestist.\" \/>\n<meta name=\"robots\" content=\"index, follow, max-snippet:-1, max-image-preview:large, max-video-preview:-1\" \/>\n<link rel=\"canonical\" href=\"https:\/\/puhdasplus.ee\/ru\/\u043f\u0440\u043e\u0434\u0443\u043a\u0442\u044b\/%d0%b0%d0%bc%d0%b8%d0%bd%d0%be%d0%ba%d0%b8%d1%81%d0%bb%d0%be%d1%82%d1%8b\/glutsiin-500-mg-120-kapslit\/\" \/>\n<meta property=\"og:locale\" content=\"ru_RU\" \/>\n<meta property=\"og:type\" content=\"article\" \/>\n<meta property=\"og:title\" content=\"Gl\u00fctsiin 500 mg 120 kapslit \u2013 aminohape uneks | Puhdas+\" \/>\n<meta property=\"og:description\" content=\"Puhdas+ Gl\u00fctsiin 500 mg \u2013 puhas aminohape \u00f5htuseks l\u00f5\u00f5gastumiseks ja rahulikuks uneks. 120 vegan kapslit. Telli Puhdas+ Eestist.\" \/>\n<meta property=\"og:url\" content=\"https:\/\/puhdasplus.ee\/ru\/\u043f\u0440\u043e\u0434\u0443\u043a\u0442\u044b\/%d0%b0%d0%bc%d0%b8%d0%bd%d0%be%d0%ba%d0%b8%d1%81%d0%bb%d0%be%d1%82%d1%8b\/glutsiin-500-mg-120-kapslit\/\" \/>\n<meta property=\"og:site_name\" content=\"Puhdas+\" \/>\n<meta property=\"article:publisher\" content=\"https:\/\/www.facebook.com\/puhdasplus\" \/>\n<meta property=\"article:modified_time\" content=\"2026-05-13T16:51:42+00:00\" \/>\n<meta property=\"og:image\" content=\"https:\/\/puhdasplus.ee\/wp-content\/uploads\/2026\/04\/puhdas_Glysine120kaps-scaled.jpg\" \/>\n\t<meta property=\"og:image:width\" content=\"1862\" \/>\n\t<meta property=\"og:image:height\" content=\"2560\" \/>\n\t<meta property=\"og:image:type\" content=\"image\/jpeg\" \/>\n<meta name=\"twitter:card\" content=\"summary_large_image\" \/>\n<meta name=\"twitter:label1\" content=\"\u041f\u0440\u0438\u043c\u0435\u0440\u043d\u043e\u0435 \u0432\u0440\u0435\u043c\u044f \u0434\u043b\u044f \u0447\u0442\u0435\u043d\u0438\u044f\" \/>\n\t<meta name=\"twitter:data1\" content=\"2 \u043c\u0438\u043d\u0443\u0442\u0430\" \/>\n<script type=\"application\/ld+json\" class=\"yoast-schema-graph\">{\"@context\":\"https:\\\/\\\/schema.org\",\"@graph\":[{\"@type\":\"WebPage\",\"@id\":\"https:\\\/\\\/puhdasplus.ee\\\/ru\\\/\u043f\u0440\u043e\u0434\u0443\u043a\u0442\u044b\\\/%d0%b0%d0%bc%d0%b8%d0%bd%d0%be%d0%ba%d0%b8%d1%81%d0%bb%d0%be%d1%82%d1%8b\\\/glutsiin-500-mg-120-kapslit\\\/\",\"url\":\"https:\\\/\\\/puhdasplus.ee\\\/ru\\\/\u043f\u0440\u043e\u0434\u0443\u043a\u0442\u044b\\\/%d0%b0%d0%bc%d0%b8%d0%bd%d0%be%d0%ba%d0%b8%d1%81%d0%bb%d0%be%d1%82%d1%8b\\\/glutsiin-500-mg-120-kapslit\\\/\",\"name\":\"Gl\u00fctsiin 500 mg 120 kapslit \u2013 aminohape uneks | Puhdas+\",\"isPartOf\":{\"@id\":\"https:\\\/\\\/puhdasplus.ee\\\/ru\\\/#website\"},\"primaryImageOfPage\":{\"@id\":\"https:\\\/\\\/puhdasplus.ee\\\/ru\\\/\u043f\u0440\u043e\u0434\u0443\u043a\u0442\u044b\\\/%d0%b0%d0%bc%d0%b8%d0%bd%d0%be%d0%ba%d0%b8%d1%81%d0%bb%d0%be%d1%82%d1%8b\\\/glutsiin-500-mg-120-kapslit\\\/#primaryimage\"},\"image\":{\"@id\":\"https:\\\/\\\/puhdasplus.ee\\\/ru\\\/\u043f\u0440\u043e\u0434\u0443\u043a\u0442\u044b\\\/%d0%b0%d0%bc%d0%b8%d0%bd%d0%be%d0%ba%d0%b8%d1%81%d0%bb%d0%be%d1%82%d1%8b\\\/glutsiin-500-mg-120-kapslit\\\/#primaryimage\"},\"thumbnailUrl\":\"https:\\\/\\\/puhdasplus.ee\\\/wp-content\\\/uploads\\\/2026\\\/04\\\/puhdas_Glysine120kaps-scaled.jpg\",\"datePublished\":\"2026-04-21T10:15:59+00:00\",\"dateModified\":\"2026-05-13T16:51:42+00:00\",\"description\":\"Puhdas+ Gl\u00fctsiin 500 mg \u2013 puhas aminohape \u00f5htuseks l\u00f5\u00f5gastumiseks ja rahulikuks uneks. 120 vegan kapslit. Telli Puhdas+ Eestist.\",\"breadcrumb\":{\"@id\":\"https:\\\/\\\/puhdasplus.ee\\\/ru\\\/\u043f\u0440\u043e\u0434\u0443\u043a\u0442\u044b\\\/%d0%b0%d0%bc%d0%b8%d0%bd%d0%be%d0%ba%d0%b8%d1%81%d0%bb%d0%be%d1%82%d1%8b\\\/glutsiin-500-mg-120-kapslit\\\/#breadcrumb\"},\"inLanguage\":\"ru-RU\",\"potentialAction\":[{\"@type\":\"ReadAction\",\"target\":[\"https:\\\/\\\/puhdasplus.ee\\\/ru\\\/\u043f\u0440\u043e\u0434\u0443\u043a\u0442\u044b\\\/%d0%b0%d0%bc%d0%b8%d0%bd%d0%be%d0%ba%d0%b8%d1%81%d0%bb%d0%be%d1%82%d1%8b\\\/glutsiin-500-mg-120-kapslit\\\/\"]}]},{\"@type\":\"ImageObject\",\"inLanguage\":\"ru-RU\",\"@id\":\"https:\\\/\\\/puhdasplus.ee\\\/ru\\\/\u043f\u0440\u043e\u0434\u0443\u043a\u0442\u044b\\\/%d0%b0%d0%bc%d0%b8%d0%bd%d0%be%d0%ba%d0%b8%d1%81%d0%bb%d0%be%d1%82%d1%8b\\\/glutsiin-500-mg-120-kapslit\\\/#primaryimage\",\"url\":\"https:\\\/\\\/puhdasplus.ee\\\/wp-content\\\/uploads\\\/2026\\\/04\\\/puhdas_Glysine120kaps-scaled.jpg\",\"contentUrl\":\"https:\\\/\\\/puhdasplus.ee\\\/wp-content\\\/uploads\\\/2026\\\/04\\\/puhdas_Glysine120kaps-scaled.jpg\",\"width\":1862,\"height\":2560,\"caption\":\"Puhdas+ Gl\u00fctsiin 500 mg toidulisand 120 vegan kapslit \u2013 aminohape\"},{\"@type\":\"BreadcrumbList\",\"@id\":\"https:\\\/\\\/puhdasplus.ee\\\/ru\\\/\u043f\u0440\u043e\u0434\u0443\u043a\u0442\u044b\\\/%d0%b0%d0%bc%d0%b8%d0%bd%d0%be%d0%ba%d0%b8%d1%81%d0%bb%d0%be%d1%82%d1%8b\\\/glutsiin-500-mg-120-kapslit\\\/#breadcrumb\",\"itemListElement\":[{\"@type\":\"ListItem\",\"position\":1,\"name\":\"\u0414\u043e\u043c\",\"item\":\"https:\\\/\\\/puhdasplus.ee\\\/ru\\\/\"},{\"@type\":\"ListItem\",\"position\":2,\"name\":\"\u041f\u0440\u043e\u0434\u0443\u043a\u0442\u044b\",\"item\":\"https:\\\/\\\/puhdasplus.ee\\\/ru\\\/%d0%bc%d0%b0%d0%b3%d0%b0%d0%b7%d0%b8%d0%bd\\\/\"},{\"@type\":\"ListItem\",\"position\":3,\"name\":\"Gl\u00fctsiin 500 mg, 120 kapslit\"}]},{\"@type\":\"WebSite\",\"@id\":\"https:\\\/\\\/puhdasplus.ee\\\/ru\\\/#website\",\"url\":\"https:\\\/\\\/puhdasplus.ee\\\/ru\\\/\",\"name\":\"Puhdas+\",\"description\":\"\u0412\u0438\u0442\u0430\u043c\u0438\u043d\u044b, \u043f\u0438\u0449\u0435\u0432\u044b\u0435 \u0434\u043e\u0431\u0430\u0432\u043a\u0438, \u043d\u0430\u0442\u0443\u0440\u0430\u043b\u044c\u043d\u0430\u044f \u043a\u043e\u0441\u043c\u0435\u0442\u0438\u043a\u0430, \u0437\u0434\u043e\u0440\u043e\u0432\u044c\u0435, \u0441\u043f\u043e\u0440\u0442\",\"publisher\":{\"@id\":\"https:\\\/\\\/puhdasplus.ee\\\/ru\\\/#organization\"},\"potentialAction\":[{\"@type\":\"SearchAction\",\"target\":{\"@type\":\"EntryPoint\",\"urlTemplate\":\"https:\\\/\\\/puhdasplus.ee\\\/ru\\\/?s={search_term_string}\"},\"query-input\":{\"@type\":\"PropertyValueSpecification\",\"valueRequired\":true,\"valueName\":\"search_term_string\"}}],\"inLanguage\":\"ru-RU\"},{\"@type\":\"Organization\",\"@id\":\"https:\\\/\\\/puhdasplus.ee\\\/ru\\\/#organization\",\"name\":\"Puhdas+\",\"alternateName\":\"Puhdasplus\",\"url\":\"https:\\\/\\\/puhdasplus.ee\\\/ru\\\/\",\"logo\":{\"@type\":\"ImageObject\",\"inLanguage\":\"ru-RU\",\"@id\":\"https:\\\/\\\/puhdasplus.ee\\\/ru\\\/#\\\/schema\\\/logo\\\/image\\\/\",\"url\":\"https:\\\/\\\/puhdasplus.ee\\\/wp-content\\\/uploads\\\/2019\\\/10\\\/puhdas_logo-arvele.png\",\"contentUrl\":\"https:\\\/\\\/puhdasplus.ee\\\/wp-content\\\/uploads\\\/2019\\\/10\\\/puhdas_logo-arvele.png\",\"width\":114,\"height\":94,\"caption\":\"Puhdas+\"},\"image\":{\"@id\":\"https:\\\/\\\/puhdasplus.ee\\\/ru\\\/#\\\/schema\\\/logo\\\/image\\\/\"},\"sameAs\":[\"https:\\\/\\\/www.facebook.com\\\/puhdasplus\",\"https:\\\/\\\/www.instagram.com\\\/puhdasplus_ee\\\/\"]}]}<\/script>\n<!-- \/ Yoast SEO plugin. -->","yoast_head_json":{"title":"Gl\u00fctsiin 500 mg 120 kapslit \u2013 aminohape uneks | Puhdas+","description":"Puhdas+ Gl\u00fctsiin 500 mg \u2013 puhas aminohape \u00f5htuseks l\u00f5\u00f5gastumiseks ja rahulikuks uneks. 120 vegan kapslit. Telli Puhdas+ Eestist.","robots":{"index":"index","follow":"follow","max-snippet":"max-snippet:-1","max-image-preview":"max-image-preview:large","max-video-preview":"max-video-preview:-1"},"canonical":"https:\/\/puhdasplus.ee\/ru\/\u043f\u0440\u043e\u0434\u0443\u043a\u0442\u044b\/%d0%b0%d0%bc%d0%b8%d0%bd%d0%be%d0%ba%d0%b8%d1%81%d0%bb%d0%be%d1%82%d1%8b\/glutsiin-500-mg-120-kapslit\/","og_locale":"ru_RU","og_type":"article","og_title":"Gl\u00fctsiin 500 mg 120 kapslit \u2013 aminohape uneks | Puhdas+","og_description":"Puhdas+ Gl\u00fctsiin 500 mg \u2013 puhas aminohape \u00f5htuseks l\u00f5\u00f5gastumiseks ja rahulikuks uneks. 120 vegan kapslit. Telli Puhdas+ Eestist.","og_url":"https:\/\/puhdasplus.ee\/ru\/\u043f\u0440\u043e\u0434\u0443\u043a\u0442\u044b\/%d0%b0%d0%bc%d0%b8%d0%bd%d0%be%d0%ba%d0%b8%d1%81%d0%bb%d0%be%d1%82%d1%8b\/glutsiin-500-mg-120-kapslit\/","og_site_name":"Puhdas+","article_publisher":"https:\/\/www.facebook.com\/puhdasplus","article_modified_time":"2026-05-13T16:51:42+00:00","og_image":[{"width":1862,"height":2560,"url":"https:\/\/puhdasplus.ee\/wp-content\/uploads\/2026\/04\/puhdas_Glysine120kaps-scaled.jpg","type":"image\/jpeg"}],"twitter_card":"summary_large_image","twitter_misc":{"\u041f\u0440\u0438\u043c\u0435\u0440\u043d\u043e\u0435 \u0432\u0440\u0435\u043c\u044f \u0434\u043b\u044f \u0447\u0442\u0435\u043d\u0438\u044f":"2 \u043c\u0438\u043d\u0443\u0442\u0430"},"schema":{"@context":"https:\/\/schema.org","@graph":[{"@type":"WebPage","@id":"https:\/\/puhdasplus.ee\/ru\/\u043f\u0440\u043e\u0434\u0443\u043a\u0442\u044b\/%d0%b0%d0%bc%d0%b8%d0%bd%d0%be%d0%ba%d0%b8%d1%81%d0%bb%d0%be%d1%82%d1%8b\/glutsiin-500-mg-120-kapslit\/","url":"https:\/\/puhdasplus.ee\/ru\/\u043f\u0440\u043e\u0434\u0443\u043a\u0442\u044b\/%d0%b0%d0%bc%d0%b8%d0%bd%d0%be%d0%ba%d0%b8%d1%81%d0%bb%d0%be%d1%82%d1%8b\/glutsiin-500-mg-120-kapslit\/","name":"Gl\u00fctsiin 500 mg 120 kapslit \u2013 aminohape uneks | Puhdas+","isPartOf":{"@id":"https:\/\/puhdasplus.ee\/ru\/#website"},"primaryImageOfPage":{"@id":"https:\/\/puhdasplus.ee\/ru\/\u043f\u0440\u043e\u0434\u0443\u043a\u0442\u044b\/%d0%b0%d0%bc%d0%b8%d0%bd%d0%be%d0%ba%d0%b8%d1%81%d0%bb%d0%be%d1%82%d1%8b\/glutsiin-500-mg-120-kapslit\/#primaryimage"},"image":{"@id":"https:\/\/puhdasplus.ee\/ru\/\u043f\u0440\u043e\u0434\u0443\u043a\u0442\u044b\/%d0%b0%d0%bc%d0%b8%d0%bd%d0%be%d0%ba%d0%b8%d1%81%d0%bb%d0%be%d1%82%d1%8b\/glutsiin-500-mg-120-kapslit\/#primaryimage"},"thumbnailUrl":"https:\/\/puhdasplus.ee\/wp-content\/uploads\/2026\/04\/puhdas_Glysine120kaps-scaled.jpg","datePublished":"2026-04-21T10:15:59+00:00","dateModified":"2026-05-13T16:51:42+00:00","description":"Puhdas+ Gl\u00fctsiin 500 mg \u2013 puhas aminohape \u00f5htuseks l\u00f5\u00f5gastumiseks ja rahulikuks uneks. 120 vegan kapslit. Telli Puhdas+ Eestist.","breadcrumb":{"@id":"https:\/\/puhdasplus.ee\/ru\/\u043f\u0440\u043e\u0434\u0443\u043a\u0442\u044b\/%d0%b0%d0%bc%d0%b8%d0%bd%d0%be%d0%ba%d0%b8%d1%81%d0%bb%d0%be%d1%82%d1%8b\/glutsiin-500-mg-120-kapslit\/#breadcrumb"},"inLanguage":"ru-RU","potentialAction":[{"@type":"ReadAction","target":["https:\/\/puhdasplus.ee\/ru\/\u043f\u0440\u043e\u0434\u0443\u043a\u0442\u044b\/%d0%b0%d0%bc%d0%b8%d0%bd%d0%be%d0%ba%d0%b8%d1%81%d0%bb%d0%be%d1%82%d1%8b\/glutsiin-500-mg-120-kapslit\/"]}]},{"@type":"ImageObject","inLanguage":"ru-RU","@id":"https:\/\/puhdasplus.ee\/ru\/\u043f\u0440\u043e\u0434\u0443\u043a\u0442\u044b\/%d0%b0%d0%bc%d0%b8%d0%bd%d0%be%d0%ba%d0%b8%d1%81%d0%bb%d0%be%d1%82%d1%8b\/glutsiin-500-mg-120-kapslit\/#primaryimage","url":"https:\/\/puhdasplus.ee\/wp-content\/uploads\/2026\/04\/puhdas_Glysine120kaps-scaled.jpg","contentUrl":"https:\/\/puhdasplus.ee\/wp-content\/uploads\/2026\/04\/puhdas_Glysine120kaps-scaled.jpg","width":1862,"height":2560,"caption":"Puhdas+ Gl\u00fctsiin 500 mg toidulisand 120 vegan kapslit \u2013 aminohape"},{"@type":"BreadcrumbList","@id":"https:\/\/puhdasplus.ee\/ru\/\u043f\u0440\u043e\u0434\u0443\u043a\u0442\u044b\/%d0%b0%d0%bc%d0%b8%d0%bd%d0%be%d0%ba%d0%b8%d1%81%d0%bb%d0%be%d1%82%d1%8b\/glutsiin-500-mg-120-kapslit\/#breadcrumb","itemListElement":[{"@type":"ListItem","position":1,"name":"\u0414\u043e\u043c","item":"https:\/\/puhdasplus.ee\/ru\/"},{"@type":"ListItem","position":2,"name":"\u041f\u0440\u043e\u0434\u0443\u043a\u0442\u044b","item":"https:\/\/puhdasplus.ee\/ru\/%d0%bc%d0%b0%d0%b3%d0%b0%d0%b7%d0%b8%d0%bd\/"},{"@type":"ListItem","position":3,"name":"Gl\u00fctsiin 500 mg, 120 kapslit"}]},{"@type":"WebSite","@id":"https:\/\/puhdasplus.ee\/ru\/#website","url":"https:\/\/puhdasplus.ee\/ru\/","name":"Puhdas+","description":"\u0412\u0438\u0442\u0430\u043c\u0438\u043d\u044b, \u043f\u0438\u0449\u0435\u0432\u044b\u0435 \u0434\u043e\u0431\u0430\u0432\u043a\u0438, \u043d\u0430\u0442\u0443\u0440\u0430\u043b\u044c\u043d\u0430\u044f \u043a\u043e\u0441\u043c\u0435\u0442\u0438\u043a\u0430, \u0437\u0434\u043e\u0440\u043e\u0432\u044c\u0435, \u0441\u043f\u043e\u0440\u0442","publisher":{"@id":"https:\/\/puhdasplus.ee\/ru\/#organization"},"potentialAction":[{"@type":"SearchAction","target":{"@type":"EntryPoint","urlTemplate":"https:\/\/puhdasplus.ee\/ru\/?s={search_term_string}"},"query-input":{"@type":"PropertyValueSpecification","valueRequired":true,"valueName":"search_term_string"}}],"inLanguage":"ru-RU"},{"@type":"Organization","@id":"https:\/\/puhdasplus.ee\/ru\/#organization","name":"Puhdas+","alternateName":"Puhdasplus","url":"https:\/\/puhdasplus.ee\/ru\/","logo":{"@type":"ImageObject","inLanguage":"ru-RU","@id":"https:\/\/puhdasplus.ee\/ru\/#\/schema\/logo\/image\/","url":"https:\/\/puhdasplus.ee\/wp-content\/uploads\/2019\/10\/puhdas_logo-arvele.png","contentUrl":"https:\/\/puhdasplus.ee\/wp-content\/uploads\/2019\/10\/puhdas_logo-arvele.png","width":114,"height":94,"caption":"Puhdas+"},"image":{"@id":"https:\/\/puhdasplus.ee\/ru\/#\/schema\/logo\/image\/"},"sameAs":["https:\/\/www.facebook.com\/puhdasplus","https:\/\/www.instagram.com\/puhdasplus_ee\/"]}]}},"_yoast_wpseo_title":"Gl\u00fctsiin 500 mg 120 kapslit \u2013 aminohape uneks | Puhdas+","_yoast_wpseo_metadesc":"Puhdas+ Gl\u00fctsiin 500 mg \u2013 puhas aminohape \u00f5htuseks l\u00f5\u00f5gastumiseks ja rahulikuks uneks. 120 vegan kapslit. Telli Puhdas+ Eestist.","_yoast_wpseo_focuskw":"gl\u00fctsiin","_links":{"self":[{"href":"https:\/\/puhdasplus.ee\/ru\/wp-json\/wp\/v2\/product\/361184","targetHints":{"allow":["GET"]}}],"collection":[{"href":"https:\/\/puhdasplus.ee\/ru\/wp-json\/wp\/v2\/product"}],"about":[{"href":"https:\/\/puhdasplus.ee\/ru\/wp-json\/wp\/v2\/types\/product"}],"replies":[{"embeddable":true,"href":"https:\/\/puhdasplus.ee\/ru\/wp-json\/wp\/v2\/comments?post=361184"}],"wp:featuredmedia":[{"embeddable":true,"href":"https:\/\/puhdasplus.ee\/ru\/wp-json\/wp\/v2\/media\/361183"}],"wp:attachment":[{"href":"https:\/\/puhdasplus.ee\/ru\/wp-json\/wp\/v2\/media?parent=361184"}],"wp:term":[{"taxonomy":"product_brand","embeddable":true,"href":"https:\/\/puhdasplus.ee\/ru\/wp-json\/wp\/v2\/product_brand?post=361184"},{"taxonomy":"product_cat","embeddable":true,"href":"https:\/\/puhdasplus.ee\/ru\/wp-json\/wp\/v2\/product_cat?post=361184"},{"taxonomy":"product_tag","embeddable":true,"href":"https:\/\/puhdasplus.ee\/ru\/wp-json\/wp\/v2\/product_tag?post=361184"}],"curies":[{"name":"wp","href":"https:\/\/api.w.org\/{rel}","templated":true}]}}