{"id":361179,"date":"2026-04-21T13:15:45","date_gmt":"2026-04-21T10:15:45","guid":{"rendered":"https:\/\/puhdasplus.ee\/?post_type=product&#038;p=361179"},"modified":"2026-05-13T19:56:58","modified_gmt":"2026-05-13T16:56:58","slug":"super-d3-vitamiin-125-ug","status":"publish","type":"product","link":"https:\/\/puhdasplus.ee\/ru\/\u043f\u0440\u043e\u0434\u0443\u043a\u0442\u044b\/%d0%b2%d0%b8%d1%82%d0%b0%d0%bc%d0%b8%d0%bd%d1%8b\/%d0%b2%d0%b8%d1%82%d0%b0%d0%bc%d0%b8%d0%bd-d\/super-d3-vitamiin-125-ug\/","title":{"rendered":"Super D3-vitamiin 125 \u00b5g"},"content":{"rendered":"<h2>Mis on Super D3-vitamiin 125 \u00b5g?<\/h2>\n<p><strong>Puhdas+ Super D3-vitamiin 125 \u00b5g<\/strong> on k\u00f5rge kvaliteediga toidulisand \u2013 kolekaltsiferool puhtas oliivi\u00f5lis. V\u00e4ike ja kergesti neelatav kapsel tagab D3-vitamiini suurep\u00e4rase imendumise.<\/p>\n<h2>Miks on Super D3-vitamiin kasulik?<\/h2>\n<p>D-vitamiin on rasvlahustuv vitamiin, mille peamine looduslik allikas on UVB-kiirgus p\u00e4ikeseloigust. P\u00f5hja-Euroopa laiuskraadidel on p\u00e4ikesekiirgus oktoobrist m\u00e4rtsini liiga n\u00f5rk, et toota vajalikku kogust D-vitamiini. Puhdas+ Super D3-vitamiin aitab s\u00e4ilitada optimaalset D-vitamiini taset aastaringselt.<\/p>\n<ul>\n<li>Toetab immuuns\u00fcsteemi normaalset talitlust*<\/li>\n<li>Aitab s\u00e4ilitada normaalset luude ja hammaste seisundit*<\/li>\n<li>Toetab lihaste normaalset funktsiooni*<\/li>\n<li>Aitab kaasa kaltsiumi ja fosfori normaalsele omastamisele\/kasutamisele*<\/li>\n<\/ul>\n<h2>Kellele sobib Super D3-vitamiin?<\/h2>\n<p>Toode sobib t\u00e4iskasvanutele, kes soovivad:<\/p>\n<ul>\n<li>T\u00e4iendada D-vitamiini varusid pimedal poolaastal<\/li>\n<li>Toetada immuuns\u00fcsteemi talvel<\/li>\n<li>Saada D-vitamiini mugavalt \u00fche v\u00e4ikese kapsliga<\/li>\n<\/ul>\n<p>Valida saab 3 pakendisuuruse vahel: <strong>60, 120 v\u00f5i 240 kapslit<\/strong>.<\/p>\n<h2>Koostisosad<\/h2>\n<ul>\n<li>Kapsel (\u017eelatiin, gl\u00fctserool, puhastatud vesi)<\/li>\n<li>Oliivi\u00f5li<\/li>\n<li>Kolekaltsiferooli valmistis (D3-vitamiin)<\/li>\n<\/ul>\n<p>Ei sisalda lisaaineid: ilma s\u00e4ilitus-, v\u00e4rv- v\u00f5i maitseaineteta.<\/p>\n<h2>Toitev\u00e4\u00e4rtus<\/h2>\n<table>\n<thead>\n<tr>\n<th>Toitaine<\/th>\n<th>1 kapsel<\/th>\n<th>% p\u00e4evasest v\u00f5rdluskogusest<\/th>\n<\/tr>\n<\/thead>\n<tbody>\n<tr>\n<td>D3-vitamiin (kolekaltsiferool)<\/td>\n<td>125 \u00b5g (5000 IU)<\/td>\n<td>2500%<\/td>\n<\/tr>\n<\/tbody>\n<\/table>\n<h2>Kasutamisjuhend<\/h2>\n<p><strong>Soovitatav p\u00e4evane annus:<\/strong> 1 kapsel p\u00e4evas s\u00f6\u00f6gi k\u00f5rvale.<\/p>\n<p>D-vitamiin imendub paremini koos rasvasisaldusega toiduga.<\/p>\n<h2>Hoiatused ja s\u00e4ilitamine<\/h2>\n<ul>\n<li>Toidulisand ei asenda mitmekesist ja tasakaalustatud toitumist ega tervislikku eluviisi.<\/li>\n<li>\u00c4ra \u00fcleta soovitatud p\u00e4evast annust.<\/li>\n<li>Toode sisaldab k\u00f5rge annusega D3-vitamiini \u2013 konsulteeri enne kasutamist arstiga, kui v\u00f5tad juba muid D-vitamiini preparaate.<\/li>\n<li>Hoida lastele k\u00e4ttesaamatus kohas.<\/li>\n<li>S\u00e4ilitada kuivas, jahedas ja valguse eest kaitstud kohas.<\/li>\n<\/ul>\n<h2>Tootja ja p\u00e4ritolu<\/h2>\n<p>Valmistatud Soomes kaubam\u00e4rgi Puhdas+ all. Turustaja Eestis: NordenBio O\u00dc.<\/p>\n<h2>Korduma kippuvad k\u00fcsimused<\/h2>\n<p><strong>Mitu kapslit p\u00e4evas v\u00f5tta?<\/strong><br \/>\nSoovitatav on 1 kapsel p\u00e4evas. See tagab 125 \u00b5g (5000 IU) D3-vitamiini, mis on k\u00f5rge tugiannus talvel.<\/p>\n<p><strong>Miks D3-vitamiin oliivi\u00f5lis?<\/strong><br \/>\nD-vitamiin on rasvlahustuv, seega imendub see parimini koos rasvaga. Oliivi\u00f5li tagab kapsli stabiilsuse ja hea bioloogilise omastatavuse.<\/p>\n<p><strong>Kas kapslis on \u017eelatiin?<\/strong><br \/>\nJah, kapsli kest sisaldab \u017eelatiini. Vegansid v\u00f5iksid valida taimse D3 alternatiivi.<\/p>\n<p><strong>Vaata ka:<\/strong> <a href=\"https:\/\/puhdasplus.ee\/kategooria\/d-vitamiin\/\">D-vitamiin<\/a> | <a href=\"https:\/\/puhdasplus.ee\/kategooria\/immuunsusteem\/\">Immuuns\u00fcsteem<\/a> | <a href=\"https:\/\/puhdasplus.ee\/kategooria\/liigesed-lihased-ja-luud\/\">Liigesed, lihased ja luud<\/a><\/p>\n","protected":false},"excerpt":{"rendered":"<p>Suurep\u00e4rase imendumisega D3-vitamiin kvaliteetses oliivi\u00f5lis. V\u00e4ike ja kergesti neelatav kapsel. Toetab immuuns\u00fcsteemi normaalset talitlust, luude ja hammaste tervist ning kaltsiumi imendumist.<\/p>\n<table>\n<tbody>\n<tr>\n<td style=\"text-align: center;\"><img decoding=\"async\" class=\"alignnone wp-image-360121\" src=\"https:\/\/puhdasplus.ee\/wp-content\/uploads\/2019\/10\/varvainetevaba-150x150.avif\" alt=\"v\u00e4rvainete vaba\" width=\"80\" height=\"80\" \/><br \/>\n<strong>V\u00e4rvainete vaba<\/strong><\/td>\n<\/tr>\n<\/tbody>\n<\/table>\n","protected":false},"featured_media":361449,"comment_status":"open","ping_status":"closed","template":"","meta":{"_acf_changed":false,"googlesitekit_rrm_CAow3eq7DA:productID":""},"product_brand":[],"product_cat":[465,488,441,463],"product_tag":[567,636,9258,1266,9267,9287,524,8165],"class_list":{"0":"post-361179","1":"product","2":"type-product","3":"status-publish","4":"has-post-thumbnail","6":"product_cat-d-vitamiin","7":"product_cat-immuunsusteem","8":"product_cat-liigesed-lihased-ja-luud","9":"product_cat-vitamiinid","10":"product_tag-d-vitamiin","11":"product_tag-immuunsus","12":"product_tag-korge-annus","13":"product_tag-luude-tervis","14":"product_tag-oliivioli","15":"product_tag-talv","16":"product_tag-vegan","17":"product_tag-vitamiinid","19":"first","20":"outofstock","21":"taxable","22":"shipping-taxable","23":"product-type-variable"},"acf":[],"yoast_head":"<!-- This site is optimized with the Yoast SEO plugin v27.6 - https:\/\/yoast.com\/product\/yoast-seo-wordpress\/ -->\n<title>Super D3-vitamiin 125 \u00b5g \u2013 Immuunsus &amp; Luud | Puhdas+<\/title>\n<meta name=\"description\" content=\"K\u00f5rge annusega D3-vitamiin oliivi\u00f5lis kergesti imendumise tagamiseks. Toetab immuunsust, luude tervist ja kaltsiumi imendumist. Vali 60\/120\/240 kapslit.\" \/>\n<meta name=\"robots\" content=\"index, follow, max-snippet:-1, max-image-preview:large, max-video-preview:-1\" \/>\n<link rel=\"canonical\" href=\"https:\/\/puhdasplus.ee\/ru\/\u043f\u0440\u043e\u0434\u0443\u043a\u0442\u044b\/%d0%b2%d0%b8%d1%82%d0%b0%d0%bc%d0%b8%d0%bd%d1%8b\/%d0%b2%d0%b8%d1%82%d0%b0%d0%bc%d0%b8%d0%bd-d\/super-d3-vitamiin-125-ug\/\" \/>\n<meta property=\"og:locale\" content=\"ru_RU\" \/>\n<meta property=\"og:type\" content=\"article\" \/>\n<meta property=\"og:title\" content=\"Super D3-vitamiin 125 \u00b5g \u2013 Immuunsus &amp; Luud | Puhdas+\" \/>\n<meta property=\"og:description\" content=\"K\u00f5rge annusega D3-vitamiin oliivi\u00f5lis kergesti imendumise tagamiseks. Toetab immuunsust, luude tervist ja kaltsiumi imendumist. Vali 60\/120\/240 kapslit.\" \/>\n<meta property=\"og:url\" content=\"https:\/\/puhdasplus.ee\/ru\/\u043f\u0440\u043e\u0434\u0443\u043a\u0442\u044b\/%d0%b2%d0%b8%d1%82%d0%b0%d0%bc%d0%b8%d0%bd%d1%8b\/%d0%b2%d0%b8%d1%82%d0%b0%d0%bc%d0%b8%d0%bd-d\/super-d3-vitamiin-125-ug\/\" \/>\n<meta property=\"og:site_name\" content=\"Puhdas+\" \/>\n<meta property=\"article:publisher\" content=\"https:\/\/www.facebook.com\/puhdasplus\" \/>\n<meta property=\"article:modified_time\" content=\"2026-05-13T16:56:58+00:00\" \/>\n<meta property=\"og:image\" content=\"https:\/\/puhdasplus.ee\/wp-content\/uploads\/2026\/04\/Super-D3-vitamiin-125-\u00b5g-scaled.jpg\" \/>\n\t<meta property=\"og:image:width\" content=\"1862\" \/>\n\t<meta property=\"og:image:height\" content=\"2560\" \/>\n\t<meta property=\"og:image:type\" content=\"image\/jpeg\" \/>\n<meta name=\"twitter:card\" content=\"summary_large_image\" \/>\n<meta name=\"twitter:label1\" content=\"\u041f\u0440\u0438\u043c\u0435\u0440\u043d\u043e\u0435 \u0432\u0440\u0435\u043c\u044f \u0434\u043b\u044f \u0447\u0442\u0435\u043d\u0438\u044f\" \/>\n\t<meta name=\"twitter:data1\" content=\"2 \u043c\u0438\u043d\u0443\u0442\u0430\" \/>\n<script type=\"application\/ld+json\" class=\"yoast-schema-graph\">{\"@context\":\"https:\\\/\\\/schema.org\",\"@graph\":[{\"@type\":\"WebPage\",\"@id\":\"https:\\\/\\\/puhdasplus.ee\\\/ru\\\/\u043f\u0440\u043e\u0434\u0443\u043a\u0442\u044b\\\/%d0%b2%d0%b8%d1%82%d0%b0%d0%bc%d0%b8%d0%bd%d1%8b\\\/%d0%b2%d0%b8%d1%82%d0%b0%d0%bc%d0%b8%d0%bd-d\\\/super-d3-vitamiin-125-ug\\\/\",\"url\":\"https:\\\/\\\/puhdasplus.ee\\\/ru\\\/\u043f\u0440\u043e\u0434\u0443\u043a\u0442\u044b\\\/%d0%b2%d0%b8%d1%82%d0%b0%d0%bc%d0%b8%d0%bd%d1%8b\\\/%d0%b2%d0%b8%d1%82%d0%b0%d0%bc%d0%b8%d0%bd-d\\\/super-d3-vitamiin-125-ug\\\/\",\"name\":\"Super D3-vitamiin 125 \u00b5g \u2013 Immuunsus & Luud | Puhdas+\",\"isPartOf\":{\"@id\":\"https:\\\/\\\/puhdasplus.ee\\\/ru\\\/#website\"},\"primaryImageOfPage\":{\"@id\":\"https:\\\/\\\/puhdasplus.ee\\\/ru\\\/\u043f\u0440\u043e\u0434\u0443\u043a\u0442\u044b\\\/%d0%b2%d0%b8%d1%82%d0%b0%d0%bc%d0%b8%d0%bd%d1%8b\\\/%d0%b2%d0%b8%d1%82%d0%b0%d0%bc%d0%b8%d0%bd-d\\\/super-d3-vitamiin-125-ug\\\/#primaryimage\"},\"image\":{\"@id\":\"https:\\\/\\\/puhdasplus.ee\\\/ru\\\/\u043f\u0440\u043e\u0434\u0443\u043a\u0442\u044b\\\/%d0%b2%d0%b8%d1%82%d0%b0%d0%bc%d0%b8%d0%bd%d1%8b\\\/%d0%b2%d0%b8%d1%82%d0%b0%d0%bc%d0%b8%d0%bd-d\\\/super-d3-vitamiin-125-ug\\\/#primaryimage\"},\"thumbnailUrl\":\"https:\\\/\\\/puhdasplus.ee\\\/wp-content\\\/uploads\\\/2026\\\/04\\\/Super-D3-vitamiin-125-\u00b5g-scaled.jpg\",\"datePublished\":\"2026-04-21T10:15:45+00:00\",\"dateModified\":\"2026-05-13T16:56:58+00:00\",\"description\":\"K\u00f5rge annusega D3-vitamiin oliivi\u00f5lis kergesti imendumise tagamiseks. Toetab immuunsust, luude tervist ja kaltsiumi imendumist. Vali 60\\\/120\\\/240 kapslit.\",\"breadcrumb\":{\"@id\":\"https:\\\/\\\/puhdasplus.ee\\\/ru\\\/\u043f\u0440\u043e\u0434\u0443\u043a\u0442\u044b\\\/%d0%b2%d0%b8%d1%82%d0%b0%d0%bc%d0%b8%d0%bd%d1%8b\\\/%d0%b2%d0%b8%d1%82%d0%b0%d0%bc%d0%b8%d0%bd-d\\\/super-d3-vitamiin-125-ug\\\/#breadcrumb\"},\"inLanguage\":\"ru-RU\",\"potentialAction\":[{\"@type\":\"ReadAction\",\"target\":[\"https:\\\/\\\/puhdasplus.ee\\\/ru\\\/\u043f\u0440\u043e\u0434\u0443\u043a\u0442\u044b\\\/%d0%b2%d0%b8%d1%82%d0%b0%d0%bc%d0%b8%d0%bd%d1%8b\\\/%d0%b2%d0%b8%d1%82%d0%b0%d0%bc%d0%b8%d0%bd-d\\\/super-d3-vitamiin-125-ug\\\/\"]}]},{\"@type\":\"ImageObject\",\"inLanguage\":\"ru-RU\",\"@id\":\"https:\\\/\\\/puhdasplus.ee\\\/ru\\\/\u043f\u0440\u043e\u0434\u0443\u043a\u0442\u044b\\\/%d0%b2%d0%b8%d1%82%d0%b0%d0%bc%d0%b8%d0%bd%d1%8b\\\/%d0%b2%d0%b8%d1%82%d0%b0%d0%bc%d0%b8%d0%bd-d\\\/super-d3-vitamiin-125-ug\\\/#primaryimage\",\"url\":\"https:\\\/\\\/puhdasplus.ee\\\/wp-content\\\/uploads\\\/2026\\\/04\\\/Super-D3-vitamiin-125-\u00b5g-scaled.jpg\",\"contentUrl\":\"https:\\\/\\\/puhdasplus.ee\\\/wp-content\\\/uploads\\\/2026\\\/04\\\/Super-D3-vitamiin-125-\u00b5g-scaled.jpg\",\"width\":1862,\"height\":2560,\"caption\":\"Super D3-vitamiin 125 \u00b5g\"},{\"@type\":\"BreadcrumbList\",\"@id\":\"https:\\\/\\\/puhdasplus.ee\\\/ru\\\/\u043f\u0440\u043e\u0434\u0443\u043a\u0442\u044b\\\/%d0%b2%d0%b8%d1%82%d0%b0%d0%bc%d0%b8%d0%bd%d1%8b\\\/%d0%b2%d0%b8%d1%82%d0%b0%d0%bc%d0%b8%d0%bd-d\\\/super-d3-vitamiin-125-ug\\\/#breadcrumb\",\"itemListElement\":[{\"@type\":\"ListItem\",\"position\":1,\"name\":\"\u0414\u043e\u043c\",\"item\":\"https:\\\/\\\/puhdasplus.ee\\\/ru\\\/\"},{\"@type\":\"ListItem\",\"position\":2,\"name\":\"\u041f\u0440\u043e\u0434\u0443\u043a\u0442\u044b\",\"item\":\"https:\\\/\\\/puhdasplus.ee\\\/ru\\\/%d0%bc%d0%b0%d0%b3%d0%b0%d0%b7%d0%b8%d0%bd\\\/\"},{\"@type\":\"ListItem\",\"position\":3,\"name\":\"Super D3-vitamiin 125 \u00b5g\"}]},{\"@type\":\"WebSite\",\"@id\":\"https:\\\/\\\/puhdasplus.ee\\\/ru\\\/#website\",\"url\":\"https:\\\/\\\/puhdasplus.ee\\\/ru\\\/\",\"name\":\"Puhdas+\",\"description\":\"\u0412\u0438\u0442\u0430\u043c\u0438\u043d\u044b, \u043f\u0438\u0449\u0435\u0432\u044b\u0435 \u0434\u043e\u0431\u0430\u0432\u043a\u0438, \u043d\u0430\u0442\u0443\u0440\u0430\u043b\u044c\u043d\u0430\u044f \u043a\u043e\u0441\u043c\u0435\u0442\u0438\u043a\u0430, \u0437\u0434\u043e\u0440\u043e\u0432\u044c\u0435, \u0441\u043f\u043e\u0440\u0442\",\"publisher\":{\"@id\":\"https:\\\/\\\/puhdasplus.ee\\\/ru\\\/#organization\"},\"potentialAction\":[{\"@type\":\"SearchAction\",\"target\":{\"@type\":\"EntryPoint\",\"urlTemplate\":\"https:\\\/\\\/puhdasplus.ee\\\/ru\\\/?s={search_term_string}\"},\"query-input\":{\"@type\":\"PropertyValueSpecification\",\"valueRequired\":true,\"valueName\":\"search_term_string\"}}],\"inLanguage\":\"ru-RU\"},{\"@type\":\"Organization\",\"@id\":\"https:\\\/\\\/puhdasplus.ee\\\/ru\\\/#organization\",\"name\":\"Puhdas+\",\"alternateName\":\"Puhdasplus\",\"url\":\"https:\\\/\\\/puhdasplus.ee\\\/ru\\\/\",\"logo\":{\"@type\":\"ImageObject\",\"inLanguage\":\"ru-RU\",\"@id\":\"https:\\\/\\\/puhdasplus.ee\\\/ru\\\/#\\\/schema\\\/logo\\\/image\\\/\",\"url\":\"https:\\\/\\\/puhdasplus.ee\\\/wp-content\\\/uploads\\\/2019\\\/10\\\/puhdas_logo-arvele.png\",\"contentUrl\":\"https:\\\/\\\/puhdasplus.ee\\\/wp-content\\\/uploads\\\/2019\\\/10\\\/puhdas_logo-arvele.png\",\"width\":114,\"height\":94,\"caption\":\"Puhdas+\"},\"image\":{\"@id\":\"https:\\\/\\\/puhdasplus.ee\\\/ru\\\/#\\\/schema\\\/logo\\\/image\\\/\"},\"sameAs\":[\"https:\\\/\\\/www.facebook.com\\\/puhdasplus\",\"https:\\\/\\\/www.instagram.com\\\/puhdasplus_ee\\\/\"]}]}<\/script>\n<!-- \/ Yoast SEO plugin. -->","yoast_head_json":{"title":"Super D3-vitamiin 125 \u00b5g \u2013 Immuunsus & Luud | Puhdas+","description":"K\u00f5rge annusega D3-vitamiin oliivi\u00f5lis kergesti imendumise tagamiseks. Toetab immuunsust, luude tervist ja kaltsiumi imendumist. Vali 60\/120\/240 kapslit.","robots":{"index":"index","follow":"follow","max-snippet":"max-snippet:-1","max-image-preview":"max-image-preview:large","max-video-preview":"max-video-preview:-1"},"canonical":"https:\/\/puhdasplus.ee\/ru\/\u043f\u0440\u043e\u0434\u0443\u043a\u0442\u044b\/%d0%b2%d0%b8%d1%82%d0%b0%d0%bc%d0%b8%d0%bd%d1%8b\/%d0%b2%d0%b8%d1%82%d0%b0%d0%bc%d0%b8%d0%bd-d\/super-d3-vitamiin-125-ug\/","og_locale":"ru_RU","og_type":"article","og_title":"Super D3-vitamiin 125 \u00b5g \u2013 Immuunsus & Luud | Puhdas+","og_description":"K\u00f5rge annusega D3-vitamiin oliivi\u00f5lis kergesti imendumise tagamiseks. Toetab immuunsust, luude tervist ja kaltsiumi imendumist. Vali 60\/120\/240 kapslit.","og_url":"https:\/\/puhdasplus.ee\/ru\/\u043f\u0440\u043e\u0434\u0443\u043a\u0442\u044b\/%d0%b2%d0%b8%d1%82%d0%b0%d0%bc%d0%b8%d0%bd%d1%8b\/%d0%b2%d0%b8%d1%82%d0%b0%d0%bc%d0%b8%d0%bd-d\/super-d3-vitamiin-125-ug\/","og_site_name":"Puhdas+","article_publisher":"https:\/\/www.facebook.com\/puhdasplus","article_modified_time":"2026-05-13T16:56:58+00:00","og_image":[{"width":1862,"height":2560,"url":"https:\/\/puhdasplus.ee\/wp-content\/uploads\/2026\/04\/Super-D3-vitamiin-125-\u00b5g-scaled.jpg","type":"image\/jpeg"}],"twitter_card":"summary_large_image","twitter_misc":{"\u041f\u0440\u0438\u043c\u0435\u0440\u043d\u043e\u0435 \u0432\u0440\u0435\u043c\u044f \u0434\u043b\u044f \u0447\u0442\u0435\u043d\u0438\u044f":"2 \u043c\u0438\u043d\u0443\u0442\u0430"},"schema":{"@context":"https:\/\/schema.org","@graph":[{"@type":"WebPage","@id":"https:\/\/puhdasplus.ee\/ru\/\u043f\u0440\u043e\u0434\u0443\u043a\u0442\u044b\/%d0%b2%d0%b8%d1%82%d0%b0%d0%bc%d0%b8%d0%bd%d1%8b\/%d0%b2%d0%b8%d1%82%d0%b0%d0%bc%d0%b8%d0%bd-d\/super-d3-vitamiin-125-ug\/","url":"https:\/\/puhdasplus.ee\/ru\/\u043f\u0440\u043e\u0434\u0443\u043a\u0442\u044b\/%d0%b2%d0%b8%d1%82%d0%b0%d0%bc%d0%b8%d0%bd%d1%8b\/%d0%b2%d0%b8%d1%82%d0%b0%d0%bc%d0%b8%d0%bd-d\/super-d3-vitamiin-125-ug\/","name":"Super D3-vitamiin 125 \u00b5g \u2013 Immuunsus & Luud | Puhdas+","isPartOf":{"@id":"https:\/\/puhdasplus.ee\/ru\/#website"},"primaryImageOfPage":{"@id":"https:\/\/puhdasplus.ee\/ru\/\u043f\u0440\u043e\u0434\u0443\u043a\u0442\u044b\/%d0%b2%d0%b8%d1%82%d0%b0%d0%bc%d0%b8%d0%bd%d1%8b\/%d0%b2%d0%b8%d1%82%d0%b0%d0%bc%d0%b8%d0%bd-d\/super-d3-vitamiin-125-ug\/#primaryimage"},"image":{"@id":"https:\/\/puhdasplus.ee\/ru\/\u043f\u0440\u043e\u0434\u0443\u043a\u0442\u044b\/%d0%b2%d0%b8%d1%82%d0%b0%d0%bc%d0%b8%d0%bd%d1%8b\/%d0%b2%d0%b8%d1%82%d0%b0%d0%bc%d0%b8%d0%bd-d\/super-d3-vitamiin-125-ug\/#primaryimage"},"thumbnailUrl":"https:\/\/puhdasplus.ee\/wp-content\/uploads\/2026\/04\/Super-D3-vitamiin-125-\u00b5g-scaled.jpg","datePublished":"2026-04-21T10:15:45+00:00","dateModified":"2026-05-13T16:56:58+00:00","description":"K\u00f5rge annusega D3-vitamiin oliivi\u00f5lis kergesti imendumise tagamiseks. Toetab immuunsust, luude tervist ja kaltsiumi imendumist. Vali 60\/120\/240 kapslit.","breadcrumb":{"@id":"https:\/\/puhdasplus.ee\/ru\/\u043f\u0440\u043e\u0434\u0443\u043a\u0442\u044b\/%d0%b2%d0%b8%d1%82%d0%b0%d0%bc%d0%b8%d0%bd%d1%8b\/%d0%b2%d0%b8%d1%82%d0%b0%d0%bc%d0%b8%d0%bd-d\/super-d3-vitamiin-125-ug\/#breadcrumb"},"inLanguage":"ru-RU","potentialAction":[{"@type":"ReadAction","target":["https:\/\/puhdasplus.ee\/ru\/\u043f\u0440\u043e\u0434\u0443\u043a\u0442\u044b\/%d0%b2%d0%b8%d1%82%d0%b0%d0%bc%d0%b8%d0%bd%d1%8b\/%d0%b2%d0%b8%d1%82%d0%b0%d0%bc%d0%b8%d0%bd-d\/super-d3-vitamiin-125-ug\/"]}]},{"@type":"ImageObject","inLanguage":"ru-RU","@id":"https:\/\/puhdasplus.ee\/ru\/\u043f\u0440\u043e\u0434\u0443\u043a\u0442\u044b\/%d0%b2%d0%b8%d1%82%d0%b0%d0%bc%d0%b8%d0%bd%d1%8b\/%d0%b2%d0%b8%d1%82%d0%b0%d0%bc%d0%b8%d0%bd-d\/super-d3-vitamiin-125-ug\/#primaryimage","url":"https:\/\/puhdasplus.ee\/wp-content\/uploads\/2026\/04\/Super-D3-vitamiin-125-\u00b5g-scaled.jpg","contentUrl":"https:\/\/puhdasplus.ee\/wp-content\/uploads\/2026\/04\/Super-D3-vitamiin-125-\u00b5g-scaled.jpg","width":1862,"height":2560,"caption":"Super D3-vitamiin 125 \u00b5g"},{"@type":"BreadcrumbList","@id":"https:\/\/puhdasplus.ee\/ru\/\u043f\u0440\u043e\u0434\u0443\u043a\u0442\u044b\/%d0%b2%d0%b8%d1%82%d0%b0%d0%bc%d0%b8%d0%bd%d1%8b\/%d0%b2%d0%b8%d1%82%d0%b0%d0%bc%d0%b8%d0%bd-d\/super-d3-vitamiin-125-ug\/#breadcrumb","itemListElement":[{"@type":"ListItem","position":1,"name":"\u0414\u043e\u043c","item":"https:\/\/puhdasplus.ee\/ru\/"},{"@type":"ListItem","position":2,"name":"\u041f\u0440\u043e\u0434\u0443\u043a\u0442\u044b","item":"https:\/\/puhdasplus.ee\/ru\/%d0%bc%d0%b0%d0%b3%d0%b0%d0%b7%d0%b8%d0%bd\/"},{"@type":"ListItem","position":3,"name":"Super D3-vitamiin 125 \u00b5g"}]},{"@type":"WebSite","@id":"https:\/\/puhdasplus.ee\/ru\/#website","url":"https:\/\/puhdasplus.ee\/ru\/","name":"Puhdas+","description":"\u0412\u0438\u0442\u0430\u043c\u0438\u043d\u044b, \u043f\u0438\u0449\u0435\u0432\u044b\u0435 \u0434\u043e\u0431\u0430\u0432\u043a\u0438, \u043d\u0430\u0442\u0443\u0440\u0430\u043b\u044c\u043d\u0430\u044f \u043a\u043e\u0441\u043c\u0435\u0442\u0438\u043a\u0430, \u0437\u0434\u043e\u0440\u043e\u0432\u044c\u0435, \u0441\u043f\u043e\u0440\u0442","publisher":{"@id":"https:\/\/puhdasplus.ee\/ru\/#organization"},"potentialAction":[{"@type":"SearchAction","target":{"@type":"EntryPoint","urlTemplate":"https:\/\/puhdasplus.ee\/ru\/?s={search_term_string}"},"query-input":{"@type":"PropertyValueSpecification","valueRequired":true,"valueName":"search_term_string"}}],"inLanguage":"ru-RU"},{"@type":"Organization","@id":"https:\/\/puhdasplus.ee\/ru\/#organization","name":"Puhdas+","alternateName":"Puhdasplus","url":"https:\/\/puhdasplus.ee\/ru\/","logo":{"@type":"ImageObject","inLanguage":"ru-RU","@id":"https:\/\/puhdasplus.ee\/ru\/#\/schema\/logo\/image\/","url":"https:\/\/puhdasplus.ee\/wp-content\/uploads\/2019\/10\/puhdas_logo-arvele.png","contentUrl":"https:\/\/puhdasplus.ee\/wp-content\/uploads\/2019\/10\/puhdas_logo-arvele.png","width":114,"height":94,"caption":"Puhdas+"},"image":{"@id":"https:\/\/puhdasplus.ee\/ru\/#\/schema\/logo\/image\/"},"sameAs":["https:\/\/www.facebook.com\/puhdasplus","https:\/\/www.instagram.com\/puhdasplus_ee\/"]}]}},"_yoast_wpseo_title":"Super D3-vitamiin 125 \u00b5g \u2013 Immuunsus & Luud | Puhdas+","_yoast_wpseo_metadesc":"K\u00f5rge annusega D3-vitamiin oliivi\u00f5lis kergesti imendumise tagamiseks. Toetab immuunsust, luude tervist ja kaltsiumi imendumist. Vali 60\/120\/240 kapslit.","_yoast_wpseo_focuskw":"D3 vitamiin 125 \u00b5g","_links":{"self":[{"href":"https:\/\/puhdasplus.ee\/ru\/wp-json\/wp\/v2\/product\/361179","targetHints":{"allow":["GET"]}}],"collection":[{"href":"https:\/\/puhdasplus.ee\/ru\/wp-json\/wp\/v2\/product"}],"about":[{"href":"https:\/\/puhdasplus.ee\/ru\/wp-json\/wp\/v2\/types\/product"}],"replies":[{"embeddable":true,"href":"https:\/\/puhdasplus.ee\/ru\/wp-json\/wp\/v2\/comments?post=361179"}],"wp:featuredmedia":[{"embeddable":true,"href":"https:\/\/puhdasplus.ee\/ru\/wp-json\/wp\/v2\/media\/361449"}],"wp:attachment":[{"href":"https:\/\/puhdasplus.ee\/ru\/wp-json\/wp\/v2\/media?parent=361179"}],"wp:term":[{"taxonomy":"product_brand","embeddable":true,"href":"https:\/\/puhdasplus.ee\/ru\/wp-json\/wp\/v2\/product_brand?post=361179"},{"taxonomy":"product_cat","embeddable":true,"href":"https:\/\/puhdasplus.ee\/ru\/wp-json\/wp\/v2\/product_cat?post=361179"},{"taxonomy":"product_tag","embeddable":true,"href":"https:\/\/puhdasplus.ee\/ru\/wp-json\/wp\/v2\/product_tag?post=361179"}],"curies":[{"name":"wp","href":"https:\/\/api.w.org\/{rel}","templated":true}]}}