{"id":361177,"date":"2026-04-21T13:15:35","date_gmt":"2026-04-21T10:15:35","guid":{"rendered":"https:\/\/puhdasplus.ee\/?post_type=product&#038;p=361177"},"modified":"2026-05-13T20:00:20","modified_gmt":"2026-05-13T17:00:20","slug":"pehmovita-multivitamiini-oun-kummikommid-75-tk","status":"publish","type":"product","link":"https:\/\/puhdasplus.ee\/ru\/\u043f\u0440\u043e\u0434\u0443\u043a\u0442\u044b\/%d0%b2%d0%b8%d1%82%d0%b0%d0%bc%d0%b8%d0%bd%d1%8b\/pehmovita-multivitamiini-oun-kummikommid-75-tk\/","title":{"rendered":"PehmoVita multivitamiini \u00f5un kummikommid 75 tk"},"content":{"rendered":"<h2>Vali parem kummikomm!<\/h2>\n<p><strong>Puhdas+ PehmoVita<\/strong> on uus, maitsev viis oma heaolu eest hoolitseda \u2013 ilma kompromissideta. Arendatud ja valmistatud Soomes, PehmoVita kummikommid s\u00fcnnivad kvaliteetses kodumaises tootmises. Need pakuvad k\u00f5ike, mida heast vitamiinivalmistisest oodata v\u00f5ib \u2013 ja j\u00e4tavad k\u00f5rvale k\u00f5ik tarbetu.<\/p>\n<h2>Mida PehmoVita <em>ei<\/em> sisalda<\/h2>\n<ul>\n<li>Ei sisalda suhkrut<\/li>\n<li>Ei sisalda \u017eelatiini<\/li>\n<li>Ei sisalda aspartaami, atsesulfaam K-d ega sukraloosi<\/li>\n<li>Ei sisalda kunstlikke v\u00e4rvaineid<\/li>\n<li>Ei sisalda piima, laktoosi ega p\u00e4rmi<\/li>\n<li>Ei sisalda sojat ega gluteeni<\/li>\n<\/ul>\n<p><strong>PehmoVita<\/strong> on looduslik valik nii <strong>lastele kui ka t\u00e4iskasvanutele<\/strong> \u2013 pehme, maitsev ja vastutustundlik alternatiiv traditsioonilistele kummivitamiinidele.<\/p>\n<h2>Koostis<\/h2>\n<p>Magusaine (maltitoolisiirup), vesi, paksendaja (pektiin), C-vitamiin (askorbiinhape), B3-vitamiin (nikotiinamiid), E-vitamiin (DL-alfa-tokofer\u00fc\u00fclatsetaat), B6-vitamiin (p\u00fcridoksiinh\u00fcdrokloriid), A-vitamiin (retin\u00fc\u00fclatsetaat), foolhape, biotiin (D-biotiin), D3-vitamiin (kolekaltsiferool), B12-vitamiin (ts\u00fcanokobalamiin), happesuse regulaatorid (sidrunhape, naatriumtsitraat), looduslik l\u00f5hna- ja maitseaine (\u00f5un), v\u00e4rvained (kurkumiin, klorof\u00fcll), pinnat\u00f6\u00f6tlusaine (karnaubavaha).<\/p>\n<p><strong>Sisaldab magusainet.<\/strong> Liigne tarbimine v\u00f5ib avaldada lahtistavat toimet.<\/p>\n<h2>P\u00e4evane annus ja toitev\u00e4\u00e4rtus<\/h2>\n<table class=\"nutrition-table\" style=\"width: 100%; max-width: 700px; border-collapse: collapse; margin: 16px 0;\">\n<thead>\n<tr style=\"background: #f5f5f5;\">\n<th style=\"border: 1px solid #dcdcdc; padding: 10px; text-align: left;\">Toitaine<\/th>\n<th style=\"border: 1px solid #dcdcdc; padding: 10px; text-align: left;\">1\u20132 kommis<\/th>\n<th style=\"border: 1px solid #dcdcdc; padding: 10px; text-align: left;\">% NRV*<\/th>\n<\/tr>\n<\/thead>\n<tbody>\n<tr>\n<td style=\"border: 1px solid #dcdcdc; padding: 10px;\">A-vitamiin<\/td>\n<td style=\"border: 1px solid #dcdcdc; padding: 10px;\">180\u2013360 \u00b5g<\/td>\n<td style=\"border: 1px solid #dcdcdc; padding: 10px;\">22\u201345 %<\/td>\n<\/tr>\n<tr>\n<td style=\"border: 1px solid #dcdcdc; padding: 10px;\">D3-vitamiin<\/td>\n<td style=\"border: 1px solid #dcdcdc; padding: 10px;\">4,5\u20139 \u00b5g<\/td>\n<td style=\"border: 1px solid #dcdcdc; padding: 10px;\">90\u2013180 %<\/td>\n<\/tr>\n<tr>\n<td style=\"border: 1px solid #dcdcdc; padding: 10px;\">E-vitamiin<\/td>\n<td style=\"border: 1px solid #dcdcdc; padding: 10px;\">5\u201310 mg<\/td>\n<td style=\"border: 1px solid #dcdcdc; padding: 10px;\">41\u201383 %<\/td>\n<\/tr>\n<tr>\n<td style=\"border: 1px solid #dcdcdc; padding: 10px;\">C-vitamiin<\/td>\n<td style=\"border: 1px solid #dcdcdc; padding: 10px;\">27\u201354 mg<\/td>\n<td style=\"border: 1px solid #dcdcdc; padding: 10px;\">33\u201367 %<\/td>\n<\/tr>\n<tr>\n<td style=\"border: 1px solid #dcdcdc; padding: 10px;\">B3-vitamiin<\/td>\n<td style=\"border: 1px solid #dcdcdc; padding: 10px;\">7\u201314 mg<\/td>\n<td style=\"border: 1px solid #dcdcdc; padding: 10px;\">43\u201387 %<\/td>\n<\/tr>\n<tr>\n<td style=\"border: 1px solid #dcdcdc; padding: 10px;\">B6-vitamiin<\/td>\n<td style=\"border: 1px solid #dcdcdc; padding: 10px;\">0,6\u20131,2 mg<\/td>\n<td style=\"border: 1px solid #dcdcdc; padding: 10px;\">42\u201385 %<\/td>\n<\/tr>\n<tr>\n<td style=\"border: 1px solid #dcdcdc; padding: 10px;\">Foolhape<\/td>\n<td style=\"border: 1px solid #dcdcdc; padding: 10px;\">90\u2013180 \u00b5g<\/td>\n<td style=\"border: 1px solid #dcdcdc; padding: 10px;\">45\u201390 %<\/td>\n<\/tr>\n<tr>\n<td style=\"border: 1px solid #dcdcdc; padding: 10px;\">B12-vitamiin<\/td>\n<td style=\"border: 1px solid #dcdcdc; padding: 10px;\">1,1\u20132,2 \u00b5g<\/td>\n<td style=\"border: 1px solid #dcdcdc; padding: 10px;\">44\u201388 %<\/td>\n<\/tr>\n<tr>\n<td style=\"border: 1px solid #dcdcdc; padding: 10px;\">Biotiin<\/td>\n<td style=\"border: 1px solid #dcdcdc; padding: 10px;\">22\u201344 \u00b5g<\/td>\n<td style=\"border: 1px solid #dcdcdc; padding: 10px;\">44\u201388 %<\/td>\n<\/tr>\n<\/tbody>\n<\/table>\n<p><em>*NRV = toitainete v\u00f5rdluskogus p\u00e4evas.<\/em><\/p>\n<h2>Kasutusjuhend<\/h2>\n<p>T\u00e4iskasvanutele ja \u00fcle 11-aastastele lastele: 2 tk p\u00e4evas.<br \/>\n3\u201310-aastastele lastele: 1 tk p\u00e4evas.<\/p>\n<h2>Hoiatused<\/h2>\n<ul>\n<li>Toidulisand ei asenda mitmekesist ja tasakaalustatud toitumist ega tervislikku eluviisi.<\/li>\n<li>\u00c4ra \u00fcleta soovitatud p\u00e4evast annust.<\/li>\n<li>Hoida lastele k\u00e4ttesaamatus kohas.<\/li>\n<li>Sisaldab magusainet \u2013 liigne tarbimine v\u00f5ib avaldada lahtistavat toimet.<\/li>\n<li>Hoida kuivas, jahedas kohas.<\/li>\n<\/ul>\n<h2>Tootja ja p\u00e4ritolu<\/h2>\n<p>Valmistatud Soomes kaubam\u00e4rgi Puhdas+ all. Turustaja Eestis: NordenBio O\u00dc.<\/p>\n<h2>Korduma kippuvad k\u00fcsimused<\/h2>\n<p><strong>Kas PehmoVita sobib ka lastele?<\/strong><br \/>\nJah, 3\u201310-aastastele lastele 1 kummikomm p\u00e4evas, \u00fcle 11-aastastele lastele ja t\u00e4iskasvanutele 2 kummikommi p\u00e4evas.<\/p>\n<p><strong>Kas kummikommid on suhkruvabad?<\/strong><br \/>\nJah, PehmoVita ei sisalda suhkrut. Magusainena on kasutatud maltitoolisiirupit.<\/p>\n<p><strong>Kas tooted on gluteeni- ja laktoosivabad?<\/strong><br \/>\nJah, PehmoVita ei sisalda gluteeni, piima, laktoosi, sojat ega p\u00e4rmi.<\/p>\n<p><strong>Vaata ka:<\/strong> <a href=\"https:\/\/puhdasplus.ee\/kategooria\/vitamiinid\/\">Vitamiinid<\/a> | <a href=\"https:\/\/puhdasplus.ee\/kategooria\/immuunsusteem\/\">Immuuns\u00fcsteem<\/a><\/p>\n","protected":false},"excerpt":{"rendered":"<p>Maitsev multivitamiin pehmete kummikommidena kogu perele \u2013 lastele ja t\u00e4iskasvanutele. Ilma suhkru, \u017eelatiini, aspartaami ja kunstlike v\u00e4rvaineteta. 75 tk \u00f5una maitsega.<\/p>\n<table>\n<tbody>\n<tr>\n<td style=\"text-align: center;\"><img decoding=\"async\" class=\"alignnone wp-image-360123\" src=\"https:\/\/puhdasplus.ee\/wp-content\/uploads\/2019\/10\/suhkruvaba-2-150x150.png\" alt=\"suhkruvaba\" width=\"80\" height=\"80\" \/><br \/>\n<strong>Suhkruvaba<\/strong><\/td>\n<td style=\"text-align: center;\"><img decoding=\"async\" class=\"alignnone wp-image-360122\" src=\"https:\/\/puhdasplus.ee\/wp-content\/uploads\/2019\/10\/vegan-150x150.png\" alt=\"vegan\" width=\"80\" height=\"80\" \/><br \/>\n<strong>100% Vegan<\/strong><\/td>\n<\/tr>\n<\/tbody>\n<\/table>\n","protected":false},"featured_media":361454,"comment_status":"open","ping_status":"closed","template":"","meta":{"_acf_changed":false,"googlesitekit_rrm_CAow3eq7DA:productID":""},"product_brand":[],"product_cat":[488,463],"product_tag":[8596,825,537,486,567,8159,636,9256,8160,8671,8448,9284,9274,524],"class_list":{"0":"post-361177","1":"product","2":"type-product","3":"status-publish","4":"has-post-thumbnail","6":"product_cat-immuunsusteem","7":"product_cat-vitamiinid","8":"product_tag-a-vitamiin","9":"product_tag-b-vitamiinid","10":"product_tag-biotiin","11":"product_tag-c-vitamiin","12":"product_tag-d-vitamiin","13":"product_tag-gluteenivaba","14":"product_tag-immuunsus","15":"product_tag-kummikommid","16":"product_tag-laktoosivaba","17":"product_tag-lastele","18":"product_tag-multivitamiin","19":"product_tag-oun","20":"product_tag-suhkruvaba","21":"product_tag-vegan","23":"first","24":"onbackorder","25":"taxable","26":"shipping-taxable","27":"purchasable","28":"product-type-simple"},"acf":[],"yoast_head":"<!-- This site is optimized with the Yoast SEO plugin v27.6 - https:\/\/yoast.com\/product\/yoast-seo-wordpress\/ -->\n<title>PehmoVita Multivitamiin \u00d5una Kummikommid 75 tk | Puhdas+<\/title>\n<meta name=\"description\" content=\"Maitsev multivitamiin kogu perele \u2013 9 vitamiini pehmetes kummikommides. Ilma suhkru, \u017eelatiini ja kunstlike v\u00e4rvaineteta. Sobib ka lastele.\" \/>\n<meta name=\"robots\" content=\"index, follow, max-snippet:-1, max-image-preview:large, max-video-preview:-1\" \/>\n<link rel=\"canonical\" href=\"https:\/\/puhdasplus.ee\/ru\/\u043f\u0440\u043e\u0434\u0443\u043a\u0442\u044b\/%d0%b2%d0%b8%d1%82%d0%b0%d0%bc%d0%b8%d0%bd%d1%8b\/pehmovita-multivitamiini-oun-kummikommid-75-tk\/\" \/>\n<meta property=\"og:locale\" content=\"ru_RU\" \/>\n<meta property=\"og:type\" content=\"article\" \/>\n<meta property=\"og:title\" content=\"PehmoVita Multivitamiin \u00d5una Kummikommid 75 tk | Puhdas+\" \/>\n<meta property=\"og:description\" content=\"Maitsev multivitamiin kogu perele \u2013 9 vitamiini pehmetes kummikommides. Ilma suhkru, \u017eelatiini ja kunstlike v\u00e4rvaineteta. Sobib ka lastele.\" \/>\n<meta property=\"og:url\" content=\"https:\/\/puhdasplus.ee\/ru\/\u043f\u0440\u043e\u0434\u0443\u043a\u0442\u044b\/%d0%b2%d0%b8%d1%82%d0%b0%d0%bc%d0%b8%d0%bd%d1%8b\/pehmovita-multivitamiini-oun-kummikommid-75-tk\/\" \/>\n<meta property=\"og:site_name\" content=\"Puhdas+\" \/>\n<meta property=\"article:publisher\" content=\"https:\/\/www.facebook.com\/puhdasplus\" \/>\n<meta property=\"article:modified_time\" content=\"2026-05-13T17:00:20+00:00\" \/>\n<meta property=\"og:image\" content=\"https:\/\/puhdasplus.ee\/wp-content\/uploads\/2026\/04\/PehmoVita-multivitamiini-oun-kummikommid-75-tk-scaled.jpg\" \/>\n\t<meta property=\"og:image:width\" content=\"1862\" \/>\n\t<meta property=\"og:image:height\" content=\"2560\" \/>\n\t<meta property=\"og:image:type\" content=\"image\/jpeg\" \/>\n<meta name=\"twitter:card\" content=\"summary_large_image\" \/>\n<meta name=\"twitter:label1\" content=\"\u041f\u0440\u0438\u043c\u0435\u0440\u043d\u043e\u0435 \u0432\u0440\u0435\u043c\u044f \u0434\u043b\u044f \u0447\u0442\u0435\u043d\u0438\u044f\" \/>\n\t<meta name=\"twitter:data1\" content=\"2 \u043c\u0438\u043d\u0443\u0442\u0430\" \/>\n<script type=\"application\/ld+json\" class=\"yoast-schema-graph\">{\"@context\":\"https:\\\/\\\/schema.org\",\"@graph\":[{\"@type\":\"WebPage\",\"@id\":\"https:\\\/\\\/puhdasplus.ee\\\/ru\\\/\u043f\u0440\u043e\u0434\u0443\u043a\u0442\u044b\\\/%d0%b2%d0%b8%d1%82%d0%b0%d0%bc%d0%b8%d0%bd%d1%8b\\\/pehmovita-multivitamiini-oun-kummikommid-75-tk\\\/\",\"url\":\"https:\\\/\\\/puhdasplus.ee\\\/ru\\\/\u043f\u0440\u043e\u0434\u0443\u043a\u0442\u044b\\\/%d0%b2%d0%b8%d1%82%d0%b0%d0%bc%d0%b8%d0%bd%d1%8b\\\/pehmovita-multivitamiini-oun-kummikommid-75-tk\\\/\",\"name\":\"PehmoVita Multivitamiin \u00d5una Kummikommid 75 tk | Puhdas+\",\"isPartOf\":{\"@id\":\"https:\\\/\\\/puhdasplus.ee\\\/ru\\\/#website\"},\"primaryImageOfPage\":{\"@id\":\"https:\\\/\\\/puhdasplus.ee\\\/ru\\\/\u043f\u0440\u043e\u0434\u0443\u043a\u0442\u044b\\\/%d0%b2%d0%b8%d1%82%d0%b0%d0%bc%d0%b8%d0%bd%d1%8b\\\/pehmovita-multivitamiini-oun-kummikommid-75-tk\\\/#primaryimage\"},\"image\":{\"@id\":\"https:\\\/\\\/puhdasplus.ee\\\/ru\\\/\u043f\u0440\u043e\u0434\u0443\u043a\u0442\u044b\\\/%d0%b2%d0%b8%d1%82%d0%b0%d0%bc%d0%b8%d0%bd%d1%8b\\\/pehmovita-multivitamiini-oun-kummikommid-75-tk\\\/#primaryimage\"},\"thumbnailUrl\":\"https:\\\/\\\/puhdasplus.ee\\\/wp-content\\\/uploads\\\/2026\\\/04\\\/PehmoVita-multivitamiini-oun-kummikommid-75-tk-scaled.jpg\",\"datePublished\":\"2026-04-21T10:15:35+00:00\",\"dateModified\":\"2026-05-13T17:00:20+00:00\",\"description\":\"Maitsev multivitamiin kogu perele \u2013 9 vitamiini pehmetes kummikommides. Ilma suhkru, \u017eelatiini ja kunstlike v\u00e4rvaineteta. Sobib ka lastele.\",\"breadcrumb\":{\"@id\":\"https:\\\/\\\/puhdasplus.ee\\\/ru\\\/\u043f\u0440\u043e\u0434\u0443\u043a\u0442\u044b\\\/%d0%b2%d0%b8%d1%82%d0%b0%d0%bc%d0%b8%d0%bd%d1%8b\\\/pehmovita-multivitamiini-oun-kummikommid-75-tk\\\/#breadcrumb\"},\"inLanguage\":\"ru-RU\",\"potentialAction\":[{\"@type\":\"ReadAction\",\"target\":[\"https:\\\/\\\/puhdasplus.ee\\\/ru\\\/\u043f\u0440\u043e\u0434\u0443\u043a\u0442\u044b\\\/%d0%b2%d0%b8%d1%82%d0%b0%d0%bc%d0%b8%d0%bd%d1%8b\\\/pehmovita-multivitamiini-oun-kummikommid-75-tk\\\/\"]}]},{\"@type\":\"ImageObject\",\"inLanguage\":\"ru-RU\",\"@id\":\"https:\\\/\\\/puhdasplus.ee\\\/ru\\\/\u043f\u0440\u043e\u0434\u0443\u043a\u0442\u044b\\\/%d0%b2%d0%b8%d1%82%d0%b0%d0%bc%d0%b8%d0%bd%d1%8b\\\/pehmovita-multivitamiini-oun-kummikommid-75-tk\\\/#primaryimage\",\"url\":\"https:\\\/\\\/puhdasplus.ee\\\/wp-content\\\/uploads\\\/2026\\\/04\\\/PehmoVita-multivitamiini-oun-kummikommid-75-tk-scaled.jpg\",\"contentUrl\":\"https:\\\/\\\/puhdasplus.ee\\\/wp-content\\\/uploads\\\/2026\\\/04\\\/PehmoVita-multivitamiini-oun-kummikommid-75-tk-scaled.jpg\",\"width\":1862,\"height\":2560,\"caption\":\"PehmoVita multivitamiini \u00f5un kummikommid 75 tk\"},{\"@type\":\"BreadcrumbList\",\"@id\":\"https:\\\/\\\/puhdasplus.ee\\\/ru\\\/\u043f\u0440\u043e\u0434\u0443\u043a\u0442\u044b\\\/%d0%b2%d0%b8%d1%82%d0%b0%d0%bc%d0%b8%d0%bd%d1%8b\\\/pehmovita-multivitamiini-oun-kummikommid-75-tk\\\/#breadcrumb\",\"itemListElement\":[{\"@type\":\"ListItem\",\"position\":1,\"name\":\"\u0414\u043e\u043c\",\"item\":\"https:\\\/\\\/puhdasplus.ee\\\/ru\\\/\"},{\"@type\":\"ListItem\",\"position\":2,\"name\":\"\u041f\u0440\u043e\u0434\u0443\u043a\u0442\u044b\",\"item\":\"https:\\\/\\\/puhdasplus.ee\\\/ru\\\/%d0%bc%d0%b0%d0%b3%d0%b0%d0%b7%d0%b8%d0%bd\\\/\"},{\"@type\":\"ListItem\",\"position\":3,\"name\":\"PehmoVita multivitamiini \u00f5un kummikommid 75 tk\"}]},{\"@type\":\"WebSite\",\"@id\":\"https:\\\/\\\/puhdasplus.ee\\\/ru\\\/#website\",\"url\":\"https:\\\/\\\/puhdasplus.ee\\\/ru\\\/\",\"name\":\"Puhdas+\",\"description\":\"\u0412\u0438\u0442\u0430\u043c\u0438\u043d\u044b, \u043f\u0438\u0449\u0435\u0432\u044b\u0435 \u0434\u043e\u0431\u0430\u0432\u043a\u0438, \u043d\u0430\u0442\u0443\u0440\u0430\u043b\u044c\u043d\u0430\u044f \u043a\u043e\u0441\u043c\u0435\u0442\u0438\u043a\u0430, \u0437\u0434\u043e\u0440\u043e\u0432\u044c\u0435, \u0441\u043f\u043e\u0440\u0442\",\"publisher\":{\"@id\":\"https:\\\/\\\/puhdasplus.ee\\\/ru\\\/#organization\"},\"potentialAction\":[{\"@type\":\"SearchAction\",\"target\":{\"@type\":\"EntryPoint\",\"urlTemplate\":\"https:\\\/\\\/puhdasplus.ee\\\/ru\\\/?s={search_term_string}\"},\"query-input\":{\"@type\":\"PropertyValueSpecification\",\"valueRequired\":true,\"valueName\":\"search_term_string\"}}],\"inLanguage\":\"ru-RU\"},{\"@type\":\"Organization\",\"@id\":\"https:\\\/\\\/puhdasplus.ee\\\/ru\\\/#organization\",\"name\":\"Puhdas+\",\"alternateName\":\"Puhdasplus\",\"url\":\"https:\\\/\\\/puhdasplus.ee\\\/ru\\\/\",\"logo\":{\"@type\":\"ImageObject\",\"inLanguage\":\"ru-RU\",\"@id\":\"https:\\\/\\\/puhdasplus.ee\\\/ru\\\/#\\\/schema\\\/logo\\\/image\\\/\",\"url\":\"https:\\\/\\\/puhdasplus.ee\\\/wp-content\\\/uploads\\\/2019\\\/10\\\/puhdas_logo-arvele.png\",\"contentUrl\":\"https:\\\/\\\/puhdasplus.ee\\\/wp-content\\\/uploads\\\/2019\\\/10\\\/puhdas_logo-arvele.png\",\"width\":114,\"height\":94,\"caption\":\"Puhdas+\"},\"image\":{\"@id\":\"https:\\\/\\\/puhdasplus.ee\\\/ru\\\/#\\\/schema\\\/logo\\\/image\\\/\"},\"sameAs\":[\"https:\\\/\\\/www.facebook.com\\\/puhdasplus\",\"https:\\\/\\\/www.instagram.com\\\/puhdasplus_ee\\\/\"]}]}<\/script>\n<!-- \/ Yoast SEO plugin. -->","yoast_head_json":{"title":"PehmoVita Multivitamiin \u00d5una Kummikommid 75 tk | Puhdas+","description":"Maitsev multivitamiin kogu perele \u2013 9 vitamiini pehmetes kummikommides. Ilma suhkru, \u017eelatiini ja kunstlike v\u00e4rvaineteta. Sobib ka lastele.","robots":{"index":"index","follow":"follow","max-snippet":"max-snippet:-1","max-image-preview":"max-image-preview:large","max-video-preview":"max-video-preview:-1"},"canonical":"https:\/\/puhdasplus.ee\/ru\/\u043f\u0440\u043e\u0434\u0443\u043a\u0442\u044b\/%d0%b2%d0%b8%d1%82%d0%b0%d0%bc%d0%b8%d0%bd%d1%8b\/pehmovita-multivitamiini-oun-kummikommid-75-tk\/","og_locale":"ru_RU","og_type":"article","og_title":"PehmoVita Multivitamiin \u00d5una Kummikommid 75 tk | Puhdas+","og_description":"Maitsev multivitamiin kogu perele \u2013 9 vitamiini pehmetes kummikommides. Ilma suhkru, \u017eelatiini ja kunstlike v\u00e4rvaineteta. Sobib ka lastele.","og_url":"https:\/\/puhdasplus.ee\/ru\/\u043f\u0440\u043e\u0434\u0443\u043a\u0442\u044b\/%d0%b2%d0%b8%d1%82%d0%b0%d0%bc%d0%b8%d0%bd%d1%8b\/pehmovita-multivitamiini-oun-kummikommid-75-tk\/","og_site_name":"Puhdas+","article_publisher":"https:\/\/www.facebook.com\/puhdasplus","article_modified_time":"2026-05-13T17:00:20+00:00","og_image":[{"width":1862,"height":2560,"url":"https:\/\/puhdasplus.ee\/wp-content\/uploads\/2026\/04\/PehmoVita-multivitamiini-oun-kummikommid-75-tk-scaled.jpg","type":"image\/jpeg"}],"twitter_card":"summary_large_image","twitter_misc":{"\u041f\u0440\u0438\u043c\u0435\u0440\u043d\u043e\u0435 \u0432\u0440\u0435\u043c\u044f \u0434\u043b\u044f \u0447\u0442\u0435\u043d\u0438\u044f":"2 \u043c\u0438\u043d\u0443\u0442\u0430"},"schema":{"@context":"https:\/\/schema.org","@graph":[{"@type":"WebPage","@id":"https:\/\/puhdasplus.ee\/ru\/\u043f\u0440\u043e\u0434\u0443\u043a\u0442\u044b\/%d0%b2%d0%b8%d1%82%d0%b0%d0%bc%d0%b8%d0%bd%d1%8b\/pehmovita-multivitamiini-oun-kummikommid-75-tk\/","url":"https:\/\/puhdasplus.ee\/ru\/\u043f\u0440\u043e\u0434\u0443\u043a\u0442\u044b\/%d0%b2%d0%b8%d1%82%d0%b0%d0%bc%d0%b8%d0%bd%d1%8b\/pehmovita-multivitamiini-oun-kummikommid-75-tk\/","name":"PehmoVita Multivitamiin \u00d5una Kummikommid 75 tk | Puhdas+","isPartOf":{"@id":"https:\/\/puhdasplus.ee\/ru\/#website"},"primaryImageOfPage":{"@id":"https:\/\/puhdasplus.ee\/ru\/\u043f\u0440\u043e\u0434\u0443\u043a\u0442\u044b\/%d0%b2%d0%b8%d1%82%d0%b0%d0%bc%d0%b8%d0%bd%d1%8b\/pehmovita-multivitamiini-oun-kummikommid-75-tk\/#primaryimage"},"image":{"@id":"https:\/\/puhdasplus.ee\/ru\/\u043f\u0440\u043e\u0434\u0443\u043a\u0442\u044b\/%d0%b2%d0%b8%d1%82%d0%b0%d0%bc%d0%b8%d0%bd%d1%8b\/pehmovita-multivitamiini-oun-kummikommid-75-tk\/#primaryimage"},"thumbnailUrl":"https:\/\/puhdasplus.ee\/wp-content\/uploads\/2026\/04\/PehmoVita-multivitamiini-oun-kummikommid-75-tk-scaled.jpg","datePublished":"2026-04-21T10:15:35+00:00","dateModified":"2026-05-13T17:00:20+00:00","description":"Maitsev multivitamiin kogu perele \u2013 9 vitamiini pehmetes kummikommides. Ilma suhkru, \u017eelatiini ja kunstlike v\u00e4rvaineteta. Sobib ka lastele.","breadcrumb":{"@id":"https:\/\/puhdasplus.ee\/ru\/\u043f\u0440\u043e\u0434\u0443\u043a\u0442\u044b\/%d0%b2%d0%b8%d1%82%d0%b0%d0%bc%d0%b8%d0%bd%d1%8b\/pehmovita-multivitamiini-oun-kummikommid-75-tk\/#breadcrumb"},"inLanguage":"ru-RU","potentialAction":[{"@type":"ReadAction","target":["https:\/\/puhdasplus.ee\/ru\/\u043f\u0440\u043e\u0434\u0443\u043a\u0442\u044b\/%d0%b2%d0%b8%d1%82%d0%b0%d0%bc%d0%b8%d0%bd%d1%8b\/pehmovita-multivitamiini-oun-kummikommid-75-tk\/"]}]},{"@type":"ImageObject","inLanguage":"ru-RU","@id":"https:\/\/puhdasplus.ee\/ru\/\u043f\u0440\u043e\u0434\u0443\u043a\u0442\u044b\/%d0%b2%d0%b8%d1%82%d0%b0%d0%bc%d0%b8%d0%bd%d1%8b\/pehmovita-multivitamiini-oun-kummikommid-75-tk\/#primaryimage","url":"https:\/\/puhdasplus.ee\/wp-content\/uploads\/2026\/04\/PehmoVita-multivitamiini-oun-kummikommid-75-tk-scaled.jpg","contentUrl":"https:\/\/puhdasplus.ee\/wp-content\/uploads\/2026\/04\/PehmoVita-multivitamiini-oun-kummikommid-75-tk-scaled.jpg","width":1862,"height":2560,"caption":"PehmoVita multivitamiini \u00f5un kummikommid 75 tk"},{"@type":"BreadcrumbList","@id":"https:\/\/puhdasplus.ee\/ru\/\u043f\u0440\u043e\u0434\u0443\u043a\u0442\u044b\/%d0%b2%d0%b8%d1%82%d0%b0%d0%bc%d0%b8%d0%bd%d1%8b\/pehmovita-multivitamiini-oun-kummikommid-75-tk\/#breadcrumb","itemListElement":[{"@type":"ListItem","position":1,"name":"\u0414\u043e\u043c","item":"https:\/\/puhdasplus.ee\/ru\/"},{"@type":"ListItem","position":2,"name":"\u041f\u0440\u043e\u0434\u0443\u043a\u0442\u044b","item":"https:\/\/puhdasplus.ee\/ru\/%d0%bc%d0%b0%d0%b3%d0%b0%d0%b7%d0%b8%d0%bd\/"},{"@type":"ListItem","position":3,"name":"PehmoVita multivitamiini \u00f5un kummikommid 75 tk"}]},{"@type":"WebSite","@id":"https:\/\/puhdasplus.ee\/ru\/#website","url":"https:\/\/puhdasplus.ee\/ru\/","name":"Puhdas+","description":"\u0412\u0438\u0442\u0430\u043c\u0438\u043d\u044b, \u043f\u0438\u0449\u0435\u0432\u044b\u0435 \u0434\u043e\u0431\u0430\u0432\u043a\u0438, \u043d\u0430\u0442\u0443\u0440\u0430\u043b\u044c\u043d\u0430\u044f \u043a\u043e\u0441\u043c\u0435\u0442\u0438\u043a\u0430, \u0437\u0434\u043e\u0440\u043e\u0432\u044c\u0435, \u0441\u043f\u043e\u0440\u0442","publisher":{"@id":"https:\/\/puhdasplus.ee\/ru\/#organization"},"potentialAction":[{"@type":"SearchAction","target":{"@type":"EntryPoint","urlTemplate":"https:\/\/puhdasplus.ee\/ru\/?s={search_term_string}"},"query-input":{"@type":"PropertyValueSpecification","valueRequired":true,"valueName":"search_term_string"}}],"inLanguage":"ru-RU"},{"@type":"Organization","@id":"https:\/\/puhdasplus.ee\/ru\/#organization","name":"Puhdas+","alternateName":"Puhdasplus","url":"https:\/\/puhdasplus.ee\/ru\/","logo":{"@type":"ImageObject","inLanguage":"ru-RU","@id":"https:\/\/puhdasplus.ee\/ru\/#\/schema\/logo\/image\/","url":"https:\/\/puhdasplus.ee\/wp-content\/uploads\/2019\/10\/puhdas_logo-arvele.png","contentUrl":"https:\/\/puhdasplus.ee\/wp-content\/uploads\/2019\/10\/puhdas_logo-arvele.png","width":114,"height":94,"caption":"Puhdas+"},"image":{"@id":"https:\/\/puhdasplus.ee\/ru\/#\/schema\/logo\/image\/"},"sameAs":["https:\/\/www.facebook.com\/puhdasplus","https:\/\/www.instagram.com\/puhdasplus_ee\/"]}]}},"_yoast_wpseo_title":"PehmoVita Multivitamiin \u00d5una Kummikommid 75 tk | Puhdas+","_yoast_wpseo_metadesc":"Maitsev multivitamiin kogu perele \u2013 9 vitamiini pehmetes kummikommides. Ilma suhkru, \u017eelatiini ja kunstlike v\u00e4rvaineteta. Sobib ka lastele.","_yoast_wpseo_focuskw":"multivitamiin kummikommid","_links":{"self":[{"href":"https:\/\/puhdasplus.ee\/ru\/wp-json\/wp\/v2\/product\/361177","targetHints":{"allow":["GET"]}}],"collection":[{"href":"https:\/\/puhdasplus.ee\/ru\/wp-json\/wp\/v2\/product"}],"about":[{"href":"https:\/\/puhdasplus.ee\/ru\/wp-json\/wp\/v2\/types\/product"}],"replies":[{"embeddable":true,"href":"https:\/\/puhdasplus.ee\/ru\/wp-json\/wp\/v2\/comments?post=361177"}],"wp:featuredmedia":[{"embeddable":true,"href":"https:\/\/puhdasplus.ee\/ru\/wp-json\/wp\/v2\/media\/361454"}],"wp:attachment":[{"href":"https:\/\/puhdasplus.ee\/ru\/wp-json\/wp\/v2\/media?parent=361177"}],"wp:term":[{"taxonomy":"product_brand","embeddable":true,"href":"https:\/\/puhdasplus.ee\/ru\/wp-json\/wp\/v2\/product_brand?post=361177"},{"taxonomy":"product_cat","embeddable":true,"href":"https:\/\/puhdasplus.ee\/ru\/wp-json\/wp\/v2\/product_cat?post=361177"},{"taxonomy":"product_tag","embeddable":true,"href":"https:\/\/puhdasplus.ee\/ru\/wp-json\/wp\/v2\/product_tag?post=361177"}],"curies":[{"name":"wp","href":"https:\/\/api.w.org\/{rel}","templated":true}]}}