{"id":359851,"date":"2026-03-30T21:53:35","date_gmt":"2026-03-30T18:53:35","guid":{"rendered":"https:\/\/puhdasplus.ee\/?post_type=product&#038;p=359851"},"modified":"2026-04-06T13:41:16","modified_gmt":"2026-04-06T10:41:16","slug":"nisuiduoli-250-ml","status":"publish","type":"product","link":"https:\/\/puhdasplus.ee\/ru\/tooted\/%d1%81%d1%83%d0%bf%d0%b5%d1%80%d1%84%d1%83%d0%b4\/nisuiduoli-250-ml\/","title":{"rendered":"Nisuidu\u00f5li 250 ml"},"content":{"rendered":"<p><strong>Puhdas+ Nisuidu\u00f5li<\/strong>\u00a0 valmistatud nisuterade idust \u2013 tera k\u00f5ige toitainerikkamast osast.<\/p>\n<ul>\n<li>Rikas E-vitamiini allikas<\/li>\n<li>Sisaldab Omega-rasvhappeid<\/li>\n<li>K\u00fclmpressitud<\/li>\n<\/ul>\n<p>&nbsp;<\/p>\n<h2><strong>Kasutamisjuhend<\/strong><\/h2>\n<p>1 teelusikat\u00e4is (5 ml) p\u00e4evas, segatuna jookidesse v\u00f5i salatikastmena.<\/p>\n<p>&nbsp;<\/p>\n<h2><strong>Koostisosad<\/strong><\/h2>\n<p>100% nisuidu\u00f5li<\/p>\n<p>&nbsp;<\/p>\n<h2><strong>Toitainesisaldus \u00fches teelusikas ( 5 ml )<\/strong><\/h2>\n<ul data-start=\"32\" data-end=\"254\">\n<li data-section-id=\"da6rxr\" data-start=\"32\" data-end=\"56\"><strong data-start=\"34\" data-end=\"49\">Nisuidu\u00f5li:<\/strong> 5 ml<\/li>\n<li data-section-id=\"17ozwl9\" data-start=\"57\" data-end=\"94\"><strong data-start=\"59\" data-end=\"84\">Oleiinhape (Omega-9):<\/strong> 1150 mg<\/li>\n<li data-section-id=\"dvsmy8\" data-start=\"95\" data-end=\"132\"><strong data-start=\"97\" data-end=\"122\">Linoolhape (Omega-6):<\/strong> 2280 mg<\/li>\n<li data-section-id=\"1xm0woq\" data-start=\"133\" data-end=\"174\"><strong data-start=\"135\" data-end=\"166\">Palmitoleiinhape (Omega-7):<\/strong> 23 mg<\/li>\n<li data-section-id=\"96byju\" data-start=\"175\" data-end=\"218\"><strong data-start=\"177\" data-end=\"209\">Alfa-linoleenhape (Omega-3):<\/strong> 230 mg<\/li>\n<li data-section-id=\"yvx05m\" data-start=\"219\" data-end=\"254\"><strong data-start=\"221\" data-end=\"236\">E-vitamiin:<\/strong> 10,4 mg (<em data-start=\"246\" data-end=\"251\">86%<\/em>)<\/li>\n<\/ul>\n<p data-start=\"256\" data-end=\"286\" data-is-last-node=\"\" data-is-only-node=\"\">* % p\u00e4evasest v\u00f5rdluskogusest t\u00e4iskasvanutele<\/p>\n<p>&nbsp;<\/p>\n<h2><strong>Hoiatused<\/strong><\/h2>\n<p>Hoida lastele k\u00e4ttesaamatus kohas. Toidulisand ei asenda mitmekesist ja tasakaalustatud toitumist ega tervislikku eluviisi. \u00c4rge \u00fcletage soovituslikku p\u00e4evaannust.<\/p>\n","protected":false},"excerpt":{"rendered":"<p><b>Puhdas+ Nisuidu\u00f5li 250 ml<\/b> on k\u00fclmpressitud nisuidu \u00f5li, mis sisaldab rohkelt E-vitamiini ja Omega-rasvhappeid.<\/p>\n","protected":false},"featured_media":360002,"comment_status":"open","ping_status":"closed","template":"","meta":{"_acf_changed":false,"googlesitekit_rrm_CAow3eq7DA:productID":""},"product_brand":[],"product_cat":[515],"product_tag":[8167,847,8440,8166],"class_list":{"0":"post-359851","1":"product","2":"type-product","3":"status-publish","4":"has-post-thumbnail","6":"product_cat-superfood","7":"product_tag-looduslik","8":"product_tag-naha-tervis","9":"product_tag-nisuidu-oli","10":"product_tag-soome-kvaliteet","12":"first","13":"onbackorder","14":"taxable","15":"shipping-taxable","16":"purchasable","17":"product-type-simple"},"acf":[],"yoast_head":"<!-- This site is optimized with the Yoast SEO plugin v27.3 - https:\/\/yoast.com\/product\/yoast-seo-wordpress\/ -->\n<title>Nisuidu\u00f5li 250 ml | Puhdas+<\/title>\n<meta name=\"description\" content=\"Puhdas+ Nisuidu \u00f5li 250 ml \u2013 k\u00fclmpressitud ja toitaineterikas \u00f5li, sisaldab looduslikult E-vitamiini ja rasvhappeid. Sobib igap\u00e4evaseks kasutamiseks.\" \/>\n<meta name=\"robots\" content=\"index, follow, max-snippet:-1, max-image-preview:large, max-video-preview:-1\" \/>\n<link rel=\"canonical\" href=\"https:\/\/puhdasplus.ee\/ru\/tooted\/%d1%81%d1%83%d0%bf%d0%b5%d1%80%d1%84%d1%83%d0%b4\/nisuiduoli-250-ml\/\" \/>\n<meta property=\"og:locale\" content=\"ru_RU\" \/>\n<meta property=\"og:type\" content=\"article\" \/>\n<meta property=\"og:title\" content=\"Nisuidu\u00f5li 250 ml | Puhdas+\" \/>\n<meta property=\"og:description\" content=\"Puhdas+ Nisuidu \u00f5li 250 ml \u2013 k\u00fclmpressitud ja toitaineterikas \u00f5li, sisaldab looduslikult E-vitamiini ja rasvhappeid. Sobib igap\u00e4evaseks kasutamiseks.\" \/>\n<meta property=\"og:url\" content=\"https:\/\/puhdasplus.ee\/ru\/tooted\/%d1%81%d1%83%d0%bf%d0%b5%d1%80%d1%84%d1%83%d0%b4\/nisuiduoli-250-ml\/\" \/>\n<meta property=\"og:site_name\" content=\"Puhdas+\" \/>\n<meta property=\"article:publisher\" content=\"https:\/\/www.facebook.com\/puhdasplus\" \/>\n<meta property=\"article:modified_time\" content=\"2026-04-06T10:41:16+00:00\" \/>\n<meta property=\"og:image\" content=\"https:\/\/puhdasplus.ee\/wp-content\/uploads\/2026\/03\/tooted-ilma-taustata-3.jpg\" \/>\n\t<meta property=\"og:image:width\" content=\"1280\" \/>\n\t<meta property=\"og:image:height\" content=\"1760\" \/>\n\t<meta property=\"og:image:type\" content=\"image\/jpeg\" \/>\n<meta name=\"twitter:card\" content=\"summary_large_image\" \/>\n<meta name=\"twitter:label1\" content=\"\u041f\u0440\u0438\u043c\u0435\u0440\u043d\u043e\u0435 \u0432\u0440\u0435\u043c\u044f \u0434\u043b\u044f \u0447\u0442\u0435\u043d\u0438\u044f\" \/>\n\t<meta name=\"twitter:data1\" content=\"1 \u043c\u0438\u043d\u0443\u0442\u0430\" \/>\n<script type=\"application\/ld+json\" class=\"yoast-schema-graph\">{\"@context\":\"https:\\\/\\\/schema.org\",\"@graph\":[{\"@type\":\"WebPage\",\"@id\":\"https:\\\/\\\/puhdasplus.ee\\\/ru\\\/tooted\\\/%d1%81%d1%83%d0%bf%d0%b5%d1%80%d1%84%d1%83%d0%b4\\\/nisuiduoli-250-ml\\\/\",\"url\":\"https:\\\/\\\/puhdasplus.ee\\\/ru\\\/tooted\\\/%d1%81%d1%83%d0%bf%d0%b5%d1%80%d1%84%d1%83%d0%b4\\\/nisuiduoli-250-ml\\\/\",\"name\":\"Nisuidu\u00f5li 250 ml | Puhdas+\",\"isPartOf\":{\"@id\":\"https:\\\/\\\/puhdasplus.ee\\\/ru\\\/#website\"},\"primaryImageOfPage\":{\"@id\":\"https:\\\/\\\/puhdasplus.ee\\\/ru\\\/tooted\\\/%d1%81%d1%83%d0%bf%d0%b5%d1%80%d1%84%d1%83%d0%b4\\\/nisuiduoli-250-ml\\\/#primaryimage\"},\"image\":{\"@id\":\"https:\\\/\\\/puhdasplus.ee\\\/ru\\\/tooted\\\/%d1%81%d1%83%d0%bf%d0%b5%d1%80%d1%84%d1%83%d0%b4\\\/nisuiduoli-250-ml\\\/#primaryimage\"},\"thumbnailUrl\":\"https:\\\/\\\/puhdasplus.ee\\\/wp-content\\\/uploads\\\/2026\\\/03\\\/tooted-ilma-taustata-3.jpg\",\"datePublished\":\"2026-03-30T18:53:35+00:00\",\"dateModified\":\"2026-04-06T10:41:16+00:00\",\"description\":\"Puhdas+ Nisuidu \u00f5li 250 ml \u2013 k\u00fclmpressitud ja toitaineterikas \u00f5li, sisaldab looduslikult E-vitamiini ja rasvhappeid. Sobib igap\u00e4evaseks kasutamiseks.\",\"breadcrumb\":{\"@id\":\"https:\\\/\\\/puhdasplus.ee\\\/ru\\\/tooted\\\/%d1%81%d1%83%d0%bf%d0%b5%d1%80%d1%84%d1%83%d0%b4\\\/nisuiduoli-250-ml\\\/#breadcrumb\"},\"inLanguage\":\"ru-RU\",\"potentialAction\":[{\"@type\":\"ReadAction\",\"target\":[\"https:\\\/\\\/puhdasplus.ee\\\/ru\\\/tooted\\\/%d1%81%d1%83%d0%bf%d0%b5%d1%80%d1%84%d1%83%d0%b4\\\/nisuiduoli-250-ml\\\/\"]}]},{\"@type\":\"ImageObject\",\"inLanguage\":\"ru-RU\",\"@id\":\"https:\\\/\\\/puhdasplus.ee\\\/ru\\\/tooted\\\/%d1%81%d1%83%d0%bf%d0%b5%d1%80%d1%84%d1%83%d0%b4\\\/nisuiduoli-250-ml\\\/#primaryimage\",\"url\":\"https:\\\/\\\/puhdasplus.ee\\\/wp-content\\\/uploads\\\/2026\\\/03\\\/tooted-ilma-taustata-3.jpg\",\"contentUrl\":\"https:\\\/\\\/puhdasplus.ee\\\/wp-content\\\/uploads\\\/2026\\\/03\\\/tooted-ilma-taustata-3.jpg\",\"width\":1280,\"height\":1760,\"caption\":\"Nisuidu \u00f5li 250 ml\"},{\"@type\":\"BreadcrumbList\",\"@id\":\"https:\\\/\\\/puhdasplus.ee\\\/ru\\\/tooted\\\/%d1%81%d1%83%d0%bf%d0%b5%d1%80%d1%84%d1%83%d0%b4\\\/nisuiduoli-250-ml\\\/#breadcrumb\",\"itemListElement\":[{\"@type\":\"ListItem\",\"position\":1,\"name\":\"\u0414\u043e\u043c\",\"item\":\"https:\\\/\\\/puhdasplus.ee\\\/ru\\\/\"},{\"@type\":\"ListItem\",\"position\":2,\"name\":\"\u041f\u0440\u043e\u0434\u0443\u043a\u0442\u044b\",\"item\":\"https:\\\/\\\/puhdasplus.ee\\\/ru\\\/%d0%bc%d0%b0%d0%b3%d0%b0%d0%b7%d0%b8%d0%bd\\\/\"},{\"@type\":\"ListItem\",\"position\":3,\"name\":\"Nisuidu\u00f5li 250 ml\"}]},{\"@type\":\"WebSite\",\"@id\":\"https:\\\/\\\/puhdasplus.ee\\\/ru\\\/#website\",\"url\":\"https:\\\/\\\/puhdasplus.ee\\\/ru\\\/\",\"name\":\"Puhdas+\",\"description\":\"\u0412\u0438\u0442\u0430\u043c\u0438\u043d\u044b, \u043f\u0438\u0449\u0435\u0432\u044b\u0435 \u0434\u043e\u0431\u0430\u0432\u043a\u0438, \u043d\u0430\u0442\u0443\u0440\u0430\u043b\u044c\u043d\u0430\u044f \u043a\u043e\u0441\u043c\u0435\u0442\u0438\u043a\u0430, \u0437\u0434\u043e\u0440\u043e\u0432\u044c\u0435, \u0441\u043f\u043e\u0440\u0442\",\"publisher\":{\"@id\":\"https:\\\/\\\/puhdasplus.ee\\\/ru\\\/#organization\"},\"potentialAction\":[{\"@type\":\"SearchAction\",\"target\":{\"@type\":\"EntryPoint\",\"urlTemplate\":\"https:\\\/\\\/puhdasplus.ee\\\/ru\\\/?s={search_term_string}\"},\"query-input\":{\"@type\":\"PropertyValueSpecification\",\"valueRequired\":true,\"valueName\":\"search_term_string\"}}],\"inLanguage\":\"ru-RU\"},{\"@type\":\"Organization\",\"@id\":\"https:\\\/\\\/puhdasplus.ee\\\/ru\\\/#organization\",\"name\":\"Puhdas+\",\"alternateName\":\"Puhdasplus\",\"url\":\"https:\\\/\\\/puhdasplus.ee\\\/ru\\\/\",\"logo\":{\"@type\":\"ImageObject\",\"inLanguage\":\"ru-RU\",\"@id\":\"https:\\\/\\\/puhdasplus.ee\\\/ru\\\/#\\\/schema\\\/logo\\\/image\\\/\",\"url\":\"https:\\\/\\\/puhdasplus.ee\\\/wp-content\\\/uploads\\\/2019\\\/10\\\/puhdas_logo-arvele.png\",\"contentUrl\":\"https:\\\/\\\/puhdasplus.ee\\\/wp-content\\\/uploads\\\/2019\\\/10\\\/puhdas_logo-arvele.png\",\"width\":114,\"height\":94,\"caption\":\"Puhdas+\"},\"image\":{\"@id\":\"https:\\\/\\\/puhdasplus.ee\\\/ru\\\/#\\\/schema\\\/logo\\\/image\\\/\"},\"sameAs\":[\"https:\\\/\\\/www.facebook.com\\\/puhdasplus\",\"https:\\\/\\\/www.instagram.com\\\/puhdasplus_ee\\\/\"]}]}<\/script>\n<!-- \/ Yoast SEO plugin. -->","yoast_head_json":{"title":"Nisuidu\u00f5li 250 ml | Puhdas+","description":"Puhdas+ Nisuidu \u00f5li 250 ml \u2013 k\u00fclmpressitud ja toitaineterikas \u00f5li, sisaldab looduslikult E-vitamiini ja rasvhappeid. Sobib igap\u00e4evaseks kasutamiseks.","robots":{"index":"index","follow":"follow","max-snippet":"max-snippet:-1","max-image-preview":"max-image-preview:large","max-video-preview":"max-video-preview:-1"},"canonical":"https:\/\/puhdasplus.ee\/ru\/tooted\/%d1%81%d1%83%d0%bf%d0%b5%d1%80%d1%84%d1%83%d0%b4\/nisuiduoli-250-ml\/","og_locale":"ru_RU","og_type":"article","og_title":"Nisuidu\u00f5li 250 ml | Puhdas+","og_description":"Puhdas+ Nisuidu \u00f5li 250 ml \u2013 k\u00fclmpressitud ja toitaineterikas \u00f5li, sisaldab looduslikult E-vitamiini ja rasvhappeid. Sobib igap\u00e4evaseks kasutamiseks.","og_url":"https:\/\/puhdasplus.ee\/ru\/tooted\/%d1%81%d1%83%d0%bf%d0%b5%d1%80%d1%84%d1%83%d0%b4\/nisuiduoli-250-ml\/","og_site_name":"Puhdas+","article_publisher":"https:\/\/www.facebook.com\/puhdasplus","article_modified_time":"2026-04-06T10:41:16+00:00","og_image":[{"width":1280,"height":1760,"url":"https:\/\/puhdasplus.ee\/wp-content\/uploads\/2026\/03\/tooted-ilma-taustata-3.jpg","type":"image\/jpeg"}],"twitter_card":"summary_large_image","twitter_misc":{"\u041f\u0440\u0438\u043c\u0435\u0440\u043d\u043e\u0435 \u0432\u0440\u0435\u043c\u044f \u0434\u043b\u044f \u0447\u0442\u0435\u043d\u0438\u044f":"1 \u043c\u0438\u043d\u0443\u0442\u0430"},"schema":{"@context":"https:\/\/schema.org","@graph":[{"@type":"WebPage","@id":"https:\/\/puhdasplus.ee\/ru\/tooted\/%d1%81%d1%83%d0%bf%d0%b5%d1%80%d1%84%d1%83%d0%b4\/nisuiduoli-250-ml\/","url":"https:\/\/puhdasplus.ee\/ru\/tooted\/%d1%81%d1%83%d0%bf%d0%b5%d1%80%d1%84%d1%83%d0%b4\/nisuiduoli-250-ml\/","name":"Nisuidu\u00f5li 250 ml | Puhdas+","isPartOf":{"@id":"https:\/\/puhdasplus.ee\/ru\/#website"},"primaryImageOfPage":{"@id":"https:\/\/puhdasplus.ee\/ru\/tooted\/%d1%81%d1%83%d0%bf%d0%b5%d1%80%d1%84%d1%83%d0%b4\/nisuiduoli-250-ml\/#primaryimage"},"image":{"@id":"https:\/\/puhdasplus.ee\/ru\/tooted\/%d1%81%d1%83%d0%bf%d0%b5%d1%80%d1%84%d1%83%d0%b4\/nisuiduoli-250-ml\/#primaryimage"},"thumbnailUrl":"https:\/\/puhdasplus.ee\/wp-content\/uploads\/2026\/03\/tooted-ilma-taustata-3.jpg","datePublished":"2026-03-30T18:53:35+00:00","dateModified":"2026-04-06T10:41:16+00:00","description":"Puhdas+ Nisuidu \u00f5li 250 ml \u2013 k\u00fclmpressitud ja toitaineterikas \u00f5li, sisaldab looduslikult E-vitamiini ja rasvhappeid. Sobib igap\u00e4evaseks kasutamiseks.","breadcrumb":{"@id":"https:\/\/puhdasplus.ee\/ru\/tooted\/%d1%81%d1%83%d0%bf%d0%b5%d1%80%d1%84%d1%83%d0%b4\/nisuiduoli-250-ml\/#breadcrumb"},"inLanguage":"ru-RU","potentialAction":[{"@type":"ReadAction","target":["https:\/\/puhdasplus.ee\/ru\/tooted\/%d1%81%d1%83%d0%bf%d0%b5%d1%80%d1%84%d1%83%d0%b4\/nisuiduoli-250-ml\/"]}]},{"@type":"ImageObject","inLanguage":"ru-RU","@id":"https:\/\/puhdasplus.ee\/ru\/tooted\/%d1%81%d1%83%d0%bf%d0%b5%d1%80%d1%84%d1%83%d0%b4\/nisuiduoli-250-ml\/#primaryimage","url":"https:\/\/puhdasplus.ee\/wp-content\/uploads\/2026\/03\/tooted-ilma-taustata-3.jpg","contentUrl":"https:\/\/puhdasplus.ee\/wp-content\/uploads\/2026\/03\/tooted-ilma-taustata-3.jpg","width":1280,"height":1760,"caption":"Nisuidu \u00f5li 250 ml"},{"@type":"BreadcrumbList","@id":"https:\/\/puhdasplus.ee\/ru\/tooted\/%d1%81%d1%83%d0%bf%d0%b5%d1%80%d1%84%d1%83%d0%b4\/nisuiduoli-250-ml\/#breadcrumb","itemListElement":[{"@type":"ListItem","position":1,"name":"\u0414\u043e\u043c","item":"https:\/\/puhdasplus.ee\/ru\/"},{"@type":"ListItem","position":2,"name":"\u041f\u0440\u043e\u0434\u0443\u043a\u0442\u044b","item":"https:\/\/puhdasplus.ee\/ru\/%d0%bc%d0%b0%d0%b3%d0%b0%d0%b7%d0%b8%d0%bd\/"},{"@type":"ListItem","position":3,"name":"Nisuidu\u00f5li 250 ml"}]},{"@type":"WebSite","@id":"https:\/\/puhdasplus.ee\/ru\/#website","url":"https:\/\/puhdasplus.ee\/ru\/","name":"Puhdas+","description":"\u0412\u0438\u0442\u0430\u043c\u0438\u043d\u044b, \u043f\u0438\u0449\u0435\u0432\u044b\u0435 \u0434\u043e\u0431\u0430\u0432\u043a\u0438, \u043d\u0430\u0442\u0443\u0440\u0430\u043b\u044c\u043d\u0430\u044f \u043a\u043e\u0441\u043c\u0435\u0442\u0438\u043a\u0430, \u0437\u0434\u043e\u0440\u043e\u0432\u044c\u0435, \u0441\u043f\u043e\u0440\u0442","publisher":{"@id":"https:\/\/puhdasplus.ee\/ru\/#organization"},"potentialAction":[{"@type":"SearchAction","target":{"@type":"EntryPoint","urlTemplate":"https:\/\/puhdasplus.ee\/ru\/?s={search_term_string}"},"query-input":{"@type":"PropertyValueSpecification","valueRequired":true,"valueName":"search_term_string"}}],"inLanguage":"ru-RU"},{"@type":"Organization","@id":"https:\/\/puhdasplus.ee\/ru\/#organization","name":"Puhdas+","alternateName":"Puhdasplus","url":"https:\/\/puhdasplus.ee\/ru\/","logo":{"@type":"ImageObject","inLanguage":"ru-RU","@id":"https:\/\/puhdasplus.ee\/ru\/#\/schema\/logo\/image\/","url":"https:\/\/puhdasplus.ee\/wp-content\/uploads\/2019\/10\/puhdas_logo-arvele.png","contentUrl":"https:\/\/puhdasplus.ee\/wp-content\/uploads\/2019\/10\/puhdas_logo-arvele.png","width":114,"height":94,"caption":"Puhdas+"},"image":{"@id":"https:\/\/puhdasplus.ee\/ru\/#\/schema\/logo\/image\/"},"sameAs":["https:\/\/www.facebook.com\/puhdasplus","https:\/\/www.instagram.com\/puhdasplus_ee\/"]}]}},"_yoast_wpseo_title":"Nisuidu\u00f5li 250 ml | Puhdas+","_yoast_wpseo_metadesc":"Puhdas+ Nisuidu \u00f5li 250 ml \u2013 k\u00fclmpressitud ja toitaineterikas \u00f5li, sisaldab looduslikult E-vitamiini ja rasvhappeid. Sobib igap\u00e4evaseks kasutamiseks.","_yoast_wpseo_focuskw":"nisuidu\u00f5li","_links":{"self":[{"href":"https:\/\/puhdasplus.ee\/ru\/wp-json\/wp\/v2\/product\/359851","targetHints":{"allow":["GET"]}}],"collection":[{"href":"https:\/\/puhdasplus.ee\/ru\/wp-json\/wp\/v2\/product"}],"about":[{"href":"https:\/\/puhdasplus.ee\/ru\/wp-json\/wp\/v2\/types\/product"}],"replies":[{"embeddable":true,"href":"https:\/\/puhdasplus.ee\/ru\/wp-json\/wp\/v2\/comments?post=359851"}],"wp:featuredmedia":[{"embeddable":true,"href":"https:\/\/puhdasplus.ee\/ru\/wp-json\/wp\/v2\/media\/360002"}],"wp:attachment":[{"href":"https:\/\/puhdasplus.ee\/ru\/wp-json\/wp\/v2\/media?parent=359851"}],"wp:term":[{"taxonomy":"product_brand","embeddable":true,"href":"https:\/\/puhdasplus.ee\/ru\/wp-json\/wp\/v2\/product_brand?post=359851"},{"taxonomy":"product_cat","embeddable":true,"href":"https:\/\/puhdasplus.ee\/ru\/wp-json\/wp\/v2\/product_cat?post=359851"},{"taxonomy":"product_tag","embeddable":true,"href":"https:\/\/puhdasplus.ee\/ru\/wp-json\/wp\/v2\/product_tag?post=359851"}],"curies":[{"name":"wp","href":"https:\/\/api.w.org\/{rel}","templated":true}]}}