{"id":359848,"date":"2026-03-30T21:53:25","date_gmt":"2026-03-30T18:53:25","guid":{"rendered":"https:\/\/puhdasplus.ee\/?post_type=product&#038;p=359848"},"modified":"2026-04-06T12:33:10","modified_gmt":"2026-04-06T09:33:10","slug":"kaaritatud-pohlamahlajook-400-ml","status":"publish","type":"product","link":"https:\/\/puhdasplus.ee\/ru\/tooted\/%d0%bd%d0%b0%d0%bf%d0%b8%d1%82%d0%ba%d0%b8\/kaaritatud-pohlamahlajook-400-ml\/","title":{"rendered":"K\u00e4\u00e4ritatud pohlamahlajook 400 ml"},"content":{"rendered":"<p data-start=\"127\" data-end=\"349\">K\u00e4\u00e4ritatud pohlamahlajook on valmistatud kodumaisest pohlast k\u00e4\u00e4ritamise teel. Tootmisprotsess v\u00e4hendab looduslikku suhkrusisaldust ning s\u00e4ilitab marjades leiduvad bioaktiivsed \u00fchendid, nagu pol\u00fcfenoolid ja antots\u00fcaniinid.<\/p>\n<p data-start=\"351\" data-end=\"440\">Toode on puhta koostisega, ilma lisaaineteta ning sobib veganitele.<br data-start=\"418\" data-end=\"421\" \/>Valmistatud Soomes.<\/p>\n<h3 data-section-id=\"1yu436u\" data-start=\"447\" data-end=\"463\"><span role=\"text\"><strong data-start=\"451\" data-end=\"463\">Omadused<\/strong><\/span><\/h3>\n<ul data-start=\"464\" data-end=\"575\">\n<li data-section-id=\"1fb9ito\" data-start=\"464\" data-end=\"493\">V\u00e4ikese suhkrusisaldusega<\/li>\n<li data-section-id=\"ie9olt\" data-start=\"494\" data-end=\"515\">Ilma lisaaineteta<\/li>\n<li data-section-id=\"qlxgub\" data-start=\"516\" data-end=\"554\">Sisaldab looduslikke marja\u00fchendeid<\/li>\n<li data-section-id=\"5orbx3\" data-start=\"555\" data-end=\"575\">Sobib veganitele<\/li>\n<\/ul>\n<h2>Koostisosad<\/h2>\n<p>Vesi, pohlad, p\u00e4rm (<em data-start=\"622\" data-end=\"648\">Saccharomyces cerevisiae<\/em>).<\/p>\n<h2>Kasutamisjuhend<\/h2>\n<p>10 ml kaks korda p\u00e4evas.<\/p>\n<h2 data-section-id=\"r6hl9j\" data-start=\"712\" data-end=\"731\"><span role=\"text\"><strong data-start=\"716\" data-end=\"731\">S\u00e4ilitamine<\/strong><\/span><\/h2>\n<p data-start=\"732\" data-end=\"793\">Hoida toatemperatuuril. P\u00e4rast avamist s\u00e4ilitada k\u00fclmkapis.<\/p>\n<h2>Hoiatused<\/h2>\n<p>Hoida lastele k\u00e4ttesaamatus kohas. Toidulisand ei asenda mitmekesist ja tasakaalustatud toitumist ega tervislikku eluviisi. \u00c4rge \u00fcletage soovituslikku p\u00e4evaannust.<\/p>\n","protected":false},"excerpt":{"rendered":"<p><b>Puhdas+ K\u00e4\u00e4ritatud pohlamahlajook 400 ml<\/b> on fermenteeritud pohlajook, mis on rikas pol\u00fcfenoolide ja antots\u00fcaniinide poolest. V\u00e4hese suhkrusisaldusega, vegan.<\/p>\n","protected":false},"featured_media":359967,"comment_status":"open","ping_status":"closed","template":"","meta":{"_acf_changed":false,"googlesitekit_rrm_CAow3eq7DA:productID":""},"product_brand":[],"product_cat":[527],"product_tag":[7863,8167,8441,8166],"class_list":{"0":"post-359848","1":"product","2":"type-product","3":"status-publish","4":"has-post-thumbnail","6":"product_cat-joogid","7":"product_tag-jook","8":"product_tag-looduslik","9":"product_tag-pohla","10":"product_tag-soome-kvaliteet","12":"first","13":"onbackorder","14":"taxable","15":"shipping-taxable","16":"purchasable","17":"product-type-simple"},"acf":[],"yoast_head":"<!-- This site is optimized with the Yoast SEO plugin v27.3 - https:\/\/yoast.com\/product\/yoast-seo-wordpress\/ -->\n<title>K\u00e4\u00e4ritatud pohlamahlajook 400 ml | Puhdas+<\/title>\n<meta name=\"description\" content=\"Puhdas+ K\u00e4\u00e4ritatud pohlamahlajook \u2013 fermenteeritud pohlast, v\u00e4hese suhkrusisaldusega ja looduslikult pol\u00fcfenooliderikas jook. Puhas koostis, 400 ml.\" \/>\n<meta name=\"robots\" content=\"index, follow, max-snippet:-1, max-image-preview:large, max-video-preview:-1\" \/>\n<link rel=\"canonical\" href=\"https:\/\/puhdasplus.ee\/ru\/tooted\/%d0%bd%d0%b0%d0%bf%d0%b8%d1%82%d0%ba%d0%b8\/kaaritatud-pohlamahlajook-400-ml\/\" \/>\n<meta property=\"og:locale\" content=\"ru_RU\" \/>\n<meta property=\"og:type\" content=\"article\" \/>\n<meta property=\"og:title\" content=\"K\u00e4\u00e4ritatud pohlamahlajook 400 ml | Puhdas+\" \/>\n<meta property=\"og:description\" content=\"Puhdas+ K\u00e4\u00e4ritatud pohlamahlajook \u2013 fermenteeritud pohlast, v\u00e4hese suhkrusisaldusega ja looduslikult pol\u00fcfenooliderikas jook. Puhas koostis, 400 ml.\" \/>\n<meta property=\"og:url\" content=\"https:\/\/puhdasplus.ee\/ru\/tooted\/%d0%bd%d0%b0%d0%bf%d0%b8%d1%82%d0%ba%d0%b8\/kaaritatud-pohlamahlajook-400-ml\/\" \/>\n<meta property=\"og:site_name\" content=\"Puhdas+\" \/>\n<meta property=\"article:publisher\" content=\"https:\/\/www.facebook.com\/puhdasplus\" \/>\n<meta property=\"article:modified_time\" content=\"2026-04-06T09:33:10+00:00\" \/>\n<meta property=\"og:image\" content=\"https:\/\/puhdasplus.ee\/wp-content\/uploads\/2026\/03\/359848_0-1.png\" \/>\n\t<meta property=\"og:image:width\" content=\"1862\" \/>\n\t<meta property=\"og:image:height\" content=\"2560\" \/>\n\t<meta property=\"og:image:type\" content=\"image\/png\" \/>\n<meta name=\"twitter:card\" content=\"summary_large_image\" \/>\n<meta name=\"twitter:label1\" content=\"\u041f\u0440\u0438\u043c\u0435\u0440\u043d\u043e\u0435 \u0432\u0440\u0435\u043c\u044f \u0434\u043b\u044f \u0447\u0442\u0435\u043d\u0438\u044f\" \/>\n\t<meta name=\"twitter:data1\" content=\"1 \u043c\u0438\u043d\u0443\u0442\u0430\" \/>\n<script type=\"application\/ld+json\" class=\"yoast-schema-graph\">{\"@context\":\"https:\\\/\\\/schema.org\",\"@graph\":[{\"@type\":\"WebPage\",\"@id\":\"https:\\\/\\\/puhdasplus.ee\\\/ru\\\/tooted\\\/%d0%bd%d0%b0%d0%bf%d0%b8%d1%82%d0%ba%d0%b8\\\/kaaritatud-pohlamahlajook-400-ml\\\/\",\"url\":\"https:\\\/\\\/puhdasplus.ee\\\/ru\\\/tooted\\\/%d0%bd%d0%b0%d0%bf%d0%b8%d1%82%d0%ba%d0%b8\\\/kaaritatud-pohlamahlajook-400-ml\\\/\",\"name\":\"K\u00e4\u00e4ritatud pohlamahlajook 400 ml | Puhdas+\",\"isPartOf\":{\"@id\":\"https:\\\/\\\/puhdasplus.ee\\\/ru\\\/#website\"},\"primaryImageOfPage\":{\"@id\":\"https:\\\/\\\/puhdasplus.ee\\\/ru\\\/tooted\\\/%d0%bd%d0%b0%d0%bf%d0%b8%d1%82%d0%ba%d0%b8\\\/kaaritatud-pohlamahlajook-400-ml\\\/#primaryimage\"},\"image\":{\"@id\":\"https:\\\/\\\/puhdasplus.ee\\\/ru\\\/tooted\\\/%d0%bd%d0%b0%d0%bf%d0%b8%d1%82%d0%ba%d0%b8\\\/kaaritatud-pohlamahlajook-400-ml\\\/#primaryimage\"},\"thumbnailUrl\":\"https:\\\/\\\/puhdasplus.ee\\\/wp-content\\\/uploads\\\/2026\\\/03\\\/359848_0-1.png\",\"datePublished\":\"2026-03-30T18:53:25+00:00\",\"dateModified\":\"2026-04-06T09:33:10+00:00\",\"description\":\"Puhdas+ K\u00e4\u00e4ritatud pohlamahlajook \u2013 fermenteeritud pohlast, v\u00e4hese suhkrusisaldusega ja looduslikult pol\u00fcfenooliderikas jook. Puhas koostis, 400 ml.\",\"breadcrumb\":{\"@id\":\"https:\\\/\\\/puhdasplus.ee\\\/ru\\\/tooted\\\/%d0%bd%d0%b0%d0%bf%d0%b8%d1%82%d0%ba%d0%b8\\\/kaaritatud-pohlamahlajook-400-ml\\\/#breadcrumb\"},\"inLanguage\":\"ru-RU\",\"potentialAction\":[{\"@type\":\"ReadAction\",\"target\":[\"https:\\\/\\\/puhdasplus.ee\\\/ru\\\/tooted\\\/%d0%bd%d0%b0%d0%bf%d0%b8%d1%82%d0%ba%d0%b8\\\/kaaritatud-pohlamahlajook-400-ml\\\/\"]}]},{\"@type\":\"ImageObject\",\"inLanguage\":\"ru-RU\",\"@id\":\"https:\\\/\\\/puhdasplus.ee\\\/ru\\\/tooted\\\/%d0%bd%d0%b0%d0%bf%d0%b8%d1%82%d0%ba%d0%b8\\\/kaaritatud-pohlamahlajook-400-ml\\\/#primaryimage\",\"url\":\"https:\\\/\\\/puhdasplus.ee\\\/wp-content\\\/uploads\\\/2026\\\/03\\\/359848_0-1.png\",\"contentUrl\":\"https:\\\/\\\/puhdasplus.ee\\\/wp-content\\\/uploads\\\/2026\\\/03\\\/359848_0-1.png\",\"width\":1862,\"height\":2560,\"caption\":\"K\u00e4\u00e4ritatud pohlamahlajook 400 ml | Puhdas+\"},{\"@type\":\"BreadcrumbList\",\"@id\":\"https:\\\/\\\/puhdasplus.ee\\\/ru\\\/tooted\\\/%d0%bd%d0%b0%d0%bf%d0%b8%d1%82%d0%ba%d0%b8\\\/kaaritatud-pohlamahlajook-400-ml\\\/#breadcrumb\",\"itemListElement\":[{\"@type\":\"ListItem\",\"position\":1,\"name\":\"\u0414\u043e\u043c\",\"item\":\"https:\\\/\\\/puhdasplus.ee\\\/ru\\\/\"},{\"@type\":\"ListItem\",\"position\":2,\"name\":\"\u041f\u0440\u043e\u0434\u0443\u043a\u0442\u044b\",\"item\":\"https:\\\/\\\/puhdasplus.ee\\\/ru\\\/%d0%bc%d0%b0%d0%b3%d0%b0%d0%b7%d0%b8%d0%bd\\\/\"},{\"@type\":\"ListItem\",\"position\":3,\"name\":\"K\u00e4\u00e4ritatud pohlamahlajook 400 ml\"}]},{\"@type\":\"WebSite\",\"@id\":\"https:\\\/\\\/puhdasplus.ee\\\/ru\\\/#website\",\"url\":\"https:\\\/\\\/puhdasplus.ee\\\/ru\\\/\",\"name\":\"Puhdas+\",\"description\":\"\u0412\u0438\u0442\u0430\u043c\u0438\u043d\u044b, \u043f\u0438\u0449\u0435\u0432\u044b\u0435 \u0434\u043e\u0431\u0430\u0432\u043a\u0438, \u043d\u0430\u0442\u0443\u0440\u0430\u043b\u044c\u043d\u0430\u044f \u043a\u043e\u0441\u043c\u0435\u0442\u0438\u043a\u0430, \u0437\u0434\u043e\u0440\u043e\u0432\u044c\u0435, \u0441\u043f\u043e\u0440\u0442\",\"publisher\":{\"@id\":\"https:\\\/\\\/puhdasplus.ee\\\/ru\\\/#organization\"},\"potentialAction\":[{\"@type\":\"SearchAction\",\"target\":{\"@type\":\"EntryPoint\",\"urlTemplate\":\"https:\\\/\\\/puhdasplus.ee\\\/ru\\\/?s={search_term_string}\"},\"query-input\":{\"@type\":\"PropertyValueSpecification\",\"valueRequired\":true,\"valueName\":\"search_term_string\"}}],\"inLanguage\":\"ru-RU\"},{\"@type\":\"Organization\",\"@id\":\"https:\\\/\\\/puhdasplus.ee\\\/ru\\\/#organization\",\"name\":\"Puhdas+\",\"alternateName\":\"Puhdasplus\",\"url\":\"https:\\\/\\\/puhdasplus.ee\\\/ru\\\/\",\"logo\":{\"@type\":\"ImageObject\",\"inLanguage\":\"ru-RU\",\"@id\":\"https:\\\/\\\/puhdasplus.ee\\\/ru\\\/#\\\/schema\\\/logo\\\/image\\\/\",\"url\":\"https:\\\/\\\/puhdasplus.ee\\\/wp-content\\\/uploads\\\/2019\\\/10\\\/puhdas_logo-arvele.png\",\"contentUrl\":\"https:\\\/\\\/puhdasplus.ee\\\/wp-content\\\/uploads\\\/2019\\\/10\\\/puhdas_logo-arvele.png\",\"width\":114,\"height\":94,\"caption\":\"Puhdas+\"},\"image\":{\"@id\":\"https:\\\/\\\/puhdasplus.ee\\\/ru\\\/#\\\/schema\\\/logo\\\/image\\\/\"},\"sameAs\":[\"https:\\\/\\\/www.facebook.com\\\/puhdasplus\",\"https:\\\/\\\/www.instagram.com\\\/puhdasplus_ee\\\/\"]}]}<\/script>\n<!-- \/ Yoast SEO plugin. -->","yoast_head_json":{"title":"K\u00e4\u00e4ritatud pohlamahlajook 400 ml | Puhdas+","description":"Puhdas+ K\u00e4\u00e4ritatud pohlamahlajook \u2013 fermenteeritud pohlast, v\u00e4hese suhkrusisaldusega ja looduslikult pol\u00fcfenooliderikas jook. Puhas koostis, 400 ml.","robots":{"index":"index","follow":"follow","max-snippet":"max-snippet:-1","max-image-preview":"max-image-preview:large","max-video-preview":"max-video-preview:-1"},"canonical":"https:\/\/puhdasplus.ee\/ru\/tooted\/%d0%bd%d0%b0%d0%bf%d0%b8%d1%82%d0%ba%d0%b8\/kaaritatud-pohlamahlajook-400-ml\/","og_locale":"ru_RU","og_type":"article","og_title":"K\u00e4\u00e4ritatud pohlamahlajook 400 ml | Puhdas+","og_description":"Puhdas+ K\u00e4\u00e4ritatud pohlamahlajook \u2013 fermenteeritud pohlast, v\u00e4hese suhkrusisaldusega ja looduslikult pol\u00fcfenooliderikas jook. Puhas koostis, 400 ml.","og_url":"https:\/\/puhdasplus.ee\/ru\/tooted\/%d0%bd%d0%b0%d0%bf%d0%b8%d1%82%d0%ba%d0%b8\/kaaritatud-pohlamahlajook-400-ml\/","og_site_name":"Puhdas+","article_publisher":"https:\/\/www.facebook.com\/puhdasplus","article_modified_time":"2026-04-06T09:33:10+00:00","og_image":[{"width":1862,"height":2560,"url":"https:\/\/puhdasplus.ee\/wp-content\/uploads\/2026\/03\/359848_0-1.png","type":"image\/png"}],"twitter_card":"summary_large_image","twitter_misc":{"\u041f\u0440\u0438\u043c\u0435\u0440\u043d\u043e\u0435 \u0432\u0440\u0435\u043c\u044f \u0434\u043b\u044f \u0447\u0442\u0435\u043d\u0438\u044f":"1 \u043c\u0438\u043d\u0443\u0442\u0430"},"schema":{"@context":"https:\/\/schema.org","@graph":[{"@type":"WebPage","@id":"https:\/\/puhdasplus.ee\/ru\/tooted\/%d0%bd%d0%b0%d0%bf%d0%b8%d1%82%d0%ba%d0%b8\/kaaritatud-pohlamahlajook-400-ml\/","url":"https:\/\/puhdasplus.ee\/ru\/tooted\/%d0%bd%d0%b0%d0%bf%d0%b8%d1%82%d0%ba%d0%b8\/kaaritatud-pohlamahlajook-400-ml\/","name":"K\u00e4\u00e4ritatud pohlamahlajook 400 ml | Puhdas+","isPartOf":{"@id":"https:\/\/puhdasplus.ee\/ru\/#website"},"primaryImageOfPage":{"@id":"https:\/\/puhdasplus.ee\/ru\/tooted\/%d0%bd%d0%b0%d0%bf%d0%b8%d1%82%d0%ba%d0%b8\/kaaritatud-pohlamahlajook-400-ml\/#primaryimage"},"image":{"@id":"https:\/\/puhdasplus.ee\/ru\/tooted\/%d0%bd%d0%b0%d0%bf%d0%b8%d1%82%d0%ba%d0%b8\/kaaritatud-pohlamahlajook-400-ml\/#primaryimage"},"thumbnailUrl":"https:\/\/puhdasplus.ee\/wp-content\/uploads\/2026\/03\/359848_0-1.png","datePublished":"2026-03-30T18:53:25+00:00","dateModified":"2026-04-06T09:33:10+00:00","description":"Puhdas+ K\u00e4\u00e4ritatud pohlamahlajook \u2013 fermenteeritud pohlast, v\u00e4hese suhkrusisaldusega ja looduslikult pol\u00fcfenooliderikas jook. Puhas koostis, 400 ml.","breadcrumb":{"@id":"https:\/\/puhdasplus.ee\/ru\/tooted\/%d0%bd%d0%b0%d0%bf%d0%b8%d1%82%d0%ba%d0%b8\/kaaritatud-pohlamahlajook-400-ml\/#breadcrumb"},"inLanguage":"ru-RU","potentialAction":[{"@type":"ReadAction","target":["https:\/\/puhdasplus.ee\/ru\/tooted\/%d0%bd%d0%b0%d0%bf%d0%b8%d1%82%d0%ba%d0%b8\/kaaritatud-pohlamahlajook-400-ml\/"]}]},{"@type":"ImageObject","inLanguage":"ru-RU","@id":"https:\/\/puhdasplus.ee\/ru\/tooted\/%d0%bd%d0%b0%d0%bf%d0%b8%d1%82%d0%ba%d0%b8\/kaaritatud-pohlamahlajook-400-ml\/#primaryimage","url":"https:\/\/puhdasplus.ee\/wp-content\/uploads\/2026\/03\/359848_0-1.png","contentUrl":"https:\/\/puhdasplus.ee\/wp-content\/uploads\/2026\/03\/359848_0-1.png","width":1862,"height":2560,"caption":"K\u00e4\u00e4ritatud pohlamahlajook 400 ml | Puhdas+"},{"@type":"BreadcrumbList","@id":"https:\/\/puhdasplus.ee\/ru\/tooted\/%d0%bd%d0%b0%d0%bf%d0%b8%d1%82%d0%ba%d0%b8\/kaaritatud-pohlamahlajook-400-ml\/#breadcrumb","itemListElement":[{"@type":"ListItem","position":1,"name":"\u0414\u043e\u043c","item":"https:\/\/puhdasplus.ee\/ru\/"},{"@type":"ListItem","position":2,"name":"\u041f\u0440\u043e\u0434\u0443\u043a\u0442\u044b","item":"https:\/\/puhdasplus.ee\/ru\/%d0%bc%d0%b0%d0%b3%d0%b0%d0%b7%d0%b8%d0%bd\/"},{"@type":"ListItem","position":3,"name":"K\u00e4\u00e4ritatud pohlamahlajook 400 ml"}]},{"@type":"WebSite","@id":"https:\/\/puhdasplus.ee\/ru\/#website","url":"https:\/\/puhdasplus.ee\/ru\/","name":"Puhdas+","description":"\u0412\u0438\u0442\u0430\u043c\u0438\u043d\u044b, \u043f\u0438\u0449\u0435\u0432\u044b\u0435 \u0434\u043e\u0431\u0430\u0432\u043a\u0438, \u043d\u0430\u0442\u0443\u0440\u0430\u043b\u044c\u043d\u0430\u044f \u043a\u043e\u0441\u043c\u0435\u0442\u0438\u043a\u0430, \u0437\u0434\u043e\u0440\u043e\u0432\u044c\u0435, \u0441\u043f\u043e\u0440\u0442","publisher":{"@id":"https:\/\/puhdasplus.ee\/ru\/#organization"},"potentialAction":[{"@type":"SearchAction","target":{"@type":"EntryPoint","urlTemplate":"https:\/\/puhdasplus.ee\/ru\/?s={search_term_string}"},"query-input":{"@type":"PropertyValueSpecification","valueRequired":true,"valueName":"search_term_string"}}],"inLanguage":"ru-RU"},{"@type":"Organization","@id":"https:\/\/puhdasplus.ee\/ru\/#organization","name":"Puhdas+","alternateName":"Puhdasplus","url":"https:\/\/puhdasplus.ee\/ru\/","logo":{"@type":"ImageObject","inLanguage":"ru-RU","@id":"https:\/\/puhdasplus.ee\/ru\/#\/schema\/logo\/image\/","url":"https:\/\/puhdasplus.ee\/wp-content\/uploads\/2019\/10\/puhdas_logo-arvele.png","contentUrl":"https:\/\/puhdasplus.ee\/wp-content\/uploads\/2019\/10\/puhdas_logo-arvele.png","width":114,"height":94,"caption":"Puhdas+"},"image":{"@id":"https:\/\/puhdasplus.ee\/ru\/#\/schema\/logo\/image\/"},"sameAs":["https:\/\/www.facebook.com\/puhdasplus","https:\/\/www.instagram.com\/puhdasplus_ee\/"]}]}},"_yoast_wpseo_title":"K\u00e4\u00e4ritatud pohlamahlajook 400 ml | Puhdas+","_yoast_wpseo_metadesc":"Puhdas+ K\u00e4\u00e4ritatud pohlamahlajook \u2013 fermenteeritud pohlast, v\u00e4hese suhkrusisaldusega ja looduslikult pol\u00fcfenooliderikas jook. Puhas koostis, 400 ml.","_yoast_wpseo_focuskw":"k\u00e4\u00e4ritatud pohlamahlajook","_links":{"self":[{"href":"https:\/\/puhdasplus.ee\/ru\/wp-json\/wp\/v2\/product\/359848","targetHints":{"allow":["GET"]}}],"collection":[{"href":"https:\/\/puhdasplus.ee\/ru\/wp-json\/wp\/v2\/product"}],"about":[{"href":"https:\/\/puhdasplus.ee\/ru\/wp-json\/wp\/v2\/types\/product"}],"replies":[{"embeddable":true,"href":"https:\/\/puhdasplus.ee\/ru\/wp-json\/wp\/v2\/comments?post=359848"}],"wp:featuredmedia":[{"embeddable":true,"href":"https:\/\/puhdasplus.ee\/ru\/wp-json\/wp\/v2\/media\/359967"}],"wp:attachment":[{"href":"https:\/\/puhdasplus.ee\/ru\/wp-json\/wp\/v2\/media?parent=359848"}],"wp:term":[{"taxonomy":"product_brand","embeddable":true,"href":"https:\/\/puhdasplus.ee\/ru\/wp-json\/wp\/v2\/product_brand?post=359848"},{"taxonomy":"product_cat","embeddable":true,"href":"https:\/\/puhdasplus.ee\/ru\/wp-json\/wp\/v2\/product_cat?post=359848"},{"taxonomy":"product_tag","embeddable":true,"href":"https:\/\/puhdasplus.ee\/ru\/wp-json\/wp\/v2\/product_tag?post=359848"}],"curies":[{"name":"wp","href":"https:\/\/api.w.org\/{rel}","templated":true}]}}