{"id":359794,"date":"2026-03-30T21:49:43","date_gmt":"2026-03-30T18:49:43","guid":{"rendered":"https:\/\/puhdasplus.ee\/?post_type=product&#038;p=359794"},"modified":"2026-04-06T12:32:38","modified_gmt":"2026-04-06T09:32:38","slug":"acerola-ekstraktipulber-100-g","status":"publish","type":"product","link":"https:\/\/puhdasplus.ee\/ru\/tooted\/%d0%b2%d0%b8%d1%82%d0%b0%d0%bc%d0%b8%d0%bd%d1%8b\/%d0%b2%d0%b8%d1%82%d0%b0%d0%bc%d0%b8%d0%bd-%d1%81\/acerola-ekstraktipulber-100-g\/","title":{"rendered":"Acerola ekstraktipulber 100 g"},"content":{"rendered":"<p data-start=\"130\" data-end=\"155\"><strong data-start=\"130\" data-end=\"155\">Looduslik C-vitamiin!<\/strong><\/p>\n<p data-start=\"157\" data-end=\"381\">Puhdas+ Acerola sisaldab ainult vajalikke koostisosi \u2013 ilma lisa- ja maitseaineteta. Acerola on \u00fcks parimaid looduslikke C-vitamiini allikaid ning sisaldab ka teisi puuviljades leiduvaid bioaktiivseid \u00fchendeid ja toitaineid.<\/p>\n<p data-start=\"383\" data-end=\"402\">C-vitamiin aitab:<\/p>\n<ul data-start=\"403\" data-end=\"633\">\n<li data-section-id=\"1smdaow\" data-start=\"403\" data-end=\"438\">v\u00e4hendada v\u00e4simust ja kurnatust<\/li>\n<li data-section-id=\"1e8gygr\" data-start=\"439\" data-end=\"535\">toetada immuuns\u00fcsteemi normaalset talitlust, sh intensiivse f\u00fc\u00fcsilise koormuse ajal ja j\u00e4rel<\/li>\n<li data-section-id=\"19d39l3\" data-start=\"536\" data-end=\"582\">toetada n\u00e4rvis\u00fcsteemi normaalset talitlust<\/li>\n<li data-section-id=\"1wkrmnt\" data-start=\"583\" data-end=\"633\">toetada normaalset ps\u00fchholoogilist funktsiooni<\/li>\n<\/ul>\n<h2>Kasutamisjuhend<\/h2>\n<p>3 m\u00f5\u00f5telusikat (1 ml) p\u00e4evas.<br data-start=\"1036\" data-end=\"1039\" \/>Segada v\u00e4hese vee v\u00f5i smuuti hulka.<\/p>\n<h2>Koostisosad<\/h2>\n<p data-start=\"660\" data-end=\"689\">Acerola ekstraktipulber (17%)<\/p>\n<p data-start=\"691\" data-end=\"808\">Ei sisalda laktoosi, gluteeni ega p\u00e4rmi.<br data-start=\"731\" data-end=\"734\" \/>Ei sisalda soja ega magusaineid.<br data-start=\"766\" data-end=\"769\" \/>Sobib veganitele ja taimetoitlastele.<\/p>\n<p data-start=\"810\" data-end=\"826\"><strong data-start=\"810\" data-end=\"826\">Toidulisand.<\/strong><\/p>\n<h2>Toitev\u00e4\u00e4rtus<\/h2>\n<p data-start=\"855\" data-end=\"906\"><strong data-start=\"855\" data-end=\"906\">P\u00e4evane annus (3 m\u00f5\u00f5telusikat \/ 1 ml) sisaldab:<\/strong><\/p>\n<ul data-start=\"907\" data-end=\"942\">\n<li data-section-id=\"1mncqrh\" data-start=\"907\" data-end=\"942\"><strong data-start=\"909\" data-end=\"924\">C-vitamiin:<\/strong> 250 mg (<em data-start=\"933\" data-end=\"939\">313%<\/em>)<\/li>\n<\/ul>\n<p data-start=\"944\" data-end=\"976\">* % p\u00e4evasest v\u00f5rdluskogusest<\/p>\n<h2><strong>Hoiatused<\/strong><\/h2>\n<ul>\n<li>Toidulisand ei asenda mitmekesist ja tasakaalustatud toitumist ega tervislikku eluviisi.<\/li>\n<li>Hoida laste k\u00e4eulatusest eemal.<\/li>\n<li>Soovitatud p\u00e4evast annust ei tohi \u00fcletada.<\/li>\n<\/ul>\n<p><strong>Tootja:<\/strong> New Organics Oy, Soome<br \/>\n<strong>Maaletooja:<\/strong> NordenBio O\u00dc, Narva mnt 7, 10117 Tallinn, Eesti<\/p>\n","protected":false},"excerpt":{"rendered":"<p><b>Puhdas+ Acerola uutepulber 100 g<\/b> on looduslik C-vitamiini allikas acerola kirsist. Sisaldab rohkelt looduslikku C-vitamiini, mis toetab immuuns\u00fcsteemi ja kaitseb rakke oks\u00fcdatiivse stressi eest.<\/p>\n","protected":false},"featured_media":359997,"comment_status":"open","ping_status":"closed","template":"","meta":{"_acf_changed":false,"googlesitekit_rrm_CAow3eq7DA:productID":""},"product_brand":[],"product_cat":[437,488,463],"product_tag":[8436,805,486,636,8167,8166,541],"class_list":{"0":"post-359794","1":"product","2":"type-product","3":"status-publish","4":"has-post-thumbnail","6":"product_cat-c-vitamiin","7":"product_cat-immuunsusteem","8":"product_cat-vitamiinid","9":"product_tag-acerola","10":"product_tag-antioksudant","11":"product_tag-c-vitamiin","12":"product_tag-immuunsus","13":"product_tag-looduslik","14":"product_tag-soome-kvaliteet","15":"product_tag-toidulisand","17":"first","18":"onbackorder","19":"taxable","20":"shipping-taxable","21":"purchasable","22":"product-type-simple"},"acf":[],"yoast_head":"<!-- This site is optimized with the Yoast SEO plugin v27.3 - https:\/\/yoast.com\/product\/yoast-seo-wordpress\/ -->\n<title>Puhdas+ Acerola 100 g \u2013 looduslik C-vitamiin pulber immuunsusele<\/title>\n<meta name=\"description\" content=\"Puhdas+ Acerola 100 g \u2013 naturaalne C-vitamiini allikas acerolast. Toetab immuunsust ja aitab v\u00e4hendada v\u00e4simust. Puhas pulber ilma lisa- ja maitseaineteta.\" \/>\n<meta name=\"robots\" content=\"index, follow, max-snippet:-1, max-image-preview:large, max-video-preview:-1\" \/>\n<link rel=\"canonical\" href=\"https:\/\/puhdasplus.ee\/ru\/tooted\/%d0%b2%d0%b8%d1%82%d0%b0%d0%bc%d0%b8%d0%bd%d1%8b\/%d0%b2%d0%b8%d1%82%d0%b0%d0%bc%d0%b8%d0%bd-%d1%81\/acerola-ekstraktipulber-100-g\/\" \/>\n<meta property=\"og:locale\" content=\"ru_RU\" \/>\n<meta property=\"og:type\" content=\"article\" \/>\n<meta property=\"og:title\" content=\"Puhdas+ Acerola 100 g \u2013 looduslik C-vitamiin pulber immuunsusele\" \/>\n<meta property=\"og:description\" content=\"Puhdas+ Acerola 100 g \u2013 naturaalne C-vitamiini allikas acerolast. Toetab immuunsust ja aitab v\u00e4hendada v\u00e4simust. Puhas pulber ilma lisa- ja maitseaineteta.\" \/>\n<meta property=\"og:url\" content=\"https:\/\/puhdasplus.ee\/ru\/tooted\/%d0%b2%d0%b8%d1%82%d0%b0%d0%bc%d0%b8%d0%bd%d1%8b\/%d0%b2%d0%b8%d1%82%d0%b0%d0%bc%d0%b8%d0%bd-%d1%81\/acerola-ekstraktipulber-100-g\/\" \/>\n<meta property=\"og:site_name\" content=\"Puhdas+\" \/>\n<meta property=\"article:publisher\" content=\"https:\/\/www.facebook.com\/puhdasplus\" \/>\n<meta property=\"article:modified_time\" content=\"2026-04-06T09:32:38+00:00\" \/>\n<meta property=\"og:image\" content=\"https:\/\/puhdasplus.ee\/wp-content\/uploads\/2026\/03\/tooted-ilma-taustata.png\" \/>\n\t<meta property=\"og:image:width\" content=\"1280\" \/>\n\t<meta property=\"og:image:height\" content=\"1760\" \/>\n\t<meta property=\"og:image:type\" content=\"image\/png\" \/>\n<meta name=\"twitter:card\" content=\"summary_large_image\" \/>\n<meta name=\"twitter:label1\" content=\"\u041f\u0440\u0438\u043c\u0435\u0440\u043d\u043e\u0435 \u0432\u0440\u0435\u043c\u044f \u0434\u043b\u044f \u0447\u0442\u0435\u043d\u0438\u044f\" \/>\n\t<meta name=\"twitter:data1\" content=\"1 \u043c\u0438\u043d\u0443\u0442\u0430\" \/>\n<script type=\"application\/ld+json\" class=\"yoast-schema-graph\">{\"@context\":\"https:\\\/\\\/schema.org\",\"@graph\":[{\"@type\":\"WebPage\",\"@id\":\"https:\\\/\\\/puhdasplus.ee\\\/ru\\\/tooted\\\/%d0%b2%d0%b8%d1%82%d0%b0%d0%bc%d0%b8%d0%bd%d1%8b\\\/%d0%b2%d0%b8%d1%82%d0%b0%d0%bc%d0%b8%d0%bd-%d1%81\\\/acerola-ekstraktipulber-100-g\\\/\",\"url\":\"https:\\\/\\\/puhdasplus.ee\\\/ru\\\/tooted\\\/%d0%b2%d0%b8%d1%82%d0%b0%d0%bc%d0%b8%d0%bd%d1%8b\\\/%d0%b2%d0%b8%d1%82%d0%b0%d0%bc%d0%b8%d0%bd-%d1%81\\\/acerola-ekstraktipulber-100-g\\\/\",\"name\":\"Puhdas+ Acerola 100 g \u2013 looduslik C-vitamiin pulber immuunsusele\",\"isPartOf\":{\"@id\":\"https:\\\/\\\/puhdasplus.ee\\\/ru\\\/#website\"},\"primaryImageOfPage\":{\"@id\":\"https:\\\/\\\/puhdasplus.ee\\\/ru\\\/tooted\\\/%d0%b2%d0%b8%d1%82%d0%b0%d0%bc%d0%b8%d0%bd%d1%8b\\\/%d0%b2%d0%b8%d1%82%d0%b0%d0%bc%d0%b8%d0%bd-%d1%81\\\/acerola-ekstraktipulber-100-g\\\/#primaryimage\"},\"image\":{\"@id\":\"https:\\\/\\\/puhdasplus.ee\\\/ru\\\/tooted\\\/%d0%b2%d0%b8%d1%82%d0%b0%d0%bc%d0%b8%d0%bd%d1%8b\\\/%d0%b2%d0%b8%d1%82%d0%b0%d0%bc%d0%b8%d0%bd-%d1%81\\\/acerola-ekstraktipulber-100-g\\\/#primaryimage\"},\"thumbnailUrl\":\"https:\\\/\\\/puhdasplus.ee\\\/wp-content\\\/uploads\\\/2026\\\/03\\\/tooted-ilma-taustata.png\",\"datePublished\":\"2026-03-30T18:49:43+00:00\",\"dateModified\":\"2026-04-06T09:32:38+00:00\",\"description\":\"Puhdas+ Acerola 100 g \u2013 naturaalne C-vitamiini allikas acerolast. Toetab immuunsust ja aitab v\u00e4hendada v\u00e4simust. Puhas pulber ilma lisa- ja maitseaineteta.\",\"breadcrumb\":{\"@id\":\"https:\\\/\\\/puhdasplus.ee\\\/ru\\\/tooted\\\/%d0%b2%d0%b8%d1%82%d0%b0%d0%bc%d0%b8%d0%bd%d1%8b\\\/%d0%b2%d0%b8%d1%82%d0%b0%d0%bc%d0%b8%d0%bd-%d1%81\\\/acerola-ekstraktipulber-100-g\\\/#breadcrumb\"},\"inLanguage\":\"ru-RU\",\"potentialAction\":[{\"@type\":\"ReadAction\",\"target\":[\"https:\\\/\\\/puhdasplus.ee\\\/ru\\\/tooted\\\/%d0%b2%d0%b8%d1%82%d0%b0%d0%bc%d0%b8%d0%bd%d1%8b\\\/%d0%b2%d0%b8%d1%82%d0%b0%d0%bc%d0%b8%d0%bd-%d1%81\\\/acerola-ekstraktipulber-100-g\\\/\"]}]},{\"@type\":\"ImageObject\",\"inLanguage\":\"ru-RU\",\"@id\":\"https:\\\/\\\/puhdasplus.ee\\\/ru\\\/tooted\\\/%d0%b2%d0%b8%d1%82%d0%b0%d0%bc%d0%b8%d0%bd%d1%8b\\\/%d0%b2%d0%b8%d1%82%d0%b0%d0%bc%d0%b8%d0%bd-%d1%81\\\/acerola-ekstraktipulber-100-g\\\/#primaryimage\",\"url\":\"https:\\\/\\\/puhdasplus.ee\\\/wp-content\\\/uploads\\\/2026\\\/03\\\/tooted-ilma-taustata.png\",\"contentUrl\":\"https:\\\/\\\/puhdasplus.ee\\\/wp-content\\\/uploads\\\/2026\\\/03\\\/tooted-ilma-taustata.png\",\"width\":1280,\"height\":1760,\"caption\":\"Acerola ekstraktipulber 100 g\"},{\"@type\":\"BreadcrumbList\",\"@id\":\"https:\\\/\\\/puhdasplus.ee\\\/ru\\\/tooted\\\/%d0%b2%d0%b8%d1%82%d0%b0%d0%bc%d0%b8%d0%bd%d1%8b\\\/%d0%b2%d0%b8%d1%82%d0%b0%d0%bc%d0%b8%d0%bd-%d1%81\\\/acerola-ekstraktipulber-100-g\\\/#breadcrumb\",\"itemListElement\":[{\"@type\":\"ListItem\",\"position\":1,\"name\":\"\u0414\u043e\u043c\",\"item\":\"https:\\\/\\\/puhdasplus.ee\\\/ru\\\/\"},{\"@type\":\"ListItem\",\"position\":2,\"name\":\"\u041f\u0440\u043e\u0434\u0443\u043a\u0442\u044b\",\"item\":\"https:\\\/\\\/puhdasplus.ee\\\/ru\\\/%d0%bc%d0%b0%d0%b3%d0%b0%d0%b7%d0%b8%d0%bd\\\/\"},{\"@type\":\"ListItem\",\"position\":3,\"name\":\"Acerola ekstraktipulber 100 g\"}]},{\"@type\":\"WebSite\",\"@id\":\"https:\\\/\\\/puhdasplus.ee\\\/ru\\\/#website\",\"url\":\"https:\\\/\\\/puhdasplus.ee\\\/ru\\\/\",\"name\":\"Puhdas+\",\"description\":\"\u0412\u0438\u0442\u0430\u043c\u0438\u043d\u044b, \u043f\u0438\u0449\u0435\u0432\u044b\u0435 \u0434\u043e\u0431\u0430\u0432\u043a\u0438, \u043d\u0430\u0442\u0443\u0440\u0430\u043b\u044c\u043d\u0430\u044f \u043a\u043e\u0441\u043c\u0435\u0442\u0438\u043a\u0430, \u0437\u0434\u043e\u0440\u043e\u0432\u044c\u0435, \u0441\u043f\u043e\u0440\u0442\",\"publisher\":{\"@id\":\"https:\\\/\\\/puhdasplus.ee\\\/ru\\\/#organization\"},\"potentialAction\":[{\"@type\":\"SearchAction\",\"target\":{\"@type\":\"EntryPoint\",\"urlTemplate\":\"https:\\\/\\\/puhdasplus.ee\\\/ru\\\/?s={search_term_string}\"},\"query-input\":{\"@type\":\"PropertyValueSpecification\",\"valueRequired\":true,\"valueName\":\"search_term_string\"}}],\"inLanguage\":\"ru-RU\"},{\"@type\":\"Organization\",\"@id\":\"https:\\\/\\\/puhdasplus.ee\\\/ru\\\/#organization\",\"name\":\"Puhdas+\",\"alternateName\":\"Puhdasplus\",\"url\":\"https:\\\/\\\/puhdasplus.ee\\\/ru\\\/\",\"logo\":{\"@type\":\"ImageObject\",\"inLanguage\":\"ru-RU\",\"@id\":\"https:\\\/\\\/puhdasplus.ee\\\/ru\\\/#\\\/schema\\\/logo\\\/image\\\/\",\"url\":\"https:\\\/\\\/puhdasplus.ee\\\/wp-content\\\/uploads\\\/2019\\\/10\\\/puhdas_logo-arvele.png\",\"contentUrl\":\"https:\\\/\\\/puhdasplus.ee\\\/wp-content\\\/uploads\\\/2019\\\/10\\\/puhdas_logo-arvele.png\",\"width\":114,\"height\":94,\"caption\":\"Puhdas+\"},\"image\":{\"@id\":\"https:\\\/\\\/puhdasplus.ee\\\/ru\\\/#\\\/schema\\\/logo\\\/image\\\/\"},\"sameAs\":[\"https:\\\/\\\/www.facebook.com\\\/puhdasplus\",\"https:\\\/\\\/www.instagram.com\\\/puhdasplus_ee\\\/\"]}]}<\/script>\n<!-- \/ Yoast SEO plugin. -->","yoast_head_json":{"title":"Puhdas+ Acerola 100 g \u2013 looduslik C-vitamiin pulber immuunsusele","description":"Puhdas+ Acerola 100 g \u2013 naturaalne C-vitamiini allikas acerolast. Toetab immuunsust ja aitab v\u00e4hendada v\u00e4simust. Puhas pulber ilma lisa- ja maitseaineteta.","robots":{"index":"index","follow":"follow","max-snippet":"max-snippet:-1","max-image-preview":"max-image-preview:large","max-video-preview":"max-video-preview:-1"},"canonical":"https:\/\/puhdasplus.ee\/ru\/tooted\/%d0%b2%d0%b8%d1%82%d0%b0%d0%bc%d0%b8%d0%bd%d1%8b\/%d0%b2%d0%b8%d1%82%d0%b0%d0%bc%d0%b8%d0%bd-%d1%81\/acerola-ekstraktipulber-100-g\/","og_locale":"ru_RU","og_type":"article","og_title":"Puhdas+ Acerola 100 g \u2013 looduslik C-vitamiin pulber immuunsusele","og_description":"Puhdas+ Acerola 100 g \u2013 naturaalne C-vitamiini allikas acerolast. Toetab immuunsust ja aitab v\u00e4hendada v\u00e4simust. Puhas pulber ilma lisa- ja maitseaineteta.","og_url":"https:\/\/puhdasplus.ee\/ru\/tooted\/%d0%b2%d0%b8%d1%82%d0%b0%d0%bc%d0%b8%d0%bd%d1%8b\/%d0%b2%d0%b8%d1%82%d0%b0%d0%bc%d0%b8%d0%bd-%d1%81\/acerola-ekstraktipulber-100-g\/","og_site_name":"Puhdas+","article_publisher":"https:\/\/www.facebook.com\/puhdasplus","article_modified_time":"2026-04-06T09:32:38+00:00","og_image":[{"width":1280,"height":1760,"url":"https:\/\/puhdasplus.ee\/wp-content\/uploads\/2026\/03\/tooted-ilma-taustata.png","type":"image\/png"}],"twitter_card":"summary_large_image","twitter_misc":{"\u041f\u0440\u0438\u043c\u0435\u0440\u043d\u043e\u0435 \u0432\u0440\u0435\u043c\u044f \u0434\u043b\u044f \u0447\u0442\u0435\u043d\u0438\u044f":"1 \u043c\u0438\u043d\u0443\u0442\u0430"},"schema":{"@context":"https:\/\/schema.org","@graph":[{"@type":"WebPage","@id":"https:\/\/puhdasplus.ee\/ru\/tooted\/%d0%b2%d0%b8%d1%82%d0%b0%d0%bc%d0%b8%d0%bd%d1%8b\/%d0%b2%d0%b8%d1%82%d0%b0%d0%bc%d0%b8%d0%bd-%d1%81\/acerola-ekstraktipulber-100-g\/","url":"https:\/\/puhdasplus.ee\/ru\/tooted\/%d0%b2%d0%b8%d1%82%d0%b0%d0%bc%d0%b8%d0%bd%d1%8b\/%d0%b2%d0%b8%d1%82%d0%b0%d0%bc%d0%b8%d0%bd-%d1%81\/acerola-ekstraktipulber-100-g\/","name":"Puhdas+ Acerola 100 g \u2013 looduslik C-vitamiin pulber immuunsusele","isPartOf":{"@id":"https:\/\/puhdasplus.ee\/ru\/#website"},"primaryImageOfPage":{"@id":"https:\/\/puhdasplus.ee\/ru\/tooted\/%d0%b2%d0%b8%d1%82%d0%b0%d0%bc%d0%b8%d0%bd%d1%8b\/%d0%b2%d0%b8%d1%82%d0%b0%d0%bc%d0%b8%d0%bd-%d1%81\/acerola-ekstraktipulber-100-g\/#primaryimage"},"image":{"@id":"https:\/\/puhdasplus.ee\/ru\/tooted\/%d0%b2%d0%b8%d1%82%d0%b0%d0%bc%d0%b8%d0%bd%d1%8b\/%d0%b2%d0%b8%d1%82%d0%b0%d0%bc%d0%b8%d0%bd-%d1%81\/acerola-ekstraktipulber-100-g\/#primaryimage"},"thumbnailUrl":"https:\/\/puhdasplus.ee\/wp-content\/uploads\/2026\/03\/tooted-ilma-taustata.png","datePublished":"2026-03-30T18:49:43+00:00","dateModified":"2026-04-06T09:32:38+00:00","description":"Puhdas+ Acerola 100 g \u2013 naturaalne C-vitamiini allikas acerolast. Toetab immuunsust ja aitab v\u00e4hendada v\u00e4simust. Puhas pulber ilma lisa- ja maitseaineteta.","breadcrumb":{"@id":"https:\/\/puhdasplus.ee\/ru\/tooted\/%d0%b2%d0%b8%d1%82%d0%b0%d0%bc%d0%b8%d0%bd%d1%8b\/%d0%b2%d0%b8%d1%82%d0%b0%d0%bc%d0%b8%d0%bd-%d1%81\/acerola-ekstraktipulber-100-g\/#breadcrumb"},"inLanguage":"ru-RU","potentialAction":[{"@type":"ReadAction","target":["https:\/\/puhdasplus.ee\/ru\/tooted\/%d0%b2%d0%b8%d1%82%d0%b0%d0%bc%d0%b8%d0%bd%d1%8b\/%d0%b2%d0%b8%d1%82%d0%b0%d0%bc%d0%b8%d0%bd-%d1%81\/acerola-ekstraktipulber-100-g\/"]}]},{"@type":"ImageObject","inLanguage":"ru-RU","@id":"https:\/\/puhdasplus.ee\/ru\/tooted\/%d0%b2%d0%b8%d1%82%d0%b0%d0%bc%d0%b8%d0%bd%d1%8b\/%d0%b2%d0%b8%d1%82%d0%b0%d0%bc%d0%b8%d0%bd-%d1%81\/acerola-ekstraktipulber-100-g\/#primaryimage","url":"https:\/\/puhdasplus.ee\/wp-content\/uploads\/2026\/03\/tooted-ilma-taustata.png","contentUrl":"https:\/\/puhdasplus.ee\/wp-content\/uploads\/2026\/03\/tooted-ilma-taustata.png","width":1280,"height":1760,"caption":"Acerola ekstraktipulber 100 g"},{"@type":"BreadcrumbList","@id":"https:\/\/puhdasplus.ee\/ru\/tooted\/%d0%b2%d0%b8%d1%82%d0%b0%d0%bc%d0%b8%d0%bd%d1%8b\/%d0%b2%d0%b8%d1%82%d0%b0%d0%bc%d0%b8%d0%bd-%d1%81\/acerola-ekstraktipulber-100-g\/#breadcrumb","itemListElement":[{"@type":"ListItem","position":1,"name":"\u0414\u043e\u043c","item":"https:\/\/puhdasplus.ee\/ru\/"},{"@type":"ListItem","position":2,"name":"\u041f\u0440\u043e\u0434\u0443\u043a\u0442\u044b","item":"https:\/\/puhdasplus.ee\/ru\/%d0%bc%d0%b0%d0%b3%d0%b0%d0%b7%d0%b8%d0%bd\/"},{"@type":"ListItem","position":3,"name":"Acerola ekstraktipulber 100 g"}]},{"@type":"WebSite","@id":"https:\/\/puhdasplus.ee\/ru\/#website","url":"https:\/\/puhdasplus.ee\/ru\/","name":"Puhdas+","description":"\u0412\u0438\u0442\u0430\u043c\u0438\u043d\u044b, \u043f\u0438\u0449\u0435\u0432\u044b\u0435 \u0434\u043e\u0431\u0430\u0432\u043a\u0438, \u043d\u0430\u0442\u0443\u0440\u0430\u043b\u044c\u043d\u0430\u044f \u043a\u043e\u0441\u043c\u0435\u0442\u0438\u043a\u0430, \u0437\u0434\u043e\u0440\u043e\u0432\u044c\u0435, \u0441\u043f\u043e\u0440\u0442","publisher":{"@id":"https:\/\/puhdasplus.ee\/ru\/#organization"},"potentialAction":[{"@type":"SearchAction","target":{"@type":"EntryPoint","urlTemplate":"https:\/\/puhdasplus.ee\/ru\/?s={search_term_string}"},"query-input":{"@type":"PropertyValueSpecification","valueRequired":true,"valueName":"search_term_string"}}],"inLanguage":"ru-RU"},{"@type":"Organization","@id":"https:\/\/puhdasplus.ee\/ru\/#organization","name":"Puhdas+","alternateName":"Puhdasplus","url":"https:\/\/puhdasplus.ee\/ru\/","logo":{"@type":"ImageObject","inLanguage":"ru-RU","@id":"https:\/\/puhdasplus.ee\/ru\/#\/schema\/logo\/image\/","url":"https:\/\/puhdasplus.ee\/wp-content\/uploads\/2019\/10\/puhdas_logo-arvele.png","contentUrl":"https:\/\/puhdasplus.ee\/wp-content\/uploads\/2019\/10\/puhdas_logo-arvele.png","width":114,"height":94,"caption":"Puhdas+"},"image":{"@id":"https:\/\/puhdasplus.ee\/ru\/#\/schema\/logo\/image\/"},"sameAs":["https:\/\/www.facebook.com\/puhdasplus","https:\/\/www.instagram.com\/puhdasplus_ee\/"]}]}},"_yoast_wpseo_title":"Puhdas+ Acerola 100 g \u2013 looduslik C-vitamiin pulber immuunsusele","_yoast_wpseo_metadesc":"Puhdas+ Acerola 100 g \u2013 naturaalne C-vitamiini allikas acerolast. Toetab immuunsust ja aitab v\u00e4hendada v\u00e4simust. Puhas pulber ilma lisa- ja maitseaineteta.","_yoast_wpseo_focuskw":"acerola C-vitamiin","_links":{"self":[{"href":"https:\/\/puhdasplus.ee\/ru\/wp-json\/wp\/v2\/product\/359794","targetHints":{"allow":["GET"]}}],"collection":[{"href":"https:\/\/puhdasplus.ee\/ru\/wp-json\/wp\/v2\/product"}],"about":[{"href":"https:\/\/puhdasplus.ee\/ru\/wp-json\/wp\/v2\/types\/product"}],"replies":[{"embeddable":true,"href":"https:\/\/puhdasplus.ee\/ru\/wp-json\/wp\/v2\/comments?post=359794"}],"wp:featuredmedia":[{"embeddable":true,"href":"https:\/\/puhdasplus.ee\/ru\/wp-json\/wp\/v2\/media\/359997"}],"wp:attachment":[{"href":"https:\/\/puhdasplus.ee\/ru\/wp-json\/wp\/v2\/media?parent=359794"}],"wp:term":[{"taxonomy":"product_brand","embeddable":true,"href":"https:\/\/puhdasplus.ee\/ru\/wp-json\/wp\/v2\/product_brand?post=359794"},{"taxonomy":"product_cat","embeddable":true,"href":"https:\/\/puhdasplus.ee\/ru\/wp-json\/wp\/v2\/product_cat?post=359794"},{"taxonomy":"product_tag","embeddable":true,"href":"https:\/\/puhdasplus.ee\/ru\/wp-json\/wp\/v2\/product_tag?post=359794"}],"curies":[{"name":"wp","href":"https:\/\/api.w.org\/{rel}","templated":true}]}}