{"id":361234,"date":"2026-04-21T13:16:15","date_gmt":"2026-04-21T10:16:15","guid":{"rendered":"https:\/\/puhdasplus.ee\/?post_type=product&#038;p=361234"},"modified":"2026-05-13T19:20:11","modified_gmt":"2026-05-13T16:20:11","slug":"kolagena-davanu-komplekts-serum-cream","status":"publish","type":"product","link":"https:\/\/puhdasplus.ee\/lv\/produkti\/ada-mati-nagi\/kolagens\/kolagena-davanu-komplekts-serum-cream\/","title":{"rendered":"Kolag\u0113na d\u0101vanu komplekts (Collagen Serum 30 ml + Cream 50 ml)"},"content":{"rendered":"<p>Luksus\u012bgs d\u0101vanu komplekts sejas un dekolt\u0113 kop\u0161anai: Collagen Serum 30 ml un Collagen Cream 50 ml ar smilts\u0113rk\u0161\u0137a ekstraktu, biot\u012bnu un C vitam\u012bnu.<\/p>\n<h3>Bie\u017e\u0101k uzdotie jaut\u0101jumi<\/h3>\n<p><strong>K\u0101dam \u0101das tipam piem\u0113roti kolag\u0113na produkti?<\/strong><br \/>Collagen s\u0113rija \u012bpa\u0161i piem\u0113rota sausai un gatavai \u0101dai, kurai nepiecie\u0161ama mitrin\u0101\u0161ana un elast\u012bba.<\/p>\n<p><strong>Kad samazin\u0101s kolag\u0113na ra\u017eo\u0161ana?<\/strong><br \/>\u0136erme\u0146a pa\u0161a kolag\u0113na ra\u017eo\u0161ana s\u0101k samazin\u0101ties aptuveni no 25 gadu vecuma.<\/p>\n<p><strong>Vai es varu lietot tikai serumu vai tikai kr\u0113mu?<\/strong><br \/>Abus var lietot atsevi\u0161\u0137i, ta\u010du visliel\u0101ko efektu tie dod kop\u0101: vispirms serumu, p\u0113c tam kr\u0113mu.<\/p>\n<h3>Ra\u017eot\u0101js un izcelsme<\/h3>\n<p>Ra\u017eots Somij\u0101 zem z\u012bmola Puhdas+. Izplat\u012bt\u0101js Igaunij\u0101: NordenBio O\u00dc.<\/p>\n","protected":false},"excerpt":{"rendered":"<p>Luksus\u012bgs d\u0101vanu komplekts sejas un dekolt\u0113 kop\u0161anai: Collagen Serum 30 ml + Collagen Cream 50 ml. Smilts\u0113rk\u0161\u0137is, hidroliz\u0113ts kolag\u0113ns, biot\u012bns un C vitam\u012bns. Piem\u0113rots sausai un gatavai \u0101dai.<\/p>\n","protected":false},"featured_media":361447,"comment_status":"open","ping_status":"closed","template":"","meta":{"_acf_changed":false,"googlesitekit_rrm_CAow3eq7DA:productID":""},"product_brand":[],"product_cat":[3296,4069,2533],"product_tag":[3299,3202,7870,8995,3484,8869,8353,9205],"class_list":{"0":"post-361234","1":"product","2":"type-product","3":"status-publish","4":"has-post-thumbnail","6":"product_cat-ada-mati-nagi","7":"product_cat-kolagens","8":"product_cat-kosmetika","9":"product_tag-biotins","10":"product_tag-c-vitamins","11":"product_tag-dabiga-kosmetika","12":"product_tag-hidrolizets-kolagens-lv","13":"product_tag-kolagens","14":"product_tag-sausa-ada-lv","15":"product_tag-sievietem","16":"product_tag-smiltserksis-lv","18":"first","19":"onbackorder","20":"taxable","21":"shipping-taxable","22":"purchasable","23":"product-type-simple"},"acf":[],"yoast_head":"<!-- This site is optimized with the Yoast SEO plugin v27.6 - https:\/\/yoast.com\/product\/yoast-seo-wordpress\/ -->\n<title>Kolag\u0113na d\u0101vanu komplekts \u2013 Sejai un dekolt\u0113 | Puhdas+<\/title>\n<meta name=\"description\" content=\"Luksus\u012bgs d\u0101vanu komplekts: Collagen Serum 30 ml + Cream 50 ml ar smilts\u0113rk\u0161\u0137i, biot\u012bnu un C vitam\u012bnu. Atbalsta \u0101das elast\u012bbu un mitrumu.\" \/>\n<meta name=\"robots\" content=\"index, follow, max-snippet:-1, max-image-preview:large, max-video-preview:-1\" \/>\n<link rel=\"canonical\" href=\"https:\/\/puhdasplus.ee\/lv\/produkti\/ada-mati-nagi\/kolagens\/kolagena-davanu-komplekts-serum-cream\/\" \/>\n<meta property=\"og:locale\" content=\"lv_LV\" \/>\n<meta property=\"og:type\" content=\"article\" \/>\n<meta property=\"og:title\" content=\"Kolag\u0113na d\u0101vanu komplekts \u2013 Sejai un dekolt\u0113 | Puhdas+\" \/>\n<meta property=\"og:description\" content=\"Luksus\u012bgs d\u0101vanu komplekts: Collagen Serum 30 ml + Cream 50 ml ar smilts\u0113rk\u0161\u0137i, biot\u012bnu un C vitam\u012bnu. Atbalsta \u0101das elast\u012bbu un mitrumu.\" \/>\n<meta property=\"og:url\" content=\"https:\/\/puhdasplus.ee\/lv\/produkti\/ada-mati-nagi\/kolagens\/kolagena-davanu-komplekts-serum-cream\/\" \/>\n<meta property=\"og:site_name\" content=\"Puhdas+\" \/>\n<meta property=\"article:publisher\" content=\"https:\/\/www.facebook.com\/puhdasplus\" \/>\n<meta property=\"article:modified_time\" content=\"2026-05-13T16:20:11+00:00\" \/>\n<meta property=\"og:image\" content=\"https:\/\/puhdasplus.ee\/wp-content\/uploads\/2026\/04\/Kollageeni-kinkekomplekt-kollageen-Serrum-30-ml-kreeam-50-ml-scaled.jpg\" \/>\n\t<meta property=\"og:image:width\" content=\"1862\" \/>\n\t<meta property=\"og:image:height\" content=\"2560\" \/>\n\t<meta property=\"og:image:type\" content=\"image\/jpeg\" \/>\n<meta name=\"twitter:card\" content=\"summary_large_image\" \/>\n<meta name=\"twitter:label1\" content=\"Est. reading time\" \/>\n\t<meta name=\"twitter:data1\" content=\"1 minute\" \/>\n<script type=\"application\/ld+json\" class=\"yoast-schema-graph\">{\"@context\":\"https:\\\/\\\/schema.org\",\"@graph\":[{\"@type\":\"WebPage\",\"@id\":\"https:\\\/\\\/puhdasplus.ee\\\/lv\\\/produkti\\\/ada-mati-nagi\\\/kolagens\\\/kolagena-davanu-komplekts-serum-cream\\\/\",\"url\":\"https:\\\/\\\/puhdasplus.ee\\\/lv\\\/produkti\\\/ada-mati-nagi\\\/kolagens\\\/kolagena-davanu-komplekts-serum-cream\\\/\",\"name\":\"Kolag\u0113na d\u0101vanu komplekts \u2013 Sejai un dekolt\u0113 | Puhdas+\",\"isPartOf\":{\"@id\":\"https:\\\/\\\/puhdasplus.ee\\\/lv\\\/#website\"},\"primaryImageOfPage\":{\"@id\":\"https:\\\/\\\/puhdasplus.ee\\\/lv\\\/produkti\\\/ada-mati-nagi\\\/kolagens\\\/kolagena-davanu-komplekts-serum-cream\\\/#primaryimage\"},\"image\":{\"@id\":\"https:\\\/\\\/puhdasplus.ee\\\/lv\\\/produkti\\\/ada-mati-nagi\\\/kolagens\\\/kolagena-davanu-komplekts-serum-cream\\\/#primaryimage\"},\"thumbnailUrl\":\"https:\\\/\\\/puhdasplus.ee\\\/wp-content\\\/uploads\\\/2026\\\/04\\\/Kollageeni-kinkekomplekt-kollageen-Serrum-30-ml-kreeam-50-ml-scaled.jpg\",\"datePublished\":\"2026-04-21T10:16:15+00:00\",\"dateModified\":\"2026-05-13T16:20:11+00:00\",\"description\":\"Luksus\u012bgs d\u0101vanu komplekts: Collagen Serum 30 ml + Cream 50 ml ar smilts\u0113rk\u0161\u0137i, biot\u012bnu un C vitam\u012bnu. Atbalsta \u0101das elast\u012bbu un mitrumu.\",\"breadcrumb\":{\"@id\":\"https:\\\/\\\/puhdasplus.ee\\\/lv\\\/produkti\\\/ada-mati-nagi\\\/kolagens\\\/kolagena-davanu-komplekts-serum-cream\\\/#breadcrumb\"},\"inLanguage\":\"lv-LV\",\"potentialAction\":[{\"@type\":\"ReadAction\",\"target\":[\"https:\\\/\\\/puhdasplus.ee\\\/lv\\\/produkti\\\/ada-mati-nagi\\\/kolagens\\\/kolagena-davanu-komplekts-serum-cream\\\/\"]}]},{\"@type\":\"ImageObject\",\"inLanguage\":\"lv-LV\",\"@id\":\"https:\\\/\\\/puhdasplus.ee\\\/lv\\\/produkti\\\/ada-mati-nagi\\\/kolagens\\\/kolagena-davanu-komplekts-serum-cream\\\/#primaryimage\",\"url\":\"https:\\\/\\\/puhdasplus.ee\\\/wp-content\\\/uploads\\\/2026\\\/04\\\/Kollageeni-kinkekomplekt-kollageen-Serrum-30-ml-kreeam-50-ml-scaled.jpg\",\"contentUrl\":\"https:\\\/\\\/puhdasplus.ee\\\/wp-content\\\/uploads\\\/2026\\\/04\\\/Kollageeni-kinkekomplekt-kollageen-Serrum-30-ml-kreeam-50-ml-scaled.jpg\",\"width\":1862,\"height\":2560,\"caption\":\"Kollageeni kinkekomplekt (kollageen Seerum 30 ml + kreeam 50 ml)\"},{\"@type\":\"BreadcrumbList\",\"@id\":\"https:\\\/\\\/puhdasplus.ee\\\/lv\\\/produkti\\\/ada-mati-nagi\\\/kolagens\\\/kolagena-davanu-komplekts-serum-cream\\\/#breadcrumb\",\"itemListElement\":[{\"@type\":\"ListItem\",\"position\":1,\"name\":\"S\u0101kums\",\"item\":\"https:\\\/\\\/puhdasplus.ee\\\/lv\\\/\"},{\"@type\":\"ListItem\",\"position\":2,\"name\":\"Produkti\",\"item\":\"https:\\\/\\\/puhdasplus.ee\\\/lv\\\/veikals\\\/\"},{\"@type\":\"ListItem\",\"position\":3,\"name\":\"Kolag\u0113na d\u0101vanu komplekts (Collagen Serum 30 ml + Cream 50 ml)\"}]},{\"@type\":\"WebSite\",\"@id\":\"https:\\\/\\\/puhdasplus.ee\\\/lv\\\/#website\",\"url\":\"https:\\\/\\\/puhdasplus.ee\\\/lv\\\/\",\"name\":\"Puhdas+\",\"description\":\"Vitam\u012bni, uztura bag\u0101tin\u0101t\u0101ji, dab\u012bg\u0101 kosm\u0113tika, vesel\u012bba, sports\",\"publisher\":{\"@id\":\"https:\\\/\\\/puhdasplus.ee\\\/lv\\\/#organization\"},\"potentialAction\":[{\"@type\":\"SearchAction\",\"target\":{\"@type\":\"EntryPoint\",\"urlTemplate\":\"https:\\\/\\\/puhdasplus.ee\\\/lv\\\/?s={search_term_string}\"},\"query-input\":{\"@type\":\"PropertyValueSpecification\",\"valueRequired\":true,\"valueName\":\"search_term_string\"}}],\"inLanguage\":\"lv-LV\"},{\"@type\":\"Organization\",\"@id\":\"https:\\\/\\\/puhdasplus.ee\\\/lv\\\/#organization\",\"name\":\"Puhdas+\",\"alternateName\":\"Puhdasplus\",\"url\":\"https:\\\/\\\/puhdasplus.ee\\\/lv\\\/\",\"logo\":{\"@type\":\"ImageObject\",\"inLanguage\":\"lv-LV\",\"@id\":\"https:\\\/\\\/puhdasplus.ee\\\/lv\\\/#\\\/schema\\\/logo\\\/image\\\/\",\"url\":\"https:\\\/\\\/puhdasplus.ee\\\/wp-content\\\/uploads\\\/2019\\\/10\\\/puhdas_logo-arvele.png\",\"contentUrl\":\"https:\\\/\\\/puhdasplus.ee\\\/wp-content\\\/uploads\\\/2019\\\/10\\\/puhdas_logo-arvele.png\",\"width\":114,\"height\":94,\"caption\":\"Puhdas+\"},\"image\":{\"@id\":\"https:\\\/\\\/puhdasplus.ee\\\/lv\\\/#\\\/schema\\\/logo\\\/image\\\/\"},\"sameAs\":[\"https:\\\/\\\/www.facebook.com\\\/puhdasplus\",\"https:\\\/\\\/www.instagram.com\\\/puhdasplus_ee\\\/\"]}]}<\/script>\n<!-- \/ Yoast SEO plugin. -->","yoast_head_json":{"title":"Kolag\u0113na d\u0101vanu komplekts \u2013 Sejai un dekolt\u0113 | Puhdas+","description":"Luksus\u012bgs d\u0101vanu komplekts: Collagen Serum 30 ml + Cream 50 ml ar smilts\u0113rk\u0161\u0137i, biot\u012bnu un C vitam\u012bnu. Atbalsta \u0101das elast\u012bbu un mitrumu.","robots":{"index":"index","follow":"follow","max-snippet":"max-snippet:-1","max-image-preview":"max-image-preview:large","max-video-preview":"max-video-preview:-1"},"canonical":"https:\/\/puhdasplus.ee\/lv\/produkti\/ada-mati-nagi\/kolagens\/kolagena-davanu-komplekts-serum-cream\/","og_locale":"lv_LV","og_type":"article","og_title":"Kolag\u0113na d\u0101vanu komplekts \u2013 Sejai un dekolt\u0113 | Puhdas+","og_description":"Luksus\u012bgs d\u0101vanu komplekts: Collagen Serum 30 ml + Cream 50 ml ar smilts\u0113rk\u0161\u0137i, biot\u012bnu un C vitam\u012bnu. Atbalsta \u0101das elast\u012bbu un mitrumu.","og_url":"https:\/\/puhdasplus.ee\/lv\/produkti\/ada-mati-nagi\/kolagens\/kolagena-davanu-komplekts-serum-cream\/","og_site_name":"Puhdas+","article_publisher":"https:\/\/www.facebook.com\/puhdasplus","article_modified_time":"2026-05-13T16:20:11+00:00","og_image":[{"width":1862,"height":2560,"url":"https:\/\/puhdasplus.ee\/wp-content\/uploads\/2026\/04\/Kollageeni-kinkekomplekt-kollageen-Serrum-30-ml-kreeam-50-ml-scaled.jpg","type":"image\/jpeg"}],"twitter_card":"summary_large_image","twitter_misc":{"Est. reading time":"1 minute"},"schema":{"@context":"https:\/\/schema.org","@graph":[{"@type":"WebPage","@id":"https:\/\/puhdasplus.ee\/lv\/produkti\/ada-mati-nagi\/kolagens\/kolagena-davanu-komplekts-serum-cream\/","url":"https:\/\/puhdasplus.ee\/lv\/produkti\/ada-mati-nagi\/kolagens\/kolagena-davanu-komplekts-serum-cream\/","name":"Kolag\u0113na d\u0101vanu komplekts \u2013 Sejai un dekolt\u0113 | Puhdas+","isPartOf":{"@id":"https:\/\/puhdasplus.ee\/lv\/#website"},"primaryImageOfPage":{"@id":"https:\/\/puhdasplus.ee\/lv\/produkti\/ada-mati-nagi\/kolagens\/kolagena-davanu-komplekts-serum-cream\/#primaryimage"},"image":{"@id":"https:\/\/puhdasplus.ee\/lv\/produkti\/ada-mati-nagi\/kolagens\/kolagena-davanu-komplekts-serum-cream\/#primaryimage"},"thumbnailUrl":"https:\/\/puhdasplus.ee\/wp-content\/uploads\/2026\/04\/Kollageeni-kinkekomplekt-kollageen-Serrum-30-ml-kreeam-50-ml-scaled.jpg","datePublished":"2026-04-21T10:16:15+00:00","dateModified":"2026-05-13T16:20:11+00:00","description":"Luksus\u012bgs d\u0101vanu komplekts: Collagen Serum 30 ml + Cream 50 ml ar smilts\u0113rk\u0161\u0137i, biot\u012bnu un C vitam\u012bnu. Atbalsta \u0101das elast\u012bbu un mitrumu.","breadcrumb":{"@id":"https:\/\/puhdasplus.ee\/lv\/produkti\/ada-mati-nagi\/kolagens\/kolagena-davanu-komplekts-serum-cream\/#breadcrumb"},"inLanguage":"lv-LV","potentialAction":[{"@type":"ReadAction","target":["https:\/\/puhdasplus.ee\/lv\/produkti\/ada-mati-nagi\/kolagens\/kolagena-davanu-komplekts-serum-cream\/"]}]},{"@type":"ImageObject","inLanguage":"lv-LV","@id":"https:\/\/puhdasplus.ee\/lv\/produkti\/ada-mati-nagi\/kolagens\/kolagena-davanu-komplekts-serum-cream\/#primaryimage","url":"https:\/\/puhdasplus.ee\/wp-content\/uploads\/2026\/04\/Kollageeni-kinkekomplekt-kollageen-Serrum-30-ml-kreeam-50-ml-scaled.jpg","contentUrl":"https:\/\/puhdasplus.ee\/wp-content\/uploads\/2026\/04\/Kollageeni-kinkekomplekt-kollageen-Serrum-30-ml-kreeam-50-ml-scaled.jpg","width":1862,"height":2560,"caption":"Kollageeni kinkekomplekt (kollageen Seerum 30 ml + kreeam 50 ml)"},{"@type":"BreadcrumbList","@id":"https:\/\/puhdasplus.ee\/lv\/produkti\/ada-mati-nagi\/kolagens\/kolagena-davanu-komplekts-serum-cream\/#breadcrumb","itemListElement":[{"@type":"ListItem","position":1,"name":"S\u0101kums","item":"https:\/\/puhdasplus.ee\/lv\/"},{"@type":"ListItem","position":2,"name":"Produkti","item":"https:\/\/puhdasplus.ee\/lv\/veikals\/"},{"@type":"ListItem","position":3,"name":"Kolag\u0113na d\u0101vanu komplekts (Collagen Serum 30 ml + Cream 50 ml)"}]},{"@type":"WebSite","@id":"https:\/\/puhdasplus.ee\/lv\/#website","url":"https:\/\/puhdasplus.ee\/lv\/","name":"Puhdas+","description":"Vitam\u012bni, uztura bag\u0101tin\u0101t\u0101ji, dab\u012bg\u0101 kosm\u0113tika, vesel\u012bba, sports","publisher":{"@id":"https:\/\/puhdasplus.ee\/lv\/#organization"},"potentialAction":[{"@type":"SearchAction","target":{"@type":"EntryPoint","urlTemplate":"https:\/\/puhdasplus.ee\/lv\/?s={search_term_string}"},"query-input":{"@type":"PropertyValueSpecification","valueRequired":true,"valueName":"search_term_string"}}],"inLanguage":"lv-LV"},{"@type":"Organization","@id":"https:\/\/puhdasplus.ee\/lv\/#organization","name":"Puhdas+","alternateName":"Puhdasplus","url":"https:\/\/puhdasplus.ee\/lv\/","logo":{"@type":"ImageObject","inLanguage":"lv-LV","@id":"https:\/\/puhdasplus.ee\/lv\/#\/schema\/logo\/image\/","url":"https:\/\/puhdasplus.ee\/wp-content\/uploads\/2019\/10\/puhdas_logo-arvele.png","contentUrl":"https:\/\/puhdasplus.ee\/wp-content\/uploads\/2019\/10\/puhdas_logo-arvele.png","width":114,"height":94,"caption":"Puhdas+"},"image":{"@id":"https:\/\/puhdasplus.ee\/lv\/#\/schema\/logo\/image\/"},"sameAs":["https:\/\/www.facebook.com\/puhdasplus","https:\/\/www.instagram.com\/puhdasplus_ee\/"]}]}},"_yoast_wpseo_title":"Kolag\u0113na d\u0101vanu komplekts \u2013 Sejai un dekolt\u0113 | Puhdas+","_yoast_wpseo_metadesc":"Luksus\u012bgs d\u0101vanu komplekts: Collagen Serum 30 ml + Cream 50 ml ar smilts\u0113rk\u0161\u0137i, biot\u012bnu un C vitam\u012bnu. Atbalsta \u0101das elast\u012bbu un mitrumu.","_yoast_wpseo_focuskw":"kolag\u0113na d\u0101vanu komplekts","_links":{"self":[{"href":"https:\/\/puhdasplus.ee\/lv\/wp-json\/wp\/v2\/product\/361234","targetHints":{"allow":["GET"]}}],"collection":[{"href":"https:\/\/puhdasplus.ee\/lv\/wp-json\/wp\/v2\/product"}],"about":[{"href":"https:\/\/puhdasplus.ee\/lv\/wp-json\/wp\/v2\/types\/product"}],"replies":[{"embeddable":true,"href":"https:\/\/puhdasplus.ee\/lv\/wp-json\/wp\/v2\/comments?post=361234"}],"wp:featuredmedia":[{"embeddable":true,"href":"https:\/\/puhdasplus.ee\/lv\/wp-json\/wp\/v2\/media\/361447"}],"wp:attachment":[{"href":"https:\/\/puhdasplus.ee\/lv\/wp-json\/wp\/v2\/media?parent=361234"}],"wp:term":[{"taxonomy":"product_brand","embeddable":true,"href":"https:\/\/puhdasplus.ee\/lv\/wp-json\/wp\/v2\/product_brand?post=361234"},{"taxonomy":"product_cat","embeddable":true,"href":"https:\/\/puhdasplus.ee\/lv\/wp-json\/wp\/v2\/product_cat?post=361234"},{"taxonomy":"product_tag","embeddable":true,"href":"https:\/\/puhdasplus.ee\/lv\/wp-json\/wp\/v2\/product_tag?post=361234"}],"curies":[{"name":"wp","href":"https:\/\/api.w.org\/{rel}","templated":true}]}}