{"id":361219,"date":"2026-04-21T13:15:35","date_gmt":"2026-04-21T10:15:35","guid":{"rendered":"https:\/\/puhdasplus.ee\/?post_type=product&#038;p=361219"},"modified":"2026-05-13T20:00:18","modified_gmt":"2026-05-13T17:00:18","slug":"pehmovita-multivitamins-abolu-koslajamas-tabletes-75-gab","status":"publish","type":"product","link":"https:\/\/puhdasplus.ee\/lv\/produkti\/imunsistema\/pehmovita-multivitamins-abolu-koslajamas-tabletes-75-gab\/","title":{"rendered":"PehmoVita multivitam\u012bns \u0100bolu ko\u0161\u013c\u0101jam\u0101s tabletes 75 gab."},"content":{"rendered":"<p>Gar\u0161\u012bgs multivitam\u012bns m\u012bkstu ko\u0161\u013c\u0101jamo table\u0161u form\u0101 visai \u0123imenei. Bez cukura, \u017eelat\u012bna, aspart\u0101ma un m\u0101ksl\u012bg\u0101m kr\u0101sviel\u0101m. Ra\u017eots Somij\u0101.<\/p>\n<h3>Bie\u017e\u0101k uzdotie jaut\u0101jumi<\/h3>\n<p><strong>Vai PehmoVita ko\u0161\u013c\u0101jam\u0101s ir piem\u0113rotas b\u0113rniem?<\/strong><br \/>J\u0101. 1 tablete dien\u0101 b\u0113rniem vecum\u0101 no 3 l\u012bdz 10 gadiem, un 2 tabletes dien\u0101 b\u0113rniem no 11 gadu vecuma un pieaugu\u0161ajiem.<\/p>\n<p><strong>Vai ko\u0161\u013c\u0101jam\u0101s tabletes ir bez cukura?<\/strong><br \/>J\u0101, PehmoVita nesatur cukuru. K\u0101 saldin\u0101t\u0101js tiek izmantots malt\u012bta s\u012brups.<\/p>\n<p><strong>Vai produkti ir bez glut\u0113na un laktozes?<\/strong><br \/>J\u0101, PehmoVita nesatur glut\u0113nu, pienu, laktozi, soju vai raugu.<\/p>\n<h3>Br\u012bdin\u0101jumi<\/h3>\n<ul>\n<li>Uztura bag\u0101tin\u0101t\u0101js neaizst\u0101j pilnv\u0113rt\u012bgu un sabalans\u0113tu uzturu un vesel\u012bgu dz\u012bvesveidu.<\/li>\n<li>Nep\u0101rsniedziet ieteicamo dienas devu.<\/li>\n<li>Uzglab\u0101t b\u0113rniem nepieejam\u0101 viet\u0101.<\/li>\n<li>Uzglab\u0101t v\u0113s\u0101, saus\u0101 viet\u0101, aizsarg\u0101tu no tie\u0161iem saules stariem.<\/li>\n<\/ul>\n<h3>Ra\u017eot\u0101js un izcelsme<\/h3>\n<p>Ra\u017eots Somij\u0101 zem z\u012bmola Puhdas+. Izplat\u012bt\u0101js Igaunij\u0101: NordenBio O\u00dc.<\/p>\n","protected":false},"excerpt":{"rendered":"<p>Gar\u0161\u012bgs multivitam\u012bns m\u012bksto ko\u0161\u013c\u0101jamo table\u0161u form\u0101 visai \u0123imenei \u2013 b\u0113rniem un pieaugu\u0161ajiem. Bez cukura, \u017eelat\u012bna, aspart\u0101ma un m\u0101ksl\u012bg\u0101m kr\u0101sviel\u0101m. 75 gab. \u0101bolu gar\u0161\u0101.<\/p>\n","protected":false},"featured_media":361457,"comment_status":"open","ping_status":"closed","template":"","meta":{"_acf_changed":false,"googlesitekit_rrm_CAow3eq7DA:productID":""},"product_brand":[],"product_cat":[3066,3205],"product_tag":[8951,5886,9229,8345,8349,3299,3202,4544,3041,8544,2974],"class_list":{"0":"post-361219","1":"product","2":"type-product","3":"status-publish","4":"has-post-thumbnail","6":"product_cat-imunsistema","7":"product_cat-vitamini","8":"product_tag-a-vitamins-lv-tag","9":"product_tag-b-vitamini","10":"product_tag-berniem-lv","11":"product_tag-bez-gluteena","12":"product_tag-bez-laktozes","13":"product_tag-biotins","14":"product_tag-c-vitamins","15":"product_tag-d-vitamins","16":"product_tag-imunitate","17":"product_tag-multivitamins","18":"product_tag-vegans","20":"first","21":"onbackorder","22":"taxable","23":"shipping-taxable","24":"purchasable","25":"product-type-simple"},"acf":[],"yoast_head":"<!-- This site is optimized with the Yoast SEO plugin v27.6 - https:\/\/yoast.com\/product\/yoast-seo-wordpress\/ -->\n<title>PehmoVita Multivitam\u012bns \u0100bolu Ko\u0161\u013c\u0101jam\u0101s 75 gab. | Puhdas+<\/title>\n<meta name=\"description\" content=\"Gar\u0161\u012bgs multivitam\u012bns visai \u0123imenei \u2013 9 vitam\u012bni m\u012bkst\u0101s ko\u0161\u013c\u0101jam\u0101s tablet\u0113s. Bez cukura, \u017eelat\u012bna un m\u0101ksl\u012bg\u0101m kr\u0101sviel\u0101m. Piem\u0113rots ar\u012b b\u0113rniem.\" \/>\n<meta name=\"robots\" content=\"index, follow, max-snippet:-1, max-image-preview:large, max-video-preview:-1\" \/>\n<link rel=\"canonical\" href=\"https:\/\/puhdasplus.ee\/lv\/produkti\/imunsistema\/pehmovita-multivitamins-abolu-koslajamas-tabletes-75-gab\/\" \/>\n<meta property=\"og:locale\" content=\"lv_LV\" \/>\n<meta property=\"og:type\" content=\"article\" \/>\n<meta property=\"og:title\" content=\"PehmoVita Multivitam\u012bns \u0100bolu Ko\u0161\u013c\u0101jam\u0101s 75 gab. | Puhdas+\" \/>\n<meta property=\"og:description\" content=\"Gar\u0161\u012bgs multivitam\u012bns visai \u0123imenei \u2013 9 vitam\u012bni m\u012bkst\u0101s ko\u0161\u013c\u0101jam\u0101s tablet\u0113s. Bez cukura, \u017eelat\u012bna un m\u0101ksl\u012bg\u0101m kr\u0101sviel\u0101m. Piem\u0113rots ar\u012b b\u0113rniem.\" \/>\n<meta property=\"og:url\" content=\"https:\/\/puhdasplus.ee\/lv\/produkti\/imunsistema\/pehmovita-multivitamins-abolu-koslajamas-tabletes-75-gab\/\" \/>\n<meta property=\"og:site_name\" content=\"Puhdas+\" \/>\n<meta property=\"article:publisher\" content=\"https:\/\/www.facebook.com\/puhdasplus\" \/>\n<meta property=\"article:modified_time\" content=\"2026-05-13T17:00:18+00:00\" \/>\n<meta property=\"og:image\" content=\"https:\/\/puhdasplus.ee\/wp-content\/uploads\/2026\/04\/PehmoVita-multivitamiini-oun-kummikommid-75-tk-scaled.jpg\" \/>\n\t<meta property=\"og:image:width\" content=\"1862\" \/>\n\t<meta property=\"og:image:height\" content=\"2560\" \/>\n\t<meta property=\"og:image:type\" content=\"image\/jpeg\" \/>\n<meta name=\"twitter:card\" content=\"summary_large_image\" \/>\n<meta name=\"twitter:label1\" content=\"Est. reading time\" \/>\n\t<meta name=\"twitter:data1\" content=\"1 minute\" \/>\n<script type=\"application\/ld+json\" class=\"yoast-schema-graph\">{\"@context\":\"https:\\\/\\\/schema.org\",\"@graph\":[{\"@type\":\"WebPage\",\"@id\":\"https:\\\/\\\/puhdasplus.ee\\\/lv\\\/produkti\\\/imunsistema\\\/pehmovita-multivitamins-abolu-koslajamas-tabletes-75-gab\\\/\",\"url\":\"https:\\\/\\\/puhdasplus.ee\\\/lv\\\/produkti\\\/imunsistema\\\/pehmovita-multivitamins-abolu-koslajamas-tabletes-75-gab\\\/\",\"name\":\"PehmoVita Multivitam\u012bns \u0100bolu Ko\u0161\u013c\u0101jam\u0101s 75 gab. | Puhdas+\",\"isPartOf\":{\"@id\":\"https:\\\/\\\/puhdasplus.ee\\\/lv\\\/#website\"},\"primaryImageOfPage\":{\"@id\":\"https:\\\/\\\/puhdasplus.ee\\\/lv\\\/produkti\\\/imunsistema\\\/pehmovita-multivitamins-abolu-koslajamas-tabletes-75-gab\\\/#primaryimage\"},\"image\":{\"@id\":\"https:\\\/\\\/puhdasplus.ee\\\/lv\\\/produkti\\\/imunsistema\\\/pehmovita-multivitamins-abolu-koslajamas-tabletes-75-gab\\\/#primaryimage\"},\"thumbnailUrl\":\"https:\\\/\\\/puhdasplus.ee\\\/wp-content\\\/uploads\\\/2026\\\/04\\\/PehmoVita-multivitamiini-oun-kummikommid-75-tk-scaled.jpg\",\"datePublished\":\"2026-04-21T10:15:35+00:00\",\"dateModified\":\"2026-05-13T17:00:18+00:00\",\"description\":\"Gar\u0161\u012bgs multivitam\u012bns visai \u0123imenei \u2013 9 vitam\u012bni m\u012bkst\u0101s ko\u0161\u013c\u0101jam\u0101s tablet\u0113s. Bez cukura, \u017eelat\u012bna un m\u0101ksl\u012bg\u0101m kr\u0101sviel\u0101m. Piem\u0113rots ar\u012b b\u0113rniem.\",\"breadcrumb\":{\"@id\":\"https:\\\/\\\/puhdasplus.ee\\\/lv\\\/produkti\\\/imunsistema\\\/pehmovita-multivitamins-abolu-koslajamas-tabletes-75-gab\\\/#breadcrumb\"},\"inLanguage\":\"lv-LV\",\"potentialAction\":[{\"@type\":\"ReadAction\",\"target\":[\"https:\\\/\\\/puhdasplus.ee\\\/lv\\\/produkti\\\/imunsistema\\\/pehmovita-multivitamins-abolu-koslajamas-tabletes-75-gab\\\/\"]}]},{\"@type\":\"ImageObject\",\"inLanguage\":\"lv-LV\",\"@id\":\"https:\\\/\\\/puhdasplus.ee\\\/lv\\\/produkti\\\/imunsistema\\\/pehmovita-multivitamins-abolu-koslajamas-tabletes-75-gab\\\/#primaryimage\",\"url\":\"https:\\\/\\\/puhdasplus.ee\\\/wp-content\\\/uploads\\\/2026\\\/04\\\/PehmoVita-multivitamiini-oun-kummikommid-75-tk-scaled.jpg\",\"contentUrl\":\"https:\\\/\\\/puhdasplus.ee\\\/wp-content\\\/uploads\\\/2026\\\/04\\\/PehmoVita-multivitamiini-oun-kummikommid-75-tk-scaled.jpg\",\"width\":1862,\"height\":2560,\"caption\":\"PehmoVita multivitamiini \u00f5un kummikommid 75 tk\"},{\"@type\":\"BreadcrumbList\",\"@id\":\"https:\\\/\\\/puhdasplus.ee\\\/lv\\\/produkti\\\/imunsistema\\\/pehmovita-multivitamins-abolu-koslajamas-tabletes-75-gab\\\/#breadcrumb\",\"itemListElement\":[{\"@type\":\"ListItem\",\"position\":1,\"name\":\"S\u0101kums\",\"item\":\"https:\\\/\\\/puhdasplus.ee\\\/lv\\\/\"},{\"@type\":\"ListItem\",\"position\":2,\"name\":\"Produkti\",\"item\":\"https:\\\/\\\/puhdasplus.ee\\\/lv\\\/veikals\\\/\"},{\"@type\":\"ListItem\",\"position\":3,\"name\":\"PehmoVita multivitam\u012bns \u0100bolu ko\u0161\u013c\u0101jam\u0101s tabletes 75 gab.\"}]},{\"@type\":\"WebSite\",\"@id\":\"https:\\\/\\\/puhdasplus.ee\\\/lv\\\/#website\",\"url\":\"https:\\\/\\\/puhdasplus.ee\\\/lv\\\/\",\"name\":\"Puhdas+\",\"description\":\"Vitam\u012bni, uztura bag\u0101tin\u0101t\u0101ji, dab\u012bg\u0101 kosm\u0113tika, vesel\u012bba, sports\",\"publisher\":{\"@id\":\"https:\\\/\\\/puhdasplus.ee\\\/lv\\\/#organization\"},\"potentialAction\":[{\"@type\":\"SearchAction\",\"target\":{\"@type\":\"EntryPoint\",\"urlTemplate\":\"https:\\\/\\\/puhdasplus.ee\\\/lv\\\/?s={search_term_string}\"},\"query-input\":{\"@type\":\"PropertyValueSpecification\",\"valueRequired\":true,\"valueName\":\"search_term_string\"}}],\"inLanguage\":\"lv-LV\"},{\"@type\":\"Organization\",\"@id\":\"https:\\\/\\\/puhdasplus.ee\\\/lv\\\/#organization\",\"name\":\"Puhdas+\",\"alternateName\":\"Puhdasplus\",\"url\":\"https:\\\/\\\/puhdasplus.ee\\\/lv\\\/\",\"logo\":{\"@type\":\"ImageObject\",\"inLanguage\":\"lv-LV\",\"@id\":\"https:\\\/\\\/puhdasplus.ee\\\/lv\\\/#\\\/schema\\\/logo\\\/image\\\/\",\"url\":\"https:\\\/\\\/puhdasplus.ee\\\/wp-content\\\/uploads\\\/2019\\\/10\\\/puhdas_logo-arvele.png\",\"contentUrl\":\"https:\\\/\\\/puhdasplus.ee\\\/wp-content\\\/uploads\\\/2019\\\/10\\\/puhdas_logo-arvele.png\",\"width\":114,\"height\":94,\"caption\":\"Puhdas+\"},\"image\":{\"@id\":\"https:\\\/\\\/puhdasplus.ee\\\/lv\\\/#\\\/schema\\\/logo\\\/image\\\/\"},\"sameAs\":[\"https:\\\/\\\/www.facebook.com\\\/puhdasplus\",\"https:\\\/\\\/www.instagram.com\\\/puhdasplus_ee\\\/\"]}]}<\/script>\n<!-- \/ Yoast SEO plugin. -->","yoast_head_json":{"title":"PehmoVita Multivitam\u012bns \u0100bolu Ko\u0161\u013c\u0101jam\u0101s 75 gab. | Puhdas+","description":"Gar\u0161\u012bgs multivitam\u012bns visai \u0123imenei \u2013 9 vitam\u012bni m\u012bkst\u0101s ko\u0161\u013c\u0101jam\u0101s tablet\u0113s. Bez cukura, \u017eelat\u012bna un m\u0101ksl\u012bg\u0101m kr\u0101sviel\u0101m. Piem\u0113rots ar\u012b b\u0113rniem.","robots":{"index":"index","follow":"follow","max-snippet":"max-snippet:-1","max-image-preview":"max-image-preview:large","max-video-preview":"max-video-preview:-1"},"canonical":"https:\/\/puhdasplus.ee\/lv\/produkti\/imunsistema\/pehmovita-multivitamins-abolu-koslajamas-tabletes-75-gab\/","og_locale":"lv_LV","og_type":"article","og_title":"PehmoVita Multivitam\u012bns \u0100bolu Ko\u0161\u013c\u0101jam\u0101s 75 gab. | Puhdas+","og_description":"Gar\u0161\u012bgs multivitam\u012bns visai \u0123imenei \u2013 9 vitam\u012bni m\u012bkst\u0101s ko\u0161\u013c\u0101jam\u0101s tablet\u0113s. Bez cukura, \u017eelat\u012bna un m\u0101ksl\u012bg\u0101m kr\u0101sviel\u0101m. Piem\u0113rots ar\u012b b\u0113rniem.","og_url":"https:\/\/puhdasplus.ee\/lv\/produkti\/imunsistema\/pehmovita-multivitamins-abolu-koslajamas-tabletes-75-gab\/","og_site_name":"Puhdas+","article_publisher":"https:\/\/www.facebook.com\/puhdasplus","article_modified_time":"2026-05-13T17:00:18+00:00","og_image":[{"width":1862,"height":2560,"url":"https:\/\/puhdasplus.ee\/wp-content\/uploads\/2026\/04\/PehmoVita-multivitamiini-oun-kummikommid-75-tk-scaled.jpg","type":"image\/jpeg"}],"twitter_card":"summary_large_image","twitter_misc":{"Est. reading time":"1 minute"},"schema":{"@context":"https:\/\/schema.org","@graph":[{"@type":"WebPage","@id":"https:\/\/puhdasplus.ee\/lv\/produkti\/imunsistema\/pehmovita-multivitamins-abolu-koslajamas-tabletes-75-gab\/","url":"https:\/\/puhdasplus.ee\/lv\/produkti\/imunsistema\/pehmovita-multivitamins-abolu-koslajamas-tabletes-75-gab\/","name":"PehmoVita Multivitam\u012bns \u0100bolu Ko\u0161\u013c\u0101jam\u0101s 75 gab. | Puhdas+","isPartOf":{"@id":"https:\/\/puhdasplus.ee\/lv\/#website"},"primaryImageOfPage":{"@id":"https:\/\/puhdasplus.ee\/lv\/produkti\/imunsistema\/pehmovita-multivitamins-abolu-koslajamas-tabletes-75-gab\/#primaryimage"},"image":{"@id":"https:\/\/puhdasplus.ee\/lv\/produkti\/imunsistema\/pehmovita-multivitamins-abolu-koslajamas-tabletes-75-gab\/#primaryimage"},"thumbnailUrl":"https:\/\/puhdasplus.ee\/wp-content\/uploads\/2026\/04\/PehmoVita-multivitamiini-oun-kummikommid-75-tk-scaled.jpg","datePublished":"2026-04-21T10:15:35+00:00","dateModified":"2026-05-13T17:00:18+00:00","description":"Gar\u0161\u012bgs multivitam\u012bns visai \u0123imenei \u2013 9 vitam\u012bni m\u012bkst\u0101s ko\u0161\u013c\u0101jam\u0101s tablet\u0113s. Bez cukura, \u017eelat\u012bna un m\u0101ksl\u012bg\u0101m kr\u0101sviel\u0101m. Piem\u0113rots ar\u012b b\u0113rniem.","breadcrumb":{"@id":"https:\/\/puhdasplus.ee\/lv\/produkti\/imunsistema\/pehmovita-multivitamins-abolu-koslajamas-tabletes-75-gab\/#breadcrumb"},"inLanguage":"lv-LV","potentialAction":[{"@type":"ReadAction","target":["https:\/\/puhdasplus.ee\/lv\/produkti\/imunsistema\/pehmovita-multivitamins-abolu-koslajamas-tabletes-75-gab\/"]}]},{"@type":"ImageObject","inLanguage":"lv-LV","@id":"https:\/\/puhdasplus.ee\/lv\/produkti\/imunsistema\/pehmovita-multivitamins-abolu-koslajamas-tabletes-75-gab\/#primaryimage","url":"https:\/\/puhdasplus.ee\/wp-content\/uploads\/2026\/04\/PehmoVita-multivitamiini-oun-kummikommid-75-tk-scaled.jpg","contentUrl":"https:\/\/puhdasplus.ee\/wp-content\/uploads\/2026\/04\/PehmoVita-multivitamiini-oun-kummikommid-75-tk-scaled.jpg","width":1862,"height":2560,"caption":"PehmoVita multivitamiini \u00f5un kummikommid 75 tk"},{"@type":"BreadcrumbList","@id":"https:\/\/puhdasplus.ee\/lv\/produkti\/imunsistema\/pehmovita-multivitamins-abolu-koslajamas-tabletes-75-gab\/#breadcrumb","itemListElement":[{"@type":"ListItem","position":1,"name":"S\u0101kums","item":"https:\/\/puhdasplus.ee\/lv\/"},{"@type":"ListItem","position":2,"name":"Produkti","item":"https:\/\/puhdasplus.ee\/lv\/veikals\/"},{"@type":"ListItem","position":3,"name":"PehmoVita multivitam\u012bns \u0100bolu ko\u0161\u013c\u0101jam\u0101s tabletes 75 gab."}]},{"@type":"WebSite","@id":"https:\/\/puhdasplus.ee\/lv\/#website","url":"https:\/\/puhdasplus.ee\/lv\/","name":"Puhdas+","description":"Vitam\u012bni, uztura bag\u0101tin\u0101t\u0101ji, dab\u012bg\u0101 kosm\u0113tika, vesel\u012bba, sports","publisher":{"@id":"https:\/\/puhdasplus.ee\/lv\/#organization"},"potentialAction":[{"@type":"SearchAction","target":{"@type":"EntryPoint","urlTemplate":"https:\/\/puhdasplus.ee\/lv\/?s={search_term_string}"},"query-input":{"@type":"PropertyValueSpecification","valueRequired":true,"valueName":"search_term_string"}}],"inLanguage":"lv-LV"},{"@type":"Organization","@id":"https:\/\/puhdasplus.ee\/lv\/#organization","name":"Puhdas+","alternateName":"Puhdasplus","url":"https:\/\/puhdasplus.ee\/lv\/","logo":{"@type":"ImageObject","inLanguage":"lv-LV","@id":"https:\/\/puhdasplus.ee\/lv\/#\/schema\/logo\/image\/","url":"https:\/\/puhdasplus.ee\/wp-content\/uploads\/2019\/10\/puhdas_logo-arvele.png","contentUrl":"https:\/\/puhdasplus.ee\/wp-content\/uploads\/2019\/10\/puhdas_logo-arvele.png","width":114,"height":94,"caption":"Puhdas+"},"image":{"@id":"https:\/\/puhdasplus.ee\/lv\/#\/schema\/logo\/image\/"},"sameAs":["https:\/\/www.facebook.com\/puhdasplus","https:\/\/www.instagram.com\/puhdasplus_ee\/"]}]}},"_yoast_wpseo_title":"PehmoVita Multivitam\u012bns \u0100bolu Ko\u0161\u013c\u0101jam\u0101s 75 gab. | Puhdas+","_yoast_wpseo_metadesc":"Gar\u0161\u012bgs multivitam\u012bns visai \u0123imenei \u2013 9 vitam\u012bni m\u012bkst\u0101s ko\u0161\u013c\u0101jam\u0101s tablet\u0113s. Bez cukura, \u017eelat\u012bna un m\u0101ksl\u012bg\u0101m kr\u0101sviel\u0101m. Piem\u0113rots ar\u012b b\u0113rniem.","_yoast_wpseo_focuskw":"multivitam\u012bns ko\u0161\u013c\u0101jam\u0101s","_links":{"self":[{"href":"https:\/\/puhdasplus.ee\/lv\/wp-json\/wp\/v2\/product\/361219","targetHints":{"allow":["GET"]}}],"collection":[{"href":"https:\/\/puhdasplus.ee\/lv\/wp-json\/wp\/v2\/product"}],"about":[{"href":"https:\/\/puhdasplus.ee\/lv\/wp-json\/wp\/v2\/types\/product"}],"replies":[{"embeddable":true,"href":"https:\/\/puhdasplus.ee\/lv\/wp-json\/wp\/v2\/comments?post=361219"}],"wp:featuredmedia":[{"embeddable":true,"href":"https:\/\/puhdasplus.ee\/lv\/wp-json\/wp\/v2\/media\/361457"}],"wp:attachment":[{"href":"https:\/\/puhdasplus.ee\/lv\/wp-json\/wp\/v2\/media?parent=361219"}],"wp:term":[{"taxonomy":"product_brand","embeddable":true,"href":"https:\/\/puhdasplus.ee\/lv\/wp-json\/wp\/v2\/product_brand?post=361219"},{"taxonomy":"product_cat","embeddable":true,"href":"https:\/\/puhdasplus.ee\/lv\/wp-json\/wp\/v2\/product_cat?post=361219"},{"taxonomy":"product_tag","embeddable":true,"href":"https:\/\/puhdasplus.ee\/lv\/wp-json\/wp\/v2\/product_tag?post=361219"}],"curies":[{"name":"wp","href":"https:\/\/api.w.org\/{rel}","templated":true}]}}