{"id":361216,"date":"2026-04-21T13:15:45","date_gmt":"2026-04-21T10:15:45","guid":{"rendered":"https:\/\/puhdasplus.ee\/?post_type=product&#038;p=361216"},"modified":"2026-05-13T19:56:55","modified_gmt":"2026-05-13T16:56:55","slug":"super-d3-vitamins-125-ug","status":"publish","type":"product","link":"https:\/\/puhdasplus.ee\/lv\/produkti\/vitamini\/d-vitamins\/super-d3-vitamins-125-ug\/","title":{"rendered":"Super D3 vitam\u012bns 125 \u00b5g"},"content":{"rendered":"<p>Lieliski uzs\u016bcas D3 vitam\u012bns ol\u012bve\u013c\u013c\u0101. Maza, viegli norijama kapsula. Atbalsta norm\u0101lu im\u016bnsist\u0113mas darb\u012bbu, kaulus, zobus un kalcija uzs\u016bk\u0161anos.*<\/p>\n<h3>Bie\u017e\u0101k uzdotie jaut\u0101jumi<\/h3>\n<p><strong>K\u0101p\u0113c D3 vitam\u012bns ir ol\u012bve\u013c\u013c\u0101?<\/strong><br \/>D3 vitam\u012bns ir taukos \u0161\u0137\u012bsto\u0161s, t\u0101p\u0113c tas lab\u0101k uzs\u016bcas no e\u013c\u013cas b\u0101zes \u0161\u0137idruma nek\u0101 no cietas tabletes.<\/p>\n<p><strong>Kam nepiecie\u0161ama liel\u0101ka D3 deva?<\/strong><br \/>Zieme\u013cvalst\u012bs D3 vitam\u012bna defic\u012bts ir izplat\u012bts \u012bpa\u0161i ziemas m\u0113ne\u0161os. Konsult\u0113jieties ar \u0101rstu par liel\u0101kas devas nepiecie\u0161am\u012bbu.<\/p>\n<p><strong>Vai es varu to lietot kop\u0101 ar citiem uztura bag\u0101tin\u0101t\u0101jiem?<\/strong><br \/>J\u0101, bet p\u0101rliecinieties, ka kop\u0113jais dienas D3 uz\u0146em\u0161anas daudzums paliek dro\u0161\u0101s robe\u017e\u0101s \u2013 ja nepiecie\u0161ams, konsult\u0113jieties ar \u0101rstu.<\/p>\n<h3>Br\u012bdin\u0101jumi<\/h3>\n<ul>\n<li>Uztura bag\u0101tin\u0101t\u0101js neaizst\u0101j pilnv\u0113rt\u012bgu un sabalans\u0113tu uzturu un vesel\u012bgu dz\u012bvesveidu.<\/li>\n<li>Nep\u0101rsniedziet ieteicamo dienas devu.<\/li>\n<li>Uzglab\u0101t b\u0113rniem nepieejam\u0101 viet\u0101.<\/li>\n<li>Uzglab\u0101t v\u0113s\u0101, saus\u0101 viet\u0101, aizsarg\u0101tu no tie\u0161iem saules stariem.<\/li>\n<\/ul>\n<h3>Ra\u017eot\u0101js un izcelsme<\/h3>\n<p>Ra\u017eots Somij\u0101 zem z\u012bmola Puhdas+. Izplat\u012bt\u0101js Igaunij\u0101: NordenBio O\u00dc.<\/p>\n","protected":false},"excerpt":{"rendered":"<p>Lieliski uzs\u016bcas D3 vitam\u012bns kvalitat\u012bv\u0101 ol\u012bve\u013c\u013c\u0101. Maza, viegli norijama kapsula. Atbalsta norm\u0101lu im\u016bnsist\u0113mas darb\u012bbu, kaulu un zobu vesel\u012bbu un kalcija uzs\u016bk\u0161anos.*<\/p>\n","protected":false},"featured_media":361452,"comment_status":"open","ping_status":"closed","template":"","meta":{"_acf_changed":false,"googlesitekit_rrm_CAow3eq7DA:productID":""},"product_brand":[],"product_cat":[4542,3066,3483,3205],"product_tag":[4544,3041,4809,2974,8369],"class_list":{"0":"post-361216","1":"product","2":"type-product","3":"status-publish","4":"has-post-thumbnail","6":"product_cat-d-vitamins","7":"product_cat-imunsistema","8":"product_cat-locitavas-muskuli-un-kauli","9":"product_cat-vitamini","10":"product_tag-d-vitamins","11":"product_tag-imunitate","12":"product_tag-kaulu-veseliba","13":"product_tag-vegans","14":"product_tag-vitamini","16":"first","17":"outofstock","18":"taxable","19":"shipping-taxable","20":"product-type-variable"},"acf":[],"yoast_head":"<!-- This site is optimized with the Yoast SEO plugin v27.6 - https:\/\/yoast.com\/product\/yoast-seo-wordpress\/ -->\n<title>Super D3 vitam\u012bns 125 \u00b5g \u2013 Imunit\u0101te un kauli | Puhdas+<\/title>\n<meta name=\"description\" content=\"Lielas devas D3 vitam\u012bns ol\u012bve\u013c\u013c\u0101 vieglai uzs\u016bk\u0161anai. Atbalsta imunit\u0101ti, kaulu vesel\u012bbu un kalcija uzs\u016bk\u0161anos. Izv\u0113lies 60, 120 vai 240 kapsulas.\" \/>\n<meta name=\"robots\" content=\"index, follow, max-snippet:-1, max-image-preview:large, max-video-preview:-1\" \/>\n<link rel=\"canonical\" href=\"https:\/\/puhdasplus.ee\/lv\/produkti\/vitamini\/d-vitamins\/super-d3-vitamins-125-ug\/\" \/>\n<meta property=\"og:locale\" content=\"lv_LV\" \/>\n<meta property=\"og:type\" content=\"article\" \/>\n<meta property=\"og:title\" content=\"Super D3 vitam\u012bns 125 \u00b5g \u2013 Imunit\u0101te un kauli | Puhdas+\" \/>\n<meta property=\"og:description\" content=\"Lielas devas D3 vitam\u012bns ol\u012bve\u013c\u013c\u0101 vieglai uzs\u016bk\u0161anai. Atbalsta imunit\u0101ti, kaulu vesel\u012bbu un kalcija uzs\u016bk\u0161anos. Izv\u0113lies 60, 120 vai 240 kapsulas.\" \/>\n<meta property=\"og:url\" content=\"https:\/\/puhdasplus.ee\/lv\/produkti\/vitamini\/d-vitamins\/super-d3-vitamins-125-ug\/\" \/>\n<meta property=\"og:site_name\" content=\"Puhdas+\" \/>\n<meta property=\"article:publisher\" content=\"https:\/\/www.facebook.com\/puhdasplus\" \/>\n<meta property=\"article:modified_time\" content=\"2026-05-13T16:56:55+00:00\" \/>\n<meta property=\"og:image\" content=\"https:\/\/puhdasplus.ee\/wp-content\/uploads\/2026\/04\/Super-D3-vitamiin-125-\u00b5g-scaled.jpg\" \/>\n\t<meta property=\"og:image:width\" content=\"1862\" \/>\n\t<meta property=\"og:image:height\" content=\"2560\" \/>\n\t<meta property=\"og:image:type\" content=\"image\/jpeg\" \/>\n<meta name=\"twitter:card\" content=\"summary_large_image\" \/>\n<meta name=\"twitter:label1\" content=\"Est. reading time\" \/>\n\t<meta name=\"twitter:data1\" content=\"1 minute\" \/>\n<script type=\"application\/ld+json\" class=\"yoast-schema-graph\">{\"@context\":\"https:\\\/\\\/schema.org\",\"@graph\":[{\"@type\":\"WebPage\",\"@id\":\"https:\\\/\\\/puhdasplus.ee\\\/lv\\\/produkti\\\/vitamini\\\/d-vitamins\\\/super-d3-vitamins-125-ug\\\/\",\"url\":\"https:\\\/\\\/puhdasplus.ee\\\/lv\\\/produkti\\\/vitamini\\\/d-vitamins\\\/super-d3-vitamins-125-ug\\\/\",\"name\":\"Super D3 vitam\u012bns 125 \u00b5g \u2013 Imunit\u0101te un kauli | Puhdas+\",\"isPartOf\":{\"@id\":\"https:\\\/\\\/puhdasplus.ee\\\/lv\\\/#website\"},\"primaryImageOfPage\":{\"@id\":\"https:\\\/\\\/puhdasplus.ee\\\/lv\\\/produkti\\\/vitamini\\\/d-vitamins\\\/super-d3-vitamins-125-ug\\\/#primaryimage\"},\"image\":{\"@id\":\"https:\\\/\\\/puhdasplus.ee\\\/lv\\\/produkti\\\/vitamini\\\/d-vitamins\\\/super-d3-vitamins-125-ug\\\/#primaryimage\"},\"thumbnailUrl\":\"https:\\\/\\\/puhdasplus.ee\\\/wp-content\\\/uploads\\\/2026\\\/04\\\/Super-D3-vitamiin-125-\u00b5g-scaled.jpg\",\"datePublished\":\"2026-04-21T10:15:45+00:00\",\"dateModified\":\"2026-05-13T16:56:55+00:00\",\"description\":\"Lielas devas D3 vitam\u012bns ol\u012bve\u013c\u013c\u0101 vieglai uzs\u016bk\u0161anai. Atbalsta imunit\u0101ti, kaulu vesel\u012bbu un kalcija uzs\u016bk\u0161anos. Izv\u0113lies 60, 120 vai 240 kapsulas.\",\"breadcrumb\":{\"@id\":\"https:\\\/\\\/puhdasplus.ee\\\/lv\\\/produkti\\\/vitamini\\\/d-vitamins\\\/super-d3-vitamins-125-ug\\\/#breadcrumb\"},\"inLanguage\":\"lv-LV\",\"potentialAction\":[{\"@type\":\"ReadAction\",\"target\":[\"https:\\\/\\\/puhdasplus.ee\\\/lv\\\/produkti\\\/vitamini\\\/d-vitamins\\\/super-d3-vitamins-125-ug\\\/\"]}]},{\"@type\":\"ImageObject\",\"inLanguage\":\"lv-LV\",\"@id\":\"https:\\\/\\\/puhdasplus.ee\\\/lv\\\/produkti\\\/vitamini\\\/d-vitamins\\\/super-d3-vitamins-125-ug\\\/#primaryimage\",\"url\":\"https:\\\/\\\/puhdasplus.ee\\\/wp-content\\\/uploads\\\/2026\\\/04\\\/Super-D3-vitamiin-125-\u00b5g-scaled.jpg\",\"contentUrl\":\"https:\\\/\\\/puhdasplus.ee\\\/wp-content\\\/uploads\\\/2026\\\/04\\\/Super-D3-vitamiin-125-\u00b5g-scaled.jpg\",\"width\":1862,\"height\":2560,\"caption\":\"Super D3-vitamiin 125 \u00b5g\"},{\"@type\":\"BreadcrumbList\",\"@id\":\"https:\\\/\\\/puhdasplus.ee\\\/lv\\\/produkti\\\/vitamini\\\/d-vitamins\\\/super-d3-vitamins-125-ug\\\/#breadcrumb\",\"itemListElement\":[{\"@type\":\"ListItem\",\"position\":1,\"name\":\"S\u0101kums\",\"item\":\"https:\\\/\\\/puhdasplus.ee\\\/lv\\\/\"},{\"@type\":\"ListItem\",\"position\":2,\"name\":\"Produkti\",\"item\":\"https:\\\/\\\/puhdasplus.ee\\\/lv\\\/veikals\\\/\"},{\"@type\":\"ListItem\",\"position\":3,\"name\":\"Super D3 vitam\u012bns 125 \u00b5g\"}]},{\"@type\":\"WebSite\",\"@id\":\"https:\\\/\\\/puhdasplus.ee\\\/lv\\\/#website\",\"url\":\"https:\\\/\\\/puhdasplus.ee\\\/lv\\\/\",\"name\":\"Puhdas+\",\"description\":\"Vitam\u012bni, uztura bag\u0101tin\u0101t\u0101ji, dab\u012bg\u0101 kosm\u0113tika, vesel\u012bba, sports\",\"publisher\":{\"@id\":\"https:\\\/\\\/puhdasplus.ee\\\/lv\\\/#organization\"},\"potentialAction\":[{\"@type\":\"SearchAction\",\"target\":{\"@type\":\"EntryPoint\",\"urlTemplate\":\"https:\\\/\\\/puhdasplus.ee\\\/lv\\\/?s={search_term_string}\"},\"query-input\":{\"@type\":\"PropertyValueSpecification\",\"valueRequired\":true,\"valueName\":\"search_term_string\"}}],\"inLanguage\":\"lv-LV\"},{\"@type\":\"Organization\",\"@id\":\"https:\\\/\\\/puhdasplus.ee\\\/lv\\\/#organization\",\"name\":\"Puhdas+\",\"alternateName\":\"Puhdasplus\",\"url\":\"https:\\\/\\\/puhdasplus.ee\\\/lv\\\/\",\"logo\":{\"@type\":\"ImageObject\",\"inLanguage\":\"lv-LV\",\"@id\":\"https:\\\/\\\/puhdasplus.ee\\\/lv\\\/#\\\/schema\\\/logo\\\/image\\\/\",\"url\":\"https:\\\/\\\/puhdasplus.ee\\\/wp-content\\\/uploads\\\/2019\\\/10\\\/puhdas_logo-arvele.png\",\"contentUrl\":\"https:\\\/\\\/puhdasplus.ee\\\/wp-content\\\/uploads\\\/2019\\\/10\\\/puhdas_logo-arvele.png\",\"width\":114,\"height\":94,\"caption\":\"Puhdas+\"},\"image\":{\"@id\":\"https:\\\/\\\/puhdasplus.ee\\\/lv\\\/#\\\/schema\\\/logo\\\/image\\\/\"},\"sameAs\":[\"https:\\\/\\\/www.facebook.com\\\/puhdasplus\",\"https:\\\/\\\/www.instagram.com\\\/puhdasplus_ee\\\/\"]}]}<\/script>\n<!-- \/ Yoast SEO plugin. -->","yoast_head_json":{"title":"Super D3 vitam\u012bns 125 \u00b5g \u2013 Imunit\u0101te un kauli | Puhdas+","description":"Lielas devas D3 vitam\u012bns ol\u012bve\u013c\u013c\u0101 vieglai uzs\u016bk\u0161anai. Atbalsta imunit\u0101ti, kaulu vesel\u012bbu un kalcija uzs\u016bk\u0161anos. Izv\u0113lies 60, 120 vai 240 kapsulas.","robots":{"index":"index","follow":"follow","max-snippet":"max-snippet:-1","max-image-preview":"max-image-preview:large","max-video-preview":"max-video-preview:-1"},"canonical":"https:\/\/puhdasplus.ee\/lv\/produkti\/vitamini\/d-vitamins\/super-d3-vitamins-125-ug\/","og_locale":"lv_LV","og_type":"article","og_title":"Super D3 vitam\u012bns 125 \u00b5g \u2013 Imunit\u0101te un kauli | Puhdas+","og_description":"Lielas devas D3 vitam\u012bns ol\u012bve\u013c\u013c\u0101 vieglai uzs\u016bk\u0161anai. Atbalsta imunit\u0101ti, kaulu vesel\u012bbu un kalcija uzs\u016bk\u0161anos. Izv\u0113lies 60, 120 vai 240 kapsulas.","og_url":"https:\/\/puhdasplus.ee\/lv\/produkti\/vitamini\/d-vitamins\/super-d3-vitamins-125-ug\/","og_site_name":"Puhdas+","article_publisher":"https:\/\/www.facebook.com\/puhdasplus","article_modified_time":"2026-05-13T16:56:55+00:00","og_image":[{"width":1862,"height":2560,"url":"https:\/\/puhdasplus.ee\/wp-content\/uploads\/2026\/04\/Super-D3-vitamiin-125-\u00b5g-scaled.jpg","type":"image\/jpeg"}],"twitter_card":"summary_large_image","twitter_misc":{"Est. reading time":"1 minute"},"schema":{"@context":"https:\/\/schema.org","@graph":[{"@type":"WebPage","@id":"https:\/\/puhdasplus.ee\/lv\/produkti\/vitamini\/d-vitamins\/super-d3-vitamins-125-ug\/","url":"https:\/\/puhdasplus.ee\/lv\/produkti\/vitamini\/d-vitamins\/super-d3-vitamins-125-ug\/","name":"Super D3 vitam\u012bns 125 \u00b5g \u2013 Imunit\u0101te un kauli | Puhdas+","isPartOf":{"@id":"https:\/\/puhdasplus.ee\/lv\/#website"},"primaryImageOfPage":{"@id":"https:\/\/puhdasplus.ee\/lv\/produkti\/vitamini\/d-vitamins\/super-d3-vitamins-125-ug\/#primaryimage"},"image":{"@id":"https:\/\/puhdasplus.ee\/lv\/produkti\/vitamini\/d-vitamins\/super-d3-vitamins-125-ug\/#primaryimage"},"thumbnailUrl":"https:\/\/puhdasplus.ee\/wp-content\/uploads\/2026\/04\/Super-D3-vitamiin-125-\u00b5g-scaled.jpg","datePublished":"2026-04-21T10:15:45+00:00","dateModified":"2026-05-13T16:56:55+00:00","description":"Lielas devas D3 vitam\u012bns ol\u012bve\u013c\u013c\u0101 vieglai uzs\u016bk\u0161anai. Atbalsta imunit\u0101ti, kaulu vesel\u012bbu un kalcija uzs\u016bk\u0161anos. Izv\u0113lies 60, 120 vai 240 kapsulas.","breadcrumb":{"@id":"https:\/\/puhdasplus.ee\/lv\/produkti\/vitamini\/d-vitamins\/super-d3-vitamins-125-ug\/#breadcrumb"},"inLanguage":"lv-LV","potentialAction":[{"@type":"ReadAction","target":["https:\/\/puhdasplus.ee\/lv\/produkti\/vitamini\/d-vitamins\/super-d3-vitamins-125-ug\/"]}]},{"@type":"ImageObject","inLanguage":"lv-LV","@id":"https:\/\/puhdasplus.ee\/lv\/produkti\/vitamini\/d-vitamins\/super-d3-vitamins-125-ug\/#primaryimage","url":"https:\/\/puhdasplus.ee\/wp-content\/uploads\/2026\/04\/Super-D3-vitamiin-125-\u00b5g-scaled.jpg","contentUrl":"https:\/\/puhdasplus.ee\/wp-content\/uploads\/2026\/04\/Super-D3-vitamiin-125-\u00b5g-scaled.jpg","width":1862,"height":2560,"caption":"Super D3-vitamiin 125 \u00b5g"},{"@type":"BreadcrumbList","@id":"https:\/\/puhdasplus.ee\/lv\/produkti\/vitamini\/d-vitamins\/super-d3-vitamins-125-ug\/#breadcrumb","itemListElement":[{"@type":"ListItem","position":1,"name":"S\u0101kums","item":"https:\/\/puhdasplus.ee\/lv\/"},{"@type":"ListItem","position":2,"name":"Produkti","item":"https:\/\/puhdasplus.ee\/lv\/veikals\/"},{"@type":"ListItem","position":3,"name":"Super D3 vitam\u012bns 125 \u00b5g"}]},{"@type":"WebSite","@id":"https:\/\/puhdasplus.ee\/lv\/#website","url":"https:\/\/puhdasplus.ee\/lv\/","name":"Puhdas+","description":"Vitam\u012bni, uztura bag\u0101tin\u0101t\u0101ji, dab\u012bg\u0101 kosm\u0113tika, vesel\u012bba, sports","publisher":{"@id":"https:\/\/puhdasplus.ee\/lv\/#organization"},"potentialAction":[{"@type":"SearchAction","target":{"@type":"EntryPoint","urlTemplate":"https:\/\/puhdasplus.ee\/lv\/?s={search_term_string}"},"query-input":{"@type":"PropertyValueSpecification","valueRequired":true,"valueName":"search_term_string"}}],"inLanguage":"lv-LV"},{"@type":"Organization","@id":"https:\/\/puhdasplus.ee\/lv\/#organization","name":"Puhdas+","alternateName":"Puhdasplus","url":"https:\/\/puhdasplus.ee\/lv\/","logo":{"@type":"ImageObject","inLanguage":"lv-LV","@id":"https:\/\/puhdasplus.ee\/lv\/#\/schema\/logo\/image\/","url":"https:\/\/puhdasplus.ee\/wp-content\/uploads\/2019\/10\/puhdas_logo-arvele.png","contentUrl":"https:\/\/puhdasplus.ee\/wp-content\/uploads\/2019\/10\/puhdas_logo-arvele.png","width":114,"height":94,"caption":"Puhdas+"},"image":{"@id":"https:\/\/puhdasplus.ee\/lv\/#\/schema\/logo\/image\/"},"sameAs":["https:\/\/www.facebook.com\/puhdasplus","https:\/\/www.instagram.com\/puhdasplus_ee\/"]}]}},"_yoast_wpseo_title":"Super D3 vitam\u012bns 125 \u00b5g \u2013 Imunit\u0101te un kauli | Puhdas+","_yoast_wpseo_metadesc":"Lielas devas D3 vitam\u012bns ol\u012bve\u013c\u013c\u0101 vieglai uzs\u016bk\u0161anai. Atbalsta imunit\u0101ti, kaulu vesel\u012bbu un kalcija uzs\u016bk\u0161anos. Izv\u0113lies 60, 120 vai 240 kapsulas.","_yoast_wpseo_focuskw":"D3 vitam\u012bns 125 \u00b5g","_links":{"self":[{"href":"https:\/\/puhdasplus.ee\/lv\/wp-json\/wp\/v2\/product\/361216","targetHints":{"allow":["GET"]}}],"collection":[{"href":"https:\/\/puhdasplus.ee\/lv\/wp-json\/wp\/v2\/product"}],"about":[{"href":"https:\/\/puhdasplus.ee\/lv\/wp-json\/wp\/v2\/types\/product"}],"replies":[{"embeddable":true,"href":"https:\/\/puhdasplus.ee\/lv\/wp-json\/wp\/v2\/comments?post=361216"}],"wp:featuredmedia":[{"embeddable":true,"href":"https:\/\/puhdasplus.ee\/lv\/wp-json\/wp\/v2\/media\/361452"}],"wp:attachment":[{"href":"https:\/\/puhdasplus.ee\/lv\/wp-json\/wp\/v2\/media?parent=361216"}],"wp:term":[{"taxonomy":"product_brand","embeddable":true,"href":"https:\/\/puhdasplus.ee\/lv\/wp-json\/wp\/v2\/product_brand?post=361216"},{"taxonomy":"product_cat","embeddable":true,"href":"https:\/\/puhdasplus.ee\/lv\/wp-json\/wp\/v2\/product_cat?post=361216"},{"taxonomy":"product_tag","embeddable":true,"href":"https:\/\/puhdasplus.ee\/lv\/wp-json\/wp\/v2\/product_tag?post=361216"}],"curies":[{"name":"wp","href":"https:\/\/api.w.org\/{rel}","templated":true}]}}