{"id":361213,"date":"2026-04-21T13:15:59","date_gmt":"2026-04-21T10:15:59","guid":{"rendered":"https:\/\/puhdasplus.ee\/?post_type=product&#038;p=361213"},"modified":"2026-05-13T19:51:40","modified_gmt":"2026-05-13T16:51:40","slug":"glicins-500-mg-120-kapsulas","status":"publish","type":"product","link":"https:\/\/puhdasplus.ee\/lv\/produkti\/stress-un-miegs\/glicins-500-mg-120-kapsulas\/","title":{"rendered":"Glic\u012bns 500 mg, 120 kapsulas"},"content":{"rendered":"<p>T\u012brs un \u0113rti lietojams aminosk\u0101bju prepar\u0101ts. Glic\u012bns ir organisma dab\u012bga aminosk\u0101be, ko var lietot jebkur\u0101 diennakts laik\u0101 \u2013 ar\u012b vakar\u0101, 30\u201360 min\u016btes pirms gul\u0113tie\u0161anas.<\/p>\n<h3>Bie\u017e\u0101k uzdotie jaut\u0101jumi<\/h3>\n<p><strong>Kad ir lab\u0101kais laiks lietot glic\u012bnu?<\/strong><br \/>Glic\u012bnu var lietot jebkur\u0101 diennakts laik\u0101. Daudzi izv\u0113las lietot to vakar\u0101 aptuveni 30\u201360 min\u016btes pirms gul\u0113tie\u0161anas.<\/p>\n<p><strong>Vai produkts ir veg\u0101nisks?<\/strong><br \/>J\u0101, Puhdas+ Glic\u012bna kapsulas apvalks nesatur dz\u012bvnieku izcelsmes sast\u0101vda\u013cas.<\/p>\n<p><strong>K\u0101da ir ieteicam\u0101 dienas deva?<\/strong><br \/>1\u20132 kapsulas dien\u0101, kas atbilst 500\u20131000 mg glic\u012bna.<\/p>\n<h3>Br\u012bdin\u0101jumi<\/h3>\n<ul>\n<li>Uztura bag\u0101tin\u0101t\u0101js neaizst\u0101j pilnv\u0113rt\u012bgu un sabalans\u0113tu uzturu un vesel\u012bgu dz\u012bvesveidu.<\/li>\n<li>Nep\u0101rsniedziet ieteicamo dienas devu.<\/li>\n<li>Uzglab\u0101t b\u0113rniem nepieejam\u0101 viet\u0101.<\/li>\n<li>Uzglab\u0101t v\u0113s\u0101, saus\u0101 viet\u0101, aizsarg\u0101tu no tie\u0161iem saules stariem.<\/li>\n<\/ul>\n<h3>Ra\u017eot\u0101js un izcelsme<\/h3>\n<p>Ra\u017eots Somij\u0101 zem z\u012bmola Puhdas+. Izplat\u012bt\u0101js Igaunij\u0101: NordenBio O\u00dc.<\/p>\n","protected":false},"excerpt":{"rendered":"<p>T\u012brs un \u0113rti lietojams aminosk\u0101bju prepar\u0101ts. Glic\u012bns ir organisma dab\u012bga aminosk\u0101be, ko var lietot jebkur\u0101 diennakts laik\u0101 \u2013 ar\u012b vakar\u0101, 30\u201360 min\u016btes pirms gul\u0113tie\u0161anas. 120 veg\u0101na kapsulas.<\/p>\n","protected":false},"featured_media":361250,"comment_status":"open","ping_status":"closed","template":"","meta":{"_acf_changed":false,"googlesitekit_rrm_CAow3eq7DA:productID":""},"product_brand":[],"product_cat":[3509,3037],"product_tag":[8361,8983,8464,8472,2974],"class_list":{"0":"post-361213","1":"product","2":"type-product","3":"status-publish","4":"has-post-thumbnail","6":"product_cat-aminoskabes","7":"product_cat-stress-un-miegs","8":"product_tag-aminoskabes","9":"product_tag-glicins-lv","10":"product_tag-nervu-sistema","11":"product_tag-stress-lv","12":"product_tag-vegans","14":"first","15":"onbackorder","16":"taxable","17":"shipping-taxable","18":"purchasable","19":"product-type-simple"},"acf":[],"yoast_head":"<!-- This site is optimized with the Yoast SEO plugin v27.6 - https:\/\/yoast.com\/product\/yoast-seo-wordpress\/ -->\n<title>Glic\u012bns 500 mg 120 kaps. \u2013 Aminosk\u0101be miegam | Puhdas+<\/title>\n<meta name=\"description\" content=\"Puhdas+ Glic\u012bns 500 mg \u2013 t\u012bra aminosk\u0101be vakara atsl\u0101bin\u0101\u0161anai un mier\u012bgam miegam. 120 veg\u0101na kapsulas. Pas\u016bti Puhdas+ no Igaunijas.\" \/>\n<meta name=\"robots\" content=\"index, follow, max-snippet:-1, max-image-preview:large, max-video-preview:-1\" \/>\n<link rel=\"canonical\" href=\"https:\/\/puhdasplus.ee\/lv\/produkti\/stress-un-miegs\/glicins-500-mg-120-kapsulas\/\" \/>\n<meta property=\"og:locale\" content=\"lv_LV\" \/>\n<meta property=\"og:type\" content=\"article\" \/>\n<meta property=\"og:title\" content=\"Glic\u012bns 500 mg 120 kaps. \u2013 Aminosk\u0101be miegam | Puhdas+\" \/>\n<meta property=\"og:description\" content=\"Puhdas+ Glic\u012bns 500 mg \u2013 t\u012bra aminosk\u0101be vakara atsl\u0101bin\u0101\u0161anai un mier\u012bgam miegam. 120 veg\u0101na kapsulas. Pas\u016bti Puhdas+ no Igaunijas.\" \/>\n<meta property=\"og:url\" content=\"https:\/\/puhdasplus.ee\/lv\/produkti\/stress-un-miegs\/glicins-500-mg-120-kapsulas\/\" \/>\n<meta property=\"og:site_name\" content=\"Puhdas+\" \/>\n<meta property=\"article:publisher\" content=\"https:\/\/www.facebook.com\/puhdasplus\" \/>\n<meta property=\"article:modified_time\" content=\"2026-05-13T16:51:40+00:00\" \/>\n<meta property=\"og:image\" content=\"https:\/\/puhdasplus.ee\/wp-content\/uploads\/2026\/04\/puhdas_Glysine120kaps-scaled.jpg\" \/>\n\t<meta property=\"og:image:width\" content=\"1862\" \/>\n\t<meta property=\"og:image:height\" content=\"2560\" \/>\n\t<meta property=\"og:image:type\" content=\"image\/jpeg\" \/>\n<meta name=\"twitter:card\" content=\"summary_large_image\" \/>\n<meta name=\"twitter:label1\" content=\"Est. reading time\" \/>\n\t<meta name=\"twitter:data1\" content=\"1 minute\" \/>\n<script type=\"application\/ld+json\" class=\"yoast-schema-graph\">{\"@context\":\"https:\\\/\\\/schema.org\",\"@graph\":[{\"@type\":\"WebPage\",\"@id\":\"https:\\\/\\\/puhdasplus.ee\\\/lv\\\/produkti\\\/stress-un-miegs\\\/glicins-500-mg-120-kapsulas\\\/\",\"url\":\"https:\\\/\\\/puhdasplus.ee\\\/lv\\\/produkti\\\/stress-un-miegs\\\/glicins-500-mg-120-kapsulas\\\/\",\"name\":\"Glic\u012bns 500 mg 120 kaps. \u2013 Aminosk\u0101be miegam | Puhdas+\",\"isPartOf\":{\"@id\":\"https:\\\/\\\/puhdasplus.ee\\\/lv\\\/#website\"},\"primaryImageOfPage\":{\"@id\":\"https:\\\/\\\/puhdasplus.ee\\\/lv\\\/produkti\\\/stress-un-miegs\\\/glicins-500-mg-120-kapsulas\\\/#primaryimage\"},\"image\":{\"@id\":\"https:\\\/\\\/puhdasplus.ee\\\/lv\\\/produkti\\\/stress-un-miegs\\\/glicins-500-mg-120-kapsulas\\\/#primaryimage\"},\"thumbnailUrl\":\"https:\\\/\\\/puhdasplus.ee\\\/wp-content\\\/uploads\\\/2026\\\/04\\\/puhdas_Glysine120kaps-scaled.jpg\",\"datePublished\":\"2026-04-21T10:15:59+00:00\",\"dateModified\":\"2026-05-13T16:51:40+00:00\",\"description\":\"Puhdas+ Glic\u012bns 500 mg \u2013 t\u012bra aminosk\u0101be vakara atsl\u0101bin\u0101\u0161anai un mier\u012bgam miegam. 120 veg\u0101na kapsulas. Pas\u016bti Puhdas+ no Igaunijas.\",\"breadcrumb\":{\"@id\":\"https:\\\/\\\/puhdasplus.ee\\\/lv\\\/produkti\\\/stress-un-miegs\\\/glicins-500-mg-120-kapsulas\\\/#breadcrumb\"},\"inLanguage\":\"lv-LV\",\"potentialAction\":[{\"@type\":\"ReadAction\",\"target\":[\"https:\\\/\\\/puhdasplus.ee\\\/lv\\\/produkti\\\/stress-un-miegs\\\/glicins-500-mg-120-kapsulas\\\/\"]}]},{\"@type\":\"ImageObject\",\"inLanguage\":\"lv-LV\",\"@id\":\"https:\\\/\\\/puhdasplus.ee\\\/lv\\\/produkti\\\/stress-un-miegs\\\/glicins-500-mg-120-kapsulas\\\/#primaryimage\",\"url\":\"https:\\\/\\\/puhdasplus.ee\\\/wp-content\\\/uploads\\\/2026\\\/04\\\/puhdas_Glysine120kaps-scaled.jpg\",\"contentUrl\":\"https:\\\/\\\/puhdasplus.ee\\\/wp-content\\\/uploads\\\/2026\\\/04\\\/puhdas_Glysine120kaps-scaled.jpg\",\"width\":1862,\"height\":2560,\"caption\":\"Puhdas+ Gl\u00fctsiin 500 mg toidulisand 120 vegan kapslit \u2013 aminohape\"},{\"@type\":\"BreadcrumbList\",\"@id\":\"https:\\\/\\\/puhdasplus.ee\\\/lv\\\/produkti\\\/stress-un-miegs\\\/glicins-500-mg-120-kapsulas\\\/#breadcrumb\",\"itemListElement\":[{\"@type\":\"ListItem\",\"position\":1,\"name\":\"S\u0101kums\",\"item\":\"https:\\\/\\\/puhdasplus.ee\\\/lv\\\/\"},{\"@type\":\"ListItem\",\"position\":2,\"name\":\"Produkti\",\"item\":\"https:\\\/\\\/puhdasplus.ee\\\/lv\\\/veikals\\\/\"},{\"@type\":\"ListItem\",\"position\":3,\"name\":\"Glic\u012bns 500 mg, 120 kapsulas\"}]},{\"@type\":\"WebSite\",\"@id\":\"https:\\\/\\\/puhdasplus.ee\\\/lv\\\/#website\",\"url\":\"https:\\\/\\\/puhdasplus.ee\\\/lv\\\/\",\"name\":\"Puhdas+\",\"description\":\"Vitam\u012bni, uztura bag\u0101tin\u0101t\u0101ji, dab\u012bg\u0101 kosm\u0113tika, vesel\u012bba, sports\",\"publisher\":{\"@id\":\"https:\\\/\\\/puhdasplus.ee\\\/lv\\\/#organization\"},\"potentialAction\":[{\"@type\":\"SearchAction\",\"target\":{\"@type\":\"EntryPoint\",\"urlTemplate\":\"https:\\\/\\\/puhdasplus.ee\\\/lv\\\/?s={search_term_string}\"},\"query-input\":{\"@type\":\"PropertyValueSpecification\",\"valueRequired\":true,\"valueName\":\"search_term_string\"}}],\"inLanguage\":\"lv-LV\"},{\"@type\":\"Organization\",\"@id\":\"https:\\\/\\\/puhdasplus.ee\\\/lv\\\/#organization\",\"name\":\"Puhdas+\",\"alternateName\":\"Puhdasplus\",\"url\":\"https:\\\/\\\/puhdasplus.ee\\\/lv\\\/\",\"logo\":{\"@type\":\"ImageObject\",\"inLanguage\":\"lv-LV\",\"@id\":\"https:\\\/\\\/puhdasplus.ee\\\/lv\\\/#\\\/schema\\\/logo\\\/image\\\/\",\"url\":\"https:\\\/\\\/puhdasplus.ee\\\/wp-content\\\/uploads\\\/2019\\\/10\\\/puhdas_logo-arvele.png\",\"contentUrl\":\"https:\\\/\\\/puhdasplus.ee\\\/wp-content\\\/uploads\\\/2019\\\/10\\\/puhdas_logo-arvele.png\",\"width\":114,\"height\":94,\"caption\":\"Puhdas+\"},\"image\":{\"@id\":\"https:\\\/\\\/puhdasplus.ee\\\/lv\\\/#\\\/schema\\\/logo\\\/image\\\/\"},\"sameAs\":[\"https:\\\/\\\/www.facebook.com\\\/puhdasplus\",\"https:\\\/\\\/www.instagram.com\\\/puhdasplus_ee\\\/\"]}]}<\/script>\n<!-- \/ Yoast SEO plugin. -->","yoast_head_json":{"title":"Glic\u012bns 500 mg 120 kaps. \u2013 Aminosk\u0101be miegam | Puhdas+","description":"Puhdas+ Glic\u012bns 500 mg \u2013 t\u012bra aminosk\u0101be vakara atsl\u0101bin\u0101\u0161anai un mier\u012bgam miegam. 120 veg\u0101na kapsulas. Pas\u016bti Puhdas+ no Igaunijas.","robots":{"index":"index","follow":"follow","max-snippet":"max-snippet:-1","max-image-preview":"max-image-preview:large","max-video-preview":"max-video-preview:-1"},"canonical":"https:\/\/puhdasplus.ee\/lv\/produkti\/stress-un-miegs\/glicins-500-mg-120-kapsulas\/","og_locale":"lv_LV","og_type":"article","og_title":"Glic\u012bns 500 mg 120 kaps. \u2013 Aminosk\u0101be miegam | Puhdas+","og_description":"Puhdas+ Glic\u012bns 500 mg \u2013 t\u012bra aminosk\u0101be vakara atsl\u0101bin\u0101\u0161anai un mier\u012bgam miegam. 120 veg\u0101na kapsulas. Pas\u016bti Puhdas+ no Igaunijas.","og_url":"https:\/\/puhdasplus.ee\/lv\/produkti\/stress-un-miegs\/glicins-500-mg-120-kapsulas\/","og_site_name":"Puhdas+","article_publisher":"https:\/\/www.facebook.com\/puhdasplus","article_modified_time":"2026-05-13T16:51:40+00:00","og_image":[{"width":1862,"height":2560,"url":"https:\/\/puhdasplus.ee\/wp-content\/uploads\/2026\/04\/puhdas_Glysine120kaps-scaled.jpg","type":"image\/jpeg"}],"twitter_card":"summary_large_image","twitter_misc":{"Est. reading time":"1 minute"},"schema":{"@context":"https:\/\/schema.org","@graph":[{"@type":"WebPage","@id":"https:\/\/puhdasplus.ee\/lv\/produkti\/stress-un-miegs\/glicins-500-mg-120-kapsulas\/","url":"https:\/\/puhdasplus.ee\/lv\/produkti\/stress-un-miegs\/glicins-500-mg-120-kapsulas\/","name":"Glic\u012bns 500 mg 120 kaps. \u2013 Aminosk\u0101be miegam | Puhdas+","isPartOf":{"@id":"https:\/\/puhdasplus.ee\/lv\/#website"},"primaryImageOfPage":{"@id":"https:\/\/puhdasplus.ee\/lv\/produkti\/stress-un-miegs\/glicins-500-mg-120-kapsulas\/#primaryimage"},"image":{"@id":"https:\/\/puhdasplus.ee\/lv\/produkti\/stress-un-miegs\/glicins-500-mg-120-kapsulas\/#primaryimage"},"thumbnailUrl":"https:\/\/puhdasplus.ee\/wp-content\/uploads\/2026\/04\/puhdas_Glysine120kaps-scaled.jpg","datePublished":"2026-04-21T10:15:59+00:00","dateModified":"2026-05-13T16:51:40+00:00","description":"Puhdas+ Glic\u012bns 500 mg \u2013 t\u012bra aminosk\u0101be vakara atsl\u0101bin\u0101\u0161anai un mier\u012bgam miegam. 120 veg\u0101na kapsulas. Pas\u016bti Puhdas+ no Igaunijas.","breadcrumb":{"@id":"https:\/\/puhdasplus.ee\/lv\/produkti\/stress-un-miegs\/glicins-500-mg-120-kapsulas\/#breadcrumb"},"inLanguage":"lv-LV","potentialAction":[{"@type":"ReadAction","target":["https:\/\/puhdasplus.ee\/lv\/produkti\/stress-un-miegs\/glicins-500-mg-120-kapsulas\/"]}]},{"@type":"ImageObject","inLanguage":"lv-LV","@id":"https:\/\/puhdasplus.ee\/lv\/produkti\/stress-un-miegs\/glicins-500-mg-120-kapsulas\/#primaryimage","url":"https:\/\/puhdasplus.ee\/wp-content\/uploads\/2026\/04\/puhdas_Glysine120kaps-scaled.jpg","contentUrl":"https:\/\/puhdasplus.ee\/wp-content\/uploads\/2026\/04\/puhdas_Glysine120kaps-scaled.jpg","width":1862,"height":2560,"caption":"Puhdas+ Gl\u00fctsiin 500 mg toidulisand 120 vegan kapslit \u2013 aminohape"},{"@type":"BreadcrumbList","@id":"https:\/\/puhdasplus.ee\/lv\/produkti\/stress-un-miegs\/glicins-500-mg-120-kapsulas\/#breadcrumb","itemListElement":[{"@type":"ListItem","position":1,"name":"S\u0101kums","item":"https:\/\/puhdasplus.ee\/lv\/"},{"@type":"ListItem","position":2,"name":"Produkti","item":"https:\/\/puhdasplus.ee\/lv\/veikals\/"},{"@type":"ListItem","position":3,"name":"Glic\u012bns 500 mg, 120 kapsulas"}]},{"@type":"WebSite","@id":"https:\/\/puhdasplus.ee\/lv\/#website","url":"https:\/\/puhdasplus.ee\/lv\/","name":"Puhdas+","description":"Vitam\u012bni, uztura bag\u0101tin\u0101t\u0101ji, dab\u012bg\u0101 kosm\u0113tika, vesel\u012bba, sports","publisher":{"@id":"https:\/\/puhdasplus.ee\/lv\/#organization"},"potentialAction":[{"@type":"SearchAction","target":{"@type":"EntryPoint","urlTemplate":"https:\/\/puhdasplus.ee\/lv\/?s={search_term_string}"},"query-input":{"@type":"PropertyValueSpecification","valueRequired":true,"valueName":"search_term_string"}}],"inLanguage":"lv-LV"},{"@type":"Organization","@id":"https:\/\/puhdasplus.ee\/lv\/#organization","name":"Puhdas+","alternateName":"Puhdasplus","url":"https:\/\/puhdasplus.ee\/lv\/","logo":{"@type":"ImageObject","inLanguage":"lv-LV","@id":"https:\/\/puhdasplus.ee\/lv\/#\/schema\/logo\/image\/","url":"https:\/\/puhdasplus.ee\/wp-content\/uploads\/2019\/10\/puhdas_logo-arvele.png","contentUrl":"https:\/\/puhdasplus.ee\/wp-content\/uploads\/2019\/10\/puhdas_logo-arvele.png","width":114,"height":94,"caption":"Puhdas+"},"image":{"@id":"https:\/\/puhdasplus.ee\/lv\/#\/schema\/logo\/image\/"},"sameAs":["https:\/\/www.facebook.com\/puhdasplus","https:\/\/www.instagram.com\/puhdasplus_ee\/"]}]}},"_yoast_wpseo_title":"Glic\u012bns 500 mg 120 kaps. \u2013 Aminosk\u0101be miegam | Puhdas+","_yoast_wpseo_metadesc":"Puhdas+ Glic\u012bns 500 mg \u2013 t\u012bra aminosk\u0101be vakara atsl\u0101bin\u0101\u0161anai un mier\u012bgam miegam. 120 veg\u0101na kapsulas. Pas\u016bti Puhdas+ no Igaunijas.","_yoast_wpseo_focuskw":"glic\u012bns uztura bag\u0101tin\u0101t\u0101js","_links":{"self":[{"href":"https:\/\/puhdasplus.ee\/lv\/wp-json\/wp\/v2\/product\/361213","targetHints":{"allow":["GET"]}}],"collection":[{"href":"https:\/\/puhdasplus.ee\/lv\/wp-json\/wp\/v2\/product"}],"about":[{"href":"https:\/\/puhdasplus.ee\/lv\/wp-json\/wp\/v2\/types\/product"}],"replies":[{"embeddable":true,"href":"https:\/\/puhdasplus.ee\/lv\/wp-json\/wp\/v2\/comments?post=361213"}],"wp:featuredmedia":[{"embeddable":true,"href":"https:\/\/puhdasplus.ee\/lv\/wp-json\/wp\/v2\/media\/361250"}],"wp:attachment":[{"href":"https:\/\/puhdasplus.ee\/lv\/wp-json\/wp\/v2\/media?parent=361213"}],"wp:term":[{"taxonomy":"product_brand","embeddable":true,"href":"https:\/\/puhdasplus.ee\/lv\/wp-json\/wp\/v2\/product_brand?post=361213"},{"taxonomy":"product_cat","embeddable":true,"href":"https:\/\/puhdasplus.ee\/lv\/wp-json\/wp\/v2\/product_cat?post=361213"},{"taxonomy":"product_tag","embeddable":true,"href":"https:\/\/puhdasplus.ee\/lv\/wp-json\/wp\/v2\/product_tag?post=361213"}],"curies":[{"name":"wp","href":"https:\/\/api.w.org\/{rel}","templated":true}]}}