{"id":360347,"date":"2026-03-30T21:50:15","date_gmt":"2026-03-30T18:50:15","guid":{"rendered":"https:\/\/puhdasplus.ee\/tooted\/maaratlemata\/cinks-un-biotins-silicijs-60-kapsulas\/"},"modified":"2026-04-07T10:44:11","modified_gmt":"2026-04-07T07:44:11","slug":"cinks-un-biotins-silicijs-60-kapsulas","status":"publish","type":"product","link":"https:\/\/puhdasplus.ee\/lv\/produkti\/minerali\/cinks-un-biotins-silicijs-60-kapsulas\/","title":{"rendered":"Cinks un biot\u012bns + sil\u012bcijs 60 kapsulas"},"content":{"rendered":"<p>Puhdas+ Cinks &amp; Biot\u012bns ir uztura bag\u0101tin\u0101t\u0101js, kas satur cinku, biot\u012bnu un sil\u012bciju (sil\u012bcija savienojumus).<\/p>\n<h2>Lieto\u0161anas instrukcija<\/h2>\n<p>1 kapsula dien\u0101. Ieteicamo diennakts devu nedr\u012bkst p\u0101rsniegt.<\/p>\n<h2>Sast\u0101vs<\/h2>\n<p>Sil\u012bcija avots (kiezelg\u016brs), kapsula (stabilizatori: hidroksipropilmetilceluloze, d\u017eell\u0101na sve\u0137i), cinka citr\u0101ts, pildviela (mikrokrist\u0101lisk\u0101 celuloze), D-biot\u012bns.<\/p>\n<h2>Uzturv\u0113rt\u012bba<\/h2>\n<p data-start=\"434\" data-end=\"456\"><strong data-start=\"434\" data-end=\"456\">1 kapsula satur:<\/strong><\/p>\n<ul data-start=\"457\" data-end=\"589\">\n<li data-section-id=\"16mak8\" data-start=\"457\" data-end=\"522\"><strong data-start=\"459\" data-end=\"487\">Kiezelg\u016brs (sil\u012bcija avots):<\/strong> 119 mg\n<ul data-start=\"499\" data-end=\"522\">\n<li data-section-id=\"1oi7gcq\" data-start=\"499\" data-end=\"522\">no t\u0101 sil\u012bcijs: 50 mg<\/li>\n<\/ul>\n<\/li>\n<li data-section-id=\"l57kx3\" data-start=\"523\" data-end=\"552\"><strong data-start=\"525\" data-end=\"535\">Cinks:<\/strong> 10 mg (<em data-start=\"543\" data-end=\"549\">100%<\/em>)<\/li>\n<li data-section-id=\"6mi0z2\" data-start=\"553\" data-end=\"589\"><strong data-start=\"555\" data-end=\"567\">Biot\u012bns:<\/strong> 5000 \u00b5g (<em data-start=\"577\" data-end=\"586\">10 000%<\/em>)<\/li>\n<\/ul>\n<p data-start=\"591\" data-end=\"623\">* % no diennakts references daudzuma<\/p>\n<h2><strong>Br\u012bdin\u0101jumi<\/strong><\/h2>\n<ul>\n<li>Uztura bag\u0101tin\u0101t\u0101js neaizst\u0101j daudzveid\u012bgu un sabalans\u0113tu uzturu, k\u0101 ar\u012b vesel\u012bgu dz\u012bvesveidu.<\/li>\n<li>Uzglab\u0101t b\u0113rniem nepieejam\u0101 viet\u0101.<\/li>\n<li>Ieteicamo diennakts devu nedr\u012bkst p\u0101rsniegt.<\/li>\n<\/ul>\n<p><strong>Ra\u017eot\u0101js:<\/strong> New Organics Oy, Somija<br \/>\n<strong>Import\u0113t\u0101js:<\/strong> NordenBio O\u00dc, Narva mnt 7, 10117 Tallinna, Igaunija<\/p>\n","protected":false},"excerpt":{"rendered":"<p><b>Puhdas+ cinks &amp; biot\u012bns + sil\u012bcijs 60 kapsulas<\/b> ir skaistuma kapsulas \u0101dai, matiem un nagiem. Satur sp\u0113c\u012bgu cinka, biot\u012bna un sil\u012bcija devu.<\/p>\n","protected":false},"featured_media":360782,"comment_status":"open","ping_status":"closed","template":"","meta":{"_acf_changed":false,"googlesitekit_rrm_CAow3eq7DA:productID":""},"product_brand":[],"product_cat":[3296,3200],"product_tag":[3301,8345,3299,2580,8373,3206],"class_list":{"0":"post-360347","1":"product","2":"type-product","3":"status-publish","4":"has-post-thumbnail","6":"product_cat-ada-mati-nagi","7":"product_cat-minerali","8":"product_tag-adas-veseliba","9":"product_tag-bez-glutna-lv","10":"product_tag-biotins","11":"product_tag-matu-kopsana","12":"product_tag-somijas-kvalitte-lv","13":"product_tag-uztura-bagatinatajs","15":"first","16":"onbackorder","17":"taxable","18":"shipping-taxable","19":"purchasable","20":"product-type-simple"},"acf":[],"yoast_head":"<!-- This site is optimized with the Yoast SEO plugin v27.3 - https:\/\/yoast.com\/product\/yoast-seo-wordpress\/ -->\n<title>Cinks &amp; Biot\u012bns + Sil\u012bcijs 60 kapsulas | Puhdas+<\/title>\n<meta name=\"description\" content=\"Puhdas+ Cinks &amp; Biot\u012bns + Sil\u012bcijs \u2013 kapsulas \u0101das, matu un nagu atbalstam. Cinks, biot\u012bns un sil\u012bcijs vien\u0101 produkt\u0101. 60 kapsulas ikdienas lieto\u0161anai.\" \/>\n<meta name=\"robots\" content=\"index, follow, max-snippet:-1, max-image-preview:large, max-video-preview:-1\" \/>\n<link rel=\"canonical\" href=\"https:\/\/puhdasplus.ee\/lv\/produkti\/minerali\/cinks-un-biotins-silicijs-60-kapsulas\/\" \/>\n<meta property=\"og:locale\" content=\"lv_LV\" \/>\n<meta property=\"og:type\" content=\"article\" \/>\n<meta property=\"og:title\" content=\"Cinks &amp; Biot\u012bns + Sil\u012bcijs 60 kapsulas | Puhdas+\" \/>\n<meta property=\"og:description\" content=\"Puhdas+ Cinks &amp; Biot\u012bns + Sil\u012bcijs \u2013 kapsulas \u0101das, matu un nagu atbalstam. Cinks, biot\u012bns un sil\u012bcijs vien\u0101 produkt\u0101. 60 kapsulas ikdienas lieto\u0161anai.\" \/>\n<meta property=\"og:url\" content=\"https:\/\/puhdasplus.ee\/lv\/produkti\/minerali\/cinks-un-biotins-silicijs-60-kapsulas\/\" \/>\n<meta property=\"og:site_name\" content=\"Puhdas+\" \/>\n<meta property=\"article:publisher\" content=\"https:\/\/www.facebook.com\/puhdasplus\" \/>\n<meta property=\"article:modified_time\" content=\"2026-04-07T07:44:11+00:00\" \/>\n<meta property=\"og:image\" content=\"https:\/\/puhdasplus.ee\/wp-content\/uploads\/2026\/03\/tooted-ilma-taustata-copy.png\" \/>\n\t<meta property=\"og:image:width\" content=\"1280\" \/>\n\t<meta property=\"og:image:height\" content=\"1760\" \/>\n\t<meta property=\"og:image:type\" content=\"image\/png\" \/>\n<meta name=\"twitter:card\" content=\"summary_large_image\" \/>\n<meta name=\"twitter:label1\" content=\"Est. reading time\" \/>\n\t<meta name=\"twitter:data1\" content=\"1 minute\" \/>\n<script type=\"application\/ld+json\" class=\"yoast-schema-graph\">{\"@context\":\"https:\\\/\\\/schema.org\",\"@graph\":[{\"@type\":\"WebPage\",\"@id\":\"https:\\\/\\\/puhdasplus.ee\\\/lv\\\/produkti\\\/minerali\\\/cinks-un-biotins-silicijs-60-kapsulas\\\/\",\"url\":\"https:\\\/\\\/puhdasplus.ee\\\/lv\\\/produkti\\\/minerali\\\/cinks-un-biotins-silicijs-60-kapsulas\\\/\",\"name\":\"Cinks & Biot\u012bns + Sil\u012bcijs 60 kapsulas | Puhdas+\",\"isPartOf\":{\"@id\":\"https:\\\/\\\/puhdasplus.ee\\\/lv\\\/#website\"},\"primaryImageOfPage\":{\"@id\":\"https:\\\/\\\/puhdasplus.ee\\\/lv\\\/produkti\\\/minerali\\\/cinks-un-biotins-silicijs-60-kapsulas\\\/#primaryimage\"},\"image\":{\"@id\":\"https:\\\/\\\/puhdasplus.ee\\\/lv\\\/produkti\\\/minerali\\\/cinks-un-biotins-silicijs-60-kapsulas\\\/#primaryimage\"},\"thumbnailUrl\":\"https:\\\/\\\/puhdasplus.ee\\\/wp-content\\\/uploads\\\/2026\\\/03\\\/tooted-ilma-taustata-copy.png\",\"datePublished\":\"2026-03-30T18:50:15+00:00\",\"dateModified\":\"2026-04-07T07:44:11+00:00\",\"description\":\"Puhdas+ Cinks & Biot\u012bns + Sil\u012bcijs \u2013 kapsulas \u0101das, matu un nagu atbalstam. Cinks, biot\u012bns un sil\u012bcijs vien\u0101 produkt\u0101. 60 kapsulas ikdienas lieto\u0161anai.\",\"breadcrumb\":{\"@id\":\"https:\\\/\\\/puhdasplus.ee\\\/lv\\\/produkti\\\/minerali\\\/cinks-un-biotins-silicijs-60-kapsulas\\\/#breadcrumb\"},\"inLanguage\":\"lv-LV\",\"potentialAction\":[{\"@type\":\"ReadAction\",\"target\":[\"https:\\\/\\\/puhdasplus.ee\\\/lv\\\/produkti\\\/minerali\\\/cinks-un-biotins-silicijs-60-kapsulas\\\/\"]}]},{\"@type\":\"ImageObject\",\"inLanguage\":\"lv-LV\",\"@id\":\"https:\\\/\\\/puhdasplus.ee\\\/lv\\\/produkti\\\/minerali\\\/cinks-un-biotins-silicijs-60-kapsulas\\\/#primaryimage\",\"url\":\"https:\\\/\\\/puhdasplus.ee\\\/wp-content\\\/uploads\\\/2026\\\/03\\\/tooted-ilma-taustata-copy.png\",\"contentUrl\":\"https:\\\/\\\/puhdasplus.ee\\\/wp-content\\\/uploads\\\/2026\\\/03\\\/tooted-ilma-taustata-copy.png\",\"width\":1280,\"height\":1760,\"caption\":\"Tsink ja biotiin + r\u00e4ni 60 kapslit\"},{\"@type\":\"BreadcrumbList\",\"@id\":\"https:\\\/\\\/puhdasplus.ee\\\/lv\\\/produkti\\\/minerali\\\/cinks-un-biotins-silicijs-60-kapsulas\\\/#breadcrumb\",\"itemListElement\":[{\"@type\":\"ListItem\",\"position\":1,\"name\":\"S\u0101kums\",\"item\":\"https:\\\/\\\/puhdasplus.ee\\\/lv\\\/\"},{\"@type\":\"ListItem\",\"position\":2,\"name\":\"Produkti\",\"item\":\"https:\\\/\\\/puhdasplus.ee\\\/lv\\\/veikals\\\/\"},{\"@type\":\"ListItem\",\"position\":3,\"name\":\"Cinks un biot\u012bns + sil\u012bcijs 60 kapsulas\"}]},{\"@type\":\"WebSite\",\"@id\":\"https:\\\/\\\/puhdasplus.ee\\\/lv\\\/#website\",\"url\":\"https:\\\/\\\/puhdasplus.ee\\\/lv\\\/\",\"name\":\"Puhdas+\",\"description\":\"Vitam\u012bni, uztura bag\u0101tin\u0101t\u0101ji, dab\u012bg\u0101 kosm\u0113tika, vesel\u012bba, sports\",\"publisher\":{\"@id\":\"https:\\\/\\\/puhdasplus.ee\\\/lv\\\/#organization\"},\"potentialAction\":[{\"@type\":\"SearchAction\",\"target\":{\"@type\":\"EntryPoint\",\"urlTemplate\":\"https:\\\/\\\/puhdasplus.ee\\\/lv\\\/?s={search_term_string}\"},\"query-input\":{\"@type\":\"PropertyValueSpecification\",\"valueRequired\":true,\"valueName\":\"search_term_string\"}}],\"inLanguage\":\"lv-LV\"},{\"@type\":\"Organization\",\"@id\":\"https:\\\/\\\/puhdasplus.ee\\\/lv\\\/#organization\",\"name\":\"Puhdas+\",\"alternateName\":\"Puhdasplus\",\"url\":\"https:\\\/\\\/puhdasplus.ee\\\/lv\\\/\",\"logo\":{\"@type\":\"ImageObject\",\"inLanguage\":\"lv-LV\",\"@id\":\"https:\\\/\\\/puhdasplus.ee\\\/lv\\\/#\\\/schema\\\/logo\\\/image\\\/\",\"url\":\"https:\\\/\\\/puhdasplus.ee\\\/wp-content\\\/uploads\\\/2019\\\/10\\\/puhdas_logo-arvele.png\",\"contentUrl\":\"https:\\\/\\\/puhdasplus.ee\\\/wp-content\\\/uploads\\\/2019\\\/10\\\/puhdas_logo-arvele.png\",\"width\":114,\"height\":94,\"caption\":\"Puhdas+\"},\"image\":{\"@id\":\"https:\\\/\\\/puhdasplus.ee\\\/lv\\\/#\\\/schema\\\/logo\\\/image\\\/\"},\"sameAs\":[\"https:\\\/\\\/www.facebook.com\\\/puhdasplus\",\"https:\\\/\\\/www.instagram.com\\\/puhdasplus_ee\\\/\"]}]}<\/script>\n<!-- \/ Yoast SEO plugin. -->","yoast_head_json":{"title":"Cinks & Biot\u012bns + Sil\u012bcijs 60 kapsulas | Puhdas+","description":"Puhdas+ Cinks & Biot\u012bns + Sil\u012bcijs \u2013 kapsulas \u0101das, matu un nagu atbalstam. Cinks, biot\u012bns un sil\u012bcijs vien\u0101 produkt\u0101. 60 kapsulas ikdienas lieto\u0161anai.","robots":{"index":"index","follow":"follow","max-snippet":"max-snippet:-1","max-image-preview":"max-image-preview:large","max-video-preview":"max-video-preview:-1"},"canonical":"https:\/\/puhdasplus.ee\/lv\/produkti\/minerali\/cinks-un-biotins-silicijs-60-kapsulas\/","og_locale":"lv_LV","og_type":"article","og_title":"Cinks & Biot\u012bns + Sil\u012bcijs 60 kapsulas | Puhdas+","og_description":"Puhdas+ Cinks & Biot\u012bns + Sil\u012bcijs \u2013 kapsulas \u0101das, matu un nagu atbalstam. Cinks, biot\u012bns un sil\u012bcijs vien\u0101 produkt\u0101. 60 kapsulas ikdienas lieto\u0161anai.","og_url":"https:\/\/puhdasplus.ee\/lv\/produkti\/minerali\/cinks-un-biotins-silicijs-60-kapsulas\/","og_site_name":"Puhdas+","article_publisher":"https:\/\/www.facebook.com\/puhdasplus","article_modified_time":"2026-04-07T07:44:11+00:00","og_image":[{"width":1280,"height":1760,"url":"https:\/\/puhdasplus.ee\/wp-content\/uploads\/2026\/03\/tooted-ilma-taustata-copy.png","type":"image\/png"}],"twitter_card":"summary_large_image","twitter_misc":{"Est. reading time":"1 minute"},"schema":{"@context":"https:\/\/schema.org","@graph":[{"@type":"WebPage","@id":"https:\/\/puhdasplus.ee\/lv\/produkti\/minerali\/cinks-un-biotins-silicijs-60-kapsulas\/","url":"https:\/\/puhdasplus.ee\/lv\/produkti\/minerali\/cinks-un-biotins-silicijs-60-kapsulas\/","name":"Cinks & Biot\u012bns + Sil\u012bcijs 60 kapsulas | Puhdas+","isPartOf":{"@id":"https:\/\/puhdasplus.ee\/lv\/#website"},"primaryImageOfPage":{"@id":"https:\/\/puhdasplus.ee\/lv\/produkti\/minerali\/cinks-un-biotins-silicijs-60-kapsulas\/#primaryimage"},"image":{"@id":"https:\/\/puhdasplus.ee\/lv\/produkti\/minerali\/cinks-un-biotins-silicijs-60-kapsulas\/#primaryimage"},"thumbnailUrl":"https:\/\/puhdasplus.ee\/wp-content\/uploads\/2026\/03\/tooted-ilma-taustata-copy.png","datePublished":"2026-03-30T18:50:15+00:00","dateModified":"2026-04-07T07:44:11+00:00","description":"Puhdas+ Cinks & Biot\u012bns + Sil\u012bcijs \u2013 kapsulas \u0101das, matu un nagu atbalstam. Cinks, biot\u012bns un sil\u012bcijs vien\u0101 produkt\u0101. 60 kapsulas ikdienas lieto\u0161anai.","breadcrumb":{"@id":"https:\/\/puhdasplus.ee\/lv\/produkti\/minerali\/cinks-un-biotins-silicijs-60-kapsulas\/#breadcrumb"},"inLanguage":"lv-LV","potentialAction":[{"@type":"ReadAction","target":["https:\/\/puhdasplus.ee\/lv\/produkti\/minerali\/cinks-un-biotins-silicijs-60-kapsulas\/"]}]},{"@type":"ImageObject","inLanguage":"lv-LV","@id":"https:\/\/puhdasplus.ee\/lv\/produkti\/minerali\/cinks-un-biotins-silicijs-60-kapsulas\/#primaryimage","url":"https:\/\/puhdasplus.ee\/wp-content\/uploads\/2026\/03\/tooted-ilma-taustata-copy.png","contentUrl":"https:\/\/puhdasplus.ee\/wp-content\/uploads\/2026\/03\/tooted-ilma-taustata-copy.png","width":1280,"height":1760,"caption":"Tsink ja biotiin + r\u00e4ni 60 kapslit"},{"@type":"BreadcrumbList","@id":"https:\/\/puhdasplus.ee\/lv\/produkti\/minerali\/cinks-un-biotins-silicijs-60-kapsulas\/#breadcrumb","itemListElement":[{"@type":"ListItem","position":1,"name":"S\u0101kums","item":"https:\/\/puhdasplus.ee\/lv\/"},{"@type":"ListItem","position":2,"name":"Produkti","item":"https:\/\/puhdasplus.ee\/lv\/veikals\/"},{"@type":"ListItem","position":3,"name":"Cinks un biot\u012bns + sil\u012bcijs 60 kapsulas"}]},{"@type":"WebSite","@id":"https:\/\/puhdasplus.ee\/lv\/#website","url":"https:\/\/puhdasplus.ee\/lv\/","name":"Puhdas+","description":"Vitam\u012bni, uztura bag\u0101tin\u0101t\u0101ji, dab\u012bg\u0101 kosm\u0113tika, vesel\u012bba, sports","publisher":{"@id":"https:\/\/puhdasplus.ee\/lv\/#organization"},"potentialAction":[{"@type":"SearchAction","target":{"@type":"EntryPoint","urlTemplate":"https:\/\/puhdasplus.ee\/lv\/?s={search_term_string}"},"query-input":{"@type":"PropertyValueSpecification","valueRequired":true,"valueName":"search_term_string"}}],"inLanguage":"lv-LV"},{"@type":"Organization","@id":"https:\/\/puhdasplus.ee\/lv\/#organization","name":"Puhdas+","alternateName":"Puhdasplus","url":"https:\/\/puhdasplus.ee\/lv\/","logo":{"@type":"ImageObject","inLanguage":"lv-LV","@id":"https:\/\/puhdasplus.ee\/lv\/#\/schema\/logo\/image\/","url":"https:\/\/puhdasplus.ee\/wp-content\/uploads\/2019\/10\/puhdas_logo-arvele.png","contentUrl":"https:\/\/puhdasplus.ee\/wp-content\/uploads\/2019\/10\/puhdas_logo-arvele.png","width":114,"height":94,"caption":"Puhdas+"},"image":{"@id":"https:\/\/puhdasplus.ee\/lv\/#\/schema\/logo\/image\/"},"sameAs":["https:\/\/www.facebook.com\/puhdasplus","https:\/\/www.instagram.com\/puhdasplus_ee\/"]}]}},"_yoast_wpseo_title":"Cinks & Biot\u012bns + Sil\u012bcijs 60 kapsulas | Puhdas+","_yoast_wpseo_metadesc":"Puhdas+ Cinks & Biot\u012bns + Sil\u012bcijs \u2013 kapsulas \u0101das, matu un nagu atbalstam. Cinks, biot\u012bns un sil\u012bcijs vien\u0101 produkt\u0101. 60 kapsulas ikdienas lieto\u0161anai.","_yoast_wpseo_focuskw":"cinks biot\u012bns sil\u012bcijs","_links":{"self":[{"href":"https:\/\/puhdasplus.ee\/lv\/wp-json\/wp\/v2\/product\/360347","targetHints":{"allow":["GET"]}}],"collection":[{"href":"https:\/\/puhdasplus.ee\/lv\/wp-json\/wp\/v2\/product"}],"about":[{"href":"https:\/\/puhdasplus.ee\/lv\/wp-json\/wp\/v2\/types\/product"}],"replies":[{"embeddable":true,"href":"https:\/\/puhdasplus.ee\/lv\/wp-json\/wp\/v2\/comments?post=360347"}],"wp:featuredmedia":[{"embeddable":true,"href":"https:\/\/puhdasplus.ee\/lv\/wp-json\/wp\/v2\/media\/360782"}],"wp:attachment":[{"href":"https:\/\/puhdasplus.ee\/lv\/wp-json\/wp\/v2\/media?parent=360347"}],"wp:term":[{"taxonomy":"product_brand","embeddable":true,"href":"https:\/\/puhdasplus.ee\/lv\/wp-json\/wp\/v2\/product_brand?post=360347"},{"taxonomy":"product_cat","embeddable":true,"href":"https:\/\/puhdasplus.ee\/lv\/wp-json\/wp\/v2\/product_cat?post=360347"},{"taxonomy":"product_tag","embeddable":true,"href":"https:\/\/puhdasplus.ee\/lv\/wp-json\/wp\/v2\/product_tag?post=360347"}],"curies":[{"name":"wp","href":"https:\/\/api.w.org\/{rel}","templated":true}]}}