{"id":360340,"date":"2026-04-07T10:41:17","date_gmt":"2026-04-07T07:41:17","guid":{"rendered":"https:\/\/puhdasplus.ee\/tooted\/maaratlemata\/tejkoka-kermena-mazgasanas-gels-ar-citronzali-250-ml\/"},"modified":"2026-04-07T10:41:17","modified_gmt":"2026-04-07T07:41:17","slug":"tejkoka-kermena-mazgasanas-gels-ar-citronzali-250-ml","status":"publish","type":"product","link":"https:\/\/puhdasplus.ee\/lv\/produkti\/kosmetika\/tejkoka-kermena-mazgasanas-gels-ar-citronzali-250-ml\/","title":{"rendered":"T\u0113jkoka \u0137erme\u0146a mazg\u0101\u0161anas g\u0113ls ar citronz\u0101li 250 ml"},"content":{"rendered":"<p><strong>Puhdas+ T\u0113jkoka \u0137erme\u0146a mazg\u0101\u0161anas g\u0113ls ar citronz\u0101li<\/strong><\/p>\n<p>Daudzfunkcion\u0101ls un maigs mazg\u0101\u0161anas g\u0113ls rok\u0101m, sejai un \u0137ermenim visai \u0123imenei. Satur antiseptisku t\u0113jkoka e\u013c\u013cu, kas efekt\u012bvi att\u012bra \u0101du, bet saglab\u0101 t\u0101s dabisko mitruma l\u012bdzsvaru \u2013 bez \u017e\u0101v\u0113jo\u0161as saj\u016btas.<\/p>\n<p>T\u0113jkoks ir tropisk\u0101 klimat\u0101 augo\u0161s kr\u016bms, kura popularit\u0101te balst\u0101s uz t\u0101 efekt\u012bvaj\u0101m un atsvaidzino\u0161aj\u0101m t\u012br\u012b\u0161anas \u012bpa\u0161\u012bb\u0101m. Ikdienas lieto\u0161anai piem\u0113rots sast\u0101vs atst\u0101j \u0101du t\u012bru, svai\u017eu un pat\u012bkamu saj\u016btu. Praktisk\u0101 pump\u012b\u0161a pudele padara doz\u0113\u0161anu vienk\u0101r\u0161u.<\/p>\n<p><strong>Ar citronz\u0101les arom\u0101tu<\/strong> \u2013 atsvaidzino\u0161s un ener\u0123iju dodo\u0161s arom\u0101ts.<\/p>\n<h2>Sast\u0101vs<\/h2>\n<p>Aqua, Sodium Laureth Sulfate, Cocamidopropyl Betaine, Melaleuca Alternifolia Leaf Oil, Cymbopogon Citratus Oil, Glycerin, Sodium Chloride, Citric Acid, Sodium Benzoate, Potassium Sorbate, Citral, Geraniol, Limonene.<\/p>\n<h2>Br\u012bdin\u0101jumi<\/h2>\n<p>Tikai \u0101r\u012bgai lieto\u0161anai. Izvairieties no saskares ar ac\u012bm. Uzglab\u0101t b\u0113rniem nepieejam\u0101 viet\u0101.<\/p>\n","protected":false},"excerpt":{"rendered":"<p><b>Puhdas+ T\u0113jkoka \u0137erme\u0146a mazg\u0101\u0161anas g\u0113ls ar citronz\u0101li 250 ml<\/b> \u2013 dab\u012bgs mazg\u0101\u0161anas g\u0113ls ar t\u0113jkoka e\u013c\u013cu un citronz\u0101les atsvaidzino\u0161o arom\u0101tu visai \u0123imenei.<\/p>\n","protected":false},"featured_media":359972,"comment_status":"open","ping_status":"closed","template":"","meta":{"_acf_changed":false,"googlesitekit_rrm_CAow3eq7DA:productID":""},"product_brand":[],"product_cat":[2533],"product_tag":[2630,7870,8377,8373],"class_list":{"0":"post-360340","1":"product","2":"type-product","3":"status-publish","4":"has-post-thumbnail","6":"product_cat-kosmetika","7":"product_tag-adas-kopsana","8":"product_tag-dabiga-kosmetika","9":"product_tag-dabgs-lv","10":"product_tag-somijas-kvalitte-lv","12":"first","13":"onbackorder","14":"taxable","15":"shipping-taxable","16":"purchasable","17":"product-type-simple"},"acf":[],"yoast_head":"<!-- This site is optimized with the Yoast SEO plugin v27.3 - https:\/\/yoast.com\/product\/yoast-seo-wordpress\/ -->\n<title>T\u0113jkoka \u0137erme\u0146a mazg\u0101\u0161anas g\u0113ls ar citronz\u0101li 250 ml | Puhdas+<\/title>\n<meta name=\"description\" content=\"Puhdas+ T\u0113jkoka \u0137erme\u0146a mazg\u0101\u0161anas g\u0113ls ar citronz\u0101li 250 ml \u2013 dab\u012bgs un atsvaidzino\u0161s mazg\u0101\u0161anas g\u0113ls ar t\u0113jkoka e\u013c\u013cu. Maiga att\u012br\u012b\u0161ana visai \u0123imenei, \u0113rta pump\u012b\u0161a pudele.\" \/>\n<meta name=\"robots\" content=\"index, follow, max-snippet:-1, max-image-preview:large, max-video-preview:-1\" \/>\n<link rel=\"canonical\" href=\"https:\/\/puhdasplus.ee\/lv\/produkti\/kosmetika\/tejkoka-kermena-mazgasanas-gels-ar-citronzali-250-ml\/\" \/>\n<meta property=\"og:locale\" content=\"lv_LV\" \/>\n<meta property=\"og:type\" content=\"article\" \/>\n<meta property=\"og:title\" content=\"T\u0113jkoka \u0137erme\u0146a mazg\u0101\u0161anas g\u0113ls ar citronz\u0101li 250 ml | Puhdas+\" \/>\n<meta property=\"og:description\" content=\"Puhdas+ T\u0113jkoka \u0137erme\u0146a mazg\u0101\u0161anas g\u0113ls ar citronz\u0101li 250 ml \u2013 dab\u012bgs un atsvaidzino\u0161s mazg\u0101\u0161anas g\u0113ls ar t\u0113jkoka e\u013c\u013cu. Maiga att\u012br\u012b\u0161ana visai \u0123imenei, \u0113rta pump\u012b\u0161a pudele.\" \/>\n<meta property=\"og:url\" content=\"https:\/\/puhdasplus.ee\/lv\/produkti\/kosmetika\/tejkoka-kermena-mazgasanas-gels-ar-citronzali-250-ml\/\" \/>\n<meta property=\"og:site_name\" content=\"Puhdas+\" \/>\n<meta property=\"article:publisher\" content=\"https:\/\/www.facebook.com\/puhdasplus\" \/>\n<meta property=\"og:image\" content=\"https:\/\/puhdasplus.ee\/wp-content\/uploads\/2026\/03\/359862_0-1.png\" \/>\n\t<meta property=\"og:image:width\" content=\"1862\" \/>\n\t<meta property=\"og:image:height\" content=\"2560\" \/>\n\t<meta property=\"og:image:type\" content=\"image\/png\" \/>\n<meta name=\"twitter:card\" content=\"summary_large_image\" \/>\n<meta name=\"twitter:label1\" content=\"Est. reading time\" \/>\n\t<meta name=\"twitter:data1\" content=\"1 minute\" \/>\n<script type=\"application\/ld+json\" class=\"yoast-schema-graph\">{\"@context\":\"https:\\\/\\\/schema.org\",\"@graph\":[{\"@type\":\"WebPage\",\"@id\":\"https:\\\/\\\/puhdasplus.ee\\\/lv\\\/produkti\\\/kosmetika\\\/tejkoka-kermena-mazgasanas-gels-ar-citronzali-250-ml\\\/\",\"url\":\"https:\\\/\\\/puhdasplus.ee\\\/lv\\\/produkti\\\/kosmetika\\\/tejkoka-kermena-mazgasanas-gels-ar-citronzali-250-ml\\\/\",\"name\":\"T\u0113jkoka \u0137erme\u0146a mazg\u0101\u0161anas g\u0113ls ar citronz\u0101li 250 ml | Puhdas+\",\"isPartOf\":{\"@id\":\"https:\\\/\\\/puhdasplus.ee\\\/lv\\\/#website\"},\"primaryImageOfPage\":{\"@id\":\"https:\\\/\\\/puhdasplus.ee\\\/lv\\\/produkti\\\/kosmetika\\\/tejkoka-kermena-mazgasanas-gels-ar-citronzali-250-ml\\\/#primaryimage\"},\"image\":{\"@id\":\"https:\\\/\\\/puhdasplus.ee\\\/lv\\\/produkti\\\/kosmetika\\\/tejkoka-kermena-mazgasanas-gels-ar-citronzali-250-ml\\\/#primaryimage\"},\"thumbnailUrl\":\"https:\\\/\\\/puhdasplus.ee\\\/wp-content\\\/uploads\\\/2026\\\/03\\\/359862_0-1.png\",\"datePublished\":\"2026-04-07T07:41:17+00:00\",\"description\":\"Puhdas+ T\u0113jkoka \u0137erme\u0146a mazg\u0101\u0161anas g\u0113ls ar citronz\u0101li 250 ml \u2013 dab\u012bgs un atsvaidzino\u0161s mazg\u0101\u0161anas g\u0113ls ar t\u0113jkoka e\u013c\u013cu. Maiga att\u012br\u012b\u0161ana visai \u0123imenei, \u0113rta pump\u012b\u0161a pudele.\",\"breadcrumb\":{\"@id\":\"https:\\\/\\\/puhdasplus.ee\\\/lv\\\/produkti\\\/kosmetika\\\/tejkoka-kermena-mazgasanas-gels-ar-citronzali-250-ml\\\/#breadcrumb\"},\"inLanguage\":\"lv-LV\",\"potentialAction\":[{\"@type\":\"ReadAction\",\"target\":[\"https:\\\/\\\/puhdasplus.ee\\\/lv\\\/produkti\\\/kosmetika\\\/tejkoka-kermena-mazgasanas-gels-ar-citronzali-250-ml\\\/\"]}]},{\"@type\":\"ImageObject\",\"inLanguage\":\"lv-LV\",\"@id\":\"https:\\\/\\\/puhdasplus.ee\\\/lv\\\/produkti\\\/kosmetika\\\/tejkoka-kermena-mazgasanas-gels-ar-citronzali-250-ml\\\/#primaryimage\",\"url\":\"https:\\\/\\\/puhdasplus.ee\\\/wp-content\\\/uploads\\\/2026\\\/03\\\/359862_0-1.png\",\"contentUrl\":\"https:\\\/\\\/puhdasplus.ee\\\/wp-content\\\/uploads\\\/2026\\\/03\\\/359862_0-1.png\",\"width\":1862,\"height\":2560,\"caption\":\"Teepuu kehapesugeel sidrunheinaga 250 ml | Puhdas+\"},{\"@type\":\"BreadcrumbList\",\"@id\":\"https:\\\/\\\/puhdasplus.ee\\\/lv\\\/produkti\\\/kosmetika\\\/tejkoka-kermena-mazgasanas-gels-ar-citronzali-250-ml\\\/#breadcrumb\",\"itemListElement\":[{\"@type\":\"ListItem\",\"position\":1,\"name\":\"S\u0101kums\",\"item\":\"https:\\\/\\\/puhdasplus.ee\\\/lv\\\/\"},{\"@type\":\"ListItem\",\"position\":2,\"name\":\"Produkti\",\"item\":\"https:\\\/\\\/puhdasplus.ee\\\/lv\\\/veikals\\\/\"},{\"@type\":\"ListItem\",\"position\":3,\"name\":\"T\u0113jkoka \u0137erme\u0146a mazg\u0101\u0161anas g\u0113ls ar citronz\u0101li 250 ml\"}]},{\"@type\":\"WebSite\",\"@id\":\"https:\\\/\\\/puhdasplus.ee\\\/lv\\\/#website\",\"url\":\"https:\\\/\\\/puhdasplus.ee\\\/lv\\\/\",\"name\":\"Puhdas+\",\"description\":\"Vitam\u012bni, uztura bag\u0101tin\u0101t\u0101ji, dab\u012bg\u0101 kosm\u0113tika, vesel\u012bba, sports\",\"publisher\":{\"@id\":\"https:\\\/\\\/puhdasplus.ee\\\/lv\\\/#organization\"},\"potentialAction\":[{\"@type\":\"SearchAction\",\"target\":{\"@type\":\"EntryPoint\",\"urlTemplate\":\"https:\\\/\\\/puhdasplus.ee\\\/lv\\\/?s={search_term_string}\"},\"query-input\":{\"@type\":\"PropertyValueSpecification\",\"valueRequired\":true,\"valueName\":\"search_term_string\"}}],\"inLanguage\":\"lv-LV\"},{\"@type\":\"Organization\",\"@id\":\"https:\\\/\\\/puhdasplus.ee\\\/lv\\\/#organization\",\"name\":\"Puhdas+\",\"alternateName\":\"Puhdasplus\",\"url\":\"https:\\\/\\\/puhdasplus.ee\\\/lv\\\/\",\"logo\":{\"@type\":\"ImageObject\",\"inLanguage\":\"lv-LV\",\"@id\":\"https:\\\/\\\/puhdasplus.ee\\\/lv\\\/#\\\/schema\\\/logo\\\/image\\\/\",\"url\":\"https:\\\/\\\/puhdasplus.ee\\\/wp-content\\\/uploads\\\/2019\\\/10\\\/puhdas_logo-arvele.png\",\"contentUrl\":\"https:\\\/\\\/puhdasplus.ee\\\/wp-content\\\/uploads\\\/2019\\\/10\\\/puhdas_logo-arvele.png\",\"width\":114,\"height\":94,\"caption\":\"Puhdas+\"},\"image\":{\"@id\":\"https:\\\/\\\/puhdasplus.ee\\\/lv\\\/#\\\/schema\\\/logo\\\/image\\\/\"},\"sameAs\":[\"https:\\\/\\\/www.facebook.com\\\/puhdasplus\",\"https:\\\/\\\/www.instagram.com\\\/puhdasplus_ee\\\/\"]}]}<\/script>\n<!-- \/ Yoast SEO plugin. -->","yoast_head_json":{"title":"T\u0113jkoka \u0137erme\u0146a mazg\u0101\u0161anas g\u0113ls ar citronz\u0101li 250 ml | Puhdas+","description":"Puhdas+ T\u0113jkoka \u0137erme\u0146a mazg\u0101\u0161anas g\u0113ls ar citronz\u0101li 250 ml \u2013 dab\u012bgs un atsvaidzino\u0161s mazg\u0101\u0161anas g\u0113ls ar t\u0113jkoka e\u013c\u013cu. Maiga att\u012br\u012b\u0161ana visai \u0123imenei, \u0113rta pump\u012b\u0161a pudele.","robots":{"index":"index","follow":"follow","max-snippet":"max-snippet:-1","max-image-preview":"max-image-preview:large","max-video-preview":"max-video-preview:-1"},"canonical":"https:\/\/puhdasplus.ee\/lv\/produkti\/kosmetika\/tejkoka-kermena-mazgasanas-gels-ar-citronzali-250-ml\/","og_locale":"lv_LV","og_type":"article","og_title":"T\u0113jkoka \u0137erme\u0146a mazg\u0101\u0161anas g\u0113ls ar citronz\u0101li 250 ml | Puhdas+","og_description":"Puhdas+ T\u0113jkoka \u0137erme\u0146a mazg\u0101\u0161anas g\u0113ls ar citronz\u0101li 250 ml \u2013 dab\u012bgs un atsvaidzino\u0161s mazg\u0101\u0161anas g\u0113ls ar t\u0113jkoka e\u013c\u013cu. Maiga att\u012br\u012b\u0161ana visai \u0123imenei, \u0113rta pump\u012b\u0161a pudele.","og_url":"https:\/\/puhdasplus.ee\/lv\/produkti\/kosmetika\/tejkoka-kermena-mazgasanas-gels-ar-citronzali-250-ml\/","og_site_name":"Puhdas+","article_publisher":"https:\/\/www.facebook.com\/puhdasplus","og_image":[{"width":1862,"height":2560,"url":"https:\/\/puhdasplus.ee\/wp-content\/uploads\/2026\/03\/359862_0-1.png","type":"image\/png"}],"twitter_card":"summary_large_image","twitter_misc":{"Est. reading time":"1 minute"},"schema":{"@context":"https:\/\/schema.org","@graph":[{"@type":"WebPage","@id":"https:\/\/puhdasplus.ee\/lv\/produkti\/kosmetika\/tejkoka-kermena-mazgasanas-gels-ar-citronzali-250-ml\/","url":"https:\/\/puhdasplus.ee\/lv\/produkti\/kosmetika\/tejkoka-kermena-mazgasanas-gels-ar-citronzali-250-ml\/","name":"T\u0113jkoka \u0137erme\u0146a mazg\u0101\u0161anas g\u0113ls ar citronz\u0101li 250 ml | Puhdas+","isPartOf":{"@id":"https:\/\/puhdasplus.ee\/lv\/#website"},"primaryImageOfPage":{"@id":"https:\/\/puhdasplus.ee\/lv\/produkti\/kosmetika\/tejkoka-kermena-mazgasanas-gels-ar-citronzali-250-ml\/#primaryimage"},"image":{"@id":"https:\/\/puhdasplus.ee\/lv\/produkti\/kosmetika\/tejkoka-kermena-mazgasanas-gels-ar-citronzali-250-ml\/#primaryimage"},"thumbnailUrl":"https:\/\/puhdasplus.ee\/wp-content\/uploads\/2026\/03\/359862_0-1.png","datePublished":"2026-04-07T07:41:17+00:00","description":"Puhdas+ T\u0113jkoka \u0137erme\u0146a mazg\u0101\u0161anas g\u0113ls ar citronz\u0101li 250 ml \u2013 dab\u012bgs un atsvaidzino\u0161s mazg\u0101\u0161anas g\u0113ls ar t\u0113jkoka e\u013c\u013cu. Maiga att\u012br\u012b\u0161ana visai \u0123imenei, \u0113rta pump\u012b\u0161a pudele.","breadcrumb":{"@id":"https:\/\/puhdasplus.ee\/lv\/produkti\/kosmetika\/tejkoka-kermena-mazgasanas-gels-ar-citronzali-250-ml\/#breadcrumb"},"inLanguage":"lv-LV","potentialAction":[{"@type":"ReadAction","target":["https:\/\/puhdasplus.ee\/lv\/produkti\/kosmetika\/tejkoka-kermena-mazgasanas-gels-ar-citronzali-250-ml\/"]}]},{"@type":"ImageObject","inLanguage":"lv-LV","@id":"https:\/\/puhdasplus.ee\/lv\/produkti\/kosmetika\/tejkoka-kermena-mazgasanas-gels-ar-citronzali-250-ml\/#primaryimage","url":"https:\/\/puhdasplus.ee\/wp-content\/uploads\/2026\/03\/359862_0-1.png","contentUrl":"https:\/\/puhdasplus.ee\/wp-content\/uploads\/2026\/03\/359862_0-1.png","width":1862,"height":2560,"caption":"Teepuu kehapesugeel sidrunheinaga 250 ml | Puhdas+"},{"@type":"BreadcrumbList","@id":"https:\/\/puhdasplus.ee\/lv\/produkti\/kosmetika\/tejkoka-kermena-mazgasanas-gels-ar-citronzali-250-ml\/#breadcrumb","itemListElement":[{"@type":"ListItem","position":1,"name":"S\u0101kums","item":"https:\/\/puhdasplus.ee\/lv\/"},{"@type":"ListItem","position":2,"name":"Produkti","item":"https:\/\/puhdasplus.ee\/lv\/veikals\/"},{"@type":"ListItem","position":3,"name":"T\u0113jkoka \u0137erme\u0146a mazg\u0101\u0161anas g\u0113ls ar citronz\u0101li 250 ml"}]},{"@type":"WebSite","@id":"https:\/\/puhdasplus.ee\/lv\/#website","url":"https:\/\/puhdasplus.ee\/lv\/","name":"Puhdas+","description":"Vitam\u012bni, uztura bag\u0101tin\u0101t\u0101ji, dab\u012bg\u0101 kosm\u0113tika, vesel\u012bba, sports","publisher":{"@id":"https:\/\/puhdasplus.ee\/lv\/#organization"},"potentialAction":[{"@type":"SearchAction","target":{"@type":"EntryPoint","urlTemplate":"https:\/\/puhdasplus.ee\/lv\/?s={search_term_string}"},"query-input":{"@type":"PropertyValueSpecification","valueRequired":true,"valueName":"search_term_string"}}],"inLanguage":"lv-LV"},{"@type":"Organization","@id":"https:\/\/puhdasplus.ee\/lv\/#organization","name":"Puhdas+","alternateName":"Puhdasplus","url":"https:\/\/puhdasplus.ee\/lv\/","logo":{"@type":"ImageObject","inLanguage":"lv-LV","@id":"https:\/\/puhdasplus.ee\/lv\/#\/schema\/logo\/image\/","url":"https:\/\/puhdasplus.ee\/wp-content\/uploads\/2019\/10\/puhdas_logo-arvele.png","contentUrl":"https:\/\/puhdasplus.ee\/wp-content\/uploads\/2019\/10\/puhdas_logo-arvele.png","width":114,"height":94,"caption":"Puhdas+"},"image":{"@id":"https:\/\/puhdasplus.ee\/lv\/#\/schema\/logo\/image\/"},"sameAs":["https:\/\/www.facebook.com\/puhdasplus","https:\/\/www.instagram.com\/puhdasplus_ee\/"]}]}},"_yoast_wpseo_title":"T\u0113jkoka \u0137erme\u0146a mazg\u0101\u0161anas g\u0113ls ar citronz\u0101li 250 ml | Puhdas+","_yoast_wpseo_metadesc":"Puhdas+ T\u0113jkoka \u0137erme\u0146a mazg\u0101\u0161anas g\u0113ls ar citronz\u0101li 250 ml \u2013 dab\u012bgs un atsvaidzino\u0161s mazg\u0101\u0161anas g\u0113ls ar t\u0113jkoka e\u013c\u013cu. Maiga att\u012br\u012b\u0161ana visai \u0123imenei, \u0113rta pump\u012b\u0161a pudele.","_yoast_wpseo_focuskw":"t\u0113jkoka \u0137erme\u0146a mazg\u0101\u0161anas g\u0113ls citronz\u0101le","_links":{"self":[{"href":"https:\/\/puhdasplus.ee\/lv\/wp-json\/wp\/v2\/product\/360340","targetHints":{"allow":["GET"]}}],"collection":[{"href":"https:\/\/puhdasplus.ee\/lv\/wp-json\/wp\/v2\/product"}],"about":[{"href":"https:\/\/puhdasplus.ee\/lv\/wp-json\/wp\/v2\/types\/product"}],"replies":[{"embeddable":true,"href":"https:\/\/puhdasplus.ee\/lv\/wp-json\/wp\/v2\/comments?post=360340"}],"wp:featuredmedia":[{"embeddable":true,"href":"https:\/\/puhdasplus.ee\/lv\/wp-json\/wp\/v2\/media\/359972"}],"wp:attachment":[{"href":"https:\/\/puhdasplus.ee\/lv\/wp-json\/wp\/v2\/media?parent=360340"}],"wp:term":[{"taxonomy":"product_brand","embeddable":true,"href":"https:\/\/puhdasplus.ee\/lv\/wp-json\/wp\/v2\/product_brand?post=360340"},{"taxonomy":"product_cat","embeddable":true,"href":"https:\/\/puhdasplus.ee\/lv\/wp-json\/wp\/v2\/product_cat?post=360340"},{"taxonomy":"product_tag","embeddable":true,"href":"https:\/\/puhdasplus.ee\/lv\/wp-json\/wp\/v2\/product_tag?post=360340"}],"curies":[{"name":"wp","href":"https:\/\/api.w.org\/{rel}","templated":true}]}}