{"id":360332,"date":"2026-04-07T10:38:21","date_gmt":"2026-04-07T07:38:21","guid":{"rendered":"https:\/\/puhdasplus.ee\/tooted\/maaratlemata\/likopens-10-mg-60-kapsulas\/"},"modified":"2026-04-07T10:38:21","modified_gmt":"2026-04-07T07:38:21","slug":"likopens-10-mg-60-kapsulas","status":"publish","type":"product","link":"https:\/\/puhdasplus.ee\/lv\/produkti\/imunsistema\/likopens-10-mg-60-kapsulas\/","title":{"rendered":"Likop\u0113ns 10 mg 60 kapsulas"},"content":{"rendered":"<h2><b>K\u0101p\u0113c izv\u0113l\u0113ties Sp\u0113c\u012bgo Likop\u0113nu?<\/b><\/h2>\n<p><strong>Puhdas+ Sp\u0113c\u012bgais Likop\u0113ns<\/strong> ir r\u016bp\u012bgi izveidots uztura bag\u0101tin\u0101t\u0101js. Katra kapsula satur sp\u0113c\u012bgu 10 mg likop\u0113na devu \u2013 dab\u012bgu augu karoteno\u012bdu, ko \u012bpa\u0161i daudz atrod sarkan\u0101s aug\u013cos un d\u0101rze\u0146os, piem\u0113ram, tom\u0101tos.<\/p>\n<p>Likop\u0113ns ir paz\u012bstams ar savu spilgti sarkano kr\u0101su un ir dab\u012bga daudzveid\u012bgas uztura sast\u0101vda\u013ca. Puhdas+ Sp\u0113c\u012bgais Likop\u0113ns pied\u0101v\u0101 vienk\u0101r\u0161u un \u0113rtu veidu, k\u0101 papildin\u0101t ikdienas likop\u0113na pat\u0113ri\u0146u.<\/p>\n<p>&nbsp;<\/p>\n<h2><strong>Sast\u0101vs<\/strong><\/h2>\n<p>Pildviela (mikrokrist\u0101lisk\u0101 celuloze), tom\u0101tu ekstrakts (Solanum lycopersicum), kapsula (stabilizators: hidroksipropilmetilceluloze).<\/p>\n<p>&nbsp;<\/p>\n<h2><strong>Uzturvielu saturs 1 kapsul\u0101<\/strong><\/h2>\n<p>Likop\u0113ns 10 mg<\/p>\n<p>&nbsp;<\/p>\n<h2><strong>Lieto\u0161anas instrukcija<\/strong><\/h2>\n<p class=\"p1\">Lietot 1 kapsulu dien\u0101 ar \u016bdeni.<\/p>\n<p>&nbsp;<\/p>\n<h2><strong>Br\u012bdin\u0101jumi<\/strong><\/h2>\n<p>Glab\u0101t b\u0113rniem nepieejam\u0101 viet\u0101. Uztura bag\u0101tin\u0101t\u0101js neaizst\u0101j daudzveid\u012bgu un sabalans\u0113tu uzturu, k\u0101 ar\u012b vesel\u012bgu dz\u012bvesveidu. Nep\u0101rsniedziet ieteicamo dienas devu.<\/p>\n<p>&nbsp;<\/p>\n<h2><strong>Neto saturs<\/strong><\/h2>\n<p class=\"p1\">23 g (60 kapsulas)<\/p>\n<p>&nbsp;<\/p>\n","protected":false},"excerpt":{"rendered":"<p class=\"p1\">Likop\u0113ns 10 mg 60 kapsulas \u2013 satur no tom\u0101tiem ieg\u016btu <b>likop\u0113nu.<\/b> Vienk\u0101r\u0161s veids, k\u0101 papildin\u0101t ikdienas uzturu kapsulu veid\u0101.<\/p>\n","protected":false},"featured_media":360016,"comment_status":"open","ping_status":"closed","template":"","meta":{"_acf_changed":false,"googlesitekit_rrm_CAow3eq7DA:productID":""},"product_brand":[],"product_cat":[3066,3441],"product_tag":[3301,4791,8345,8468,3723,8373,3206,2974],"class_list":{"0":"post-360332","1":"product","2":"type-product","3":"status-publish","4":"has-post-thumbnail","6":"product_cat-imunsistema","7":"product_cat-sirds-veseliba","8":"product_tag-adas-veseliba","9":"product_tag-antioksidants-lv","10":"product_tag-bez-glutna-lv","11":"product_tag-likopins","12":"product_tag-sirds-veseliba","13":"product_tag-somijas-kvalitte-lv","14":"product_tag-uztura-bagatinatajs","15":"product_tag-vegans","17":"first","18":"onbackorder","19":"taxable","20":"shipping-taxable","21":"purchasable","22":"product-type-simple"},"acf":[],"yoast_head":"<!-- This site is optimized with the Yoast SEO plugin v27.3 - https:\/\/yoast.com\/product\/yoast-seo-wordpress\/ -->\n<title>Likop\u0113ns 10 mg 60 kapsulas | Puhdas+<\/title>\n<meta name=\"description\" content=\"Puhdas+ Likop\u0113ns 10 mg \u2013 no tom\u0101tiem ieg\u016bts antioksidants \u0101das un visp\u0101r\u0113j\u0101s labsaj\u016btas atbalstam. Kvalitat\u012bvs uztura bag\u0101tin\u0101t\u0101js ikdienas lieto\u0161anai. 60 kapsulas.\" \/>\n<meta name=\"robots\" content=\"index, follow, max-snippet:-1, max-image-preview:large, max-video-preview:-1\" \/>\n<link rel=\"canonical\" href=\"https:\/\/puhdasplus.ee\/lv\/produkti\/imunsistema\/likopens-10-mg-60-kapsulas\/\" \/>\n<meta property=\"og:locale\" content=\"lv_LV\" \/>\n<meta property=\"og:type\" content=\"article\" \/>\n<meta property=\"og:title\" content=\"Likop\u0113ns 10 mg 60 kapsulas | Puhdas+\" \/>\n<meta property=\"og:description\" content=\"Puhdas+ Likop\u0113ns 10 mg \u2013 no tom\u0101tiem ieg\u016bts antioksidants \u0101das un visp\u0101r\u0113j\u0101s labsaj\u016btas atbalstam. Kvalitat\u012bvs uztura bag\u0101tin\u0101t\u0101js ikdienas lieto\u0161anai. 60 kapsulas.\" \/>\n<meta property=\"og:url\" content=\"https:\/\/puhdasplus.ee\/lv\/produkti\/imunsistema\/likopens-10-mg-60-kapsulas\/\" \/>\n<meta property=\"og:site_name\" content=\"Puhdas+\" \/>\n<meta property=\"article:publisher\" content=\"https:\/\/www.facebook.com\/puhdasplus\" \/>\n<meta property=\"og:image\" content=\"https:\/\/puhdasplus.ee\/wp-content\/uploads\/2026\/03\/tooted-ilma-taustata-3-copy-7.jpg\" \/>\n\t<meta property=\"og:image:width\" content=\"1280\" \/>\n\t<meta property=\"og:image:height\" content=\"1760\" \/>\n\t<meta property=\"og:image:type\" content=\"image\/jpeg\" \/>\n<meta name=\"twitter:card\" content=\"summary_large_image\" \/>\n<meta name=\"twitter:label1\" content=\"Est. reading time\" \/>\n\t<meta name=\"twitter:data1\" content=\"1 minute\" \/>\n<script type=\"application\/ld+json\" class=\"yoast-schema-graph\">{\"@context\":\"https:\\\/\\\/schema.org\",\"@graph\":[{\"@type\":\"WebPage\",\"@id\":\"https:\\\/\\\/puhdasplus.ee\\\/lv\\\/produkti\\\/imunsistema\\\/likopens-10-mg-60-kapsulas\\\/\",\"url\":\"https:\\\/\\\/puhdasplus.ee\\\/lv\\\/produkti\\\/imunsistema\\\/likopens-10-mg-60-kapsulas\\\/\",\"name\":\"Likop\u0113ns 10 mg 60 kapsulas | Puhdas+\",\"isPartOf\":{\"@id\":\"https:\\\/\\\/puhdasplus.ee\\\/lv\\\/#website\"},\"primaryImageOfPage\":{\"@id\":\"https:\\\/\\\/puhdasplus.ee\\\/lv\\\/produkti\\\/imunsistema\\\/likopens-10-mg-60-kapsulas\\\/#primaryimage\"},\"image\":{\"@id\":\"https:\\\/\\\/puhdasplus.ee\\\/lv\\\/produkti\\\/imunsistema\\\/likopens-10-mg-60-kapsulas\\\/#primaryimage\"},\"thumbnailUrl\":\"https:\\\/\\\/puhdasplus.ee\\\/wp-content\\\/uploads\\\/2026\\\/03\\\/tooted-ilma-taustata-3-copy-7.jpg\",\"datePublished\":\"2026-04-07T07:38:21+00:00\",\"description\":\"Puhdas+ Likop\u0113ns 10 mg \u2013 no tom\u0101tiem ieg\u016bts antioksidants \u0101das un visp\u0101r\u0113j\u0101s labsaj\u016btas atbalstam. Kvalitat\u012bvs uztura bag\u0101tin\u0101t\u0101js ikdienas lieto\u0161anai. 60 kapsulas.\",\"breadcrumb\":{\"@id\":\"https:\\\/\\\/puhdasplus.ee\\\/lv\\\/produkti\\\/imunsistema\\\/likopens-10-mg-60-kapsulas\\\/#breadcrumb\"},\"inLanguage\":\"lv-LV\",\"potentialAction\":[{\"@type\":\"ReadAction\",\"target\":[\"https:\\\/\\\/puhdasplus.ee\\\/lv\\\/produkti\\\/imunsistema\\\/likopens-10-mg-60-kapsulas\\\/\"]}]},{\"@type\":\"ImageObject\",\"inLanguage\":\"lv-LV\",\"@id\":\"https:\\\/\\\/puhdasplus.ee\\\/lv\\\/produkti\\\/imunsistema\\\/likopens-10-mg-60-kapsulas\\\/#primaryimage\",\"url\":\"https:\\\/\\\/puhdasplus.ee\\\/wp-content\\\/uploads\\\/2026\\\/03\\\/tooted-ilma-taustata-3-copy-7.jpg\",\"contentUrl\":\"https:\\\/\\\/puhdasplus.ee\\\/wp-content\\\/uploads\\\/2026\\\/03\\\/tooted-ilma-taustata-3-copy-7.jpg\",\"width\":1280,\"height\":1760,\"caption\":\"L\u00fckopeen 10 mg 60 kapslit\"},{\"@type\":\"BreadcrumbList\",\"@id\":\"https:\\\/\\\/puhdasplus.ee\\\/lv\\\/produkti\\\/imunsistema\\\/likopens-10-mg-60-kapsulas\\\/#breadcrumb\",\"itemListElement\":[{\"@type\":\"ListItem\",\"position\":1,\"name\":\"S\u0101kums\",\"item\":\"https:\\\/\\\/puhdasplus.ee\\\/lv\\\/\"},{\"@type\":\"ListItem\",\"position\":2,\"name\":\"Produkti\",\"item\":\"https:\\\/\\\/puhdasplus.ee\\\/lv\\\/veikals\\\/\"},{\"@type\":\"ListItem\",\"position\":3,\"name\":\"Likop\u0113ns 10 mg 60 kapsulas\"}]},{\"@type\":\"WebSite\",\"@id\":\"https:\\\/\\\/puhdasplus.ee\\\/lv\\\/#website\",\"url\":\"https:\\\/\\\/puhdasplus.ee\\\/lv\\\/\",\"name\":\"Puhdas+\",\"description\":\"Vitam\u012bni, uztura bag\u0101tin\u0101t\u0101ji, dab\u012bg\u0101 kosm\u0113tika, vesel\u012bba, sports\",\"publisher\":{\"@id\":\"https:\\\/\\\/puhdasplus.ee\\\/lv\\\/#organization\"},\"potentialAction\":[{\"@type\":\"SearchAction\",\"target\":{\"@type\":\"EntryPoint\",\"urlTemplate\":\"https:\\\/\\\/puhdasplus.ee\\\/lv\\\/?s={search_term_string}\"},\"query-input\":{\"@type\":\"PropertyValueSpecification\",\"valueRequired\":true,\"valueName\":\"search_term_string\"}}],\"inLanguage\":\"lv-LV\"},{\"@type\":\"Organization\",\"@id\":\"https:\\\/\\\/puhdasplus.ee\\\/lv\\\/#organization\",\"name\":\"Puhdas+\",\"alternateName\":\"Puhdasplus\",\"url\":\"https:\\\/\\\/puhdasplus.ee\\\/lv\\\/\",\"logo\":{\"@type\":\"ImageObject\",\"inLanguage\":\"lv-LV\",\"@id\":\"https:\\\/\\\/puhdasplus.ee\\\/lv\\\/#\\\/schema\\\/logo\\\/image\\\/\",\"url\":\"https:\\\/\\\/puhdasplus.ee\\\/wp-content\\\/uploads\\\/2019\\\/10\\\/puhdas_logo-arvele.png\",\"contentUrl\":\"https:\\\/\\\/puhdasplus.ee\\\/wp-content\\\/uploads\\\/2019\\\/10\\\/puhdas_logo-arvele.png\",\"width\":114,\"height\":94,\"caption\":\"Puhdas+\"},\"image\":{\"@id\":\"https:\\\/\\\/puhdasplus.ee\\\/lv\\\/#\\\/schema\\\/logo\\\/image\\\/\"},\"sameAs\":[\"https:\\\/\\\/www.facebook.com\\\/puhdasplus\",\"https:\\\/\\\/www.instagram.com\\\/puhdasplus_ee\\\/\"]}]}<\/script>\n<!-- \/ Yoast SEO plugin. -->","yoast_head_json":{"title":"Likop\u0113ns 10 mg 60 kapsulas | Puhdas+","description":"Puhdas+ Likop\u0113ns 10 mg \u2013 no tom\u0101tiem ieg\u016bts antioksidants \u0101das un visp\u0101r\u0113j\u0101s labsaj\u016btas atbalstam. Kvalitat\u012bvs uztura bag\u0101tin\u0101t\u0101js ikdienas lieto\u0161anai. 60 kapsulas.","robots":{"index":"index","follow":"follow","max-snippet":"max-snippet:-1","max-image-preview":"max-image-preview:large","max-video-preview":"max-video-preview:-1"},"canonical":"https:\/\/puhdasplus.ee\/lv\/produkti\/imunsistema\/likopens-10-mg-60-kapsulas\/","og_locale":"lv_LV","og_type":"article","og_title":"Likop\u0113ns 10 mg 60 kapsulas | Puhdas+","og_description":"Puhdas+ Likop\u0113ns 10 mg \u2013 no tom\u0101tiem ieg\u016bts antioksidants \u0101das un visp\u0101r\u0113j\u0101s labsaj\u016btas atbalstam. Kvalitat\u012bvs uztura bag\u0101tin\u0101t\u0101js ikdienas lieto\u0161anai. 60 kapsulas.","og_url":"https:\/\/puhdasplus.ee\/lv\/produkti\/imunsistema\/likopens-10-mg-60-kapsulas\/","og_site_name":"Puhdas+","article_publisher":"https:\/\/www.facebook.com\/puhdasplus","og_image":[{"width":1280,"height":1760,"url":"https:\/\/puhdasplus.ee\/wp-content\/uploads\/2026\/03\/tooted-ilma-taustata-3-copy-7.jpg","type":"image\/jpeg"}],"twitter_card":"summary_large_image","twitter_misc":{"Est. reading time":"1 minute"},"schema":{"@context":"https:\/\/schema.org","@graph":[{"@type":"WebPage","@id":"https:\/\/puhdasplus.ee\/lv\/produkti\/imunsistema\/likopens-10-mg-60-kapsulas\/","url":"https:\/\/puhdasplus.ee\/lv\/produkti\/imunsistema\/likopens-10-mg-60-kapsulas\/","name":"Likop\u0113ns 10 mg 60 kapsulas | Puhdas+","isPartOf":{"@id":"https:\/\/puhdasplus.ee\/lv\/#website"},"primaryImageOfPage":{"@id":"https:\/\/puhdasplus.ee\/lv\/produkti\/imunsistema\/likopens-10-mg-60-kapsulas\/#primaryimage"},"image":{"@id":"https:\/\/puhdasplus.ee\/lv\/produkti\/imunsistema\/likopens-10-mg-60-kapsulas\/#primaryimage"},"thumbnailUrl":"https:\/\/puhdasplus.ee\/wp-content\/uploads\/2026\/03\/tooted-ilma-taustata-3-copy-7.jpg","datePublished":"2026-04-07T07:38:21+00:00","description":"Puhdas+ Likop\u0113ns 10 mg \u2013 no tom\u0101tiem ieg\u016bts antioksidants \u0101das un visp\u0101r\u0113j\u0101s labsaj\u016btas atbalstam. Kvalitat\u012bvs uztura bag\u0101tin\u0101t\u0101js ikdienas lieto\u0161anai. 60 kapsulas.","breadcrumb":{"@id":"https:\/\/puhdasplus.ee\/lv\/produkti\/imunsistema\/likopens-10-mg-60-kapsulas\/#breadcrumb"},"inLanguage":"lv-LV","potentialAction":[{"@type":"ReadAction","target":["https:\/\/puhdasplus.ee\/lv\/produkti\/imunsistema\/likopens-10-mg-60-kapsulas\/"]}]},{"@type":"ImageObject","inLanguage":"lv-LV","@id":"https:\/\/puhdasplus.ee\/lv\/produkti\/imunsistema\/likopens-10-mg-60-kapsulas\/#primaryimage","url":"https:\/\/puhdasplus.ee\/wp-content\/uploads\/2026\/03\/tooted-ilma-taustata-3-copy-7.jpg","contentUrl":"https:\/\/puhdasplus.ee\/wp-content\/uploads\/2026\/03\/tooted-ilma-taustata-3-copy-7.jpg","width":1280,"height":1760,"caption":"L\u00fckopeen 10 mg 60 kapslit"},{"@type":"BreadcrumbList","@id":"https:\/\/puhdasplus.ee\/lv\/produkti\/imunsistema\/likopens-10-mg-60-kapsulas\/#breadcrumb","itemListElement":[{"@type":"ListItem","position":1,"name":"S\u0101kums","item":"https:\/\/puhdasplus.ee\/lv\/"},{"@type":"ListItem","position":2,"name":"Produkti","item":"https:\/\/puhdasplus.ee\/lv\/veikals\/"},{"@type":"ListItem","position":3,"name":"Likop\u0113ns 10 mg 60 kapsulas"}]},{"@type":"WebSite","@id":"https:\/\/puhdasplus.ee\/lv\/#website","url":"https:\/\/puhdasplus.ee\/lv\/","name":"Puhdas+","description":"Vitam\u012bni, uztura bag\u0101tin\u0101t\u0101ji, dab\u012bg\u0101 kosm\u0113tika, vesel\u012bba, sports","publisher":{"@id":"https:\/\/puhdasplus.ee\/lv\/#organization"},"potentialAction":[{"@type":"SearchAction","target":{"@type":"EntryPoint","urlTemplate":"https:\/\/puhdasplus.ee\/lv\/?s={search_term_string}"},"query-input":{"@type":"PropertyValueSpecification","valueRequired":true,"valueName":"search_term_string"}}],"inLanguage":"lv-LV"},{"@type":"Organization","@id":"https:\/\/puhdasplus.ee\/lv\/#organization","name":"Puhdas+","alternateName":"Puhdasplus","url":"https:\/\/puhdasplus.ee\/lv\/","logo":{"@type":"ImageObject","inLanguage":"lv-LV","@id":"https:\/\/puhdasplus.ee\/lv\/#\/schema\/logo\/image\/","url":"https:\/\/puhdasplus.ee\/wp-content\/uploads\/2019\/10\/puhdas_logo-arvele.png","contentUrl":"https:\/\/puhdasplus.ee\/wp-content\/uploads\/2019\/10\/puhdas_logo-arvele.png","width":114,"height":94,"caption":"Puhdas+"},"image":{"@id":"https:\/\/puhdasplus.ee\/lv\/#\/schema\/logo\/image\/"},"sameAs":["https:\/\/www.facebook.com\/puhdasplus","https:\/\/www.instagram.com\/puhdasplus_ee\/"]}]}},"_yoast_wpseo_title":"Likop\u0113ns 10 mg 60 kapsulas | Puhdas+","_yoast_wpseo_metadesc":"Puhdas+ Likop\u0113ns 10 mg \u2013 no tom\u0101tiem ieg\u016bts antioksidants \u0101das un visp\u0101r\u0113j\u0101s labsaj\u016btas atbalstam. Kvalitat\u012bvs uztura bag\u0101tin\u0101t\u0101js ikdienas lieto\u0161anai. 60 kapsulas.","_yoast_wpseo_focuskw":"likop\u0113ns","_links":{"self":[{"href":"https:\/\/puhdasplus.ee\/lv\/wp-json\/wp\/v2\/product\/360332","targetHints":{"allow":["GET"]}}],"collection":[{"href":"https:\/\/puhdasplus.ee\/lv\/wp-json\/wp\/v2\/product"}],"about":[{"href":"https:\/\/puhdasplus.ee\/lv\/wp-json\/wp\/v2\/types\/product"}],"replies":[{"embeddable":true,"href":"https:\/\/puhdasplus.ee\/lv\/wp-json\/wp\/v2\/comments?post=360332"}],"wp:featuredmedia":[{"embeddable":true,"href":"https:\/\/puhdasplus.ee\/lv\/wp-json\/wp\/v2\/media\/360016"}],"wp:attachment":[{"href":"https:\/\/puhdasplus.ee\/lv\/wp-json\/wp\/v2\/media?parent=360332"}],"wp:term":[{"taxonomy":"product_brand","embeddable":true,"href":"https:\/\/puhdasplus.ee\/lv\/wp-json\/wp\/v2\/product_brand?post=360332"},{"taxonomy":"product_cat","embeddable":true,"href":"https:\/\/puhdasplus.ee\/lv\/wp-json\/wp\/v2\/product_cat?post=360332"},{"taxonomy":"product_tag","embeddable":true,"href":"https:\/\/puhdasplus.ee\/lv\/wp-json\/wp\/v2\/product_tag?post=360332"}],"curies":[{"name":"wp","href":"https:\/\/api.w.org\/{rel}","templated":true}]}}