{"id":360328,"date":"2026-04-07T10:37:13","date_gmt":"2026-04-07T07:37:13","guid":{"rendered":"https:\/\/puhdasplus.ee\/tooted\/maaratlemata\/k2-vitamins-500-%c2%b5g-60-kapsulas\/"},"modified":"2026-04-07T10:37:13","modified_gmt":"2026-04-07T07:37:13","slug":"k2-vitamins-500-%c2%b5g-60-kapsulas","status":"publish","type":"product","link":"https:\/\/puhdasplus.ee\/lv\/produkti\/vitamini\/k2-vitamins\/k2-vitamins-500-%c2%b5g-60-kapsulas\/","title":{"rendered":"K2 vitam\u012bns 500 \u00b5g 60 kapsulas"},"content":{"rendered":"<h2><b>K\u0101p\u0113c izv\u0113l\u0113ties K2 vitam\u012bnu?<\/b><\/h2>\n<p class=\"p1\">K2 vitam\u012bns ir svar\u012bgs tauk\u0161\u0137\u012bsto\u0161s vitam\u012bns, kas piedal\u0101s da\u017e\u0101dos svar\u012bgos organisma procesos. Produkts satur labi uzs\u016bcamo MK-7 formu, kas piem\u0113rota ikdienas lieto\u0161anai. <span class=\"s1\">K2 vitam\u012bns veicina <\/span><b>kaulu norm\u0101lu st\u0101vokli <\/b>un <b>norm\u0101lu asins rec\u0113\u0161anu<\/b><\/p>\n<p>&nbsp;<\/p>\n<h2><strong>Lieto\u0161anas instrukcija<\/strong><\/h2>\n<p>1 kapsula dien\u0101. Ieteicamo diennakts devu nedr\u012bkst p\u0101rsniegt. Uztura bag\u0101tin\u0101t\u0101js neaizst\u0101j daudzveid\u012bgu un sabalans\u0113tu uzturu un vesel\u012bgu dz\u012bvesveidu. Uzglab\u0101t b\u0113rniem nepieejam\u0101 viet\u0101. DOSERING: 1 kapsel dagligen.ers\u00e4tter inte en m\u00e5ngsidig och balanserad kost eller en h\u00e4lsosam livsstil.<\/p>\n<p>&nbsp;<\/p>\n<h2><strong>Sast\u0101vda\u013cas<\/strong><\/h2>\n<p>Pildviela (r\u012bsu milti), kapsula (stabiliz\u0113t\u0101js: hidroksipropilmetilceluloze), menahinona prepar\u0101ts (MK-7 \u2013 K2 vitam\u012bns).<\/p>\n<p>&nbsp;<\/p>\n<h2><strong>Uzturvielu saturs vien\u0101 kapsul\u0101 <\/strong><\/h2>\n<p><strong data-start=\"50\" data-end=\"66\">K2 vitam\u012bns:<\/strong> 500 \u00b5g (<em data-start=\"75\" data-end=\"81\">667%<\/em>)   * % no diennakts references v\u0113rt\u012bbas<\/p>\n<p>&nbsp;<\/p>\n<h2><strong>Br\u012bdin\u0101jumi<\/strong><\/h2>\n<ul>\n<li>Uztura bag\u0101tin\u0101t\u0101js neaizst\u0101j daudzveid\u012bgu un sabalans\u0113tu uzturu un vesel\u012bgu dz\u012bvesveidu.<\/li>\n<li>Uzglab\u0101t b\u0113rniem nepieejam\u0101 viet\u0101.<\/li>\n<li>Ieteicamo diennakts devu nedr\u012bkst p\u0101rsniegt.<\/li>\n<\/ul>\n<p>&nbsp;<\/p>\n<h2><strong>Uzglab\u0101\u0161ana<\/strong><\/h2>\n<p class=\"p3\">Uzglab\u0101t saus\u0101 un v\u0113s\u0101 viet\u0101, pasarg\u0101jot no tie\u0161iem saules stariem.<\/p>\n<p>&nbsp;<\/p>\n<h2 class=\"p1\"><b>Neto masa<\/b><\/h2>\n<p class=\"p1\">17 g (60 kapsulas)<\/p>\n","protected":false},"excerpt":{"rendered":"<p class=\"p1\">Uztura bag\u0101tin\u0101t\u0101js ar K2 vitam\u012bnu, kas veicina <strong>k<\/strong><b>aulu norm\u0101lu st\u0101vokli<\/b> un <b>norm\u0101lu asins rec\u0113\u0161anu.<\/b><b><\/b><\/p>\n<p class=\"p2\">Vai mekl\u0113 sp\u0113c\u012bgu un labi uzs\u016bcamu K2 vitam\u012bnu? \u0160is produkts satur <span class=\"s1\"><b>500 \u00b5g K2 vitam\u012bna (MK-7 form\u0101)<\/b><\/span> vien\u0101 kapsul\u0101. \u0112rt\u0101 kapsulu forma nodro\u0161ina vienk\u0101r\u0161u un konsekvento ikdienas lieto\u0161anu.<\/p>\n","protected":false},"featured_media":359892,"comment_status":"open","ping_status":"closed","template":"","meta":{"_acf_changed":false,"googlesitekit_rrm_CAow3eq7DA:productID":""},"product_brand":[],"product_cat":[6816,3483,3205],"product_tag":[8345,8365,3225,3723,8373,3206,2974],"class_list":{"0":"post-360328","1":"product","2":"type-product","3":"status-publish","4":"has-post-thumbnail","6":"product_cat-k2-vitamins","7":"product_cat-locitavas-muskuli-un-kauli","8":"product_cat-vitamini","9":"product_tag-bez-glutna-lv","10":"product_tag-minerlvielas-lv","11":"product_tag-muskuli-un-locitavas","12":"product_tag-sirds-veseliba","13":"product_tag-somijas-kvalitte-lv","14":"product_tag-uztura-bagatinatajs","15":"product_tag-vegans","17":"first","18":"onbackorder","19":"taxable","20":"shipping-taxable","21":"purchasable","22":"product-type-simple"},"acf":[],"yoast_head":"<!-- This site is optimized with the Yoast SEO plugin v27.3 - https:\/\/yoast.com\/product\/yoast-seo-wordpress\/ -->\n<title>K2 vitam\u012bns 500 \u00b5g 60 kapsulas | Puhdas+<\/title>\n<meta name=\"description\" content=\"Puhdas+ K2 vitam\u012bns (MK-7) 500 \u00b5g \u2013 kvalitat\u012bvs uztura bag\u0101tin\u0101t\u0101js kaulu un asinsvadu vesel\u012bbas atbalstam. Labi uzs\u016bcama forma, 1 kapsula dien\u0101.\" \/>\n<meta name=\"robots\" content=\"index, follow, max-snippet:-1, max-image-preview:large, max-video-preview:-1\" \/>\n<link rel=\"canonical\" href=\"https:\/\/puhdasplus.ee\/lv\/produkti\/vitamini\/k2-vitamins\/k2-vitamins-500-%c2%b5g-60-kapsulas\/\" \/>\n<meta property=\"og:locale\" content=\"lv_LV\" \/>\n<meta property=\"og:type\" content=\"article\" \/>\n<meta property=\"og:title\" content=\"K2 vitam\u012bns 500 \u00b5g 60 kapsulas | Puhdas+\" \/>\n<meta property=\"og:description\" content=\"Puhdas+ K2 vitam\u012bns (MK-7) 500 \u00b5g \u2013 kvalitat\u012bvs uztura bag\u0101tin\u0101t\u0101js kaulu un asinsvadu vesel\u012bbas atbalstam. Labi uzs\u016bcama forma, 1 kapsula dien\u0101.\" \/>\n<meta property=\"og:url\" content=\"https:\/\/puhdasplus.ee\/lv\/produkti\/vitamini\/k2-vitamins\/k2-vitamins-500-%c2%b5g-60-kapsulas\/\" \/>\n<meta property=\"og:site_name\" content=\"Puhdas+\" \/>\n<meta property=\"article:publisher\" content=\"https:\/\/www.facebook.com\/puhdasplus\" \/>\n<meta property=\"og:image\" content=\"https:\/\/puhdasplus.ee\/wp-content\/uploads\/2026\/03\/359812_359811.png\" \/>\n\t<meta property=\"og:image:width\" content=\"582\" \/>\n\t<meta property=\"og:image:height\" content=\"800\" \/>\n\t<meta property=\"og:image:type\" content=\"image\/png\" \/>\n<meta name=\"twitter:card\" content=\"summary_large_image\" \/>\n<meta name=\"twitter:label1\" content=\"Est. reading time\" \/>\n\t<meta name=\"twitter:data1\" content=\"1 minute\" \/>\n<script type=\"application\/ld+json\" class=\"yoast-schema-graph\">{\"@context\":\"https:\\\/\\\/schema.org\",\"@graph\":[{\"@type\":\"WebPage\",\"@id\":\"https:\\\/\\\/puhdasplus.ee\\\/lv\\\/produkti\\\/vitamini\\\/k2-vitamins\\\/k2-vitamins-500-%c2%b5g-60-kapsulas\\\/\",\"url\":\"https:\\\/\\\/puhdasplus.ee\\\/lv\\\/produkti\\\/vitamini\\\/k2-vitamins\\\/k2-vitamins-500-%c2%b5g-60-kapsulas\\\/\",\"name\":\"K2 vitam\u012bns 500 \u00b5g 60 kapsulas | Puhdas+\",\"isPartOf\":{\"@id\":\"https:\\\/\\\/puhdasplus.ee\\\/lv\\\/#website\"},\"primaryImageOfPage\":{\"@id\":\"https:\\\/\\\/puhdasplus.ee\\\/lv\\\/produkti\\\/vitamini\\\/k2-vitamins\\\/k2-vitamins-500-%c2%b5g-60-kapsulas\\\/#primaryimage\"},\"image\":{\"@id\":\"https:\\\/\\\/puhdasplus.ee\\\/lv\\\/produkti\\\/vitamini\\\/k2-vitamins\\\/k2-vitamins-500-%c2%b5g-60-kapsulas\\\/#primaryimage\"},\"thumbnailUrl\":\"https:\\\/\\\/puhdasplus.ee\\\/wp-content\\\/uploads\\\/2026\\\/03\\\/359812_359811.png\",\"datePublished\":\"2026-04-07T07:37:13+00:00\",\"description\":\"Puhdas+ K2 vitam\u012bns (MK-7) 500 \u00b5g \u2013 kvalitat\u012bvs uztura bag\u0101tin\u0101t\u0101js kaulu un asinsvadu vesel\u012bbas atbalstam. Labi uzs\u016bcama forma, 1 kapsula dien\u0101.\",\"breadcrumb\":{\"@id\":\"https:\\\/\\\/puhdasplus.ee\\\/lv\\\/produkti\\\/vitamini\\\/k2-vitamins\\\/k2-vitamins-500-%c2%b5g-60-kapsulas\\\/#breadcrumb\"},\"inLanguage\":\"lv-LV\",\"potentialAction\":[{\"@type\":\"ReadAction\",\"target\":[\"https:\\\/\\\/puhdasplus.ee\\\/lv\\\/produkti\\\/vitamini\\\/k2-vitamins\\\/k2-vitamins-500-%c2%b5g-60-kapsulas\\\/\"]}]},{\"@type\":\"ImageObject\",\"inLanguage\":\"lv-LV\",\"@id\":\"https:\\\/\\\/puhdasplus.ee\\\/lv\\\/produkti\\\/vitamini\\\/k2-vitamins\\\/k2-vitamins-500-%c2%b5g-60-kapsulas\\\/#primaryimage\",\"url\":\"https:\\\/\\\/puhdasplus.ee\\\/wp-content\\\/uploads\\\/2026\\\/03\\\/359812_359811.png\",\"contentUrl\":\"https:\\\/\\\/puhdasplus.ee\\\/wp-content\\\/uploads\\\/2026\\\/03\\\/359812_359811.png\",\"width\":582,\"height\":800,\"caption\":\"K2-vitamiin 500 \u00b5g 60 kapslit | Puhdas+\"},{\"@type\":\"BreadcrumbList\",\"@id\":\"https:\\\/\\\/puhdasplus.ee\\\/lv\\\/produkti\\\/vitamini\\\/k2-vitamins\\\/k2-vitamins-500-%c2%b5g-60-kapsulas\\\/#breadcrumb\",\"itemListElement\":[{\"@type\":\"ListItem\",\"position\":1,\"name\":\"S\u0101kums\",\"item\":\"https:\\\/\\\/puhdasplus.ee\\\/lv\\\/\"},{\"@type\":\"ListItem\",\"position\":2,\"name\":\"Produkti\",\"item\":\"https:\\\/\\\/puhdasplus.ee\\\/lv\\\/veikals\\\/\"},{\"@type\":\"ListItem\",\"position\":3,\"name\":\"K2 vitam\u012bns 500 \u00b5g 60 kapsulas\"}]},{\"@type\":\"WebSite\",\"@id\":\"https:\\\/\\\/puhdasplus.ee\\\/lv\\\/#website\",\"url\":\"https:\\\/\\\/puhdasplus.ee\\\/lv\\\/\",\"name\":\"Puhdas+\",\"description\":\"Vitam\u012bni, uztura bag\u0101tin\u0101t\u0101ji, dab\u012bg\u0101 kosm\u0113tika, vesel\u012bba, sports\",\"publisher\":{\"@id\":\"https:\\\/\\\/puhdasplus.ee\\\/lv\\\/#organization\"},\"potentialAction\":[{\"@type\":\"SearchAction\",\"target\":{\"@type\":\"EntryPoint\",\"urlTemplate\":\"https:\\\/\\\/puhdasplus.ee\\\/lv\\\/?s={search_term_string}\"},\"query-input\":{\"@type\":\"PropertyValueSpecification\",\"valueRequired\":true,\"valueName\":\"search_term_string\"}}],\"inLanguage\":\"lv-LV\"},{\"@type\":\"Organization\",\"@id\":\"https:\\\/\\\/puhdasplus.ee\\\/lv\\\/#organization\",\"name\":\"Puhdas+\",\"alternateName\":\"Puhdasplus\",\"url\":\"https:\\\/\\\/puhdasplus.ee\\\/lv\\\/\",\"logo\":{\"@type\":\"ImageObject\",\"inLanguage\":\"lv-LV\",\"@id\":\"https:\\\/\\\/puhdasplus.ee\\\/lv\\\/#\\\/schema\\\/logo\\\/image\\\/\",\"url\":\"https:\\\/\\\/puhdasplus.ee\\\/wp-content\\\/uploads\\\/2019\\\/10\\\/puhdas_logo-arvele.png\",\"contentUrl\":\"https:\\\/\\\/puhdasplus.ee\\\/wp-content\\\/uploads\\\/2019\\\/10\\\/puhdas_logo-arvele.png\",\"width\":114,\"height\":94,\"caption\":\"Puhdas+\"},\"image\":{\"@id\":\"https:\\\/\\\/puhdasplus.ee\\\/lv\\\/#\\\/schema\\\/logo\\\/image\\\/\"},\"sameAs\":[\"https:\\\/\\\/www.facebook.com\\\/puhdasplus\",\"https:\\\/\\\/www.instagram.com\\\/puhdasplus_ee\\\/\"]}]}<\/script>\n<!-- \/ Yoast SEO plugin. -->","yoast_head_json":{"title":"K2 vitam\u012bns 500 \u00b5g 60 kapsulas | Puhdas+","description":"Puhdas+ K2 vitam\u012bns (MK-7) 500 \u00b5g \u2013 kvalitat\u012bvs uztura bag\u0101tin\u0101t\u0101js kaulu un asinsvadu vesel\u012bbas atbalstam. Labi uzs\u016bcama forma, 1 kapsula dien\u0101.","robots":{"index":"index","follow":"follow","max-snippet":"max-snippet:-1","max-image-preview":"max-image-preview:large","max-video-preview":"max-video-preview:-1"},"canonical":"https:\/\/puhdasplus.ee\/lv\/produkti\/vitamini\/k2-vitamins\/k2-vitamins-500-%c2%b5g-60-kapsulas\/","og_locale":"lv_LV","og_type":"article","og_title":"K2 vitam\u012bns 500 \u00b5g 60 kapsulas | Puhdas+","og_description":"Puhdas+ K2 vitam\u012bns (MK-7) 500 \u00b5g \u2013 kvalitat\u012bvs uztura bag\u0101tin\u0101t\u0101js kaulu un asinsvadu vesel\u012bbas atbalstam. Labi uzs\u016bcama forma, 1 kapsula dien\u0101.","og_url":"https:\/\/puhdasplus.ee\/lv\/produkti\/vitamini\/k2-vitamins\/k2-vitamins-500-%c2%b5g-60-kapsulas\/","og_site_name":"Puhdas+","article_publisher":"https:\/\/www.facebook.com\/puhdasplus","og_image":[{"width":582,"height":800,"url":"https:\/\/puhdasplus.ee\/wp-content\/uploads\/2026\/03\/359812_359811.png","type":"image\/png"}],"twitter_card":"summary_large_image","twitter_misc":{"Est. reading time":"1 minute"},"schema":{"@context":"https:\/\/schema.org","@graph":[{"@type":"WebPage","@id":"https:\/\/puhdasplus.ee\/lv\/produkti\/vitamini\/k2-vitamins\/k2-vitamins-500-%c2%b5g-60-kapsulas\/","url":"https:\/\/puhdasplus.ee\/lv\/produkti\/vitamini\/k2-vitamins\/k2-vitamins-500-%c2%b5g-60-kapsulas\/","name":"K2 vitam\u012bns 500 \u00b5g 60 kapsulas | Puhdas+","isPartOf":{"@id":"https:\/\/puhdasplus.ee\/lv\/#website"},"primaryImageOfPage":{"@id":"https:\/\/puhdasplus.ee\/lv\/produkti\/vitamini\/k2-vitamins\/k2-vitamins-500-%c2%b5g-60-kapsulas\/#primaryimage"},"image":{"@id":"https:\/\/puhdasplus.ee\/lv\/produkti\/vitamini\/k2-vitamins\/k2-vitamins-500-%c2%b5g-60-kapsulas\/#primaryimage"},"thumbnailUrl":"https:\/\/puhdasplus.ee\/wp-content\/uploads\/2026\/03\/359812_359811.png","datePublished":"2026-04-07T07:37:13+00:00","description":"Puhdas+ K2 vitam\u012bns (MK-7) 500 \u00b5g \u2013 kvalitat\u012bvs uztura bag\u0101tin\u0101t\u0101js kaulu un asinsvadu vesel\u012bbas atbalstam. Labi uzs\u016bcama forma, 1 kapsula dien\u0101.","breadcrumb":{"@id":"https:\/\/puhdasplus.ee\/lv\/produkti\/vitamini\/k2-vitamins\/k2-vitamins-500-%c2%b5g-60-kapsulas\/#breadcrumb"},"inLanguage":"lv-LV","potentialAction":[{"@type":"ReadAction","target":["https:\/\/puhdasplus.ee\/lv\/produkti\/vitamini\/k2-vitamins\/k2-vitamins-500-%c2%b5g-60-kapsulas\/"]}]},{"@type":"ImageObject","inLanguage":"lv-LV","@id":"https:\/\/puhdasplus.ee\/lv\/produkti\/vitamini\/k2-vitamins\/k2-vitamins-500-%c2%b5g-60-kapsulas\/#primaryimage","url":"https:\/\/puhdasplus.ee\/wp-content\/uploads\/2026\/03\/359812_359811.png","contentUrl":"https:\/\/puhdasplus.ee\/wp-content\/uploads\/2026\/03\/359812_359811.png","width":582,"height":800,"caption":"K2-vitamiin 500 \u00b5g 60 kapslit | Puhdas+"},{"@type":"BreadcrumbList","@id":"https:\/\/puhdasplus.ee\/lv\/produkti\/vitamini\/k2-vitamins\/k2-vitamins-500-%c2%b5g-60-kapsulas\/#breadcrumb","itemListElement":[{"@type":"ListItem","position":1,"name":"S\u0101kums","item":"https:\/\/puhdasplus.ee\/lv\/"},{"@type":"ListItem","position":2,"name":"Produkti","item":"https:\/\/puhdasplus.ee\/lv\/veikals\/"},{"@type":"ListItem","position":3,"name":"K2 vitam\u012bns 500 \u00b5g 60 kapsulas"}]},{"@type":"WebSite","@id":"https:\/\/puhdasplus.ee\/lv\/#website","url":"https:\/\/puhdasplus.ee\/lv\/","name":"Puhdas+","description":"Vitam\u012bni, uztura bag\u0101tin\u0101t\u0101ji, dab\u012bg\u0101 kosm\u0113tika, vesel\u012bba, sports","publisher":{"@id":"https:\/\/puhdasplus.ee\/lv\/#organization"},"potentialAction":[{"@type":"SearchAction","target":{"@type":"EntryPoint","urlTemplate":"https:\/\/puhdasplus.ee\/lv\/?s={search_term_string}"},"query-input":{"@type":"PropertyValueSpecification","valueRequired":true,"valueName":"search_term_string"}}],"inLanguage":"lv-LV"},{"@type":"Organization","@id":"https:\/\/puhdasplus.ee\/lv\/#organization","name":"Puhdas+","alternateName":"Puhdasplus","url":"https:\/\/puhdasplus.ee\/lv\/","logo":{"@type":"ImageObject","inLanguage":"lv-LV","@id":"https:\/\/puhdasplus.ee\/lv\/#\/schema\/logo\/image\/","url":"https:\/\/puhdasplus.ee\/wp-content\/uploads\/2019\/10\/puhdas_logo-arvele.png","contentUrl":"https:\/\/puhdasplus.ee\/wp-content\/uploads\/2019\/10\/puhdas_logo-arvele.png","width":114,"height":94,"caption":"Puhdas+"},"image":{"@id":"https:\/\/puhdasplus.ee\/lv\/#\/schema\/logo\/image\/"},"sameAs":["https:\/\/www.facebook.com\/puhdasplus","https:\/\/www.instagram.com\/puhdasplus_ee\/"]}]}},"_yoast_wpseo_title":"K2 vitam\u012bns 500 \u00b5g 60 kapsulas | Puhdas+","_yoast_wpseo_metadesc":"Puhdas+ K2 vitam\u012bns (MK-7) 500 \u00b5g \u2013 kvalitat\u012bvs uztura bag\u0101tin\u0101t\u0101js kaulu un asinsvadu vesel\u012bbas atbalstam. Labi uzs\u016bcama forma, 1 kapsula dien\u0101.","_yoast_wpseo_focuskw":"K2 vitam\u012bns 500","_links":{"self":[{"href":"https:\/\/puhdasplus.ee\/lv\/wp-json\/wp\/v2\/product\/360328","targetHints":{"allow":["GET"]}}],"collection":[{"href":"https:\/\/puhdasplus.ee\/lv\/wp-json\/wp\/v2\/product"}],"about":[{"href":"https:\/\/puhdasplus.ee\/lv\/wp-json\/wp\/v2\/types\/product"}],"replies":[{"embeddable":true,"href":"https:\/\/puhdasplus.ee\/lv\/wp-json\/wp\/v2\/comments?post=360328"}],"wp:featuredmedia":[{"embeddable":true,"href":"https:\/\/puhdasplus.ee\/lv\/wp-json\/wp\/v2\/media\/359892"}],"wp:attachment":[{"href":"https:\/\/puhdasplus.ee\/lv\/wp-json\/wp\/v2\/media?parent=360328"}],"wp:term":[{"taxonomy":"product_brand","embeddable":true,"href":"https:\/\/puhdasplus.ee\/lv\/wp-json\/wp\/v2\/product_brand?post=360328"},{"taxonomy":"product_cat","embeddable":true,"href":"https:\/\/puhdasplus.ee\/lv\/wp-json\/wp\/v2\/product_cat?post=360328"},{"taxonomy":"product_tag","embeddable":true,"href":"https:\/\/puhdasplus.ee\/lv\/wp-json\/wp\/v2\/product_tag?post=360328"}],"curies":[{"name":"wp","href":"https:\/\/api.w.org\/{rel}","templated":true}]}}