{"id":360324,"date":"2026-04-07T10:36:05","date_gmt":"2026-04-07T07:36:05","guid":{"rendered":"https:\/\/puhdasplus.ee\/tooted\/maaratlemata\/safrans-30-mg-60-kapsulas\/"},"modified":"2026-04-07T10:36:05","modified_gmt":"2026-04-07T07:36:05","slug":"safrans-30-mg-60-kapsulas","status":"publish","type":"product","link":"https:\/\/puhdasplus.ee\/lv\/produkti\/stress-un-miegs\/safrans-30-mg-60-kapsulas\/","title":{"rendered":"Safr\u0101ns 30 mg 60 kapsulas"},"content":{"rendered":"<p><strong>Puhdas+ Stiprais Safr\u0101ns \u2013 kvalitat\u012bvs koncentr\u0113ts safr\u0101na ekstrakts<\/strong><\/p>\n<p>Puhdas+ Stiprais Safr\u0101ns satur augstas kvalit\u0101tes safr\u0101na ekstraktu koncentr\u0113t\u0101 veid\u0101 \u2013 viena kapsula satur 30 mg safr\u0101na ekstrakta, kur\u0101 akt\u012bv\u0101s vielas safran\u0101ls un kroc\u012bns ir dab\u012bgi p\u0101rst\u0101v\u0113tas.<\/p>\n<p>Safr\u0101ns ir viena no pasaules v\u0113rt\u012bg\u0101kaj\u0101m gar\u0161viel\u0101m, ko gadsimtiem ilgi ir izmantoju\u0161i t\u0101s unik\u0101lo \u012bpa\u0161\u012bbu d\u0113\u013c. \u0160aj\u0101 produkt\u0101 safr\u0101na galvenie savienojumi ir r\u016bp\u012bgi standartiz\u0113t\u0101 veid\u0101 koncentr\u0113ti:<\/p>\n<ul>\n<li>600 \u00b5g safran\u0101la<\/li>\n<li>900 \u00b5g kroc\u012bna<\/li>\n<\/ul>\n<p>Puhdas+ Stiprais Safr\u0101ns ir ra\u017eots bez pievienotaj\u0101m viel\u0101m. Bez glut\u0113na un laktozes. Ra\u017eots Somij\u0101.<\/p>\n<h2>Lieto\u0161anas nor\u0101d\u012bjumi<\/h2>\n<p>1\u20132 kapsulas dien\u0101 kop\u0101 ar \u0113dienu.<\/p>\n<h2>Sast\u0101vs<\/h2>\n<p>Pildviela (mikrokrist\u0101lisk\u0101 celuloze), kapsula (stabilizators: hidroksipropilmetilceluloze), safr\u0101na ekstrakts.<\/p>\n<h2>Uzturv\u0113rt\u012bba<\/h2>\n<table>\n<thead>\n<tr>\n<th>Uzturv\u0113rt\u012bba<\/th>\n<th>1\u20132 kapsulas<\/th>\n<\/tr>\n<\/thead>\n<tbody>\n<tr>\n<td>Safr\u0101na ekstrakts<\/td>\n<td>30\u201360 mg<\/td>\n<\/tr>\n<tr>\n<td>\u2013 no t\u0101 safran\u0101la<\/td>\n<td>600\u20131200 \u00b5g<\/td>\n<\/tr>\n<tr>\n<td>\u2013 un kroc\u012bna<\/td>\n<td>900\u20131800 \u00b5g<\/td>\n<\/tr>\n<\/tbody>\n<\/table>\n<h2>Br\u012bdin\u0101jumi<\/h2>\n<p>Glab\u0101t b\u0113rniem nepieejam\u0101 viet\u0101. Uztura bag\u0101tin\u0101t\u0101js neaizst\u0101j daudzveid\u012bgu un sabalans\u0113tu uzturu, k\u0101 ar\u012b vesel\u012bgu dz\u012bvesveidu. Nep\u0101rsniedziet ieteicamo dienas devu.<\/p>\n","protected":false},"excerpt":{"rendered":"<p><b>Puhdas+ Safr\u0101ns 30 mg 60 kapsulas<\/b> \u2013 koncentr\u0113ts safr\u0101na ekstrakts garast\u0101vok\u013ca atbalstam. Satur safran\u0101lu un kroc\u012bnu. Bez glut\u0113na un laktozes.<\/p>\n","protected":false},"featured_media":360014,"comment_status":"open","ping_status":"closed","template":"","meta":{"_acf_changed":false,"googlesitekit_rrm_CAow3eq7DA:productID":""},"product_brand":[],"product_cat":[3037],"product_tag":[8345,3587,8476,8373,8472,3206,2974],"class_list":{"0":"post-360324","1":"product","2":"type-product","3":"status-publish","4":"has-post-thumbnail","6":"product_cat-stress-un-miegs","7":"product_tag-bez-glutna-lv","8":"product_tag-garastavoklis","9":"product_tag-safrans","10":"product_tag-somijas-kvalitte-lv","11":"product_tag-stress-lv","12":"product_tag-uztura-bagatinatajs","13":"product_tag-vegans","15":"first","16":"onbackorder","17":"taxable","18":"shipping-taxable","19":"purchasable","20":"product-type-simple"},"acf":[],"yoast_head":"<!-- This site is optimized with the Yoast SEO plugin v27.3 - https:\/\/yoast.com\/product\/yoast-seo-wordpress\/ -->\n<title>Safr\u0101ns 30 mg 60 kapsulas | Puhdas+<\/title>\n<meta name=\"description\" content=\"Puhdas+ Safr\u0101ns 30 mg \u2013 standartiz\u0113ts safr\u0101na ekstrakts kapsul\u0101s (600 \u00b5g safran\u0101la). Kvalitat\u012bvs uztura bag\u0101tin\u0101t\u0101js ikdienas lieto\u0161anai. 60 kapsulas.\" \/>\n<meta name=\"robots\" content=\"index, follow, max-snippet:-1, max-image-preview:large, max-video-preview:-1\" \/>\n<link rel=\"canonical\" href=\"https:\/\/puhdasplus.ee\/lv\/produkti\/stress-un-miegs\/safrans-30-mg-60-kapsulas\/\" \/>\n<meta property=\"og:locale\" content=\"lv_LV\" \/>\n<meta property=\"og:type\" content=\"article\" \/>\n<meta property=\"og:title\" content=\"Safr\u0101ns 30 mg 60 kapsulas | Puhdas+\" \/>\n<meta property=\"og:description\" content=\"Puhdas+ Safr\u0101ns 30 mg \u2013 standartiz\u0113ts safr\u0101na ekstrakts kapsul\u0101s (600 \u00b5g safran\u0101la). Kvalitat\u012bvs uztura bag\u0101tin\u0101t\u0101js ikdienas lieto\u0161anai. 60 kapsulas.\" \/>\n<meta property=\"og:url\" content=\"https:\/\/puhdasplus.ee\/lv\/produkti\/stress-un-miegs\/safrans-30-mg-60-kapsulas\/\" \/>\n<meta property=\"og:site_name\" content=\"Puhdas+\" \/>\n<meta property=\"article:publisher\" content=\"https:\/\/www.facebook.com\/puhdasplus\" \/>\n<meta property=\"og:image\" content=\"https:\/\/puhdasplus.ee\/wp-content\/uploads\/2026\/03\/tooted-ilma-taustata-3-copy-6.jpg\" \/>\n\t<meta property=\"og:image:width\" content=\"1280\" \/>\n\t<meta property=\"og:image:height\" content=\"1760\" \/>\n\t<meta property=\"og:image:type\" content=\"image\/jpeg\" \/>\n<meta name=\"twitter:card\" content=\"summary_large_image\" \/>\n<meta name=\"twitter:label1\" content=\"Est. reading time\" \/>\n\t<meta name=\"twitter:data1\" content=\"1 minute\" \/>\n<script type=\"application\/ld+json\" class=\"yoast-schema-graph\">{\"@context\":\"https:\\\/\\\/schema.org\",\"@graph\":[{\"@type\":\"WebPage\",\"@id\":\"https:\\\/\\\/puhdasplus.ee\\\/lv\\\/produkti\\\/stress-un-miegs\\\/safrans-30-mg-60-kapsulas\\\/\",\"url\":\"https:\\\/\\\/puhdasplus.ee\\\/lv\\\/produkti\\\/stress-un-miegs\\\/safrans-30-mg-60-kapsulas\\\/\",\"name\":\"Safr\u0101ns 30 mg 60 kapsulas | Puhdas+\",\"isPartOf\":{\"@id\":\"https:\\\/\\\/puhdasplus.ee\\\/lv\\\/#website\"},\"primaryImageOfPage\":{\"@id\":\"https:\\\/\\\/puhdasplus.ee\\\/lv\\\/produkti\\\/stress-un-miegs\\\/safrans-30-mg-60-kapsulas\\\/#primaryimage\"},\"image\":{\"@id\":\"https:\\\/\\\/puhdasplus.ee\\\/lv\\\/produkti\\\/stress-un-miegs\\\/safrans-30-mg-60-kapsulas\\\/#primaryimage\"},\"thumbnailUrl\":\"https:\\\/\\\/puhdasplus.ee\\\/wp-content\\\/uploads\\\/2026\\\/03\\\/tooted-ilma-taustata-3-copy-6.jpg\",\"datePublished\":\"2026-04-07T07:36:05+00:00\",\"description\":\"Puhdas+ Safr\u0101ns 30 mg \u2013 standartiz\u0113ts safr\u0101na ekstrakts kapsul\u0101s (600 \u00b5g safran\u0101la). Kvalitat\u012bvs uztura bag\u0101tin\u0101t\u0101js ikdienas lieto\u0161anai. 60 kapsulas.\",\"breadcrumb\":{\"@id\":\"https:\\\/\\\/puhdasplus.ee\\\/lv\\\/produkti\\\/stress-un-miegs\\\/safrans-30-mg-60-kapsulas\\\/#breadcrumb\"},\"inLanguage\":\"lv-LV\",\"potentialAction\":[{\"@type\":\"ReadAction\",\"target\":[\"https:\\\/\\\/puhdasplus.ee\\\/lv\\\/produkti\\\/stress-un-miegs\\\/safrans-30-mg-60-kapsulas\\\/\"]}]},{\"@type\":\"ImageObject\",\"inLanguage\":\"lv-LV\",\"@id\":\"https:\\\/\\\/puhdasplus.ee\\\/lv\\\/produkti\\\/stress-un-miegs\\\/safrans-30-mg-60-kapsulas\\\/#primaryimage\",\"url\":\"https:\\\/\\\/puhdasplus.ee\\\/wp-content\\\/uploads\\\/2026\\\/03\\\/tooted-ilma-taustata-3-copy-6.jpg\",\"contentUrl\":\"https:\\\/\\\/puhdasplus.ee\\\/wp-content\\\/uploads\\\/2026\\\/03\\\/tooted-ilma-taustata-3-copy-6.jpg\",\"width\":1280,\"height\":1760,\"caption\":\"Safran 30 mg 60 kapslit\"},{\"@type\":\"BreadcrumbList\",\"@id\":\"https:\\\/\\\/puhdasplus.ee\\\/lv\\\/produkti\\\/stress-un-miegs\\\/safrans-30-mg-60-kapsulas\\\/#breadcrumb\",\"itemListElement\":[{\"@type\":\"ListItem\",\"position\":1,\"name\":\"S\u0101kums\",\"item\":\"https:\\\/\\\/puhdasplus.ee\\\/lv\\\/\"},{\"@type\":\"ListItem\",\"position\":2,\"name\":\"Produkti\",\"item\":\"https:\\\/\\\/puhdasplus.ee\\\/lv\\\/veikals\\\/\"},{\"@type\":\"ListItem\",\"position\":3,\"name\":\"Safr\u0101ns 30 mg 60 kapsulas\"}]},{\"@type\":\"WebSite\",\"@id\":\"https:\\\/\\\/puhdasplus.ee\\\/lv\\\/#website\",\"url\":\"https:\\\/\\\/puhdasplus.ee\\\/lv\\\/\",\"name\":\"Puhdas+\",\"description\":\"Vitam\u012bni, uztura bag\u0101tin\u0101t\u0101ji, dab\u012bg\u0101 kosm\u0113tika, vesel\u012bba, sports\",\"publisher\":{\"@id\":\"https:\\\/\\\/puhdasplus.ee\\\/lv\\\/#organization\"},\"potentialAction\":[{\"@type\":\"SearchAction\",\"target\":{\"@type\":\"EntryPoint\",\"urlTemplate\":\"https:\\\/\\\/puhdasplus.ee\\\/lv\\\/?s={search_term_string}\"},\"query-input\":{\"@type\":\"PropertyValueSpecification\",\"valueRequired\":true,\"valueName\":\"search_term_string\"}}],\"inLanguage\":\"lv-LV\"},{\"@type\":\"Organization\",\"@id\":\"https:\\\/\\\/puhdasplus.ee\\\/lv\\\/#organization\",\"name\":\"Puhdas+\",\"alternateName\":\"Puhdasplus\",\"url\":\"https:\\\/\\\/puhdasplus.ee\\\/lv\\\/\",\"logo\":{\"@type\":\"ImageObject\",\"inLanguage\":\"lv-LV\",\"@id\":\"https:\\\/\\\/puhdasplus.ee\\\/lv\\\/#\\\/schema\\\/logo\\\/image\\\/\",\"url\":\"https:\\\/\\\/puhdasplus.ee\\\/wp-content\\\/uploads\\\/2019\\\/10\\\/puhdas_logo-arvele.png\",\"contentUrl\":\"https:\\\/\\\/puhdasplus.ee\\\/wp-content\\\/uploads\\\/2019\\\/10\\\/puhdas_logo-arvele.png\",\"width\":114,\"height\":94,\"caption\":\"Puhdas+\"},\"image\":{\"@id\":\"https:\\\/\\\/puhdasplus.ee\\\/lv\\\/#\\\/schema\\\/logo\\\/image\\\/\"},\"sameAs\":[\"https:\\\/\\\/www.facebook.com\\\/puhdasplus\",\"https:\\\/\\\/www.instagram.com\\\/puhdasplus_ee\\\/\"]}]}<\/script>\n<!-- \/ Yoast SEO plugin. -->","yoast_head_json":{"title":"Safr\u0101ns 30 mg 60 kapsulas | Puhdas+","description":"Puhdas+ Safr\u0101ns 30 mg \u2013 standartiz\u0113ts safr\u0101na ekstrakts kapsul\u0101s (600 \u00b5g safran\u0101la). Kvalitat\u012bvs uztura bag\u0101tin\u0101t\u0101js ikdienas lieto\u0161anai. 60 kapsulas.","robots":{"index":"index","follow":"follow","max-snippet":"max-snippet:-1","max-image-preview":"max-image-preview:large","max-video-preview":"max-video-preview:-1"},"canonical":"https:\/\/puhdasplus.ee\/lv\/produkti\/stress-un-miegs\/safrans-30-mg-60-kapsulas\/","og_locale":"lv_LV","og_type":"article","og_title":"Safr\u0101ns 30 mg 60 kapsulas | Puhdas+","og_description":"Puhdas+ Safr\u0101ns 30 mg \u2013 standartiz\u0113ts safr\u0101na ekstrakts kapsul\u0101s (600 \u00b5g safran\u0101la). Kvalitat\u012bvs uztura bag\u0101tin\u0101t\u0101js ikdienas lieto\u0161anai. 60 kapsulas.","og_url":"https:\/\/puhdasplus.ee\/lv\/produkti\/stress-un-miegs\/safrans-30-mg-60-kapsulas\/","og_site_name":"Puhdas+","article_publisher":"https:\/\/www.facebook.com\/puhdasplus","og_image":[{"width":1280,"height":1760,"url":"https:\/\/puhdasplus.ee\/wp-content\/uploads\/2026\/03\/tooted-ilma-taustata-3-copy-6.jpg","type":"image\/jpeg"}],"twitter_card":"summary_large_image","twitter_misc":{"Est. reading time":"1 minute"},"schema":{"@context":"https:\/\/schema.org","@graph":[{"@type":"WebPage","@id":"https:\/\/puhdasplus.ee\/lv\/produkti\/stress-un-miegs\/safrans-30-mg-60-kapsulas\/","url":"https:\/\/puhdasplus.ee\/lv\/produkti\/stress-un-miegs\/safrans-30-mg-60-kapsulas\/","name":"Safr\u0101ns 30 mg 60 kapsulas | Puhdas+","isPartOf":{"@id":"https:\/\/puhdasplus.ee\/lv\/#website"},"primaryImageOfPage":{"@id":"https:\/\/puhdasplus.ee\/lv\/produkti\/stress-un-miegs\/safrans-30-mg-60-kapsulas\/#primaryimage"},"image":{"@id":"https:\/\/puhdasplus.ee\/lv\/produkti\/stress-un-miegs\/safrans-30-mg-60-kapsulas\/#primaryimage"},"thumbnailUrl":"https:\/\/puhdasplus.ee\/wp-content\/uploads\/2026\/03\/tooted-ilma-taustata-3-copy-6.jpg","datePublished":"2026-04-07T07:36:05+00:00","description":"Puhdas+ Safr\u0101ns 30 mg \u2013 standartiz\u0113ts safr\u0101na ekstrakts kapsul\u0101s (600 \u00b5g safran\u0101la). Kvalitat\u012bvs uztura bag\u0101tin\u0101t\u0101js ikdienas lieto\u0161anai. 60 kapsulas.","breadcrumb":{"@id":"https:\/\/puhdasplus.ee\/lv\/produkti\/stress-un-miegs\/safrans-30-mg-60-kapsulas\/#breadcrumb"},"inLanguage":"lv-LV","potentialAction":[{"@type":"ReadAction","target":["https:\/\/puhdasplus.ee\/lv\/produkti\/stress-un-miegs\/safrans-30-mg-60-kapsulas\/"]}]},{"@type":"ImageObject","inLanguage":"lv-LV","@id":"https:\/\/puhdasplus.ee\/lv\/produkti\/stress-un-miegs\/safrans-30-mg-60-kapsulas\/#primaryimage","url":"https:\/\/puhdasplus.ee\/wp-content\/uploads\/2026\/03\/tooted-ilma-taustata-3-copy-6.jpg","contentUrl":"https:\/\/puhdasplus.ee\/wp-content\/uploads\/2026\/03\/tooted-ilma-taustata-3-copy-6.jpg","width":1280,"height":1760,"caption":"Safran 30 mg 60 kapslit"},{"@type":"BreadcrumbList","@id":"https:\/\/puhdasplus.ee\/lv\/produkti\/stress-un-miegs\/safrans-30-mg-60-kapsulas\/#breadcrumb","itemListElement":[{"@type":"ListItem","position":1,"name":"S\u0101kums","item":"https:\/\/puhdasplus.ee\/lv\/"},{"@type":"ListItem","position":2,"name":"Produkti","item":"https:\/\/puhdasplus.ee\/lv\/veikals\/"},{"@type":"ListItem","position":3,"name":"Safr\u0101ns 30 mg 60 kapsulas"}]},{"@type":"WebSite","@id":"https:\/\/puhdasplus.ee\/lv\/#website","url":"https:\/\/puhdasplus.ee\/lv\/","name":"Puhdas+","description":"Vitam\u012bni, uztura bag\u0101tin\u0101t\u0101ji, dab\u012bg\u0101 kosm\u0113tika, vesel\u012bba, sports","publisher":{"@id":"https:\/\/puhdasplus.ee\/lv\/#organization"},"potentialAction":[{"@type":"SearchAction","target":{"@type":"EntryPoint","urlTemplate":"https:\/\/puhdasplus.ee\/lv\/?s={search_term_string}"},"query-input":{"@type":"PropertyValueSpecification","valueRequired":true,"valueName":"search_term_string"}}],"inLanguage":"lv-LV"},{"@type":"Organization","@id":"https:\/\/puhdasplus.ee\/lv\/#organization","name":"Puhdas+","alternateName":"Puhdasplus","url":"https:\/\/puhdasplus.ee\/lv\/","logo":{"@type":"ImageObject","inLanguage":"lv-LV","@id":"https:\/\/puhdasplus.ee\/lv\/#\/schema\/logo\/image\/","url":"https:\/\/puhdasplus.ee\/wp-content\/uploads\/2019\/10\/puhdas_logo-arvele.png","contentUrl":"https:\/\/puhdasplus.ee\/wp-content\/uploads\/2019\/10\/puhdas_logo-arvele.png","width":114,"height":94,"caption":"Puhdas+"},"image":{"@id":"https:\/\/puhdasplus.ee\/lv\/#\/schema\/logo\/image\/"},"sameAs":["https:\/\/www.facebook.com\/puhdasplus","https:\/\/www.instagram.com\/puhdasplus_ee\/"]}]}},"_yoast_wpseo_title":"Safr\u0101ns 30 mg 60 kapsulas | Puhdas+","_yoast_wpseo_metadesc":"Puhdas+ Safr\u0101ns 30 mg \u2013 standartiz\u0113ts safr\u0101na ekstrakts kapsul\u0101s (600 \u00b5g safran\u0101la). Kvalitat\u012bvs uztura bag\u0101tin\u0101t\u0101js ikdienas lieto\u0161anai. 60 kapsulas.","_yoast_wpseo_focuskw":"safr\u0101ns uztura bag\u0101tin\u0101t\u0101js","_links":{"self":[{"href":"https:\/\/puhdasplus.ee\/lv\/wp-json\/wp\/v2\/product\/360324","targetHints":{"allow":["GET"]}}],"collection":[{"href":"https:\/\/puhdasplus.ee\/lv\/wp-json\/wp\/v2\/product"}],"about":[{"href":"https:\/\/puhdasplus.ee\/lv\/wp-json\/wp\/v2\/types\/product"}],"replies":[{"embeddable":true,"href":"https:\/\/puhdasplus.ee\/lv\/wp-json\/wp\/v2\/comments?post=360324"}],"wp:featuredmedia":[{"embeddable":true,"href":"https:\/\/puhdasplus.ee\/lv\/wp-json\/wp\/v2\/media\/360014"}],"wp:attachment":[{"href":"https:\/\/puhdasplus.ee\/lv\/wp-json\/wp\/v2\/media?parent=360324"}],"wp:term":[{"taxonomy":"product_brand","embeddable":true,"href":"https:\/\/puhdasplus.ee\/lv\/wp-json\/wp\/v2\/product_brand?post=360324"},{"taxonomy":"product_cat","embeddable":true,"href":"https:\/\/puhdasplus.ee\/lv\/wp-json\/wp\/v2\/product_cat?post=360324"},{"taxonomy":"product_tag","embeddable":true,"href":"https:\/\/puhdasplus.ee\/lv\/wp-json\/wp\/v2\/product_tag?post=360324"}],"curies":[{"name":"wp","href":"https:\/\/api.w.org\/{rel}","templated":true}]}}