{"id":360308,"date":"2026-03-30T21:51:14","date_gmt":"2026-03-30T18:51:14","guid":{"rendered":"https:\/\/puhdasplus.ee\/tooted\/maaratlemata\/multivitamini-60-kapsulas\/"},"modified":"2026-04-07T10:11:38","modified_gmt":"2026-04-07T07:11:38","slug":"multivitamini-60-kapsulas","status":"publish","type":"product","link":"https:\/\/puhdasplus.ee\/lv\/produkti\/imunsistema\/multivitamini-60-kapsulas\/","title":{"rendered":"Multivitam\u012bni 60 kapsulas"},"content":{"rendered":"<h2><strong>K\u0101p\u0113c izv\u0113l\u0113ties Stipros Multivitam\u012bnus?<\/strong><\/h2>\n<p>&nbsp;<\/p>\n<p><strong>Puhdas+ Stiprie Multivitam\u012bni<\/strong> labi uzs\u016bcami un daudzpus\u012bgi uztura bag\u0101tin\u0101t\u0101ji, kas pal\u012bdz papildin\u0101t ikdienas vitam\u012bnu un miner\u0101lvielu uz\u0146em\u0161anu. Produkts satur r\u016bp\u012bgi izv\u0113l\u0113tus vitam\u012bnus un miner\u0101lvielas, k\u0101 ar\u012b citrusaug\u013cu bioflavono\u012bdus, kas atbalsta organisma ikdienas l\u012bdzsvaru.<\/p>\n<p class=\"p1\">Nesatur laktoze, glut\u0113nu, raudz\u0113jumu, cukuru vai sojas produktus. Piem\u0113rots veg\u0101niem un ir \u0113rts \u201cviss vien\u0101\" risin\u0101jums ikdienas lieto\u0161anai.<\/p>\n<p>&nbsp;<\/p>\n<h2><strong>Ko \u0161is produkts satur un atbalsta?<\/strong><\/h2>\n<p>&nbsp;<\/p>\n<ul>\n<li>C vitam\u012bns pal\u012bdz norm\u0101li funkcion\u0113t im\u016bnsist\u0113mai<\/li>\n<li>D vitam\u012bns pal\u012bdz norm\u0101li funkcion\u0113t im\u016bnsist\u0113mai<\/li>\n<li>B2, B6 un B12 vitam\u012bni pal\u012bdz mazin\u0101t nogurumu un nesp\u0113ku<\/li>\n<li>Dzelzs pal\u012bdz norm\u0101lam sk\u0101bek\u013ca transportam organism\u0101<\/li>\n<li>Cinks pal\u012bdz norm\u0101li funkcion\u0113t im\u016bnsist\u0113mai<\/li>\n<li>Sel\u0113ns pal\u012bdz aizsarg\u0101t \u0161\u016bnas pret oksidat\u012bvo stresu<\/li>\n<li>Jods pal\u012bdz norm\u0101lam ener\u0123ijas mai\u0146as procesam<\/li>\n<\/ul>\n<p>&nbsp;<\/p>\n<h2><strong>Sast\u0101vda\u013cas <\/strong><\/h2>\n<p>&nbsp;<\/p>\n<p class=\"p1\">Pildviela (mikrokrist\u0101lisk\u0101 celuloze), kapsula (hidroksipropilmetilceluloze, d\u017eell\u0101na sve\u0137i), L-askorb\u012bnsk\u0101be, citrusaug\u013cu bioflavono\u012bdi, cinka bisglicinats, dzelzs fumar\u0101ts, L-selenometion\u012bns, holekalciferols, b\u0113takarot\u012bns, metilkobalam\u012bns, piridoks\u012bna hidrohlor\u012bds, riboflav\u012bns, folsk\u0101be, k\u0101lija jod\u012bds.<\/p>\n<p>Nesatur pienu, laktoze, raudz\u0113jumu vai glut\u0113nu. Nesatur cukuru, s\u0101li, sojas produktus vai saldin\u0101t\u0101jus.<\/p>\n<p>&nbsp;<\/p>\n<h2 class=\"p1\"><b>Uzturv\u0113rt\u012bba uz vienu kapsulu<\/b><\/h2>\n<p>&nbsp;<\/p>\n<p class=\"p1\"><b><\/b>A vitam\u012bns 120 \u00b5g (15% NRV)<\/p>\n<p class=\"p1\">B2 vitam\u012bns 0,8 mg (57% NRV)<\/p>\n<p class=\"p1\">B6 vitam\u012bns 1 mg (71% NRV)<\/p>\n<p class=\"p1\">B12 vitam\u012bns 10 \u00b5g (400% NRV)<\/p>\n<p class=\"p1\">folsk\u0101be 100 \u00b5g (50% NRV)<\/p>\n<p class=\"p1\">C vitam\u012bns 40 mg (50% NRV)<\/p>\n<p class=\"p1\">D vitam\u012bns 10 \u00b5g (200% NRV)<\/p>\n<p class=\"p1\">cinks 5 mg (50% NRV)<\/p>\n<p class=\"p1\">dzelzs 6 mg (43% NRV)<\/p>\n<p class=\"p1\">sel\u0113ns 30 \u00b5g (55% NRV)<\/p>\n<p class=\"p1\">jods 75 \u00b5g (50% NRV)<\/p>\n<p class=\"p1\">citrusaug\u013cu bioflavono\u012bdi 40 mg<\/p>\n<p class=\"p1\">*NRV \u2013 no dienas atsauces v\u0113rt\u012bbas pieaugu\u0161ajiem<\/p>\n<p>&nbsp;<\/p>\n<h2><strong>Lieto\u0161anas nor\u0101d\u012bjumi<\/strong><\/h2>\n<p>Ieteicam\u0101 dienas deva: 1 kapsula dien\u0101 kop\u0101 ar \u0113dienu<\/p>\n<p>&nbsp;<\/p>\n<h2><strong>Br\u012bdin\u0101jumi un uzglab\u0101\u0161ana<\/strong><\/h2>\n<ul>\n<li>Uzglab\u0101t b\u0113rniem nepieejam\u0101 viet\u0101.<\/li>\n<li>Uzglab\u0101t saus\u0101, v\u0113s\u0101 viet\u0101, pasarg\u0101jot no tie\u0161iem saules stariem.<\/li>\n<li>Nep\u0101rsniegt ieteicamo dienas devu.<\/li>\n<li>Neizmantot daudzveid\u012bga uztura aizst\u0101\u0161anai. Uztura bag\u0101tin\u0101t\u0101js neaizst\u0101j daudzveid\u012bgu un sabalans\u0113tu uzturu, k\u0101 ar\u012b vesel\u012bgu dz\u012bvesveidu.<\/li>\n<\/ul>\n<p>&nbsp;<\/p>\n<h2><strong>Neto svars <\/strong><\/h2>\n<p>23 g (60 kapsulas)<\/p>\n<p>&nbsp;<\/p>\n<h2><strong>Bie\u017e\u0101k uzdotie jaut\u0101jumi<\/strong><\/h2>\n<ul>\n<li><strong>Vai to var lietot kop\u0101 ar citiem uztura bag\u0101tin\u0101t\u0101jiem?  <\/strong>Parasti var, bet j\u0101seko l\u012bdzi, lai t\u0101 pa\u0161a vitam\u012bna vai miner\u0101lvielas daudzums nek\u013c\u016btu p\u0101r\u0101k liels. Nepiecie\u0161am\u012bbas gad\u012bjum\u0101 konsult\u0113jieties ar speci\u0101listu.<\/li>\n<li><b>Kad ir lab\u0101kais laiks to lietot?  <\/b>Ieteicams lietot kapsulu kop\u0101 ar \u0113dienu, piem\u0113ram, brokast\u012bs vai pusdienu laik\u0101.<\/li>\n<li><b><b>Vai tas ir piem\u0113rots cilv\u0113kiem ar jut\u012bgu gremo\u0161anu? <\/b><\/b>Produkts satur labi uzs\u016bcamus vitam\u012bnus un miner\u0101lvielas un parasti tiek labi panestas. Ja jums ir jut\u012bga gremo\u0161ana, nepiecie\u0161am\u012bbas gad\u012bjum\u0101 s\u0101ciet ar maz\u0101ku daudzumu.<\/li>\n<li><b><b>Vai tas ir piem\u0113rots lieto\u0161anai visu gadu? <\/b><\/b>J\u0101, \u0161ie multivitam\u012bni ir piem\u0113roti lieto\u0161anai visu gadu, lai atbalst\u012btu organisma ikdienas vitam\u012bnu un miner\u0101lvielu l\u012bdzsvaru.<\/li>\n<\/ul>\n<table>\n<tbody>\n<tr>\n<td style=\"text-align: center;\"><img decoding=\"async\" class=\"alignnone wp-image-360123\" src=\"https:\/\/puhdasplus.ee\/wp-content\/uploads\/2019\/10\/suhkruvaba-2-150x150.png\" alt=\"suhkruvaba\" width=\"80\" height=\"80\" \/><br \/>\n<strong>Bez cukura<\/strong><\/td>\n<td style=\"text-align: center;\"><img decoding=\"async\" class=\"alignnone wp-image-360121\" src=\"https:\/\/puhdasplus.ee\/wp-content\/uploads\/2019\/10\/varvainetevaba-150x150.avif\" alt=\"v\u00e4rvainete vaba\" width=\"80\" height=\"80\" \/><br \/>\n<strong>Bez kr\u0101sviel\u0101m<\/strong><\/td>\n<td style=\"text-align: center;\"><img decoding=\"async\" class=\"alignnone wp-image-360122\" src=\"https:\/\/puhdasplus.ee\/wp-content\/uploads\/2019\/10\/vegan-150x150.png\" alt=\"vegan\" width=\"80\" height=\"80\" \/><br \/>\n<strong>100% Veg\u0101ns<\/strong><\/td>\n<\/tr>\n<\/tbody>\n<\/table>\n<p>&nbsp;<\/p>\n","protected":false},"excerpt":{"rendered":"<p class=\"p1\"><b>Vai mekl\u0113jat vienk\u0101r\u0161u veidu, k\u0101 atbalst\u012bt savu ikdienas pa\u0161saj\u016btu un ener\u0123ijas l\u012bmeni?<\/b><\/p>\n<p class=\"p1\">Stiprie Multivitam\u012bni ir uztura bag\u0101tin\u0101t\u0101js, kur\u0101 ir vienpadsmit <span class=\"s1\"> svar\u012bgi vitam\u012bni un miner\u0101lvielas<\/span> kop\u0101 ar citrusaug\u013cu bioflavono\u012bdiem, kas pal\u012bdz <span class=\"s1\"><b>im\u016bnsist\u0113mai <\/b>norm\u0101li funkcion\u0113t <\/span>un <span class=\"s1\">mazina <b>nogurumu <\/b>un <b>nesp\u0113ku<\/b><\/span>.<\/p>\n<p class=\"p1\">Labi uzs\u016bcam\u0101s formas un sabalans\u0113tais sast\u0101vs atbalsta organisma ikdienas darb\u012bbu un pal\u012bdz uztur\u0113t \u0137erme\u0146a l\u012bdzsvaru ar\u012b dz\u012bves intens\u012bvos periodos. <span class=\"s1\">\u0112rti viena kapsula dien\u0101<\/span> padara lieto\u0161anu vienk\u0101r\u0161u un konsekventi. Piem\u0113rots veg\u0101niem un ikdienas lieto\u0161anai visu gadu.<\/p>\n<p>&nbsp;<\/p>\n","protected":false},"featured_media":360778,"comment_status":"open","ping_status":"closed","template":"","meta":{"_acf_changed":false,"googlesitekit_rrm_CAow3eq7DA:productID":""},"product_brand":[],"product_cat":[3066,3205],"product_tag":[8345,3042,3041,8544,8373,3206,2974],"class_list":{"0":"post-360308","1":"product","2":"type-product","3":"status-publish","4":"has-post-thumbnail","6":"product_cat-imunsistema","7":"product_cat-vitamini","8":"product_tag-bez-glutna-lv","9":"product_tag-energija-lv","10":"product_tag-imunitate","11":"product_tag-multivitamins","12":"product_tag-somijas-kvalitte-lv","13":"product_tag-uztura-bagatinatajs","14":"product_tag-vegans","16":"first","17":"onbackorder","18":"taxable","19":"shipping-taxable","20":"purchasable","21":"product-type-simple"},"acf":[],"yoast_head":"<!-- This site is optimized with the Yoast SEO plugin v27.3 - https:\/\/yoast.com\/product\/yoast-seo-wordpress\/ -->\n<title>Multivitam\u012bni 60 kapsulas | Puhdas+<\/title>\n<meta name=\"description\" content=\"Puhdas+ Multivitam\u012bni \u2013 11 vitam\u012bni un miner\u0101lvielas vien\u0101 kapsul\u0101. Veg\u0101ns un bez piedev\u0101m uztura bag\u0101tin\u0101t\u0101js ikdienas lieto\u0161anai. 60 kapsulas.\" \/>\n<meta name=\"robots\" content=\"index, follow, max-snippet:-1, max-image-preview:large, max-video-preview:-1\" \/>\n<link rel=\"canonical\" href=\"https:\/\/puhdasplus.ee\/lv\/produkti\/imunsistema\/multivitamini-60-kapsulas\/\" \/>\n<meta property=\"og:locale\" content=\"lv_LV\" \/>\n<meta property=\"og:type\" content=\"article\" \/>\n<meta property=\"og:title\" content=\"Multivitam\u012bni 60 kapsulas | Puhdas+\" \/>\n<meta property=\"og:description\" content=\"Puhdas+ Multivitam\u012bni \u2013 11 vitam\u012bni un miner\u0101lvielas vien\u0101 kapsul\u0101. Veg\u0101ns un bez piedev\u0101m uztura bag\u0101tin\u0101t\u0101js ikdienas lieto\u0161anai. 60 kapsulas.\" \/>\n<meta property=\"og:url\" content=\"https:\/\/puhdasplus.ee\/lv\/produkti\/imunsistema\/multivitamini-60-kapsulas\/\" \/>\n<meta property=\"og:site_name\" content=\"Puhdas+\" \/>\n<meta property=\"article:publisher\" content=\"https:\/\/www.facebook.com\/puhdasplus\" \/>\n<meta property=\"article:modified_time\" content=\"2026-04-07T07:11:38+00:00\" \/>\n<meta property=\"og:image\" content=\"https:\/\/puhdasplus.ee\/wp-content\/uploads\/2026\/03\/tooted-ilma-taustata-3-copy-2.jpg\" \/>\n\t<meta property=\"og:image:width\" content=\"1280\" \/>\n\t<meta property=\"og:image:height\" content=\"1760\" \/>\n\t<meta property=\"og:image:type\" content=\"image\/jpeg\" \/>\n<meta name=\"twitter:card\" content=\"summary_large_image\" \/>\n<meta name=\"twitter:label1\" content=\"Est. reading time\" \/>\n\t<meta name=\"twitter:data1\" content=\"3 min\u016btes\" \/>\n<script type=\"application\/ld+json\" class=\"yoast-schema-graph\">{\"@context\":\"https:\\\/\\\/schema.org\",\"@graph\":[{\"@type\":\"WebPage\",\"@id\":\"https:\\\/\\\/puhdasplus.ee\\\/lv\\\/produkti\\\/imunsistema\\\/multivitamini-60-kapsulas\\\/\",\"url\":\"https:\\\/\\\/puhdasplus.ee\\\/lv\\\/produkti\\\/imunsistema\\\/multivitamini-60-kapsulas\\\/\",\"name\":\"Multivitam\u012bni 60 kapsulas | Puhdas+\",\"isPartOf\":{\"@id\":\"https:\\\/\\\/puhdasplus.ee\\\/lv\\\/#website\"},\"primaryImageOfPage\":{\"@id\":\"https:\\\/\\\/puhdasplus.ee\\\/lv\\\/produkti\\\/imunsistema\\\/multivitamini-60-kapsulas\\\/#primaryimage\"},\"image\":{\"@id\":\"https:\\\/\\\/puhdasplus.ee\\\/lv\\\/produkti\\\/imunsistema\\\/multivitamini-60-kapsulas\\\/#primaryimage\"},\"thumbnailUrl\":\"https:\\\/\\\/puhdasplus.ee\\\/wp-content\\\/uploads\\\/2026\\\/03\\\/tooted-ilma-taustata-3-copy-2.jpg\",\"datePublished\":\"2026-03-30T18:51:14+00:00\",\"dateModified\":\"2026-04-07T07:11:38+00:00\",\"description\":\"Puhdas+ Multivitam\u012bni \u2013 11 vitam\u012bni un miner\u0101lvielas vien\u0101 kapsul\u0101. Veg\u0101ns un bez piedev\u0101m uztura bag\u0101tin\u0101t\u0101js ikdienas lieto\u0161anai. 60 kapsulas.\",\"breadcrumb\":{\"@id\":\"https:\\\/\\\/puhdasplus.ee\\\/lv\\\/produkti\\\/imunsistema\\\/multivitamini-60-kapsulas\\\/#breadcrumb\"},\"inLanguage\":\"lv-LV\",\"potentialAction\":[{\"@type\":\"ReadAction\",\"target\":[\"https:\\\/\\\/puhdasplus.ee\\\/lv\\\/produkti\\\/imunsistema\\\/multivitamini-60-kapsulas\\\/\"]}]},{\"@type\":\"ImageObject\",\"inLanguage\":\"lv-LV\",\"@id\":\"https:\\\/\\\/puhdasplus.ee\\\/lv\\\/produkti\\\/imunsistema\\\/multivitamini-60-kapsulas\\\/#primaryimage\",\"url\":\"https:\\\/\\\/puhdasplus.ee\\\/wp-content\\\/uploads\\\/2026\\\/03\\\/tooted-ilma-taustata-3-copy-2.jpg\",\"contentUrl\":\"https:\\\/\\\/puhdasplus.ee\\\/wp-content\\\/uploads\\\/2026\\\/03\\\/tooted-ilma-taustata-3-copy-2.jpg\",\"width\":1280,\"height\":1760,\"caption\":\"Multivitamiin 60 kapslit\"},{\"@type\":\"BreadcrumbList\",\"@id\":\"https:\\\/\\\/puhdasplus.ee\\\/lv\\\/produkti\\\/imunsistema\\\/multivitamini-60-kapsulas\\\/#breadcrumb\",\"itemListElement\":[{\"@type\":\"ListItem\",\"position\":1,\"name\":\"S\u0101kums\",\"item\":\"https:\\\/\\\/puhdasplus.ee\\\/lv\\\/\"},{\"@type\":\"ListItem\",\"position\":2,\"name\":\"Produkti\",\"item\":\"https:\\\/\\\/puhdasplus.ee\\\/lv\\\/veikals\\\/\"},{\"@type\":\"ListItem\",\"position\":3,\"name\":\"Multivitam\u012bni 60 kapsulas\"}]},{\"@type\":\"WebSite\",\"@id\":\"https:\\\/\\\/puhdasplus.ee\\\/lv\\\/#website\",\"url\":\"https:\\\/\\\/puhdasplus.ee\\\/lv\\\/\",\"name\":\"Puhdas+\",\"description\":\"Vitam\u012bni, uztura bag\u0101tin\u0101t\u0101ji, dab\u012bg\u0101 kosm\u0113tika, vesel\u012bba, sports\",\"publisher\":{\"@id\":\"https:\\\/\\\/puhdasplus.ee\\\/lv\\\/#organization\"},\"potentialAction\":[{\"@type\":\"SearchAction\",\"target\":{\"@type\":\"EntryPoint\",\"urlTemplate\":\"https:\\\/\\\/puhdasplus.ee\\\/lv\\\/?s={search_term_string}\"},\"query-input\":{\"@type\":\"PropertyValueSpecification\",\"valueRequired\":true,\"valueName\":\"search_term_string\"}}],\"inLanguage\":\"lv-LV\"},{\"@type\":\"Organization\",\"@id\":\"https:\\\/\\\/puhdasplus.ee\\\/lv\\\/#organization\",\"name\":\"Puhdas+\",\"alternateName\":\"Puhdasplus\",\"url\":\"https:\\\/\\\/puhdasplus.ee\\\/lv\\\/\",\"logo\":{\"@type\":\"ImageObject\",\"inLanguage\":\"lv-LV\",\"@id\":\"https:\\\/\\\/puhdasplus.ee\\\/lv\\\/#\\\/schema\\\/logo\\\/image\\\/\",\"url\":\"https:\\\/\\\/puhdasplus.ee\\\/wp-content\\\/uploads\\\/2019\\\/10\\\/puhdas_logo-arvele.png\",\"contentUrl\":\"https:\\\/\\\/puhdasplus.ee\\\/wp-content\\\/uploads\\\/2019\\\/10\\\/puhdas_logo-arvele.png\",\"width\":114,\"height\":94,\"caption\":\"Puhdas+\"},\"image\":{\"@id\":\"https:\\\/\\\/puhdasplus.ee\\\/lv\\\/#\\\/schema\\\/logo\\\/image\\\/\"},\"sameAs\":[\"https:\\\/\\\/www.facebook.com\\\/puhdasplus\",\"https:\\\/\\\/www.instagram.com\\\/puhdasplus_ee\\\/\"]}]}<\/script>\n<!-- \/ Yoast SEO plugin. -->","yoast_head_json":{"title":"Multivitam\u012bni 60 kapsulas | Puhdas+","description":"Puhdas+ Multivitam\u012bni \u2013 11 vitam\u012bni un miner\u0101lvielas vien\u0101 kapsul\u0101. Veg\u0101ns un bez piedev\u0101m uztura bag\u0101tin\u0101t\u0101js ikdienas lieto\u0161anai. 60 kapsulas.","robots":{"index":"index","follow":"follow","max-snippet":"max-snippet:-1","max-image-preview":"max-image-preview:large","max-video-preview":"max-video-preview:-1"},"canonical":"https:\/\/puhdasplus.ee\/lv\/produkti\/imunsistema\/multivitamini-60-kapsulas\/","og_locale":"lv_LV","og_type":"article","og_title":"Multivitam\u012bni 60 kapsulas | Puhdas+","og_description":"Puhdas+ Multivitam\u012bni \u2013 11 vitam\u012bni un miner\u0101lvielas vien\u0101 kapsul\u0101. Veg\u0101ns un bez piedev\u0101m uztura bag\u0101tin\u0101t\u0101js ikdienas lieto\u0161anai. 60 kapsulas.","og_url":"https:\/\/puhdasplus.ee\/lv\/produkti\/imunsistema\/multivitamini-60-kapsulas\/","og_site_name":"Puhdas+","article_publisher":"https:\/\/www.facebook.com\/puhdasplus","article_modified_time":"2026-04-07T07:11:38+00:00","og_image":[{"width":1280,"height":1760,"url":"https:\/\/puhdasplus.ee\/wp-content\/uploads\/2026\/03\/tooted-ilma-taustata-3-copy-2.jpg","type":"image\/jpeg"}],"twitter_card":"summary_large_image","twitter_misc":{"Est. reading time":"3 min\u016btes"},"schema":{"@context":"https:\/\/schema.org","@graph":[{"@type":"WebPage","@id":"https:\/\/puhdasplus.ee\/lv\/produkti\/imunsistema\/multivitamini-60-kapsulas\/","url":"https:\/\/puhdasplus.ee\/lv\/produkti\/imunsistema\/multivitamini-60-kapsulas\/","name":"Multivitam\u012bni 60 kapsulas | Puhdas+","isPartOf":{"@id":"https:\/\/puhdasplus.ee\/lv\/#website"},"primaryImageOfPage":{"@id":"https:\/\/puhdasplus.ee\/lv\/produkti\/imunsistema\/multivitamini-60-kapsulas\/#primaryimage"},"image":{"@id":"https:\/\/puhdasplus.ee\/lv\/produkti\/imunsistema\/multivitamini-60-kapsulas\/#primaryimage"},"thumbnailUrl":"https:\/\/puhdasplus.ee\/wp-content\/uploads\/2026\/03\/tooted-ilma-taustata-3-copy-2.jpg","datePublished":"2026-03-30T18:51:14+00:00","dateModified":"2026-04-07T07:11:38+00:00","description":"Puhdas+ Multivitam\u012bni \u2013 11 vitam\u012bni un miner\u0101lvielas vien\u0101 kapsul\u0101. Veg\u0101ns un bez piedev\u0101m uztura bag\u0101tin\u0101t\u0101js ikdienas lieto\u0161anai. 60 kapsulas.","breadcrumb":{"@id":"https:\/\/puhdasplus.ee\/lv\/produkti\/imunsistema\/multivitamini-60-kapsulas\/#breadcrumb"},"inLanguage":"lv-LV","potentialAction":[{"@type":"ReadAction","target":["https:\/\/puhdasplus.ee\/lv\/produkti\/imunsistema\/multivitamini-60-kapsulas\/"]}]},{"@type":"ImageObject","inLanguage":"lv-LV","@id":"https:\/\/puhdasplus.ee\/lv\/produkti\/imunsistema\/multivitamini-60-kapsulas\/#primaryimage","url":"https:\/\/puhdasplus.ee\/wp-content\/uploads\/2026\/03\/tooted-ilma-taustata-3-copy-2.jpg","contentUrl":"https:\/\/puhdasplus.ee\/wp-content\/uploads\/2026\/03\/tooted-ilma-taustata-3-copy-2.jpg","width":1280,"height":1760,"caption":"Multivitamiin 60 kapslit"},{"@type":"BreadcrumbList","@id":"https:\/\/puhdasplus.ee\/lv\/produkti\/imunsistema\/multivitamini-60-kapsulas\/#breadcrumb","itemListElement":[{"@type":"ListItem","position":1,"name":"S\u0101kums","item":"https:\/\/puhdasplus.ee\/lv\/"},{"@type":"ListItem","position":2,"name":"Produkti","item":"https:\/\/puhdasplus.ee\/lv\/veikals\/"},{"@type":"ListItem","position":3,"name":"Multivitam\u012bni 60 kapsulas"}]},{"@type":"WebSite","@id":"https:\/\/puhdasplus.ee\/lv\/#website","url":"https:\/\/puhdasplus.ee\/lv\/","name":"Puhdas+","description":"Vitam\u012bni, uztura bag\u0101tin\u0101t\u0101ji, dab\u012bg\u0101 kosm\u0113tika, vesel\u012bba, sports","publisher":{"@id":"https:\/\/puhdasplus.ee\/lv\/#organization"},"potentialAction":[{"@type":"SearchAction","target":{"@type":"EntryPoint","urlTemplate":"https:\/\/puhdasplus.ee\/lv\/?s={search_term_string}"},"query-input":{"@type":"PropertyValueSpecification","valueRequired":true,"valueName":"search_term_string"}}],"inLanguage":"lv-LV"},{"@type":"Organization","@id":"https:\/\/puhdasplus.ee\/lv\/#organization","name":"Puhdas+","alternateName":"Puhdasplus","url":"https:\/\/puhdasplus.ee\/lv\/","logo":{"@type":"ImageObject","inLanguage":"lv-LV","@id":"https:\/\/puhdasplus.ee\/lv\/#\/schema\/logo\/image\/","url":"https:\/\/puhdasplus.ee\/wp-content\/uploads\/2019\/10\/puhdas_logo-arvele.png","contentUrl":"https:\/\/puhdasplus.ee\/wp-content\/uploads\/2019\/10\/puhdas_logo-arvele.png","width":114,"height":94,"caption":"Puhdas+"},"image":{"@id":"https:\/\/puhdasplus.ee\/lv\/#\/schema\/logo\/image\/"},"sameAs":["https:\/\/www.facebook.com\/puhdasplus","https:\/\/www.instagram.com\/puhdasplus_ee\/"]}]}},"_yoast_wpseo_title":"Multivitam\u012bni 60 kapsulas | Puhdas+","_yoast_wpseo_metadesc":"Puhdas+ Multivitam\u012bni \u2013 11 vitam\u012bni un miner\u0101lvielas vien\u0101 kapsul\u0101. Veg\u0101ns un bez piedev\u0101m uztura bag\u0101tin\u0101t\u0101js ikdienas lieto\u0161anai. 60 kapsulas.","_yoast_wpseo_focuskw":"multivitam\u012bni kapsulas","_links":{"self":[{"href":"https:\/\/puhdasplus.ee\/lv\/wp-json\/wp\/v2\/product\/360308","targetHints":{"allow":["GET"]}}],"collection":[{"href":"https:\/\/puhdasplus.ee\/lv\/wp-json\/wp\/v2\/product"}],"about":[{"href":"https:\/\/puhdasplus.ee\/lv\/wp-json\/wp\/v2\/types\/product"}],"replies":[{"embeddable":true,"href":"https:\/\/puhdasplus.ee\/lv\/wp-json\/wp\/v2\/comments?post=360308"}],"wp:featuredmedia":[{"embeddable":true,"href":"https:\/\/puhdasplus.ee\/lv\/wp-json\/wp\/v2\/media\/360778"}],"wp:attachment":[{"href":"https:\/\/puhdasplus.ee\/lv\/wp-json\/wp\/v2\/media?parent=360308"}],"wp:term":[{"taxonomy":"product_brand","embeddable":true,"href":"https:\/\/puhdasplus.ee\/lv\/wp-json\/wp\/v2\/product_brand?post=360308"},{"taxonomy":"product_cat","embeddable":true,"href":"https:\/\/puhdasplus.ee\/lv\/wp-json\/wp\/v2\/product_cat?post=360308"},{"taxonomy":"product_tag","embeddable":true,"href":"https:\/\/puhdasplus.ee\/lv\/wp-json\/wp\/v2\/product_tag?post=360308"}],"curies":[{"name":"wp","href":"https:\/\/api.w.org\/{rel}","templated":true}]}}