{"id":360303,"date":"2026-03-30T21:50:06","date_gmt":"2026-03-30T18:50:06","guid":{"rendered":"https:\/\/puhdasplus.ee\/tooted\/maaratlemata\/kalcijs-un-magnijs-k2-d3-90-kapsulas\/"},"modified":"2026-04-07T10:09:31","modified_gmt":"2026-04-07T07:09:31","slug":"kalcijs-un-magnijs-k2-d3-90-kapsulas","status":"publish","type":"product","link":"https:\/\/puhdasplus.ee\/lv\/produkti\/minerali\/kalcijs-un-magnijs-k2-d3-90-kapsulas\/","title":{"rendered":"Kalcijs un Magnijs + K2 + D3 90 kapsulas"},"content":{"rendered":"<h2><strong>K\u0101p\u0113c izv\u0113l\u0113ties Puhdas+ Kalcijs &amp; Magnijs + K2 + D3 ?<\/strong><\/h2>\n<p>Daudzpus\u012bgs uztura bag\u0101tin\u0101t\u0101js satur r\u016bp\u012bgi izv\u0113l\u0113tus uzturvielas organisma visaptvero\u0161ai atbalstam. Kalcijs un magnijs veicina kaulu un musku\u013cu norm\u0101lu darb\u012bbu, savuk\u0101rt K2 un D3 vitam\u012bni pal\u012bdz kalcijam uzs\u016bkties un non\u0101kt pareizaj\u0101 viet\u0101 \u2013 kaulos.<\/p>\n<ul>\n<li><strong>Kauliem un musku\u013ciem:<\/strong> Kalcijs un magnijs kop\u0101 atbalsta stiprus kaulus un norm\u0101lu musku\u013cu funkciju<\/li>\n<li><strong>Pret nogurumu:<\/strong> Magnijs pal\u012bdz samazin\u0101t nogurumu un nesp\u0113ku, k\u0101 ar\u012b atbalsta norm\u0101lu ener\u0123ijas metabolismu<\/li>\n<li><strong>Im\u016bnsist\u0113mai:<\/strong> D3 vitam\u012bns atbalsta im\u016bnsist\u0113mas norm\u0101lu darb\u012bbu<\/li>\n<li><strong>K2 vitam\u012bns:<\/strong> Pal\u012bdz virz\u012bt kalciju uz kauliem<\/li>\n<\/ul>\n<p>Nesatur lieko piedevu. Bez glut\u0113na un laktozes. Ra\u017eots Somij\u0101.<\/p>\n<p>&nbsp;<\/p>\n<h2><strong>Lieto\u0161anas instrukcija<\/strong><\/h2>\n<p>3\u20134 kapsulas dien\u0101. Ieteicamo dienas devu nedr\u012bkst p\u0101rsniegt.<\/p>\n<p>&nbsp;<\/p>\n<h2><strong>Sast\u0101vs<\/strong><\/h2>\n<p>Kalcija citr\u0101ts, kapsula (stabilizators: hidroksipropilmetilceluloze), magnija citr\u0101ts, menahinona prepar\u0101ts (MK-7), holekalciferols.<\/p>\n<p>Nesatur pienu, laktozi, raugus vai glut\u0113nu. Nesatur cukuru, s\u0101li vai saldin\u0101t\u0101jus.<\/p>\n<p>&nbsp;<\/p>\n<h2><strong>Uzturv\u0113rt\u012bba<\/strong><\/h2>\n<table>\n<thead>\n<tr>\n<th>Uzturv\u0113rt\u012bba<\/th>\n<th>3 kapsulas \u2013 4 kapsulas<\/th>\n<\/tr>\n<\/thead>\n<tbody>\n<tr>\n<td>Kalcijs<\/td>\n<td>375\u2013500 mg (31\u201362%*)<\/td>\n<\/tr>\n<tr>\n<td>Magnijs<\/td>\n<td>75\u2013100 mg (20\u201326%*)<\/td>\n<\/tr>\n<tr>\n<td>K2 vitam\u012bns<\/td>\n<td>37,5\u201350 \u00b5g (50\u201366%*)<\/td>\n<\/tr>\n<tr>\n<td>D3 vitam\u012bns<\/td>\n<td>7,5\u201310 \u00b5g (150\u2013200%*)<\/td>\n<\/tr>\n<\/tbody>\n<\/table>\n<p>*% no dienas uz\u0146em\u0161anas references v\u0113rt\u012bbas.<\/p>\n<p>&nbsp;<\/p>\n<h2><strong>Br\u012bdin\u0101jumi<\/strong><\/h2>\n<p>Glab\u0101t b\u0113rniem nepieejam\u0101 viet\u0101. Uztura bag\u0101tin\u0101t\u0101js neaizst\u0101j daudzveid\u012bgu un sabalans\u0113tu uzturu, k\u0101 ar\u012b vesel\u012bgu dz\u012bvesveidu. Nep\u0101rsniedziet ieteicamo dienas devu.<\/p>\n<p>&nbsp;<\/p>\n<h2><strong>Glab\u0101\u0161ana<\/strong><\/h2>\n<p class=\"p1\">Glab\u0101t saus\u0101 un v\u0113s\u0101 viet\u0101, pasarg\u0101tu no tie\u0161iem saules stariem.<\/p>\n<h2><b>Neto saturs<\/b><\/h2>\n<p class=\"p1\">79 g (90 kapsulas)<\/p>\n<h2><b>Bie\u017e\u0101k uzdotie jaut\u0101jumi<\/b><\/h2>\n<ul>\n<li><b>K\u0101p\u0113c lietot kalciju un magniju kop\u0101? <\/b>Kalcijs un magnijs ir miner\u0101lvielas, kas piedal\u0101s daudzos organisma norm\u0101los procesos, tai skait\u0101 kaulu un musku\u013cu darb\u012bb\u0101. Lieto\u0161ana kop\u0101 ir \u0113rts veids to ikdienas uz\u0146em\u0161anai.<\/li>\n<li><b>Ar ko \u0161is produkts at\u0161\u0137iras no parast\u0101 kalcija? <\/b>Papildus kalcijam produkts satur ar\u012b magniju, k\u0101 ar\u012b K2 un D3 vitam\u012bnus, kas piedal\u0101s kalcija metabolism\u0101. Tas padara produktu par daudzpus\u012bgu izv\u0113li ikdienas lieto\u0161anai.<\/li>\n<\/ul>\n","protected":false},"excerpt":{"rendered":"<p><b>Puhdas+ Kalcijs &amp; Magnijs + K2 + D3 90 kapsulas<\/b> \u2013 piln\u012bga kombin\u0101cija kaulu, zobu un musku\u013cu vesel\u012bbai. D3 veicina kalcija uzs\u016bk\u0161anos, K2 to virza uz kauliem.<\/p>\n","protected":false},"featured_media":360826,"comment_status":"open","ping_status":"closed","template":"","meta":{"_acf_changed":false,"googlesitekit_rrm_CAow3eq7DA:productID":""},"product_brand":[],"product_cat":[3483,3200,3205],"product_tag":[8345,3203,8365,3225,8373,3206],"class_list":{"0":"post-360303","1":"product","2":"type-product","3":"status-publish","4":"has-post-thumbnail","6":"product_cat-locitavas-muskuli-un-kauli","7":"product_cat-minerali","8":"product_cat-vitamini","9":"product_tag-bez-glutna-lv","10":"product_tag-magnijs","11":"product_tag-minerlvielas-lv","12":"product_tag-muskuli-un-locitavas","13":"product_tag-somijas-kvalitte-lv","14":"product_tag-uztura-bagatinatajs","16":"first","17":"onbackorder","18":"taxable","19":"shipping-taxable","20":"purchasable","21":"product-type-simple"},"acf":[],"yoast_head":"<!-- This site is optimized with the Yoast SEO plugin v27.3 - https:\/\/yoast.com\/product\/yoast-seo-wordpress\/ -->\n<title>Kalcijs &amp; Magnijs + K2 + D3 90 kapsulas | Puhdas+<\/title>\n<meta name=\"description\" content=\"Puhdas+ Kalcijs &amp; Magnijs ar K2 un D3 vitam\u012bniem \u2013 atbalsta kaulus, musku\u013cu darb\u012bbu un imunit\u0101ti. Labi uzs\u016bcams uztura bag\u0101tin\u0101t\u0101js, 90 kapsulas.\" \/>\n<meta name=\"robots\" content=\"index, follow, max-snippet:-1, max-image-preview:large, max-video-preview:-1\" \/>\n<link rel=\"canonical\" href=\"https:\/\/puhdasplus.ee\/lv\/produkti\/minerali\/kalcijs-un-magnijs-k2-d3-90-kapsulas\/\" \/>\n<meta property=\"og:locale\" content=\"lv_LV\" \/>\n<meta property=\"og:type\" content=\"article\" \/>\n<meta property=\"og:title\" content=\"Kalcijs &amp; Magnijs + K2 + D3 90 kapsulas | Puhdas+\" \/>\n<meta property=\"og:description\" content=\"Puhdas+ Kalcijs &amp; Magnijs ar K2 un D3 vitam\u012bniem \u2013 atbalsta kaulus, musku\u013cu darb\u012bbu un imunit\u0101ti. Labi uzs\u016bcams uztura bag\u0101tin\u0101t\u0101js, 90 kapsulas.\" \/>\n<meta property=\"og:url\" content=\"https:\/\/puhdasplus.ee\/lv\/produkti\/minerali\/kalcijs-un-magnijs-k2-d3-90-kapsulas\/\" \/>\n<meta property=\"og:site_name\" content=\"Puhdas+\" \/>\n<meta property=\"article:publisher\" content=\"https:\/\/www.facebook.com\/puhdasplus\" \/>\n<meta property=\"article:modified_time\" content=\"2026-04-07T07:09:31+00:00\" \/>\n<meta property=\"og:image\" content=\"https:\/\/puhdasplus.ee\/wp-content\/uploads\/2026\/03\/tooted-ilma-taustata-3-copy-4.jpg\" \/>\n\t<meta property=\"og:image:width\" content=\"1280\" \/>\n\t<meta property=\"og:image:height\" content=\"1760\" \/>\n\t<meta property=\"og:image:type\" content=\"image\/jpeg\" \/>\n<meta name=\"twitter:card\" content=\"summary_large_image\" \/>\n<meta name=\"twitter:label1\" content=\"Est. reading time\" \/>\n\t<meta name=\"twitter:data1\" content=\"2 min\u016btes\" \/>\n<script type=\"application\/ld+json\" class=\"yoast-schema-graph\">{\"@context\":\"https:\\\/\\\/schema.org\",\"@graph\":[{\"@type\":\"WebPage\",\"@id\":\"https:\\\/\\\/puhdasplus.ee\\\/lv\\\/produkti\\\/minerali\\\/kalcijs-un-magnijs-k2-d3-90-kapsulas\\\/\",\"url\":\"https:\\\/\\\/puhdasplus.ee\\\/lv\\\/produkti\\\/minerali\\\/kalcijs-un-magnijs-k2-d3-90-kapsulas\\\/\",\"name\":\"Kalcijs & Magnijs + K2 + D3 90 kapsulas | Puhdas+\",\"isPartOf\":{\"@id\":\"https:\\\/\\\/puhdasplus.ee\\\/lv\\\/#website\"},\"primaryImageOfPage\":{\"@id\":\"https:\\\/\\\/puhdasplus.ee\\\/lv\\\/produkti\\\/minerali\\\/kalcijs-un-magnijs-k2-d3-90-kapsulas\\\/#primaryimage\"},\"image\":{\"@id\":\"https:\\\/\\\/puhdasplus.ee\\\/lv\\\/produkti\\\/minerali\\\/kalcijs-un-magnijs-k2-d3-90-kapsulas\\\/#primaryimage\"},\"thumbnailUrl\":\"https:\\\/\\\/puhdasplus.ee\\\/wp-content\\\/uploads\\\/2026\\\/03\\\/tooted-ilma-taustata-3-copy-4.jpg\",\"datePublished\":\"2026-03-30T18:50:06+00:00\",\"dateModified\":\"2026-04-07T07:09:31+00:00\",\"description\":\"Puhdas+ Kalcijs & Magnijs ar K2 un D3 vitam\u012bniem \u2013 atbalsta kaulus, musku\u013cu darb\u012bbu un imunit\u0101ti. Labi uzs\u016bcams uztura bag\u0101tin\u0101t\u0101js, 90 kapsulas.\",\"breadcrumb\":{\"@id\":\"https:\\\/\\\/puhdasplus.ee\\\/lv\\\/produkti\\\/minerali\\\/kalcijs-un-magnijs-k2-d3-90-kapsulas\\\/#breadcrumb\"},\"inLanguage\":\"lv-LV\",\"potentialAction\":[{\"@type\":\"ReadAction\",\"target\":[\"https:\\\/\\\/puhdasplus.ee\\\/lv\\\/produkti\\\/minerali\\\/kalcijs-un-magnijs-k2-d3-90-kapsulas\\\/\"]}]},{\"@type\":\"ImageObject\",\"inLanguage\":\"lv-LV\",\"@id\":\"https:\\\/\\\/puhdasplus.ee\\\/lv\\\/produkti\\\/minerali\\\/kalcijs-un-magnijs-k2-d3-90-kapsulas\\\/#primaryimage\",\"url\":\"https:\\\/\\\/puhdasplus.ee\\\/wp-content\\\/uploads\\\/2026\\\/03\\\/tooted-ilma-taustata-3-copy-4.jpg\",\"contentUrl\":\"https:\\\/\\\/puhdasplus.ee\\\/wp-content\\\/uploads\\\/2026\\\/03\\\/tooted-ilma-taustata-3-copy-4.jpg\",\"width\":1280,\"height\":1760,\"caption\":\"Kaltsium ja Magneesium + K2 + D3 90 kapslit\"},{\"@type\":\"BreadcrumbList\",\"@id\":\"https:\\\/\\\/puhdasplus.ee\\\/lv\\\/produkti\\\/minerali\\\/kalcijs-un-magnijs-k2-d3-90-kapsulas\\\/#breadcrumb\",\"itemListElement\":[{\"@type\":\"ListItem\",\"position\":1,\"name\":\"S\u0101kums\",\"item\":\"https:\\\/\\\/puhdasplus.ee\\\/lv\\\/\"},{\"@type\":\"ListItem\",\"position\":2,\"name\":\"Produkti\",\"item\":\"https:\\\/\\\/puhdasplus.ee\\\/lv\\\/veikals\\\/\"},{\"@type\":\"ListItem\",\"position\":3,\"name\":\"Kalcijs un Magnijs + K2 + D3 90 kapsulas\"}]},{\"@type\":\"WebSite\",\"@id\":\"https:\\\/\\\/puhdasplus.ee\\\/lv\\\/#website\",\"url\":\"https:\\\/\\\/puhdasplus.ee\\\/lv\\\/\",\"name\":\"Puhdas+\",\"description\":\"Vitam\u012bni, uztura bag\u0101tin\u0101t\u0101ji, dab\u012bg\u0101 kosm\u0113tika, vesel\u012bba, sports\",\"publisher\":{\"@id\":\"https:\\\/\\\/puhdasplus.ee\\\/lv\\\/#organization\"},\"potentialAction\":[{\"@type\":\"SearchAction\",\"target\":{\"@type\":\"EntryPoint\",\"urlTemplate\":\"https:\\\/\\\/puhdasplus.ee\\\/lv\\\/?s={search_term_string}\"},\"query-input\":{\"@type\":\"PropertyValueSpecification\",\"valueRequired\":true,\"valueName\":\"search_term_string\"}}],\"inLanguage\":\"lv-LV\"},{\"@type\":\"Organization\",\"@id\":\"https:\\\/\\\/puhdasplus.ee\\\/lv\\\/#organization\",\"name\":\"Puhdas+\",\"alternateName\":\"Puhdasplus\",\"url\":\"https:\\\/\\\/puhdasplus.ee\\\/lv\\\/\",\"logo\":{\"@type\":\"ImageObject\",\"inLanguage\":\"lv-LV\",\"@id\":\"https:\\\/\\\/puhdasplus.ee\\\/lv\\\/#\\\/schema\\\/logo\\\/image\\\/\",\"url\":\"https:\\\/\\\/puhdasplus.ee\\\/wp-content\\\/uploads\\\/2019\\\/10\\\/puhdas_logo-arvele.png\",\"contentUrl\":\"https:\\\/\\\/puhdasplus.ee\\\/wp-content\\\/uploads\\\/2019\\\/10\\\/puhdas_logo-arvele.png\",\"width\":114,\"height\":94,\"caption\":\"Puhdas+\"},\"image\":{\"@id\":\"https:\\\/\\\/puhdasplus.ee\\\/lv\\\/#\\\/schema\\\/logo\\\/image\\\/\"},\"sameAs\":[\"https:\\\/\\\/www.facebook.com\\\/puhdasplus\",\"https:\\\/\\\/www.instagram.com\\\/puhdasplus_ee\\\/\"]}]}<\/script>\n<!-- \/ Yoast SEO plugin. -->","yoast_head_json":{"title":"Kalcijs & Magnijs + K2 + D3 90 kapsulas | Puhdas+","description":"Puhdas+ Kalcijs & Magnijs ar K2 un D3 vitam\u012bniem \u2013 atbalsta kaulus, musku\u013cu darb\u012bbu un imunit\u0101ti. Labi uzs\u016bcams uztura bag\u0101tin\u0101t\u0101js, 90 kapsulas.","robots":{"index":"index","follow":"follow","max-snippet":"max-snippet:-1","max-image-preview":"max-image-preview:large","max-video-preview":"max-video-preview:-1"},"canonical":"https:\/\/puhdasplus.ee\/lv\/produkti\/minerali\/kalcijs-un-magnijs-k2-d3-90-kapsulas\/","og_locale":"lv_LV","og_type":"article","og_title":"Kalcijs & Magnijs + K2 + D3 90 kapsulas | Puhdas+","og_description":"Puhdas+ Kalcijs & Magnijs ar K2 un D3 vitam\u012bniem \u2013 atbalsta kaulus, musku\u013cu darb\u012bbu un imunit\u0101ti. Labi uzs\u016bcams uztura bag\u0101tin\u0101t\u0101js, 90 kapsulas.","og_url":"https:\/\/puhdasplus.ee\/lv\/produkti\/minerali\/kalcijs-un-magnijs-k2-d3-90-kapsulas\/","og_site_name":"Puhdas+","article_publisher":"https:\/\/www.facebook.com\/puhdasplus","article_modified_time":"2026-04-07T07:09:31+00:00","og_image":[{"width":1280,"height":1760,"url":"https:\/\/puhdasplus.ee\/wp-content\/uploads\/2026\/03\/tooted-ilma-taustata-3-copy-4.jpg","type":"image\/jpeg"}],"twitter_card":"summary_large_image","twitter_misc":{"Est. reading time":"2 min\u016btes"},"schema":{"@context":"https:\/\/schema.org","@graph":[{"@type":"WebPage","@id":"https:\/\/puhdasplus.ee\/lv\/produkti\/minerali\/kalcijs-un-magnijs-k2-d3-90-kapsulas\/","url":"https:\/\/puhdasplus.ee\/lv\/produkti\/minerali\/kalcijs-un-magnijs-k2-d3-90-kapsulas\/","name":"Kalcijs & Magnijs + K2 + D3 90 kapsulas | Puhdas+","isPartOf":{"@id":"https:\/\/puhdasplus.ee\/lv\/#website"},"primaryImageOfPage":{"@id":"https:\/\/puhdasplus.ee\/lv\/produkti\/minerali\/kalcijs-un-magnijs-k2-d3-90-kapsulas\/#primaryimage"},"image":{"@id":"https:\/\/puhdasplus.ee\/lv\/produkti\/minerali\/kalcijs-un-magnijs-k2-d3-90-kapsulas\/#primaryimage"},"thumbnailUrl":"https:\/\/puhdasplus.ee\/wp-content\/uploads\/2026\/03\/tooted-ilma-taustata-3-copy-4.jpg","datePublished":"2026-03-30T18:50:06+00:00","dateModified":"2026-04-07T07:09:31+00:00","description":"Puhdas+ Kalcijs & Magnijs ar K2 un D3 vitam\u012bniem \u2013 atbalsta kaulus, musku\u013cu darb\u012bbu un imunit\u0101ti. Labi uzs\u016bcams uztura bag\u0101tin\u0101t\u0101js, 90 kapsulas.","breadcrumb":{"@id":"https:\/\/puhdasplus.ee\/lv\/produkti\/minerali\/kalcijs-un-magnijs-k2-d3-90-kapsulas\/#breadcrumb"},"inLanguage":"lv-LV","potentialAction":[{"@type":"ReadAction","target":["https:\/\/puhdasplus.ee\/lv\/produkti\/minerali\/kalcijs-un-magnijs-k2-d3-90-kapsulas\/"]}]},{"@type":"ImageObject","inLanguage":"lv-LV","@id":"https:\/\/puhdasplus.ee\/lv\/produkti\/minerali\/kalcijs-un-magnijs-k2-d3-90-kapsulas\/#primaryimage","url":"https:\/\/puhdasplus.ee\/wp-content\/uploads\/2026\/03\/tooted-ilma-taustata-3-copy-4.jpg","contentUrl":"https:\/\/puhdasplus.ee\/wp-content\/uploads\/2026\/03\/tooted-ilma-taustata-3-copy-4.jpg","width":1280,"height":1760,"caption":"Kaltsium ja Magneesium + K2 + D3 90 kapslit"},{"@type":"BreadcrumbList","@id":"https:\/\/puhdasplus.ee\/lv\/produkti\/minerali\/kalcijs-un-magnijs-k2-d3-90-kapsulas\/#breadcrumb","itemListElement":[{"@type":"ListItem","position":1,"name":"S\u0101kums","item":"https:\/\/puhdasplus.ee\/lv\/"},{"@type":"ListItem","position":2,"name":"Produkti","item":"https:\/\/puhdasplus.ee\/lv\/veikals\/"},{"@type":"ListItem","position":3,"name":"Kalcijs un Magnijs + K2 + D3 90 kapsulas"}]},{"@type":"WebSite","@id":"https:\/\/puhdasplus.ee\/lv\/#website","url":"https:\/\/puhdasplus.ee\/lv\/","name":"Puhdas+","description":"Vitam\u012bni, uztura bag\u0101tin\u0101t\u0101ji, dab\u012bg\u0101 kosm\u0113tika, vesel\u012bba, sports","publisher":{"@id":"https:\/\/puhdasplus.ee\/lv\/#organization"},"potentialAction":[{"@type":"SearchAction","target":{"@type":"EntryPoint","urlTemplate":"https:\/\/puhdasplus.ee\/lv\/?s={search_term_string}"},"query-input":{"@type":"PropertyValueSpecification","valueRequired":true,"valueName":"search_term_string"}}],"inLanguage":"lv-LV"},{"@type":"Organization","@id":"https:\/\/puhdasplus.ee\/lv\/#organization","name":"Puhdas+","alternateName":"Puhdasplus","url":"https:\/\/puhdasplus.ee\/lv\/","logo":{"@type":"ImageObject","inLanguage":"lv-LV","@id":"https:\/\/puhdasplus.ee\/lv\/#\/schema\/logo\/image\/","url":"https:\/\/puhdasplus.ee\/wp-content\/uploads\/2019\/10\/puhdas_logo-arvele.png","contentUrl":"https:\/\/puhdasplus.ee\/wp-content\/uploads\/2019\/10\/puhdas_logo-arvele.png","width":114,"height":94,"caption":"Puhdas+"},"image":{"@id":"https:\/\/puhdasplus.ee\/lv\/#\/schema\/logo\/image\/"},"sameAs":["https:\/\/www.facebook.com\/puhdasplus","https:\/\/www.instagram.com\/puhdasplus_ee\/"]}]}},"_yoast_wpseo_title":"Kalcijs & Magnijs + K2 + D3 90 kapsulas | Puhdas+","_yoast_wpseo_metadesc":"Puhdas+ Kalcijs & Magnijs ar K2 un D3 vitam\u012bniem \u2013 atbalsta kaulus, musku\u013cu darb\u012bbu un imunit\u0101ti. Labi uzs\u016bcams uztura bag\u0101tin\u0101t\u0101js, 90 kapsulas.","_yoast_wpseo_focuskw":"kalcijs magnijs K2 D3","_links":{"self":[{"href":"https:\/\/puhdasplus.ee\/lv\/wp-json\/wp\/v2\/product\/360303","targetHints":{"allow":["GET"]}}],"collection":[{"href":"https:\/\/puhdasplus.ee\/lv\/wp-json\/wp\/v2\/product"}],"about":[{"href":"https:\/\/puhdasplus.ee\/lv\/wp-json\/wp\/v2\/types\/product"}],"replies":[{"embeddable":true,"href":"https:\/\/puhdasplus.ee\/lv\/wp-json\/wp\/v2\/comments?post=360303"}],"wp:featuredmedia":[{"embeddable":true,"href":"https:\/\/puhdasplus.ee\/lv\/wp-json\/wp\/v2\/media\/360826"}],"wp:attachment":[{"href":"https:\/\/puhdasplus.ee\/lv\/wp-json\/wp\/v2\/media?parent=360303"}],"wp:term":[{"taxonomy":"product_brand","embeddable":true,"href":"https:\/\/puhdasplus.ee\/lv\/wp-json\/wp\/v2\/product_brand?post=360303"},{"taxonomy":"product_cat","embeddable":true,"href":"https:\/\/puhdasplus.ee\/lv\/wp-json\/wp\/v2\/product_cat?post=360303"},{"taxonomy":"product_tag","embeddable":true,"href":"https:\/\/puhdasplus.ee\/lv\/wp-json\/wp\/v2\/product_tag?post=360303"}],"curies":[{"name":"wp","href":"https:\/\/api.w.org\/{rel}","templated":true}]}}