{"id":360298,"date":"2026-03-30T21:49:43","date_gmt":"2026-03-30T18:49:43","guid":{"rendered":"https:\/\/puhdasplus.ee\/tooted\/maaratlemata\/acerola-ekstrakta-pulveris-100-g\/"},"modified":"2026-04-07T10:07:25","modified_gmt":"2026-04-07T07:07:25","slug":"acerola-ekstrakta-pulveris-100-g","status":"publish","type":"product","link":"https:\/\/puhdasplus.ee\/lv\/produkti\/vitamini\/c-vitamins\/acerola-ekstrakta-pulveris-100-g\/","title":{"rendered":"Acerola ekstrakta pulveris 100 g"},"content":{"rendered":"<p data-start=\"130\" data-end=\"155\"><strong data-start=\"130\" data-end=\"155\">Dabiskais C vitam\u012bns!<\/strong><\/p>\n<p data-start=\"157\" data-end=\"381\">Puhdas+ Acerola satur tikai nepiecie\u0161amos sast\u0101vda\u013cas \u2013 bez piedev\u0101m un gar\u0161as viel\u0101m. Acerola ir viens no lab\u0101kajiem dabiskajiem C vitam\u012bna avotiem un satur ar\u012b citus aug\u013cos atrodamos bioakt\u012bvos savienojumus un uzturvielas.<\/p>\n<p data-start=\"383\" data-end=\"402\">C vitam\u012bns pal\u012bdz:<\/p>\n<ul data-start=\"403\" data-end=\"633\">\n<li data-section-id=\"1smdaow\" data-start=\"403\" data-end=\"438\">samazin\u0101t nogurumu un nesp\u0113ku<\/li>\n<li data-section-id=\"1e8gygr\" data-start=\"439\" data-end=\"535\">uztur\u0113t im\u016bnsist\u0113mas norm\u0101lu darb\u012bbu, tai skait\u0101 intens\u012bvas fiziskas slodzes laik\u0101 un p\u0113c t\u0101s<\/li>\n<li data-section-id=\"19d39l3\" data-start=\"536\" data-end=\"582\">uztur\u0113t nervu sist\u0113mas norm\u0101lu darb\u012bbu<\/li>\n<li data-section-id=\"1wkrmnt\" data-start=\"583\" data-end=\"633\">uztur\u0113t norm\u0101lu psiholo\u0123isko funkciju<\/li>\n<\/ul>\n<h2>Lieto\u0161anas nor\u0101d\u012bjumi<\/h2>\n<p>3 m\u0113rkarotes (1 ml) dien\u0101.<br data-start=\"1036\" data-end=\"1039\" \/>Sajaukt ar nelielu daudzumu \u016bdens vai sm\u016btij\u0101.<\/p>\n<h2>Sast\u0101vda\u013cas<\/h2>\n<p data-start=\"660\" data-end=\"689\">Acerola ekstrakta pulveris (17%)<\/p>\n<p data-start=\"691\" data-end=\"808\">Nesatur laktozu, glut\u0113nu vai raudz\u0113t\u0101ju.<br data-start=\"731\" data-end=\"734\" \/>Nesatur soju vai saldin\u0101t\u0101jus.<br data-start=\"766\" data-end=\"769\" \/>Piem\u0113rots veg\u0101niem un ve\u0123et\u0101rie\u0161iem.<\/p>\n<p data-start=\"810\" data-end=\"826\"><strong data-start=\"810\" data-end=\"826\">Uztura bag\u0101tin\u0101t\u0101js.<\/strong><\/p>\n<h2>Uzturv\u0113rt\u012bba<\/h2>\n<p data-start=\"855\" data-end=\"906\"><strong data-start=\"855\" data-end=\"906\">Dienas deva (3 m\u0113rkarotes \/ 1 ml) satur:<\/strong><\/p>\n<ul data-start=\"907\" data-end=\"942\">\n<li data-section-id=\"1mncqrh\" data-start=\"907\" data-end=\"942\"><strong data-start=\"909\" data-end=\"924\">C vitam\u012bns:<\/strong> 250 mg (<em data-start=\"933\" data-end=\"939\">313%<\/em>)<\/li>\n<\/ul>\n<p data-start=\"944\" data-end=\"976\">* % no dienas atsauces uz\u0146em\u0161anas<\/p>\n<h2><strong>Br\u012bdin\u0101jumi<\/strong><\/h2>\n<ul>\n<li>Uztura bag\u0101tin\u0101t\u0101js neaizst\u0101j daudzveid\u012bgu un sabalans\u0113tu uzturu un vesel\u012bgu dz\u012bvesveidu.<\/li>\n<li>Uzglab\u0101t b\u0113rniem nepieejam\u0101 viet\u0101.<\/li>\n<li>Nedr\u012bkst p\u0101rsniegt ieteicamo dienas devu.<\/li>\n<\/ul>\n<p><strong>Ra\u017eot\u0101js:<\/strong> New Organics Oy, Somija<br \/>\n<strong>Import\u0113t\u0101js:<\/strong> NordenBio O\u00dc, Narva mnt 7, 10117 Tallinn, Igaunija<\/p>\n","protected":false},"excerpt":{"rendered":"<p><b>Puhdas+ Acerola ekstrakta pulveris 100 g<\/b> ir dabisks C vitam\u012bna avots no acerola \u0137ir\u0161iem. Satur bag\u0101t\u012bgi dabiska C vitam\u012bna, kas uztur im\u016bnsist\u0113mu un aizsarg\u0101 \u0161\u016bnas no oksidat\u012bv\u0101 stresa.<\/p>\n","protected":false},"featured_media":360786,"comment_status":"open","ping_status":"closed","template":"","meta":{"_acf_changed":false,"googlesitekit_rrm_CAow3eq7DA:productID":""},"product_brand":[],"product_cat":[6350,3066,3205],"product_tag":[8496,4791,3202,8377,3041,8373,3206],"class_list":{"0":"post-360298","1":"product","2":"type-product","3":"status-publish","4":"has-post-thumbnail","6":"product_cat-c-vitamins","7":"product_cat-imunsistema","8":"product_cat-vitamini","9":"product_tag-acerola-lv","10":"product_tag-antioksidants-lv","11":"product_tag-c-vitamins-lv","12":"product_tag-dabgs-lv","13":"product_tag-imunitate","14":"product_tag-somijas-kvalitte-lv","15":"product_tag-uztura-bagatinatajs","17":"first","18":"onbackorder","19":"taxable","20":"shipping-taxable","21":"purchasable","22":"product-type-simple"},"acf":[],"yoast_head":"<!-- This site is optimized with the Yoast SEO plugin v27.3 - https:\/\/yoast.com\/product\/yoast-seo-wordpress\/ -->\n<title>Puhdas+ Acerola 100 g \u2013 dabisks C vitam\u012bna pulveris imunit\u0101tei<\/title>\n<meta name=\"description\" content=\"Puhdas+ Acerola 100 g \u2013 natur\u0101ls C vitam\u012bna avots no acerolas. Uztur imunit\u0101ti un pal\u012bdz samazin\u0101t nogurumu. T\u012brs pulveris bez piedev\u0101m un gar\u0161as viel\u0101m.\" \/>\n<meta name=\"robots\" content=\"index, follow, max-snippet:-1, max-image-preview:large, max-video-preview:-1\" \/>\n<link rel=\"canonical\" href=\"https:\/\/puhdasplus.ee\/lv\/produkti\/vitamini\/c-vitamins\/acerola-ekstrakta-pulveris-100-g\/\" \/>\n<meta property=\"og:locale\" content=\"lv_LV\" \/>\n<meta property=\"og:type\" content=\"article\" \/>\n<meta property=\"og:title\" content=\"Puhdas+ Acerola 100 g \u2013 dabisks C vitam\u012bna pulveris imunit\u0101tei\" \/>\n<meta property=\"og:description\" content=\"Puhdas+ Acerola 100 g \u2013 natur\u0101ls C vitam\u012bna avots no acerolas. Uztur imunit\u0101ti un pal\u012bdz samazin\u0101t nogurumu. T\u012brs pulveris bez piedev\u0101m un gar\u0161as viel\u0101m.\" \/>\n<meta property=\"og:url\" content=\"https:\/\/puhdasplus.ee\/lv\/produkti\/vitamini\/c-vitamins\/acerola-ekstrakta-pulveris-100-g\/\" \/>\n<meta property=\"og:site_name\" content=\"Puhdas+\" \/>\n<meta property=\"article:publisher\" content=\"https:\/\/www.facebook.com\/puhdasplus\" \/>\n<meta property=\"article:modified_time\" content=\"2026-04-07T07:07:25+00:00\" \/>\n<meta property=\"og:image\" content=\"https:\/\/puhdasplus.ee\/wp-content\/uploads\/2026\/03\/tooted-ilma-taustata.png\" \/>\n\t<meta property=\"og:image:width\" content=\"1280\" \/>\n\t<meta property=\"og:image:height\" content=\"1760\" \/>\n\t<meta property=\"og:image:type\" content=\"image\/png\" \/>\n<meta name=\"twitter:card\" content=\"summary_large_image\" \/>\n<meta name=\"twitter:label1\" content=\"Est. reading time\" \/>\n\t<meta name=\"twitter:data1\" content=\"1 minute\" \/>\n<script type=\"application\/ld+json\" class=\"yoast-schema-graph\">{\"@context\":\"https:\\\/\\\/schema.org\",\"@graph\":[{\"@type\":\"WebPage\",\"@id\":\"https:\\\/\\\/puhdasplus.ee\\\/lv\\\/produkti\\\/vitamini\\\/c-vitamins\\\/acerola-ekstrakta-pulveris-100-g\\\/\",\"url\":\"https:\\\/\\\/puhdasplus.ee\\\/lv\\\/produkti\\\/vitamini\\\/c-vitamins\\\/acerola-ekstrakta-pulveris-100-g\\\/\",\"name\":\"Puhdas+ Acerola 100 g \u2013 dabisks C vitam\u012bna pulveris imunit\u0101tei\",\"isPartOf\":{\"@id\":\"https:\\\/\\\/puhdasplus.ee\\\/lv\\\/#website\"},\"primaryImageOfPage\":{\"@id\":\"https:\\\/\\\/puhdasplus.ee\\\/lv\\\/produkti\\\/vitamini\\\/c-vitamins\\\/acerola-ekstrakta-pulveris-100-g\\\/#primaryimage\"},\"image\":{\"@id\":\"https:\\\/\\\/puhdasplus.ee\\\/lv\\\/produkti\\\/vitamini\\\/c-vitamins\\\/acerola-ekstrakta-pulveris-100-g\\\/#primaryimage\"},\"thumbnailUrl\":\"https:\\\/\\\/puhdasplus.ee\\\/wp-content\\\/uploads\\\/2026\\\/03\\\/tooted-ilma-taustata.png\",\"datePublished\":\"2026-03-30T18:49:43+00:00\",\"dateModified\":\"2026-04-07T07:07:25+00:00\",\"description\":\"Puhdas+ Acerola 100 g \u2013 natur\u0101ls C vitam\u012bna avots no acerolas. Uztur imunit\u0101ti un pal\u012bdz samazin\u0101t nogurumu. T\u012brs pulveris bez piedev\u0101m un gar\u0161as viel\u0101m.\",\"breadcrumb\":{\"@id\":\"https:\\\/\\\/puhdasplus.ee\\\/lv\\\/produkti\\\/vitamini\\\/c-vitamins\\\/acerola-ekstrakta-pulveris-100-g\\\/#breadcrumb\"},\"inLanguage\":\"lv-LV\",\"potentialAction\":[{\"@type\":\"ReadAction\",\"target\":[\"https:\\\/\\\/puhdasplus.ee\\\/lv\\\/produkti\\\/vitamini\\\/c-vitamins\\\/acerola-ekstrakta-pulveris-100-g\\\/\"]}]},{\"@type\":\"ImageObject\",\"inLanguage\":\"lv-LV\",\"@id\":\"https:\\\/\\\/puhdasplus.ee\\\/lv\\\/produkti\\\/vitamini\\\/c-vitamins\\\/acerola-ekstrakta-pulveris-100-g\\\/#primaryimage\",\"url\":\"https:\\\/\\\/puhdasplus.ee\\\/wp-content\\\/uploads\\\/2026\\\/03\\\/tooted-ilma-taustata.png\",\"contentUrl\":\"https:\\\/\\\/puhdasplus.ee\\\/wp-content\\\/uploads\\\/2026\\\/03\\\/tooted-ilma-taustata.png\",\"width\":1280,\"height\":1760,\"caption\":\"Acerola ekstraktipulber 100 g\"},{\"@type\":\"BreadcrumbList\",\"@id\":\"https:\\\/\\\/puhdasplus.ee\\\/lv\\\/produkti\\\/vitamini\\\/c-vitamins\\\/acerola-ekstrakta-pulveris-100-g\\\/#breadcrumb\",\"itemListElement\":[{\"@type\":\"ListItem\",\"position\":1,\"name\":\"S\u0101kums\",\"item\":\"https:\\\/\\\/puhdasplus.ee\\\/lv\\\/\"},{\"@type\":\"ListItem\",\"position\":2,\"name\":\"Produkti\",\"item\":\"https:\\\/\\\/puhdasplus.ee\\\/lv\\\/veikals\\\/\"},{\"@type\":\"ListItem\",\"position\":3,\"name\":\"Acerola ekstrakta pulveris 100 g\"}]},{\"@type\":\"WebSite\",\"@id\":\"https:\\\/\\\/puhdasplus.ee\\\/lv\\\/#website\",\"url\":\"https:\\\/\\\/puhdasplus.ee\\\/lv\\\/\",\"name\":\"Puhdas+\",\"description\":\"Vitam\u012bni, uztura bag\u0101tin\u0101t\u0101ji, dab\u012bg\u0101 kosm\u0113tika, vesel\u012bba, sports\",\"publisher\":{\"@id\":\"https:\\\/\\\/puhdasplus.ee\\\/lv\\\/#organization\"},\"potentialAction\":[{\"@type\":\"SearchAction\",\"target\":{\"@type\":\"EntryPoint\",\"urlTemplate\":\"https:\\\/\\\/puhdasplus.ee\\\/lv\\\/?s={search_term_string}\"},\"query-input\":{\"@type\":\"PropertyValueSpecification\",\"valueRequired\":true,\"valueName\":\"search_term_string\"}}],\"inLanguage\":\"lv-LV\"},{\"@type\":\"Organization\",\"@id\":\"https:\\\/\\\/puhdasplus.ee\\\/lv\\\/#organization\",\"name\":\"Puhdas+\",\"alternateName\":\"Puhdasplus\",\"url\":\"https:\\\/\\\/puhdasplus.ee\\\/lv\\\/\",\"logo\":{\"@type\":\"ImageObject\",\"inLanguage\":\"lv-LV\",\"@id\":\"https:\\\/\\\/puhdasplus.ee\\\/lv\\\/#\\\/schema\\\/logo\\\/image\\\/\",\"url\":\"https:\\\/\\\/puhdasplus.ee\\\/wp-content\\\/uploads\\\/2019\\\/10\\\/puhdas_logo-arvele.png\",\"contentUrl\":\"https:\\\/\\\/puhdasplus.ee\\\/wp-content\\\/uploads\\\/2019\\\/10\\\/puhdas_logo-arvele.png\",\"width\":114,\"height\":94,\"caption\":\"Puhdas+\"},\"image\":{\"@id\":\"https:\\\/\\\/puhdasplus.ee\\\/lv\\\/#\\\/schema\\\/logo\\\/image\\\/\"},\"sameAs\":[\"https:\\\/\\\/www.facebook.com\\\/puhdasplus\",\"https:\\\/\\\/www.instagram.com\\\/puhdasplus_ee\\\/\"]}]}<\/script>\n<!-- \/ Yoast SEO plugin. -->","yoast_head_json":{"title":"Puhdas+ Acerola 100 g \u2013 dabisks C vitam\u012bna pulveris imunit\u0101tei","description":"Puhdas+ Acerola 100 g \u2013 natur\u0101ls C vitam\u012bna avots no acerolas. Uztur imunit\u0101ti un pal\u012bdz samazin\u0101t nogurumu. T\u012brs pulveris bez piedev\u0101m un gar\u0161as viel\u0101m.","robots":{"index":"index","follow":"follow","max-snippet":"max-snippet:-1","max-image-preview":"max-image-preview:large","max-video-preview":"max-video-preview:-1"},"canonical":"https:\/\/puhdasplus.ee\/lv\/produkti\/vitamini\/c-vitamins\/acerola-ekstrakta-pulveris-100-g\/","og_locale":"lv_LV","og_type":"article","og_title":"Puhdas+ Acerola 100 g \u2013 dabisks C vitam\u012bna pulveris imunit\u0101tei","og_description":"Puhdas+ Acerola 100 g \u2013 natur\u0101ls C vitam\u012bna avots no acerolas. Uztur imunit\u0101ti un pal\u012bdz samazin\u0101t nogurumu. T\u012brs pulveris bez piedev\u0101m un gar\u0161as viel\u0101m.","og_url":"https:\/\/puhdasplus.ee\/lv\/produkti\/vitamini\/c-vitamins\/acerola-ekstrakta-pulveris-100-g\/","og_site_name":"Puhdas+","article_publisher":"https:\/\/www.facebook.com\/puhdasplus","article_modified_time":"2026-04-07T07:07:25+00:00","og_image":[{"width":1280,"height":1760,"url":"https:\/\/puhdasplus.ee\/wp-content\/uploads\/2026\/03\/tooted-ilma-taustata.png","type":"image\/png"}],"twitter_card":"summary_large_image","twitter_misc":{"Est. reading time":"1 minute"},"schema":{"@context":"https:\/\/schema.org","@graph":[{"@type":"WebPage","@id":"https:\/\/puhdasplus.ee\/lv\/produkti\/vitamini\/c-vitamins\/acerola-ekstrakta-pulveris-100-g\/","url":"https:\/\/puhdasplus.ee\/lv\/produkti\/vitamini\/c-vitamins\/acerola-ekstrakta-pulveris-100-g\/","name":"Puhdas+ Acerola 100 g \u2013 dabisks C vitam\u012bna pulveris imunit\u0101tei","isPartOf":{"@id":"https:\/\/puhdasplus.ee\/lv\/#website"},"primaryImageOfPage":{"@id":"https:\/\/puhdasplus.ee\/lv\/produkti\/vitamini\/c-vitamins\/acerola-ekstrakta-pulveris-100-g\/#primaryimage"},"image":{"@id":"https:\/\/puhdasplus.ee\/lv\/produkti\/vitamini\/c-vitamins\/acerola-ekstrakta-pulveris-100-g\/#primaryimage"},"thumbnailUrl":"https:\/\/puhdasplus.ee\/wp-content\/uploads\/2026\/03\/tooted-ilma-taustata.png","datePublished":"2026-03-30T18:49:43+00:00","dateModified":"2026-04-07T07:07:25+00:00","description":"Puhdas+ Acerola 100 g \u2013 natur\u0101ls C vitam\u012bna avots no acerolas. Uztur imunit\u0101ti un pal\u012bdz samazin\u0101t nogurumu. T\u012brs pulveris bez piedev\u0101m un gar\u0161as viel\u0101m.","breadcrumb":{"@id":"https:\/\/puhdasplus.ee\/lv\/produkti\/vitamini\/c-vitamins\/acerola-ekstrakta-pulveris-100-g\/#breadcrumb"},"inLanguage":"lv-LV","potentialAction":[{"@type":"ReadAction","target":["https:\/\/puhdasplus.ee\/lv\/produkti\/vitamini\/c-vitamins\/acerola-ekstrakta-pulveris-100-g\/"]}]},{"@type":"ImageObject","inLanguage":"lv-LV","@id":"https:\/\/puhdasplus.ee\/lv\/produkti\/vitamini\/c-vitamins\/acerola-ekstrakta-pulveris-100-g\/#primaryimage","url":"https:\/\/puhdasplus.ee\/wp-content\/uploads\/2026\/03\/tooted-ilma-taustata.png","contentUrl":"https:\/\/puhdasplus.ee\/wp-content\/uploads\/2026\/03\/tooted-ilma-taustata.png","width":1280,"height":1760,"caption":"Acerola ekstraktipulber 100 g"},{"@type":"BreadcrumbList","@id":"https:\/\/puhdasplus.ee\/lv\/produkti\/vitamini\/c-vitamins\/acerola-ekstrakta-pulveris-100-g\/#breadcrumb","itemListElement":[{"@type":"ListItem","position":1,"name":"S\u0101kums","item":"https:\/\/puhdasplus.ee\/lv\/"},{"@type":"ListItem","position":2,"name":"Produkti","item":"https:\/\/puhdasplus.ee\/lv\/veikals\/"},{"@type":"ListItem","position":3,"name":"Acerola ekstrakta pulveris 100 g"}]},{"@type":"WebSite","@id":"https:\/\/puhdasplus.ee\/lv\/#website","url":"https:\/\/puhdasplus.ee\/lv\/","name":"Puhdas+","description":"Vitam\u012bni, uztura bag\u0101tin\u0101t\u0101ji, dab\u012bg\u0101 kosm\u0113tika, vesel\u012bba, sports","publisher":{"@id":"https:\/\/puhdasplus.ee\/lv\/#organization"},"potentialAction":[{"@type":"SearchAction","target":{"@type":"EntryPoint","urlTemplate":"https:\/\/puhdasplus.ee\/lv\/?s={search_term_string}"},"query-input":{"@type":"PropertyValueSpecification","valueRequired":true,"valueName":"search_term_string"}}],"inLanguage":"lv-LV"},{"@type":"Organization","@id":"https:\/\/puhdasplus.ee\/lv\/#organization","name":"Puhdas+","alternateName":"Puhdasplus","url":"https:\/\/puhdasplus.ee\/lv\/","logo":{"@type":"ImageObject","inLanguage":"lv-LV","@id":"https:\/\/puhdasplus.ee\/lv\/#\/schema\/logo\/image\/","url":"https:\/\/puhdasplus.ee\/wp-content\/uploads\/2019\/10\/puhdas_logo-arvele.png","contentUrl":"https:\/\/puhdasplus.ee\/wp-content\/uploads\/2019\/10\/puhdas_logo-arvele.png","width":114,"height":94,"caption":"Puhdas+"},"image":{"@id":"https:\/\/puhdasplus.ee\/lv\/#\/schema\/logo\/image\/"},"sameAs":["https:\/\/www.facebook.com\/puhdasplus","https:\/\/www.instagram.com\/puhdasplus_ee\/"]}]}},"_yoast_wpseo_title":"Puhdas+ Acerola 100 g \u2013 dabisks C vitam\u012bna pulveris imunit\u0101tei","_yoast_wpseo_metadesc":"Puhdas+ Acerola 100 g \u2013 natur\u0101ls C vitam\u012bna avots no acerolas. Uztur imunit\u0101ti un pal\u012bdz samazin\u0101t nogurumu. T\u012brs pulveris bez piedev\u0101m un gar\u0161as viel\u0101m.","_yoast_wpseo_focuskw":"acerola C vitam\u012bns","_links":{"self":[{"href":"https:\/\/puhdasplus.ee\/lv\/wp-json\/wp\/v2\/product\/360298","targetHints":{"allow":["GET"]}}],"collection":[{"href":"https:\/\/puhdasplus.ee\/lv\/wp-json\/wp\/v2\/product"}],"about":[{"href":"https:\/\/puhdasplus.ee\/lv\/wp-json\/wp\/v2\/types\/product"}],"replies":[{"embeddable":true,"href":"https:\/\/puhdasplus.ee\/lv\/wp-json\/wp\/v2\/comments?post=360298"}],"wp:featuredmedia":[{"embeddable":true,"href":"https:\/\/puhdasplus.ee\/lv\/wp-json\/wp\/v2\/media\/360786"}],"wp:attachment":[{"href":"https:\/\/puhdasplus.ee\/lv\/wp-json\/wp\/v2\/media?parent=360298"}],"wp:term":[{"taxonomy":"product_brand","embeddable":true,"href":"https:\/\/puhdasplus.ee\/lv\/wp-json\/wp\/v2\/product_brand?post=360298"},{"taxonomy":"product_cat","embeddable":true,"href":"https:\/\/puhdasplus.ee\/lv\/wp-json\/wp\/v2\/product_cat?post=360298"},{"taxonomy":"product_tag","embeddable":true,"href":"https:\/\/puhdasplus.ee\/lv\/wp-json\/wp\/v2\/product_tag?post=360298"}],"curies":[{"name":"wp","href":"https:\/\/api.w.org\/{rel}","templated":true}]}}