{"id":360272,"date":"2026-03-30T21:50:44","date_gmt":"2026-03-30T18:50:44","guid":{"rendered":"https:\/\/puhdasplus.ee\/tooted\/maaratlemata\/kolagens-un-pienskabes-bakterijas-120-kapsulas\/"},"modified":"2026-04-07T09:58:45","modified_gmt":"2026-04-07T06:58:45","slug":"kolagens-un-pienskabes-bakterijas-120-kapsulas","status":"publish","type":"product","link":"https:\/\/puhdasplus.ee\/lv\/produkti\/ada-mati-nagi\/kolagens\/kolagens-un-pienskabes-bakterijas-120-kapsulas\/","title":{"rendered":"Kolag\u0113ns un piensk\u0101bes bakt\u0113rijas 120 kapsulas"},"content":{"rendered":"<h3 data-section-id=\"cfcj15\" data-start=\"70\" data-end=\"107\"><span role=\"text\"><strong data-start=\"74\" data-end=\"107\">Starojo\u0161a \u0101da un labsaj\u016bta!<\/strong><\/span><\/h3>\n<p data-start=\"109\" data-end=\"190\">Puhdas+ Kolag\u0113ns &#038; Piensk\u0101bes bakt\u0113rijas atbalsta dabisko skaistumu un labsaj\u016btu no iek\u0161puses.<\/p>\n<p data-start=\"192\" data-end=\"432\">Efekt\u012bv\u0101 kombin\u0101cija satur p\u0113t\u012btu hidroliz\u0113tu I tipa kolag\u0113nu un 2 miljardus piensk\u0101bes bakt\u0113riju no pla\u0161i izmantotiem un p\u0113t\u012btiem bakt\u0113riju celmiem. Papildus produkts satur niac\u012bnu jeb B3 vitam\u012bnu, kas pal\u012bdz uztur\u0113t \u0101das un g\u013cot\u0101das norm\u0101lu st\u0101vokli.<\/p>\n<h3 data-section-id=\"o3t0ao\" data-start=\"439\" data-end=\"465\"><span role=\"text\"><strong data-start=\"443\" data-end=\"465\">Gluda un starojo\u0161a \u0101da<\/strong><\/span><\/h3>\n<p data-start=\"467\" data-end=\"657\">P\u0113t\u012bjumi par\u0101da, ka kolag\u0113ns pal\u012bdz samazin\u0101t s\u012bkas l\u012bnijas un grumbas, uzlabo \u0101das elast\u012bbu un stiprumu, k\u0101 ar\u012b padara \u0101du tvirt\u0101ku. Ar kolag\u0113na pal\u012bdz\u012bbu varat ieg\u016bt jaunekl\u012bg\u0101ku un starojo\u0161\u0101ku \u0101du.<\/p>\n<p data-start=\"659\" data-end=\"734\">Niac\u012bns pal\u012bdz uztur\u0113t \u0101das un g\u013cot\u0101das norm\u0101lu st\u0101vokli.<\/p>\n<h2>Lieto\u0161anas nor\u0101d\u012bjumi<\/h2>\n<p>2 kapsulas dien\u0101.<br data-start=\"117\" data-end=\"120\" \/>Ieteicamo dienas devu nedr\u012bkst p\u0101rsniegt.<br data-start=\"165\" data-end=\"168\" \/>Uztura bag\u0101tin\u0101t\u0101js neaizst\u0101j daudzveid\u012bgu un sabalans\u0113tu uzturu un vesel\u012bgu dz\u012bvesveidu.<br data-start=\"256\" data-end=\"259\" \/>Uzglab\u0101t b\u0113rniem nepieejam\u0101 viet\u0101.<\/p>\n<h2>Sast\u0101vs<\/h2>\n<p>Hidroliz\u0113ts Peptan\u00ae liellopu kolag\u0113ns, kapsula (stabilizatori: hidroksipropilmetilceluloze, gell\u0101na sve\u0137i), pildviela (mikrokrist\u0101lisk\u0101 celuloze), inaktiv\u0113ts piensk\u0101bes bakt\u0113riju pulveris (<em data-start=\"513\" data-end=\"538\">Lactobacillus plantarum<\/em>), nikot\u012bnam\u012bds (B3 vitam\u012bns). Uztura bag\u0101tin\u0101t\u0101js.<\/p>\n<h2>Uzturv\u0113rt\u012bba<\/h2>\n<p data-start=\"618\" data-end=\"643\"><strong data-start=\"618\" data-end=\"643\">2 kapsulas satur:<\/strong><\/p>\n<ul data-start=\"644\" data-end=\"770\">\n<li data-section-id=\"ck0add\" data-start=\"644\" data-end=\"669\"><strong data-start=\"646\" data-end=\"660\">Kolag\u0113ns:<\/strong> 500 mg<\/li>\n<li data-section-id=\"k678a0\" data-start=\"670\" data-end=\"723\"><strong data-start=\"672\" data-end=\"700\">Lactobacillus plantarum:<\/strong> 2 miljardi bakt\u0113riju<\/li>\n<li data-section-id=\"tdf7zd\" data-start=\"724\" data-end=\"770\"><strong data-start=\"726\" data-end=\"753\">B3 vitam\u012bns (niac\u012bns):<\/strong> 4,8 mg (<em data-start=\"762\" data-end=\"767\">30%<\/em>)<\/li>\n<\/ul>\n<p data-start=\"772\" data-end=\"802\">* % no atsauces uzturv\u0113rt\u012bbas<\/p>\n<h2><strong>Br\u012bdin\u0101jumi<\/strong><\/h2>\n<ul>\n<li>Uztura bag\u0101tin\u0101t\u0101js neaizst\u0101j daudzveid\u012bgu un sabalans\u0113tu uzturu un vesel\u012bgu dz\u012bvesveidu.<\/li>\n<li>Uzglab\u0101t b\u0113rniem nepieejam\u0101 viet\u0101.<\/li>\n<li>Ieteicamo dienas devu nedr\u012bkst p\u0101rsniegt.<\/li>\n<\/ul>\n<p><strong>Ra\u017eot\u0101js:<\/strong> New Organics Oy, Somija<br \/>\n<strong>Import\u0113t\u0101js:<\/strong> NordenBio O\u00dc, Narva mnt 7, 10117 Tallinna, Igaunija<\/p>\n","protected":false},"excerpt":{"rendered":"<p><b>Puhdas+ Kolag\u0113ns &#038; Piensk\u0101bes bakt\u0113rijas 120 kapsulas<\/b> apvieno hidroliz\u0113tu 1. tipa kolag\u0113nu un 2 miljardus piensk\u0101bes bakt\u0113riju. Skaistums no iek\u0161puses uz \u0101ru.<\/p>\n","protected":false},"featured_media":360822,"comment_status":"open","ping_status":"closed","template":"","meta":{"_acf_changed":false,"googlesitekit_rrm_CAow3eq7DA:productID":""},"product_brand":[],"product_cat":[3296,3344,4069],"product_tag":[3301,8345,8377,3484,8373,3206],"class_list":{"0":"post-360272","1":"product","2":"type-product","3":"status-publish","4":"has-post-thumbnail","6":"product_cat-ada-mati-nagi","7":"product_cat-gremosana-un-vielmaina","8":"product_cat-kolagens","9":"product_tag-adas-veseliba","10":"product_tag-bez-glutna-lv","11":"product_tag-dabgs-lv","12":"product_tag-kolagens","13":"product_tag-somijas-kvalitte-lv","14":"product_tag-uztura-bagatinatajs","16":"first","17":"onbackorder","18":"taxable","19":"shipping-taxable","20":"purchasable","21":"product-type-simple"},"acf":[],"yoast_head":"<!-- This site is optimized with the Yoast SEO plugin v27.3 - https:\/\/yoast.com\/product\/yoast-seo-wordpress\/ -->\n<title>Kolag\u0113ns &amp; Piensk\u0101bes bakt\u0113rijas 120 kapsulas | Puhdas+<\/title>\n<meta name=\"description\" content=\"Puhdas+ Kolag\u0113ns &amp; Piensk\u0101bes bakt\u0113rijas \u2013 kolag\u0113ns \u0101das elast\u012bbai, probioti\u0137i gremo\u0161anas atbalstam un B3 vitam\u012bns \u0101dai. 120 kapsulas.\" \/>\n<meta name=\"robots\" content=\"index, follow, max-snippet:-1, max-image-preview:large, max-video-preview:-1\" \/>\n<link rel=\"canonical\" href=\"https:\/\/puhdasplus.ee\/lv\/produkti\/ada-mati-nagi\/kolagens\/kolagens-un-pienskabes-bakterijas-120-kapsulas\/\" \/>\n<meta property=\"og:locale\" content=\"lv_LV\" \/>\n<meta property=\"og:type\" content=\"article\" \/>\n<meta property=\"og:title\" content=\"Kolag\u0113ns &amp; Piensk\u0101bes bakt\u0113rijas 120 kapsulas | Puhdas+\" \/>\n<meta property=\"og:description\" content=\"Puhdas+ Kolag\u0113ns &amp; Piensk\u0101bes bakt\u0113rijas \u2013 kolag\u0113ns \u0101das elast\u012bbai, probioti\u0137i gremo\u0161anas atbalstam un B3 vitam\u012bns \u0101dai. 120 kapsulas.\" \/>\n<meta property=\"og:url\" content=\"https:\/\/puhdasplus.ee\/lv\/produkti\/ada-mati-nagi\/kolagens\/kolagens-un-pienskabes-bakterijas-120-kapsulas\/\" \/>\n<meta property=\"og:site_name\" content=\"Puhdas+\" \/>\n<meta property=\"article:publisher\" content=\"https:\/\/www.facebook.com\/puhdasplus\" \/>\n<meta property=\"article:modified_time\" content=\"2026-04-07T06:58:45+00:00\" \/>\n<meta property=\"og:image\" content=\"https:\/\/puhdasplus.ee\/wp-content\/uploads\/2026\/03\/359810_359805.png\" \/>\n\t<meta property=\"og:image:width\" content=\"582\" \/>\n\t<meta property=\"og:image:height\" content=\"800\" \/>\n\t<meta property=\"og:image:type\" content=\"image\/png\" \/>\n<meta name=\"twitter:card\" content=\"summary_large_image\" \/>\n<meta name=\"twitter:label1\" content=\"Est. reading time\" \/>\n\t<meta name=\"twitter:data1\" content=\"1 minute\" \/>\n<script type=\"application\/ld+json\" class=\"yoast-schema-graph\">{\"@context\":\"https:\\\/\\\/schema.org\",\"@graph\":[{\"@type\":\"WebPage\",\"@id\":\"https:\\\/\\\/puhdasplus.ee\\\/lv\\\/produkti\\\/ada-mati-nagi\\\/kolagens\\\/kolagens-un-pienskabes-bakterijas-120-kapsulas\\\/\",\"url\":\"https:\\\/\\\/puhdasplus.ee\\\/lv\\\/produkti\\\/ada-mati-nagi\\\/kolagens\\\/kolagens-un-pienskabes-bakterijas-120-kapsulas\\\/\",\"name\":\"Kolag\u0113ns & Piensk\u0101bes bakt\u0113rijas 120 kapsulas | Puhdas+\",\"isPartOf\":{\"@id\":\"https:\\\/\\\/puhdasplus.ee\\\/lv\\\/#website\"},\"primaryImageOfPage\":{\"@id\":\"https:\\\/\\\/puhdasplus.ee\\\/lv\\\/produkti\\\/ada-mati-nagi\\\/kolagens\\\/kolagens-un-pienskabes-bakterijas-120-kapsulas\\\/#primaryimage\"},\"image\":{\"@id\":\"https:\\\/\\\/puhdasplus.ee\\\/lv\\\/produkti\\\/ada-mati-nagi\\\/kolagens\\\/kolagens-un-pienskabes-bakterijas-120-kapsulas\\\/#primaryimage\"},\"thumbnailUrl\":\"https:\\\/\\\/puhdasplus.ee\\\/wp-content\\\/uploads\\\/2026\\\/03\\\/359810_359805.png\",\"datePublished\":\"2026-03-30T18:50:44+00:00\",\"dateModified\":\"2026-04-07T06:58:45+00:00\",\"description\":\"Puhdas+ Kolag\u0113ns & Piensk\u0101bes bakt\u0113rijas \u2013 kolag\u0113ns \u0101das elast\u012bbai, probioti\u0137i gremo\u0161anas atbalstam un B3 vitam\u012bns \u0101dai. 120 kapsulas.\",\"breadcrumb\":{\"@id\":\"https:\\\/\\\/puhdasplus.ee\\\/lv\\\/produkti\\\/ada-mati-nagi\\\/kolagens\\\/kolagens-un-pienskabes-bakterijas-120-kapsulas\\\/#breadcrumb\"},\"inLanguage\":\"lv-LV\",\"potentialAction\":[{\"@type\":\"ReadAction\",\"target\":[\"https:\\\/\\\/puhdasplus.ee\\\/lv\\\/produkti\\\/ada-mati-nagi\\\/kolagens\\\/kolagens-un-pienskabes-bakterijas-120-kapsulas\\\/\"]}]},{\"@type\":\"ImageObject\",\"inLanguage\":\"lv-LV\",\"@id\":\"https:\\\/\\\/puhdasplus.ee\\\/lv\\\/produkti\\\/ada-mati-nagi\\\/kolagens\\\/kolagens-un-pienskabes-bakterijas-120-kapsulas\\\/#primaryimage\",\"url\":\"https:\\\/\\\/puhdasplus.ee\\\/wp-content\\\/uploads\\\/2026\\\/03\\\/359810_359805.png\",\"contentUrl\":\"https:\\\/\\\/puhdasplus.ee\\\/wp-content\\\/uploads\\\/2026\\\/03\\\/359810_359805.png\",\"width\":582,\"height\":800,\"caption\":\"Kollageen ja piimhappebakter 120 kapslit | Puhdas+\"},{\"@type\":\"BreadcrumbList\",\"@id\":\"https:\\\/\\\/puhdasplus.ee\\\/lv\\\/produkti\\\/ada-mati-nagi\\\/kolagens\\\/kolagens-un-pienskabes-bakterijas-120-kapsulas\\\/#breadcrumb\",\"itemListElement\":[{\"@type\":\"ListItem\",\"position\":1,\"name\":\"S\u0101kums\",\"item\":\"https:\\\/\\\/puhdasplus.ee\\\/lv\\\/\"},{\"@type\":\"ListItem\",\"position\":2,\"name\":\"Produkti\",\"item\":\"https:\\\/\\\/puhdasplus.ee\\\/lv\\\/veikals\\\/\"},{\"@type\":\"ListItem\",\"position\":3,\"name\":\"Kolag\u0113ns un piensk\u0101bes bakt\u0113rijas 120 kapsulas\"}]},{\"@type\":\"WebSite\",\"@id\":\"https:\\\/\\\/puhdasplus.ee\\\/lv\\\/#website\",\"url\":\"https:\\\/\\\/puhdasplus.ee\\\/lv\\\/\",\"name\":\"Puhdas+\",\"description\":\"Vitam\u012bni, uztura bag\u0101tin\u0101t\u0101ji, dab\u012bg\u0101 kosm\u0113tika, vesel\u012bba, sports\",\"publisher\":{\"@id\":\"https:\\\/\\\/puhdasplus.ee\\\/lv\\\/#organization\"},\"potentialAction\":[{\"@type\":\"SearchAction\",\"target\":{\"@type\":\"EntryPoint\",\"urlTemplate\":\"https:\\\/\\\/puhdasplus.ee\\\/lv\\\/?s={search_term_string}\"},\"query-input\":{\"@type\":\"PropertyValueSpecification\",\"valueRequired\":true,\"valueName\":\"search_term_string\"}}],\"inLanguage\":\"lv-LV\"},{\"@type\":\"Organization\",\"@id\":\"https:\\\/\\\/puhdasplus.ee\\\/lv\\\/#organization\",\"name\":\"Puhdas+\",\"alternateName\":\"Puhdasplus\",\"url\":\"https:\\\/\\\/puhdasplus.ee\\\/lv\\\/\",\"logo\":{\"@type\":\"ImageObject\",\"inLanguage\":\"lv-LV\",\"@id\":\"https:\\\/\\\/puhdasplus.ee\\\/lv\\\/#\\\/schema\\\/logo\\\/image\\\/\",\"url\":\"https:\\\/\\\/puhdasplus.ee\\\/wp-content\\\/uploads\\\/2019\\\/10\\\/puhdas_logo-arvele.png\",\"contentUrl\":\"https:\\\/\\\/puhdasplus.ee\\\/wp-content\\\/uploads\\\/2019\\\/10\\\/puhdas_logo-arvele.png\",\"width\":114,\"height\":94,\"caption\":\"Puhdas+\"},\"image\":{\"@id\":\"https:\\\/\\\/puhdasplus.ee\\\/lv\\\/#\\\/schema\\\/logo\\\/image\\\/\"},\"sameAs\":[\"https:\\\/\\\/www.facebook.com\\\/puhdasplus\",\"https:\\\/\\\/www.instagram.com\\\/puhdasplus_ee\\\/\"]}]}<\/script>\n<!-- \/ Yoast SEO plugin. -->","yoast_head_json":{"title":"Kolag\u0113ns & Piensk\u0101bes bakt\u0113rijas 120 kapsulas | Puhdas+","description":"Puhdas+ Kolag\u0113ns & Piensk\u0101bes bakt\u0113rijas \u2013 kolag\u0113ns \u0101das elast\u012bbai, probioti\u0137i gremo\u0161anas atbalstam un B3 vitam\u012bns \u0101dai. 120 kapsulas.","robots":{"index":"index","follow":"follow","max-snippet":"max-snippet:-1","max-image-preview":"max-image-preview:large","max-video-preview":"max-video-preview:-1"},"canonical":"https:\/\/puhdasplus.ee\/lv\/produkti\/ada-mati-nagi\/kolagens\/kolagens-un-pienskabes-bakterijas-120-kapsulas\/","og_locale":"lv_LV","og_type":"article","og_title":"Kolag\u0113ns & Piensk\u0101bes bakt\u0113rijas 120 kapsulas | Puhdas+","og_description":"Puhdas+ Kolag\u0113ns & Piensk\u0101bes bakt\u0113rijas \u2013 kolag\u0113ns \u0101das elast\u012bbai, probioti\u0137i gremo\u0161anas atbalstam un B3 vitam\u012bns \u0101dai. 120 kapsulas.","og_url":"https:\/\/puhdasplus.ee\/lv\/produkti\/ada-mati-nagi\/kolagens\/kolagens-un-pienskabes-bakterijas-120-kapsulas\/","og_site_name":"Puhdas+","article_publisher":"https:\/\/www.facebook.com\/puhdasplus","article_modified_time":"2026-04-07T06:58:45+00:00","og_image":[{"width":582,"height":800,"url":"https:\/\/puhdasplus.ee\/wp-content\/uploads\/2026\/03\/359810_359805.png","type":"image\/png"}],"twitter_card":"summary_large_image","twitter_misc":{"Est. reading time":"1 minute"},"schema":{"@context":"https:\/\/schema.org","@graph":[{"@type":"WebPage","@id":"https:\/\/puhdasplus.ee\/lv\/produkti\/ada-mati-nagi\/kolagens\/kolagens-un-pienskabes-bakterijas-120-kapsulas\/","url":"https:\/\/puhdasplus.ee\/lv\/produkti\/ada-mati-nagi\/kolagens\/kolagens-un-pienskabes-bakterijas-120-kapsulas\/","name":"Kolag\u0113ns & Piensk\u0101bes bakt\u0113rijas 120 kapsulas | Puhdas+","isPartOf":{"@id":"https:\/\/puhdasplus.ee\/lv\/#website"},"primaryImageOfPage":{"@id":"https:\/\/puhdasplus.ee\/lv\/produkti\/ada-mati-nagi\/kolagens\/kolagens-un-pienskabes-bakterijas-120-kapsulas\/#primaryimage"},"image":{"@id":"https:\/\/puhdasplus.ee\/lv\/produkti\/ada-mati-nagi\/kolagens\/kolagens-un-pienskabes-bakterijas-120-kapsulas\/#primaryimage"},"thumbnailUrl":"https:\/\/puhdasplus.ee\/wp-content\/uploads\/2026\/03\/359810_359805.png","datePublished":"2026-03-30T18:50:44+00:00","dateModified":"2026-04-07T06:58:45+00:00","description":"Puhdas+ Kolag\u0113ns & Piensk\u0101bes bakt\u0113rijas \u2013 kolag\u0113ns \u0101das elast\u012bbai, probioti\u0137i gremo\u0161anas atbalstam un B3 vitam\u012bns \u0101dai. 120 kapsulas.","breadcrumb":{"@id":"https:\/\/puhdasplus.ee\/lv\/produkti\/ada-mati-nagi\/kolagens\/kolagens-un-pienskabes-bakterijas-120-kapsulas\/#breadcrumb"},"inLanguage":"lv-LV","potentialAction":[{"@type":"ReadAction","target":["https:\/\/puhdasplus.ee\/lv\/produkti\/ada-mati-nagi\/kolagens\/kolagens-un-pienskabes-bakterijas-120-kapsulas\/"]}]},{"@type":"ImageObject","inLanguage":"lv-LV","@id":"https:\/\/puhdasplus.ee\/lv\/produkti\/ada-mati-nagi\/kolagens\/kolagens-un-pienskabes-bakterijas-120-kapsulas\/#primaryimage","url":"https:\/\/puhdasplus.ee\/wp-content\/uploads\/2026\/03\/359810_359805.png","contentUrl":"https:\/\/puhdasplus.ee\/wp-content\/uploads\/2026\/03\/359810_359805.png","width":582,"height":800,"caption":"Kollageen ja piimhappebakter 120 kapslit | Puhdas+"},{"@type":"BreadcrumbList","@id":"https:\/\/puhdasplus.ee\/lv\/produkti\/ada-mati-nagi\/kolagens\/kolagens-un-pienskabes-bakterijas-120-kapsulas\/#breadcrumb","itemListElement":[{"@type":"ListItem","position":1,"name":"S\u0101kums","item":"https:\/\/puhdasplus.ee\/lv\/"},{"@type":"ListItem","position":2,"name":"Produkti","item":"https:\/\/puhdasplus.ee\/lv\/veikals\/"},{"@type":"ListItem","position":3,"name":"Kolag\u0113ns un piensk\u0101bes bakt\u0113rijas 120 kapsulas"}]},{"@type":"WebSite","@id":"https:\/\/puhdasplus.ee\/lv\/#website","url":"https:\/\/puhdasplus.ee\/lv\/","name":"Puhdas+","description":"Vitam\u012bni, uztura bag\u0101tin\u0101t\u0101ji, dab\u012bg\u0101 kosm\u0113tika, vesel\u012bba, sports","publisher":{"@id":"https:\/\/puhdasplus.ee\/lv\/#organization"},"potentialAction":[{"@type":"SearchAction","target":{"@type":"EntryPoint","urlTemplate":"https:\/\/puhdasplus.ee\/lv\/?s={search_term_string}"},"query-input":{"@type":"PropertyValueSpecification","valueRequired":true,"valueName":"search_term_string"}}],"inLanguage":"lv-LV"},{"@type":"Organization","@id":"https:\/\/puhdasplus.ee\/lv\/#organization","name":"Puhdas+","alternateName":"Puhdasplus","url":"https:\/\/puhdasplus.ee\/lv\/","logo":{"@type":"ImageObject","inLanguage":"lv-LV","@id":"https:\/\/puhdasplus.ee\/lv\/#\/schema\/logo\/image\/","url":"https:\/\/puhdasplus.ee\/wp-content\/uploads\/2019\/10\/puhdas_logo-arvele.png","contentUrl":"https:\/\/puhdasplus.ee\/wp-content\/uploads\/2019\/10\/puhdas_logo-arvele.png","width":114,"height":94,"caption":"Puhdas+"},"image":{"@id":"https:\/\/puhdasplus.ee\/lv\/#\/schema\/logo\/image\/"},"sameAs":["https:\/\/www.facebook.com\/puhdasplus","https:\/\/www.instagram.com\/puhdasplus_ee\/"]}]}},"_yoast_wpseo_title":"Kolag\u0113ns & Piensk\u0101bes bakt\u0113rijas 120 kapsulas | Puhdas+","_yoast_wpseo_metadesc":"Puhdas+ Kolag\u0113ns & Piensk\u0101bes bakt\u0113rijas \u2013 kolag\u0113ns \u0101das elast\u012bbai, probioti\u0137i gremo\u0161anas atbalstam un B3 vitam\u012bns \u0101dai. 120 kapsulas.","_yoast_wpseo_focuskw":"kolag\u0113ns piensk\u0101bes bakt\u0113rijas","_links":{"self":[{"href":"https:\/\/puhdasplus.ee\/lv\/wp-json\/wp\/v2\/product\/360272","targetHints":{"allow":["GET"]}}],"collection":[{"href":"https:\/\/puhdasplus.ee\/lv\/wp-json\/wp\/v2\/product"}],"about":[{"href":"https:\/\/puhdasplus.ee\/lv\/wp-json\/wp\/v2\/types\/product"}],"replies":[{"embeddable":true,"href":"https:\/\/puhdasplus.ee\/lv\/wp-json\/wp\/v2\/comments?post=360272"}],"wp:featuredmedia":[{"embeddable":true,"href":"https:\/\/puhdasplus.ee\/lv\/wp-json\/wp\/v2\/media\/360822"}],"wp:attachment":[{"href":"https:\/\/puhdasplus.ee\/lv\/wp-json\/wp\/v2\/media?parent=360272"}],"wp:term":[{"taxonomy":"product_brand","embeddable":true,"href":"https:\/\/puhdasplus.ee\/lv\/wp-json\/wp\/v2\/product_brand?post=360272"},{"taxonomy":"product_cat","embeddable":true,"href":"https:\/\/puhdasplus.ee\/lv\/wp-json\/wp\/v2\/product_cat?post=360272"},{"taxonomy":"product_tag","embeddable":true,"href":"https:\/\/puhdasplus.ee\/lv\/wp-json\/wp\/v2\/product_tag?post=360272"}],"curies":[{"name":"wp","href":"https:\/\/api.w.org\/{rel}","templated":true}]}}