{"id":360260,"date":"2026-03-30T21:49:58","date_gmt":"2026-03-30T18:49:58","guid":{"rendered":"https:\/\/puhdasplus.ee\/tooted\/maaratlemata\/magnija-taurats-200-g\/"},"modified":"2026-04-07T09:56:23","modified_gmt":"2026-04-07T06:56:23","slug":"magnija-taurats-200-g","status":"publish","type":"product","link":"https:\/\/puhdasplus.ee\/lv\/produkti\/minerali\/magnijs\/magnija-taurats-200-g\/","title":{"rendered":"Magnija taur\u0101ts 200 g"},"content":{"rendered":"<p><strong>Sp\u0113c\u012bgs un 100% bez piedev\u0101m magnija taur\u0101ta prepar\u0101ts.<\/strong><\/p>\n<p>Magnijs veicina norm\u0101lu musku\u013cu darb\u012bbu un pal\u012bdz samazin\u0101t nogurumu un nesp\u0113ku. Magnija taur\u0101ts apvieno magniju un aminosk\u0101bi taur\u012bnu, kas \u012bpa\u0161i atbalsta sirds un asinsvadu vesel\u012bbu.<\/p>\n<h2>Lieto\u0161anas instrukcija<\/h2>\n<p>1 \u0113damkarote (aptuveni 3 g) dien\u0101, sajaucot ar \u016bdeni, sulu vai sm\u016btiju. Nedr\u012bkst p\u0101rsniegt ieteicamo dienas devu.<\/p>\n<h2>Sast\u0101vs<\/h2>\n<p>Magnija taur\u0101ts.<\/p>\n<p>Nesatur pienu, laktozi, raugu vai glut\u0113nu. Nesatur cukuru, s\u0101li vai saldin\u0101t\u0101jus. Veg\u0101ns.<\/p>\n<h2>Uzturv\u0113rt\u012bba<\/h2>\n<table>\n<thead>\n<tr>\n<th>Uzturv\u0113rt\u012bba<\/th>\n<th>3 g<\/th>\n<\/tr>\n<\/thead>\n<tbody>\n<tr>\n<td>Magnija taur\u0101ts<\/td>\n<td>3000 mg<\/td>\n<\/tr>\n<tr>\n<td>\u2013 no t\u0101 magnija<\/td>\n<td>235 mg (63%*)<\/td>\n<\/tr>\n<\/tbody>\n<\/table>\n<p>*% no dienas atsauces uz\u0146em\u0161anas v\u0113rt\u012bbas.<\/p>\n<h2>Br\u012bdin\u0101jumi<\/h2>\n<p>Glab\u0101t b\u0113rniem nepieejam\u0101 viet\u0101. Uztura bag\u0101tin\u0101t\u0101js neaizst\u0101j daudzveid\u012bgu un sabalans\u0113tu uzturu, k\u0101 ar\u012b vesel\u012bgu dz\u012bvesveidu. Nep\u0101rsniedziet ieteicamo dienas devu.<\/p>\n","protected":false},"excerpt":{"rendered":"<p><b>Puhdas+ Magnija taur\u0101ts 200 g<\/b> \u2013 100% bez piedev\u0101m, labi uzs\u016bcama magnija forma sirds vesel\u012bbai. Pal\u012bdz samazin\u0101t nogurumu un nesp\u0113ku.<\/p>\n","protected":false},"featured_media":360834,"comment_status":"open","ping_status":"closed","template":"","meta":{"_acf_changed":false,"googlesitekit_rrm_CAow3eq7DA:productID":""},"product_brand":[],"product_cat":[3280,3200,3441],"product_tag":[8345,8397,3203,8365,3723,8373,3206],"class_list":{"0":"post-360260","1":"product","2":"type-product","3":"status-publish","4":"has-post-thumbnail","6":"product_cat-magnijs","7":"product_cat-minerali","8":"product_cat-sirds-veseliba","9":"product_tag-bez-glutna-lv","10":"product_tag-magnija-taurts-lv","11":"product_tag-magnijs","12":"product_tag-minerlvielas-lv","13":"product_tag-sirds-veseliba","14":"product_tag-somijas-kvalitte-lv","15":"product_tag-uztura-bagatinatajs","17":"first","18":"onbackorder","19":"taxable","20":"shipping-taxable","21":"purchasable","22":"product-type-simple"},"acf":[],"yoast_head":"<!-- This site is optimized with the Yoast SEO plugin v27.3 - https:\/\/yoast.com\/product\/yoast-seo-wordpress\/ -->\n<title>Magnija taur\u0101ts 200 g | Puhdas+<\/title>\n<meta name=\"description\" content=\"Puhdas+ Magnija taur\u0101ts 200 g \u2013 kvalitat\u012bvs un labi uzs\u016bcams magnijs sirds un musku\u013cu atbalstam. 100% bez piedev\u0101m t\u012brs sast\u0101vs.\" \/>\n<meta name=\"robots\" content=\"index, follow, max-snippet:-1, max-image-preview:large, max-video-preview:-1\" \/>\n<link rel=\"canonical\" href=\"https:\/\/puhdasplus.ee\/lv\/produkti\/minerali\/magnijs\/magnija-taurats-200-g\/\" \/>\n<meta property=\"og:locale\" content=\"lv_LV\" \/>\n<meta property=\"og:type\" content=\"article\" \/>\n<meta property=\"og:title\" content=\"Magnija taur\u0101ts 200 g | Puhdas+\" \/>\n<meta property=\"og:description\" content=\"Puhdas+ Magnija taur\u0101ts 200 g \u2013 kvalitat\u012bvs un labi uzs\u016bcams magnijs sirds un musku\u013cu atbalstam. 100% bez piedev\u0101m t\u012brs sast\u0101vs.\" \/>\n<meta property=\"og:url\" content=\"https:\/\/puhdasplus.ee\/lv\/produkti\/minerali\/magnijs\/magnija-taurats-200-g\/\" \/>\n<meta property=\"og:site_name\" content=\"Puhdas+\" \/>\n<meta property=\"article:publisher\" content=\"https:\/\/www.facebook.com\/puhdasplus\" \/>\n<meta property=\"article:modified_time\" content=\"2026-04-07T06:56:23+00:00\" \/>\n<meta property=\"og:image\" content=\"https:\/\/puhdasplus.ee\/wp-content\/uploads\/2026\/03\/Magneesiumtauraat-200-g-scaled.png\" \/>\n\t<meta property=\"og:image:width\" content=\"1862\" \/>\n\t<meta property=\"og:image:height\" content=\"2560\" \/>\n\t<meta property=\"og:image:type\" content=\"image\/png\" \/>\n<meta name=\"twitter:card\" content=\"summary_large_image\" \/>\n<meta name=\"twitter:label1\" content=\"Est. reading time\" \/>\n\t<meta name=\"twitter:data1\" content=\"1 minute\" \/>\n<script type=\"application\/ld+json\" class=\"yoast-schema-graph\">{\"@context\":\"https:\\\/\\\/schema.org\",\"@graph\":[{\"@type\":\"WebPage\",\"@id\":\"https:\\\/\\\/puhdasplus.ee\\\/lv\\\/produkti\\\/minerali\\\/magnijs\\\/magnija-taurats-200-g\\\/\",\"url\":\"https:\\\/\\\/puhdasplus.ee\\\/lv\\\/produkti\\\/minerali\\\/magnijs\\\/magnija-taurats-200-g\\\/\",\"name\":\"Magnija taur\u0101ts 200 g | Puhdas+\",\"isPartOf\":{\"@id\":\"https:\\\/\\\/puhdasplus.ee\\\/lv\\\/#website\"},\"primaryImageOfPage\":{\"@id\":\"https:\\\/\\\/puhdasplus.ee\\\/lv\\\/produkti\\\/minerali\\\/magnijs\\\/magnija-taurats-200-g\\\/#primaryimage\"},\"image\":{\"@id\":\"https:\\\/\\\/puhdasplus.ee\\\/lv\\\/produkti\\\/minerali\\\/magnijs\\\/magnija-taurats-200-g\\\/#primaryimage\"},\"thumbnailUrl\":\"https:\\\/\\\/puhdasplus.ee\\\/wp-content\\\/uploads\\\/2026\\\/03\\\/Magneesiumtauraat-200-g-scaled.png\",\"datePublished\":\"2026-03-30T18:49:58+00:00\",\"dateModified\":\"2026-04-07T06:56:23+00:00\",\"description\":\"Puhdas+ Magnija taur\u0101ts 200 g \u2013 kvalitat\u012bvs un labi uzs\u016bcams magnijs sirds un musku\u013cu atbalstam. 100% bez piedev\u0101m t\u012brs sast\u0101vs.\",\"breadcrumb\":{\"@id\":\"https:\\\/\\\/puhdasplus.ee\\\/lv\\\/produkti\\\/minerali\\\/magnijs\\\/magnija-taurats-200-g\\\/#breadcrumb\"},\"inLanguage\":\"lv-LV\",\"potentialAction\":[{\"@type\":\"ReadAction\",\"target\":[\"https:\\\/\\\/puhdasplus.ee\\\/lv\\\/produkti\\\/minerali\\\/magnijs\\\/magnija-taurats-200-g\\\/\"]}]},{\"@type\":\"ImageObject\",\"inLanguage\":\"lv-LV\",\"@id\":\"https:\\\/\\\/puhdasplus.ee\\\/lv\\\/produkti\\\/minerali\\\/magnijs\\\/magnija-taurats-200-g\\\/#primaryimage\",\"url\":\"https:\\\/\\\/puhdasplus.ee\\\/wp-content\\\/uploads\\\/2026\\\/03\\\/Magneesiumtauraat-200-g-scaled.png\",\"contentUrl\":\"https:\\\/\\\/puhdasplus.ee\\\/wp-content\\\/uploads\\\/2026\\\/03\\\/Magneesiumtauraat-200-g-scaled.png\",\"width\":1862,\"height\":2560,\"caption\":\"Magneesiumtauraat 200 g\"},{\"@type\":\"BreadcrumbList\",\"@id\":\"https:\\\/\\\/puhdasplus.ee\\\/lv\\\/produkti\\\/minerali\\\/magnijs\\\/magnija-taurats-200-g\\\/#breadcrumb\",\"itemListElement\":[{\"@type\":\"ListItem\",\"position\":1,\"name\":\"S\u0101kums\",\"item\":\"https:\\\/\\\/puhdasplus.ee\\\/lv\\\/\"},{\"@type\":\"ListItem\",\"position\":2,\"name\":\"Produkti\",\"item\":\"https:\\\/\\\/puhdasplus.ee\\\/lv\\\/veikals\\\/\"},{\"@type\":\"ListItem\",\"position\":3,\"name\":\"Magnija taur\u0101ts 200 g\"}]},{\"@type\":\"WebSite\",\"@id\":\"https:\\\/\\\/puhdasplus.ee\\\/lv\\\/#website\",\"url\":\"https:\\\/\\\/puhdasplus.ee\\\/lv\\\/\",\"name\":\"Puhdas+\",\"description\":\"Vitam\u012bni, uztura bag\u0101tin\u0101t\u0101ji, dab\u012bg\u0101 kosm\u0113tika, vesel\u012bba, sports\",\"publisher\":{\"@id\":\"https:\\\/\\\/puhdasplus.ee\\\/lv\\\/#organization\"},\"potentialAction\":[{\"@type\":\"SearchAction\",\"target\":{\"@type\":\"EntryPoint\",\"urlTemplate\":\"https:\\\/\\\/puhdasplus.ee\\\/lv\\\/?s={search_term_string}\"},\"query-input\":{\"@type\":\"PropertyValueSpecification\",\"valueRequired\":true,\"valueName\":\"search_term_string\"}}],\"inLanguage\":\"lv-LV\"},{\"@type\":\"Organization\",\"@id\":\"https:\\\/\\\/puhdasplus.ee\\\/lv\\\/#organization\",\"name\":\"Puhdas+\",\"alternateName\":\"Puhdasplus\",\"url\":\"https:\\\/\\\/puhdasplus.ee\\\/lv\\\/\",\"logo\":{\"@type\":\"ImageObject\",\"inLanguage\":\"lv-LV\",\"@id\":\"https:\\\/\\\/puhdasplus.ee\\\/lv\\\/#\\\/schema\\\/logo\\\/image\\\/\",\"url\":\"https:\\\/\\\/puhdasplus.ee\\\/wp-content\\\/uploads\\\/2019\\\/10\\\/puhdas_logo-arvele.png\",\"contentUrl\":\"https:\\\/\\\/puhdasplus.ee\\\/wp-content\\\/uploads\\\/2019\\\/10\\\/puhdas_logo-arvele.png\",\"width\":114,\"height\":94,\"caption\":\"Puhdas+\"},\"image\":{\"@id\":\"https:\\\/\\\/puhdasplus.ee\\\/lv\\\/#\\\/schema\\\/logo\\\/image\\\/\"},\"sameAs\":[\"https:\\\/\\\/www.facebook.com\\\/puhdasplus\",\"https:\\\/\\\/www.instagram.com\\\/puhdasplus_ee\\\/\"]}]}<\/script>\n<!-- \/ Yoast SEO plugin. -->","yoast_head_json":{"title":"Magnija taur\u0101ts 200 g | Puhdas+","description":"Puhdas+ Magnija taur\u0101ts 200 g \u2013 kvalitat\u012bvs un labi uzs\u016bcams magnijs sirds un musku\u013cu atbalstam. 100% bez piedev\u0101m t\u012brs sast\u0101vs.","robots":{"index":"index","follow":"follow","max-snippet":"max-snippet:-1","max-image-preview":"max-image-preview:large","max-video-preview":"max-video-preview:-1"},"canonical":"https:\/\/puhdasplus.ee\/lv\/produkti\/minerali\/magnijs\/magnija-taurats-200-g\/","og_locale":"lv_LV","og_type":"article","og_title":"Magnija taur\u0101ts 200 g | Puhdas+","og_description":"Puhdas+ Magnija taur\u0101ts 200 g \u2013 kvalitat\u012bvs un labi uzs\u016bcams magnijs sirds un musku\u013cu atbalstam. 100% bez piedev\u0101m t\u012brs sast\u0101vs.","og_url":"https:\/\/puhdasplus.ee\/lv\/produkti\/minerali\/magnijs\/magnija-taurats-200-g\/","og_site_name":"Puhdas+","article_publisher":"https:\/\/www.facebook.com\/puhdasplus","article_modified_time":"2026-04-07T06:56:23+00:00","og_image":[{"width":1862,"height":2560,"url":"https:\/\/puhdasplus.ee\/wp-content\/uploads\/2026\/03\/Magneesiumtauraat-200-g-scaled.png","type":"image\/png"}],"twitter_card":"summary_large_image","twitter_misc":{"Est. reading time":"1 minute"},"schema":{"@context":"https:\/\/schema.org","@graph":[{"@type":"WebPage","@id":"https:\/\/puhdasplus.ee\/lv\/produkti\/minerali\/magnijs\/magnija-taurats-200-g\/","url":"https:\/\/puhdasplus.ee\/lv\/produkti\/minerali\/magnijs\/magnija-taurats-200-g\/","name":"Magnija taur\u0101ts 200 g | Puhdas+","isPartOf":{"@id":"https:\/\/puhdasplus.ee\/lv\/#website"},"primaryImageOfPage":{"@id":"https:\/\/puhdasplus.ee\/lv\/produkti\/minerali\/magnijs\/magnija-taurats-200-g\/#primaryimage"},"image":{"@id":"https:\/\/puhdasplus.ee\/lv\/produkti\/minerali\/magnijs\/magnija-taurats-200-g\/#primaryimage"},"thumbnailUrl":"https:\/\/puhdasplus.ee\/wp-content\/uploads\/2026\/03\/Magneesiumtauraat-200-g-scaled.png","datePublished":"2026-03-30T18:49:58+00:00","dateModified":"2026-04-07T06:56:23+00:00","description":"Puhdas+ Magnija taur\u0101ts 200 g \u2013 kvalitat\u012bvs un labi uzs\u016bcams magnijs sirds un musku\u013cu atbalstam. 100% bez piedev\u0101m t\u012brs sast\u0101vs.","breadcrumb":{"@id":"https:\/\/puhdasplus.ee\/lv\/produkti\/minerali\/magnijs\/magnija-taurats-200-g\/#breadcrumb"},"inLanguage":"lv-LV","potentialAction":[{"@type":"ReadAction","target":["https:\/\/puhdasplus.ee\/lv\/produkti\/minerali\/magnijs\/magnija-taurats-200-g\/"]}]},{"@type":"ImageObject","inLanguage":"lv-LV","@id":"https:\/\/puhdasplus.ee\/lv\/produkti\/minerali\/magnijs\/magnija-taurats-200-g\/#primaryimage","url":"https:\/\/puhdasplus.ee\/wp-content\/uploads\/2026\/03\/Magneesiumtauraat-200-g-scaled.png","contentUrl":"https:\/\/puhdasplus.ee\/wp-content\/uploads\/2026\/03\/Magneesiumtauraat-200-g-scaled.png","width":1862,"height":2560,"caption":"Magneesiumtauraat 200 g"},{"@type":"BreadcrumbList","@id":"https:\/\/puhdasplus.ee\/lv\/produkti\/minerali\/magnijs\/magnija-taurats-200-g\/#breadcrumb","itemListElement":[{"@type":"ListItem","position":1,"name":"S\u0101kums","item":"https:\/\/puhdasplus.ee\/lv\/"},{"@type":"ListItem","position":2,"name":"Produkti","item":"https:\/\/puhdasplus.ee\/lv\/veikals\/"},{"@type":"ListItem","position":3,"name":"Magnija taur\u0101ts 200 g"}]},{"@type":"WebSite","@id":"https:\/\/puhdasplus.ee\/lv\/#website","url":"https:\/\/puhdasplus.ee\/lv\/","name":"Puhdas+","description":"Vitam\u012bni, uztura bag\u0101tin\u0101t\u0101ji, dab\u012bg\u0101 kosm\u0113tika, vesel\u012bba, sports","publisher":{"@id":"https:\/\/puhdasplus.ee\/lv\/#organization"},"potentialAction":[{"@type":"SearchAction","target":{"@type":"EntryPoint","urlTemplate":"https:\/\/puhdasplus.ee\/lv\/?s={search_term_string}"},"query-input":{"@type":"PropertyValueSpecification","valueRequired":true,"valueName":"search_term_string"}}],"inLanguage":"lv-LV"},{"@type":"Organization","@id":"https:\/\/puhdasplus.ee\/lv\/#organization","name":"Puhdas+","alternateName":"Puhdasplus","url":"https:\/\/puhdasplus.ee\/lv\/","logo":{"@type":"ImageObject","inLanguage":"lv-LV","@id":"https:\/\/puhdasplus.ee\/lv\/#\/schema\/logo\/image\/","url":"https:\/\/puhdasplus.ee\/wp-content\/uploads\/2019\/10\/puhdas_logo-arvele.png","contentUrl":"https:\/\/puhdasplus.ee\/wp-content\/uploads\/2019\/10\/puhdas_logo-arvele.png","width":114,"height":94,"caption":"Puhdas+"},"image":{"@id":"https:\/\/puhdasplus.ee\/lv\/#\/schema\/logo\/image\/"},"sameAs":["https:\/\/www.facebook.com\/puhdasplus","https:\/\/www.instagram.com\/puhdasplus_ee\/"]}]}},"_yoast_wpseo_title":"Magnija taur\u0101ts 200 g | Puhdas+","_yoast_wpseo_metadesc":"Puhdas+ Magnija taur\u0101ts 200 g \u2013 kvalitat\u012bvs un labi uzs\u016bcams magnijs sirds un musku\u013cu atbalstam. 100% bez piedev\u0101m t\u012brs sast\u0101vs.","_yoast_wpseo_focuskw":"magnija taur\u0101ts","_links":{"self":[{"href":"https:\/\/puhdasplus.ee\/lv\/wp-json\/wp\/v2\/product\/360260","targetHints":{"allow":["GET"]}}],"collection":[{"href":"https:\/\/puhdasplus.ee\/lv\/wp-json\/wp\/v2\/product"}],"about":[{"href":"https:\/\/puhdasplus.ee\/lv\/wp-json\/wp\/v2\/types\/product"}],"replies":[{"embeddable":true,"href":"https:\/\/puhdasplus.ee\/lv\/wp-json\/wp\/v2\/comments?post=360260"}],"wp:featuredmedia":[{"embeddable":true,"href":"https:\/\/puhdasplus.ee\/lv\/wp-json\/wp\/v2\/media\/360834"}],"wp:attachment":[{"href":"https:\/\/puhdasplus.ee\/lv\/wp-json\/wp\/v2\/media?parent=360260"}],"wp:term":[{"taxonomy":"product_brand","embeddable":true,"href":"https:\/\/puhdasplus.ee\/lv\/wp-json\/wp\/v2\/product_brand?post=360260"},{"taxonomy":"product_cat","embeddable":true,"href":"https:\/\/puhdasplus.ee\/lv\/wp-json\/wp\/v2\/product_cat?post=360260"},{"taxonomy":"product_tag","embeddable":true,"href":"https:\/\/puhdasplus.ee\/lv\/wp-json\/wp\/v2\/product_tag?post=360260"}],"curies":[{"name":"wp","href":"https:\/\/api.w.org\/{rel}","templated":true}]}}