{"id":360256,"date":"2026-03-30T21:49:04","date_gmt":"2026-03-30T18:49:04","guid":{"rendered":"https:\/\/puhdasplus.ee\/tooted\/maaratlemata\/magtein-magnija-l-treonats-150-kapsulas\/"},"modified":"2026-04-14T16:53:23","modified_gmt":"2026-04-14T13:53:23","slug":"magtein-magnija-l-treonats-150-kapsulas","status":"publish","type":"product","link":"https:\/\/puhdasplus.ee\/lv\/produkti\/minerali\/magnijs\/magtein-magnija-l-treonats-150-kapsulas\/","title":{"rendered":"Magtein\u00ae Magnija L-treon\u0101ts 150 kapsulas"},"content":{"rendered":"<p><strong>Puhdas+ Magtein\u00ae<\/strong> ir patent\u0113ts magnija prepar\u0101ts, kas satur magnija L-treon\u0101tu. Magnijs ir organismam svar\u012bgs miner\u0101lvielu elements, kas piedal\u0101s daudz\u0101s pamata \u0137erme\u0146a funkcij\u0101s. Tas veicina norm\u0101lu musku\u013cu un nervu sist\u0113mas darb\u012bbu, k\u0101 ar\u012b veicina ener\u0123ijas vielmai\u0146u, pal\u012bdzot organismam tikt gal\u0101 ar ikdienas slodzi. Magnijam ir ar\u012b loma psiholo\u0123isko funkciju atbalst\u012b\u0161an\u0101, un tas pal\u012bdz mazin\u0101t nogurumu un nesp\u0113ku. Turkl\u0101t magnijs ir svar\u012bga skeleta vesel\u012bbas sast\u0101vda\u013ca.<\/p>\n<p>Products ir ra\u017eots Somij\u0101.<\/p>\n<p>&nbsp;<\/p>\n<h2><strong>Lieto\u0161anas nor\u0101d\u012bjumi<\/strong><\/h2>\n<p>5 kapsulas dien\u0101. Ieteicams lietot \u0113\u0161anas laik\u0101. Ikdienas 5 kapsulu devu vajadz\u012bbas gad\u012bjum\u0101 var sadal\u012bt vair\u0101k\u0101s da\u013c\u0101s. Nav ieteicams gr\u016btniec\u012bbas un baro\u0161anas ar kr\u016bti laik\u0101.<\/p>\n<p>&nbsp;<\/p>\n<h2><strong>Sast\u0101vda\u013cas<\/strong><\/h2>\n<p>Magtein\u00ae magnija L-treon\u0101ts, pildviela (r\u012bsu ciete), kapsula (stabilizators: hidroksipropilmetilceluloze).<\/p>\n<p>&nbsp;<\/p>\n<h2><strong>Uzturv\u0113rt\u012bba<\/strong><\/h2>\n<p>5 kapsulas satur: Magtein\u00ae magnija L-treon\u0101ts 2000 mg, no t\u0101 magnijs 144 mg (38%*).<\/p>\n<p>*% no diennakts atsauces v\u0113rt\u012bbas.<\/p>\n<p>&nbsp;<\/p>\n<h2><strong>Br\u012bdin\u0101jumi<\/strong><\/h2>\n<p>Glab\u0101t b\u0113rniem nepieejam\u0101 viet\u0101. Uztura bag\u0101tin\u0101t\u0101js neaizst\u0101j daudzveid\u012bgu un sabalans\u0113tu uzturu un vesel\u012bgu dz\u012bvesveidu. Nep\u0101rsniedziet ieteicamo dienas devu.<\/p>\n<p>&nbsp;<\/p>\n<p>&nbsp;<\/p>\n","protected":false},"excerpt":{"rendered":"<p>Puhdas+ <strong>Magtein\u00ae Magnija L-treon\u0101ts<\/strong> 150 kapsulas ir patent\u0113ta magnija forma, kas <b>veicina nervu sist\u0113mas norm\u0101lu darb\u012bbu<\/b> un <b>psiholo\u0123isk\u0101s funkcijas.<\/b> Ra\u017eots Somij\u0101.<\/p>\n","protected":false},"featured_media":360944,"comment_status":"open","ping_status":"closed","template":"","meta":{"_acf_changed":false,"googlesitekit_rrm_CAow3eq7DA:productID":""},"product_brand":[],"product_cat":[3280,3200],"product_tag":[8345,8349,3203,8464,8381,8373,3206,2974],"class_list":{"0":"post-360256","1":"product","2":"type-product","3":"status-publish","4":"has-post-thumbnail","6":"product_cat-magnijs","7":"product_cat-minerali","8":"product_tag-bez-glutna-lv","9":"product_tag-bez-laktozes-lv","10":"product_tag-magnijs","11":"product_tag-nervu-sistema","12":"product_tag-smadzeu-veselba-lv","13":"product_tag-somijas-kvalitte-lv","14":"product_tag-uztura-bagatinatajs","15":"product_tag-vegans","17":"first","18":"onbackorder","19":"taxable","20":"shipping-taxable","21":"purchasable","22":"product-type-simple"},"acf":[],"yoast_head":"<!-- This site is optimized with the Yoast SEO plugin v27.4 - https:\/\/yoast.com\/product\/yoast-seo-wordpress\/ -->\n<title>Magtein\u00ae Magnija L-treon\u0101ts 150 kapsulas | Puhdas+<\/title>\n<meta name=\"description\" content=\"Puhdas+ Magtein\u00ae \u2013 magnija L-treon\u0101ts kapsul\u0101s (Magtein\u00ae). M\u016bsdien\u012bga un kvalitat\u012bva magnija forma ikdienas lieto\u0161anai, 150 kapsulas.\" \/>\n<meta name=\"robots\" content=\"index, follow, max-snippet:-1, max-image-preview:large, max-video-preview:-1\" \/>\n<link rel=\"canonical\" href=\"https:\/\/puhdasplus.ee\/lv\/produkti\/minerali\/magnijs\/magtein-magnija-l-treonats-150-kapsulas\/\" \/>\n<meta property=\"og:locale\" content=\"lv_LV\" \/>\n<meta property=\"og:type\" content=\"article\" \/>\n<meta property=\"og:title\" content=\"Magtein\u00ae Magnija L-treon\u0101ts 150 kapsulas | Puhdas+\" \/>\n<meta property=\"og:description\" content=\"Puhdas+ Magtein\u00ae \u2013 magnija L-treon\u0101ts kapsul\u0101s (Magtein\u00ae). M\u016bsdien\u012bga un kvalitat\u012bva magnija forma ikdienas lieto\u0161anai, 150 kapsulas.\" \/>\n<meta property=\"og:url\" content=\"https:\/\/puhdasplus.ee\/lv\/produkti\/minerali\/magnijs\/magtein-magnija-l-treonats-150-kapsulas\/\" \/>\n<meta property=\"og:site_name\" content=\"Puhdas+\" \/>\n<meta property=\"article:publisher\" content=\"https:\/\/www.facebook.com\/puhdasplus\" \/>\n<meta property=\"article:modified_time\" content=\"2026-04-14T13:53:23+00:00\" \/>\n<meta property=\"og:image\" content=\"https:\/\/puhdasplus.ee\/wp-content\/uploads\/2026\/03\/tooted-ilma-taustata-3-copy-8.jpg\" \/>\n\t<meta property=\"og:image:width\" content=\"1280\" \/>\n\t<meta property=\"og:image:height\" content=\"1760\" \/>\n\t<meta property=\"og:image:type\" content=\"image\/jpeg\" \/>\n<meta name=\"twitter:card\" content=\"summary_large_image\" \/>\n<meta name=\"twitter:label1\" content=\"Est. reading time\" \/>\n\t<meta name=\"twitter:data1\" content=\"1 minute\" \/>\n<script type=\"application\/ld+json\" class=\"yoast-schema-graph\">{\"@context\":\"https:\\\/\\\/schema.org\",\"@graph\":[{\"@type\":\"WebPage\",\"@id\":\"https:\\\/\\\/puhdasplus.ee\\\/lv\\\/produkti\\\/minerali\\\/magnijs\\\/magtein-magnija-l-treonats-150-kapsulas\\\/\",\"url\":\"https:\\\/\\\/puhdasplus.ee\\\/lv\\\/produkti\\\/minerali\\\/magnijs\\\/magtein-magnija-l-treonats-150-kapsulas\\\/\",\"name\":\"Magtein\u00ae Magnija L-treon\u0101ts 150 kapsulas | Puhdas+\",\"isPartOf\":{\"@id\":\"https:\\\/\\\/puhdasplus.ee\\\/lv\\\/#website\"},\"primaryImageOfPage\":{\"@id\":\"https:\\\/\\\/puhdasplus.ee\\\/lv\\\/produkti\\\/minerali\\\/magnijs\\\/magtein-magnija-l-treonats-150-kapsulas\\\/#primaryimage\"},\"image\":{\"@id\":\"https:\\\/\\\/puhdasplus.ee\\\/lv\\\/produkti\\\/minerali\\\/magnijs\\\/magtein-magnija-l-treonats-150-kapsulas\\\/#primaryimage\"},\"thumbnailUrl\":\"https:\\\/\\\/puhdasplus.ee\\\/wp-content\\\/uploads\\\/2026\\\/03\\\/tooted-ilma-taustata-3-copy-8.jpg\",\"datePublished\":\"2026-03-30T18:49:04+00:00\",\"dateModified\":\"2026-04-14T13:53:23+00:00\",\"description\":\"Puhdas+ Magtein\u00ae \u2013 magnija L-treon\u0101ts kapsul\u0101s (Magtein\u00ae). M\u016bsdien\u012bga un kvalitat\u012bva magnija forma ikdienas lieto\u0161anai, 150 kapsulas.\",\"breadcrumb\":{\"@id\":\"https:\\\/\\\/puhdasplus.ee\\\/lv\\\/produkti\\\/minerali\\\/magnijs\\\/magtein-magnija-l-treonats-150-kapsulas\\\/#breadcrumb\"},\"inLanguage\":\"lv-LV\",\"potentialAction\":[{\"@type\":\"ReadAction\",\"target\":[\"https:\\\/\\\/puhdasplus.ee\\\/lv\\\/produkti\\\/minerali\\\/magnijs\\\/magtein-magnija-l-treonats-150-kapsulas\\\/\"]}]},{\"@type\":\"ImageObject\",\"inLanguage\":\"lv-LV\",\"@id\":\"https:\\\/\\\/puhdasplus.ee\\\/lv\\\/produkti\\\/minerali\\\/magnijs\\\/magtein-magnija-l-treonats-150-kapsulas\\\/#primaryimage\",\"url\":\"https:\\\/\\\/puhdasplus.ee\\\/wp-content\\\/uploads\\\/2026\\\/03\\\/tooted-ilma-taustata-3-copy-8.jpg\",\"contentUrl\":\"https:\\\/\\\/puhdasplus.ee\\\/wp-content\\\/uploads\\\/2026\\\/03\\\/tooted-ilma-taustata-3-copy-8.jpg\",\"width\":1280,\"height\":1760,\"caption\":\"Magtein\u00ae Magneesium L-Treonaat 150 kapslit\"},{\"@type\":\"BreadcrumbList\",\"@id\":\"https:\\\/\\\/puhdasplus.ee\\\/lv\\\/produkti\\\/minerali\\\/magnijs\\\/magtein-magnija-l-treonats-150-kapsulas\\\/#breadcrumb\",\"itemListElement\":[{\"@type\":\"ListItem\",\"position\":1,\"name\":\"S\u0101kums\",\"item\":\"https:\\\/\\\/puhdasplus.ee\\\/lv\\\/\"},{\"@type\":\"ListItem\",\"position\":2,\"name\":\"Produkti\",\"item\":\"https:\\\/\\\/puhdasplus.ee\\\/lv\\\/veikals\\\/\"},{\"@type\":\"ListItem\",\"position\":3,\"name\":\"Magtein\u00ae Magnija L-treon\u0101ts 150 kapsulas\"}]},{\"@type\":\"WebSite\",\"@id\":\"https:\\\/\\\/puhdasplus.ee\\\/lv\\\/#website\",\"url\":\"https:\\\/\\\/puhdasplus.ee\\\/lv\\\/\",\"name\":\"Puhdas+\",\"description\":\"Vitam\u012bni, uztura bag\u0101tin\u0101t\u0101ji, dab\u012bg\u0101 kosm\u0113tika, vesel\u012bba, sports\",\"publisher\":{\"@id\":\"https:\\\/\\\/puhdasplus.ee\\\/lv\\\/#organization\"},\"potentialAction\":[{\"@type\":\"SearchAction\",\"target\":{\"@type\":\"EntryPoint\",\"urlTemplate\":\"https:\\\/\\\/puhdasplus.ee\\\/lv\\\/?s={search_term_string}\"},\"query-input\":{\"@type\":\"PropertyValueSpecification\",\"valueRequired\":true,\"valueName\":\"search_term_string\"}}],\"inLanguage\":\"lv-LV\"},{\"@type\":\"Organization\",\"@id\":\"https:\\\/\\\/puhdasplus.ee\\\/lv\\\/#organization\",\"name\":\"Puhdas+\",\"alternateName\":\"Puhdasplus\",\"url\":\"https:\\\/\\\/puhdasplus.ee\\\/lv\\\/\",\"logo\":{\"@type\":\"ImageObject\",\"inLanguage\":\"lv-LV\",\"@id\":\"https:\\\/\\\/puhdasplus.ee\\\/lv\\\/#\\\/schema\\\/logo\\\/image\\\/\",\"url\":\"https:\\\/\\\/puhdasplus.ee\\\/wp-content\\\/uploads\\\/2019\\\/10\\\/puhdas_logo-arvele.png\",\"contentUrl\":\"https:\\\/\\\/puhdasplus.ee\\\/wp-content\\\/uploads\\\/2019\\\/10\\\/puhdas_logo-arvele.png\",\"width\":114,\"height\":94,\"caption\":\"Puhdas+\"},\"image\":{\"@id\":\"https:\\\/\\\/puhdasplus.ee\\\/lv\\\/#\\\/schema\\\/logo\\\/image\\\/\"},\"sameAs\":[\"https:\\\/\\\/www.facebook.com\\\/puhdasplus\",\"https:\\\/\\\/www.instagram.com\\\/puhdasplus_ee\\\/\"]}]}<\/script>\n<!-- \/ Yoast SEO plugin. -->","yoast_head_json":{"title":"Magtein\u00ae Magnija L-treon\u0101ts 150 kapsulas | Puhdas+","description":"Puhdas+ Magtein\u00ae \u2013 magnija L-treon\u0101ts kapsul\u0101s (Magtein\u00ae). M\u016bsdien\u012bga un kvalitat\u012bva magnija forma ikdienas lieto\u0161anai, 150 kapsulas.","robots":{"index":"index","follow":"follow","max-snippet":"max-snippet:-1","max-image-preview":"max-image-preview:large","max-video-preview":"max-video-preview:-1"},"canonical":"https:\/\/puhdasplus.ee\/lv\/produkti\/minerali\/magnijs\/magtein-magnija-l-treonats-150-kapsulas\/","og_locale":"lv_LV","og_type":"article","og_title":"Magtein\u00ae Magnija L-treon\u0101ts 150 kapsulas | Puhdas+","og_description":"Puhdas+ Magtein\u00ae \u2013 magnija L-treon\u0101ts kapsul\u0101s (Magtein\u00ae). M\u016bsdien\u012bga un kvalitat\u012bva magnija forma ikdienas lieto\u0161anai, 150 kapsulas.","og_url":"https:\/\/puhdasplus.ee\/lv\/produkti\/minerali\/magnijs\/magtein-magnija-l-treonats-150-kapsulas\/","og_site_name":"Puhdas+","article_publisher":"https:\/\/www.facebook.com\/puhdasplus","article_modified_time":"2026-04-14T13:53:23+00:00","og_image":[{"width":1280,"height":1760,"url":"https:\/\/puhdasplus.ee\/wp-content\/uploads\/2026\/03\/tooted-ilma-taustata-3-copy-8.jpg","type":"image\/jpeg"}],"twitter_card":"summary_large_image","twitter_misc":{"Est. reading time":"1 minute"},"schema":{"@context":"https:\/\/schema.org","@graph":[{"@type":"WebPage","@id":"https:\/\/puhdasplus.ee\/lv\/produkti\/minerali\/magnijs\/magtein-magnija-l-treonats-150-kapsulas\/","url":"https:\/\/puhdasplus.ee\/lv\/produkti\/minerali\/magnijs\/magtein-magnija-l-treonats-150-kapsulas\/","name":"Magtein\u00ae Magnija L-treon\u0101ts 150 kapsulas | Puhdas+","isPartOf":{"@id":"https:\/\/puhdasplus.ee\/lv\/#website"},"primaryImageOfPage":{"@id":"https:\/\/puhdasplus.ee\/lv\/produkti\/minerali\/magnijs\/magtein-magnija-l-treonats-150-kapsulas\/#primaryimage"},"image":{"@id":"https:\/\/puhdasplus.ee\/lv\/produkti\/minerali\/magnijs\/magtein-magnija-l-treonats-150-kapsulas\/#primaryimage"},"thumbnailUrl":"https:\/\/puhdasplus.ee\/wp-content\/uploads\/2026\/03\/tooted-ilma-taustata-3-copy-8.jpg","datePublished":"2026-03-30T18:49:04+00:00","dateModified":"2026-04-14T13:53:23+00:00","description":"Puhdas+ Magtein\u00ae \u2013 magnija L-treon\u0101ts kapsul\u0101s (Magtein\u00ae). M\u016bsdien\u012bga un kvalitat\u012bva magnija forma ikdienas lieto\u0161anai, 150 kapsulas.","breadcrumb":{"@id":"https:\/\/puhdasplus.ee\/lv\/produkti\/minerali\/magnijs\/magtein-magnija-l-treonats-150-kapsulas\/#breadcrumb"},"inLanguage":"lv-LV","potentialAction":[{"@type":"ReadAction","target":["https:\/\/puhdasplus.ee\/lv\/produkti\/minerali\/magnijs\/magtein-magnija-l-treonats-150-kapsulas\/"]}]},{"@type":"ImageObject","inLanguage":"lv-LV","@id":"https:\/\/puhdasplus.ee\/lv\/produkti\/minerali\/magnijs\/magtein-magnija-l-treonats-150-kapsulas\/#primaryimage","url":"https:\/\/puhdasplus.ee\/wp-content\/uploads\/2026\/03\/tooted-ilma-taustata-3-copy-8.jpg","contentUrl":"https:\/\/puhdasplus.ee\/wp-content\/uploads\/2026\/03\/tooted-ilma-taustata-3-copy-8.jpg","width":1280,"height":1760,"caption":"Magtein\u00ae Magneesium L-Treonaat 150 kapslit"},{"@type":"BreadcrumbList","@id":"https:\/\/puhdasplus.ee\/lv\/produkti\/minerali\/magnijs\/magtein-magnija-l-treonats-150-kapsulas\/#breadcrumb","itemListElement":[{"@type":"ListItem","position":1,"name":"S\u0101kums","item":"https:\/\/puhdasplus.ee\/lv\/"},{"@type":"ListItem","position":2,"name":"Produkti","item":"https:\/\/puhdasplus.ee\/lv\/veikals\/"},{"@type":"ListItem","position":3,"name":"Magtein\u00ae Magnija L-treon\u0101ts 150 kapsulas"}]},{"@type":"WebSite","@id":"https:\/\/puhdasplus.ee\/lv\/#website","url":"https:\/\/puhdasplus.ee\/lv\/","name":"Puhdas+","description":"Vitam\u012bni, uztura bag\u0101tin\u0101t\u0101ji, dab\u012bg\u0101 kosm\u0113tika, vesel\u012bba, sports","publisher":{"@id":"https:\/\/puhdasplus.ee\/lv\/#organization"},"potentialAction":[{"@type":"SearchAction","target":{"@type":"EntryPoint","urlTemplate":"https:\/\/puhdasplus.ee\/lv\/?s={search_term_string}"},"query-input":{"@type":"PropertyValueSpecification","valueRequired":true,"valueName":"search_term_string"}}],"inLanguage":"lv-LV"},{"@type":"Organization","@id":"https:\/\/puhdasplus.ee\/lv\/#organization","name":"Puhdas+","alternateName":"Puhdasplus","url":"https:\/\/puhdasplus.ee\/lv\/","logo":{"@type":"ImageObject","inLanguage":"lv-LV","@id":"https:\/\/puhdasplus.ee\/lv\/#\/schema\/logo\/image\/","url":"https:\/\/puhdasplus.ee\/wp-content\/uploads\/2019\/10\/puhdas_logo-arvele.png","contentUrl":"https:\/\/puhdasplus.ee\/wp-content\/uploads\/2019\/10\/puhdas_logo-arvele.png","width":114,"height":94,"caption":"Puhdas+"},"image":{"@id":"https:\/\/puhdasplus.ee\/lv\/#\/schema\/logo\/image\/"},"sameAs":["https:\/\/www.facebook.com\/puhdasplus","https:\/\/www.instagram.com\/puhdasplus_ee\/"]}]}},"_yoast_wpseo_title":"Magtein\u00ae Magnija L-treon\u0101ts 150 kapsulas | Puhdas+","_yoast_wpseo_metadesc":"Puhdas+ Magtein\u00ae \u2013 magnija L-treon\u0101ts kapsul\u0101s (Magtein\u00ae). M\u016bsdien\u012bga un kvalitat\u012bva magnija forma ikdienas lieto\u0161anai, 150 kapsulas.","_yoast_wpseo_focuskw":"magnija L-treon\u0101ts","_links":{"self":[{"href":"https:\/\/puhdasplus.ee\/lv\/wp-json\/wp\/v2\/product\/360256","targetHints":{"allow":["GET"]}}],"collection":[{"href":"https:\/\/puhdasplus.ee\/lv\/wp-json\/wp\/v2\/product"}],"about":[{"href":"https:\/\/puhdasplus.ee\/lv\/wp-json\/wp\/v2\/types\/product"}],"replies":[{"embeddable":true,"href":"https:\/\/puhdasplus.ee\/lv\/wp-json\/wp\/v2\/comments?post=360256"}],"wp:featuredmedia":[{"embeddable":true,"href":"https:\/\/puhdasplus.ee\/lv\/wp-json\/wp\/v2\/media\/360944"}],"wp:attachment":[{"href":"https:\/\/puhdasplus.ee\/lv\/wp-json\/wp\/v2\/media?parent=360256"}],"wp:term":[{"taxonomy":"product_brand","embeddable":true,"href":"https:\/\/puhdasplus.ee\/lv\/wp-json\/wp\/v2\/product_brand?post=360256"},{"taxonomy":"product_cat","embeddable":true,"href":"https:\/\/puhdasplus.ee\/lv\/wp-json\/wp\/v2\/product_cat?post=360256"},{"taxonomy":"product_tag","embeddable":true,"href":"https:\/\/puhdasplus.ee\/lv\/wp-json\/wp\/v2\/product_tag?post=360256"}],"curies":[{"name":"wp","href":"https:\/\/api.w.org\/{rel}","templated":true}]}}