{"id":360253,"date":"2026-03-30T21:53:39","date_gmt":"2026-03-30T18:53:39","guid":{"rendered":"https:\/\/puhdasplus.ee\/tooted\/maaratlemata\/silicija-gels-silica-tonic-ar-ingveru-un-citronu-750-ml\/"},"modified":"2026-04-14T16:53:36","modified_gmt":"2026-04-14T13:53:36","slug":"silicija-gels-silica-tonic-ar-ingveru-un-citronu-750-ml","status":"publish","type":"product","link":"https:\/\/puhdasplus.ee\/lv\/produkti\/minerali\/silicija-gels-silica-tonic-ar-ingveru-un-citronu-750-ml\/","title":{"rendered":"Sil\u012bcija g\u0113ls Silica Tonic ar ingveru un citronu 750 ml"},"content":{"rendered":"<p><strong>Puhdas+ Silica Tonic<\/strong> ir viet\u0113jais sil\u012bcijsk\u0101bes g\u0113la prepar\u0101ts. Sil\u012bcijs dab\u0101 sastopams saist\u012bjum\u0101 ar sk\u0101bekli augos, j\u016bras \u016bden\u012b un pamatklint\u012bs.<\/p>\n<p>Gar\u0161ots ar ingveru un citronu \u0113rtai lieto\u0161anai. 750 ml liela iepakojuma izm\u0113rs.<\/p>\n<ul>\n<li>Atbalsta \u0101das, matu un nagu vesel\u012bbu<\/li>\n<li>Sil\u012bcijs ir svar\u012bgs saistaudu norm\u0101lai funkcion\u0113\u0161anai<\/li>\n<li>Pat\u012bkama ingvera-citrona gar\u0161a<\/li>\n<\/ul>\n<h2>Lieto\u0161anas instrukcija<\/h2>\n<p>15-45 ml dien\u0101. Nedr\u012bkst p\u0101rsniegt ieteicamo dienas devu.<\/p>\n<h2>Sast\u0101vda\u013cas<\/h2>\n<p>Att\u012br\u012bts \u016bdens, sil\u012bcija dioks\u012bds, stabilizators (karboksimetilceluloze), konservanti (k\u0101lija sorb\u0101ts, n\u0101trija benzo\u0101ts), sk\u0101buma regulators (citronu sk\u0101be), arom\u0101tvielas un gar\u0161vielas (ingvers, citrons).<\/p>\n<h2>Br\u012bdin\u0101jumi<\/h2>\n<p>Glab\u0101t b\u0113rniem nepieejam\u0101 viet\u0101. Uztura bag\u0101tin\u0101t\u0101js neaizst\u0101j daudzveid\u012bgu un sabalans\u0113tu uzturu un vesel\u012bgu dz\u012bvesveidu. Nep\u0101rsniedziet ieteicamo dienas devu.<\/p>\n","protected":false},"excerpt":{"rendered":"<p><strong>Puhdas+ Sil\u012bcija g\u0113ls Silica Tonic ar ingveru un citronu 750 ml<\/strong> ir gar\u0161ots sil\u012bcijsk\u0101bes g\u0113ls, kas satur sil\u012bciju. Liela iepakojuma izm\u0113rs ar pat\u012bkamu ingvera-citrona gar\u0161u, piem\u0113rots ikdienas lieto\u0161anai.<\/p>\n","protected":false},"featured_media":361051,"comment_status":"open","ping_status":"closed","template":"","meta":{"_acf_changed":false,"googlesitekit_rrm_CAow3eq7DA:productID":""},"product_brand":[],"product_cat":[3296,3200],"product_tag":[3301,2580,8365,8373],"class_list":{"0":"post-360253","1":"product","2":"type-product","3":"status-publish","4":"has-post-thumbnail","6":"product_cat-ada-mati-nagi","7":"product_cat-minerali","8":"product_tag-adas-veseliba","9":"product_tag-matu-kopsana","10":"product_tag-minerlvielas-lv","11":"product_tag-somijas-kvalitte-lv","13":"first","14":"onbackorder","15":"taxable","16":"shipping-taxable","17":"purchasable","18":"product-type-simple"},"acf":[],"yoast_head":"<!-- This site is optimized with the Yoast SEO plugin v27.4 - https:\/\/yoast.com\/product\/yoast-seo-wordpress\/ -->\n<title>Silica Tonic ar ingveru un citronu 750 ml | Puhdas+<\/title>\n<meta name=\"description\" content=\"Puhdas+ Silica Tonic 750 ml \u2013 sil\u012bcijsk\u0101bes g\u0113ls ar atspirdzino\u0161u ingvera un citrona gar\u0161u. Satur sil\u012bciju, t\u012brs sast\u0101vs un piem\u0113rots ikdienas lieto\u0161anai.\" \/>\n<meta name=\"robots\" content=\"index, follow, max-snippet:-1, max-image-preview:large, max-video-preview:-1\" \/>\n<link rel=\"canonical\" href=\"https:\/\/puhdasplus.ee\/lv\/produkti\/minerali\/silicija-gels-silica-tonic-ar-ingveru-un-citronu-750-ml\/\" \/>\n<meta property=\"og:locale\" content=\"lv_LV\" \/>\n<meta property=\"og:type\" content=\"article\" \/>\n<meta property=\"og:title\" content=\"Silica Tonic ar ingveru un citronu 750 ml | Puhdas+\" \/>\n<meta property=\"og:description\" content=\"Puhdas+ Silica Tonic 750 ml \u2013 sil\u012bcijsk\u0101bes g\u0113ls ar atspirdzino\u0161u ingvera un citrona gar\u0161u. Satur sil\u012bciju, t\u012brs sast\u0101vs un piem\u0113rots ikdienas lieto\u0161anai.\" \/>\n<meta property=\"og:url\" content=\"https:\/\/puhdasplus.ee\/lv\/produkti\/minerali\/silicija-gels-silica-tonic-ar-ingveru-un-citronu-750-ml\/\" \/>\n<meta property=\"og:site_name\" content=\"Puhdas+\" \/>\n<meta property=\"article:publisher\" content=\"https:\/\/www.facebook.com\/puhdasplus\" \/>\n<meta property=\"article:modified_time\" content=\"2026-04-14T13:53:36+00:00\" \/>\n<meta property=\"og:image\" content=\"https:\/\/puhdasplus.ee\/wp-content\/uploads\/2026\/03\/tooted-ilma-taustata-3-copy.jpg\" \/>\n\t<meta property=\"og:image:width\" content=\"1280\" \/>\n\t<meta property=\"og:image:height\" content=\"1760\" \/>\n\t<meta property=\"og:image:type\" content=\"image\/jpeg\" \/>\n<meta name=\"twitter:card\" content=\"summary_large_image\" \/>\n<meta name=\"twitter:label1\" content=\"Est. reading time\" \/>\n\t<meta name=\"twitter:data1\" content=\"1 minute\" \/>\n<script type=\"application\/ld+json\" class=\"yoast-schema-graph\">{\"@context\":\"https:\\\/\\\/schema.org\",\"@graph\":[{\"@type\":\"WebPage\",\"@id\":\"https:\\\/\\\/puhdasplus.ee\\\/lv\\\/produkti\\\/minerali\\\/silicija-gels-silica-tonic-ar-ingveru-un-citronu-750-ml\\\/\",\"url\":\"https:\\\/\\\/puhdasplus.ee\\\/lv\\\/produkti\\\/minerali\\\/silicija-gels-silica-tonic-ar-ingveru-un-citronu-750-ml\\\/\",\"name\":\"Silica Tonic ar ingveru un citronu 750 ml | Puhdas+\",\"isPartOf\":{\"@id\":\"https:\\\/\\\/puhdasplus.ee\\\/lv\\\/#website\"},\"primaryImageOfPage\":{\"@id\":\"https:\\\/\\\/puhdasplus.ee\\\/lv\\\/produkti\\\/minerali\\\/silicija-gels-silica-tonic-ar-ingveru-un-citronu-750-ml\\\/#primaryimage\"},\"image\":{\"@id\":\"https:\\\/\\\/puhdasplus.ee\\\/lv\\\/produkti\\\/minerali\\\/silicija-gels-silica-tonic-ar-ingveru-un-citronu-750-ml\\\/#primaryimage\"},\"thumbnailUrl\":\"https:\\\/\\\/puhdasplus.ee\\\/wp-content\\\/uploads\\\/2026\\\/03\\\/tooted-ilma-taustata-3-copy.jpg\",\"datePublished\":\"2026-03-30T18:53:39+00:00\",\"dateModified\":\"2026-04-14T13:53:36+00:00\",\"description\":\"Puhdas+ Silica Tonic 750 ml \u2013 sil\u012bcijsk\u0101bes g\u0113ls ar atspirdzino\u0161u ingvera un citrona gar\u0161u. Satur sil\u012bciju, t\u012brs sast\u0101vs un piem\u0113rots ikdienas lieto\u0161anai.\",\"breadcrumb\":{\"@id\":\"https:\\\/\\\/puhdasplus.ee\\\/lv\\\/produkti\\\/minerali\\\/silicija-gels-silica-tonic-ar-ingveru-un-citronu-750-ml\\\/#breadcrumb\"},\"inLanguage\":\"lv-LV\",\"potentialAction\":[{\"@type\":\"ReadAction\",\"target\":[\"https:\\\/\\\/puhdasplus.ee\\\/lv\\\/produkti\\\/minerali\\\/silicija-gels-silica-tonic-ar-ingveru-un-citronu-750-ml\\\/\"]}]},{\"@type\":\"ImageObject\",\"inLanguage\":\"lv-LV\",\"@id\":\"https:\\\/\\\/puhdasplus.ee\\\/lv\\\/produkti\\\/minerali\\\/silicija-gels-silica-tonic-ar-ingveru-un-citronu-750-ml\\\/#primaryimage\",\"url\":\"https:\\\/\\\/puhdasplus.ee\\\/wp-content\\\/uploads\\\/2026\\\/03\\\/tooted-ilma-taustata-3-copy.jpg\",\"contentUrl\":\"https:\\\/\\\/puhdasplus.ee\\\/wp-content\\\/uploads\\\/2026\\\/03\\\/tooted-ilma-taustata-3-copy.jpg\",\"width\":1280,\"height\":1760,\"caption\":\"R\u00e4nigeel Silica Tonic ingveri ja sidruniga 750 ml\"},{\"@type\":\"BreadcrumbList\",\"@id\":\"https:\\\/\\\/puhdasplus.ee\\\/lv\\\/produkti\\\/minerali\\\/silicija-gels-silica-tonic-ar-ingveru-un-citronu-750-ml\\\/#breadcrumb\",\"itemListElement\":[{\"@type\":\"ListItem\",\"position\":1,\"name\":\"S\u0101kums\",\"item\":\"https:\\\/\\\/puhdasplus.ee\\\/lv\\\/\"},{\"@type\":\"ListItem\",\"position\":2,\"name\":\"Produkti\",\"item\":\"https:\\\/\\\/puhdasplus.ee\\\/lv\\\/veikals\\\/\"},{\"@type\":\"ListItem\",\"position\":3,\"name\":\"Sil\u012bcija g\u0113ls Silica Tonic ar ingveru un citronu 750 ml\"}]},{\"@type\":\"WebSite\",\"@id\":\"https:\\\/\\\/puhdasplus.ee\\\/lv\\\/#website\",\"url\":\"https:\\\/\\\/puhdasplus.ee\\\/lv\\\/\",\"name\":\"Puhdas+\",\"description\":\"Vitam\u012bni, uztura bag\u0101tin\u0101t\u0101ji, dab\u012bg\u0101 kosm\u0113tika, vesel\u012bba, sports\",\"publisher\":{\"@id\":\"https:\\\/\\\/puhdasplus.ee\\\/lv\\\/#organization\"},\"potentialAction\":[{\"@type\":\"SearchAction\",\"target\":{\"@type\":\"EntryPoint\",\"urlTemplate\":\"https:\\\/\\\/puhdasplus.ee\\\/lv\\\/?s={search_term_string}\"},\"query-input\":{\"@type\":\"PropertyValueSpecification\",\"valueRequired\":true,\"valueName\":\"search_term_string\"}}],\"inLanguage\":\"lv-LV\"},{\"@type\":\"Organization\",\"@id\":\"https:\\\/\\\/puhdasplus.ee\\\/lv\\\/#organization\",\"name\":\"Puhdas+\",\"alternateName\":\"Puhdasplus\",\"url\":\"https:\\\/\\\/puhdasplus.ee\\\/lv\\\/\",\"logo\":{\"@type\":\"ImageObject\",\"inLanguage\":\"lv-LV\",\"@id\":\"https:\\\/\\\/puhdasplus.ee\\\/lv\\\/#\\\/schema\\\/logo\\\/image\\\/\",\"url\":\"https:\\\/\\\/puhdasplus.ee\\\/wp-content\\\/uploads\\\/2019\\\/10\\\/puhdas_logo-arvele.png\",\"contentUrl\":\"https:\\\/\\\/puhdasplus.ee\\\/wp-content\\\/uploads\\\/2019\\\/10\\\/puhdas_logo-arvele.png\",\"width\":114,\"height\":94,\"caption\":\"Puhdas+\"},\"image\":{\"@id\":\"https:\\\/\\\/puhdasplus.ee\\\/lv\\\/#\\\/schema\\\/logo\\\/image\\\/\"},\"sameAs\":[\"https:\\\/\\\/www.facebook.com\\\/puhdasplus\",\"https:\\\/\\\/www.instagram.com\\\/puhdasplus_ee\\\/\"]}]}<\/script>\n<!-- \/ Yoast SEO plugin. -->","yoast_head_json":{"title":"Silica Tonic ar ingveru un citronu 750 ml | Puhdas+","description":"Puhdas+ Silica Tonic 750 ml \u2013 sil\u012bcijsk\u0101bes g\u0113ls ar atspirdzino\u0161u ingvera un citrona gar\u0161u. Satur sil\u012bciju, t\u012brs sast\u0101vs un piem\u0113rots ikdienas lieto\u0161anai.","robots":{"index":"index","follow":"follow","max-snippet":"max-snippet:-1","max-image-preview":"max-image-preview:large","max-video-preview":"max-video-preview:-1"},"canonical":"https:\/\/puhdasplus.ee\/lv\/produkti\/minerali\/silicija-gels-silica-tonic-ar-ingveru-un-citronu-750-ml\/","og_locale":"lv_LV","og_type":"article","og_title":"Silica Tonic ar ingveru un citronu 750 ml | Puhdas+","og_description":"Puhdas+ Silica Tonic 750 ml \u2013 sil\u012bcijsk\u0101bes g\u0113ls ar atspirdzino\u0161u ingvera un citrona gar\u0161u. Satur sil\u012bciju, t\u012brs sast\u0101vs un piem\u0113rots ikdienas lieto\u0161anai.","og_url":"https:\/\/puhdasplus.ee\/lv\/produkti\/minerali\/silicija-gels-silica-tonic-ar-ingveru-un-citronu-750-ml\/","og_site_name":"Puhdas+","article_publisher":"https:\/\/www.facebook.com\/puhdasplus","article_modified_time":"2026-04-14T13:53:36+00:00","og_image":[{"width":1280,"height":1760,"url":"https:\/\/puhdasplus.ee\/wp-content\/uploads\/2026\/03\/tooted-ilma-taustata-3-copy.jpg","type":"image\/jpeg"}],"twitter_card":"summary_large_image","twitter_misc":{"Est. reading time":"1 minute"},"schema":{"@context":"https:\/\/schema.org","@graph":[{"@type":"WebPage","@id":"https:\/\/puhdasplus.ee\/lv\/produkti\/minerali\/silicija-gels-silica-tonic-ar-ingveru-un-citronu-750-ml\/","url":"https:\/\/puhdasplus.ee\/lv\/produkti\/minerali\/silicija-gels-silica-tonic-ar-ingveru-un-citronu-750-ml\/","name":"Silica Tonic ar ingveru un citronu 750 ml | Puhdas+","isPartOf":{"@id":"https:\/\/puhdasplus.ee\/lv\/#website"},"primaryImageOfPage":{"@id":"https:\/\/puhdasplus.ee\/lv\/produkti\/minerali\/silicija-gels-silica-tonic-ar-ingveru-un-citronu-750-ml\/#primaryimage"},"image":{"@id":"https:\/\/puhdasplus.ee\/lv\/produkti\/minerali\/silicija-gels-silica-tonic-ar-ingveru-un-citronu-750-ml\/#primaryimage"},"thumbnailUrl":"https:\/\/puhdasplus.ee\/wp-content\/uploads\/2026\/03\/tooted-ilma-taustata-3-copy.jpg","datePublished":"2026-03-30T18:53:39+00:00","dateModified":"2026-04-14T13:53:36+00:00","description":"Puhdas+ Silica Tonic 750 ml \u2013 sil\u012bcijsk\u0101bes g\u0113ls ar atspirdzino\u0161u ingvera un citrona gar\u0161u. Satur sil\u012bciju, t\u012brs sast\u0101vs un piem\u0113rots ikdienas lieto\u0161anai.","breadcrumb":{"@id":"https:\/\/puhdasplus.ee\/lv\/produkti\/minerali\/silicija-gels-silica-tonic-ar-ingveru-un-citronu-750-ml\/#breadcrumb"},"inLanguage":"lv-LV","potentialAction":[{"@type":"ReadAction","target":["https:\/\/puhdasplus.ee\/lv\/produkti\/minerali\/silicija-gels-silica-tonic-ar-ingveru-un-citronu-750-ml\/"]}]},{"@type":"ImageObject","inLanguage":"lv-LV","@id":"https:\/\/puhdasplus.ee\/lv\/produkti\/minerali\/silicija-gels-silica-tonic-ar-ingveru-un-citronu-750-ml\/#primaryimage","url":"https:\/\/puhdasplus.ee\/wp-content\/uploads\/2026\/03\/tooted-ilma-taustata-3-copy.jpg","contentUrl":"https:\/\/puhdasplus.ee\/wp-content\/uploads\/2026\/03\/tooted-ilma-taustata-3-copy.jpg","width":1280,"height":1760,"caption":"R\u00e4nigeel Silica Tonic ingveri ja sidruniga 750 ml"},{"@type":"BreadcrumbList","@id":"https:\/\/puhdasplus.ee\/lv\/produkti\/minerali\/silicija-gels-silica-tonic-ar-ingveru-un-citronu-750-ml\/#breadcrumb","itemListElement":[{"@type":"ListItem","position":1,"name":"S\u0101kums","item":"https:\/\/puhdasplus.ee\/lv\/"},{"@type":"ListItem","position":2,"name":"Produkti","item":"https:\/\/puhdasplus.ee\/lv\/veikals\/"},{"@type":"ListItem","position":3,"name":"Sil\u012bcija g\u0113ls Silica Tonic ar ingveru un citronu 750 ml"}]},{"@type":"WebSite","@id":"https:\/\/puhdasplus.ee\/lv\/#website","url":"https:\/\/puhdasplus.ee\/lv\/","name":"Puhdas+","description":"Vitam\u012bni, uztura bag\u0101tin\u0101t\u0101ji, dab\u012bg\u0101 kosm\u0113tika, vesel\u012bba, sports","publisher":{"@id":"https:\/\/puhdasplus.ee\/lv\/#organization"},"potentialAction":[{"@type":"SearchAction","target":{"@type":"EntryPoint","urlTemplate":"https:\/\/puhdasplus.ee\/lv\/?s={search_term_string}"},"query-input":{"@type":"PropertyValueSpecification","valueRequired":true,"valueName":"search_term_string"}}],"inLanguage":"lv-LV"},{"@type":"Organization","@id":"https:\/\/puhdasplus.ee\/lv\/#organization","name":"Puhdas+","alternateName":"Puhdasplus","url":"https:\/\/puhdasplus.ee\/lv\/","logo":{"@type":"ImageObject","inLanguage":"lv-LV","@id":"https:\/\/puhdasplus.ee\/lv\/#\/schema\/logo\/image\/","url":"https:\/\/puhdasplus.ee\/wp-content\/uploads\/2019\/10\/puhdas_logo-arvele.png","contentUrl":"https:\/\/puhdasplus.ee\/wp-content\/uploads\/2019\/10\/puhdas_logo-arvele.png","width":114,"height":94,"caption":"Puhdas+"},"image":{"@id":"https:\/\/puhdasplus.ee\/lv\/#\/schema\/logo\/image\/"},"sameAs":["https:\/\/www.facebook.com\/puhdasplus","https:\/\/www.instagram.com\/puhdasplus_ee\/"]}]}},"_yoast_wpseo_title":"Silica Tonic ar ingveru un citronu 750 ml | Puhdas+","_yoast_wpseo_metadesc":"Puhdas+ Silica Tonic 750 ml \u2013 sil\u012bcijsk\u0101bes g\u0113ls ar atspirdzino\u0161u ingvera un citrona gar\u0161u. Satur sil\u012bciju, t\u012brs sast\u0101vs un piem\u0113rots ikdienas lieto\u0161anai.","_yoast_wpseo_focuskw":"silica tonic sil\u012bcija g\u0113ls","_links":{"self":[{"href":"https:\/\/puhdasplus.ee\/lv\/wp-json\/wp\/v2\/product\/360253","targetHints":{"allow":["GET"]}}],"collection":[{"href":"https:\/\/puhdasplus.ee\/lv\/wp-json\/wp\/v2\/product"}],"about":[{"href":"https:\/\/puhdasplus.ee\/lv\/wp-json\/wp\/v2\/types\/product"}],"replies":[{"embeddable":true,"href":"https:\/\/puhdasplus.ee\/lv\/wp-json\/wp\/v2\/comments?post=360253"}],"wp:featuredmedia":[{"embeddable":true,"href":"https:\/\/puhdasplus.ee\/lv\/wp-json\/wp\/v2\/media\/361051"}],"wp:attachment":[{"href":"https:\/\/puhdasplus.ee\/lv\/wp-json\/wp\/v2\/media?parent=360253"}],"wp:term":[{"taxonomy":"product_brand","embeddable":true,"href":"https:\/\/puhdasplus.ee\/lv\/wp-json\/wp\/v2\/product_brand?post=360253"},{"taxonomy":"product_cat","embeddable":true,"href":"https:\/\/puhdasplus.ee\/lv\/wp-json\/wp\/v2\/product_cat?post=360253"},{"taxonomy":"product_tag","embeddable":true,"href":"https:\/\/puhdasplus.ee\/lv\/wp-json\/wp\/v2\/product_tag?post=360253"}],"curies":[{"name":"wp","href":"https:\/\/api.w.org\/{rel}","templated":true}]}}