{"id":360245,"date":"2026-03-30T21:53:02","date_gmt":"2026-03-30T18:53:02","guid":{"rendered":"https:\/\/puhdasplus.ee\/tooted\/maaratlemata\/darvas-krems-10-50-ml\/"},"modified":"2026-04-07T09:53:44","modified_gmt":"2026-04-07T06:53:44","slug":"darvas-krems-10-50-ml","status":"publish","type":"product","link":"https:\/\/puhdasplus.ee\/lv\/produkti\/kosmetika\/darvas-krems-10-50-ml\/","title":{"rendered":"Darvas kr\u0113ms 10% 50 ml"},"content":{"rendered":"<p>Darva ir izv\u0113l\u0113ta par 2023. gada \u0101rstniec\u012bbas augu. Darvas kr\u0113ms pied\u0101v\u0101 dab\u012bgu pal\u012bdz\u012bbu \u0101das kop\u0161an\u0101.<\/p>\n<p><strong>Puhdas+ Darvas kr\u0113m\u0101 ir 10% darvas.<\/strong> Darvas kr\u0113ms ir daudzpus\u012bgs \u0101das kop\u0161anas l\u012bdzeklis da\u017e\u0101du \u0101das probl\u0113mu kop\u0161anai.<\/p>\n<p>Izmantojiet darvas kr\u0113mu:<\/p>\n<ul>\n<li>Nelielu skr\u0101p\u0113jumu un apdullin\u0101to vietu kop\u0161anai<\/li>\n<li>Sausu \u0101das vietu mitrin\u0101\u0161anai un m\u012bkstin\u0101\u0161anai<\/li>\n<li>Sabiez\u0113jumu maigai m\u012bkstin\u0101\u0161anai<\/li>\n<li>Kukai\u0146u kodumiem<\/li>\n<li>Izsitumu \u0101trai dzied\u0113\u0161anai<\/li>\n<li>Nelielu \u0101das boj\u0101jumu kop\u0161anai<\/li>\n<\/ul>\n<p>Puhdas+ Darvas kr\u0113ms ir ra\u017eots Somij\u0101.<\/p>\n<h2>Sast\u0101vda\u013cas (INCI)<\/h2>\n<p>Ricinus Communis Seed Oil, Cera Alba, Pinus Sylvestris Resin, Cocos Nucifera Oil, Lanolin, Tocopheryl Acetate.<\/p>\n<h2>Br\u012bdin\u0101jumi<\/h2>\n<p>Tikai \u0101r\u012bgai lieto\u0161anai. Izvairieties no saskares ar ac\u012bm. Uzglab\u0101t b\u0113rniem nepieejam\u0101 viet\u0101.<\/p>\n","protected":false},"excerpt":{"rendered":"<p><b>Puhdas+ Darvas kr\u0113ms 10% 50 ml<\/b> \u2013 tradicion\u0101ls somu darvas kr\u0113ms ar 10% dab\u012bgas koku darvas. Pal\u012bdz nomierin\u0101t kairin\u0101jumu skarto \u0101du un atbalsta \u0101das atjauno\u0161anos.<\/p>\n","protected":false},"featured_media":360814,"comment_status":"open","ping_status":"closed","template":"","meta":{"_acf_changed":false,"googlesitekit_rrm_CAow3eq7DA:productID":""},"product_brand":[],"product_cat":[3296,2533],"product_tag":[2630,3301,7870,8377,8373,8488],"class_list":{"0":"post-360245","1":"product","2":"type-product","3":"status-publish","4":"has-post-thumbnail","6":"product_cat-ada-mati-nagi","7":"product_cat-kosmetika","8":"product_tag-adas-kopsana","9":"product_tag-adas-veseliba","10":"product_tag-dabiga-kosmetika","11":"product_tag-dabgs-lv","12":"product_tag-somijas-kvalitte-lv","13":"product_tag-sveku-krems","15":"first","16":"onbackorder","17":"taxable","18":"shipping-taxable","19":"purchasable","20":"product-type-simple"},"acf":[],"yoast_head":"<!-- This site is optimized with the Yoast SEO plugin v27.3 - https:\/\/yoast.com\/product\/yoast-seo-wordpress\/ -->\n<title>Darvas kr\u0113ms 10% 50 ml | Puhdas+<\/title>\n<meta name=\"description\" content=\"Puhdas+ Darvas kr\u0113ms 10% \u2013 dab\u012bgs somu darvas kr\u0113ms \u0101das kop\u0161anai. Skr\u0101p\u0113jumi, sausa \u0101da, kukai\u0146u kodumi. 50 ml.\" \/>\n<meta name=\"robots\" content=\"index, follow, max-snippet:-1, max-image-preview:large, max-video-preview:-1\" \/>\n<link rel=\"canonical\" href=\"https:\/\/puhdasplus.ee\/lv\/produkti\/kosmetika\/darvas-krems-10-50-ml\/\" \/>\n<meta property=\"og:locale\" content=\"lv_LV\" \/>\n<meta property=\"og:type\" content=\"article\" \/>\n<meta property=\"og:title\" content=\"Darvas kr\u0113ms 10% 50 ml | Puhdas+\" \/>\n<meta property=\"og:description\" content=\"Puhdas+ Darvas kr\u0113ms 10% \u2013 dab\u012bgs somu darvas kr\u0113ms \u0101das kop\u0161anai. Skr\u0101p\u0113jumi, sausa \u0101da, kukai\u0146u kodumi. 50 ml.\" \/>\n<meta property=\"og:url\" content=\"https:\/\/puhdasplus.ee\/lv\/produkti\/kosmetika\/darvas-krems-10-50-ml\/\" \/>\n<meta property=\"og:site_name\" content=\"Puhdas+\" \/>\n<meta property=\"article:publisher\" content=\"https:\/\/www.facebook.com\/puhdasplus\" \/>\n<meta property=\"article:modified_time\" content=\"2026-04-07T06:53:44+00:00\" \/>\n<meta property=\"og:image\" content=\"https:\/\/puhdasplus.ee\/wp-content\/uploads\/2026\/03\/359843_0-1.png\" \/>\n\t<meta property=\"og:image:width\" content=\"931\" \/>\n\t<meta property=\"og:image:height\" content=\"1280\" \/>\n\t<meta property=\"og:image:type\" content=\"image\/png\" \/>\n<meta name=\"twitter:card\" content=\"summary_large_image\" \/>\n<meta name=\"twitter:label1\" content=\"Est. reading time\" \/>\n\t<meta name=\"twitter:data1\" content=\"1 minute\" \/>\n<script type=\"application\/ld+json\" class=\"yoast-schema-graph\">{\"@context\":\"https:\\\/\\\/schema.org\",\"@graph\":[{\"@type\":\"WebPage\",\"@id\":\"https:\\\/\\\/puhdasplus.ee\\\/lv\\\/produkti\\\/kosmetika\\\/darvas-krems-10-50-ml\\\/\",\"url\":\"https:\\\/\\\/puhdasplus.ee\\\/lv\\\/produkti\\\/kosmetika\\\/darvas-krems-10-50-ml\\\/\",\"name\":\"Darvas kr\u0113ms 10% 50 ml | Puhdas+\",\"isPartOf\":{\"@id\":\"https:\\\/\\\/puhdasplus.ee\\\/lv\\\/#website\"},\"primaryImageOfPage\":{\"@id\":\"https:\\\/\\\/puhdasplus.ee\\\/lv\\\/produkti\\\/kosmetika\\\/darvas-krems-10-50-ml\\\/#primaryimage\"},\"image\":{\"@id\":\"https:\\\/\\\/puhdasplus.ee\\\/lv\\\/produkti\\\/kosmetika\\\/darvas-krems-10-50-ml\\\/#primaryimage\"},\"thumbnailUrl\":\"https:\\\/\\\/puhdasplus.ee\\\/wp-content\\\/uploads\\\/2026\\\/03\\\/359843_0-1.png\",\"datePublished\":\"2026-03-30T18:53:02+00:00\",\"dateModified\":\"2026-04-07T06:53:44+00:00\",\"description\":\"Puhdas+ Darvas kr\u0113ms 10% \u2013 dab\u012bgs somu darvas kr\u0113ms \u0101das kop\u0161anai. Skr\u0101p\u0113jumi, sausa \u0101da, kukai\u0146u kodumi. 50 ml.\",\"breadcrumb\":{\"@id\":\"https:\\\/\\\/puhdasplus.ee\\\/lv\\\/produkti\\\/kosmetika\\\/darvas-krems-10-50-ml\\\/#breadcrumb\"},\"inLanguage\":\"lv-LV\",\"potentialAction\":[{\"@type\":\"ReadAction\",\"target\":[\"https:\\\/\\\/puhdasplus.ee\\\/lv\\\/produkti\\\/kosmetika\\\/darvas-krems-10-50-ml\\\/\"]}]},{\"@type\":\"ImageObject\",\"inLanguage\":\"lv-LV\",\"@id\":\"https:\\\/\\\/puhdasplus.ee\\\/lv\\\/produkti\\\/kosmetika\\\/darvas-krems-10-50-ml\\\/#primaryimage\",\"url\":\"https:\\\/\\\/puhdasplus.ee\\\/wp-content\\\/uploads\\\/2026\\\/03\\\/359843_0-1.png\",\"contentUrl\":\"https:\\\/\\\/puhdasplus.ee\\\/wp-content\\\/uploads\\\/2026\\\/03\\\/359843_0-1.png\",\"width\":931,\"height\":1280,\"caption\":\"Vaigukreem 10% 50 ml | Puhdas+\"},{\"@type\":\"BreadcrumbList\",\"@id\":\"https:\\\/\\\/puhdasplus.ee\\\/lv\\\/produkti\\\/kosmetika\\\/darvas-krems-10-50-ml\\\/#breadcrumb\",\"itemListElement\":[{\"@type\":\"ListItem\",\"position\":1,\"name\":\"S\u0101kums\",\"item\":\"https:\\\/\\\/puhdasplus.ee\\\/lv\\\/\"},{\"@type\":\"ListItem\",\"position\":2,\"name\":\"Produkti\",\"item\":\"https:\\\/\\\/puhdasplus.ee\\\/lv\\\/veikals\\\/\"},{\"@type\":\"ListItem\",\"position\":3,\"name\":\"Darvas kr\u0113ms 10% 50 ml\"}]},{\"@type\":\"WebSite\",\"@id\":\"https:\\\/\\\/puhdasplus.ee\\\/lv\\\/#website\",\"url\":\"https:\\\/\\\/puhdasplus.ee\\\/lv\\\/\",\"name\":\"Puhdas+\",\"description\":\"Vitam\u012bni, uztura bag\u0101tin\u0101t\u0101ji, dab\u012bg\u0101 kosm\u0113tika, vesel\u012bba, sports\",\"publisher\":{\"@id\":\"https:\\\/\\\/puhdasplus.ee\\\/lv\\\/#organization\"},\"potentialAction\":[{\"@type\":\"SearchAction\",\"target\":{\"@type\":\"EntryPoint\",\"urlTemplate\":\"https:\\\/\\\/puhdasplus.ee\\\/lv\\\/?s={search_term_string}\"},\"query-input\":{\"@type\":\"PropertyValueSpecification\",\"valueRequired\":true,\"valueName\":\"search_term_string\"}}],\"inLanguage\":\"lv-LV\"},{\"@type\":\"Organization\",\"@id\":\"https:\\\/\\\/puhdasplus.ee\\\/lv\\\/#organization\",\"name\":\"Puhdas+\",\"alternateName\":\"Puhdasplus\",\"url\":\"https:\\\/\\\/puhdasplus.ee\\\/lv\\\/\",\"logo\":{\"@type\":\"ImageObject\",\"inLanguage\":\"lv-LV\",\"@id\":\"https:\\\/\\\/puhdasplus.ee\\\/lv\\\/#\\\/schema\\\/logo\\\/image\\\/\",\"url\":\"https:\\\/\\\/puhdasplus.ee\\\/wp-content\\\/uploads\\\/2019\\\/10\\\/puhdas_logo-arvele.png\",\"contentUrl\":\"https:\\\/\\\/puhdasplus.ee\\\/wp-content\\\/uploads\\\/2019\\\/10\\\/puhdas_logo-arvele.png\",\"width\":114,\"height\":94,\"caption\":\"Puhdas+\"},\"image\":{\"@id\":\"https:\\\/\\\/puhdasplus.ee\\\/lv\\\/#\\\/schema\\\/logo\\\/image\\\/\"},\"sameAs\":[\"https:\\\/\\\/www.facebook.com\\\/puhdasplus\",\"https:\\\/\\\/www.instagram.com\\\/puhdasplus_ee\\\/\"]}]}<\/script>\n<!-- \/ Yoast SEO plugin. -->","yoast_head_json":{"title":"Darvas kr\u0113ms 10% 50 ml | Puhdas+","description":"Puhdas+ Darvas kr\u0113ms 10% \u2013 dab\u012bgs somu darvas kr\u0113ms \u0101das kop\u0161anai. Skr\u0101p\u0113jumi, sausa \u0101da, kukai\u0146u kodumi. 50 ml.","robots":{"index":"index","follow":"follow","max-snippet":"max-snippet:-1","max-image-preview":"max-image-preview:large","max-video-preview":"max-video-preview:-1"},"canonical":"https:\/\/puhdasplus.ee\/lv\/produkti\/kosmetika\/darvas-krems-10-50-ml\/","og_locale":"lv_LV","og_type":"article","og_title":"Darvas kr\u0113ms 10% 50 ml | Puhdas+","og_description":"Puhdas+ Darvas kr\u0113ms 10% \u2013 dab\u012bgs somu darvas kr\u0113ms \u0101das kop\u0161anai. Skr\u0101p\u0113jumi, sausa \u0101da, kukai\u0146u kodumi. 50 ml.","og_url":"https:\/\/puhdasplus.ee\/lv\/produkti\/kosmetika\/darvas-krems-10-50-ml\/","og_site_name":"Puhdas+","article_publisher":"https:\/\/www.facebook.com\/puhdasplus","article_modified_time":"2026-04-07T06:53:44+00:00","og_image":[{"width":931,"height":1280,"url":"https:\/\/puhdasplus.ee\/wp-content\/uploads\/2026\/03\/359843_0-1.png","type":"image\/png"}],"twitter_card":"summary_large_image","twitter_misc":{"Est. reading time":"1 minute"},"schema":{"@context":"https:\/\/schema.org","@graph":[{"@type":"WebPage","@id":"https:\/\/puhdasplus.ee\/lv\/produkti\/kosmetika\/darvas-krems-10-50-ml\/","url":"https:\/\/puhdasplus.ee\/lv\/produkti\/kosmetika\/darvas-krems-10-50-ml\/","name":"Darvas kr\u0113ms 10% 50 ml | Puhdas+","isPartOf":{"@id":"https:\/\/puhdasplus.ee\/lv\/#website"},"primaryImageOfPage":{"@id":"https:\/\/puhdasplus.ee\/lv\/produkti\/kosmetika\/darvas-krems-10-50-ml\/#primaryimage"},"image":{"@id":"https:\/\/puhdasplus.ee\/lv\/produkti\/kosmetika\/darvas-krems-10-50-ml\/#primaryimage"},"thumbnailUrl":"https:\/\/puhdasplus.ee\/wp-content\/uploads\/2026\/03\/359843_0-1.png","datePublished":"2026-03-30T18:53:02+00:00","dateModified":"2026-04-07T06:53:44+00:00","description":"Puhdas+ Darvas kr\u0113ms 10% \u2013 dab\u012bgs somu darvas kr\u0113ms \u0101das kop\u0161anai. Skr\u0101p\u0113jumi, sausa \u0101da, kukai\u0146u kodumi. 50 ml.","breadcrumb":{"@id":"https:\/\/puhdasplus.ee\/lv\/produkti\/kosmetika\/darvas-krems-10-50-ml\/#breadcrumb"},"inLanguage":"lv-LV","potentialAction":[{"@type":"ReadAction","target":["https:\/\/puhdasplus.ee\/lv\/produkti\/kosmetika\/darvas-krems-10-50-ml\/"]}]},{"@type":"ImageObject","inLanguage":"lv-LV","@id":"https:\/\/puhdasplus.ee\/lv\/produkti\/kosmetika\/darvas-krems-10-50-ml\/#primaryimage","url":"https:\/\/puhdasplus.ee\/wp-content\/uploads\/2026\/03\/359843_0-1.png","contentUrl":"https:\/\/puhdasplus.ee\/wp-content\/uploads\/2026\/03\/359843_0-1.png","width":931,"height":1280,"caption":"Vaigukreem 10% 50 ml | Puhdas+"},{"@type":"BreadcrumbList","@id":"https:\/\/puhdasplus.ee\/lv\/produkti\/kosmetika\/darvas-krems-10-50-ml\/#breadcrumb","itemListElement":[{"@type":"ListItem","position":1,"name":"S\u0101kums","item":"https:\/\/puhdasplus.ee\/lv\/"},{"@type":"ListItem","position":2,"name":"Produkti","item":"https:\/\/puhdasplus.ee\/lv\/veikals\/"},{"@type":"ListItem","position":3,"name":"Darvas kr\u0113ms 10% 50 ml"}]},{"@type":"WebSite","@id":"https:\/\/puhdasplus.ee\/lv\/#website","url":"https:\/\/puhdasplus.ee\/lv\/","name":"Puhdas+","description":"Vitam\u012bni, uztura bag\u0101tin\u0101t\u0101ji, dab\u012bg\u0101 kosm\u0113tika, vesel\u012bba, sports","publisher":{"@id":"https:\/\/puhdasplus.ee\/lv\/#organization"},"potentialAction":[{"@type":"SearchAction","target":{"@type":"EntryPoint","urlTemplate":"https:\/\/puhdasplus.ee\/lv\/?s={search_term_string}"},"query-input":{"@type":"PropertyValueSpecification","valueRequired":true,"valueName":"search_term_string"}}],"inLanguage":"lv-LV"},{"@type":"Organization","@id":"https:\/\/puhdasplus.ee\/lv\/#organization","name":"Puhdas+","alternateName":"Puhdasplus","url":"https:\/\/puhdasplus.ee\/lv\/","logo":{"@type":"ImageObject","inLanguage":"lv-LV","@id":"https:\/\/puhdasplus.ee\/lv\/#\/schema\/logo\/image\/","url":"https:\/\/puhdasplus.ee\/wp-content\/uploads\/2019\/10\/puhdas_logo-arvele.png","contentUrl":"https:\/\/puhdasplus.ee\/wp-content\/uploads\/2019\/10\/puhdas_logo-arvele.png","width":114,"height":94,"caption":"Puhdas+"},"image":{"@id":"https:\/\/puhdasplus.ee\/lv\/#\/schema\/logo\/image\/"},"sameAs":["https:\/\/www.facebook.com\/puhdasplus","https:\/\/www.instagram.com\/puhdasplus_ee\/"]}]}},"_yoast_wpseo_title":"Darvas kr\u0113ms 10% 50 ml | Puhdas+","_yoast_wpseo_metadesc":"Puhdas+ Darvas kr\u0113ms 10% \u2013 dab\u012bgs somu darvas kr\u0113ms \u0101das kop\u0161anai. Skr\u0101p\u0113jumi, sausa \u0101da, kukai\u0146u kodumi. 50 ml.","_yoast_wpseo_focuskw":"darvas kr\u0113ms","_links":{"self":[{"href":"https:\/\/puhdasplus.ee\/lv\/wp-json\/wp\/v2\/product\/360245","targetHints":{"allow":["GET"]}}],"collection":[{"href":"https:\/\/puhdasplus.ee\/lv\/wp-json\/wp\/v2\/product"}],"about":[{"href":"https:\/\/puhdasplus.ee\/lv\/wp-json\/wp\/v2\/types\/product"}],"replies":[{"embeddable":true,"href":"https:\/\/puhdasplus.ee\/lv\/wp-json\/wp\/v2\/comments?post=360245"}],"wp:featuredmedia":[{"embeddable":true,"href":"https:\/\/puhdasplus.ee\/lv\/wp-json\/wp\/v2\/media\/360814"}],"wp:attachment":[{"href":"https:\/\/puhdasplus.ee\/lv\/wp-json\/wp\/v2\/media?parent=360245"}],"wp:term":[{"taxonomy":"product_brand","embeddable":true,"href":"https:\/\/puhdasplus.ee\/lv\/wp-json\/wp\/v2\/product_brand?post=360245"},{"taxonomy":"product_cat","embeddable":true,"href":"https:\/\/puhdasplus.ee\/lv\/wp-json\/wp\/v2\/product_cat?post=360245"},{"taxonomy":"product_tag","embeddable":true,"href":"https:\/\/puhdasplus.ee\/lv\/wp-json\/wp\/v2\/product_tag?post=360245"}],"curies":[{"name":"wp","href":"https:\/\/api.w.org\/{rel}","templated":true}]}}