{"id":360233,"date":"2026-04-07T09:51:20","date_gmt":"2026-04-07T06:51:20","guid":{"rendered":"https:\/\/puhdasplus.ee\/tooted\/maaratlemata\/super-dzelzs-100-mg-60-kapsulas\/"},"modified":"2026-04-07T09:51:20","modified_gmt":"2026-04-07T06:51:20","slug":"super-dzelzs-100-mg-60-kapsulas","status":"publish","type":"product","link":"https:\/\/puhdasplus.ee\/lv\/produkti\/imunsistema\/super-dzelzs-100-mg-60-kapsulas\/","title":{"rendered":"Super Dzelzs 100 mg 60 kapsulas"},"content":{"rendered":"<p><strong>Ku\u0146\u0123im draudz\u012bgs dzelzs prepar\u0101ts<\/strong><\/p>\n<p>Puhdas+ Super Dzelzs ir vair\u0101k nek\u0101 parastais dzelzs prepar\u0101ts. Produkts satur stipru divu labi uzs\u016bcamu dzelzs formu devu un C vitam\u012bnu, kas veicina dzelzs uzs\u016bk\u0161anos.<\/p>\n<ul>\n<li>Dzelzs un C vitam\u012bns pal\u012bdz samazin\u0101t nogurumu un nesp\u0113ku, k\u0101 ar\u012b veicina norm\u0101lu ener\u0123ijas vielmai\u0146u<\/li>\n<li>Dzelzs veicina norm\u0101lu sarkano asins \u0161\u016bnu un hemoglob\u012bna veido\u0161anos, k\u0101 ar\u012b sk\u0101bek\u013ca transportu organism\u0101<\/li>\n<li>100 mg dzelzs kapsul\u0101<\/li>\n<\/ul>\n<p>Ra\u017eots Somij\u0101.<\/p>\n<p>&nbsp;<\/p>\n<h2><strong>Lieto\u0161anas instrukcija<\/strong><\/h2>\n<p>1 kapsula dien\u0101.<\/p>\n<p>&nbsp;<\/p>\n<h2><strong>Sast\u0101vda\u013cas<\/strong><\/h2>\n<p>Dzelzs bisglicin\u0101ts, n\u0101trija askorb\u0101ts (C vitam\u012bns), kapsula (stabilizators: hidroksipropilmetilceluloze), pildviela (r\u012bsu ciete).<\/p>\n<p class=\"p1\">Nesatur laktozes, raudz\u0113\u0161anas s\u0113n\u012b\u0161u vai glut\u0113na. Nesatur cukura, s\u0101ls, sojas vai saldin\u0101t\u0101ju.<\/p>\n<p>&nbsp;<\/p>\n<h2><b>Uzturv\u0113rt\u012bba uz vienu kapsulu<\/b><\/h2>\n<ul>\n<li>\n<p class=\"p1\">Dzelzs 100 mg (714% NRV)<\/p>\n<\/li>\n<li>\n<p class=\"p1\">C vitam\u012bns 160 mg (200% NRV)<\/p>\n<\/li>\n<\/ul>\n<p class=\"p1\">* NRV \u2013 no diennakts atsauces v\u0113rt\u012bbas pieaugu\u0161ajiem.<\/p>\n<p>&nbsp;<\/p>\n<h2><strong>Br\u012bdin\u0101jumi<\/strong><\/h2>\n<p>Glab\u0101t b\u0113rniem nepieejam\u0101 viet\u0101. Uztura bag\u0101tin\u0101t\u0101js neaizst\u0101j daudzveid\u012bgu un sabalans\u0113tu uzturu, k\u0101 ar\u012b vesel\u012bgu dz\u012bvesveidu. Nep\u0101rsniedziet ieteikto dienas devu.<\/p>\n","protected":false},"excerpt":{"rendered":"<p><b>Puhdas+ Super Dzelzs 100 mg 60 kapsulas<\/b> \u2013 augstas devas dzelzs prepar\u0101ts ar div\u0101m labi uzs\u016bcam\u0101m dzelzs form\u0101m un C vitam\u012bnu. Pal\u012bdz samazin\u0101t nogurumu.<\/p>\n","protected":false},"featured_media":360009,"comment_status":"open","ping_status":"closed","template":"","meta":{"_acf_changed":false,"googlesitekit_rrm_CAow3eq7DA:productID":""},"product_brand":[],"product_cat":[3066,3200],"product_tag":[8345,3042,8365,8353,8373,8548,3206],"class_list":{"0":"post-360233","1":"product","2":"type-product","3":"status-publish","4":"has-post-thumbnail","6":"product_cat-imunsistema","7":"product_cat-minerali","8":"product_tag-bez-glutna-lv","9":"product_tag-energija-lv","10":"product_tag-minerlvielas-lv","11":"product_tag-sievietm-lv","12":"product_tag-somijas-kvalitte-lv","13":"product_tag-super-dzelzs","14":"product_tag-uztura-bagatinatajs","16":"first","17":"onbackorder","18":"taxable","19":"shipping-taxable","20":"purchasable","21":"product-type-simple"},"acf":[],"yoast_head":"<!-- This site is optimized with the Yoast SEO plugin v27.3 - https:\/\/yoast.com\/product\/yoast-seo-wordpress\/ -->\n<title>Super Dzelzs 100 mg 60 kapsulas | Puhdas+<\/title>\n<meta name=\"description\" content=\"Puhdas+ Super Dzelzs 100 mg \u2013 kapsulas ar dzelzi un C vitam\u012bnu noguruma samazin\u0101\u0161anai un ener\u0123ijas l\u012bme\u0146a atbalstam. 60 kapsulas.\" \/>\n<meta name=\"robots\" content=\"index, follow, max-snippet:-1, max-image-preview:large, max-video-preview:-1\" \/>\n<link rel=\"canonical\" href=\"https:\/\/puhdasplus.ee\/lv\/produkti\/imunsistema\/super-dzelzs-100-mg-60-kapsulas\/\" \/>\n<meta property=\"og:locale\" content=\"lv_LV\" \/>\n<meta property=\"og:type\" content=\"article\" \/>\n<meta property=\"og:title\" content=\"Super Dzelzs 100 mg 60 kapsulas | Puhdas+\" \/>\n<meta property=\"og:description\" content=\"Puhdas+ Super Dzelzs 100 mg \u2013 kapsulas ar dzelzi un C vitam\u012bnu noguruma samazin\u0101\u0161anai un ener\u0123ijas l\u012bme\u0146a atbalstam. 60 kapsulas.\" \/>\n<meta property=\"og:url\" content=\"https:\/\/puhdasplus.ee\/lv\/produkti\/imunsistema\/super-dzelzs-100-mg-60-kapsulas\/\" \/>\n<meta property=\"og:site_name\" content=\"Puhdas+\" \/>\n<meta property=\"article:publisher\" content=\"https:\/\/www.facebook.com\/puhdasplus\" \/>\n<meta property=\"og:image\" content=\"https:\/\/puhdasplus.ee\/wp-content\/uploads\/2026\/03\/tooted-ilma-taustata-3-copy-3.jpg\" \/>\n\t<meta property=\"og:image:width\" content=\"1280\" \/>\n\t<meta property=\"og:image:height\" content=\"1760\" \/>\n\t<meta property=\"og:image:type\" content=\"image\/jpeg\" \/>\n<meta name=\"twitter:card\" content=\"summary_large_image\" \/>\n<meta name=\"twitter:label1\" content=\"Est. reading time\" \/>\n\t<meta name=\"twitter:data1\" content=\"1 minute\" \/>\n<script type=\"application\/ld+json\" class=\"yoast-schema-graph\">{\"@context\":\"https:\\\/\\\/schema.org\",\"@graph\":[{\"@type\":\"WebPage\",\"@id\":\"https:\\\/\\\/puhdasplus.ee\\\/lv\\\/produkti\\\/imunsistema\\\/super-dzelzs-100-mg-60-kapsulas\\\/\",\"url\":\"https:\\\/\\\/puhdasplus.ee\\\/lv\\\/produkti\\\/imunsistema\\\/super-dzelzs-100-mg-60-kapsulas\\\/\",\"name\":\"Super Dzelzs 100 mg 60 kapsulas | Puhdas+\",\"isPartOf\":{\"@id\":\"https:\\\/\\\/puhdasplus.ee\\\/lv\\\/#website\"},\"primaryImageOfPage\":{\"@id\":\"https:\\\/\\\/puhdasplus.ee\\\/lv\\\/produkti\\\/imunsistema\\\/super-dzelzs-100-mg-60-kapsulas\\\/#primaryimage\"},\"image\":{\"@id\":\"https:\\\/\\\/puhdasplus.ee\\\/lv\\\/produkti\\\/imunsistema\\\/super-dzelzs-100-mg-60-kapsulas\\\/#primaryimage\"},\"thumbnailUrl\":\"https:\\\/\\\/puhdasplus.ee\\\/wp-content\\\/uploads\\\/2026\\\/03\\\/tooted-ilma-taustata-3-copy-3.jpg\",\"datePublished\":\"2026-04-07T06:51:20+00:00\",\"description\":\"Puhdas+ Super Dzelzs 100 mg \u2013 kapsulas ar dzelzi un C vitam\u012bnu noguruma samazin\u0101\u0161anai un ener\u0123ijas l\u012bme\u0146a atbalstam. 60 kapsulas.\",\"breadcrumb\":{\"@id\":\"https:\\\/\\\/puhdasplus.ee\\\/lv\\\/produkti\\\/imunsistema\\\/super-dzelzs-100-mg-60-kapsulas\\\/#breadcrumb\"},\"inLanguage\":\"lv-LV\",\"potentialAction\":[{\"@type\":\"ReadAction\",\"target\":[\"https:\\\/\\\/puhdasplus.ee\\\/lv\\\/produkti\\\/imunsistema\\\/super-dzelzs-100-mg-60-kapsulas\\\/\"]}]},{\"@type\":\"ImageObject\",\"inLanguage\":\"lv-LV\",\"@id\":\"https:\\\/\\\/puhdasplus.ee\\\/lv\\\/produkti\\\/imunsistema\\\/super-dzelzs-100-mg-60-kapsulas\\\/#primaryimage\",\"url\":\"https:\\\/\\\/puhdasplus.ee\\\/wp-content\\\/uploads\\\/2026\\\/03\\\/tooted-ilma-taustata-3-copy-3.jpg\",\"contentUrl\":\"https:\\\/\\\/puhdasplus.ee\\\/wp-content\\\/uploads\\\/2026\\\/03\\\/tooted-ilma-taustata-3-copy-3.jpg\",\"width\":1280,\"height\":1760,\"caption\":\"Super Raud 100 mg 60 kapslit\"},{\"@type\":\"BreadcrumbList\",\"@id\":\"https:\\\/\\\/puhdasplus.ee\\\/lv\\\/produkti\\\/imunsistema\\\/super-dzelzs-100-mg-60-kapsulas\\\/#breadcrumb\",\"itemListElement\":[{\"@type\":\"ListItem\",\"position\":1,\"name\":\"S\u0101kums\",\"item\":\"https:\\\/\\\/puhdasplus.ee\\\/lv\\\/\"},{\"@type\":\"ListItem\",\"position\":2,\"name\":\"Produkti\",\"item\":\"https:\\\/\\\/puhdasplus.ee\\\/lv\\\/veikals\\\/\"},{\"@type\":\"ListItem\",\"position\":3,\"name\":\"Super Dzelzs 100 mg 60 kapsulas\"}]},{\"@type\":\"WebSite\",\"@id\":\"https:\\\/\\\/puhdasplus.ee\\\/lv\\\/#website\",\"url\":\"https:\\\/\\\/puhdasplus.ee\\\/lv\\\/\",\"name\":\"Puhdas+\",\"description\":\"Vitam\u012bni, uztura bag\u0101tin\u0101t\u0101ji, dab\u012bg\u0101 kosm\u0113tika, vesel\u012bba, sports\",\"publisher\":{\"@id\":\"https:\\\/\\\/puhdasplus.ee\\\/lv\\\/#organization\"},\"potentialAction\":[{\"@type\":\"SearchAction\",\"target\":{\"@type\":\"EntryPoint\",\"urlTemplate\":\"https:\\\/\\\/puhdasplus.ee\\\/lv\\\/?s={search_term_string}\"},\"query-input\":{\"@type\":\"PropertyValueSpecification\",\"valueRequired\":true,\"valueName\":\"search_term_string\"}}],\"inLanguage\":\"lv-LV\"},{\"@type\":\"Organization\",\"@id\":\"https:\\\/\\\/puhdasplus.ee\\\/lv\\\/#organization\",\"name\":\"Puhdas+\",\"alternateName\":\"Puhdasplus\",\"url\":\"https:\\\/\\\/puhdasplus.ee\\\/lv\\\/\",\"logo\":{\"@type\":\"ImageObject\",\"inLanguage\":\"lv-LV\",\"@id\":\"https:\\\/\\\/puhdasplus.ee\\\/lv\\\/#\\\/schema\\\/logo\\\/image\\\/\",\"url\":\"https:\\\/\\\/puhdasplus.ee\\\/wp-content\\\/uploads\\\/2019\\\/10\\\/puhdas_logo-arvele.png\",\"contentUrl\":\"https:\\\/\\\/puhdasplus.ee\\\/wp-content\\\/uploads\\\/2019\\\/10\\\/puhdas_logo-arvele.png\",\"width\":114,\"height\":94,\"caption\":\"Puhdas+\"},\"image\":{\"@id\":\"https:\\\/\\\/puhdasplus.ee\\\/lv\\\/#\\\/schema\\\/logo\\\/image\\\/\"},\"sameAs\":[\"https:\\\/\\\/www.facebook.com\\\/puhdasplus\",\"https:\\\/\\\/www.instagram.com\\\/puhdasplus_ee\\\/\"]}]}<\/script>\n<!-- \/ Yoast SEO plugin. -->","yoast_head_json":{"title":"Super Dzelzs 100 mg 60 kapsulas | Puhdas+","description":"Puhdas+ Super Dzelzs 100 mg \u2013 kapsulas ar dzelzi un C vitam\u012bnu noguruma samazin\u0101\u0161anai un ener\u0123ijas l\u012bme\u0146a atbalstam. 60 kapsulas.","robots":{"index":"index","follow":"follow","max-snippet":"max-snippet:-1","max-image-preview":"max-image-preview:large","max-video-preview":"max-video-preview:-1"},"canonical":"https:\/\/puhdasplus.ee\/lv\/produkti\/imunsistema\/super-dzelzs-100-mg-60-kapsulas\/","og_locale":"lv_LV","og_type":"article","og_title":"Super Dzelzs 100 mg 60 kapsulas | Puhdas+","og_description":"Puhdas+ Super Dzelzs 100 mg \u2013 kapsulas ar dzelzi un C vitam\u012bnu noguruma samazin\u0101\u0161anai un ener\u0123ijas l\u012bme\u0146a atbalstam. 60 kapsulas.","og_url":"https:\/\/puhdasplus.ee\/lv\/produkti\/imunsistema\/super-dzelzs-100-mg-60-kapsulas\/","og_site_name":"Puhdas+","article_publisher":"https:\/\/www.facebook.com\/puhdasplus","og_image":[{"width":1280,"height":1760,"url":"https:\/\/puhdasplus.ee\/wp-content\/uploads\/2026\/03\/tooted-ilma-taustata-3-copy-3.jpg","type":"image\/jpeg"}],"twitter_card":"summary_large_image","twitter_misc":{"Est. reading time":"1 minute"},"schema":{"@context":"https:\/\/schema.org","@graph":[{"@type":"WebPage","@id":"https:\/\/puhdasplus.ee\/lv\/produkti\/imunsistema\/super-dzelzs-100-mg-60-kapsulas\/","url":"https:\/\/puhdasplus.ee\/lv\/produkti\/imunsistema\/super-dzelzs-100-mg-60-kapsulas\/","name":"Super Dzelzs 100 mg 60 kapsulas | Puhdas+","isPartOf":{"@id":"https:\/\/puhdasplus.ee\/lv\/#website"},"primaryImageOfPage":{"@id":"https:\/\/puhdasplus.ee\/lv\/produkti\/imunsistema\/super-dzelzs-100-mg-60-kapsulas\/#primaryimage"},"image":{"@id":"https:\/\/puhdasplus.ee\/lv\/produkti\/imunsistema\/super-dzelzs-100-mg-60-kapsulas\/#primaryimage"},"thumbnailUrl":"https:\/\/puhdasplus.ee\/wp-content\/uploads\/2026\/03\/tooted-ilma-taustata-3-copy-3.jpg","datePublished":"2026-04-07T06:51:20+00:00","description":"Puhdas+ Super Dzelzs 100 mg \u2013 kapsulas ar dzelzi un C vitam\u012bnu noguruma samazin\u0101\u0161anai un ener\u0123ijas l\u012bme\u0146a atbalstam. 60 kapsulas.","breadcrumb":{"@id":"https:\/\/puhdasplus.ee\/lv\/produkti\/imunsistema\/super-dzelzs-100-mg-60-kapsulas\/#breadcrumb"},"inLanguage":"lv-LV","potentialAction":[{"@type":"ReadAction","target":["https:\/\/puhdasplus.ee\/lv\/produkti\/imunsistema\/super-dzelzs-100-mg-60-kapsulas\/"]}]},{"@type":"ImageObject","inLanguage":"lv-LV","@id":"https:\/\/puhdasplus.ee\/lv\/produkti\/imunsistema\/super-dzelzs-100-mg-60-kapsulas\/#primaryimage","url":"https:\/\/puhdasplus.ee\/wp-content\/uploads\/2026\/03\/tooted-ilma-taustata-3-copy-3.jpg","contentUrl":"https:\/\/puhdasplus.ee\/wp-content\/uploads\/2026\/03\/tooted-ilma-taustata-3-copy-3.jpg","width":1280,"height":1760,"caption":"Super Raud 100 mg 60 kapslit"},{"@type":"BreadcrumbList","@id":"https:\/\/puhdasplus.ee\/lv\/produkti\/imunsistema\/super-dzelzs-100-mg-60-kapsulas\/#breadcrumb","itemListElement":[{"@type":"ListItem","position":1,"name":"S\u0101kums","item":"https:\/\/puhdasplus.ee\/lv\/"},{"@type":"ListItem","position":2,"name":"Produkti","item":"https:\/\/puhdasplus.ee\/lv\/veikals\/"},{"@type":"ListItem","position":3,"name":"Super Dzelzs 100 mg 60 kapsulas"}]},{"@type":"WebSite","@id":"https:\/\/puhdasplus.ee\/lv\/#website","url":"https:\/\/puhdasplus.ee\/lv\/","name":"Puhdas+","description":"Vitam\u012bni, uztura bag\u0101tin\u0101t\u0101ji, dab\u012bg\u0101 kosm\u0113tika, vesel\u012bba, sports","publisher":{"@id":"https:\/\/puhdasplus.ee\/lv\/#organization"},"potentialAction":[{"@type":"SearchAction","target":{"@type":"EntryPoint","urlTemplate":"https:\/\/puhdasplus.ee\/lv\/?s={search_term_string}"},"query-input":{"@type":"PropertyValueSpecification","valueRequired":true,"valueName":"search_term_string"}}],"inLanguage":"lv-LV"},{"@type":"Organization","@id":"https:\/\/puhdasplus.ee\/lv\/#organization","name":"Puhdas+","alternateName":"Puhdasplus","url":"https:\/\/puhdasplus.ee\/lv\/","logo":{"@type":"ImageObject","inLanguage":"lv-LV","@id":"https:\/\/puhdasplus.ee\/lv\/#\/schema\/logo\/image\/","url":"https:\/\/puhdasplus.ee\/wp-content\/uploads\/2019\/10\/puhdas_logo-arvele.png","contentUrl":"https:\/\/puhdasplus.ee\/wp-content\/uploads\/2019\/10\/puhdas_logo-arvele.png","width":114,"height":94,"caption":"Puhdas+"},"image":{"@id":"https:\/\/puhdasplus.ee\/lv\/#\/schema\/logo\/image\/"},"sameAs":["https:\/\/www.facebook.com\/puhdasplus","https:\/\/www.instagram.com\/puhdasplus_ee\/"]}]}},"_yoast_wpseo_title":"Super Dzelzs 100 mg 60 kapsulas | Puhdas+","_yoast_wpseo_metadesc":"Puhdas+ Super Dzelzs 100 mg \u2013 kapsulas ar dzelzi un C vitam\u012bnu noguruma samazin\u0101\u0161anai un ener\u0123ijas l\u012bme\u0146a atbalstam. 60 kapsulas.","_yoast_wpseo_focuskw":"dzelzs uztura bag\u0101tin\u0101t\u0101js stiprs","_links":{"self":[{"href":"https:\/\/puhdasplus.ee\/lv\/wp-json\/wp\/v2\/product\/360233","targetHints":{"allow":["GET"]}}],"collection":[{"href":"https:\/\/puhdasplus.ee\/lv\/wp-json\/wp\/v2\/product"}],"about":[{"href":"https:\/\/puhdasplus.ee\/lv\/wp-json\/wp\/v2\/types\/product"}],"replies":[{"embeddable":true,"href":"https:\/\/puhdasplus.ee\/lv\/wp-json\/wp\/v2\/comments?post=360233"}],"wp:featuredmedia":[{"embeddable":true,"href":"https:\/\/puhdasplus.ee\/lv\/wp-json\/wp\/v2\/media\/360009"}],"wp:attachment":[{"href":"https:\/\/puhdasplus.ee\/lv\/wp-json\/wp\/v2\/media?parent=360233"}],"wp:term":[{"taxonomy":"product_brand","embeddable":true,"href":"https:\/\/puhdasplus.ee\/lv\/wp-json\/wp\/v2\/product_brand?post=360233"},{"taxonomy":"product_cat","embeddable":true,"href":"https:\/\/puhdasplus.ee\/lv\/wp-json\/wp\/v2\/product_cat?post=360233"},{"taxonomy":"product_tag","embeddable":true,"href":"https:\/\/puhdasplus.ee\/lv\/wp-json\/wp\/v2\/product_tag?post=360233"}],"curies":[{"name":"wp","href":"https:\/\/api.w.org\/{rel}","templated":true}]}}