{"id":360230,"date":"2026-03-30T21:49:26","date_gmt":"2026-03-30T18:49:26","guid":{"rendered":"https:\/\/puhdasplus.ee\/tooted\/maaratlemata\/astaksantins-8-mg-30-kapsulas\/"},"modified":"2026-04-07T09:50:34","modified_gmt":"2026-04-07T06:50:34","slug":"astaksantins-8-mg-30-kapsulas","status":"publish","type":"product","link":"https:\/\/puhdasplus.ee\/lv\/produkti\/imunsistema\/astaksantins-8-mg-30-kapsulas\/","title":{"rendered":"Astaksant\u012bns 8 mg 30 kapsulas"},"content":{"rendered":"<p>Puhdas+ astaksant\u012bns ir no mikroa\u013c\u0123\u0113m <em data-start=\"38\" data-end=\"63\">Haematococcus pluvialis<\/em> ieg\u016bts astaksant\u012bns. Astaksant\u012bns ir sarkani nokr\u0101sots karotino\u012bds.<\/p>\n<p>&nbsp;<\/p>\n<h2><strong>Lieto\u0161anas nor\u0101d\u012bjumi<\/strong><\/h2>\n<p>1 kapsula dien\u0101. Nedr\u012bkst p\u0101rsniegt ieteicamo diennakts devu.<\/p>\n<p>&nbsp;<\/p>\n<h2><strong>Sast\u0101vs<\/strong><\/h2>\n<p>Astaksant\u012bna prepar\u0101ts (<em data-start=\"24\" data-end=\"49\">Haematococcus pluvialis<\/em>), kapsula (stabilizators \u2013 hidroksipropilmetilceluloze).<\/p>\n<p>Nesatur laktoze, raugs vai gl\u016btens. Nesatur cukuru, s\u0101li vai saldin\u0101t\u0101jus.<\/p>\n<p>&nbsp;<\/p>\n<h2><strong>Uzturv\u0113rt\u012bba uz vienu kapsulu<\/strong><\/h2>\n<p>Astaksant\u012bns 8 mg<\/p>\n<p>&nbsp;<\/p>\n<h2><strong>Br\u012bdin\u0101jumi<\/strong><\/h2>\n<ul>\n<li>Uztura bag\u0101tin\u0101t\u0101js neaizst\u0101j daudzveid\u012bgu un sabalans\u0113tu uzturu, k\u0101 ar\u012b vesel\u012bgu dz\u012bvesveidu.<\/li>\n<li>Svar\u012bgi \u0113st daudzveid\u012bgi un sabalans\u0113ti, k\u0101 ar\u012b iev\u0113rot vesel\u012bgu dz\u012bvesveidu.<\/li>\n<li>Uzglab\u0101t b\u0113rniem nepieejam\u0101 viet\u0101.<\/li>\n<li>Nedr\u012bkst p\u0101rsniegt ieteicamo diennakts devu.<\/li>\n<\/ul>\n<p>&nbsp;<\/p>\n","protected":false},"excerpt":{"rendered":"<p>Puhdas+ Astaksant\u012bns 8 mg, 30 kapsulas satur no mikroa\u013c\u0123\u0113m <em data-start=\"62\" data-end=\"87\">Haematococcus pluvialis<\/em> ieg\u016btu <strong>astaksant\u012bnu<\/strong>, kas ir viens no <strong>dab\u0101 sastopamajiem antioksidantiem.<\/strong> Uztura bag\u0101tin\u0101t\u0101js ir piem\u0113rots ikdienas lieto\u0161anai.<\/p>\n","protected":false},"featured_media":360790,"comment_status":"open","ping_status":"closed","template":"","meta":{"_acf_changed":false,"googlesitekit_rrm_CAow3eq7DA:productID":""},"product_brand":[],"product_cat":[4584,3296,3066],"product_tag":[8385,3301,4791,8460,8345,8373,3206],"class_list":{"0":"post-360230","1":"product","2":"type-product","3":"status-publish","4":"has-post-thumbnail","6":"product_cat-acim","7":"product_cat-ada-mati-nagi","8":"product_cat-imunsistema","9":"product_tag-acu-veselba-lv","10":"product_tag-adas-veseliba","11":"product_tag-antioksidants-lv","12":"product_tag-astaksantins","13":"product_tag-bez-glutna-lv","14":"product_tag-somijas-kvalitte-lv","15":"product_tag-uztura-bagatinatajs","17":"first","18":"onbackorder","19":"taxable","20":"shipping-taxable","21":"purchasable","22":"product-type-simple"},"acf":[],"yoast_head":"<!-- This site is optimized with the Yoast SEO plugin v27.3 - https:\/\/yoast.com\/product\/yoast-seo-wordpress\/ -->\n<title>Astaksant\u012bns 8 mg 60 kapsulas | Puhdas+<\/title>\n<meta name=\"description\" content=\"Puhdas+ Astaksant\u012bns 8 mg \u2013 kvalitat\u012bvs antioksidants no mikroa\u013c\u0123\u0113m (Haematococcus pluvialis). T\u012brs sast\u0101vs un 60 kapsulas ikdienas lieto\u0161anai.\" \/>\n<meta name=\"robots\" content=\"index, follow, max-snippet:-1, max-image-preview:large, max-video-preview:-1\" \/>\n<link rel=\"canonical\" href=\"https:\/\/puhdasplus.ee\/lv\/produkti\/imunsistema\/astaksantins-8-mg-30-kapsulas\/\" \/>\n<meta property=\"og:locale\" content=\"lv_LV\" \/>\n<meta property=\"og:type\" content=\"article\" \/>\n<meta property=\"og:title\" content=\"Astaksant\u012bns 8 mg 60 kapsulas | Puhdas+\" \/>\n<meta property=\"og:description\" content=\"Puhdas+ Astaksant\u012bns 8 mg \u2013 kvalitat\u012bvs antioksidants no mikroa\u013c\u0123\u0113m (Haematococcus pluvialis). T\u012brs sast\u0101vs un 60 kapsulas ikdienas lieto\u0161anai.\" \/>\n<meta property=\"og:url\" content=\"https:\/\/puhdasplus.ee\/lv\/produkti\/imunsistema\/astaksantins-8-mg-30-kapsulas\/\" \/>\n<meta property=\"og:site_name\" content=\"Puhdas+\" \/>\n<meta property=\"article:publisher\" content=\"https:\/\/www.facebook.com\/puhdasplus\" \/>\n<meta property=\"article:modified_time\" content=\"2026-04-07T06:50:34+00:00\" \/>\n<meta property=\"og:image\" content=\"https:\/\/puhdasplus.ee\/wp-content\/uploads\/2026\/03\/Astaksantiin-8-mg-scaled.png\" \/>\n\t<meta property=\"og:image:width\" content=\"1862\" \/>\n\t<meta property=\"og:image:height\" content=\"2560\" \/>\n\t<meta property=\"og:image:type\" content=\"image\/png\" \/>\n<meta name=\"twitter:card\" content=\"summary_large_image\" \/>\n<meta name=\"twitter:label1\" content=\"Est. reading time\" \/>\n\t<meta name=\"twitter:data1\" content=\"1 minute\" \/>\n<script type=\"application\/ld+json\" class=\"yoast-schema-graph\">{\"@context\":\"https:\\\/\\\/schema.org\",\"@graph\":[{\"@type\":\"WebPage\",\"@id\":\"https:\\\/\\\/puhdasplus.ee\\\/lv\\\/produkti\\\/imunsistema\\\/astaksantins-8-mg-30-kapsulas\\\/\",\"url\":\"https:\\\/\\\/puhdasplus.ee\\\/lv\\\/produkti\\\/imunsistema\\\/astaksantins-8-mg-30-kapsulas\\\/\",\"name\":\"Astaksant\u012bns 8 mg 60 kapsulas | Puhdas+\",\"isPartOf\":{\"@id\":\"https:\\\/\\\/puhdasplus.ee\\\/lv\\\/#website\"},\"primaryImageOfPage\":{\"@id\":\"https:\\\/\\\/puhdasplus.ee\\\/lv\\\/produkti\\\/imunsistema\\\/astaksantins-8-mg-30-kapsulas\\\/#primaryimage\"},\"image\":{\"@id\":\"https:\\\/\\\/puhdasplus.ee\\\/lv\\\/produkti\\\/imunsistema\\\/astaksantins-8-mg-30-kapsulas\\\/#primaryimage\"},\"thumbnailUrl\":\"https:\\\/\\\/puhdasplus.ee\\\/wp-content\\\/uploads\\\/2026\\\/03\\\/Astaksantiin-8-mg-scaled.png\",\"datePublished\":\"2026-03-30T18:49:26+00:00\",\"dateModified\":\"2026-04-07T06:50:34+00:00\",\"description\":\"Puhdas+ Astaksant\u012bns 8 mg \u2013 kvalitat\u012bvs antioksidants no mikroa\u013c\u0123\u0113m (Haematococcus pluvialis). T\u012brs sast\u0101vs un 60 kapsulas ikdienas lieto\u0161anai.\",\"breadcrumb\":{\"@id\":\"https:\\\/\\\/puhdasplus.ee\\\/lv\\\/produkti\\\/imunsistema\\\/astaksantins-8-mg-30-kapsulas\\\/#breadcrumb\"},\"inLanguage\":\"lv-LV\",\"potentialAction\":[{\"@type\":\"ReadAction\",\"target\":[\"https:\\\/\\\/puhdasplus.ee\\\/lv\\\/produkti\\\/imunsistema\\\/astaksantins-8-mg-30-kapsulas\\\/\"]}]},{\"@type\":\"ImageObject\",\"inLanguage\":\"lv-LV\",\"@id\":\"https:\\\/\\\/puhdasplus.ee\\\/lv\\\/produkti\\\/imunsistema\\\/astaksantins-8-mg-30-kapsulas\\\/#primaryimage\",\"url\":\"https:\\\/\\\/puhdasplus.ee\\\/wp-content\\\/uploads\\\/2026\\\/03\\\/Astaksantiin-8-mg-scaled.png\",\"contentUrl\":\"https:\\\/\\\/puhdasplus.ee\\\/wp-content\\\/uploads\\\/2026\\\/03\\\/Astaksantiin-8-mg-scaled.png\",\"width\":1862,\"height\":2560,\"caption\":\"Astaksantiin 8 mg\"},{\"@type\":\"BreadcrumbList\",\"@id\":\"https:\\\/\\\/puhdasplus.ee\\\/lv\\\/produkti\\\/imunsistema\\\/astaksantins-8-mg-30-kapsulas\\\/#breadcrumb\",\"itemListElement\":[{\"@type\":\"ListItem\",\"position\":1,\"name\":\"S\u0101kums\",\"item\":\"https:\\\/\\\/puhdasplus.ee\\\/lv\\\/\"},{\"@type\":\"ListItem\",\"position\":2,\"name\":\"Produkti\",\"item\":\"https:\\\/\\\/puhdasplus.ee\\\/lv\\\/veikals\\\/\"},{\"@type\":\"ListItem\",\"position\":3,\"name\":\"Astaksant\u012bns 8 mg 30 kapsulas\"}]},{\"@type\":\"WebSite\",\"@id\":\"https:\\\/\\\/puhdasplus.ee\\\/lv\\\/#website\",\"url\":\"https:\\\/\\\/puhdasplus.ee\\\/lv\\\/\",\"name\":\"Puhdas+\",\"description\":\"Vitam\u012bni, uztura bag\u0101tin\u0101t\u0101ji, dab\u012bg\u0101 kosm\u0113tika, vesel\u012bba, sports\",\"publisher\":{\"@id\":\"https:\\\/\\\/puhdasplus.ee\\\/lv\\\/#organization\"},\"potentialAction\":[{\"@type\":\"SearchAction\",\"target\":{\"@type\":\"EntryPoint\",\"urlTemplate\":\"https:\\\/\\\/puhdasplus.ee\\\/lv\\\/?s={search_term_string}\"},\"query-input\":{\"@type\":\"PropertyValueSpecification\",\"valueRequired\":true,\"valueName\":\"search_term_string\"}}],\"inLanguage\":\"lv-LV\"},{\"@type\":\"Organization\",\"@id\":\"https:\\\/\\\/puhdasplus.ee\\\/lv\\\/#organization\",\"name\":\"Puhdas+\",\"alternateName\":\"Puhdasplus\",\"url\":\"https:\\\/\\\/puhdasplus.ee\\\/lv\\\/\",\"logo\":{\"@type\":\"ImageObject\",\"inLanguage\":\"lv-LV\",\"@id\":\"https:\\\/\\\/puhdasplus.ee\\\/lv\\\/#\\\/schema\\\/logo\\\/image\\\/\",\"url\":\"https:\\\/\\\/puhdasplus.ee\\\/wp-content\\\/uploads\\\/2019\\\/10\\\/puhdas_logo-arvele.png\",\"contentUrl\":\"https:\\\/\\\/puhdasplus.ee\\\/wp-content\\\/uploads\\\/2019\\\/10\\\/puhdas_logo-arvele.png\",\"width\":114,\"height\":94,\"caption\":\"Puhdas+\"},\"image\":{\"@id\":\"https:\\\/\\\/puhdasplus.ee\\\/lv\\\/#\\\/schema\\\/logo\\\/image\\\/\"},\"sameAs\":[\"https:\\\/\\\/www.facebook.com\\\/puhdasplus\",\"https:\\\/\\\/www.instagram.com\\\/puhdasplus_ee\\\/\"]}]}<\/script>\n<!-- \/ Yoast SEO plugin. -->","yoast_head_json":{"title":"Astaksant\u012bns 8 mg 60 kapsulas | Puhdas+","description":"Puhdas+ Astaksant\u012bns 8 mg \u2013 kvalitat\u012bvs antioksidants no mikroa\u013c\u0123\u0113m (Haematococcus pluvialis). T\u012brs sast\u0101vs un 60 kapsulas ikdienas lieto\u0161anai.","robots":{"index":"index","follow":"follow","max-snippet":"max-snippet:-1","max-image-preview":"max-image-preview:large","max-video-preview":"max-video-preview:-1"},"canonical":"https:\/\/puhdasplus.ee\/lv\/produkti\/imunsistema\/astaksantins-8-mg-30-kapsulas\/","og_locale":"lv_LV","og_type":"article","og_title":"Astaksant\u012bns 8 mg 60 kapsulas | Puhdas+","og_description":"Puhdas+ Astaksant\u012bns 8 mg \u2013 kvalitat\u012bvs antioksidants no mikroa\u013c\u0123\u0113m (Haematococcus pluvialis). T\u012brs sast\u0101vs un 60 kapsulas ikdienas lieto\u0161anai.","og_url":"https:\/\/puhdasplus.ee\/lv\/produkti\/imunsistema\/astaksantins-8-mg-30-kapsulas\/","og_site_name":"Puhdas+","article_publisher":"https:\/\/www.facebook.com\/puhdasplus","article_modified_time":"2026-04-07T06:50:34+00:00","og_image":[{"width":1862,"height":2560,"url":"https:\/\/puhdasplus.ee\/wp-content\/uploads\/2026\/03\/Astaksantiin-8-mg-scaled.png","type":"image\/png"}],"twitter_card":"summary_large_image","twitter_misc":{"Est. reading time":"1 minute"},"schema":{"@context":"https:\/\/schema.org","@graph":[{"@type":"WebPage","@id":"https:\/\/puhdasplus.ee\/lv\/produkti\/imunsistema\/astaksantins-8-mg-30-kapsulas\/","url":"https:\/\/puhdasplus.ee\/lv\/produkti\/imunsistema\/astaksantins-8-mg-30-kapsulas\/","name":"Astaksant\u012bns 8 mg 60 kapsulas | Puhdas+","isPartOf":{"@id":"https:\/\/puhdasplus.ee\/lv\/#website"},"primaryImageOfPage":{"@id":"https:\/\/puhdasplus.ee\/lv\/produkti\/imunsistema\/astaksantins-8-mg-30-kapsulas\/#primaryimage"},"image":{"@id":"https:\/\/puhdasplus.ee\/lv\/produkti\/imunsistema\/astaksantins-8-mg-30-kapsulas\/#primaryimage"},"thumbnailUrl":"https:\/\/puhdasplus.ee\/wp-content\/uploads\/2026\/03\/Astaksantiin-8-mg-scaled.png","datePublished":"2026-03-30T18:49:26+00:00","dateModified":"2026-04-07T06:50:34+00:00","description":"Puhdas+ Astaksant\u012bns 8 mg \u2013 kvalitat\u012bvs antioksidants no mikroa\u013c\u0123\u0113m (Haematococcus pluvialis). T\u012brs sast\u0101vs un 60 kapsulas ikdienas lieto\u0161anai.","breadcrumb":{"@id":"https:\/\/puhdasplus.ee\/lv\/produkti\/imunsistema\/astaksantins-8-mg-30-kapsulas\/#breadcrumb"},"inLanguage":"lv-LV","potentialAction":[{"@type":"ReadAction","target":["https:\/\/puhdasplus.ee\/lv\/produkti\/imunsistema\/astaksantins-8-mg-30-kapsulas\/"]}]},{"@type":"ImageObject","inLanguage":"lv-LV","@id":"https:\/\/puhdasplus.ee\/lv\/produkti\/imunsistema\/astaksantins-8-mg-30-kapsulas\/#primaryimage","url":"https:\/\/puhdasplus.ee\/wp-content\/uploads\/2026\/03\/Astaksantiin-8-mg-scaled.png","contentUrl":"https:\/\/puhdasplus.ee\/wp-content\/uploads\/2026\/03\/Astaksantiin-8-mg-scaled.png","width":1862,"height":2560,"caption":"Astaksantiin 8 mg"},{"@type":"BreadcrumbList","@id":"https:\/\/puhdasplus.ee\/lv\/produkti\/imunsistema\/astaksantins-8-mg-30-kapsulas\/#breadcrumb","itemListElement":[{"@type":"ListItem","position":1,"name":"S\u0101kums","item":"https:\/\/puhdasplus.ee\/lv\/"},{"@type":"ListItem","position":2,"name":"Produkti","item":"https:\/\/puhdasplus.ee\/lv\/veikals\/"},{"@type":"ListItem","position":3,"name":"Astaksant\u012bns 8 mg 30 kapsulas"}]},{"@type":"WebSite","@id":"https:\/\/puhdasplus.ee\/lv\/#website","url":"https:\/\/puhdasplus.ee\/lv\/","name":"Puhdas+","description":"Vitam\u012bni, uztura bag\u0101tin\u0101t\u0101ji, dab\u012bg\u0101 kosm\u0113tika, vesel\u012bba, sports","publisher":{"@id":"https:\/\/puhdasplus.ee\/lv\/#organization"},"potentialAction":[{"@type":"SearchAction","target":{"@type":"EntryPoint","urlTemplate":"https:\/\/puhdasplus.ee\/lv\/?s={search_term_string}"},"query-input":{"@type":"PropertyValueSpecification","valueRequired":true,"valueName":"search_term_string"}}],"inLanguage":"lv-LV"},{"@type":"Organization","@id":"https:\/\/puhdasplus.ee\/lv\/#organization","name":"Puhdas+","alternateName":"Puhdasplus","url":"https:\/\/puhdasplus.ee\/lv\/","logo":{"@type":"ImageObject","inLanguage":"lv-LV","@id":"https:\/\/puhdasplus.ee\/lv\/#\/schema\/logo\/image\/","url":"https:\/\/puhdasplus.ee\/wp-content\/uploads\/2019\/10\/puhdas_logo-arvele.png","contentUrl":"https:\/\/puhdasplus.ee\/wp-content\/uploads\/2019\/10\/puhdas_logo-arvele.png","width":114,"height":94,"caption":"Puhdas+"},"image":{"@id":"https:\/\/puhdasplus.ee\/lv\/#\/schema\/logo\/image\/"},"sameAs":["https:\/\/www.facebook.com\/puhdasplus","https:\/\/www.instagram.com\/puhdasplus_ee\/"]}]}},"_yoast_wpseo_title":"Astaksant\u012bns 8 mg 60 kapsulas | Puhdas+","_yoast_wpseo_metadesc":"Puhdas+ Astaksant\u012bns 8 mg \u2013 kvalitat\u012bvs antioksidants no mikroa\u013c\u0123\u0113m (Haematococcus pluvialis). T\u012brs sast\u0101vs un 60 kapsulas ikdienas lieto\u0161anai.","_yoast_wpseo_focuskw":"astaksant\u012bns","_links":{"self":[{"href":"https:\/\/puhdasplus.ee\/lv\/wp-json\/wp\/v2\/product\/360230","targetHints":{"allow":["GET"]}}],"collection":[{"href":"https:\/\/puhdasplus.ee\/lv\/wp-json\/wp\/v2\/product"}],"about":[{"href":"https:\/\/puhdasplus.ee\/lv\/wp-json\/wp\/v2\/types\/product"}],"replies":[{"embeddable":true,"href":"https:\/\/puhdasplus.ee\/lv\/wp-json\/wp\/v2\/comments?post=360230"}],"wp:featuredmedia":[{"embeddable":true,"href":"https:\/\/puhdasplus.ee\/lv\/wp-json\/wp\/v2\/media\/360790"}],"wp:attachment":[{"href":"https:\/\/puhdasplus.ee\/lv\/wp-json\/wp\/v2\/media?parent=360230"}],"wp:term":[{"taxonomy":"product_brand","embeddable":true,"href":"https:\/\/puhdasplus.ee\/lv\/wp-json\/wp\/v2\/product_brand?post=360230"},{"taxonomy":"product_cat","embeddable":true,"href":"https:\/\/puhdasplus.ee\/lv\/wp-json\/wp\/v2\/product_cat?post=360230"},{"taxonomy":"product_tag","embeddable":true,"href":"https:\/\/puhdasplus.ee\/lv\/wp-json\/wp\/v2\/product_tag?post=360230"}],"curies":[{"name":"wp","href":"https:\/\/api.w.org\/{rel}","templated":true}]}}