{"id":360226,"date":"2026-03-30T21:49:48","date_gmt":"2026-03-30T18:49:48","guid":{"rendered":"https:\/\/puhdasplus.ee\/tooted\/maaratlemata\/optimsm-250-g-2\/"},"modified":"2026-04-07T09:49:36","modified_gmt":"2026-04-07T06:49:36","slug":"optimsm-250-g-2","status":"publish","type":"product","link":"https:\/\/puhdasplus.ee\/lv\/produkti\/ada-mati-nagi\/optimsm-250-g-2\/","title":{"rendered":"OptiMSM 250 g"},"content":{"rendered":"<p>MSM jeb metilsulfonilmet\u0101ns ir s\u0113ra savienojums, kas dab\u012bgi sastopams augu un dz\u012bvnieku valst\u012bb\u0101, k\u0101 ar\u012b cilv\u0113ka organism\u0101. Puhdas+ OptiMSM satur augstas kvalit\u0101tes ASV Bergstrom Nutrition MSM, kas tiek uzskat\u012bts par pasaul\u0113 efekt\u012bv\u0101ko un kvalitat\u012bv\u0101ko. T\u012bra un pulvera forma ikdienas lieto\u0161anai.<\/p>\n<p>&nbsp;<\/p>\n<h2><strong>Lieto\u0161anas instrukcija<\/strong><\/h2>\n<p class=\"p1\">S\u0101ciet MSM pulvera lieto\u0161anu ar nelielu devu \u2013 \u00bd t\u0113jkarote dien\u0101 un pak\u0101peniski palieliniet daudzumu l\u012bdz 1 \u0113damkarotei dien\u0101. Ieteicam\u0101 dienas deva 1 \u0113damkarote (10 g) satur 10 000 mg MSM. Nedr\u012bkst p\u0101rsniegt ieteicamo dienas devu.<\/p>\n<p>&nbsp;<\/p>\n<h2><strong>Sast\u0101vda\u013cas<\/strong><\/h2>\n<p>100% metilsulfonilmet\u0101ns (OptiMSM\u00ae).<\/p>\n<p>Nesatur pienu, laktozi, raugus vai glut\u0113nu. Nesatur cukuru, s\u0101li vai saldin\u0101t\u0101jus. Veg\u0101niem piem\u0113rots.<\/p>\n<p>&nbsp;<\/p>\n<h2><strong>Uzturvielu saturs<\/strong><\/h2>\n<p>1 \u0113dk (10 g) satur MSM 10 000 mg.<\/p>\n<p>&nbsp;<\/p>\n<h2><strong>Br\u012bdin\u0101jumi<\/strong><\/h2>\n<p>Glab\u0101t b\u0113rniem nepieejam\u0101 viet\u0101. Uztura bag\u0101tin\u0101t\u0101js neaizst\u0101j daudzveid\u012bgu un sabalans\u0113tu uzturu, k\u0101 ar\u012b vesel\u012bgu dz\u012bvesveidu. Nep\u0101rsniedziet ieteicamo dienas devu.<\/p>\n","protected":false},"excerpt":{"rendered":"<p class=\"p1\"><b>Puhdas+ OptiMSM <\/b>250 g ir augstas kvalit\u0101tes MSM pulveris ikdienas lieto\u0161anai. Satur patent\u0113to <strong>Bergstrom Nutrition OptiMSM\u00ae<\/strong>, kas ir paz\u012bstams ar savu t\u012br\u012bbu un kvalit\u0101ti.<\/p>\n","protected":false},"featured_media":360838,"comment_status":"open","ping_status":"closed","template":"","meta":{"_acf_changed":false,"googlesitekit_rrm_CAow3eq7DA:productID":""},"product_brand":[],"product_cat":[3296,3483],"product_tag":[3301,8345,8484,3225,8373,3206],"class_list":{"0":"post-360226","1":"product","2":"type-product","3":"status-publish","4":"has-post-thumbnail","6":"product_cat-ada-mati-nagi","7":"product_cat-locitavas-muskuli-un-kauli","8":"product_tag-adas-veseliba","9":"product_tag-bez-glutna-lv","10":"product_tag-msm-lv","11":"product_tag-muskuli-un-locitavas","12":"product_tag-somijas-kvalitte-lv","13":"product_tag-uztura-bagatinatajs","15":"first","16":"onbackorder","17":"taxable","18":"shipping-taxable","19":"purchasable","20":"product-type-simple"},"acf":[],"yoast_head":"<!-- This site is optimized with the Yoast SEO plugin v27.4 - https:\/\/yoast.com\/product\/yoast-seo-wordpress\/ -->\n<title>OptiMSM 250 g \u2013 MSM pulveris | Puhdas+<\/title>\n<meta name=\"description\" content=\"Puhdas+ OptiMSM 250 g \u2013 patent\u0113ts MSM pulveris no Bergstrom Nutrition. T\u012brs un kvalitat\u012bvs sast\u0101vs ikdienas lieto\u0161anai.\" \/>\n<meta name=\"robots\" content=\"index, follow, max-snippet:-1, max-image-preview:large, max-video-preview:-1\" \/>\n<link rel=\"canonical\" href=\"https:\/\/puhdasplus.ee\/lv\/produkti\/ada-mati-nagi\/optimsm-250-g-2\/\" \/>\n<meta property=\"og:locale\" content=\"lv_LV\" \/>\n<meta property=\"og:type\" content=\"article\" \/>\n<meta property=\"og:title\" content=\"OptiMSM 250 g \u2013 MSM pulveris | Puhdas+\" \/>\n<meta property=\"og:description\" content=\"Puhdas+ OptiMSM 250 g \u2013 patent\u0113ts MSM pulveris no Bergstrom Nutrition. T\u012brs un kvalitat\u012bvs sast\u0101vs ikdienas lieto\u0161anai.\" \/>\n<meta property=\"og:url\" content=\"https:\/\/puhdasplus.ee\/lv\/produkti\/ada-mati-nagi\/optimsm-250-g-2\/\" \/>\n<meta property=\"og:site_name\" content=\"Puhdas+\" \/>\n<meta property=\"article:publisher\" content=\"https:\/\/www.facebook.com\/puhdasplus\" \/>\n<meta property=\"article:modified_time\" content=\"2026-04-07T06:49:36+00:00\" \/>\n<meta property=\"og:image\" content=\"https:\/\/puhdasplus.ee\/wp-content\/uploads\/2026\/03\/tooted-ilma-taustata-3-copy-5.jpg\" \/>\n\t<meta property=\"og:image:width\" content=\"1280\" \/>\n\t<meta property=\"og:image:height\" content=\"1760\" \/>\n\t<meta property=\"og:image:type\" content=\"image\/jpeg\" \/>\n<meta name=\"twitter:card\" content=\"summary_large_image\" \/>\n<meta name=\"twitter:label1\" content=\"Est. reading time\" \/>\n\t<meta name=\"twitter:data1\" content=\"1 minute\" \/>\n<script type=\"application\/ld+json\" class=\"yoast-schema-graph\">{\"@context\":\"https:\\\/\\\/schema.org\",\"@graph\":[{\"@type\":\"WebPage\",\"@id\":\"https:\\\/\\\/puhdasplus.ee\\\/lv\\\/produkti\\\/ada-mati-nagi\\\/optimsm-250-g-2\\\/\",\"url\":\"https:\\\/\\\/puhdasplus.ee\\\/lv\\\/produkti\\\/ada-mati-nagi\\\/optimsm-250-g-2\\\/\",\"name\":\"OptiMSM 250 g \u2013 MSM pulveris | Puhdas+\",\"isPartOf\":{\"@id\":\"https:\\\/\\\/puhdasplus.ee\\\/lv\\\/#website\"},\"primaryImageOfPage\":{\"@id\":\"https:\\\/\\\/puhdasplus.ee\\\/lv\\\/produkti\\\/ada-mati-nagi\\\/optimsm-250-g-2\\\/#primaryimage\"},\"image\":{\"@id\":\"https:\\\/\\\/puhdasplus.ee\\\/lv\\\/produkti\\\/ada-mati-nagi\\\/optimsm-250-g-2\\\/#primaryimage\"},\"thumbnailUrl\":\"https:\\\/\\\/puhdasplus.ee\\\/wp-content\\\/uploads\\\/2026\\\/03\\\/tooted-ilma-taustata-3-copy-5.jpg\",\"datePublished\":\"2026-03-30T18:49:48+00:00\",\"dateModified\":\"2026-04-07T06:49:36+00:00\",\"description\":\"Puhdas+ OptiMSM 250 g \u2013 patent\u0113ts MSM pulveris no Bergstrom Nutrition. T\u012brs un kvalitat\u012bvs sast\u0101vs ikdienas lieto\u0161anai.\",\"breadcrumb\":{\"@id\":\"https:\\\/\\\/puhdasplus.ee\\\/lv\\\/produkti\\\/ada-mati-nagi\\\/optimsm-250-g-2\\\/#breadcrumb\"},\"inLanguage\":\"lv-LV\",\"potentialAction\":[{\"@type\":\"ReadAction\",\"target\":[\"https:\\\/\\\/puhdasplus.ee\\\/lv\\\/produkti\\\/ada-mati-nagi\\\/optimsm-250-g-2\\\/\"]}]},{\"@type\":\"ImageObject\",\"inLanguage\":\"lv-LV\",\"@id\":\"https:\\\/\\\/puhdasplus.ee\\\/lv\\\/produkti\\\/ada-mati-nagi\\\/optimsm-250-g-2\\\/#primaryimage\",\"url\":\"https:\\\/\\\/puhdasplus.ee\\\/wp-content\\\/uploads\\\/2026\\\/03\\\/tooted-ilma-taustata-3-copy-5.jpg\",\"contentUrl\":\"https:\\\/\\\/puhdasplus.ee\\\/wp-content\\\/uploads\\\/2026\\\/03\\\/tooted-ilma-taustata-3-copy-5.jpg\",\"width\":1280,\"height\":1760,\"caption\":\"OptiMSM 250 g\"},{\"@type\":\"BreadcrumbList\",\"@id\":\"https:\\\/\\\/puhdasplus.ee\\\/lv\\\/produkti\\\/ada-mati-nagi\\\/optimsm-250-g-2\\\/#breadcrumb\",\"itemListElement\":[{\"@type\":\"ListItem\",\"position\":1,\"name\":\"S\u0101kums\",\"item\":\"https:\\\/\\\/puhdasplus.ee\\\/lv\\\/\"},{\"@type\":\"ListItem\",\"position\":2,\"name\":\"Produkti\",\"item\":\"https:\\\/\\\/puhdasplus.ee\\\/lv\\\/veikals\\\/\"},{\"@type\":\"ListItem\",\"position\":3,\"name\":\"OptiMSM 250 g\"}]},{\"@type\":\"WebSite\",\"@id\":\"https:\\\/\\\/puhdasplus.ee\\\/lv\\\/#website\",\"url\":\"https:\\\/\\\/puhdasplus.ee\\\/lv\\\/\",\"name\":\"Puhdas+\",\"description\":\"Vitam\u012bni, uztura bag\u0101tin\u0101t\u0101ji, dab\u012bg\u0101 kosm\u0113tika, vesel\u012bba, sports\",\"publisher\":{\"@id\":\"https:\\\/\\\/puhdasplus.ee\\\/lv\\\/#organization\"},\"potentialAction\":[{\"@type\":\"SearchAction\",\"target\":{\"@type\":\"EntryPoint\",\"urlTemplate\":\"https:\\\/\\\/puhdasplus.ee\\\/lv\\\/?s={search_term_string}\"},\"query-input\":{\"@type\":\"PropertyValueSpecification\",\"valueRequired\":true,\"valueName\":\"search_term_string\"}}],\"inLanguage\":\"lv-LV\"},{\"@type\":\"Organization\",\"@id\":\"https:\\\/\\\/puhdasplus.ee\\\/lv\\\/#organization\",\"name\":\"Puhdas+\",\"alternateName\":\"Puhdasplus\",\"url\":\"https:\\\/\\\/puhdasplus.ee\\\/lv\\\/\",\"logo\":{\"@type\":\"ImageObject\",\"inLanguage\":\"lv-LV\",\"@id\":\"https:\\\/\\\/puhdasplus.ee\\\/lv\\\/#\\\/schema\\\/logo\\\/image\\\/\",\"url\":\"https:\\\/\\\/puhdasplus.ee\\\/wp-content\\\/uploads\\\/2019\\\/10\\\/puhdas_logo-arvele.png\",\"contentUrl\":\"https:\\\/\\\/puhdasplus.ee\\\/wp-content\\\/uploads\\\/2019\\\/10\\\/puhdas_logo-arvele.png\",\"width\":114,\"height\":94,\"caption\":\"Puhdas+\"},\"image\":{\"@id\":\"https:\\\/\\\/puhdasplus.ee\\\/lv\\\/#\\\/schema\\\/logo\\\/image\\\/\"},\"sameAs\":[\"https:\\\/\\\/www.facebook.com\\\/puhdasplus\",\"https:\\\/\\\/www.instagram.com\\\/puhdasplus_ee\\\/\"]}]}<\/script>\n<!-- \/ Yoast SEO plugin. -->","yoast_head_json":{"title":"OptiMSM 250 g \u2013 MSM pulveris | Puhdas+","description":"Puhdas+ OptiMSM 250 g \u2013 patent\u0113ts MSM pulveris no Bergstrom Nutrition. T\u012brs un kvalitat\u012bvs sast\u0101vs ikdienas lieto\u0161anai.","robots":{"index":"index","follow":"follow","max-snippet":"max-snippet:-1","max-image-preview":"max-image-preview:large","max-video-preview":"max-video-preview:-1"},"canonical":"https:\/\/puhdasplus.ee\/lv\/produkti\/ada-mati-nagi\/optimsm-250-g-2\/","og_locale":"lv_LV","og_type":"article","og_title":"OptiMSM 250 g \u2013 MSM pulveris | Puhdas+","og_description":"Puhdas+ OptiMSM 250 g \u2013 patent\u0113ts MSM pulveris no Bergstrom Nutrition. T\u012brs un kvalitat\u012bvs sast\u0101vs ikdienas lieto\u0161anai.","og_url":"https:\/\/puhdasplus.ee\/lv\/produkti\/ada-mati-nagi\/optimsm-250-g-2\/","og_site_name":"Puhdas+","article_publisher":"https:\/\/www.facebook.com\/puhdasplus","article_modified_time":"2026-04-07T06:49:36+00:00","og_image":[{"width":1280,"height":1760,"url":"https:\/\/puhdasplus.ee\/wp-content\/uploads\/2026\/03\/tooted-ilma-taustata-3-copy-5.jpg","type":"image\/jpeg"}],"twitter_card":"summary_large_image","twitter_misc":{"Est. reading time":"1 minute"},"schema":{"@context":"https:\/\/schema.org","@graph":[{"@type":"WebPage","@id":"https:\/\/puhdasplus.ee\/lv\/produkti\/ada-mati-nagi\/optimsm-250-g-2\/","url":"https:\/\/puhdasplus.ee\/lv\/produkti\/ada-mati-nagi\/optimsm-250-g-2\/","name":"OptiMSM 250 g \u2013 MSM pulveris | Puhdas+","isPartOf":{"@id":"https:\/\/puhdasplus.ee\/lv\/#website"},"primaryImageOfPage":{"@id":"https:\/\/puhdasplus.ee\/lv\/produkti\/ada-mati-nagi\/optimsm-250-g-2\/#primaryimage"},"image":{"@id":"https:\/\/puhdasplus.ee\/lv\/produkti\/ada-mati-nagi\/optimsm-250-g-2\/#primaryimage"},"thumbnailUrl":"https:\/\/puhdasplus.ee\/wp-content\/uploads\/2026\/03\/tooted-ilma-taustata-3-copy-5.jpg","datePublished":"2026-03-30T18:49:48+00:00","dateModified":"2026-04-07T06:49:36+00:00","description":"Puhdas+ OptiMSM 250 g \u2013 patent\u0113ts MSM pulveris no Bergstrom Nutrition. T\u012brs un kvalitat\u012bvs sast\u0101vs ikdienas lieto\u0161anai.","breadcrumb":{"@id":"https:\/\/puhdasplus.ee\/lv\/produkti\/ada-mati-nagi\/optimsm-250-g-2\/#breadcrumb"},"inLanguage":"lv-LV","potentialAction":[{"@type":"ReadAction","target":["https:\/\/puhdasplus.ee\/lv\/produkti\/ada-mati-nagi\/optimsm-250-g-2\/"]}]},{"@type":"ImageObject","inLanguage":"lv-LV","@id":"https:\/\/puhdasplus.ee\/lv\/produkti\/ada-mati-nagi\/optimsm-250-g-2\/#primaryimage","url":"https:\/\/puhdasplus.ee\/wp-content\/uploads\/2026\/03\/tooted-ilma-taustata-3-copy-5.jpg","contentUrl":"https:\/\/puhdasplus.ee\/wp-content\/uploads\/2026\/03\/tooted-ilma-taustata-3-copy-5.jpg","width":1280,"height":1760,"caption":"OptiMSM 250 g"},{"@type":"BreadcrumbList","@id":"https:\/\/puhdasplus.ee\/lv\/produkti\/ada-mati-nagi\/optimsm-250-g-2\/#breadcrumb","itemListElement":[{"@type":"ListItem","position":1,"name":"S\u0101kums","item":"https:\/\/puhdasplus.ee\/lv\/"},{"@type":"ListItem","position":2,"name":"Produkti","item":"https:\/\/puhdasplus.ee\/lv\/veikals\/"},{"@type":"ListItem","position":3,"name":"OptiMSM 250 g"}]},{"@type":"WebSite","@id":"https:\/\/puhdasplus.ee\/lv\/#website","url":"https:\/\/puhdasplus.ee\/lv\/","name":"Puhdas+","description":"Vitam\u012bni, uztura bag\u0101tin\u0101t\u0101ji, dab\u012bg\u0101 kosm\u0113tika, vesel\u012bba, sports","publisher":{"@id":"https:\/\/puhdasplus.ee\/lv\/#organization"},"potentialAction":[{"@type":"SearchAction","target":{"@type":"EntryPoint","urlTemplate":"https:\/\/puhdasplus.ee\/lv\/?s={search_term_string}"},"query-input":{"@type":"PropertyValueSpecification","valueRequired":true,"valueName":"search_term_string"}}],"inLanguage":"lv-LV"},{"@type":"Organization","@id":"https:\/\/puhdasplus.ee\/lv\/#organization","name":"Puhdas+","alternateName":"Puhdasplus","url":"https:\/\/puhdasplus.ee\/lv\/","logo":{"@type":"ImageObject","inLanguage":"lv-LV","@id":"https:\/\/puhdasplus.ee\/lv\/#\/schema\/logo\/image\/","url":"https:\/\/puhdasplus.ee\/wp-content\/uploads\/2019\/10\/puhdas_logo-arvele.png","contentUrl":"https:\/\/puhdasplus.ee\/wp-content\/uploads\/2019\/10\/puhdas_logo-arvele.png","width":114,"height":94,"caption":"Puhdas+"},"image":{"@id":"https:\/\/puhdasplus.ee\/lv\/#\/schema\/logo\/image\/"},"sameAs":["https:\/\/www.facebook.com\/puhdasplus","https:\/\/www.instagram.com\/puhdasplus_ee\/"]}]}},"_yoast_wpseo_title":"OptiMSM 250 g \u2013 MSM pulveris | Puhdas+","_yoast_wpseo_metadesc":"Puhdas+ OptiMSM 250 g \u2013 patent\u0113ts MSM pulveris no Bergstrom Nutrition. T\u012brs un kvalitat\u012bvs sast\u0101vs ikdienas lieto\u0161anai.","_yoast_wpseo_focuskw":"OptiMSM pulveris","_links":{"self":[{"href":"https:\/\/puhdasplus.ee\/lv\/wp-json\/wp\/v2\/product\/360226","targetHints":{"allow":["GET"]}}],"collection":[{"href":"https:\/\/puhdasplus.ee\/lv\/wp-json\/wp\/v2\/product"}],"about":[{"href":"https:\/\/puhdasplus.ee\/lv\/wp-json\/wp\/v2\/types\/product"}],"replies":[{"embeddable":true,"href":"https:\/\/puhdasplus.ee\/lv\/wp-json\/wp\/v2\/comments?post=360226"}],"wp:featuredmedia":[{"embeddable":true,"href":"https:\/\/puhdasplus.ee\/lv\/wp-json\/wp\/v2\/media\/360838"}],"wp:attachment":[{"href":"https:\/\/puhdasplus.ee\/lv\/wp-json\/wp\/v2\/media?parent=360226"}],"wp:term":[{"taxonomy":"product_brand","embeddable":true,"href":"https:\/\/puhdasplus.ee\/lv\/wp-json\/wp\/v2\/product_brand?post=360226"},{"taxonomy":"product_cat","embeddable":true,"href":"https:\/\/puhdasplus.ee\/lv\/wp-json\/wp\/v2\/product_cat?post=360226"},{"taxonomy":"product_tag","embeddable":true,"href":"https:\/\/puhdasplus.ee\/lv\/wp-json\/wp\/v2\/product_tag?post=360226"}],"curies":[{"name":"wp","href":"https:\/\/api.w.org\/{rel}","templated":true}]}}