{"id":360222,"date":"2026-03-30T21:53:35","date_gmt":"2026-03-30T18:53:35","guid":{"rendered":"https:\/\/puhdasplus.ee\/tooted\/maaratlemata\/kviesu-digstu-ella-250-ml\/"},"modified":"2026-04-07T09:48:22","modified_gmt":"2026-04-07T06:48:22","slug":"kviesu-digstu-ella-250-ml","status":"publish","type":"product","link":"https:\/\/puhdasplus.ee\/lv\/produkti\/superediens\/kviesu-digstu-ella-250-ml\/","title":{"rendered":"Kvie\u0161u d\u012bgstu e\u013c\u013ca 250 ml"},"content":{"rendered":"<p><strong>Puhdas+ Kvie\u0161u d\u012bgstu e\u013c\u013ca<\/strong> izgatavota no kvie\u0161u graudu d\u012bgstiem \u2013 graudu visvair\u0101k bar\u012bbas viel\u0101m bag\u0101t\u0101k\u0101s da\u013cas.<\/p>\n<ul>\n<li>Bag\u0101ts E vitam\u012bna avots<\/li>\n<li>Satur Omega tauksk\u0101bes<\/li>\n<li>Auksti spiesta<\/li>\n<\/ul>\n<p>&nbsp;<\/p>\n<h2><strong>Lieto\u0161anas instrukcija<\/strong><\/h2>\n<p>1 t\u0113jkarote (5 ml) dien\u0101, sajaucot dz\u0113rienos vai k\u0101 sal\u0101tu m\u0113rce.<\/p>\n<p>&nbsp;<\/p>\n<h2><strong>Sast\u0101vda\u013cas<\/strong><\/h2>\n<p>100% kvie\u0161u d\u012bgstu e\u013c\u013ca<\/p>\n<p>&nbsp;<\/p>\n<h2><strong>Uzturvielu saturs vien\u0101 t\u0113jkarot\u0113 (5 ml)<\/strong><\/h2>\n<ul data-start=\"32\" data-end=\"254\">\n<li data-section-id=\"da6rxr\" data-start=\"32\" data-end=\"56\"><strong data-start=\"34\" data-end=\"49\">Kvie\u0161u d\u012bgstu e\u013c\u013ca:<\/strong> 5 ml<\/li>\n<li data-section-id=\"17ozwl9\" data-start=\"57\" data-end=\"94\"><strong data-start=\"59\" data-end=\"84\">Ole\u012bnsk\u0101be (Omega-9):<\/strong> 1150 mg<\/li>\n<li data-section-id=\"dvsmy8\" data-start=\"95\" data-end=\"132\"><strong data-start=\"97\" data-end=\"122\">Linolsk\u0101be (Omega-6):<\/strong> 2280 mg<\/li>\n<li data-section-id=\"1xm0woq\" data-start=\"133\" data-end=\"174\"><strong data-start=\"135\" data-end=\"166\">Palmitole\u012bnsk\u0101be (Omega-7):<\/strong> 23 mg<\/li>\n<li data-section-id=\"96byju\" data-start=\"175\" data-end=\"218\"><strong data-start=\"177\" data-end=\"209\">Alfa-linol\u0113nsk\u0101be (Omega-3):<\/strong> 230 mg<\/li>\n<li data-section-id=\"yvx05m\" data-start=\"219\" data-end=\"254\"><strong data-start=\"221\" data-end=\"236\">E vitam\u012bns:<\/strong> 10,4 mg (<em data-start=\"246\" data-end=\"251\">86%<\/em>)<\/li>\n<\/ul>\n<p data-start=\"256\" data-end=\"286\" data-is-last-node=\"\" data-is-only-node=\"\">* % no dienas references daudzuma pieaugu\u0161ajiem<\/p>\n<p>&nbsp;<\/p>\n<h2><strong>Br\u012bdin\u0101jumi<\/strong><\/h2>\n<p>Uzglab\u0101t b\u0113rniem nepieejam\u0101 viet\u0101. Uztura bag\u0101tin\u0101t\u0101js neaizst\u0101j daudzveid\u012bgu un sabalans\u0113tu uzturu un vesel\u012bgu dz\u012bvesveidu. Nep\u0101rsniedziet ieteicamo dienas devu.<\/p>\n","protected":false},"excerpt":{"rendered":"<p><b>Puhdas+ Kvie\u0161u d\u012bgstu e\u013c\u013ca 250 ml<\/b> ir auksti spiesta kvie\u0161u d\u012bgstu e\u013c\u013ca, kas satur daudz E vitam\u012bna un Omega tauksk\u0101bes.<\/p>\n","protected":false},"featured_media":360810,"comment_status":"open","ping_status":"closed","template":"","meta":{"_acf_changed":false,"googlesitekit_rrm_CAow3eq7DA:productID":""},"product_brand":[],"product_cat":[3039],"product_tag":[3301,8377,8512,8373],"class_list":{"0":"post-360222","1":"product","2":"type-product","3":"status-publish","4":"has-post-thumbnail","6":"product_cat-superediens","7":"product_tag-adas-veseliba","8":"product_tag-dabgs-lv","9":"product_tag-kviesu-digstu-ella","10":"product_tag-somijas-kvalitte-lv","12":"first","13":"onbackorder","14":"taxable","15":"shipping-taxable","16":"purchasable","17":"product-type-simple"},"acf":[],"yoast_head":"<!-- This site is optimized with the Yoast SEO plugin v27.3 - https:\/\/yoast.com\/product\/yoast-seo-wordpress\/ -->\n<title>Kvie\u0161u d\u012bgstu e\u013c\u013ca 250 ml | Puhdas+<\/title>\n<meta name=\"description\" content=\"Puhdas+ Kvie\u0161u d\u012bgstu e\u013c\u013ca 250 ml \u2013 auksti spiesta un uzturviel\u0101m bag\u0101ta e\u013c\u013ca, dab\u012bgi satur E vitam\u012bnu un tauksk\u0101bes. Piem\u0113rota ikdienas lieto\u0161anai.\" \/>\n<meta name=\"robots\" content=\"index, follow, max-snippet:-1, max-image-preview:large, max-video-preview:-1\" \/>\n<link rel=\"canonical\" href=\"https:\/\/puhdasplus.ee\/lv\/produkti\/superediens\/kviesu-digstu-ella-250-ml\/\" \/>\n<meta property=\"og:locale\" content=\"lv_LV\" \/>\n<meta property=\"og:type\" content=\"article\" \/>\n<meta property=\"og:title\" content=\"Kvie\u0161u d\u012bgstu e\u013c\u013ca 250 ml | Puhdas+\" \/>\n<meta property=\"og:description\" content=\"Puhdas+ Kvie\u0161u d\u012bgstu e\u013c\u013ca 250 ml \u2013 auksti spiesta un uzturviel\u0101m bag\u0101ta e\u013c\u013ca, dab\u012bgi satur E vitam\u012bnu un tauksk\u0101bes. Piem\u0113rota ikdienas lieto\u0161anai.\" \/>\n<meta property=\"og:url\" content=\"https:\/\/puhdasplus.ee\/lv\/produkti\/superediens\/kviesu-digstu-ella-250-ml\/\" \/>\n<meta property=\"og:site_name\" content=\"Puhdas+\" \/>\n<meta property=\"article:publisher\" content=\"https:\/\/www.facebook.com\/puhdasplus\" \/>\n<meta property=\"article:modified_time\" content=\"2026-04-07T06:48:22+00:00\" \/>\n<meta property=\"og:image\" content=\"https:\/\/puhdasplus.ee\/wp-content\/uploads\/2026\/03\/tooted-ilma-taustata-3.jpg\" \/>\n\t<meta property=\"og:image:width\" content=\"1280\" \/>\n\t<meta property=\"og:image:height\" content=\"1760\" \/>\n\t<meta property=\"og:image:type\" content=\"image\/jpeg\" \/>\n<meta name=\"twitter:card\" content=\"summary_large_image\" \/>\n<meta name=\"twitter:label1\" content=\"Est. reading time\" \/>\n\t<meta name=\"twitter:data1\" content=\"1 minute\" \/>\n<script type=\"application\/ld+json\" class=\"yoast-schema-graph\">{\"@context\":\"https:\\\/\\\/schema.org\",\"@graph\":[{\"@type\":\"WebPage\",\"@id\":\"https:\\\/\\\/puhdasplus.ee\\\/lv\\\/produkti\\\/superediens\\\/kviesu-digstu-ella-250-ml\\\/\",\"url\":\"https:\\\/\\\/puhdasplus.ee\\\/lv\\\/produkti\\\/superediens\\\/kviesu-digstu-ella-250-ml\\\/\",\"name\":\"Kvie\u0161u d\u012bgstu e\u013c\u013ca 250 ml | Puhdas+\",\"isPartOf\":{\"@id\":\"https:\\\/\\\/puhdasplus.ee\\\/lv\\\/#website\"},\"primaryImageOfPage\":{\"@id\":\"https:\\\/\\\/puhdasplus.ee\\\/lv\\\/produkti\\\/superediens\\\/kviesu-digstu-ella-250-ml\\\/#primaryimage\"},\"image\":{\"@id\":\"https:\\\/\\\/puhdasplus.ee\\\/lv\\\/produkti\\\/superediens\\\/kviesu-digstu-ella-250-ml\\\/#primaryimage\"},\"thumbnailUrl\":\"https:\\\/\\\/puhdasplus.ee\\\/wp-content\\\/uploads\\\/2026\\\/03\\\/tooted-ilma-taustata-3.jpg\",\"datePublished\":\"2026-03-30T18:53:35+00:00\",\"dateModified\":\"2026-04-07T06:48:22+00:00\",\"description\":\"Puhdas+ Kvie\u0161u d\u012bgstu e\u013c\u013ca 250 ml \u2013 auksti spiesta un uzturviel\u0101m bag\u0101ta e\u013c\u013ca, dab\u012bgi satur E vitam\u012bnu un tauksk\u0101bes. Piem\u0113rota ikdienas lieto\u0161anai.\",\"breadcrumb\":{\"@id\":\"https:\\\/\\\/puhdasplus.ee\\\/lv\\\/produkti\\\/superediens\\\/kviesu-digstu-ella-250-ml\\\/#breadcrumb\"},\"inLanguage\":\"lv-LV\",\"potentialAction\":[{\"@type\":\"ReadAction\",\"target\":[\"https:\\\/\\\/puhdasplus.ee\\\/lv\\\/produkti\\\/superediens\\\/kviesu-digstu-ella-250-ml\\\/\"]}]},{\"@type\":\"ImageObject\",\"inLanguage\":\"lv-LV\",\"@id\":\"https:\\\/\\\/puhdasplus.ee\\\/lv\\\/produkti\\\/superediens\\\/kviesu-digstu-ella-250-ml\\\/#primaryimage\",\"url\":\"https:\\\/\\\/puhdasplus.ee\\\/wp-content\\\/uploads\\\/2026\\\/03\\\/tooted-ilma-taustata-3.jpg\",\"contentUrl\":\"https:\\\/\\\/puhdasplus.ee\\\/wp-content\\\/uploads\\\/2026\\\/03\\\/tooted-ilma-taustata-3.jpg\",\"width\":1280,\"height\":1760,\"caption\":\"Nisuidu \u00f5li 250 ml\"},{\"@type\":\"BreadcrumbList\",\"@id\":\"https:\\\/\\\/puhdasplus.ee\\\/lv\\\/produkti\\\/superediens\\\/kviesu-digstu-ella-250-ml\\\/#breadcrumb\",\"itemListElement\":[{\"@type\":\"ListItem\",\"position\":1,\"name\":\"S\u0101kums\",\"item\":\"https:\\\/\\\/puhdasplus.ee\\\/lv\\\/\"},{\"@type\":\"ListItem\",\"position\":2,\"name\":\"Produkti\",\"item\":\"https:\\\/\\\/puhdasplus.ee\\\/lv\\\/veikals\\\/\"},{\"@type\":\"ListItem\",\"position\":3,\"name\":\"Kvie\u0161u d\u012bgstu e\u013c\u013ca 250 ml\"}]},{\"@type\":\"WebSite\",\"@id\":\"https:\\\/\\\/puhdasplus.ee\\\/lv\\\/#website\",\"url\":\"https:\\\/\\\/puhdasplus.ee\\\/lv\\\/\",\"name\":\"Puhdas+\",\"description\":\"Vitam\u012bni, uztura bag\u0101tin\u0101t\u0101ji, dab\u012bg\u0101 kosm\u0113tika, vesel\u012bba, sports\",\"publisher\":{\"@id\":\"https:\\\/\\\/puhdasplus.ee\\\/lv\\\/#organization\"},\"potentialAction\":[{\"@type\":\"SearchAction\",\"target\":{\"@type\":\"EntryPoint\",\"urlTemplate\":\"https:\\\/\\\/puhdasplus.ee\\\/lv\\\/?s={search_term_string}\"},\"query-input\":{\"@type\":\"PropertyValueSpecification\",\"valueRequired\":true,\"valueName\":\"search_term_string\"}}],\"inLanguage\":\"lv-LV\"},{\"@type\":\"Organization\",\"@id\":\"https:\\\/\\\/puhdasplus.ee\\\/lv\\\/#organization\",\"name\":\"Puhdas+\",\"alternateName\":\"Puhdasplus\",\"url\":\"https:\\\/\\\/puhdasplus.ee\\\/lv\\\/\",\"logo\":{\"@type\":\"ImageObject\",\"inLanguage\":\"lv-LV\",\"@id\":\"https:\\\/\\\/puhdasplus.ee\\\/lv\\\/#\\\/schema\\\/logo\\\/image\\\/\",\"url\":\"https:\\\/\\\/puhdasplus.ee\\\/wp-content\\\/uploads\\\/2019\\\/10\\\/puhdas_logo-arvele.png\",\"contentUrl\":\"https:\\\/\\\/puhdasplus.ee\\\/wp-content\\\/uploads\\\/2019\\\/10\\\/puhdas_logo-arvele.png\",\"width\":114,\"height\":94,\"caption\":\"Puhdas+\"},\"image\":{\"@id\":\"https:\\\/\\\/puhdasplus.ee\\\/lv\\\/#\\\/schema\\\/logo\\\/image\\\/\"},\"sameAs\":[\"https:\\\/\\\/www.facebook.com\\\/puhdasplus\",\"https:\\\/\\\/www.instagram.com\\\/puhdasplus_ee\\\/\"]}]}<\/script>\n<!-- \/ Yoast SEO plugin. -->","yoast_head_json":{"title":"Kvie\u0161u d\u012bgstu e\u013c\u013ca 250 ml | Puhdas+","description":"Puhdas+ Kvie\u0161u d\u012bgstu e\u013c\u013ca 250 ml \u2013 auksti spiesta un uzturviel\u0101m bag\u0101ta e\u013c\u013ca, dab\u012bgi satur E vitam\u012bnu un tauksk\u0101bes. Piem\u0113rota ikdienas lieto\u0161anai.","robots":{"index":"index","follow":"follow","max-snippet":"max-snippet:-1","max-image-preview":"max-image-preview:large","max-video-preview":"max-video-preview:-1"},"canonical":"https:\/\/puhdasplus.ee\/lv\/produkti\/superediens\/kviesu-digstu-ella-250-ml\/","og_locale":"lv_LV","og_type":"article","og_title":"Kvie\u0161u d\u012bgstu e\u013c\u013ca 250 ml | Puhdas+","og_description":"Puhdas+ Kvie\u0161u d\u012bgstu e\u013c\u013ca 250 ml \u2013 auksti spiesta un uzturviel\u0101m bag\u0101ta e\u013c\u013ca, dab\u012bgi satur E vitam\u012bnu un tauksk\u0101bes. Piem\u0113rota ikdienas lieto\u0161anai.","og_url":"https:\/\/puhdasplus.ee\/lv\/produkti\/superediens\/kviesu-digstu-ella-250-ml\/","og_site_name":"Puhdas+","article_publisher":"https:\/\/www.facebook.com\/puhdasplus","article_modified_time":"2026-04-07T06:48:22+00:00","og_image":[{"width":1280,"height":1760,"url":"https:\/\/puhdasplus.ee\/wp-content\/uploads\/2026\/03\/tooted-ilma-taustata-3.jpg","type":"image\/jpeg"}],"twitter_card":"summary_large_image","twitter_misc":{"Est. reading time":"1 minute"},"schema":{"@context":"https:\/\/schema.org","@graph":[{"@type":"WebPage","@id":"https:\/\/puhdasplus.ee\/lv\/produkti\/superediens\/kviesu-digstu-ella-250-ml\/","url":"https:\/\/puhdasplus.ee\/lv\/produkti\/superediens\/kviesu-digstu-ella-250-ml\/","name":"Kvie\u0161u d\u012bgstu e\u013c\u013ca 250 ml | Puhdas+","isPartOf":{"@id":"https:\/\/puhdasplus.ee\/lv\/#website"},"primaryImageOfPage":{"@id":"https:\/\/puhdasplus.ee\/lv\/produkti\/superediens\/kviesu-digstu-ella-250-ml\/#primaryimage"},"image":{"@id":"https:\/\/puhdasplus.ee\/lv\/produkti\/superediens\/kviesu-digstu-ella-250-ml\/#primaryimage"},"thumbnailUrl":"https:\/\/puhdasplus.ee\/wp-content\/uploads\/2026\/03\/tooted-ilma-taustata-3.jpg","datePublished":"2026-03-30T18:53:35+00:00","dateModified":"2026-04-07T06:48:22+00:00","description":"Puhdas+ Kvie\u0161u d\u012bgstu e\u013c\u013ca 250 ml \u2013 auksti spiesta un uzturviel\u0101m bag\u0101ta e\u013c\u013ca, dab\u012bgi satur E vitam\u012bnu un tauksk\u0101bes. Piem\u0113rota ikdienas lieto\u0161anai.","breadcrumb":{"@id":"https:\/\/puhdasplus.ee\/lv\/produkti\/superediens\/kviesu-digstu-ella-250-ml\/#breadcrumb"},"inLanguage":"lv-LV","potentialAction":[{"@type":"ReadAction","target":["https:\/\/puhdasplus.ee\/lv\/produkti\/superediens\/kviesu-digstu-ella-250-ml\/"]}]},{"@type":"ImageObject","inLanguage":"lv-LV","@id":"https:\/\/puhdasplus.ee\/lv\/produkti\/superediens\/kviesu-digstu-ella-250-ml\/#primaryimage","url":"https:\/\/puhdasplus.ee\/wp-content\/uploads\/2026\/03\/tooted-ilma-taustata-3.jpg","contentUrl":"https:\/\/puhdasplus.ee\/wp-content\/uploads\/2026\/03\/tooted-ilma-taustata-3.jpg","width":1280,"height":1760,"caption":"Nisuidu \u00f5li 250 ml"},{"@type":"BreadcrumbList","@id":"https:\/\/puhdasplus.ee\/lv\/produkti\/superediens\/kviesu-digstu-ella-250-ml\/#breadcrumb","itemListElement":[{"@type":"ListItem","position":1,"name":"S\u0101kums","item":"https:\/\/puhdasplus.ee\/lv\/"},{"@type":"ListItem","position":2,"name":"Produkti","item":"https:\/\/puhdasplus.ee\/lv\/veikals\/"},{"@type":"ListItem","position":3,"name":"Kvie\u0161u d\u012bgstu e\u013c\u013ca 250 ml"}]},{"@type":"WebSite","@id":"https:\/\/puhdasplus.ee\/lv\/#website","url":"https:\/\/puhdasplus.ee\/lv\/","name":"Puhdas+","description":"Vitam\u012bni, uztura bag\u0101tin\u0101t\u0101ji, dab\u012bg\u0101 kosm\u0113tika, vesel\u012bba, sports","publisher":{"@id":"https:\/\/puhdasplus.ee\/lv\/#organization"},"potentialAction":[{"@type":"SearchAction","target":{"@type":"EntryPoint","urlTemplate":"https:\/\/puhdasplus.ee\/lv\/?s={search_term_string}"},"query-input":{"@type":"PropertyValueSpecification","valueRequired":true,"valueName":"search_term_string"}}],"inLanguage":"lv-LV"},{"@type":"Organization","@id":"https:\/\/puhdasplus.ee\/lv\/#organization","name":"Puhdas+","alternateName":"Puhdasplus","url":"https:\/\/puhdasplus.ee\/lv\/","logo":{"@type":"ImageObject","inLanguage":"lv-LV","@id":"https:\/\/puhdasplus.ee\/lv\/#\/schema\/logo\/image\/","url":"https:\/\/puhdasplus.ee\/wp-content\/uploads\/2019\/10\/puhdas_logo-arvele.png","contentUrl":"https:\/\/puhdasplus.ee\/wp-content\/uploads\/2019\/10\/puhdas_logo-arvele.png","width":114,"height":94,"caption":"Puhdas+"},"image":{"@id":"https:\/\/puhdasplus.ee\/lv\/#\/schema\/logo\/image\/"},"sameAs":["https:\/\/www.facebook.com\/puhdasplus","https:\/\/www.instagram.com\/puhdasplus_ee\/"]}]}},"_yoast_wpseo_title":"Kvie\u0161u d\u012bgstu e\u013c\u013ca 250 ml | Puhdas+","_yoast_wpseo_metadesc":"Puhdas+ Kvie\u0161u d\u012bgstu e\u013c\u013ca 250 ml \u2013 auksti spiesta un uzturviel\u0101m bag\u0101ta e\u013c\u013ca, dab\u012bgi satur E vitam\u012bnu un tauksk\u0101bes. Piem\u0113rota ikdienas lieto\u0161anai.","_yoast_wpseo_focuskw":"kvie\u0161u d\u012bgstu e\u013c\u013ca","_links":{"self":[{"href":"https:\/\/puhdasplus.ee\/lv\/wp-json\/wp\/v2\/product\/360222","targetHints":{"allow":["GET"]}}],"collection":[{"href":"https:\/\/puhdasplus.ee\/lv\/wp-json\/wp\/v2\/product"}],"about":[{"href":"https:\/\/puhdasplus.ee\/lv\/wp-json\/wp\/v2\/types\/product"}],"replies":[{"embeddable":true,"href":"https:\/\/puhdasplus.ee\/lv\/wp-json\/wp\/v2\/comments?post=360222"}],"wp:featuredmedia":[{"embeddable":true,"href":"https:\/\/puhdasplus.ee\/lv\/wp-json\/wp\/v2\/media\/360810"}],"wp:attachment":[{"href":"https:\/\/puhdasplus.ee\/lv\/wp-json\/wp\/v2\/media?parent=360222"}],"wp:term":[{"taxonomy":"product_brand","embeddable":true,"href":"https:\/\/puhdasplus.ee\/lv\/wp-json\/wp\/v2\/product_brand?post=360222"},{"taxonomy":"product_cat","embeddable":true,"href":"https:\/\/puhdasplus.ee\/lv\/wp-json\/wp\/v2\/product_cat?post=360222"},{"taxonomy":"product_tag","embeddable":true,"href":"https:\/\/puhdasplus.ee\/lv\/wp-json\/wp\/v2\/product_tag?post=360222"}],"curies":[{"name":"wp","href":"https:\/\/api.w.org\/{rel}","templated":true}]}}