{"id":360215,"date":"2026-04-07T09:47:00","date_gmt":"2026-04-07T06:47:00","guid":{"rendered":"https:\/\/puhdasplus.ee\/tooted\/maaratlemata\/raudzetais-bruklenu-sulas-dzeriens-400-ml\/"},"modified":"2026-04-07T09:47:00","modified_gmt":"2026-04-07T06:47:00","slug":"raudzetais-bruklenu-sulas-dzeriens-400-ml","status":"publish","type":"product","link":"https:\/\/puhdasplus.ee\/lv\/produkti\/dzerieni\/raudzetais-bruklenu-sulas-dzeriens-400-ml\/","title":{"rendered":"Raudz\u0113tais br\u016bkle\u0146u sulas dz\u0113riens 400 ml"},"content":{"rendered":"<p data-start=\"127\" data-end=\"349\">Raudz\u0113tais br\u016bkle\u0146u sulas dz\u0113riens ir izgatavots no viet\u0113j\u0101m br\u016bkl\u0113n\u0113m, izmantojot raudz\u0113\u0161anas procesu. Ra\u017eo\u0161anas process samazina dabisko cukura saturu un saglab\u0101 og\u0101s eso\u0161os bioakt\u012bvos savienojumus, piem\u0113ram, polifenolus un antocian\u012bnus.<\/p>\n<p data-start=\"351\" data-end=\"440\">Produkts ir ar t\u012bru sast\u0101vu, bez piedev\u0101m un piem\u0113rots veg\u0101niem.<br data-start=\"418\" data-end=\"421\" \/>Ra\u017eots Somij\u0101.<\/p>\n<h3 data-section-id=\"1yu436u\" data-start=\"447\" data-end=\"463\"><span role=\"text\"><strong data-start=\"451\" data-end=\"463\">\u012apa\u0161\u012bbas<\/strong><\/span><\/h3>\n<ul data-start=\"464\" data-end=\"575\">\n<li data-section-id=\"1fb9ito\" data-start=\"464\" data-end=\"493\">Ar zemu cukura saturu<\/li>\n<li data-section-id=\"ie9olt\" data-start=\"494\" data-end=\"515\">Bez piedev\u0101m<\/li>\n<li data-section-id=\"qlxgub\" data-start=\"516\" data-end=\"554\">Satur dabiskos ogu savienojumus<\/li>\n<li data-section-id=\"5orbx3\" data-start=\"555\" data-end=\"575\">Piem\u0113rots veg\u0101niem<\/li>\n<\/ul>\n<h2>Sast\u0101vda\u013cas<\/h2>\n<p>\u016adens, br\u016bklenes, raugs (<em data-start=\"622\" data-end=\"648\">Saccharomyces cerevisiae<\/em>).<\/p>\n<h2>Lieto\u0161anas instrukcija<\/h2>\n<p>10 ml divas reizes dien\u0101.<\/p>\n<h2 data-section-id=\"r6hl9j\" data-start=\"712\" data-end=\"731\"><span role=\"text\"><strong data-start=\"716\" data-end=\"731\">Uzglab\u0101\u0161ana<\/strong><\/span><\/h2>\n<p data-start=\"732\" data-end=\"793\">Uzglab\u0101t istabas temperat\u016br\u0101. P\u0113c atv\u0113r\u0161anas uzglab\u0101t ledusskap\u012b.<\/p>\n<h2>Br\u012bdin\u0101jumi<\/h2>\n<p>Uzglab\u0101t b\u0113rniem nepieejam\u0101 viet\u0101. Uztura bag\u0101tin\u0101t\u0101js neaizst\u0101j daudzveid\u012bgu un sabalans\u0113tu uzturu, k\u0101 ar\u012b vesel\u012bgu dz\u012bvesveidu. Nep\u0101rsniedziet ieteicamo diennakts devu.<\/p>\n","protected":false},"excerpt":{"rendered":"<p><b>Puhdas+ Raudz\u0113tais br\u016bkle\u0146u sulas dz\u0113riens 400 ml<\/b> ir ferment\u0113ts br\u016bkle\u0146u dz\u0113riens, kas ir bag\u0101ts ar polifenoliem un antocian\u012bniem. Ar zemu cukura saturu, veg\u0101ns.<\/p>\n","protected":false},"featured_media":359967,"comment_status":"open","ping_status":"closed","template":"","meta":{"_acf_changed":false,"googlesitekit_rrm_CAow3eq7DA:productID":""},"product_brand":[],"product_cat":[5436],"product_tag":[8377,7881,8516,8373],"class_list":{"0":"post-360215","1":"product","2":"type-product","3":"status-publish","4":"has-post-thumbnail","6":"product_cat-dzerieni","7":"product_tag-dabgs-lv","8":"product_tag-dzerieni-tag","9":"product_tag-bruklene","10":"product_tag-somijas-kvalitte-lv","12":"first","13":"outofstock","14":"taxable","15":"shipping-taxable","16":"purchasable","17":"product-type-simple"},"acf":[],"yoast_head":"<!-- This site is optimized with the Yoast SEO plugin v27.3 - https:\/\/yoast.com\/product\/yoast-seo-wordpress\/ -->\n<title>Raudz\u0113tais br\u016bkle\u0146u sulas dz\u0113riens 400 ml | Puhdas+<\/title>\n<meta name=\"description\" content=\"Puhdas+ Raudz\u0113tais br\u016bkle\u0146u sulas dz\u0113riens \u2013 no ferment\u0113t\u0101m br\u016bkl\u0113n\u0113m, ar zemu cukura saturu un dabiski bag\u0101ts ar polifenoliem dz\u0113riens. T\u012brs sast\u0101vs, 400 ml.\" \/>\n<meta name=\"robots\" content=\"index, follow, max-snippet:-1, max-image-preview:large, max-video-preview:-1\" \/>\n<link rel=\"canonical\" href=\"https:\/\/puhdasplus.ee\/lv\/produkti\/dzerieni\/raudzetais-bruklenu-sulas-dzeriens-400-ml\/\" \/>\n<meta property=\"og:locale\" content=\"lv_LV\" \/>\n<meta property=\"og:type\" content=\"article\" \/>\n<meta property=\"og:title\" content=\"Raudz\u0113tais br\u016bkle\u0146u sulas dz\u0113riens 400 ml | Puhdas+\" \/>\n<meta property=\"og:description\" content=\"Puhdas+ Raudz\u0113tais br\u016bkle\u0146u sulas dz\u0113riens \u2013 no ferment\u0113t\u0101m br\u016bkl\u0113n\u0113m, ar zemu cukura saturu un dabiski bag\u0101ts ar polifenoliem dz\u0113riens. T\u012brs sast\u0101vs, 400 ml.\" \/>\n<meta property=\"og:url\" content=\"https:\/\/puhdasplus.ee\/lv\/produkti\/dzerieni\/raudzetais-bruklenu-sulas-dzeriens-400-ml\/\" \/>\n<meta property=\"og:site_name\" content=\"Puhdas+\" \/>\n<meta property=\"article:publisher\" content=\"https:\/\/www.facebook.com\/puhdasplus\" \/>\n<meta property=\"og:image\" content=\"https:\/\/puhdasplus.ee\/wp-content\/uploads\/2026\/03\/359848_0-1.png\" \/>\n\t<meta property=\"og:image:width\" content=\"1862\" \/>\n\t<meta property=\"og:image:height\" content=\"2560\" \/>\n\t<meta property=\"og:image:type\" content=\"image\/png\" \/>\n<meta name=\"twitter:card\" content=\"summary_large_image\" \/>\n<meta name=\"twitter:label1\" content=\"Est. reading time\" \/>\n\t<meta name=\"twitter:data1\" content=\"1 minute\" \/>\n<script type=\"application\/ld+json\" class=\"yoast-schema-graph\">{\"@context\":\"https:\\\/\\\/schema.org\",\"@graph\":[{\"@type\":\"WebPage\",\"@id\":\"https:\\\/\\\/puhdasplus.ee\\\/lv\\\/produkti\\\/dzerieni\\\/raudzetais-bruklenu-sulas-dzeriens-400-ml\\\/\",\"url\":\"https:\\\/\\\/puhdasplus.ee\\\/lv\\\/produkti\\\/dzerieni\\\/raudzetais-bruklenu-sulas-dzeriens-400-ml\\\/\",\"name\":\"Raudz\u0113tais br\u016bkle\u0146u sulas dz\u0113riens 400 ml | Puhdas+\",\"isPartOf\":{\"@id\":\"https:\\\/\\\/puhdasplus.ee\\\/lv\\\/#website\"},\"primaryImageOfPage\":{\"@id\":\"https:\\\/\\\/puhdasplus.ee\\\/lv\\\/produkti\\\/dzerieni\\\/raudzetais-bruklenu-sulas-dzeriens-400-ml\\\/#primaryimage\"},\"image\":{\"@id\":\"https:\\\/\\\/puhdasplus.ee\\\/lv\\\/produkti\\\/dzerieni\\\/raudzetais-bruklenu-sulas-dzeriens-400-ml\\\/#primaryimage\"},\"thumbnailUrl\":\"https:\\\/\\\/puhdasplus.ee\\\/wp-content\\\/uploads\\\/2026\\\/03\\\/359848_0-1.png\",\"datePublished\":\"2026-04-07T06:47:00+00:00\",\"description\":\"Puhdas+ Raudz\u0113tais br\u016bkle\u0146u sulas dz\u0113riens \u2013 no ferment\u0113t\u0101m br\u016bkl\u0113n\u0113m, ar zemu cukura saturu un dabiski bag\u0101ts ar polifenoliem dz\u0113riens. T\u012brs sast\u0101vs, 400 ml.\",\"breadcrumb\":{\"@id\":\"https:\\\/\\\/puhdasplus.ee\\\/lv\\\/produkti\\\/dzerieni\\\/raudzetais-bruklenu-sulas-dzeriens-400-ml\\\/#breadcrumb\"},\"inLanguage\":\"lv-LV\",\"potentialAction\":[{\"@type\":\"ReadAction\",\"target\":[\"https:\\\/\\\/puhdasplus.ee\\\/lv\\\/produkti\\\/dzerieni\\\/raudzetais-bruklenu-sulas-dzeriens-400-ml\\\/\"]}]},{\"@type\":\"ImageObject\",\"inLanguage\":\"lv-LV\",\"@id\":\"https:\\\/\\\/puhdasplus.ee\\\/lv\\\/produkti\\\/dzerieni\\\/raudzetais-bruklenu-sulas-dzeriens-400-ml\\\/#primaryimage\",\"url\":\"https:\\\/\\\/puhdasplus.ee\\\/wp-content\\\/uploads\\\/2026\\\/03\\\/359848_0-1.png\",\"contentUrl\":\"https:\\\/\\\/puhdasplus.ee\\\/wp-content\\\/uploads\\\/2026\\\/03\\\/359848_0-1.png\",\"width\":1862,\"height\":2560,\"caption\":\"K\u00e4\u00e4ritatud pohlamahlajook 400 ml | Puhdas+\"},{\"@type\":\"BreadcrumbList\",\"@id\":\"https:\\\/\\\/puhdasplus.ee\\\/lv\\\/produkti\\\/dzerieni\\\/raudzetais-bruklenu-sulas-dzeriens-400-ml\\\/#breadcrumb\",\"itemListElement\":[{\"@type\":\"ListItem\",\"position\":1,\"name\":\"S\u0101kums\",\"item\":\"https:\\\/\\\/puhdasplus.ee\\\/lv\\\/\"},{\"@type\":\"ListItem\",\"position\":2,\"name\":\"Produkti\",\"item\":\"https:\\\/\\\/puhdasplus.ee\\\/lv\\\/veikals\\\/\"},{\"@type\":\"ListItem\",\"position\":3,\"name\":\"Raudz\u0113tais br\u016bkle\u0146u sulas dz\u0113riens 400 ml\"}]},{\"@type\":\"WebSite\",\"@id\":\"https:\\\/\\\/puhdasplus.ee\\\/lv\\\/#website\",\"url\":\"https:\\\/\\\/puhdasplus.ee\\\/lv\\\/\",\"name\":\"Puhdas+\",\"description\":\"Vitam\u012bni, uztura bag\u0101tin\u0101t\u0101ji, dab\u012bg\u0101 kosm\u0113tika, vesel\u012bba, sports\",\"publisher\":{\"@id\":\"https:\\\/\\\/puhdasplus.ee\\\/lv\\\/#organization\"},\"potentialAction\":[{\"@type\":\"SearchAction\",\"target\":{\"@type\":\"EntryPoint\",\"urlTemplate\":\"https:\\\/\\\/puhdasplus.ee\\\/lv\\\/?s={search_term_string}\"},\"query-input\":{\"@type\":\"PropertyValueSpecification\",\"valueRequired\":true,\"valueName\":\"search_term_string\"}}],\"inLanguage\":\"lv-LV\"},{\"@type\":\"Organization\",\"@id\":\"https:\\\/\\\/puhdasplus.ee\\\/lv\\\/#organization\",\"name\":\"Puhdas+\",\"alternateName\":\"Puhdasplus\",\"url\":\"https:\\\/\\\/puhdasplus.ee\\\/lv\\\/\",\"logo\":{\"@type\":\"ImageObject\",\"inLanguage\":\"lv-LV\",\"@id\":\"https:\\\/\\\/puhdasplus.ee\\\/lv\\\/#\\\/schema\\\/logo\\\/image\\\/\",\"url\":\"https:\\\/\\\/puhdasplus.ee\\\/wp-content\\\/uploads\\\/2019\\\/10\\\/puhdas_logo-arvele.png\",\"contentUrl\":\"https:\\\/\\\/puhdasplus.ee\\\/wp-content\\\/uploads\\\/2019\\\/10\\\/puhdas_logo-arvele.png\",\"width\":114,\"height\":94,\"caption\":\"Puhdas+\"},\"image\":{\"@id\":\"https:\\\/\\\/puhdasplus.ee\\\/lv\\\/#\\\/schema\\\/logo\\\/image\\\/\"},\"sameAs\":[\"https:\\\/\\\/www.facebook.com\\\/puhdasplus\",\"https:\\\/\\\/www.instagram.com\\\/puhdasplus_ee\\\/\"]}]}<\/script>\n<!-- \/ Yoast SEO plugin. -->","yoast_head_json":{"title":"Raudz\u0113tais br\u016bkle\u0146u sulas dz\u0113riens 400 ml | Puhdas+","description":"Puhdas+ Raudz\u0113tais br\u016bkle\u0146u sulas dz\u0113riens \u2013 no ferment\u0113t\u0101m br\u016bkl\u0113n\u0113m, ar zemu cukura saturu un dabiski bag\u0101ts ar polifenoliem dz\u0113riens. T\u012brs sast\u0101vs, 400 ml.","robots":{"index":"index","follow":"follow","max-snippet":"max-snippet:-1","max-image-preview":"max-image-preview:large","max-video-preview":"max-video-preview:-1"},"canonical":"https:\/\/puhdasplus.ee\/lv\/produkti\/dzerieni\/raudzetais-bruklenu-sulas-dzeriens-400-ml\/","og_locale":"lv_LV","og_type":"article","og_title":"Raudz\u0113tais br\u016bkle\u0146u sulas dz\u0113riens 400 ml | Puhdas+","og_description":"Puhdas+ Raudz\u0113tais br\u016bkle\u0146u sulas dz\u0113riens \u2013 no ferment\u0113t\u0101m br\u016bkl\u0113n\u0113m, ar zemu cukura saturu un dabiski bag\u0101ts ar polifenoliem dz\u0113riens. T\u012brs sast\u0101vs, 400 ml.","og_url":"https:\/\/puhdasplus.ee\/lv\/produkti\/dzerieni\/raudzetais-bruklenu-sulas-dzeriens-400-ml\/","og_site_name":"Puhdas+","article_publisher":"https:\/\/www.facebook.com\/puhdasplus","og_image":[{"width":1862,"height":2560,"url":"https:\/\/puhdasplus.ee\/wp-content\/uploads\/2026\/03\/359848_0-1.png","type":"image\/png"}],"twitter_card":"summary_large_image","twitter_misc":{"Est. reading time":"1 minute"},"schema":{"@context":"https:\/\/schema.org","@graph":[{"@type":"WebPage","@id":"https:\/\/puhdasplus.ee\/lv\/produkti\/dzerieni\/raudzetais-bruklenu-sulas-dzeriens-400-ml\/","url":"https:\/\/puhdasplus.ee\/lv\/produkti\/dzerieni\/raudzetais-bruklenu-sulas-dzeriens-400-ml\/","name":"Raudz\u0113tais br\u016bkle\u0146u sulas dz\u0113riens 400 ml | Puhdas+","isPartOf":{"@id":"https:\/\/puhdasplus.ee\/lv\/#website"},"primaryImageOfPage":{"@id":"https:\/\/puhdasplus.ee\/lv\/produkti\/dzerieni\/raudzetais-bruklenu-sulas-dzeriens-400-ml\/#primaryimage"},"image":{"@id":"https:\/\/puhdasplus.ee\/lv\/produkti\/dzerieni\/raudzetais-bruklenu-sulas-dzeriens-400-ml\/#primaryimage"},"thumbnailUrl":"https:\/\/puhdasplus.ee\/wp-content\/uploads\/2026\/03\/359848_0-1.png","datePublished":"2026-04-07T06:47:00+00:00","description":"Puhdas+ Raudz\u0113tais br\u016bkle\u0146u sulas dz\u0113riens \u2013 no ferment\u0113t\u0101m br\u016bkl\u0113n\u0113m, ar zemu cukura saturu un dabiski bag\u0101ts ar polifenoliem dz\u0113riens. T\u012brs sast\u0101vs, 400 ml.","breadcrumb":{"@id":"https:\/\/puhdasplus.ee\/lv\/produkti\/dzerieni\/raudzetais-bruklenu-sulas-dzeriens-400-ml\/#breadcrumb"},"inLanguage":"lv-LV","potentialAction":[{"@type":"ReadAction","target":["https:\/\/puhdasplus.ee\/lv\/produkti\/dzerieni\/raudzetais-bruklenu-sulas-dzeriens-400-ml\/"]}]},{"@type":"ImageObject","inLanguage":"lv-LV","@id":"https:\/\/puhdasplus.ee\/lv\/produkti\/dzerieni\/raudzetais-bruklenu-sulas-dzeriens-400-ml\/#primaryimage","url":"https:\/\/puhdasplus.ee\/wp-content\/uploads\/2026\/03\/359848_0-1.png","contentUrl":"https:\/\/puhdasplus.ee\/wp-content\/uploads\/2026\/03\/359848_0-1.png","width":1862,"height":2560,"caption":"K\u00e4\u00e4ritatud pohlamahlajook 400 ml | Puhdas+"},{"@type":"BreadcrumbList","@id":"https:\/\/puhdasplus.ee\/lv\/produkti\/dzerieni\/raudzetais-bruklenu-sulas-dzeriens-400-ml\/#breadcrumb","itemListElement":[{"@type":"ListItem","position":1,"name":"S\u0101kums","item":"https:\/\/puhdasplus.ee\/lv\/"},{"@type":"ListItem","position":2,"name":"Produkti","item":"https:\/\/puhdasplus.ee\/lv\/veikals\/"},{"@type":"ListItem","position":3,"name":"Raudz\u0113tais br\u016bkle\u0146u sulas dz\u0113riens 400 ml"}]},{"@type":"WebSite","@id":"https:\/\/puhdasplus.ee\/lv\/#website","url":"https:\/\/puhdasplus.ee\/lv\/","name":"Puhdas+","description":"Vitam\u012bni, uztura bag\u0101tin\u0101t\u0101ji, dab\u012bg\u0101 kosm\u0113tika, vesel\u012bba, sports","publisher":{"@id":"https:\/\/puhdasplus.ee\/lv\/#organization"},"potentialAction":[{"@type":"SearchAction","target":{"@type":"EntryPoint","urlTemplate":"https:\/\/puhdasplus.ee\/lv\/?s={search_term_string}"},"query-input":{"@type":"PropertyValueSpecification","valueRequired":true,"valueName":"search_term_string"}}],"inLanguage":"lv-LV"},{"@type":"Organization","@id":"https:\/\/puhdasplus.ee\/lv\/#organization","name":"Puhdas+","alternateName":"Puhdasplus","url":"https:\/\/puhdasplus.ee\/lv\/","logo":{"@type":"ImageObject","inLanguage":"lv-LV","@id":"https:\/\/puhdasplus.ee\/lv\/#\/schema\/logo\/image\/","url":"https:\/\/puhdasplus.ee\/wp-content\/uploads\/2019\/10\/puhdas_logo-arvele.png","contentUrl":"https:\/\/puhdasplus.ee\/wp-content\/uploads\/2019\/10\/puhdas_logo-arvele.png","width":114,"height":94,"caption":"Puhdas+"},"image":{"@id":"https:\/\/puhdasplus.ee\/lv\/#\/schema\/logo\/image\/"},"sameAs":["https:\/\/www.facebook.com\/puhdasplus","https:\/\/www.instagram.com\/puhdasplus_ee\/"]}]}},"_yoast_wpseo_title":"Raudz\u0113tais br\u016bkle\u0146u sulas dz\u0113riens 400 ml | Puhdas+","_yoast_wpseo_metadesc":"Puhdas+ Raudz\u0113tais br\u016bkle\u0146u sulas dz\u0113riens \u2013 no ferment\u0113t\u0101m br\u016bkl\u0113n\u0113m, ar zemu cukura saturu un dabiski bag\u0101ts ar polifenoliem dz\u0113riens. T\u012brs sast\u0101vs, 400 ml.","_yoast_wpseo_focuskw":"raudz\u0113tais br\u016bkle\u0146u sulas dz\u0113riens","_links":{"self":[{"href":"https:\/\/puhdasplus.ee\/lv\/wp-json\/wp\/v2\/product\/360215","targetHints":{"allow":["GET"]}}],"collection":[{"href":"https:\/\/puhdasplus.ee\/lv\/wp-json\/wp\/v2\/product"}],"about":[{"href":"https:\/\/puhdasplus.ee\/lv\/wp-json\/wp\/v2\/types\/product"}],"replies":[{"embeddable":true,"href":"https:\/\/puhdasplus.ee\/lv\/wp-json\/wp\/v2\/comments?post=360215"}],"wp:featuredmedia":[{"embeddable":true,"href":"https:\/\/puhdasplus.ee\/lv\/wp-json\/wp\/v2\/media\/359967"}],"wp:attachment":[{"href":"https:\/\/puhdasplus.ee\/lv\/wp-json\/wp\/v2\/media?parent=360215"}],"wp:term":[{"taxonomy":"product_brand","embeddable":true,"href":"https:\/\/puhdasplus.ee\/lv\/wp-json\/wp\/v2\/product_brand?post=360215"},{"taxonomy":"product_cat","embeddable":true,"href":"https:\/\/puhdasplus.ee\/lv\/wp-json\/wp\/v2\/product_cat?post=360215"},{"taxonomy":"product_tag","embeddable":true,"href":"https:\/\/puhdasplus.ee\/lv\/wp-json\/wp\/v2\/product_tag?post=360215"}],"curies":[{"name":"wp","href":"https:\/\/api.w.org\/{rel}","templated":true}]}}