{"id":359846,"date":"2026-03-30T21:53:16","date_gmt":"2026-03-30T18:53:16","guid":{"rendered":"https:\/\/puhdasplus.ee\/?post_type=product&#038;p=359846"},"modified":"2026-04-06T12:09:19","modified_gmt":"2026-04-06T09:09:19","slug":"kombucha-kirsi-330-ml","status":"publish","type":"product","link":"https:\/\/puhdasplus.ee\/lv\/tooted\/dzerieni\/kombuca-lv\/kombucha-kirsi-330-ml\/","title":{"rendered":"Kombucha kirsi 330 ml"},"content":{"rendered":"<p><strong>See autentne mahe kombucha<\/strong> on valmistatud Soomes. Piimhappebakterijook sisaldab 5 miljardit piimhappebakterit annuse kohta ja pakub v\u00e4rskendavat, looduslikku alternatiivi karastusjookidele.<\/p>\n<p>Kombucha valmistatakse traditsioonilise k\u00e4\u00e4ritamismeetodiga ja see on maitsestatud ehtsa mahe kirsiimahlaga \u2013 ilma lisatud s\u00e4ilitusaineteta.<\/p>\n<ul>\n<li>Valmistatud Soomes<\/li>\n<li>Traditsiooniliselt fermenteeritud<\/li>\n<li>Sisaldab elusaid piimhappebaktereid<\/li>\n<li>Mahetoode<\/li>\n<li>Ilma lisatud s\u00e4ilitusaineteta<\/li>\n<\/ul>\n<h2>Kasutamisjuhend<\/h2>\n<p>Nautida k\u00fclmalt. \u00c4rge loksutage.<\/p>\n<h2>Koostisosad<\/h2>\n<p data-start=\"0\" data-end=\"175\">Vesi, roosuhkur*, must tee*, roheline tee*, kombuchakultuur*, hapukirsimahla kontsentraat*, piimhappebakterid (<em data-start=\"111\" data-end=\"136\">Lactobacillus paracasei<\/em>, <em data-start=\"138\" data-end=\"158\">Bacillus coagulans<\/em>), s\u00fcsihappegaas.<\/p>\n<p data-start=\"177\" data-end=\"200\" data-is-last-node=\"\" data-is-only-node=\"\">* mahep\u00f5llumajandusest<\/p>\n<h2 data-start=\"0\" data-end=\"29\"><strong data-start=\"0\" data-end=\"29\">Toitev\u00e4\u00e4rtus 100 ml kohta<\/strong><\/h2>\n<ul data-start=\"31\" data-end=\"204\" data-is-last-node=\"\" data-is-only-node=\"\">\n<li data-section-id=\"1psygsi\" data-start=\"31\" data-end=\"63\">Energia: 19 kcal \/ 77 kJ<\/li>\n<li data-section-id=\"123jcly\" data-start=\"64\" data-end=\"83\">Rasvad: 0 g<\/li>\n<li data-section-id=\"tbfefr\" data-start=\"84\" data-end=\"134\">S\u00fcsivesikud: 4,6 g\n<ul data-start=\"113\" data-end=\"134\">\n<li data-section-id=\"1rwrhut\" data-start=\"113\" data-end=\"134\">sh suhkrud: 4,5 g<\/li>\n<\/ul>\n<\/li>\n<li data-section-id=\"1mt2fxk\" data-start=\"135\" data-end=\"154\">Valgud: 0 g<\/li>\n<li data-section-id=\"1gs2rfe\" data-start=\"155\" data-end=\"172\">Sool: 0 g<\/li>\n<li data-section-id=\"197rr3j\" data-start=\"173\" data-end=\"204\" data-is-last-node=\"\">Alkoholisisaldus: &lt; 0,5 %<\/li>\n<\/ul>\n<h2>Hoiatused<\/h2>\n<p>Hoida lastele k\u00e4ttesaamatus kohas. Toidulisand ei asenda mitmekesist ja tasakaalustatud toitumist ega tervislikku eluviisi. \u00c4rge \u00fcletage soovituslikku p\u00e4evaannust.<\/p>\n","protected":false},"excerpt":{"rendered":"<p><b>Puhdas+ Kombucha kirsi 330 ml<\/b> on autentne mahe kombucha, mis sisaldab 5 miljardit piimhappebakterit annuse kohta. Valmistatud Soomes traditsioonilise k\u00e4\u00e4ritamismeetodiga. Kirsimaiteline.<\/p>\n","protected":false},"featured_media":359940,"comment_status":"open","ping_status":"closed","template":"","meta":{"_acf_changed":false,"googlesitekit_rrm_CAow3eq7DA:productID":""},"product_brand":[],"product_cat":[527,1708],"product_tag":[7863,8439,8417,8167,916,8166],"class_list":{"0":"post-359846","1":"product","2":"type-product","3":"status-publish","4":"has-post-thumbnail","6":"product_cat-joogid","7":"product_cat-kombucha","8":"product_tag-jook","9":"product_tag-kirsi-kombucha","10":"product_tag-kombucha","11":"product_tag-looduslik","12":"product_tag-mahe","13":"product_tag-soome-kvaliteet","15":"first","16":"onbackorder","17":"sale","18":"taxable","19":"shipping-taxable","20":"purchasable","21":"product-type-variable","22":"has-default-attributes"},"acf":[],"yoast_head":"<!-- This site is optimized with the Yoast SEO plugin v27.3 - https:\/\/yoast.com\/product\/yoast-seo-wordpress\/ -->\n<title>Kombucha kirsi 330 ml | Puhdas+<\/title>\n<meta name=\"description\" content=\"Kombucha kirsi 330 ml \u2013 mahe probiootiline jook hapukirsi maitsega. Elusad kultuurid, naturaalne ja v\u00e4rskendav alternatiiv karastusjookidele.\" \/>\n<meta name=\"robots\" content=\"index, follow, max-snippet:-1, max-image-preview:large, max-video-preview:-1\" \/>\n<link rel=\"canonical\" href=\"https:\/\/puhdasplus.ee\/lv\/tooted\/dzerieni\/kombuca-lv\/kombucha-kirsi-330-ml\/\" \/>\n<meta property=\"og:locale\" content=\"lv_LV\" \/>\n<meta property=\"og:type\" content=\"article\" \/>\n<meta property=\"og:title\" content=\"Kombucha kirsi 330 ml | Puhdas+\" \/>\n<meta property=\"og:description\" content=\"Kombucha kirsi 330 ml \u2013 mahe probiootiline jook hapukirsi maitsega. Elusad kultuurid, naturaalne ja v\u00e4rskendav alternatiiv karastusjookidele.\" \/>\n<meta property=\"og:url\" content=\"https:\/\/puhdasplus.ee\/lv\/tooted\/dzerieni\/kombuca-lv\/kombucha-kirsi-330-ml\/\" \/>\n<meta property=\"og:site_name\" content=\"Puhdas+\" \/>\n<meta property=\"article:publisher\" content=\"https:\/\/www.facebook.com\/puhdasplus\" \/>\n<meta property=\"article:modified_time\" content=\"2026-04-06T09:09:19+00:00\" \/>\n<meta property=\"og:image\" content=\"https:\/\/puhdasplus.ee\/wp-content\/uploads\/2026\/03\/359846_0.png\" \/>\n\t<meta property=\"og:image:width\" content=\"1862\" \/>\n\t<meta property=\"og:image:height\" content=\"2560\" \/>\n\t<meta property=\"og:image:type\" content=\"image\/png\" \/>\n<meta name=\"twitter:card\" content=\"summary_large_image\" \/>\n<meta name=\"twitter:label1\" content=\"Est. reading time\" \/>\n\t<meta name=\"twitter:data1\" content=\"1 minute\" \/>\n<script type=\"application\/ld+json\" class=\"yoast-schema-graph\">{\"@context\":\"https:\\\/\\\/schema.org\",\"@graph\":[{\"@type\":\"WebPage\",\"@id\":\"https:\\\/\\\/puhdasplus.ee\\\/lv\\\/tooted\\\/dzerieni\\\/kombuca-lv\\\/kombucha-kirsi-330-ml\\\/\",\"url\":\"https:\\\/\\\/puhdasplus.ee\\\/lv\\\/tooted\\\/dzerieni\\\/kombuca-lv\\\/kombucha-kirsi-330-ml\\\/\",\"name\":\"Kombucha kirsi 330 ml | Puhdas+\",\"isPartOf\":{\"@id\":\"https:\\\/\\\/puhdasplus.ee\\\/lv\\\/#website\"},\"primaryImageOfPage\":{\"@id\":\"https:\\\/\\\/puhdasplus.ee\\\/lv\\\/tooted\\\/dzerieni\\\/kombuca-lv\\\/kombucha-kirsi-330-ml\\\/#primaryimage\"},\"image\":{\"@id\":\"https:\\\/\\\/puhdasplus.ee\\\/lv\\\/tooted\\\/dzerieni\\\/kombuca-lv\\\/kombucha-kirsi-330-ml\\\/#primaryimage\"},\"thumbnailUrl\":\"https:\\\/\\\/puhdasplus.ee\\\/wp-content\\\/uploads\\\/2026\\\/03\\\/359846_0.png\",\"datePublished\":\"2026-03-30T18:53:16+00:00\",\"dateModified\":\"2026-04-06T09:09:19+00:00\",\"description\":\"Kombucha kirsi 330 ml \u2013 mahe probiootiline jook hapukirsi maitsega. Elusad kultuurid, naturaalne ja v\u00e4rskendav alternatiiv karastusjookidele.\",\"breadcrumb\":{\"@id\":\"https:\\\/\\\/puhdasplus.ee\\\/lv\\\/tooted\\\/dzerieni\\\/kombuca-lv\\\/kombucha-kirsi-330-ml\\\/#breadcrumb\"},\"inLanguage\":\"lv-LV\",\"potentialAction\":[{\"@type\":\"ReadAction\",\"target\":[\"https:\\\/\\\/puhdasplus.ee\\\/lv\\\/tooted\\\/dzerieni\\\/kombuca-lv\\\/kombucha-kirsi-330-ml\\\/\"]}]},{\"@type\":\"ImageObject\",\"inLanguage\":\"lv-LV\",\"@id\":\"https:\\\/\\\/puhdasplus.ee\\\/lv\\\/tooted\\\/dzerieni\\\/kombuca-lv\\\/kombucha-kirsi-330-ml\\\/#primaryimage\",\"url\":\"https:\\\/\\\/puhdasplus.ee\\\/wp-content\\\/uploads\\\/2026\\\/03\\\/359846_0.png\",\"contentUrl\":\"https:\\\/\\\/puhdasplus.ee\\\/wp-content\\\/uploads\\\/2026\\\/03\\\/359846_0.png\",\"width\":1862,\"height\":2560,\"caption\":\"Kombucha kirsi 330 ml\"},{\"@type\":\"BreadcrumbList\",\"@id\":\"https:\\\/\\\/puhdasplus.ee\\\/lv\\\/tooted\\\/dzerieni\\\/kombuca-lv\\\/kombucha-kirsi-330-ml\\\/#breadcrumb\",\"itemListElement\":[{\"@type\":\"ListItem\",\"position\":1,\"name\":\"S\u0101kums\",\"item\":\"https:\\\/\\\/puhdasplus.ee\\\/lv\\\/\"},{\"@type\":\"ListItem\",\"position\":2,\"name\":\"Produkti\",\"item\":\"https:\\\/\\\/puhdasplus.ee\\\/lv\\\/veikals\\\/\"},{\"@type\":\"ListItem\",\"position\":3,\"name\":\"Kombucha kirsi 330 ml\"}]},{\"@type\":\"WebSite\",\"@id\":\"https:\\\/\\\/puhdasplus.ee\\\/lv\\\/#website\",\"url\":\"https:\\\/\\\/puhdasplus.ee\\\/lv\\\/\",\"name\":\"Puhdas+\",\"description\":\"Vitam\u012bni, uztura bag\u0101tin\u0101t\u0101ji, dab\u012bg\u0101 kosm\u0113tika, vesel\u012bba, sports\",\"publisher\":{\"@id\":\"https:\\\/\\\/puhdasplus.ee\\\/lv\\\/#organization\"},\"potentialAction\":[{\"@type\":\"SearchAction\",\"target\":{\"@type\":\"EntryPoint\",\"urlTemplate\":\"https:\\\/\\\/puhdasplus.ee\\\/lv\\\/?s={search_term_string}\"},\"query-input\":{\"@type\":\"PropertyValueSpecification\",\"valueRequired\":true,\"valueName\":\"search_term_string\"}}],\"inLanguage\":\"lv-LV\"},{\"@type\":\"Organization\",\"@id\":\"https:\\\/\\\/puhdasplus.ee\\\/lv\\\/#organization\",\"name\":\"Puhdas+\",\"alternateName\":\"Puhdasplus\",\"url\":\"https:\\\/\\\/puhdasplus.ee\\\/lv\\\/\",\"logo\":{\"@type\":\"ImageObject\",\"inLanguage\":\"lv-LV\",\"@id\":\"https:\\\/\\\/puhdasplus.ee\\\/lv\\\/#\\\/schema\\\/logo\\\/image\\\/\",\"url\":\"https:\\\/\\\/puhdasplus.ee\\\/wp-content\\\/uploads\\\/2019\\\/10\\\/puhdas_logo-arvele.png\",\"contentUrl\":\"https:\\\/\\\/puhdasplus.ee\\\/wp-content\\\/uploads\\\/2019\\\/10\\\/puhdas_logo-arvele.png\",\"width\":114,\"height\":94,\"caption\":\"Puhdas+\"},\"image\":{\"@id\":\"https:\\\/\\\/puhdasplus.ee\\\/lv\\\/#\\\/schema\\\/logo\\\/image\\\/\"},\"sameAs\":[\"https:\\\/\\\/www.facebook.com\\\/puhdasplus\",\"https:\\\/\\\/www.instagram.com\\\/puhdasplus_ee\\\/\"]}]}<\/script>\n<!-- \/ Yoast SEO plugin. -->","yoast_head_json":{"title":"Kombucha kirsi 330 ml | Puhdas+","description":"Kombucha kirsi 330 ml \u2013 mahe probiootiline jook hapukirsi maitsega. Elusad kultuurid, naturaalne ja v\u00e4rskendav alternatiiv karastusjookidele.","robots":{"index":"index","follow":"follow","max-snippet":"max-snippet:-1","max-image-preview":"max-image-preview:large","max-video-preview":"max-video-preview:-1"},"canonical":"https:\/\/puhdasplus.ee\/lv\/tooted\/dzerieni\/kombuca-lv\/kombucha-kirsi-330-ml\/","og_locale":"lv_LV","og_type":"article","og_title":"Kombucha kirsi 330 ml | Puhdas+","og_description":"Kombucha kirsi 330 ml \u2013 mahe probiootiline jook hapukirsi maitsega. Elusad kultuurid, naturaalne ja v\u00e4rskendav alternatiiv karastusjookidele.","og_url":"https:\/\/puhdasplus.ee\/lv\/tooted\/dzerieni\/kombuca-lv\/kombucha-kirsi-330-ml\/","og_site_name":"Puhdas+","article_publisher":"https:\/\/www.facebook.com\/puhdasplus","article_modified_time":"2026-04-06T09:09:19+00:00","og_image":[{"width":1862,"height":2560,"url":"https:\/\/puhdasplus.ee\/wp-content\/uploads\/2026\/03\/359846_0.png","type":"image\/png"}],"twitter_card":"summary_large_image","twitter_misc":{"Est. reading time":"1 minute"},"schema":{"@context":"https:\/\/schema.org","@graph":[{"@type":"WebPage","@id":"https:\/\/puhdasplus.ee\/lv\/tooted\/dzerieni\/kombuca-lv\/kombucha-kirsi-330-ml\/","url":"https:\/\/puhdasplus.ee\/lv\/tooted\/dzerieni\/kombuca-lv\/kombucha-kirsi-330-ml\/","name":"Kombucha kirsi 330 ml | Puhdas+","isPartOf":{"@id":"https:\/\/puhdasplus.ee\/lv\/#website"},"primaryImageOfPage":{"@id":"https:\/\/puhdasplus.ee\/lv\/tooted\/dzerieni\/kombuca-lv\/kombucha-kirsi-330-ml\/#primaryimage"},"image":{"@id":"https:\/\/puhdasplus.ee\/lv\/tooted\/dzerieni\/kombuca-lv\/kombucha-kirsi-330-ml\/#primaryimage"},"thumbnailUrl":"https:\/\/puhdasplus.ee\/wp-content\/uploads\/2026\/03\/359846_0.png","datePublished":"2026-03-30T18:53:16+00:00","dateModified":"2026-04-06T09:09:19+00:00","description":"Kombucha kirsi 330 ml \u2013 mahe probiootiline jook hapukirsi maitsega. Elusad kultuurid, naturaalne ja v\u00e4rskendav alternatiiv karastusjookidele.","breadcrumb":{"@id":"https:\/\/puhdasplus.ee\/lv\/tooted\/dzerieni\/kombuca-lv\/kombucha-kirsi-330-ml\/#breadcrumb"},"inLanguage":"lv-LV","potentialAction":[{"@type":"ReadAction","target":["https:\/\/puhdasplus.ee\/lv\/tooted\/dzerieni\/kombuca-lv\/kombucha-kirsi-330-ml\/"]}]},{"@type":"ImageObject","inLanguage":"lv-LV","@id":"https:\/\/puhdasplus.ee\/lv\/tooted\/dzerieni\/kombuca-lv\/kombucha-kirsi-330-ml\/#primaryimage","url":"https:\/\/puhdasplus.ee\/wp-content\/uploads\/2026\/03\/359846_0.png","contentUrl":"https:\/\/puhdasplus.ee\/wp-content\/uploads\/2026\/03\/359846_0.png","width":1862,"height":2560,"caption":"Kombucha kirsi 330 ml"},{"@type":"BreadcrumbList","@id":"https:\/\/puhdasplus.ee\/lv\/tooted\/dzerieni\/kombuca-lv\/kombucha-kirsi-330-ml\/#breadcrumb","itemListElement":[{"@type":"ListItem","position":1,"name":"S\u0101kums","item":"https:\/\/puhdasplus.ee\/lv\/"},{"@type":"ListItem","position":2,"name":"Produkti","item":"https:\/\/puhdasplus.ee\/lv\/veikals\/"},{"@type":"ListItem","position":3,"name":"Kombucha kirsi 330 ml"}]},{"@type":"WebSite","@id":"https:\/\/puhdasplus.ee\/lv\/#website","url":"https:\/\/puhdasplus.ee\/lv\/","name":"Puhdas+","description":"Vitam\u012bni, uztura bag\u0101tin\u0101t\u0101ji, dab\u012bg\u0101 kosm\u0113tika, vesel\u012bba, sports","publisher":{"@id":"https:\/\/puhdasplus.ee\/lv\/#organization"},"potentialAction":[{"@type":"SearchAction","target":{"@type":"EntryPoint","urlTemplate":"https:\/\/puhdasplus.ee\/lv\/?s={search_term_string}"},"query-input":{"@type":"PropertyValueSpecification","valueRequired":true,"valueName":"search_term_string"}}],"inLanguage":"lv-LV"},{"@type":"Organization","@id":"https:\/\/puhdasplus.ee\/lv\/#organization","name":"Puhdas+","alternateName":"Puhdasplus","url":"https:\/\/puhdasplus.ee\/lv\/","logo":{"@type":"ImageObject","inLanguage":"lv-LV","@id":"https:\/\/puhdasplus.ee\/lv\/#\/schema\/logo\/image\/","url":"https:\/\/puhdasplus.ee\/wp-content\/uploads\/2019\/10\/puhdas_logo-arvele.png","contentUrl":"https:\/\/puhdasplus.ee\/wp-content\/uploads\/2019\/10\/puhdas_logo-arvele.png","width":114,"height":94,"caption":"Puhdas+"},"image":{"@id":"https:\/\/puhdasplus.ee\/lv\/#\/schema\/logo\/image\/"},"sameAs":["https:\/\/www.facebook.com\/puhdasplus","https:\/\/www.instagram.com\/puhdasplus_ee\/"]}]}},"_yoast_wpseo_title":"Kombucha kirsi 330 ml | Puhdas+","_yoast_wpseo_metadesc":"Kombucha kirsi 330 ml \u2013 mahe probiootiline jook hapukirsi maitsega. Elusad kultuurid, naturaalne ja v\u00e4rskendav alternatiiv karastusjookidele.","_yoast_wpseo_focuskw":"kombucha kirsi","_links":{"self":[{"href":"https:\/\/puhdasplus.ee\/lv\/wp-json\/wp\/v2\/product\/359846","targetHints":{"allow":["GET"]}}],"collection":[{"href":"https:\/\/puhdasplus.ee\/lv\/wp-json\/wp\/v2\/product"}],"about":[{"href":"https:\/\/puhdasplus.ee\/lv\/wp-json\/wp\/v2\/types\/product"}],"replies":[{"embeddable":true,"href":"https:\/\/puhdasplus.ee\/lv\/wp-json\/wp\/v2\/comments?post=359846"}],"wp:featuredmedia":[{"embeddable":true,"href":"https:\/\/puhdasplus.ee\/lv\/wp-json\/wp\/v2\/media\/359940"}],"wp:attachment":[{"href":"https:\/\/puhdasplus.ee\/lv\/wp-json\/wp\/v2\/media?parent=359846"}],"wp:term":[{"taxonomy":"product_brand","embeddable":true,"href":"https:\/\/puhdasplus.ee\/lv\/wp-json\/wp\/v2\/product_brand?post=359846"},{"taxonomy":"product_cat","embeddable":true,"href":"https:\/\/puhdasplus.ee\/lv\/wp-json\/wp\/v2\/product_cat?post=359846"},{"taxonomy":"product_tag","embeddable":true,"href":"https:\/\/puhdasplus.ee\/lv\/wp-json\/wp\/v2\/product_tag?post=359846"}],"curies":[{"name":"wp","href":"https:\/\/api.w.org\/{rel}","templated":true}]}}