{"id":359799,"date":"2026-03-30T21:49:58","date_gmt":"2026-03-30T18:49:58","guid":{"rendered":"https:\/\/puhdasplus.ee\/?post_type=product&#038;p=359799"},"modified":"2026-04-06T12:33:11","modified_gmt":"2026-04-06T09:33:11","slug":"magneesiumtauraat-200-g","status":"publish","type":"product","link":"https:\/\/puhdasplus.ee\/lv\/tooted\/minerali\/magnijs\/magneesiumtauraat-200-g\/","title":{"rendered":"Magneesiumtauraat 200 g"},"content":{"rendered":"<p><strong>Tugev ja 100% lisaaineteta magneesiumtauraadi preparaat.<\/strong><\/p>\n<p>Magneesium soodustab lihaste normaalset talitlust ning aitab v\u00e4hendada v\u00e4simust ja kurnatust. Magneesiumtauraat \u00fchendab magneesiumi ja aminohappe tauriini, mis toetab eriti s\u00fcdame-veresoonkonna tervist.<\/p>\n<h2>Kasutamisjuhend<\/h2>\n<p>1 supilusikat\u00e4is (nagu 3 g) \u00f6\u00f6p\u00e4evas segatuna vette, mahla v\u00f5i smuuti hulka. Soovituslikku p\u00e4evaannust ei tohi \u00fcletada.<\/p>\n<h2>Koostisosad<\/h2>\n<p>Magneesiumtauraat.<\/p>\n<p>Ei sisalda piima, laktoosi, p\u00e4rmi ega gluteeni. Ei sisalda suhkrut, soola ega magusaineid. Vegan.<\/p>\n<h2>Toitev\u00e4\u00e4rtus<\/h2>\n<table>\n<thead>\n<tr>\n<th>Toitev\u00e4\u00e4rtus<\/th>\n<th>3 g<\/th>\n<\/tr>\n<\/thead>\n<tbody>\n<tr>\n<td>Magneesiumtauraat<\/td>\n<td>3000 mg<\/td>\n<\/tr>\n<tr>\n<td>\u2013 sellest magneesiumi<\/td>\n<td>235 mg (63%*)<\/td>\n<\/tr>\n<\/tbody>\n<\/table>\n<p>*% \u00f6\u00f6p\u00e4evase tarbimise v\u00f5rdlusv\u00e4\u00e4rtusest.<\/p>\n<h2>Hoiatused<\/h2>\n<p>Hoida lastele k\u00e4ttesaamatus kohas. Toidulisand ei asenda mitmekesist ja tasakaalustatud toitumist ega tervislikku eluviisi. \u00c4rge \u00fcletage soovituslikku p\u00e4evaannust.<\/p>\n","protected":false},"excerpt":{"rendered":"<p><b>Puhdas+ Magneesiumtauraat 200 g<\/b> \u2013 100% lisaaineteta, h\u00e4sti imenduv magneesiumi vorm s\u00fcdame terviseks. Aitab v\u00e4hendada v\u00e4simust ja kurnatust.<\/p>\n","protected":false},"featured_media":359992,"comment_status":"open","ping_status":"closed","template":"","meta":{"_acf_changed":false,"googlesitekit_rrm_CAow3eq7DA:productID":""},"product_brand":[],"product_cat":[450,466,496],"product_tag":[8159,510,8222,8164,8166,597,541],"class_list":{"0":"post-359799","1":"product","2":"type-product","3":"status-publish","4":"has-post-thumbnail","6":"product_cat-magneesium","7":"product_cat-mineraalained","8":"product_cat-sudame-tervis","9":"product_tag-gluteenivaba","10":"product_tag-magneesium","11":"product_tag-magneesiumtauraat","12":"product_tag-mineraalained","13":"product_tag-soome-kvaliteet","14":"product_tag-sudame-tervis","15":"product_tag-toidulisand","17":"first","18":"onbackorder","19":"taxable","20":"shipping-taxable","21":"purchasable","22":"product-type-simple"},"acf":[],"yoast_head":"<!-- This site is optimized with the Yoast SEO plugin v27.3 - https:\/\/yoast.com\/product\/yoast-seo-wordpress\/ -->\n<title>Magneesiumtauraat 200 g | Puhdas+<\/title>\n<meta name=\"description\" content=\"Puhdas+ Magneesiumtauraat 200 g \u2013 kvaliteetne ja h\u00e4sti imenduv magneesium s\u00fcdame ja lihaste toetamiseks. 100% lisaaineteta puhas koostis.\" \/>\n<meta name=\"robots\" content=\"index, follow, max-snippet:-1, max-image-preview:large, max-video-preview:-1\" \/>\n<link rel=\"canonical\" href=\"https:\/\/puhdasplus.ee\/lv\/tooted\/minerali\/magnijs\/magneesiumtauraat-200-g\/\" \/>\n<meta property=\"og:locale\" content=\"lv_LV\" \/>\n<meta property=\"og:type\" content=\"article\" \/>\n<meta property=\"og:title\" content=\"Magneesiumtauraat 200 g | Puhdas+\" \/>\n<meta property=\"og:description\" content=\"Puhdas+ Magneesiumtauraat 200 g \u2013 kvaliteetne ja h\u00e4sti imenduv magneesium s\u00fcdame ja lihaste toetamiseks. 100% lisaaineteta puhas koostis.\" \/>\n<meta property=\"og:url\" content=\"https:\/\/puhdasplus.ee\/lv\/tooted\/minerali\/magnijs\/magneesiumtauraat-200-g\/\" \/>\n<meta property=\"og:site_name\" content=\"Puhdas+\" \/>\n<meta property=\"article:publisher\" content=\"https:\/\/www.facebook.com\/puhdasplus\" \/>\n<meta property=\"article:modified_time\" content=\"2026-04-06T09:33:11+00:00\" \/>\n<meta property=\"og:image\" content=\"https:\/\/puhdasplus.ee\/wp-content\/uploads\/2026\/03\/Magneesiumtauraat-200-g-scaled.png\" \/>\n\t<meta property=\"og:image:width\" content=\"1862\" \/>\n\t<meta property=\"og:image:height\" content=\"2560\" \/>\n\t<meta property=\"og:image:type\" content=\"image\/png\" \/>\n<meta name=\"twitter:card\" content=\"summary_large_image\" \/>\n<meta name=\"twitter:label1\" content=\"Est. reading time\" \/>\n\t<meta name=\"twitter:data1\" content=\"1 minute\" \/>\n<script type=\"application\/ld+json\" class=\"yoast-schema-graph\">{\"@context\":\"https:\\\/\\\/schema.org\",\"@graph\":[{\"@type\":\"WebPage\",\"@id\":\"https:\\\/\\\/puhdasplus.ee\\\/lv\\\/tooted\\\/minerali\\\/magnijs\\\/magneesiumtauraat-200-g\\\/\",\"url\":\"https:\\\/\\\/puhdasplus.ee\\\/lv\\\/tooted\\\/minerali\\\/magnijs\\\/magneesiumtauraat-200-g\\\/\",\"name\":\"Magneesiumtauraat 200 g | Puhdas+\",\"isPartOf\":{\"@id\":\"https:\\\/\\\/puhdasplus.ee\\\/lv\\\/#website\"},\"primaryImageOfPage\":{\"@id\":\"https:\\\/\\\/puhdasplus.ee\\\/lv\\\/tooted\\\/minerali\\\/magnijs\\\/magneesiumtauraat-200-g\\\/#primaryimage\"},\"image\":{\"@id\":\"https:\\\/\\\/puhdasplus.ee\\\/lv\\\/tooted\\\/minerali\\\/magnijs\\\/magneesiumtauraat-200-g\\\/#primaryimage\"},\"thumbnailUrl\":\"https:\\\/\\\/puhdasplus.ee\\\/wp-content\\\/uploads\\\/2026\\\/03\\\/Magneesiumtauraat-200-g-scaled.png\",\"datePublished\":\"2026-03-30T18:49:58+00:00\",\"dateModified\":\"2026-04-06T09:33:11+00:00\",\"description\":\"Puhdas+ Magneesiumtauraat 200 g \u2013 kvaliteetne ja h\u00e4sti imenduv magneesium s\u00fcdame ja lihaste toetamiseks. 100% lisaaineteta puhas koostis.\",\"breadcrumb\":{\"@id\":\"https:\\\/\\\/puhdasplus.ee\\\/lv\\\/tooted\\\/minerali\\\/magnijs\\\/magneesiumtauraat-200-g\\\/#breadcrumb\"},\"inLanguage\":\"lv-LV\",\"potentialAction\":[{\"@type\":\"ReadAction\",\"target\":[\"https:\\\/\\\/puhdasplus.ee\\\/lv\\\/tooted\\\/minerali\\\/magnijs\\\/magneesiumtauraat-200-g\\\/\"]}]},{\"@type\":\"ImageObject\",\"inLanguage\":\"lv-LV\",\"@id\":\"https:\\\/\\\/puhdasplus.ee\\\/lv\\\/tooted\\\/minerali\\\/magnijs\\\/magneesiumtauraat-200-g\\\/#primaryimage\",\"url\":\"https:\\\/\\\/puhdasplus.ee\\\/wp-content\\\/uploads\\\/2026\\\/03\\\/Magneesiumtauraat-200-g-scaled.png\",\"contentUrl\":\"https:\\\/\\\/puhdasplus.ee\\\/wp-content\\\/uploads\\\/2026\\\/03\\\/Magneesiumtauraat-200-g-scaled.png\",\"width\":1862,\"height\":2560,\"caption\":\"Magneesiumtauraat 200 g\"},{\"@type\":\"BreadcrumbList\",\"@id\":\"https:\\\/\\\/puhdasplus.ee\\\/lv\\\/tooted\\\/minerali\\\/magnijs\\\/magneesiumtauraat-200-g\\\/#breadcrumb\",\"itemListElement\":[{\"@type\":\"ListItem\",\"position\":1,\"name\":\"S\u0101kums\",\"item\":\"https:\\\/\\\/puhdasplus.ee\\\/lv\\\/\"},{\"@type\":\"ListItem\",\"position\":2,\"name\":\"Produkti\",\"item\":\"https:\\\/\\\/puhdasplus.ee\\\/lv\\\/veikals\\\/\"},{\"@type\":\"ListItem\",\"position\":3,\"name\":\"Magneesiumtauraat 200 g\"}]},{\"@type\":\"WebSite\",\"@id\":\"https:\\\/\\\/puhdasplus.ee\\\/lv\\\/#website\",\"url\":\"https:\\\/\\\/puhdasplus.ee\\\/lv\\\/\",\"name\":\"Puhdas+\",\"description\":\"Vitam\u012bni, uztura bag\u0101tin\u0101t\u0101ji, dab\u012bg\u0101 kosm\u0113tika, vesel\u012bba, sports\",\"publisher\":{\"@id\":\"https:\\\/\\\/puhdasplus.ee\\\/lv\\\/#organization\"},\"potentialAction\":[{\"@type\":\"SearchAction\",\"target\":{\"@type\":\"EntryPoint\",\"urlTemplate\":\"https:\\\/\\\/puhdasplus.ee\\\/lv\\\/?s={search_term_string}\"},\"query-input\":{\"@type\":\"PropertyValueSpecification\",\"valueRequired\":true,\"valueName\":\"search_term_string\"}}],\"inLanguage\":\"lv-LV\"},{\"@type\":\"Organization\",\"@id\":\"https:\\\/\\\/puhdasplus.ee\\\/lv\\\/#organization\",\"name\":\"Puhdas+\",\"alternateName\":\"Puhdasplus\",\"url\":\"https:\\\/\\\/puhdasplus.ee\\\/lv\\\/\",\"logo\":{\"@type\":\"ImageObject\",\"inLanguage\":\"lv-LV\",\"@id\":\"https:\\\/\\\/puhdasplus.ee\\\/lv\\\/#\\\/schema\\\/logo\\\/image\\\/\",\"url\":\"https:\\\/\\\/puhdasplus.ee\\\/wp-content\\\/uploads\\\/2019\\\/10\\\/puhdas_logo-arvele.png\",\"contentUrl\":\"https:\\\/\\\/puhdasplus.ee\\\/wp-content\\\/uploads\\\/2019\\\/10\\\/puhdas_logo-arvele.png\",\"width\":114,\"height\":94,\"caption\":\"Puhdas+\"},\"image\":{\"@id\":\"https:\\\/\\\/puhdasplus.ee\\\/lv\\\/#\\\/schema\\\/logo\\\/image\\\/\"},\"sameAs\":[\"https:\\\/\\\/www.facebook.com\\\/puhdasplus\",\"https:\\\/\\\/www.instagram.com\\\/puhdasplus_ee\\\/\"]}]}<\/script>\n<!-- \/ Yoast SEO plugin. -->","yoast_head_json":{"title":"Magneesiumtauraat 200 g | Puhdas+","description":"Puhdas+ Magneesiumtauraat 200 g \u2013 kvaliteetne ja h\u00e4sti imenduv magneesium s\u00fcdame ja lihaste toetamiseks. 100% lisaaineteta puhas koostis.","robots":{"index":"index","follow":"follow","max-snippet":"max-snippet:-1","max-image-preview":"max-image-preview:large","max-video-preview":"max-video-preview:-1"},"canonical":"https:\/\/puhdasplus.ee\/lv\/tooted\/minerali\/magnijs\/magneesiumtauraat-200-g\/","og_locale":"lv_LV","og_type":"article","og_title":"Magneesiumtauraat 200 g | Puhdas+","og_description":"Puhdas+ Magneesiumtauraat 200 g \u2013 kvaliteetne ja h\u00e4sti imenduv magneesium s\u00fcdame ja lihaste toetamiseks. 100% lisaaineteta puhas koostis.","og_url":"https:\/\/puhdasplus.ee\/lv\/tooted\/minerali\/magnijs\/magneesiumtauraat-200-g\/","og_site_name":"Puhdas+","article_publisher":"https:\/\/www.facebook.com\/puhdasplus","article_modified_time":"2026-04-06T09:33:11+00:00","og_image":[{"width":1862,"height":2560,"url":"https:\/\/puhdasplus.ee\/wp-content\/uploads\/2026\/03\/Magneesiumtauraat-200-g-scaled.png","type":"image\/png"}],"twitter_card":"summary_large_image","twitter_misc":{"Est. reading time":"1 minute"},"schema":{"@context":"https:\/\/schema.org","@graph":[{"@type":"WebPage","@id":"https:\/\/puhdasplus.ee\/lv\/tooted\/minerali\/magnijs\/magneesiumtauraat-200-g\/","url":"https:\/\/puhdasplus.ee\/lv\/tooted\/minerali\/magnijs\/magneesiumtauraat-200-g\/","name":"Magneesiumtauraat 200 g | Puhdas+","isPartOf":{"@id":"https:\/\/puhdasplus.ee\/lv\/#website"},"primaryImageOfPage":{"@id":"https:\/\/puhdasplus.ee\/lv\/tooted\/minerali\/magnijs\/magneesiumtauraat-200-g\/#primaryimage"},"image":{"@id":"https:\/\/puhdasplus.ee\/lv\/tooted\/minerali\/magnijs\/magneesiumtauraat-200-g\/#primaryimage"},"thumbnailUrl":"https:\/\/puhdasplus.ee\/wp-content\/uploads\/2026\/03\/Magneesiumtauraat-200-g-scaled.png","datePublished":"2026-03-30T18:49:58+00:00","dateModified":"2026-04-06T09:33:11+00:00","description":"Puhdas+ Magneesiumtauraat 200 g \u2013 kvaliteetne ja h\u00e4sti imenduv magneesium s\u00fcdame ja lihaste toetamiseks. 100% lisaaineteta puhas koostis.","breadcrumb":{"@id":"https:\/\/puhdasplus.ee\/lv\/tooted\/minerali\/magnijs\/magneesiumtauraat-200-g\/#breadcrumb"},"inLanguage":"lv-LV","potentialAction":[{"@type":"ReadAction","target":["https:\/\/puhdasplus.ee\/lv\/tooted\/minerali\/magnijs\/magneesiumtauraat-200-g\/"]}]},{"@type":"ImageObject","inLanguage":"lv-LV","@id":"https:\/\/puhdasplus.ee\/lv\/tooted\/minerali\/magnijs\/magneesiumtauraat-200-g\/#primaryimage","url":"https:\/\/puhdasplus.ee\/wp-content\/uploads\/2026\/03\/Magneesiumtauraat-200-g-scaled.png","contentUrl":"https:\/\/puhdasplus.ee\/wp-content\/uploads\/2026\/03\/Magneesiumtauraat-200-g-scaled.png","width":1862,"height":2560,"caption":"Magneesiumtauraat 200 g"},{"@type":"BreadcrumbList","@id":"https:\/\/puhdasplus.ee\/lv\/tooted\/minerali\/magnijs\/magneesiumtauraat-200-g\/#breadcrumb","itemListElement":[{"@type":"ListItem","position":1,"name":"S\u0101kums","item":"https:\/\/puhdasplus.ee\/lv\/"},{"@type":"ListItem","position":2,"name":"Produkti","item":"https:\/\/puhdasplus.ee\/lv\/veikals\/"},{"@type":"ListItem","position":3,"name":"Magneesiumtauraat 200 g"}]},{"@type":"WebSite","@id":"https:\/\/puhdasplus.ee\/lv\/#website","url":"https:\/\/puhdasplus.ee\/lv\/","name":"Puhdas+","description":"Vitam\u012bni, uztura bag\u0101tin\u0101t\u0101ji, dab\u012bg\u0101 kosm\u0113tika, vesel\u012bba, sports","publisher":{"@id":"https:\/\/puhdasplus.ee\/lv\/#organization"},"potentialAction":[{"@type":"SearchAction","target":{"@type":"EntryPoint","urlTemplate":"https:\/\/puhdasplus.ee\/lv\/?s={search_term_string}"},"query-input":{"@type":"PropertyValueSpecification","valueRequired":true,"valueName":"search_term_string"}}],"inLanguage":"lv-LV"},{"@type":"Organization","@id":"https:\/\/puhdasplus.ee\/lv\/#organization","name":"Puhdas+","alternateName":"Puhdasplus","url":"https:\/\/puhdasplus.ee\/lv\/","logo":{"@type":"ImageObject","inLanguage":"lv-LV","@id":"https:\/\/puhdasplus.ee\/lv\/#\/schema\/logo\/image\/","url":"https:\/\/puhdasplus.ee\/wp-content\/uploads\/2019\/10\/puhdas_logo-arvele.png","contentUrl":"https:\/\/puhdasplus.ee\/wp-content\/uploads\/2019\/10\/puhdas_logo-arvele.png","width":114,"height":94,"caption":"Puhdas+"},"image":{"@id":"https:\/\/puhdasplus.ee\/lv\/#\/schema\/logo\/image\/"},"sameAs":["https:\/\/www.facebook.com\/puhdasplus","https:\/\/www.instagram.com\/puhdasplus_ee\/"]}]}},"_yoast_wpseo_title":"Magneesiumtauraat 200 g | Puhdas+","_yoast_wpseo_metadesc":"Puhdas+ Magneesiumtauraat 200 g \u2013 kvaliteetne ja h\u00e4sti imenduv magneesium s\u00fcdame ja lihaste toetamiseks. 100% lisaaineteta puhas koostis.","_yoast_wpseo_focuskw":"magneesiumtauraat","_links":{"self":[{"href":"https:\/\/puhdasplus.ee\/lv\/wp-json\/wp\/v2\/product\/359799","targetHints":{"allow":["GET"]}}],"collection":[{"href":"https:\/\/puhdasplus.ee\/lv\/wp-json\/wp\/v2\/product"}],"about":[{"href":"https:\/\/puhdasplus.ee\/lv\/wp-json\/wp\/v2\/types\/product"}],"replies":[{"embeddable":true,"href":"https:\/\/puhdasplus.ee\/lv\/wp-json\/wp\/v2\/comments?post=359799"}],"wp:featuredmedia":[{"embeddable":true,"href":"https:\/\/puhdasplus.ee\/lv\/wp-json\/wp\/v2\/media\/359992"}],"wp:attachment":[{"href":"https:\/\/puhdasplus.ee\/lv\/wp-json\/wp\/v2\/media?parent=359799"}],"wp:term":[{"taxonomy":"product_brand","embeddable":true,"href":"https:\/\/puhdasplus.ee\/lv\/wp-json\/wp\/v2\/product_brand?post=359799"},{"taxonomy":"product_cat","embeddable":true,"href":"https:\/\/puhdasplus.ee\/lv\/wp-json\/wp\/v2\/product_cat?post=359799"},{"taxonomy":"product_tag","embeddable":true,"href":"https:\/\/puhdasplus.ee\/lv\/wp-json\/wp\/v2\/product_tag?post=359799"}],"curies":[{"name":"wp","href":"https:\/\/api.w.org\/{rel}","templated":true}]}}