{"id":359782,"date":"2026-03-30T21:49:22","date_gmt":"2026-03-30T18:49:22","guid":{"rendered":"https:\/\/puhdasplus.ee\/?post_type=product&#038;p=359782"},"modified":"2026-04-05T17:42:22","modified_gmt":"2026-04-05T14:42:22","slug":"lukopeen-10-mg-60-kapslit","status":"publish","type":"product","link":"https:\/\/puhdasplus.ee\/lv\/tooted\/imunsistema\/lukopeen-10-mg-60-kapslit\/","title":{"rendered":"L\u00fckopeen 10 mg 60 kapslit"},"content":{"rendered":"<h2><b>Miks valida Tugev L\u00fckopeen?<\/b><\/h2>\n<p><strong>Puhdas+ Tugev L\u00fckopeen<\/strong> on hoolikalt loodud toidulisand. Iga kapsel sisaldab tugevat 10 mg annust l\u00fckopeeni \u2013 looduslikku taimekarotenoidi, mida leidub eriti punastes puuviljades ja k\u00f6\u00f6giviljades nagu tomatites.<\/p>\n<p>L\u00fckopeen on tuntud oma erkpunase v\u00e4rvuse poolest ning on looduslik osa mitmekesisest toitumisest. Puhdas+ Tugev L\u00fckopeen pakub lihtsat ja mugavat viisi igap\u00e4evase l\u00fckopeeni tarbimise t\u00e4iendamiseks.<\/p>\n<p>&nbsp;<\/p>\n<h2><strong>Koostisosad<\/strong><\/h2>\n<p>T\u00e4iteaine (mikrokristalliline tselluloos), tomatiekstrakt (Solanum lycopersicum), kapsel (stabilisaator: h\u00fcdroks\u00fcprop\u00fc\u00fclmet\u00fc\u00fcltselluloos).<\/p>\n<p>&nbsp;<\/p>\n<h2><strong>Toitainesisaldus 1 kapsli kohta<\/strong><\/h2>\n<p>L\u00fckopeen 10 mg<\/p>\n<p>&nbsp;<\/p>\n<h2><strong>Kasutamisjuhend<\/strong><\/h2>\n<p class=\"p1\">V\u00f5tta 1 kapsel \u00f6\u00f6p\u00e4evas koos veega.<\/p>\n<p>&nbsp;<\/p>\n<h2><strong>Hoiatused<\/strong><\/h2>\n<p>Hoida lastele k\u00e4ttesaamatus kohas. Toidulisand ei asenda mitmekesist ja tasakaalustatud toitumist ega tervislikku eluviisi. \u00c4rge \u00fcletage soovituslikku p\u00e4evaannust.<\/p>\n<p>&nbsp;<\/p>\n<h2><strong>Netokogus<\/strong><\/h2>\n<p class=\"p1\">23 g (60 kapslit)<\/p>\n<p>&nbsp;<\/p>\n","protected":false},"excerpt":{"rendered":"<p class=\"p1\">L\u00fckopeen 10 mg 60 kapslit \u2013 sisaldab tomatist p\u00e4rit <b>l\u00fckopeeni.<\/b> Lihtne viis t\u00e4iendada igap\u00e4evast toitumist kapslivormis.<\/p>\n","protected":false},"featured_media":360016,"comment_status":"open","ping_status":"closed","template":"","meta":{"_acf_changed":false,"googlesitekit_rrm_CAow3eq7DA:productID":""},"product_brand":[],"product_cat":[488,496],"product_tag":[805,8159,8429,847,8166,597,541,524],"class_list":{"0":"post-359782","1":"product","2":"type-product","3":"status-publish","4":"has-post-thumbnail","6":"product_cat-immuunsusteem","7":"product_cat-sudame-tervis","8":"product_tag-antioksudant","9":"product_tag-gluteenivaba","10":"product_tag-lukopeen","11":"product_tag-naha-tervis","12":"product_tag-soome-kvaliteet","13":"product_tag-sudame-tervis","14":"product_tag-toidulisand","15":"product_tag-vegan","17":"first","18":"onbackorder","19":"taxable","20":"shipping-taxable","21":"purchasable","22":"product-type-simple"},"acf":[],"yoast_head":"<!-- This site is optimized with the Yoast SEO plugin v27.3 - https:\/\/yoast.com\/product\/yoast-seo-wordpress\/ -->\n<title>L\u00fckopeen 10 mg 60 kapslit | Puhdas+<\/title>\n<meta name=\"description\" content=\"Puhdas+ L\u00fckopeen 10 mg \u2013 tomatist p\u00e4rinev antioks\u00fcdant naha ja \u00fcldise heaolu toetamiseks. Kvaliteetne toidulisand igap\u00e4evaseks kasutamiseks. 60 kapslit.\" \/>\n<meta name=\"robots\" content=\"index, follow, max-snippet:-1, max-image-preview:large, max-video-preview:-1\" \/>\n<link rel=\"canonical\" href=\"https:\/\/puhdasplus.ee\/lv\/tooted\/imunsistema\/lukopeen-10-mg-60-kapslit\/\" \/>\n<meta property=\"og:locale\" content=\"lv_LV\" \/>\n<meta property=\"og:type\" content=\"article\" \/>\n<meta property=\"og:title\" content=\"L\u00fckopeen 10 mg 60 kapslit | Puhdas+\" \/>\n<meta property=\"og:description\" content=\"Puhdas+ L\u00fckopeen 10 mg \u2013 tomatist p\u00e4rinev antioks\u00fcdant naha ja \u00fcldise heaolu toetamiseks. Kvaliteetne toidulisand igap\u00e4evaseks kasutamiseks. 60 kapslit.\" \/>\n<meta property=\"og:url\" content=\"https:\/\/puhdasplus.ee\/lv\/tooted\/imunsistema\/lukopeen-10-mg-60-kapslit\/\" \/>\n<meta property=\"og:site_name\" content=\"Puhdas+\" \/>\n<meta property=\"article:publisher\" content=\"https:\/\/www.facebook.com\/puhdasplus\" \/>\n<meta property=\"article:modified_time\" content=\"2026-04-05T14:42:22+00:00\" \/>\n<meta property=\"og:image\" content=\"https:\/\/puhdasplus.ee\/wp-content\/uploads\/2026\/03\/tooted-ilma-taustata-3-copy-7.jpg\" \/>\n\t<meta property=\"og:image:width\" content=\"1280\" \/>\n\t<meta property=\"og:image:height\" content=\"1760\" \/>\n\t<meta property=\"og:image:type\" content=\"image\/jpeg\" \/>\n<meta name=\"twitter:card\" content=\"summary_large_image\" \/>\n<meta name=\"twitter:label1\" content=\"Est. reading time\" \/>\n\t<meta name=\"twitter:data1\" content=\"1 minute\" \/>\n<script type=\"application\/ld+json\" class=\"yoast-schema-graph\">{\"@context\":\"https:\\\/\\\/schema.org\",\"@graph\":[{\"@type\":\"WebPage\",\"@id\":\"https:\\\/\\\/puhdasplus.ee\\\/lv\\\/tooted\\\/imunsistema\\\/lukopeen-10-mg-60-kapslit\\\/\",\"url\":\"https:\\\/\\\/puhdasplus.ee\\\/lv\\\/tooted\\\/imunsistema\\\/lukopeen-10-mg-60-kapslit\\\/\",\"name\":\"L\u00fckopeen 10 mg 60 kapslit | Puhdas+\",\"isPartOf\":{\"@id\":\"https:\\\/\\\/puhdasplus.ee\\\/lv\\\/#website\"},\"primaryImageOfPage\":{\"@id\":\"https:\\\/\\\/puhdasplus.ee\\\/lv\\\/tooted\\\/imunsistema\\\/lukopeen-10-mg-60-kapslit\\\/#primaryimage\"},\"image\":{\"@id\":\"https:\\\/\\\/puhdasplus.ee\\\/lv\\\/tooted\\\/imunsistema\\\/lukopeen-10-mg-60-kapslit\\\/#primaryimage\"},\"thumbnailUrl\":\"https:\\\/\\\/puhdasplus.ee\\\/wp-content\\\/uploads\\\/2026\\\/03\\\/tooted-ilma-taustata-3-copy-7.jpg\",\"datePublished\":\"2026-03-30T18:49:22+00:00\",\"dateModified\":\"2026-04-05T14:42:22+00:00\",\"description\":\"Puhdas+ L\u00fckopeen 10 mg \u2013 tomatist p\u00e4rinev antioks\u00fcdant naha ja \u00fcldise heaolu toetamiseks. Kvaliteetne toidulisand igap\u00e4evaseks kasutamiseks. 60 kapslit.\",\"breadcrumb\":{\"@id\":\"https:\\\/\\\/puhdasplus.ee\\\/lv\\\/tooted\\\/imunsistema\\\/lukopeen-10-mg-60-kapslit\\\/#breadcrumb\"},\"inLanguage\":\"lv-LV\",\"potentialAction\":[{\"@type\":\"ReadAction\",\"target\":[\"https:\\\/\\\/puhdasplus.ee\\\/lv\\\/tooted\\\/imunsistema\\\/lukopeen-10-mg-60-kapslit\\\/\"]}]},{\"@type\":\"ImageObject\",\"inLanguage\":\"lv-LV\",\"@id\":\"https:\\\/\\\/puhdasplus.ee\\\/lv\\\/tooted\\\/imunsistema\\\/lukopeen-10-mg-60-kapslit\\\/#primaryimage\",\"url\":\"https:\\\/\\\/puhdasplus.ee\\\/wp-content\\\/uploads\\\/2026\\\/03\\\/tooted-ilma-taustata-3-copy-7.jpg\",\"contentUrl\":\"https:\\\/\\\/puhdasplus.ee\\\/wp-content\\\/uploads\\\/2026\\\/03\\\/tooted-ilma-taustata-3-copy-7.jpg\",\"width\":1280,\"height\":1760,\"caption\":\"L\u00fckopeen 10 mg 60 kapslit\"},{\"@type\":\"BreadcrumbList\",\"@id\":\"https:\\\/\\\/puhdasplus.ee\\\/lv\\\/tooted\\\/imunsistema\\\/lukopeen-10-mg-60-kapslit\\\/#breadcrumb\",\"itemListElement\":[{\"@type\":\"ListItem\",\"position\":1,\"name\":\"S\u0101kums\",\"item\":\"https:\\\/\\\/puhdasplus.ee\\\/lv\\\/\"},{\"@type\":\"ListItem\",\"position\":2,\"name\":\"Produkti\",\"item\":\"https:\\\/\\\/puhdasplus.ee\\\/lv\\\/veikals\\\/\"},{\"@type\":\"ListItem\",\"position\":3,\"name\":\"L\u00fckopeen 10 mg 60 kapslit\"}]},{\"@type\":\"WebSite\",\"@id\":\"https:\\\/\\\/puhdasplus.ee\\\/lv\\\/#website\",\"url\":\"https:\\\/\\\/puhdasplus.ee\\\/lv\\\/\",\"name\":\"Puhdas+\",\"description\":\"Vitam\u012bni, uztura bag\u0101tin\u0101t\u0101ji, dab\u012bg\u0101 kosm\u0113tika, vesel\u012bba, sports\",\"publisher\":{\"@id\":\"https:\\\/\\\/puhdasplus.ee\\\/lv\\\/#organization\"},\"potentialAction\":[{\"@type\":\"SearchAction\",\"target\":{\"@type\":\"EntryPoint\",\"urlTemplate\":\"https:\\\/\\\/puhdasplus.ee\\\/lv\\\/?s={search_term_string}\"},\"query-input\":{\"@type\":\"PropertyValueSpecification\",\"valueRequired\":true,\"valueName\":\"search_term_string\"}}],\"inLanguage\":\"lv-LV\"},{\"@type\":\"Organization\",\"@id\":\"https:\\\/\\\/puhdasplus.ee\\\/lv\\\/#organization\",\"name\":\"Puhdas+\",\"alternateName\":\"Puhdasplus\",\"url\":\"https:\\\/\\\/puhdasplus.ee\\\/lv\\\/\",\"logo\":{\"@type\":\"ImageObject\",\"inLanguage\":\"lv-LV\",\"@id\":\"https:\\\/\\\/puhdasplus.ee\\\/lv\\\/#\\\/schema\\\/logo\\\/image\\\/\",\"url\":\"https:\\\/\\\/puhdasplus.ee\\\/wp-content\\\/uploads\\\/2019\\\/10\\\/puhdas_logo-arvele.png\",\"contentUrl\":\"https:\\\/\\\/puhdasplus.ee\\\/wp-content\\\/uploads\\\/2019\\\/10\\\/puhdas_logo-arvele.png\",\"width\":114,\"height\":94,\"caption\":\"Puhdas+\"},\"image\":{\"@id\":\"https:\\\/\\\/puhdasplus.ee\\\/lv\\\/#\\\/schema\\\/logo\\\/image\\\/\"},\"sameAs\":[\"https:\\\/\\\/www.facebook.com\\\/puhdasplus\",\"https:\\\/\\\/www.instagram.com\\\/puhdasplus_ee\\\/\"]}]}<\/script>\n<!-- \/ Yoast SEO plugin. -->","yoast_head_json":{"title":"L\u00fckopeen 10 mg 60 kapslit | Puhdas+","description":"Puhdas+ L\u00fckopeen 10 mg \u2013 tomatist p\u00e4rinev antioks\u00fcdant naha ja \u00fcldise heaolu toetamiseks. Kvaliteetne toidulisand igap\u00e4evaseks kasutamiseks. 60 kapslit.","robots":{"index":"index","follow":"follow","max-snippet":"max-snippet:-1","max-image-preview":"max-image-preview:large","max-video-preview":"max-video-preview:-1"},"canonical":"https:\/\/puhdasplus.ee\/lv\/tooted\/imunsistema\/lukopeen-10-mg-60-kapslit\/","og_locale":"lv_LV","og_type":"article","og_title":"L\u00fckopeen 10 mg 60 kapslit | Puhdas+","og_description":"Puhdas+ L\u00fckopeen 10 mg \u2013 tomatist p\u00e4rinev antioks\u00fcdant naha ja \u00fcldise heaolu toetamiseks. Kvaliteetne toidulisand igap\u00e4evaseks kasutamiseks. 60 kapslit.","og_url":"https:\/\/puhdasplus.ee\/lv\/tooted\/imunsistema\/lukopeen-10-mg-60-kapslit\/","og_site_name":"Puhdas+","article_publisher":"https:\/\/www.facebook.com\/puhdasplus","article_modified_time":"2026-04-05T14:42:22+00:00","og_image":[{"width":1280,"height":1760,"url":"https:\/\/puhdasplus.ee\/wp-content\/uploads\/2026\/03\/tooted-ilma-taustata-3-copy-7.jpg","type":"image\/jpeg"}],"twitter_card":"summary_large_image","twitter_misc":{"Est. reading time":"1 minute"},"schema":{"@context":"https:\/\/schema.org","@graph":[{"@type":"WebPage","@id":"https:\/\/puhdasplus.ee\/lv\/tooted\/imunsistema\/lukopeen-10-mg-60-kapslit\/","url":"https:\/\/puhdasplus.ee\/lv\/tooted\/imunsistema\/lukopeen-10-mg-60-kapslit\/","name":"L\u00fckopeen 10 mg 60 kapslit | Puhdas+","isPartOf":{"@id":"https:\/\/puhdasplus.ee\/lv\/#website"},"primaryImageOfPage":{"@id":"https:\/\/puhdasplus.ee\/lv\/tooted\/imunsistema\/lukopeen-10-mg-60-kapslit\/#primaryimage"},"image":{"@id":"https:\/\/puhdasplus.ee\/lv\/tooted\/imunsistema\/lukopeen-10-mg-60-kapslit\/#primaryimage"},"thumbnailUrl":"https:\/\/puhdasplus.ee\/wp-content\/uploads\/2026\/03\/tooted-ilma-taustata-3-copy-7.jpg","datePublished":"2026-03-30T18:49:22+00:00","dateModified":"2026-04-05T14:42:22+00:00","description":"Puhdas+ L\u00fckopeen 10 mg \u2013 tomatist p\u00e4rinev antioks\u00fcdant naha ja \u00fcldise heaolu toetamiseks. Kvaliteetne toidulisand igap\u00e4evaseks kasutamiseks. 60 kapslit.","breadcrumb":{"@id":"https:\/\/puhdasplus.ee\/lv\/tooted\/imunsistema\/lukopeen-10-mg-60-kapslit\/#breadcrumb"},"inLanguage":"lv-LV","potentialAction":[{"@type":"ReadAction","target":["https:\/\/puhdasplus.ee\/lv\/tooted\/imunsistema\/lukopeen-10-mg-60-kapslit\/"]}]},{"@type":"ImageObject","inLanguage":"lv-LV","@id":"https:\/\/puhdasplus.ee\/lv\/tooted\/imunsistema\/lukopeen-10-mg-60-kapslit\/#primaryimage","url":"https:\/\/puhdasplus.ee\/wp-content\/uploads\/2026\/03\/tooted-ilma-taustata-3-copy-7.jpg","contentUrl":"https:\/\/puhdasplus.ee\/wp-content\/uploads\/2026\/03\/tooted-ilma-taustata-3-copy-7.jpg","width":1280,"height":1760,"caption":"L\u00fckopeen 10 mg 60 kapslit"},{"@type":"BreadcrumbList","@id":"https:\/\/puhdasplus.ee\/lv\/tooted\/imunsistema\/lukopeen-10-mg-60-kapslit\/#breadcrumb","itemListElement":[{"@type":"ListItem","position":1,"name":"S\u0101kums","item":"https:\/\/puhdasplus.ee\/lv\/"},{"@type":"ListItem","position":2,"name":"Produkti","item":"https:\/\/puhdasplus.ee\/lv\/veikals\/"},{"@type":"ListItem","position":3,"name":"L\u00fckopeen 10 mg 60 kapslit"}]},{"@type":"WebSite","@id":"https:\/\/puhdasplus.ee\/lv\/#website","url":"https:\/\/puhdasplus.ee\/lv\/","name":"Puhdas+","description":"Vitam\u012bni, uztura bag\u0101tin\u0101t\u0101ji, dab\u012bg\u0101 kosm\u0113tika, vesel\u012bba, sports","publisher":{"@id":"https:\/\/puhdasplus.ee\/lv\/#organization"},"potentialAction":[{"@type":"SearchAction","target":{"@type":"EntryPoint","urlTemplate":"https:\/\/puhdasplus.ee\/lv\/?s={search_term_string}"},"query-input":{"@type":"PropertyValueSpecification","valueRequired":true,"valueName":"search_term_string"}}],"inLanguage":"lv-LV"},{"@type":"Organization","@id":"https:\/\/puhdasplus.ee\/lv\/#organization","name":"Puhdas+","alternateName":"Puhdasplus","url":"https:\/\/puhdasplus.ee\/lv\/","logo":{"@type":"ImageObject","inLanguage":"lv-LV","@id":"https:\/\/puhdasplus.ee\/lv\/#\/schema\/logo\/image\/","url":"https:\/\/puhdasplus.ee\/wp-content\/uploads\/2019\/10\/puhdas_logo-arvele.png","contentUrl":"https:\/\/puhdasplus.ee\/wp-content\/uploads\/2019\/10\/puhdas_logo-arvele.png","width":114,"height":94,"caption":"Puhdas+"},"image":{"@id":"https:\/\/puhdasplus.ee\/lv\/#\/schema\/logo\/image\/"},"sameAs":["https:\/\/www.facebook.com\/puhdasplus","https:\/\/www.instagram.com\/puhdasplus_ee\/"]}]}},"_yoast_wpseo_title":"L\u00fckopeen 10 mg 60 kapslit | Puhdas+","_yoast_wpseo_metadesc":"Puhdas+ L\u00fckopeen 10 mg \u2013 tomatist p\u00e4rinev antioks\u00fcdant naha ja \u00fcldise heaolu toetamiseks. Kvaliteetne toidulisand igap\u00e4evaseks kasutamiseks. 60 kapslit.","_yoast_wpseo_focuskw":"l\u00fckopeen","_links":{"self":[{"href":"https:\/\/puhdasplus.ee\/lv\/wp-json\/wp\/v2\/product\/359782","targetHints":{"allow":["GET"]}}],"collection":[{"href":"https:\/\/puhdasplus.ee\/lv\/wp-json\/wp\/v2\/product"}],"about":[{"href":"https:\/\/puhdasplus.ee\/lv\/wp-json\/wp\/v2\/types\/product"}],"replies":[{"embeddable":true,"href":"https:\/\/puhdasplus.ee\/lv\/wp-json\/wp\/v2\/comments?post=359782"}],"wp:featuredmedia":[{"embeddable":true,"href":"https:\/\/puhdasplus.ee\/lv\/wp-json\/wp\/v2\/media\/360016"}],"wp:attachment":[{"href":"https:\/\/puhdasplus.ee\/lv\/wp-json\/wp\/v2\/media?parent=359782"}],"wp:term":[{"taxonomy":"product_brand","embeddable":true,"href":"https:\/\/puhdasplus.ee\/lv\/wp-json\/wp\/v2\/product_brand?post=359782"},{"taxonomy":"product_cat","embeddable":true,"href":"https:\/\/puhdasplus.ee\/lv\/wp-json\/wp\/v2\/product_cat?post=359782"},{"taxonomy":"product_tag","embeddable":true,"href":"https:\/\/puhdasplus.ee\/lv\/wp-json\/wp\/v2\/product_tag?post=359782"}],"curies":[{"name":"wp","href":"https:\/\/api.w.org\/{rel}","templated":true}]}}