{"id":359778,"date":"2026-03-30T21:49:04","date_gmt":"2026-03-30T18:49:04","guid":{"rendered":"https:\/\/puhdasplus.ee\/?post_type=product&#038;p=359778"},"modified":"2026-04-06T12:33:11","modified_gmt":"2026-04-06T09:33:11","slug":"magtein-magneesium-l-treonaat-150-kapslit","status":"publish","type":"product","link":"https:\/\/puhdasplus.ee\/lv\/tooted\/minerali\/magnijs\/magtein-magneesium-l-treonaat-150-kapslit\/","title":{"rendered":"Magtein\u00ae Magneesium L-Treonaat 150 kapslit"},"content":{"rendered":"<p><strong>Puhdas+ Magtein\u00ae<\/strong> on patenteeritud magneesiumipreparaat, mis sisaldab magneesium L-treonaati. Magneesium on organismile oluline mineraalaine, mis osaleb paljudes keha p\u00f5hifunktsioonides. See toetab lihaste ja n\u00e4rvis\u00fcsteemi normaalset talitlust ning soodustab energia-ainevahetust, aidates organismil igap\u00e4evase koormusega toime tulla. Magneesiumil on samuti roll ps\u00fchholoogiliste funktsioonide toetamisel ning see aitab v\u00e4hendada v\u00e4simust ja kurnatust. Lisaks on magneesium oluline osa luustiku tervisest.<\/p>\n<p>Toode on valmistatud Soomes.<\/p>\n<p>&nbsp;<\/p>\n<h2><strong>Kasutamisjuhend<\/strong><\/h2>\n<p>5 kapslit p\u00e4evas. Soovitatakse tarbida s\u00f6\u00f6gi ajal. Igap\u00e4evase 5 kapsli annuse v\u00f5ib vajadusel jagada mitmeks osaks. Ei soovitata raseduse ja imetamise ajal.<\/p>\n<p>&nbsp;<\/p>\n<h2><strong>Koostisosad<\/strong><\/h2>\n<p>Magtein\u00ae magneesium L-treonaat, t\u00e4iteaine (riisit\u00e4rklis), kapsel (stabilisaator: h\u00fcdroks\u00fcprop\u00fc\u00fclmet\u00fc\u00fcltselluloos).<\/p>\n<p>&nbsp;<\/p>\n<h2><strong>Toitev\u00e4\u00e4rtus<\/strong><\/h2>\n<p>5 kapslit sisaldab: Magtein\u00ae magneesium L-treonaat 2000 mg, sellest magneesiumi 144 mg (38%*).<\/p>\n<p>*% \u00f6\u00f6p\u00e4evase tarbimise v\u00f5rdlusv\u00e4\u00e4rtusest.<\/p>\n<p>&nbsp;<\/p>\n<h2><strong>Hoiatused<\/strong><\/h2>\n<p>Hoida lastele k\u00e4ttesaamatus kohas. Toidulisand ei asenda mitmekesist ja tasakaalustatud toitumist ega tervislikku eluviisi. \u00c4rge \u00fcletage soovituslikku p\u00e4evaannust.<\/p>\n<p>&nbsp;<\/p>\n<p>&nbsp;<\/p>\n","protected":false},"excerpt":{"rendered":"<p>Puhdas+ <strong>Magtein\u00ae Magneesium L-Treonaat<\/strong> 150 kapslit on patenteeritud magneesiumi vorm, \u00a0mis aitab kaasa <b>n\u00e4rvis\u00fcsteemi normaalsele talitlusele <\/b>ja<b> ps\u00fchholoogilistele funktsioonidele.<\/b>\u00a0Valmistatud Soomes.<\/p>\n","protected":false},"featured_media":360017,"comment_status":"open","ping_status":"closed","template":"","meta":{"_acf_changed":false,"googlesitekit_rrm_CAow3eq7DA:productID":""},"product_brand":[],"product_cat":[450,466],"product_tag":[8168,8159,8160,510,8428,8166,541,524],"class_list":{"0":"post-359778","1":"product","2":"type-product","3":"status-publish","4":"has-post-thumbnail","6":"product_cat-magneesium","7":"product_cat-mineraalained","8":"product_tag-aju-tervis","9":"product_tag-gluteenivaba","10":"product_tag-laktoosivaba","11":"product_tag-magneesium","12":"product_tag-narvisusteem","13":"product_tag-soome-kvaliteet","14":"product_tag-toidulisand","15":"product_tag-vegan","17":"first","18":"onbackorder","19":"taxable","20":"shipping-taxable","21":"purchasable","22":"product-type-simple"},"acf":[],"yoast_head":"<!-- This site is optimized with the Yoast SEO plugin v27.3 - https:\/\/yoast.com\/product\/yoast-seo-wordpress\/ -->\n<title>Magtein\u00ae Magneesium L-Treonaat 150 kapslit | Puhdas+<\/title>\n<meta name=\"description\" content=\"Puhdas+ Magtein\u00ae \u2013 magneesium L-treonaat kapslites (Magtein\u00ae). Kaasaegne ja kvaliteetne magneesiumivorm igap\u00e4evaseks kasutamiseks, 150 kapslit.\" \/>\n<meta name=\"robots\" content=\"index, follow, max-snippet:-1, max-image-preview:large, max-video-preview:-1\" \/>\n<link rel=\"canonical\" href=\"https:\/\/puhdasplus.ee\/lv\/tooted\/minerali\/magnijs\/magtein-magneesium-l-treonaat-150-kapslit\/\" \/>\n<meta property=\"og:locale\" content=\"lv_LV\" \/>\n<meta property=\"og:type\" content=\"article\" \/>\n<meta property=\"og:title\" content=\"Magtein\u00ae Magneesium L-Treonaat 150 kapslit | Puhdas+\" \/>\n<meta property=\"og:description\" content=\"Puhdas+ Magtein\u00ae \u2013 magneesium L-treonaat kapslites (Magtein\u00ae). Kaasaegne ja kvaliteetne magneesiumivorm igap\u00e4evaseks kasutamiseks, 150 kapslit.\" \/>\n<meta property=\"og:url\" content=\"https:\/\/puhdasplus.ee\/lv\/tooted\/minerali\/magnijs\/magtein-magneesium-l-treonaat-150-kapslit\/\" \/>\n<meta property=\"og:site_name\" content=\"Puhdas+\" \/>\n<meta property=\"article:publisher\" content=\"https:\/\/www.facebook.com\/puhdasplus\" \/>\n<meta property=\"article:modified_time\" content=\"2026-04-06T09:33:11+00:00\" \/>\n<meta property=\"og:image\" content=\"https:\/\/puhdasplus.ee\/wp-content\/uploads\/2026\/03\/tooted-ilma-taustata-3-copy-8.jpg\" \/>\n\t<meta property=\"og:image:width\" content=\"1280\" \/>\n\t<meta property=\"og:image:height\" content=\"1760\" \/>\n\t<meta property=\"og:image:type\" content=\"image\/jpeg\" \/>\n<meta name=\"twitter:card\" content=\"summary_large_image\" \/>\n<meta name=\"twitter:label1\" content=\"Est. reading time\" \/>\n\t<meta name=\"twitter:data1\" content=\"1 minute\" \/>\n<script type=\"application\/ld+json\" class=\"yoast-schema-graph\">{\"@context\":\"https:\\\/\\\/schema.org\",\"@graph\":[{\"@type\":\"WebPage\",\"@id\":\"https:\\\/\\\/puhdasplus.ee\\\/lv\\\/tooted\\\/minerali\\\/magnijs\\\/magtein-magneesium-l-treonaat-150-kapslit\\\/\",\"url\":\"https:\\\/\\\/puhdasplus.ee\\\/lv\\\/tooted\\\/minerali\\\/magnijs\\\/magtein-magneesium-l-treonaat-150-kapslit\\\/\",\"name\":\"Magtein\u00ae Magneesium L-Treonaat 150 kapslit | Puhdas+\",\"isPartOf\":{\"@id\":\"https:\\\/\\\/puhdasplus.ee\\\/lv\\\/#website\"},\"primaryImageOfPage\":{\"@id\":\"https:\\\/\\\/puhdasplus.ee\\\/lv\\\/tooted\\\/minerali\\\/magnijs\\\/magtein-magneesium-l-treonaat-150-kapslit\\\/#primaryimage\"},\"image\":{\"@id\":\"https:\\\/\\\/puhdasplus.ee\\\/lv\\\/tooted\\\/minerali\\\/magnijs\\\/magtein-magneesium-l-treonaat-150-kapslit\\\/#primaryimage\"},\"thumbnailUrl\":\"https:\\\/\\\/puhdasplus.ee\\\/wp-content\\\/uploads\\\/2026\\\/03\\\/tooted-ilma-taustata-3-copy-8.jpg\",\"datePublished\":\"2026-03-30T18:49:04+00:00\",\"dateModified\":\"2026-04-06T09:33:11+00:00\",\"description\":\"Puhdas+ Magtein\u00ae \u2013 magneesium L-treonaat kapslites (Magtein\u00ae). Kaasaegne ja kvaliteetne magneesiumivorm igap\u00e4evaseks kasutamiseks, 150 kapslit.\",\"breadcrumb\":{\"@id\":\"https:\\\/\\\/puhdasplus.ee\\\/lv\\\/tooted\\\/minerali\\\/magnijs\\\/magtein-magneesium-l-treonaat-150-kapslit\\\/#breadcrumb\"},\"inLanguage\":\"lv-LV\",\"potentialAction\":[{\"@type\":\"ReadAction\",\"target\":[\"https:\\\/\\\/puhdasplus.ee\\\/lv\\\/tooted\\\/minerali\\\/magnijs\\\/magtein-magneesium-l-treonaat-150-kapslit\\\/\"]}]},{\"@type\":\"ImageObject\",\"inLanguage\":\"lv-LV\",\"@id\":\"https:\\\/\\\/puhdasplus.ee\\\/lv\\\/tooted\\\/minerali\\\/magnijs\\\/magtein-magneesium-l-treonaat-150-kapslit\\\/#primaryimage\",\"url\":\"https:\\\/\\\/puhdasplus.ee\\\/wp-content\\\/uploads\\\/2026\\\/03\\\/tooted-ilma-taustata-3-copy-8.jpg\",\"contentUrl\":\"https:\\\/\\\/puhdasplus.ee\\\/wp-content\\\/uploads\\\/2026\\\/03\\\/tooted-ilma-taustata-3-copy-8.jpg\",\"width\":1280,\"height\":1760,\"caption\":\"Magtein\u00ae Magneesium L-Treonaat 150 kapslit\"},{\"@type\":\"BreadcrumbList\",\"@id\":\"https:\\\/\\\/puhdasplus.ee\\\/lv\\\/tooted\\\/minerali\\\/magnijs\\\/magtein-magneesium-l-treonaat-150-kapslit\\\/#breadcrumb\",\"itemListElement\":[{\"@type\":\"ListItem\",\"position\":1,\"name\":\"S\u0101kums\",\"item\":\"https:\\\/\\\/puhdasplus.ee\\\/lv\\\/\"},{\"@type\":\"ListItem\",\"position\":2,\"name\":\"Produkti\",\"item\":\"https:\\\/\\\/puhdasplus.ee\\\/lv\\\/veikals\\\/\"},{\"@type\":\"ListItem\",\"position\":3,\"name\":\"Magtein\u00ae Magneesium L-Treonaat 150 kapslit\"}]},{\"@type\":\"WebSite\",\"@id\":\"https:\\\/\\\/puhdasplus.ee\\\/lv\\\/#website\",\"url\":\"https:\\\/\\\/puhdasplus.ee\\\/lv\\\/\",\"name\":\"Puhdas+\",\"description\":\"Vitam\u012bni, uztura bag\u0101tin\u0101t\u0101ji, dab\u012bg\u0101 kosm\u0113tika, vesel\u012bba, sports\",\"publisher\":{\"@id\":\"https:\\\/\\\/puhdasplus.ee\\\/lv\\\/#organization\"},\"potentialAction\":[{\"@type\":\"SearchAction\",\"target\":{\"@type\":\"EntryPoint\",\"urlTemplate\":\"https:\\\/\\\/puhdasplus.ee\\\/lv\\\/?s={search_term_string}\"},\"query-input\":{\"@type\":\"PropertyValueSpecification\",\"valueRequired\":true,\"valueName\":\"search_term_string\"}}],\"inLanguage\":\"lv-LV\"},{\"@type\":\"Organization\",\"@id\":\"https:\\\/\\\/puhdasplus.ee\\\/lv\\\/#organization\",\"name\":\"Puhdas+\",\"alternateName\":\"Puhdasplus\",\"url\":\"https:\\\/\\\/puhdasplus.ee\\\/lv\\\/\",\"logo\":{\"@type\":\"ImageObject\",\"inLanguage\":\"lv-LV\",\"@id\":\"https:\\\/\\\/puhdasplus.ee\\\/lv\\\/#\\\/schema\\\/logo\\\/image\\\/\",\"url\":\"https:\\\/\\\/puhdasplus.ee\\\/wp-content\\\/uploads\\\/2019\\\/10\\\/puhdas_logo-arvele.png\",\"contentUrl\":\"https:\\\/\\\/puhdasplus.ee\\\/wp-content\\\/uploads\\\/2019\\\/10\\\/puhdas_logo-arvele.png\",\"width\":114,\"height\":94,\"caption\":\"Puhdas+\"},\"image\":{\"@id\":\"https:\\\/\\\/puhdasplus.ee\\\/lv\\\/#\\\/schema\\\/logo\\\/image\\\/\"},\"sameAs\":[\"https:\\\/\\\/www.facebook.com\\\/puhdasplus\",\"https:\\\/\\\/www.instagram.com\\\/puhdasplus_ee\\\/\"]}]}<\/script>\n<!-- \/ Yoast SEO plugin. -->","yoast_head_json":{"title":"Magtein\u00ae Magneesium L-Treonaat 150 kapslit | Puhdas+","description":"Puhdas+ Magtein\u00ae \u2013 magneesium L-treonaat kapslites (Magtein\u00ae). Kaasaegne ja kvaliteetne magneesiumivorm igap\u00e4evaseks kasutamiseks, 150 kapslit.","robots":{"index":"index","follow":"follow","max-snippet":"max-snippet:-1","max-image-preview":"max-image-preview:large","max-video-preview":"max-video-preview:-1"},"canonical":"https:\/\/puhdasplus.ee\/lv\/tooted\/minerali\/magnijs\/magtein-magneesium-l-treonaat-150-kapslit\/","og_locale":"lv_LV","og_type":"article","og_title":"Magtein\u00ae Magneesium L-Treonaat 150 kapslit | Puhdas+","og_description":"Puhdas+ Magtein\u00ae \u2013 magneesium L-treonaat kapslites (Magtein\u00ae). Kaasaegne ja kvaliteetne magneesiumivorm igap\u00e4evaseks kasutamiseks, 150 kapslit.","og_url":"https:\/\/puhdasplus.ee\/lv\/tooted\/minerali\/magnijs\/magtein-magneesium-l-treonaat-150-kapslit\/","og_site_name":"Puhdas+","article_publisher":"https:\/\/www.facebook.com\/puhdasplus","article_modified_time":"2026-04-06T09:33:11+00:00","og_image":[{"width":1280,"height":1760,"url":"https:\/\/puhdasplus.ee\/wp-content\/uploads\/2026\/03\/tooted-ilma-taustata-3-copy-8.jpg","type":"image\/jpeg"}],"twitter_card":"summary_large_image","twitter_misc":{"Est. reading time":"1 minute"},"schema":{"@context":"https:\/\/schema.org","@graph":[{"@type":"WebPage","@id":"https:\/\/puhdasplus.ee\/lv\/tooted\/minerali\/magnijs\/magtein-magneesium-l-treonaat-150-kapslit\/","url":"https:\/\/puhdasplus.ee\/lv\/tooted\/minerali\/magnijs\/magtein-magneesium-l-treonaat-150-kapslit\/","name":"Magtein\u00ae Magneesium L-Treonaat 150 kapslit | Puhdas+","isPartOf":{"@id":"https:\/\/puhdasplus.ee\/lv\/#website"},"primaryImageOfPage":{"@id":"https:\/\/puhdasplus.ee\/lv\/tooted\/minerali\/magnijs\/magtein-magneesium-l-treonaat-150-kapslit\/#primaryimage"},"image":{"@id":"https:\/\/puhdasplus.ee\/lv\/tooted\/minerali\/magnijs\/magtein-magneesium-l-treonaat-150-kapslit\/#primaryimage"},"thumbnailUrl":"https:\/\/puhdasplus.ee\/wp-content\/uploads\/2026\/03\/tooted-ilma-taustata-3-copy-8.jpg","datePublished":"2026-03-30T18:49:04+00:00","dateModified":"2026-04-06T09:33:11+00:00","description":"Puhdas+ Magtein\u00ae \u2013 magneesium L-treonaat kapslites (Magtein\u00ae). Kaasaegne ja kvaliteetne magneesiumivorm igap\u00e4evaseks kasutamiseks, 150 kapslit.","breadcrumb":{"@id":"https:\/\/puhdasplus.ee\/lv\/tooted\/minerali\/magnijs\/magtein-magneesium-l-treonaat-150-kapslit\/#breadcrumb"},"inLanguage":"lv-LV","potentialAction":[{"@type":"ReadAction","target":["https:\/\/puhdasplus.ee\/lv\/tooted\/minerali\/magnijs\/magtein-magneesium-l-treonaat-150-kapslit\/"]}]},{"@type":"ImageObject","inLanguage":"lv-LV","@id":"https:\/\/puhdasplus.ee\/lv\/tooted\/minerali\/magnijs\/magtein-magneesium-l-treonaat-150-kapslit\/#primaryimage","url":"https:\/\/puhdasplus.ee\/wp-content\/uploads\/2026\/03\/tooted-ilma-taustata-3-copy-8.jpg","contentUrl":"https:\/\/puhdasplus.ee\/wp-content\/uploads\/2026\/03\/tooted-ilma-taustata-3-copy-8.jpg","width":1280,"height":1760,"caption":"Magtein\u00ae Magneesium L-Treonaat 150 kapslit"},{"@type":"BreadcrumbList","@id":"https:\/\/puhdasplus.ee\/lv\/tooted\/minerali\/magnijs\/magtein-magneesium-l-treonaat-150-kapslit\/#breadcrumb","itemListElement":[{"@type":"ListItem","position":1,"name":"S\u0101kums","item":"https:\/\/puhdasplus.ee\/lv\/"},{"@type":"ListItem","position":2,"name":"Produkti","item":"https:\/\/puhdasplus.ee\/lv\/veikals\/"},{"@type":"ListItem","position":3,"name":"Magtein\u00ae Magneesium L-Treonaat 150 kapslit"}]},{"@type":"WebSite","@id":"https:\/\/puhdasplus.ee\/lv\/#website","url":"https:\/\/puhdasplus.ee\/lv\/","name":"Puhdas+","description":"Vitam\u012bni, uztura bag\u0101tin\u0101t\u0101ji, dab\u012bg\u0101 kosm\u0113tika, vesel\u012bba, sports","publisher":{"@id":"https:\/\/puhdasplus.ee\/lv\/#organization"},"potentialAction":[{"@type":"SearchAction","target":{"@type":"EntryPoint","urlTemplate":"https:\/\/puhdasplus.ee\/lv\/?s={search_term_string}"},"query-input":{"@type":"PropertyValueSpecification","valueRequired":true,"valueName":"search_term_string"}}],"inLanguage":"lv-LV"},{"@type":"Organization","@id":"https:\/\/puhdasplus.ee\/lv\/#organization","name":"Puhdas+","alternateName":"Puhdasplus","url":"https:\/\/puhdasplus.ee\/lv\/","logo":{"@type":"ImageObject","inLanguage":"lv-LV","@id":"https:\/\/puhdasplus.ee\/lv\/#\/schema\/logo\/image\/","url":"https:\/\/puhdasplus.ee\/wp-content\/uploads\/2019\/10\/puhdas_logo-arvele.png","contentUrl":"https:\/\/puhdasplus.ee\/wp-content\/uploads\/2019\/10\/puhdas_logo-arvele.png","width":114,"height":94,"caption":"Puhdas+"},"image":{"@id":"https:\/\/puhdasplus.ee\/lv\/#\/schema\/logo\/image\/"},"sameAs":["https:\/\/www.facebook.com\/puhdasplus","https:\/\/www.instagram.com\/puhdasplus_ee\/"]}]}},"_yoast_wpseo_title":"Magtein\u00ae Magneesium L-Treonaat 150 kapslit | Puhdas+","_yoast_wpseo_metadesc":"Puhdas+ Magtein\u00ae \u2013 magneesium L-treonaat kapslites (Magtein\u00ae). Kaasaegne ja kvaliteetne magneesiumivorm igap\u00e4evaseks kasutamiseks, 150 kapslit.","_yoast_wpseo_focuskw":"magneesium L-treonaat","_links":{"self":[{"href":"https:\/\/puhdasplus.ee\/lv\/wp-json\/wp\/v2\/product\/359778","targetHints":{"allow":["GET"]}}],"collection":[{"href":"https:\/\/puhdasplus.ee\/lv\/wp-json\/wp\/v2\/product"}],"about":[{"href":"https:\/\/puhdasplus.ee\/lv\/wp-json\/wp\/v2\/types\/product"}],"replies":[{"embeddable":true,"href":"https:\/\/puhdasplus.ee\/lv\/wp-json\/wp\/v2\/comments?post=359778"}],"wp:featuredmedia":[{"embeddable":true,"href":"https:\/\/puhdasplus.ee\/lv\/wp-json\/wp\/v2\/media\/360017"}],"wp:attachment":[{"href":"https:\/\/puhdasplus.ee\/lv\/wp-json\/wp\/v2\/media?parent=359778"}],"wp:term":[{"taxonomy":"product_brand","embeddable":true,"href":"https:\/\/puhdasplus.ee\/lv\/wp-json\/wp\/v2\/product_brand?post=359778"},{"taxonomy":"product_cat","embeddable":true,"href":"https:\/\/puhdasplus.ee\/lv\/wp-json\/wp\/v2\/product_cat?post=359778"},{"taxonomy":"product_tag","embeddable":true,"href":"https:\/\/puhdasplus.ee\/lv\/wp-json\/wp\/v2\/product_tag?post=359778"}],"curies":[{"name":"wp","href":"https:\/\/api.w.org\/{rel}","templated":true}]}}