{"id":354510,"date":"2025-10-05T10:06:39","date_gmt":"2025-10-05T07:06:39","guid":{"rendered":"https:\/\/puhdasplus.ee\/tooted\/uncategorized\/kofeina-kopsanas-ella-100-ml\/"},"modified":"2026-04-07T20:01:56","modified_gmt":"2026-04-07T17:01:56","slug":"kofeina-kopsanas-ella-100-ml","status":"publish","type":"product","link":"https:\/\/puhdasplus.ee\/lv\/produkti\/kosmetika\/kofeina-kopsanas-ella-100-ml\/","title":{"rendered":"Kofe\u012bna matu e\u013c\u013ca 100 ml"},"content":{"rendered":"<h2>Kofe\u012bna matu e\u013c\u013ca<\/h2>\n<p>Uzziniet vair\u0101k \u2014 ko \u0161is produkts satur un k\u0101p\u0113c t\u0101 ir laba izv\u0113le.<\/p>\n<h3>Barojo\u0161a e\u013c\u013ca matiem un galvas \u0101dai<\/h3>\n<p>Puhdas+ Kofe\u012bna matu e\u013c\u013ca apvieno <strong>dab\u012bgas barojo\u0161as e\u013c\u013cas ar kofe\u012bnu<\/strong>. Viegl\u0101 e\u013c\u013ca \u0101tri uzs\u016bcas un nenoslogo matus. Nodro\u0161ina galvas \u0101du un matus ar v\u0113rt\u012bg\u0101m bar\u012bbviel\u0101m.<\/p>\n<h3>Ko tas dara?<\/h3>\n<ul>\n<li><strong>Baro<\/strong> sausus un boj\u0101tus matus<\/li>\n<li><strong>Kofe\u012bns<\/strong> stimul\u0113 galvas \u0101du<\/li>\n<li><strong>Dab\u012bg\u0101s e\u013c\u013cas<\/strong> \u2014 mitrina un pie\u0161\u0137ir sp\u012bdumu<\/li>\n<\/ul>\n<h2>K\u0101 lietot?<\/h2>\n<p>Praktiska inform\u0101cija par lieto\u0161anu, sast\u0101vu un piem\u0113rot\u012bbu.<\/p>\n<h3>Kam piem\u0113rots?<\/h3>\n<ul>\n<li><strong>Sausiem un boj\u0101tiem<\/strong> matiem<\/li>\n<li>K\u0101 da\u013ca no kofe\u012bna matu kop\u0161anas rut\u012bnas ar <a href=\"\/toode\/kofeiini-sampoon-250-ml\/\">\u0161amp\u016bnu<\/a> un <a href=\"\/toode\/kofeiiniga-juuksepalsam-200-ml\/\">kondicionieri<\/a><\/li>\n<\/ul>\n<p>Ra\u017eots Somij\u0101.<\/p>\n<h3>Lieto\u0161ana<\/h3>\n<p>Uzkl\u0101jiet da\u017eus pilienus uz mitriem vai sausiem matiem un galvas \u0101du. Var lietot k\u0101 nenoskalojamu kop\u0161anas l\u012bdzekli. 100 ml.<\/p>\n<h2>Bie\u017e\u0101k uzdotie jaut\u0101jumi<\/h2>\n<h3>Vai tas padara matus taukuainus?<\/h3>\n<p>N\u0113 \u2014 viegla formula, kas \u0101tri uzs\u016bcas, nenoslogojot matus.<\/p>\n<h3>Vai to var lietot uz sausiem matiem?<\/h3>\n<p>J\u0101, piem\u0113rots gan mitriem, gan sausiem matiem.<\/p>\n<h3>Vai tas ir piem\u0113rots jut\u012bgai \u0101dai?<\/h3>\n<p>J\u0101 \u2014 dab\u012bgas sast\u0101vda\u013cas, maigs galvas \u0101dai.<\/p>\n<p><strong>Skat\u012bt ar\u012b:<\/strong> <a href=\"https:\/\/puhdasplus.ee\/lv\/kategorija\/ada-mati-nagi\/\">\u0100da, mati, nagi<\/a> | <a href=\"https:\/\/puhdasplus.ee\/lv\/kategorija\/kosmetika\/\">Kosm\u0113tika<\/a><\/p>\n<p><strong>Skat\u012bt ar\u012b:<\/strong> <a href=\"https:\/\/puhdasplus.ee\/toote-kategooria\/looduskosmeetika\/\">Looduskosmeetika<\/a> | <a href=\"https:\/\/puhdasplus.ee\/toote-kategooria\/nahk-juuksed-kuuned\/\">Nahk, juuksed, k\u00fc\u00fcned<\/a> | <a href=\"https:\/\/puhdasplus.ee\/toote-kategooria\/kollageen\/\">Kolag\u0113ns<\/a><\/p>\n","protected":false},"excerpt":{"rendered":"<p>Kofe\u012bna matu e\u013c\u013ca \u2014 baro galvas \u0101du un matus ar dab\u012bg\u0101m e\u013c\u013c\u0101m un kofe\u012bnu. Piem\u0113rota sausiem un boj\u0101tiem matiem. 100 ml.<\/p>\n","protected":false},"featured_media":354522,"comment_status":"open","ping_status":"closed","template":"","meta":{"_acf_changed":false,"googlesitekit_rrm_CAow3eq7DA:productID":""},"product_brand":[],"product_cat":[3296,3067,2533],"product_tag":[7870,5280,7392,2580,2974],"class_list":{"0":"post-354510","1":"product","2":"type-product","3":"status-publish","4":"has-post-thumbnail","6":"product_cat-ada-mati-nagi","7":"product_cat-ipasie-piedavajumi","8":"product_cat-kosmetika","9":"product_tag-dabiga-kosmetika","10":"product_tag-kermena-ella","11":"product_tag-kofeins","12":"product_tag-matu-kopsana","13":"product_tag-vegans","15":"first","16":"instock","17":"sale","18":"taxable","19":"shipping-taxable","20":"purchasable","21":"product-type-simple"},"acf":[],"yoast_head":"<!-- This site is optimized with the Yoast SEO plugin v27.3 - https:\/\/yoast.com\/product\/yoast-seo-wordpress\/ -->\n<title>Kofe\u012bna matu e\u013c\u013ca 100 ml | Puhdas+<\/title>\n<meta name=\"description\" content=\"Puhdas+ kofe\u012bna matu kop\u0161anas e\u013c\u013ca uzmundrina galvas \u0101du un stiprina matus. Dab\u012bga matu kop\u0161anas proced\u016bra ar kofe\u012bnu un augu e\u013c\u013c\u0101m, kas pie\u0161\u0137ir matiem sp\u0113ku un sp\u012bdumu.\" \/>\n<meta name=\"robots\" content=\"index, follow, max-snippet:-1, max-image-preview:large, max-video-preview:-1\" \/>\n<link rel=\"canonical\" href=\"https:\/\/puhdasplus.ee\/lv\/produkti\/kosmetika\/kofeina-kopsanas-ella-100-ml\/\" \/>\n<meta property=\"og:locale\" content=\"lv_LV\" \/>\n<meta property=\"og:type\" content=\"article\" \/>\n<meta property=\"og:title\" content=\"Kofe\u012bna matu e\u013c\u013ca 100 ml | Puhdas+\" \/>\n<meta property=\"og:description\" content=\"Puhdas+ kofe\u012bna matu kop\u0161anas e\u013c\u013ca uzmundrina galvas \u0101du un stiprina matus. Dab\u012bga matu kop\u0161anas proced\u016bra ar kofe\u012bnu un augu e\u013c\u013c\u0101m, kas pie\u0161\u0137ir matiem sp\u0113ku un sp\u012bdumu.\" \/>\n<meta property=\"og:url\" content=\"https:\/\/puhdasplus.ee\/lv\/produkti\/kosmetika\/kofeina-kopsanas-ella-100-ml\/\" \/>\n<meta property=\"og:site_name\" content=\"Puhdas+\" \/>\n<meta property=\"article:publisher\" content=\"https:\/\/www.facebook.com\/puhdasplus\" \/>\n<meta property=\"article:modified_time\" content=\"2026-04-07T17:01:56+00:00\" \/>\n<meta property=\"og:image\" content=\"https:\/\/puhdasplus.ee\/wp-content\/uploads\/2025\/10\/tooted-ilma-taustata-copy-3-scaled.jpg\" \/>\n\t<meta property=\"og:image:width\" content=\"1862\" \/>\n\t<meta property=\"og:image:height\" content=\"2560\" \/>\n\t<meta property=\"og:image:type\" content=\"image\/jpeg\" \/>\n<meta name=\"twitter:card\" content=\"summary_large_image\" \/>\n<meta name=\"twitter:label1\" content=\"Est. reading time\" \/>\n\t<meta name=\"twitter:data1\" content=\"1 minute\" \/>\n<script type=\"application\/ld+json\" class=\"yoast-schema-graph\">{\"@context\":\"https:\\\/\\\/schema.org\",\"@graph\":[{\"@type\":\"WebPage\",\"@id\":\"https:\\\/\\\/puhdasplus.ee\\\/lv\\\/produkti\\\/kosmetika\\\/kofeina-kopsanas-ella-100-ml\\\/\",\"url\":\"https:\\\/\\\/puhdasplus.ee\\\/lv\\\/produkti\\\/kosmetika\\\/kofeina-kopsanas-ella-100-ml\\\/\",\"name\":\"Kofe\u012bna matu e\u013c\u013ca 100 ml | Puhdas+\",\"isPartOf\":{\"@id\":\"https:\\\/\\\/puhdasplus.ee\\\/lv\\\/#website\"},\"primaryImageOfPage\":{\"@id\":\"https:\\\/\\\/puhdasplus.ee\\\/lv\\\/produkti\\\/kosmetika\\\/kofeina-kopsanas-ella-100-ml\\\/#primaryimage\"},\"image\":{\"@id\":\"https:\\\/\\\/puhdasplus.ee\\\/lv\\\/produkti\\\/kosmetika\\\/kofeina-kopsanas-ella-100-ml\\\/#primaryimage\"},\"thumbnailUrl\":\"https:\\\/\\\/puhdasplus.ee\\\/wp-content\\\/uploads\\\/2025\\\/10\\\/tooted-ilma-taustata-copy-3-scaled.jpg\",\"datePublished\":\"2025-10-05T07:06:39+00:00\",\"dateModified\":\"2026-04-07T17:01:56+00:00\",\"description\":\"Puhdas+ kofe\u012bna matu kop\u0161anas e\u013c\u013ca uzmundrina galvas \u0101du un stiprina matus. Dab\u012bga matu kop\u0161anas proced\u016bra ar kofe\u012bnu un augu e\u013c\u013c\u0101m, kas pie\u0161\u0137ir matiem sp\u0113ku un sp\u012bdumu.\",\"breadcrumb\":{\"@id\":\"https:\\\/\\\/puhdasplus.ee\\\/lv\\\/produkti\\\/kosmetika\\\/kofeina-kopsanas-ella-100-ml\\\/#breadcrumb\"},\"inLanguage\":\"lv-LV\",\"potentialAction\":[{\"@type\":\"ReadAction\",\"target\":[\"https:\\\/\\\/puhdasplus.ee\\\/lv\\\/produkti\\\/kosmetika\\\/kofeina-kopsanas-ella-100-ml\\\/\"]}]},{\"@type\":\"ImageObject\",\"inLanguage\":\"lv-LV\",\"@id\":\"https:\\\/\\\/puhdasplus.ee\\\/lv\\\/produkti\\\/kosmetika\\\/kofeina-kopsanas-ella-100-ml\\\/#primaryimage\",\"url\":\"https:\\\/\\\/puhdasplus.ee\\\/wp-content\\\/uploads\\\/2025\\\/10\\\/tooted-ilma-taustata-copy-3-scaled.jpg\",\"contentUrl\":\"https:\\\/\\\/puhdasplus.ee\\\/wp-content\\\/uploads\\\/2025\\\/10\\\/tooted-ilma-taustata-copy-3-scaled.jpg\",\"width\":1862,\"height\":2560,\"caption\":\"Kofe\u012bna kop\u0161anas e\u013c\u013ca 100 ml\"},{\"@type\":\"BreadcrumbList\",\"@id\":\"https:\\\/\\\/puhdasplus.ee\\\/lv\\\/produkti\\\/kosmetika\\\/kofeina-kopsanas-ella-100-ml\\\/#breadcrumb\",\"itemListElement\":[{\"@type\":\"ListItem\",\"position\":1,\"name\":\"S\u0101kums\",\"item\":\"https:\\\/\\\/puhdasplus.ee\\\/lv\\\/\"},{\"@type\":\"ListItem\",\"position\":2,\"name\":\"Produkti\",\"item\":\"https:\\\/\\\/puhdasplus.ee\\\/lv\\\/veikals\\\/\"},{\"@type\":\"ListItem\",\"position\":3,\"name\":\"Kofe\u012bna matu e\u013c\u013ca 100 ml\"}]},{\"@type\":\"WebSite\",\"@id\":\"https:\\\/\\\/puhdasplus.ee\\\/lv\\\/#website\",\"url\":\"https:\\\/\\\/puhdasplus.ee\\\/lv\\\/\",\"name\":\"Puhdas+\",\"description\":\"Vitam\u012bni, uztura bag\u0101tin\u0101t\u0101ji, dab\u012bg\u0101 kosm\u0113tika, vesel\u012bba, sports\",\"publisher\":{\"@id\":\"https:\\\/\\\/puhdasplus.ee\\\/lv\\\/#organization\"},\"potentialAction\":[{\"@type\":\"SearchAction\",\"target\":{\"@type\":\"EntryPoint\",\"urlTemplate\":\"https:\\\/\\\/puhdasplus.ee\\\/lv\\\/?s={search_term_string}\"},\"query-input\":{\"@type\":\"PropertyValueSpecification\",\"valueRequired\":true,\"valueName\":\"search_term_string\"}}],\"inLanguage\":\"lv-LV\"},{\"@type\":\"Organization\",\"@id\":\"https:\\\/\\\/puhdasplus.ee\\\/lv\\\/#organization\",\"name\":\"Puhdas+\",\"alternateName\":\"Puhdasplus\",\"url\":\"https:\\\/\\\/puhdasplus.ee\\\/lv\\\/\",\"logo\":{\"@type\":\"ImageObject\",\"inLanguage\":\"lv-LV\",\"@id\":\"https:\\\/\\\/puhdasplus.ee\\\/lv\\\/#\\\/schema\\\/logo\\\/image\\\/\",\"url\":\"https:\\\/\\\/puhdasplus.ee\\\/wp-content\\\/uploads\\\/2019\\\/10\\\/puhdas_logo-arvele.png\",\"contentUrl\":\"https:\\\/\\\/puhdasplus.ee\\\/wp-content\\\/uploads\\\/2019\\\/10\\\/puhdas_logo-arvele.png\",\"width\":114,\"height\":94,\"caption\":\"Puhdas+\"},\"image\":{\"@id\":\"https:\\\/\\\/puhdasplus.ee\\\/lv\\\/#\\\/schema\\\/logo\\\/image\\\/\"},\"sameAs\":[\"https:\\\/\\\/www.facebook.com\\\/puhdasplus\",\"https:\\\/\\\/www.instagram.com\\\/puhdasplus_ee\\\/\"]}]}<\/script>\n<!-- \/ Yoast SEO plugin. -->","yoast_head_json":{"title":"Kofe\u012bna matu e\u013c\u013ca 100 ml | Puhdas+","description":"Puhdas+ kofe\u012bna matu kop\u0161anas e\u013c\u013ca uzmundrina galvas \u0101du un stiprina matus. Dab\u012bga matu kop\u0161anas proced\u016bra ar kofe\u012bnu un augu e\u013c\u013c\u0101m, kas pie\u0161\u0137ir matiem sp\u0113ku un sp\u012bdumu.","robots":{"index":"index","follow":"follow","max-snippet":"max-snippet:-1","max-image-preview":"max-image-preview:large","max-video-preview":"max-video-preview:-1"},"canonical":"https:\/\/puhdasplus.ee\/lv\/produkti\/kosmetika\/kofeina-kopsanas-ella-100-ml\/","og_locale":"lv_LV","og_type":"article","og_title":"Kofe\u012bna matu e\u013c\u013ca 100 ml | Puhdas+","og_description":"Puhdas+ kofe\u012bna matu kop\u0161anas e\u013c\u013ca uzmundrina galvas \u0101du un stiprina matus. Dab\u012bga matu kop\u0161anas proced\u016bra ar kofe\u012bnu un augu e\u013c\u013c\u0101m, kas pie\u0161\u0137ir matiem sp\u0113ku un sp\u012bdumu.","og_url":"https:\/\/puhdasplus.ee\/lv\/produkti\/kosmetika\/kofeina-kopsanas-ella-100-ml\/","og_site_name":"Puhdas+","article_publisher":"https:\/\/www.facebook.com\/puhdasplus","article_modified_time":"2026-04-07T17:01:56+00:00","og_image":[{"width":1862,"height":2560,"url":"https:\/\/puhdasplus.ee\/wp-content\/uploads\/2025\/10\/tooted-ilma-taustata-copy-3-scaled.jpg","type":"image\/jpeg"}],"twitter_card":"summary_large_image","twitter_misc":{"Est. reading time":"1 minute"},"schema":{"@context":"https:\/\/schema.org","@graph":[{"@type":"WebPage","@id":"https:\/\/puhdasplus.ee\/lv\/produkti\/kosmetika\/kofeina-kopsanas-ella-100-ml\/","url":"https:\/\/puhdasplus.ee\/lv\/produkti\/kosmetika\/kofeina-kopsanas-ella-100-ml\/","name":"Kofe\u012bna matu e\u013c\u013ca 100 ml | Puhdas+","isPartOf":{"@id":"https:\/\/puhdasplus.ee\/lv\/#website"},"primaryImageOfPage":{"@id":"https:\/\/puhdasplus.ee\/lv\/produkti\/kosmetika\/kofeina-kopsanas-ella-100-ml\/#primaryimage"},"image":{"@id":"https:\/\/puhdasplus.ee\/lv\/produkti\/kosmetika\/kofeina-kopsanas-ella-100-ml\/#primaryimage"},"thumbnailUrl":"https:\/\/puhdasplus.ee\/wp-content\/uploads\/2025\/10\/tooted-ilma-taustata-copy-3-scaled.jpg","datePublished":"2025-10-05T07:06:39+00:00","dateModified":"2026-04-07T17:01:56+00:00","description":"Puhdas+ kofe\u012bna matu kop\u0161anas e\u013c\u013ca uzmundrina galvas \u0101du un stiprina matus. Dab\u012bga matu kop\u0161anas proced\u016bra ar kofe\u012bnu un augu e\u013c\u013c\u0101m, kas pie\u0161\u0137ir matiem sp\u0113ku un sp\u012bdumu.","breadcrumb":{"@id":"https:\/\/puhdasplus.ee\/lv\/produkti\/kosmetika\/kofeina-kopsanas-ella-100-ml\/#breadcrumb"},"inLanguage":"lv-LV","potentialAction":[{"@type":"ReadAction","target":["https:\/\/puhdasplus.ee\/lv\/produkti\/kosmetika\/kofeina-kopsanas-ella-100-ml\/"]}]},{"@type":"ImageObject","inLanguage":"lv-LV","@id":"https:\/\/puhdasplus.ee\/lv\/produkti\/kosmetika\/kofeina-kopsanas-ella-100-ml\/#primaryimage","url":"https:\/\/puhdasplus.ee\/wp-content\/uploads\/2025\/10\/tooted-ilma-taustata-copy-3-scaled.jpg","contentUrl":"https:\/\/puhdasplus.ee\/wp-content\/uploads\/2025\/10\/tooted-ilma-taustata-copy-3-scaled.jpg","width":1862,"height":2560,"caption":"Kofe\u012bna kop\u0161anas e\u013c\u013ca 100 ml"},{"@type":"BreadcrumbList","@id":"https:\/\/puhdasplus.ee\/lv\/produkti\/kosmetika\/kofeina-kopsanas-ella-100-ml\/#breadcrumb","itemListElement":[{"@type":"ListItem","position":1,"name":"S\u0101kums","item":"https:\/\/puhdasplus.ee\/lv\/"},{"@type":"ListItem","position":2,"name":"Produkti","item":"https:\/\/puhdasplus.ee\/lv\/veikals\/"},{"@type":"ListItem","position":3,"name":"Kofe\u012bna matu e\u013c\u013ca 100 ml"}]},{"@type":"WebSite","@id":"https:\/\/puhdasplus.ee\/lv\/#website","url":"https:\/\/puhdasplus.ee\/lv\/","name":"Puhdas+","description":"Vitam\u012bni, uztura bag\u0101tin\u0101t\u0101ji, dab\u012bg\u0101 kosm\u0113tika, vesel\u012bba, sports","publisher":{"@id":"https:\/\/puhdasplus.ee\/lv\/#organization"},"potentialAction":[{"@type":"SearchAction","target":{"@type":"EntryPoint","urlTemplate":"https:\/\/puhdasplus.ee\/lv\/?s={search_term_string}"},"query-input":{"@type":"PropertyValueSpecification","valueRequired":true,"valueName":"search_term_string"}}],"inLanguage":"lv-LV"},{"@type":"Organization","@id":"https:\/\/puhdasplus.ee\/lv\/#organization","name":"Puhdas+","alternateName":"Puhdasplus","url":"https:\/\/puhdasplus.ee\/lv\/","logo":{"@type":"ImageObject","inLanguage":"lv-LV","@id":"https:\/\/puhdasplus.ee\/lv\/#\/schema\/logo\/image\/","url":"https:\/\/puhdasplus.ee\/wp-content\/uploads\/2019\/10\/puhdas_logo-arvele.png","contentUrl":"https:\/\/puhdasplus.ee\/wp-content\/uploads\/2019\/10\/puhdas_logo-arvele.png","width":114,"height":94,"caption":"Puhdas+"},"image":{"@id":"https:\/\/puhdasplus.ee\/lv\/#\/schema\/logo\/image\/"},"sameAs":["https:\/\/www.facebook.com\/puhdasplus","https:\/\/www.instagram.com\/puhdasplus_ee\/"]}]}},"_yoast_wpseo_title":"Kofe\u012bna matu e\u013c\u013ca 100 ml | Puhdas+","_yoast_wpseo_metadesc":"Puhdas+ kofe\u012bna matu kop\u0161anas e\u013c\u013ca uzmundrina galvas \u0101du un stiprina matus. Dab\u012bga matu kop\u0161anas proced\u016bra ar kofe\u012bnu un augu e\u013c\u013c\u0101m, kas pie\u0161\u0137ir matiem sp\u0113ku un sp\u012bdumu.","_yoast_wpseo_focuskw":"Kofe\u012bna kop\u0161anas e\u013c\u013ca","_links":{"self":[{"href":"https:\/\/puhdasplus.ee\/lv\/wp-json\/wp\/v2\/product\/354510","targetHints":{"allow":["GET"]}}],"collection":[{"href":"https:\/\/puhdasplus.ee\/lv\/wp-json\/wp\/v2\/product"}],"about":[{"href":"https:\/\/puhdasplus.ee\/lv\/wp-json\/wp\/v2\/types\/product"}],"replies":[{"embeddable":true,"href":"https:\/\/puhdasplus.ee\/lv\/wp-json\/wp\/v2\/comments?post=354510"}],"wp:featuredmedia":[{"embeddable":true,"href":"https:\/\/puhdasplus.ee\/lv\/wp-json\/wp\/v2\/media\/354522"}],"wp:attachment":[{"href":"https:\/\/puhdasplus.ee\/lv\/wp-json\/wp\/v2\/media?parent=354510"}],"wp:term":[{"taxonomy":"product_brand","embeddable":true,"href":"https:\/\/puhdasplus.ee\/lv\/wp-json\/wp\/v2\/product_brand?post=354510"},{"taxonomy":"product_cat","embeddable":true,"href":"https:\/\/puhdasplus.ee\/lv\/wp-json\/wp\/v2\/product_cat?post=354510"},{"taxonomy":"product_tag","embeddable":true,"href":"https:\/\/puhdasplus.ee\/lv\/wp-json\/wp\/v2\/product_tag?post=354510"}],"curies":[{"name":"wp","href":"https:\/\/api.w.org\/{rel}","templated":true}]}}