{"id":354497,"date":"2025-10-05T09:55:56","date_gmt":"2025-10-05T06:55:56","guid":{"rendered":"https:\/\/puhdasplus.ee\/tooted\/uncategorized\/sals-aerosols-matiem-250-ml\/"},"modified":"2026-04-07T16:10:24","modified_gmt":"2026-04-07T13:10:24","slug":"sals-aerosols-matiem-250-ml","status":"publish","type":"product","link":"https:\/\/puhdasplus.ee\/lv\/produkti\/kosmetika\/sals-aerosols-matiem-250-ml\/","title":{"rendered":"S\u0101ls sprejs matiem 250 ml"},"content":{"rendered":"<h2>Dabiska tekst\u016bra un apjoms katru dienu<\/h2>\n<p><strong>Puhdas+ S\u0101ls sprejs<\/strong> pie\u0161\u0137ir matiem vieglu notur\u012bbu, apjomu un dabisku tekst\u016bru \u2013 it k\u0101 b\u016btu pavad\u012bjis dienu j\u016bras v\u0113j\u0101. S\u0101ls sprejs pal\u012bdz sasniegt popul\u0101ro \u201cpludmales efektu\" un pie\u0161\u0137ir matiem dz\u012bv\u012bbu un kust\u012bbu, nepadarot tos smagus.<\/p>\n<p>Piem\u0113rots ikdienas lieto\u0161anai visiem matu tipiem, gan sieviet\u0113m, gan v\u012brie\u0161iem. Ra\u017eots Somij\u0101, iev\u0113rojot Puhdas+ t\u012br\u012bbas un vienk\u0101r\u0161\u012bbas principus.<\/p>\n<h2>Iedarb\u012bba un priek\u0161roc\u012bbas<\/h2>\n<ul>\n<li>\n<p>Pie\u0161\u0137ir <strong>apjomu un p\u016bkain\u012bbu<\/strong> matiem<\/p>\n<\/li>\n<li>\n<p>Dod <strong>dabisku, viegli matu tekst\u016bru<\/strong><\/p>\n<\/li>\n<li>\n<p>Pal\u012bdz rad\u012bt \u201c<strong>beach look<\/strong>\" jeb pludmales friz\u016bras efektu<\/p>\n<\/li>\n<li>\n<p>Piem\u0113rots lieto\u0161anai <strong>gan sausos, gan viegli mitros matos<\/strong><\/p>\n<\/li>\n<li>\n<p>Nepadara matus lip\u012bgus vai smagus<\/p>\n<\/li>\n<li>\n<p><strong>Pantenols<\/strong> un <strong>alvejas ekstrakts<\/strong> mitrina un kopj galvas \u0101du<\/p>\n<\/li>\n<\/ul>\n<h2>K\u0101 lietot<\/h2>\n<ol>\n<li>\n<p>Sakrat\u012bt pudeli pirms lieto\u0161anas.<\/p>\n<\/li>\n<li>\n<p>Vienm\u0113r\u012bgi uzspraust spreju uz matiem (mitriem vai sausiem).<\/p>\n<\/li>\n<li>\n<p>Veidot ar pirkstiem vai f\u0113nu, lai ieg\u016btu v\u0113lamo tekst\u016bru un apjom\u012bgu friz\u016bru.<\/p>\n<\/li>\n<li>\n<p>Nepiecie\u0161am\u012bbas gad\u012bjum\u0101 pievienot v\u0113l nedaudz produkta matu galiem vai sakn\u0113m papildu apjoma rad\u012b\u0161anai.<\/p>\n<\/li>\n<\/ol>\n<h2>Sast\u0101vs<\/h2>\n<p>Aqua, Alcohol Denat., VP\/VA Copolymer, Sodium Chloride, Magneesium Sulfate, Propanediol, Glycerin, PEG-40 Hydrogenated Castor Oil, Sodium Benzoate, Panthenol, Mentha Arvensis Leaf Oil, Potassium Sorbate, Citric Acid, Aloe Barbadensis Leaf Extract, Menthol.<\/p>\n<p><strong>Veg\u0101nisks \u2022 Bezglut\u0113na \u2022 Nesatur pievienotas smar\u017evielas un kr\u0101svielas<\/strong><\/p>\n<p>Ra\u017eots Somij\u0101. Puhdas+ produkti ir paz\u012bstami ar saviem <strong>t\u012brajiem un efekt\u012bvajiem sast\u0101viem<\/strong> \u2013 tie nesatur nevajadz\u012bgas piedevas, ir piem\u0113roti jut\u012bgai galvas \u0101dai un atbalsta matu dabisku strukt\u016bru.<\/p>\n<p><strong>Skat\u012bt ar\u012b:<\/strong> <a href=\"https:\/\/puhdasplus.ee\/toote-kategooria\/looduskosmeetika\/\">Dabas kosm\u0113tika<\/a> | <a href=\"https:\/\/puhdasplus.ee\/toote-kategooria\/nahk-juuksed-kuuned\/\">\u0100da, mati, nagi<\/a> | <a href=\"https:\/\/puhdasplus.ee\/toote-kategooria\/kollageen\/\">Kolag\u0113ns<\/a><\/p>\n","protected":false},"excerpt":{"rendered":"<p>Puhdas+ S\u0101ls sprejs ir dabisks matu sprejs, kas pie\u0161\u0137ir matiem apjom\u012bgu un tekstur\u0113tu nobeigumu, it k\u0101 b\u016btu pavad\u012bjis dienu j\u016bras v\u0113j\u0101. Tas pal\u012bdz rad\u012bt popul\u0101ro \u201cpludmales efektu\" jeb beach look, vienlaikus pie\u0161\u0137irot matiem apjomu, kust\u012bbu un vieglu notur\u012bbu. Sprejs nepadara matus lip\u012bgus vai smagus un lieliski piem\u0113rots ikdienas lieto\u0161anai visiem matu tipiem.<\/p>\n<p>Sprejs satur dabiskos miner\u0101lus un kopjo\u0161as sast\u0101vda\u013cas, piem\u0113ram, pantenolu un alvejas ekstraktu, kas pal\u012bdz mitrin\u0101t matus un galvas \u0101du, saglab\u0101jot to dabisko elast\u012bbu. Bezalkohola un <strong>veg\u0101niskais<\/strong> sast\u0101vs nodro\u0161ina, ka produkts ne\u017e\u0101v\u0113 matus un labi piem\u0113rots ar\u012b jut\u012bgai galvas \u0101dai.<\/p>\n<p>Puhdas+ S\u0101ls sprejs ide\u0101li piem\u0113rots gan \u012bsu, gan garu matu stiliz\u0113\u0161anai. To var lietot gan uz sausiem, gan viegli mitriem matiem \u2014 vienk\u0101r\u0161i uzspraust uz matiem, veidot ar pirkstiem un \u013caut no\u017e\u016bt dabiski vai ar f\u0113nu. Rezult\u0101ts ir apjom\u012bga, viegla un ar matu tekst\u016bru friz\u016bra, kas labi notur visu dienu.<\/p>\n","protected":false},"featured_media":354498,"comment_status":"open","ping_status":"closed","template":"","meta":{"_acf_changed":false,"googlesitekit_rrm_CAow3eq7DA:productID":""},"product_brand":[],"product_cat":[3296,2533],"product_tag":[7433,8345,7870,8377,2580,8373,2974],"class_list":{"0":"post-354497","1":"product","2":"type-product","3":"status-publish","4":"has-post-thumbnail","6":"product_cat-ada-mati-nagi","7":"product_cat-kosmetika","8":"product_tag-alveja","9":"product_tag-bez-glutna-lv","10":"product_tag-dabiga-kosmetika","11":"product_tag-dabgs-lv","12":"product_tag-matu-kopsana","13":"product_tag-somijas-kvalitte-lv","14":"product_tag-vegans","16":"first","17":"instock","18":"taxable","19":"shipping-taxable","20":"purchasable","21":"product-type-simple"},"acf":[],"yoast_head":"<!-- This site is optimized with the Yoast SEO plugin v27.3 - https:\/\/yoast.com\/product\/yoast-seo-wordpress\/ -->\n<title>S\u0101ls sprejs matiem 250 ml | Puhdas+<\/title>\n<meta name=\"description\" content=\"Dabisks s\u0101ls sprejs matiem \u2014 pie\u0161\u0137ir matiem pludmales tekst\u016bru un apjomu. J\u016bras s\u0101ls b\u0101z\u0113. Piem\u0113rots visiem matu tipiem. 250 ml.\" \/>\n<meta name=\"robots\" content=\"index, follow, max-snippet:-1, max-image-preview:large, max-video-preview:-1\" \/>\n<link rel=\"canonical\" href=\"https:\/\/puhdasplus.ee\/lv\/produkti\/kosmetika\/sals-aerosols-matiem-250-ml\/\" \/>\n<meta property=\"og:locale\" content=\"lv_LV\" \/>\n<meta property=\"og:type\" content=\"article\" \/>\n<meta property=\"og:title\" content=\"S\u0101ls sprejs matiem 250 ml | Puhdas+\" \/>\n<meta property=\"og:description\" content=\"Dabisks s\u0101ls sprejs matiem \u2014 pie\u0161\u0137ir matiem pludmales tekst\u016bru un apjomu. J\u016bras s\u0101ls b\u0101z\u0113. Piem\u0113rots visiem matu tipiem. 250 ml.\" \/>\n<meta property=\"og:url\" content=\"https:\/\/puhdasplus.ee\/lv\/produkti\/kosmetika\/sals-aerosols-matiem-250-ml\/\" \/>\n<meta property=\"og:site_name\" content=\"Puhdas+\" \/>\n<meta property=\"article:publisher\" content=\"https:\/\/www.facebook.com\/puhdasplus\" \/>\n<meta property=\"article:modified_time\" content=\"2026-04-07T13:10:24+00:00\" \/>\n<meta property=\"og:image\" content=\"https:\/\/puhdasplus.ee\/wp-content\/uploads\/2025\/10\/tooted-ilma-taustata-copy-2-scaled.jpg\" \/>\n\t<meta property=\"og:image:width\" content=\"1862\" \/>\n\t<meta property=\"og:image:height\" content=\"2560\" \/>\n\t<meta property=\"og:image:type\" content=\"image\/jpeg\" \/>\n<meta name=\"twitter:card\" content=\"summary_large_image\" \/>\n<meta name=\"twitter:label1\" content=\"Est. reading time\" \/>\n\t<meta name=\"twitter:data1\" content=\"1 minute\" \/>\n<script type=\"application\/ld+json\" class=\"yoast-schema-graph\">{\"@context\":\"https:\\\/\\\/schema.org\",\"@graph\":[{\"@type\":\"WebPage\",\"@id\":\"https:\\\/\\\/puhdasplus.ee\\\/lv\\\/produkti\\\/kosmetika\\\/sals-aerosols-matiem-250-ml\\\/\",\"url\":\"https:\\\/\\\/puhdasplus.ee\\\/lv\\\/produkti\\\/kosmetika\\\/sals-aerosols-matiem-250-ml\\\/\",\"name\":\"S\u0101ls sprejs matiem 250 ml | Puhdas+\",\"isPartOf\":{\"@id\":\"https:\\\/\\\/puhdasplus.ee\\\/lv\\\/#website\"},\"primaryImageOfPage\":{\"@id\":\"https:\\\/\\\/puhdasplus.ee\\\/lv\\\/produkti\\\/kosmetika\\\/sals-aerosols-matiem-250-ml\\\/#primaryimage\"},\"image\":{\"@id\":\"https:\\\/\\\/puhdasplus.ee\\\/lv\\\/produkti\\\/kosmetika\\\/sals-aerosols-matiem-250-ml\\\/#primaryimage\"},\"thumbnailUrl\":\"https:\\\/\\\/puhdasplus.ee\\\/wp-content\\\/uploads\\\/2025\\\/10\\\/tooted-ilma-taustata-copy-2-scaled.jpg\",\"datePublished\":\"2025-10-05T06:55:56+00:00\",\"dateModified\":\"2026-04-07T13:10:24+00:00\",\"description\":\"Dabisks s\u0101ls sprejs matiem \u2014 pie\u0161\u0137ir matiem pludmales tekst\u016bru un apjomu. J\u016bras s\u0101ls b\u0101z\u0113. Piem\u0113rots visiem matu tipiem. 250 ml.\",\"breadcrumb\":{\"@id\":\"https:\\\/\\\/puhdasplus.ee\\\/lv\\\/produkti\\\/kosmetika\\\/sals-aerosols-matiem-250-ml\\\/#breadcrumb\"},\"inLanguage\":\"lv-LV\",\"potentialAction\":[{\"@type\":\"ReadAction\",\"target\":[\"https:\\\/\\\/puhdasplus.ee\\\/lv\\\/produkti\\\/kosmetika\\\/sals-aerosols-matiem-250-ml\\\/\"]}]},{\"@type\":\"ImageObject\",\"inLanguage\":\"lv-LV\",\"@id\":\"https:\\\/\\\/puhdasplus.ee\\\/lv\\\/produkti\\\/kosmetika\\\/sals-aerosols-matiem-250-ml\\\/#primaryimage\",\"url\":\"https:\\\/\\\/puhdasplus.ee\\\/wp-content\\\/uploads\\\/2025\\\/10\\\/tooted-ilma-taustata-copy-2-scaled.jpg\",\"contentUrl\":\"https:\\\/\\\/puhdasplus.ee\\\/wp-content\\\/uploads\\\/2025\\\/10\\\/tooted-ilma-taustata-copy-2-scaled.jpg\",\"width\":1862,\"height\":2560,\"caption\":\"s\u0101ls aerosols matiem\"},{\"@type\":\"BreadcrumbList\",\"@id\":\"https:\\\/\\\/puhdasplus.ee\\\/lv\\\/produkti\\\/kosmetika\\\/sals-aerosols-matiem-250-ml\\\/#breadcrumb\",\"itemListElement\":[{\"@type\":\"ListItem\",\"position\":1,\"name\":\"S\u0101kums\",\"item\":\"https:\\\/\\\/puhdasplus.ee\\\/lv\\\/\"},{\"@type\":\"ListItem\",\"position\":2,\"name\":\"Produkti\",\"item\":\"https:\\\/\\\/puhdasplus.ee\\\/lv\\\/veikals\\\/\"},{\"@type\":\"ListItem\",\"position\":3,\"name\":\"S\u0101ls sprejs matiem 250 ml\"}]},{\"@type\":\"WebSite\",\"@id\":\"https:\\\/\\\/puhdasplus.ee\\\/lv\\\/#website\",\"url\":\"https:\\\/\\\/puhdasplus.ee\\\/lv\\\/\",\"name\":\"Puhdas+\",\"description\":\"Vitam\u012bni, uztura bag\u0101tin\u0101t\u0101ji, dab\u012bg\u0101 kosm\u0113tika, vesel\u012bba, sports\",\"publisher\":{\"@id\":\"https:\\\/\\\/puhdasplus.ee\\\/lv\\\/#organization\"},\"potentialAction\":[{\"@type\":\"SearchAction\",\"target\":{\"@type\":\"EntryPoint\",\"urlTemplate\":\"https:\\\/\\\/puhdasplus.ee\\\/lv\\\/?s={search_term_string}\"},\"query-input\":{\"@type\":\"PropertyValueSpecification\",\"valueRequired\":true,\"valueName\":\"search_term_string\"}}],\"inLanguage\":\"lv-LV\"},{\"@type\":\"Organization\",\"@id\":\"https:\\\/\\\/puhdasplus.ee\\\/lv\\\/#organization\",\"name\":\"Puhdas+\",\"alternateName\":\"Puhdasplus\",\"url\":\"https:\\\/\\\/puhdasplus.ee\\\/lv\\\/\",\"logo\":{\"@type\":\"ImageObject\",\"inLanguage\":\"lv-LV\",\"@id\":\"https:\\\/\\\/puhdasplus.ee\\\/lv\\\/#\\\/schema\\\/logo\\\/image\\\/\",\"url\":\"https:\\\/\\\/puhdasplus.ee\\\/wp-content\\\/uploads\\\/2019\\\/10\\\/puhdas_logo-arvele.png\",\"contentUrl\":\"https:\\\/\\\/puhdasplus.ee\\\/wp-content\\\/uploads\\\/2019\\\/10\\\/puhdas_logo-arvele.png\",\"width\":114,\"height\":94,\"caption\":\"Puhdas+\"},\"image\":{\"@id\":\"https:\\\/\\\/puhdasplus.ee\\\/lv\\\/#\\\/schema\\\/logo\\\/image\\\/\"},\"sameAs\":[\"https:\\\/\\\/www.facebook.com\\\/puhdasplus\",\"https:\\\/\\\/www.instagram.com\\\/puhdasplus_ee\\\/\"]}]}<\/script>\n<!-- \/ Yoast SEO plugin. -->","yoast_head_json":{"title":"S\u0101ls sprejs matiem 250 ml | Puhdas+","description":"Dabisks s\u0101ls sprejs matiem \u2014 pie\u0161\u0137ir matiem pludmales tekst\u016bru un apjomu. J\u016bras s\u0101ls b\u0101z\u0113. Piem\u0113rots visiem matu tipiem. 250 ml.","robots":{"index":"index","follow":"follow","max-snippet":"max-snippet:-1","max-image-preview":"max-image-preview:large","max-video-preview":"max-video-preview:-1"},"canonical":"https:\/\/puhdasplus.ee\/lv\/produkti\/kosmetika\/sals-aerosols-matiem-250-ml\/","og_locale":"lv_LV","og_type":"article","og_title":"S\u0101ls sprejs matiem 250 ml | Puhdas+","og_description":"Dabisks s\u0101ls sprejs matiem \u2014 pie\u0161\u0137ir matiem pludmales tekst\u016bru un apjomu. J\u016bras s\u0101ls b\u0101z\u0113. Piem\u0113rots visiem matu tipiem. 250 ml.","og_url":"https:\/\/puhdasplus.ee\/lv\/produkti\/kosmetika\/sals-aerosols-matiem-250-ml\/","og_site_name":"Puhdas+","article_publisher":"https:\/\/www.facebook.com\/puhdasplus","article_modified_time":"2026-04-07T13:10:24+00:00","og_image":[{"width":1862,"height":2560,"url":"https:\/\/puhdasplus.ee\/wp-content\/uploads\/2025\/10\/tooted-ilma-taustata-copy-2-scaled.jpg","type":"image\/jpeg"}],"twitter_card":"summary_large_image","twitter_misc":{"Est. reading time":"1 minute"},"schema":{"@context":"https:\/\/schema.org","@graph":[{"@type":"WebPage","@id":"https:\/\/puhdasplus.ee\/lv\/produkti\/kosmetika\/sals-aerosols-matiem-250-ml\/","url":"https:\/\/puhdasplus.ee\/lv\/produkti\/kosmetika\/sals-aerosols-matiem-250-ml\/","name":"S\u0101ls sprejs matiem 250 ml | Puhdas+","isPartOf":{"@id":"https:\/\/puhdasplus.ee\/lv\/#website"},"primaryImageOfPage":{"@id":"https:\/\/puhdasplus.ee\/lv\/produkti\/kosmetika\/sals-aerosols-matiem-250-ml\/#primaryimage"},"image":{"@id":"https:\/\/puhdasplus.ee\/lv\/produkti\/kosmetika\/sals-aerosols-matiem-250-ml\/#primaryimage"},"thumbnailUrl":"https:\/\/puhdasplus.ee\/wp-content\/uploads\/2025\/10\/tooted-ilma-taustata-copy-2-scaled.jpg","datePublished":"2025-10-05T06:55:56+00:00","dateModified":"2026-04-07T13:10:24+00:00","description":"Dabisks s\u0101ls sprejs matiem \u2014 pie\u0161\u0137ir matiem pludmales tekst\u016bru un apjomu. J\u016bras s\u0101ls b\u0101z\u0113. Piem\u0113rots visiem matu tipiem. 250 ml.","breadcrumb":{"@id":"https:\/\/puhdasplus.ee\/lv\/produkti\/kosmetika\/sals-aerosols-matiem-250-ml\/#breadcrumb"},"inLanguage":"lv-LV","potentialAction":[{"@type":"ReadAction","target":["https:\/\/puhdasplus.ee\/lv\/produkti\/kosmetika\/sals-aerosols-matiem-250-ml\/"]}]},{"@type":"ImageObject","inLanguage":"lv-LV","@id":"https:\/\/puhdasplus.ee\/lv\/produkti\/kosmetika\/sals-aerosols-matiem-250-ml\/#primaryimage","url":"https:\/\/puhdasplus.ee\/wp-content\/uploads\/2025\/10\/tooted-ilma-taustata-copy-2-scaled.jpg","contentUrl":"https:\/\/puhdasplus.ee\/wp-content\/uploads\/2025\/10\/tooted-ilma-taustata-copy-2-scaled.jpg","width":1862,"height":2560,"caption":"s\u0101ls aerosols matiem"},{"@type":"BreadcrumbList","@id":"https:\/\/puhdasplus.ee\/lv\/produkti\/kosmetika\/sals-aerosols-matiem-250-ml\/#breadcrumb","itemListElement":[{"@type":"ListItem","position":1,"name":"S\u0101kums","item":"https:\/\/puhdasplus.ee\/lv\/"},{"@type":"ListItem","position":2,"name":"Produkti","item":"https:\/\/puhdasplus.ee\/lv\/veikals\/"},{"@type":"ListItem","position":3,"name":"S\u0101ls sprejs matiem 250 ml"}]},{"@type":"WebSite","@id":"https:\/\/puhdasplus.ee\/lv\/#website","url":"https:\/\/puhdasplus.ee\/lv\/","name":"Puhdas+","description":"Vitam\u012bni, uztura bag\u0101tin\u0101t\u0101ji, dab\u012bg\u0101 kosm\u0113tika, vesel\u012bba, sports","publisher":{"@id":"https:\/\/puhdasplus.ee\/lv\/#organization"},"potentialAction":[{"@type":"SearchAction","target":{"@type":"EntryPoint","urlTemplate":"https:\/\/puhdasplus.ee\/lv\/?s={search_term_string}"},"query-input":{"@type":"PropertyValueSpecification","valueRequired":true,"valueName":"search_term_string"}}],"inLanguage":"lv-LV"},{"@type":"Organization","@id":"https:\/\/puhdasplus.ee\/lv\/#organization","name":"Puhdas+","alternateName":"Puhdasplus","url":"https:\/\/puhdasplus.ee\/lv\/","logo":{"@type":"ImageObject","inLanguage":"lv-LV","@id":"https:\/\/puhdasplus.ee\/lv\/#\/schema\/logo\/image\/","url":"https:\/\/puhdasplus.ee\/wp-content\/uploads\/2019\/10\/puhdas_logo-arvele.png","contentUrl":"https:\/\/puhdasplus.ee\/wp-content\/uploads\/2019\/10\/puhdas_logo-arvele.png","width":114,"height":94,"caption":"Puhdas+"},"image":{"@id":"https:\/\/puhdasplus.ee\/lv\/#\/schema\/logo\/image\/"},"sameAs":["https:\/\/www.facebook.com\/puhdasplus","https:\/\/www.instagram.com\/puhdasplus_ee\/"]}]}},"_yoast_wpseo_title":"S\u0101ls sprejs matiem 250 ml | Puhdas+","_yoast_wpseo_metadesc":"Dabisks s\u0101ls sprejs matiem \u2014 pie\u0161\u0137ir matiem pludmales tekst\u016bru un apjomu. J\u016bras s\u0101ls b\u0101z\u0113. Piem\u0113rots visiem matu tipiem. 250 ml.","_yoast_wpseo_focuskw":"s\u0101ls sprejs matiem","_links":{"self":[{"href":"https:\/\/puhdasplus.ee\/lv\/wp-json\/wp\/v2\/product\/354497","targetHints":{"allow":["GET"]}}],"collection":[{"href":"https:\/\/puhdasplus.ee\/lv\/wp-json\/wp\/v2\/product"}],"about":[{"href":"https:\/\/puhdasplus.ee\/lv\/wp-json\/wp\/v2\/types\/product"}],"replies":[{"embeddable":true,"href":"https:\/\/puhdasplus.ee\/lv\/wp-json\/wp\/v2\/comments?post=354497"}],"wp:featuredmedia":[{"embeddable":true,"href":"https:\/\/puhdasplus.ee\/lv\/wp-json\/wp\/v2\/media\/354498"}],"wp:attachment":[{"href":"https:\/\/puhdasplus.ee\/lv\/wp-json\/wp\/v2\/media?parent=354497"}],"wp:term":[{"taxonomy":"product_brand","embeddable":true,"href":"https:\/\/puhdasplus.ee\/lv\/wp-json\/wp\/v2\/product_brand?post=354497"},{"taxonomy":"product_cat","embeddable":true,"href":"https:\/\/puhdasplus.ee\/lv\/wp-json\/wp\/v2\/product_cat?post=354497"},{"taxonomy":"product_tag","embeddable":true,"href":"https:\/\/puhdasplus.ee\/lv\/wp-json\/wp\/v2\/product_tag?post=354497"}],"curies":[{"name":"wp","href":"https:\/\/api.w.org\/{rel}","templated":true}]}}