{"id":354474,"date":"2025-10-05T10:31:09","date_gmt":"2025-10-05T07:31:09","guid":{"rendered":"https:\/\/puhdasplus.ee\/tooted\/uncategorized\/kofeina-sampuns-250-ml\/"},"modified":"2026-04-07T16:12:21","modified_gmt":"2026-04-07T13:12:21","slug":"kofeina-sampuns-250-ml","status":"publish","type":"product","link":"https:\/\/puhdasplus.ee\/lv\/produkti\/kosmetika\/kofeina-sampuns-250-ml\/","title":{"rendered":"Kofe\u012bna \u0161amp\u016bns 250 ml"},"content":{"rendered":"<p>Puhdas+ kofe\u012bna \u0161amp\u016bns ir r\u016bp\u012bgi formul\u0113ts matu mazg\u0101\u0161anai un galvas \u0101das stimul\u0113\u0161anai. \u0160is vieglais, bet efekt\u012bvais formulas variants satur vair\u0101kas kopjo\u0161as sast\u0101vda\u013cas, kas atbalsta matu stiprumu, vitalit\u0101ti un labsaj\u016btu, nep\u0101rm\u0113r\u012bgi nenoslogojot matus.<\/p>\n<h2>Galven\u0101s akt\u012bv\u0101s vielas un iedarb\u012bba<\/h2>\n<ul>\n<li>\n<p><strong>Kofe\u012bns<\/strong> \u2013 pal\u012bdz stimul\u0113t \u0161\u016bnu vielmai\u0146u galvas \u0101d\u0101 un stiprina sak\u0146u l\u012bmen\u012b.<\/p>\n<\/li>\n<li>\n<p><strong>Niacinam\u012bds (B3 vitam\u012bns)<\/strong> \u2013 atbalsta galvas \u0101das l\u012bdzsvaru un pal\u012bdz saglab\u0101t matu elast\u012bbu.<\/p>\n<\/li>\n<li>\n<p><strong>Pantenols (provitam\u012bns B5)<\/strong> \u2013 mitrina un pal\u012bdz saglab\u0101t matu m\u012bkstumu, kas rodas no mitruma l\u012bme\u0146a.<\/p>\n<\/li>\n<li>\n<p><strong>Za\u013c\u0101s t\u0113jas lapu ekstrakts<\/strong> \u2013 antioksidanta iedarb\u012bba, aizsarg\u0101 matus un galvas \u0101du.<\/p>\n<\/li>\n<li>\n<p><strong>Mentols<\/strong> \u2013 sniedz dzes\u0113jo\u0161u efektu un svaiguma saj\u016btu lieto\u0161anas laik\u0101.<\/p>\n<\/li>\n<\/ul>\n<h2>Lieto\u0161ana<\/h2>\n<ul>\n<li>\n<p>Samitrini matus un maigi iemas\u0113 \u0161amp\u016bnu galvas \u0101d\u0101, \u013caujot tam iedarboties aptuveni 2 min\u016btes.<\/p>\n<\/li>\n<li>\n<p>R\u016bp\u012bgi izskaloj ar \u016bdeni.<\/p>\n<\/li>\n<li>\n<p>Nepiecie\u0161am\u012bbas gad\u012bjum\u0101 atk\u0101rtoj lieto\u0161anu.<\/p>\n<\/li>\n<li>\n<p>Lab\u0101ka rezult\u0101ta sasnieg\u0161anai piem\u0113rots lieto\u0161anai kop\u0101 ar t\u0101s pa\u0161as s\u0113rijas kop\u0161anas \u0161\u0137idrumu vai e\u013c\u013cu.<\/p>\n<\/li>\n<\/ul>\n<p><strong>Rezult\u0101ts<\/strong><br \/>Maiga un regul\u0101ra lieto\u0161ana var atst\u0101t matus t\u012brus, viegl\u0101kus un dz\u012bv\u012bg\u0101kus. Galvas \u0101da sa\u0146em svaigumu, un mati \u0161\u0137iet stipr\u0101ki un l\u012bdzsvarot\u0101ki ikdienas lieto\u0161an\u0101.<\/p>\n<p><strong>Piem\u0113rot\u012bba<\/strong><br \/>Piem\u0113rots da\u017e\u0101diem matu tipiem, \u012bpa\u0161i tiem, kas mekl\u0113 mazg\u0101\u0161anas l\u012bdzekli, kas sniedz papildu atbalstu galvas \u0101dai un matu sakn\u0113m. Ar\u012b piem\u0113rots rudens sezonai, kad mati un galvas \u0101da var b\u016bt nepiecie\u0161ams papildu toniz\u0113jums.<\/p>\n<p><strong>Sast\u0101vda\u013cas:<\/strong><br \/>Aqua (\u016bdens), n\u0101trija lauretilsulf\u0101ts, glicer\u012bns, pentil\u0113nglikols, kokamiidopropilbeta\u012bns, ksant\u0101na sve\u0137i, decilglikoz\u012bds, kokosa glikoz\u012bds, glicerila ole\u0101ts, niacinam\u012bds (B3 vitam\u012bns), pantenols (provitam\u012bns B5), kofe\u012bns, sahar\u012bdu izom\u0113rs, piensk\u0101be, r\u0101ce\u0146palmas aug\u013cu ekstrakts (Serenoa Serrulata), za\u013c\u0101s t\u0113jas lapu ekstrakts (Camellia Sinensis), piparm\u0113tras lapu e\u013c\u013ca (Mentha Arvensis), argin\u012bns, citronsk\u0101be, k\u0101lija sorb\u0101ts, sorbinsk\u0101be, n\u0101trija benzo\u0101ts, hidrogen\u0113ta augu glicer\u012bda citr\u0101ts, mentols.<\/p>\n<h2>Uzglab\u0101\u0161ana<\/h2>\n<ul>\n<li>\n<p>Uzglab\u0101t saus\u0101 viet\u0101, istabas temperat\u016br\u0101 un pasarg\u0101t no gaismas.<\/p>\n<\/li>\n<li>\n<p>Cie\u0161i aizv\u0113rt kor\u0137i p\u0113c lieto\u0161anas.<\/p>\n<\/li>\n<li>\n<p>Izvair\u012bties no tie\u0161as saules gaismas un augst\u0101kas temperat\u016bras.<\/p>\n<\/li>\n<\/ul>\n<p><strong>Skat\u012bt ar\u012b:<\/strong> <a href=\"https:\/\/puhdasplus.ee\/toote-kategooria\/looduskosmeetika\/\">Dabas kosm\u0113tika<\/a> | <a href=\"https:\/\/puhdasplus.ee\/toote-kategooria\/nahk-juuksed-kuuned\/\">\u0100da, mati, nagi<\/a> | <a href=\"https:\/\/puhdasplus.ee\/toote-kategooria\/kollageen\/\">Kolag\u0113ns<\/a><\/p>\n","protected":false},"excerpt":{"rendered":"<p>Puhdas+ kofe\u012bna \u0161amp\u016bns maigi att\u012bra un stimul\u0113 galvas \u0101du. Satur kofe\u012bnu, niacinam\u012bdu, pantenolu un za\u013c\u0101s t\u0113jas ekstraktu, kas atbalsta matu stiprumu, vitalit\u0101ti un galvas \u0101das l\u012bdzsvaru.<\/p>\n","protected":false},"featured_media":354478,"comment_status":"open","ping_status":"closed","template":"","meta":{"_acf_changed":false,"googlesitekit_rrm_CAow3eq7DA:productID":""},"product_brand":[],"product_cat":[3296,3067,2533],"product_tag":[7870,8326,7392,2580,2974],"class_list":{"0":"post-354474","1":"product","2":"type-product","3":"status-publish","4":"has-post-thumbnail","6":"product_cat-ada-mati-nagi","7":"product_cat-ipasie-piedavajumi","8":"product_cat-kosmetika","9":"product_tag-dabiga-kosmetika","10":"product_tag-kofena-ampns-lv","11":"product_tag-kofeins","12":"product_tag-matu-kopsana","13":"product_tag-vegans","15":"first","16":"instock","17":"sale","18":"taxable","19":"shipping-taxable","20":"purchasable","21":"product-type-simple"},"acf":[],"yoast_head":"<!-- This site is optimized with the Yoast SEO plugin v27.4 - https:\/\/yoast.com\/product\/yoast-seo-wordpress\/ -->\n<title>Kofe\u012bna \u0161amp\u016bns 250 ml | Puhdas+<\/title>\n<meta name=\"description\" content=\"Kofe\u012bna \u0161amp\u016bns matu stiprin\u0101\u0161anai un galvas \u0101das stimul\u0113\u0161anai. Dabiska sast\u0101va, bez sulf\u0101tiem. Piem\u0113rots visiem matu tipiem. 250 ml.\" \/>\n<meta name=\"robots\" content=\"index, follow, max-snippet:-1, max-image-preview:large, max-video-preview:-1\" \/>\n<link rel=\"canonical\" href=\"https:\/\/puhdasplus.ee\/lv\/produkti\/kosmetika\/kofeina-sampuns-250-ml\/\" \/>\n<meta property=\"og:locale\" content=\"lv_LV\" \/>\n<meta property=\"og:type\" content=\"article\" \/>\n<meta property=\"og:title\" content=\"Kofe\u012bna \u0161amp\u016bns 250 ml | Puhdas+\" \/>\n<meta property=\"og:description\" content=\"Kofe\u012bna \u0161amp\u016bns matu stiprin\u0101\u0161anai un galvas \u0101das stimul\u0113\u0161anai. Dabiska sast\u0101va, bez sulf\u0101tiem. Piem\u0113rots visiem matu tipiem. 250 ml.\" \/>\n<meta property=\"og:url\" content=\"https:\/\/puhdasplus.ee\/lv\/produkti\/kosmetika\/kofeina-sampuns-250-ml\/\" \/>\n<meta property=\"og:site_name\" content=\"Puhdas+\" \/>\n<meta property=\"article:publisher\" content=\"https:\/\/www.facebook.com\/puhdasplus\" \/>\n<meta property=\"article:modified_time\" content=\"2026-04-07T13:12:21+00:00\" \/>\n<meta property=\"og:image\" content=\"https:\/\/puhdasplus.ee\/wp-content\/uploads\/2025\/10\/tooted-ilma-taustata-copy-5-scaled.jpg\" \/>\n\t<meta property=\"og:image:width\" content=\"1862\" \/>\n\t<meta property=\"og:image:height\" content=\"2560\" \/>\n\t<meta property=\"og:image:type\" content=\"image\/jpeg\" \/>\n<meta name=\"twitter:card\" content=\"summary_large_image\" \/>\n<meta name=\"twitter:label1\" content=\"Est. reading time\" \/>\n\t<meta name=\"twitter:data1\" content=\"2 min\u016btes\" \/>\n<script type=\"application\/ld+json\" class=\"yoast-schema-graph\">{\"@context\":\"https:\\\/\\\/schema.org\",\"@graph\":[{\"@type\":\"WebPage\",\"@id\":\"https:\\\/\\\/puhdasplus.ee\\\/lv\\\/produkti\\\/kosmetika\\\/kofeina-sampuns-250-ml\\\/\",\"url\":\"https:\\\/\\\/puhdasplus.ee\\\/lv\\\/produkti\\\/kosmetika\\\/kofeina-sampuns-250-ml\\\/\",\"name\":\"Kofe\u012bna \u0161amp\u016bns 250 ml | Puhdas+\",\"isPartOf\":{\"@id\":\"https:\\\/\\\/puhdasplus.ee\\\/lv\\\/#website\"},\"primaryImageOfPage\":{\"@id\":\"https:\\\/\\\/puhdasplus.ee\\\/lv\\\/produkti\\\/kosmetika\\\/kofeina-sampuns-250-ml\\\/#primaryimage\"},\"image\":{\"@id\":\"https:\\\/\\\/puhdasplus.ee\\\/lv\\\/produkti\\\/kosmetika\\\/kofeina-sampuns-250-ml\\\/#primaryimage\"},\"thumbnailUrl\":\"https:\\\/\\\/puhdasplus.ee\\\/wp-content\\\/uploads\\\/2025\\\/10\\\/tooted-ilma-taustata-copy-5-scaled.jpg\",\"datePublished\":\"2025-10-05T07:31:09+00:00\",\"dateModified\":\"2026-04-07T13:12:21+00:00\",\"description\":\"Kofe\u012bna \u0161amp\u016bns matu stiprin\u0101\u0161anai un galvas \u0101das stimul\u0113\u0161anai. Dabiska sast\u0101va, bez sulf\u0101tiem. Piem\u0113rots visiem matu tipiem. 250 ml.\",\"breadcrumb\":{\"@id\":\"https:\\\/\\\/puhdasplus.ee\\\/lv\\\/produkti\\\/kosmetika\\\/kofeina-sampuns-250-ml\\\/#breadcrumb\"},\"inLanguage\":\"lv-LV\",\"potentialAction\":[{\"@type\":\"ReadAction\",\"target\":[\"https:\\\/\\\/puhdasplus.ee\\\/lv\\\/produkti\\\/kosmetika\\\/kofeina-sampuns-250-ml\\\/\"]}]},{\"@type\":\"ImageObject\",\"inLanguage\":\"lv-LV\",\"@id\":\"https:\\\/\\\/puhdasplus.ee\\\/lv\\\/produkti\\\/kosmetika\\\/kofeina-sampuns-250-ml\\\/#primaryimage\",\"url\":\"https:\\\/\\\/puhdasplus.ee\\\/wp-content\\\/uploads\\\/2025\\\/10\\\/tooted-ilma-taustata-copy-5-scaled.jpg\",\"contentUrl\":\"https:\\\/\\\/puhdasplus.ee\\\/wp-content\\\/uploads\\\/2025\\\/10\\\/tooted-ilma-taustata-copy-5-scaled.jpg\",\"width\":1862,\"height\":2560,\"caption\":\"Kofe\u012bna \u0161amp\u016bns 250 ml\"},{\"@type\":\"BreadcrumbList\",\"@id\":\"https:\\\/\\\/puhdasplus.ee\\\/lv\\\/produkti\\\/kosmetika\\\/kofeina-sampuns-250-ml\\\/#breadcrumb\",\"itemListElement\":[{\"@type\":\"ListItem\",\"position\":1,\"name\":\"S\u0101kums\",\"item\":\"https:\\\/\\\/puhdasplus.ee\\\/lv\\\/\"},{\"@type\":\"ListItem\",\"position\":2,\"name\":\"Produkti\",\"item\":\"https:\\\/\\\/puhdasplus.ee\\\/lv\\\/veikals\\\/\"},{\"@type\":\"ListItem\",\"position\":3,\"name\":\"Kofe\u012bna \u0161amp\u016bns 250 ml\"}]},{\"@type\":\"WebSite\",\"@id\":\"https:\\\/\\\/puhdasplus.ee\\\/lv\\\/#website\",\"url\":\"https:\\\/\\\/puhdasplus.ee\\\/lv\\\/\",\"name\":\"Puhdas+\",\"description\":\"Vitam\u012bni, uztura bag\u0101tin\u0101t\u0101ji, dab\u012bg\u0101 kosm\u0113tika, vesel\u012bba, sports\",\"publisher\":{\"@id\":\"https:\\\/\\\/puhdasplus.ee\\\/lv\\\/#organization\"},\"potentialAction\":[{\"@type\":\"SearchAction\",\"target\":{\"@type\":\"EntryPoint\",\"urlTemplate\":\"https:\\\/\\\/puhdasplus.ee\\\/lv\\\/?s={search_term_string}\"},\"query-input\":{\"@type\":\"PropertyValueSpecification\",\"valueRequired\":true,\"valueName\":\"search_term_string\"}}],\"inLanguage\":\"lv-LV\"},{\"@type\":\"Organization\",\"@id\":\"https:\\\/\\\/puhdasplus.ee\\\/lv\\\/#organization\",\"name\":\"Puhdas+\",\"alternateName\":\"Puhdasplus\",\"url\":\"https:\\\/\\\/puhdasplus.ee\\\/lv\\\/\",\"logo\":{\"@type\":\"ImageObject\",\"inLanguage\":\"lv-LV\",\"@id\":\"https:\\\/\\\/puhdasplus.ee\\\/lv\\\/#\\\/schema\\\/logo\\\/image\\\/\",\"url\":\"https:\\\/\\\/puhdasplus.ee\\\/wp-content\\\/uploads\\\/2019\\\/10\\\/puhdas_logo-arvele.png\",\"contentUrl\":\"https:\\\/\\\/puhdasplus.ee\\\/wp-content\\\/uploads\\\/2019\\\/10\\\/puhdas_logo-arvele.png\",\"width\":114,\"height\":94,\"caption\":\"Puhdas+\"},\"image\":{\"@id\":\"https:\\\/\\\/puhdasplus.ee\\\/lv\\\/#\\\/schema\\\/logo\\\/image\\\/\"},\"sameAs\":[\"https:\\\/\\\/www.facebook.com\\\/puhdasplus\",\"https:\\\/\\\/www.instagram.com\\\/puhdasplus_ee\\\/\"]}]}<\/script>\n<!-- \/ Yoast SEO plugin. -->","yoast_head_json":{"title":"Kofe\u012bna \u0161amp\u016bns 250 ml | Puhdas+","description":"Kofe\u012bna \u0161amp\u016bns matu stiprin\u0101\u0161anai un galvas \u0101das stimul\u0113\u0161anai. Dabiska sast\u0101va, bez sulf\u0101tiem. Piem\u0113rots visiem matu tipiem. 250 ml.","robots":{"index":"index","follow":"follow","max-snippet":"max-snippet:-1","max-image-preview":"max-image-preview:large","max-video-preview":"max-video-preview:-1"},"canonical":"https:\/\/puhdasplus.ee\/lv\/produkti\/kosmetika\/kofeina-sampuns-250-ml\/","og_locale":"lv_LV","og_type":"article","og_title":"Kofe\u012bna \u0161amp\u016bns 250 ml | Puhdas+","og_description":"Kofe\u012bna \u0161amp\u016bns matu stiprin\u0101\u0161anai un galvas \u0101das stimul\u0113\u0161anai. Dabiska sast\u0101va, bez sulf\u0101tiem. Piem\u0113rots visiem matu tipiem. 250 ml.","og_url":"https:\/\/puhdasplus.ee\/lv\/produkti\/kosmetika\/kofeina-sampuns-250-ml\/","og_site_name":"Puhdas+","article_publisher":"https:\/\/www.facebook.com\/puhdasplus","article_modified_time":"2026-04-07T13:12:21+00:00","og_image":[{"width":1862,"height":2560,"url":"https:\/\/puhdasplus.ee\/wp-content\/uploads\/2025\/10\/tooted-ilma-taustata-copy-5-scaled.jpg","type":"image\/jpeg"}],"twitter_card":"summary_large_image","twitter_misc":{"Est. reading time":"2 min\u016btes"},"schema":{"@context":"https:\/\/schema.org","@graph":[{"@type":"WebPage","@id":"https:\/\/puhdasplus.ee\/lv\/produkti\/kosmetika\/kofeina-sampuns-250-ml\/","url":"https:\/\/puhdasplus.ee\/lv\/produkti\/kosmetika\/kofeina-sampuns-250-ml\/","name":"Kofe\u012bna \u0161amp\u016bns 250 ml | Puhdas+","isPartOf":{"@id":"https:\/\/puhdasplus.ee\/lv\/#website"},"primaryImageOfPage":{"@id":"https:\/\/puhdasplus.ee\/lv\/produkti\/kosmetika\/kofeina-sampuns-250-ml\/#primaryimage"},"image":{"@id":"https:\/\/puhdasplus.ee\/lv\/produkti\/kosmetika\/kofeina-sampuns-250-ml\/#primaryimage"},"thumbnailUrl":"https:\/\/puhdasplus.ee\/wp-content\/uploads\/2025\/10\/tooted-ilma-taustata-copy-5-scaled.jpg","datePublished":"2025-10-05T07:31:09+00:00","dateModified":"2026-04-07T13:12:21+00:00","description":"Kofe\u012bna \u0161amp\u016bns matu stiprin\u0101\u0161anai un galvas \u0101das stimul\u0113\u0161anai. Dabiska sast\u0101va, bez sulf\u0101tiem. Piem\u0113rots visiem matu tipiem. 250 ml.","breadcrumb":{"@id":"https:\/\/puhdasplus.ee\/lv\/produkti\/kosmetika\/kofeina-sampuns-250-ml\/#breadcrumb"},"inLanguage":"lv-LV","potentialAction":[{"@type":"ReadAction","target":["https:\/\/puhdasplus.ee\/lv\/produkti\/kosmetika\/kofeina-sampuns-250-ml\/"]}]},{"@type":"ImageObject","inLanguage":"lv-LV","@id":"https:\/\/puhdasplus.ee\/lv\/produkti\/kosmetika\/kofeina-sampuns-250-ml\/#primaryimage","url":"https:\/\/puhdasplus.ee\/wp-content\/uploads\/2025\/10\/tooted-ilma-taustata-copy-5-scaled.jpg","contentUrl":"https:\/\/puhdasplus.ee\/wp-content\/uploads\/2025\/10\/tooted-ilma-taustata-copy-5-scaled.jpg","width":1862,"height":2560,"caption":"Kofe\u012bna \u0161amp\u016bns 250 ml"},{"@type":"BreadcrumbList","@id":"https:\/\/puhdasplus.ee\/lv\/produkti\/kosmetika\/kofeina-sampuns-250-ml\/#breadcrumb","itemListElement":[{"@type":"ListItem","position":1,"name":"S\u0101kums","item":"https:\/\/puhdasplus.ee\/lv\/"},{"@type":"ListItem","position":2,"name":"Produkti","item":"https:\/\/puhdasplus.ee\/lv\/veikals\/"},{"@type":"ListItem","position":3,"name":"Kofe\u012bna \u0161amp\u016bns 250 ml"}]},{"@type":"WebSite","@id":"https:\/\/puhdasplus.ee\/lv\/#website","url":"https:\/\/puhdasplus.ee\/lv\/","name":"Puhdas+","description":"Vitam\u012bni, uztura bag\u0101tin\u0101t\u0101ji, dab\u012bg\u0101 kosm\u0113tika, vesel\u012bba, sports","publisher":{"@id":"https:\/\/puhdasplus.ee\/lv\/#organization"},"potentialAction":[{"@type":"SearchAction","target":{"@type":"EntryPoint","urlTemplate":"https:\/\/puhdasplus.ee\/lv\/?s={search_term_string}"},"query-input":{"@type":"PropertyValueSpecification","valueRequired":true,"valueName":"search_term_string"}}],"inLanguage":"lv-LV"},{"@type":"Organization","@id":"https:\/\/puhdasplus.ee\/lv\/#organization","name":"Puhdas+","alternateName":"Puhdasplus","url":"https:\/\/puhdasplus.ee\/lv\/","logo":{"@type":"ImageObject","inLanguage":"lv-LV","@id":"https:\/\/puhdasplus.ee\/lv\/#\/schema\/logo\/image\/","url":"https:\/\/puhdasplus.ee\/wp-content\/uploads\/2019\/10\/puhdas_logo-arvele.png","contentUrl":"https:\/\/puhdasplus.ee\/wp-content\/uploads\/2019\/10\/puhdas_logo-arvele.png","width":114,"height":94,"caption":"Puhdas+"},"image":{"@id":"https:\/\/puhdasplus.ee\/lv\/#\/schema\/logo\/image\/"},"sameAs":["https:\/\/www.facebook.com\/puhdasplus","https:\/\/www.instagram.com\/puhdasplus_ee\/"]}]}},"_yoast_wpseo_title":"Kofe\u012bna \u0161amp\u016bns 250 ml | Puhdas+","_yoast_wpseo_metadesc":"Kofe\u012bna \u0161amp\u016bns matu stiprin\u0101\u0161anai un galvas \u0101das stimul\u0113\u0161anai. Dabiska sast\u0101va, bez sulf\u0101tiem. Piem\u0113rots visiem matu tipiem. 250 ml.","_yoast_wpseo_focuskw":"kofe\u012bna \u0161amp\u016bns","_links":{"self":[{"href":"https:\/\/puhdasplus.ee\/lv\/wp-json\/wp\/v2\/product\/354474","targetHints":{"allow":["GET"]}}],"collection":[{"href":"https:\/\/puhdasplus.ee\/lv\/wp-json\/wp\/v2\/product"}],"about":[{"href":"https:\/\/puhdasplus.ee\/lv\/wp-json\/wp\/v2\/types\/product"}],"replies":[{"embeddable":true,"href":"https:\/\/puhdasplus.ee\/lv\/wp-json\/wp\/v2\/comments?post=354474"}],"wp:featuredmedia":[{"embeddable":true,"href":"https:\/\/puhdasplus.ee\/lv\/wp-json\/wp\/v2\/media\/354478"}],"wp:attachment":[{"href":"https:\/\/puhdasplus.ee\/lv\/wp-json\/wp\/v2\/media?parent=354474"}],"wp:term":[{"taxonomy":"product_brand","embeddable":true,"href":"https:\/\/puhdasplus.ee\/lv\/wp-json\/wp\/v2\/product_brand?post=354474"},{"taxonomy":"product_cat","embeddable":true,"href":"https:\/\/puhdasplus.ee\/lv\/wp-json\/wp\/v2\/product_cat?post=354474"},{"taxonomy":"product_tag","embeddable":true,"href":"https:\/\/puhdasplus.ee\/lv\/wp-json\/wp\/v2\/product_tag?post=354474"}],"curies":[{"name":"wp","href":"https:\/\/api.w.org\/{rel}","templated":true}]}}