{"id":354119,"date":"2025-09-16T13:55:48","date_gmt":"2025-09-16T10:55:48","guid":{"rendered":"https:\/\/puhdasplus.ee\/tooted\/uncategorized\/vitaminu-udens-ar-cinku-un-c-vitaminu-citronu-garsa-330-ml\/"},"modified":"2026-03-30T19:24:50","modified_gmt":"2026-03-30T16:24:50","slug":"vitaminu-udens-ar-cinku-un-c-vitaminu-citronu-garsa-330-ml","status":"publish","type":"product","link":"https:\/\/puhdasplus.ee\/lv\/produkti\/dzerieni\/vitaminu-udens\/vitaminu-udens-ar-cinku-un-c-vitaminu-citronu-garsa-330-ml\/","title":{"rendered":"Vitam\u012bnu \u016bdens ar cinku un C vitam\u012bnu, citrona gar\u0161a, 330 ml"},"content":{"rendered":"<p><strong>Vitam\u012bnu \u016bdens ar cinku un C vitam\u012bnu<\/strong> ir viegls un gards dz\u0113riens, kas katru dienu pal\u012bdz uzlabot organisma darb\u012bbu. Svaiga citrona gar\u0161a sniedz dz\u012bv\u012bgu dzer\u0161anas mirkli, savuk\u0101rt cinks un C vitam\u012bns atbalsta im\u016bnsist\u0113mu un pal\u012bdz aizsarg\u0101t \u0161\u016bnas no oksidat\u012bv\u0101 stresa. <\/p>\n<ul>\n<li><strong>C vitam\u012bns<\/strong> mazina nogurumu un atbalsta norm\u0101lu \u0101das un im\u016bnsist\u0113mas darb\u012bbu.<\/li>\n<li><strong>Cinks<\/strong> pal\u012bdz uztur\u0113t vesel\u012bgu \u0101du, nagus un matus, k\u0101 ar\u012b atbalsta organisma dabisk\u0101s aizsargsp\u0113jas.<\/li>\n<li>Zemu kaloriju, \u0113rta un vesel\u012bga alternat\u012bva saldin\u0101tiem dz\u0113rieniem.<\/li>\n<\/ul>\n<p>Nesatur laktozi, glut\u0113nu vai soju.<\/p>\n<h2>Lietojums<\/h2>\n<ul>\n<li>Baudiet atdzes\u0113tu k\u0101 atspirdzino\u0161u dz\u0113rienu.<\/li>\n<li>Piem\u0113rots ikdienas palutin\u0101\u0161anai vai sporta aktivit\u0101t\u0113m.<\/li>\n<\/ul>\n<h2>Sast\u0101vda\u013cas<\/h2>\n<p>\u016adens, cukurs, cinka glikon\u0101ts, n\u0101trija askorb\u0101ts (C vitam\u012bna avots), za\u013c\u0101s t\u0113jas ekstrakts, citronsk\u0101be, dab\u012bgas aromatiz\u0113t\u0101ji, oglek\u013ca dioks\u012bds.<\/p>\n<h2>Uzturvielu saturs uz 100 ml:<\/h2>\n<ul>\n<li>Ener\u0123\u0113tisk\u0101 v\u0113rt\u012bba: 42 kJ \/ 10 kcal<\/li>\n<li>Tauki: 0 g (tostarp pies\u0101tin\u0101tie 0 g)<\/li>\n<li>Og\u013chidr\u0101ti: ~2,5 g (no kuriem 2,5 g ir cukuri)<\/li>\n<li>Olbaltumvielas: 0 g<\/li>\n<li>S\u0101ls: 0,03 g<\/li>\n<li>Cinks: 1,08 mg<\/li>\n<li>C vitam\u012bns: 40,8 mg<\/li>\n<li><strong>Uzturv\u0113rt\u012bba 330 ml:<\/strong><br \/>\nener\u0123\u0113tisk\u0101 v\u0113rt\u012bba 138 kJ \/ 33 kcal, tauki 0 g (tostarp pies\u0101tin\u0101t\u0101s tauksk\u0101bes 0 g), og\u013chidr\u0101ti 8,25 g (tostarp cukuri 8,25 g), olbaltumvielas 0 g, s\u0101ls 0,08 g, cinks 3,57 mg (35,8% NRV*), C vitam\u012bns 133,5 mg (166,9% NRV*).<br \/>\n<em>NRV \u2013 uzturvielu atsauces v\u0113rt\u012bba pieaugu\u0161ajiem.<\/em><\/li>\n<\/ul>\n<p><strong>Skat\u012bt ar\u012b:<\/strong> <a href=\"https:\/\/puhdasplus.ee\/toote-kategooria\/c-vitamiin\/\">C vitam\u012bns<\/a> | <a href=\"https:\/\/puhdasplus.ee\/toote-kategooria\/joogid\/\">Dz\u0113rieni<\/a> | <a href=\"https:\/\/puhdasplus.ee\/toote-kategooria\/superfood\/\">Superprodukti<\/a><\/p>\n","protected":false},"excerpt":{"rendered":"<p>Atsvaidzino\u0161s vitam\u012bnu \u016bdens ar citronu gar\u0161u, kas atbalsta im\u016bnsist\u0113mu un \u0101das vesel\u012bbu. Satur C vitam\u012bnu un cinku, ar zemu kaloriju saturu. <\/p>\n","protected":false},"featured_media":353911,"comment_status":"open","ping_status":"closed","template":"","meta":{"_acf_changed":false,"googlesitekit_rrm_CAow3eq7DA:productID":""},"product_brand":[],"product_cat":[6350,4058,5436,3067,7647],"product_tag":[8349,3202,4059,7881,3041,8365,3206,8369],"class_list":{"0":"post-354119","1":"product","2":"type-product","3":"status-publish","4":"has-post-thumbnail","6":"product_cat-c-vitamins","7":"product_cat-cinks","8":"product_cat-dzerieni","9":"product_cat-ipasie-piedavajumi","10":"product_cat-vitaminu-udens","11":"product_tag-bez-laktozes-lv","12":"product_tag-c-vitamins-lv","13":"product_tag-cinks","14":"product_tag-dzerieni-tag","15":"product_tag-imunitate","16":"product_tag-minerlvielas-lv","17":"product_tag-uztura-bagatinatajs","18":"product_tag-vitamni-lv","20":"first","21":"instock","22":"sale","23":"taxable","24":"shipping-taxable","25":"purchasable","26":"product-type-variable","27":"has-default-attributes"},"acf":[],"yoast_head":"<!-- This site is optimized with the Yoast SEO plugin v27.3 - https:\/\/yoast.com\/product\/yoast-seo-wordpress\/ -->\n<title>Vitam\u012bnu \u016bdens ar cinku un C vitam\u012bnu 330 ml | Puhdas+<\/title>\n<meta name=\"description\" content=\"Vitam\u012bnu \u016bdens ar citrona gar\u0161u, cinku un C vitam\u012bnu. Atbalsta norm\u0101lu im\u016bnsist\u0113mas darb\u012bbu. Zems kaloriju saturs, tikai 10 kcal \/ 100 ml. T\u012brs sast\u0101vs.\" \/>\n<meta name=\"robots\" content=\"index, follow, max-snippet:-1, max-image-preview:large, max-video-preview:-1\" \/>\n<link rel=\"canonical\" href=\"https:\/\/puhdasplus.ee\/lv\/produkti\/dzerieni\/vitaminu-udens\/vitaminu-udens-ar-cinku-un-c-vitaminu-citronu-garsa-330-ml\/\" \/>\n<meta property=\"og:locale\" content=\"lv_LV\" \/>\n<meta property=\"og:type\" content=\"article\" \/>\n<meta property=\"og:title\" content=\"Vitam\u012bnu \u016bdens ar cinku un C vitam\u012bnu 330 ml | Puhdas+\" \/>\n<meta property=\"og:description\" content=\"Vitam\u012bnu \u016bdens ar citrona gar\u0161u, cinku un C vitam\u012bnu. Atbalsta norm\u0101lu im\u016bnsist\u0113mas darb\u012bbu. Zems kaloriju saturs, tikai 10 kcal \/ 100 ml. T\u012brs sast\u0101vs.\" \/>\n<meta property=\"og:url\" content=\"https:\/\/puhdasplus.ee\/lv\/produkti\/dzerieni\/vitaminu-udens\/vitaminu-udens-ar-cinku-un-c-vitaminu-citronu-garsa-330-ml\/\" \/>\n<meta property=\"og:site_name\" content=\"Puhdas+\" \/>\n<meta property=\"article:publisher\" content=\"https:\/\/www.facebook.com\/puhdasplus\" \/>\n<meta property=\"article:modified_time\" content=\"2026-03-30T16:24:50+00:00\" \/>\n<meta property=\"og:image\" content=\"https:\/\/puhdasplus.ee\/wp-content\/uploads\/2025\/09\/4-scaled.jpg\" \/>\n\t<meta property=\"og:image:width\" content=\"1862\" \/>\n\t<meta property=\"og:image:height\" content=\"2560\" \/>\n\t<meta property=\"og:image:type\" content=\"image\/jpeg\" \/>\n<meta name=\"twitter:card\" content=\"summary_large_image\" \/>\n<meta name=\"twitter:label1\" content=\"Est. reading time\" \/>\n\t<meta name=\"twitter:data1\" content=\"1 minute\" \/>\n<script type=\"application\/ld+json\" class=\"yoast-schema-graph\">{\"@context\":\"https:\\\/\\\/schema.org\",\"@graph\":[{\"@type\":\"WebPage\",\"@id\":\"https:\\\/\\\/puhdasplus.ee\\\/lv\\\/produkti\\\/dzerieni\\\/vitaminu-udens\\\/vitaminu-udens-ar-cinku-un-c-vitaminu-citronu-garsa-330-ml\\\/\",\"url\":\"https:\\\/\\\/puhdasplus.ee\\\/lv\\\/produkti\\\/dzerieni\\\/vitaminu-udens\\\/vitaminu-udens-ar-cinku-un-c-vitaminu-citronu-garsa-330-ml\\\/\",\"name\":\"Vitam\u012bnu \u016bdens ar cinku un C vitam\u012bnu 330 ml | Puhdas+\",\"isPartOf\":{\"@id\":\"https:\\\/\\\/puhdasplus.ee\\\/lv\\\/#website\"},\"primaryImageOfPage\":{\"@id\":\"https:\\\/\\\/puhdasplus.ee\\\/lv\\\/produkti\\\/dzerieni\\\/vitaminu-udens\\\/vitaminu-udens-ar-cinku-un-c-vitaminu-citronu-garsa-330-ml\\\/#primaryimage\"},\"image\":{\"@id\":\"https:\\\/\\\/puhdasplus.ee\\\/lv\\\/produkti\\\/dzerieni\\\/vitaminu-udens\\\/vitaminu-udens-ar-cinku-un-c-vitaminu-citronu-garsa-330-ml\\\/#primaryimage\"},\"thumbnailUrl\":\"https:\\\/\\\/puhdasplus.ee\\\/wp-content\\\/uploads\\\/2025\\\/09\\\/4-scaled.jpg\",\"datePublished\":\"2025-09-16T10:55:48+00:00\",\"dateModified\":\"2026-03-30T16:24:50+00:00\",\"description\":\"Vitam\u012bnu \u016bdens ar citrona gar\u0161u, cinku un C vitam\u012bnu. Atbalsta norm\u0101lu im\u016bnsist\u0113mas darb\u012bbu. Zems kaloriju saturs, tikai 10 kcal \\\/ 100 ml. T\u012brs sast\u0101vs.\",\"breadcrumb\":{\"@id\":\"https:\\\/\\\/puhdasplus.ee\\\/lv\\\/produkti\\\/dzerieni\\\/vitaminu-udens\\\/vitaminu-udens-ar-cinku-un-c-vitaminu-citronu-garsa-330-ml\\\/#breadcrumb\"},\"inLanguage\":\"lv-LV\",\"potentialAction\":[{\"@type\":\"ReadAction\",\"target\":[\"https:\\\/\\\/puhdasplus.ee\\\/lv\\\/produkti\\\/dzerieni\\\/vitaminu-udens\\\/vitaminu-udens-ar-cinku-un-c-vitaminu-citronu-garsa-330-ml\\\/\"]}]},{\"@type\":\"ImageObject\",\"inLanguage\":\"lv-LV\",\"@id\":\"https:\\\/\\\/puhdasplus.ee\\\/lv\\\/produkti\\\/dzerieni\\\/vitaminu-udens\\\/vitaminu-udens-ar-cinku-un-c-vitaminu-citronu-garsa-330-ml\\\/#primaryimage\",\"url\":\"https:\\\/\\\/puhdasplus.ee\\\/wp-content\\\/uploads\\\/2025\\\/09\\\/4-scaled.jpg\",\"contentUrl\":\"https:\\\/\\\/puhdasplus.ee\\\/wp-content\\\/uploads\\\/2025\\\/09\\\/4-scaled.jpg\",\"width\":1862,\"height\":2560,\"caption\":\"Vitam\u012bnu \u016bdens ar cinku un C vitam\u012bnu, citronu 330 ml\"},{\"@type\":\"BreadcrumbList\",\"@id\":\"https:\\\/\\\/puhdasplus.ee\\\/lv\\\/produkti\\\/dzerieni\\\/vitaminu-udens\\\/vitaminu-udens-ar-cinku-un-c-vitaminu-citronu-garsa-330-ml\\\/#breadcrumb\",\"itemListElement\":[{\"@type\":\"ListItem\",\"position\":1,\"name\":\"S\u0101kums\",\"item\":\"https:\\\/\\\/puhdasplus.ee\\\/lv\\\/\"},{\"@type\":\"ListItem\",\"position\":2,\"name\":\"Produkti\",\"item\":\"https:\\\/\\\/puhdasplus.ee\\\/lv\\\/veikals\\\/\"},{\"@type\":\"ListItem\",\"position\":3,\"name\":\"Vitam\u012bnu \u016bdens ar cinku un C vitam\u012bnu, citrona gar\u0161a, 330 ml\"}]},{\"@type\":\"WebSite\",\"@id\":\"https:\\\/\\\/puhdasplus.ee\\\/lv\\\/#website\",\"url\":\"https:\\\/\\\/puhdasplus.ee\\\/lv\\\/\",\"name\":\"Puhdas+\",\"description\":\"Vitam\u012bni, uztura bag\u0101tin\u0101t\u0101ji, dab\u012bg\u0101 kosm\u0113tika, vesel\u012bba, sports\",\"publisher\":{\"@id\":\"https:\\\/\\\/puhdasplus.ee\\\/lv\\\/#organization\"},\"potentialAction\":[{\"@type\":\"SearchAction\",\"target\":{\"@type\":\"EntryPoint\",\"urlTemplate\":\"https:\\\/\\\/puhdasplus.ee\\\/lv\\\/?s={search_term_string}\"},\"query-input\":{\"@type\":\"PropertyValueSpecification\",\"valueRequired\":true,\"valueName\":\"search_term_string\"}}],\"inLanguage\":\"lv-LV\"},{\"@type\":\"Organization\",\"@id\":\"https:\\\/\\\/puhdasplus.ee\\\/lv\\\/#organization\",\"name\":\"Puhdas+\",\"alternateName\":\"Puhdasplus\",\"url\":\"https:\\\/\\\/puhdasplus.ee\\\/lv\\\/\",\"logo\":{\"@type\":\"ImageObject\",\"inLanguage\":\"lv-LV\",\"@id\":\"https:\\\/\\\/puhdasplus.ee\\\/lv\\\/#\\\/schema\\\/logo\\\/image\\\/\",\"url\":\"https:\\\/\\\/puhdasplus.ee\\\/wp-content\\\/uploads\\\/2019\\\/10\\\/puhdas_logo-arvele.png\",\"contentUrl\":\"https:\\\/\\\/puhdasplus.ee\\\/wp-content\\\/uploads\\\/2019\\\/10\\\/puhdas_logo-arvele.png\",\"width\":114,\"height\":94,\"caption\":\"Puhdas+\"},\"image\":{\"@id\":\"https:\\\/\\\/puhdasplus.ee\\\/lv\\\/#\\\/schema\\\/logo\\\/image\\\/\"},\"sameAs\":[\"https:\\\/\\\/www.facebook.com\\\/puhdasplus\",\"https:\\\/\\\/www.instagram.com\\\/puhdasplus_ee\\\/\"]}]}<\/script>\n<!-- \/ Yoast SEO plugin. -->","yoast_head_json":{"title":"Vitam\u012bnu \u016bdens ar cinku un C vitam\u012bnu 330 ml | Puhdas+","description":"Vitam\u012bnu \u016bdens ar citrona gar\u0161u, cinku un C vitam\u012bnu. Atbalsta norm\u0101lu im\u016bnsist\u0113mas darb\u012bbu. Zems kaloriju saturs, tikai 10 kcal \/ 100 ml. T\u012brs sast\u0101vs.","robots":{"index":"index","follow":"follow","max-snippet":"max-snippet:-1","max-image-preview":"max-image-preview:large","max-video-preview":"max-video-preview:-1"},"canonical":"https:\/\/puhdasplus.ee\/lv\/produkti\/dzerieni\/vitaminu-udens\/vitaminu-udens-ar-cinku-un-c-vitaminu-citronu-garsa-330-ml\/","og_locale":"lv_LV","og_type":"article","og_title":"Vitam\u012bnu \u016bdens ar cinku un C vitam\u012bnu 330 ml | Puhdas+","og_description":"Vitam\u012bnu \u016bdens ar citrona gar\u0161u, cinku un C vitam\u012bnu. Atbalsta norm\u0101lu im\u016bnsist\u0113mas darb\u012bbu. Zems kaloriju saturs, tikai 10 kcal \/ 100 ml. T\u012brs sast\u0101vs.","og_url":"https:\/\/puhdasplus.ee\/lv\/produkti\/dzerieni\/vitaminu-udens\/vitaminu-udens-ar-cinku-un-c-vitaminu-citronu-garsa-330-ml\/","og_site_name":"Puhdas+","article_publisher":"https:\/\/www.facebook.com\/puhdasplus","article_modified_time":"2026-03-30T16:24:50+00:00","og_image":[{"width":1862,"height":2560,"url":"https:\/\/puhdasplus.ee\/wp-content\/uploads\/2025\/09\/4-scaled.jpg","type":"image\/jpeg"}],"twitter_card":"summary_large_image","twitter_misc":{"Est. reading time":"1 minute"},"schema":{"@context":"https:\/\/schema.org","@graph":[{"@type":"WebPage","@id":"https:\/\/puhdasplus.ee\/lv\/produkti\/dzerieni\/vitaminu-udens\/vitaminu-udens-ar-cinku-un-c-vitaminu-citronu-garsa-330-ml\/","url":"https:\/\/puhdasplus.ee\/lv\/produkti\/dzerieni\/vitaminu-udens\/vitaminu-udens-ar-cinku-un-c-vitaminu-citronu-garsa-330-ml\/","name":"Vitam\u012bnu \u016bdens ar cinku un C vitam\u012bnu 330 ml | Puhdas+","isPartOf":{"@id":"https:\/\/puhdasplus.ee\/lv\/#website"},"primaryImageOfPage":{"@id":"https:\/\/puhdasplus.ee\/lv\/produkti\/dzerieni\/vitaminu-udens\/vitaminu-udens-ar-cinku-un-c-vitaminu-citronu-garsa-330-ml\/#primaryimage"},"image":{"@id":"https:\/\/puhdasplus.ee\/lv\/produkti\/dzerieni\/vitaminu-udens\/vitaminu-udens-ar-cinku-un-c-vitaminu-citronu-garsa-330-ml\/#primaryimage"},"thumbnailUrl":"https:\/\/puhdasplus.ee\/wp-content\/uploads\/2025\/09\/4-scaled.jpg","datePublished":"2025-09-16T10:55:48+00:00","dateModified":"2026-03-30T16:24:50+00:00","description":"Vitam\u012bnu \u016bdens ar citrona gar\u0161u, cinku un C vitam\u012bnu. Atbalsta norm\u0101lu im\u016bnsist\u0113mas darb\u012bbu. Zems kaloriju saturs, tikai 10 kcal \/ 100 ml. T\u012brs sast\u0101vs.","breadcrumb":{"@id":"https:\/\/puhdasplus.ee\/lv\/produkti\/dzerieni\/vitaminu-udens\/vitaminu-udens-ar-cinku-un-c-vitaminu-citronu-garsa-330-ml\/#breadcrumb"},"inLanguage":"lv-LV","potentialAction":[{"@type":"ReadAction","target":["https:\/\/puhdasplus.ee\/lv\/produkti\/dzerieni\/vitaminu-udens\/vitaminu-udens-ar-cinku-un-c-vitaminu-citronu-garsa-330-ml\/"]}]},{"@type":"ImageObject","inLanguage":"lv-LV","@id":"https:\/\/puhdasplus.ee\/lv\/produkti\/dzerieni\/vitaminu-udens\/vitaminu-udens-ar-cinku-un-c-vitaminu-citronu-garsa-330-ml\/#primaryimage","url":"https:\/\/puhdasplus.ee\/wp-content\/uploads\/2025\/09\/4-scaled.jpg","contentUrl":"https:\/\/puhdasplus.ee\/wp-content\/uploads\/2025\/09\/4-scaled.jpg","width":1862,"height":2560,"caption":"Vitam\u012bnu \u016bdens ar cinku un C vitam\u012bnu, citronu 330 ml"},{"@type":"BreadcrumbList","@id":"https:\/\/puhdasplus.ee\/lv\/produkti\/dzerieni\/vitaminu-udens\/vitaminu-udens-ar-cinku-un-c-vitaminu-citronu-garsa-330-ml\/#breadcrumb","itemListElement":[{"@type":"ListItem","position":1,"name":"S\u0101kums","item":"https:\/\/puhdasplus.ee\/lv\/"},{"@type":"ListItem","position":2,"name":"Produkti","item":"https:\/\/puhdasplus.ee\/lv\/veikals\/"},{"@type":"ListItem","position":3,"name":"Vitam\u012bnu \u016bdens ar cinku un C vitam\u012bnu, citrona gar\u0161a, 330 ml"}]},{"@type":"WebSite","@id":"https:\/\/puhdasplus.ee\/lv\/#website","url":"https:\/\/puhdasplus.ee\/lv\/","name":"Puhdas+","description":"Vitam\u012bni, uztura bag\u0101tin\u0101t\u0101ji, dab\u012bg\u0101 kosm\u0113tika, vesel\u012bba, sports","publisher":{"@id":"https:\/\/puhdasplus.ee\/lv\/#organization"},"potentialAction":[{"@type":"SearchAction","target":{"@type":"EntryPoint","urlTemplate":"https:\/\/puhdasplus.ee\/lv\/?s={search_term_string}"},"query-input":{"@type":"PropertyValueSpecification","valueRequired":true,"valueName":"search_term_string"}}],"inLanguage":"lv-LV"},{"@type":"Organization","@id":"https:\/\/puhdasplus.ee\/lv\/#organization","name":"Puhdas+","alternateName":"Puhdasplus","url":"https:\/\/puhdasplus.ee\/lv\/","logo":{"@type":"ImageObject","inLanguage":"lv-LV","@id":"https:\/\/puhdasplus.ee\/lv\/#\/schema\/logo\/image\/","url":"https:\/\/puhdasplus.ee\/wp-content\/uploads\/2019\/10\/puhdas_logo-arvele.png","contentUrl":"https:\/\/puhdasplus.ee\/wp-content\/uploads\/2019\/10\/puhdas_logo-arvele.png","width":114,"height":94,"caption":"Puhdas+"},"image":{"@id":"https:\/\/puhdasplus.ee\/lv\/#\/schema\/logo\/image\/"},"sameAs":["https:\/\/www.facebook.com\/puhdasplus","https:\/\/www.instagram.com\/puhdasplus_ee\/"]}]}},"_yoast_wpseo_title":"Vitam\u012bnu \u016bdens ar cinku un C vitam\u012bnu 330 ml | Puhdas+","_yoast_wpseo_metadesc":"Vitam\u012bnu \u016bdens ar citrona gar\u0161u, cinku un C vitam\u012bnu. Atbalsta norm\u0101lu im\u016bnsist\u0113mas darb\u012bbu. Zems kaloriju saturs, tikai 10 kcal \/ 100 ml. T\u012brs sast\u0101vs.","_yoast_wpseo_focuskw":"vitam\u012bnu \u016bdens C vitam\u012bns cinks","_links":{"self":[{"href":"https:\/\/puhdasplus.ee\/lv\/wp-json\/wp\/v2\/product\/354119","targetHints":{"allow":["GET"]}}],"collection":[{"href":"https:\/\/puhdasplus.ee\/lv\/wp-json\/wp\/v2\/product"}],"about":[{"href":"https:\/\/puhdasplus.ee\/lv\/wp-json\/wp\/v2\/types\/product"}],"replies":[{"embeddable":true,"href":"https:\/\/puhdasplus.ee\/lv\/wp-json\/wp\/v2\/comments?post=354119"}],"wp:featuredmedia":[{"embeddable":true,"href":"https:\/\/puhdasplus.ee\/lv\/wp-json\/wp\/v2\/media\/353911"}],"wp:attachment":[{"href":"https:\/\/puhdasplus.ee\/lv\/wp-json\/wp\/v2\/media?parent=354119"}],"wp:term":[{"taxonomy":"product_brand","embeddable":true,"href":"https:\/\/puhdasplus.ee\/lv\/wp-json\/wp\/v2\/product_brand?post=354119"},{"taxonomy":"product_cat","embeddable":true,"href":"https:\/\/puhdasplus.ee\/lv\/wp-json\/wp\/v2\/product_cat?post=354119"},{"taxonomy":"product_tag","embeddable":true,"href":"https:\/\/puhdasplus.ee\/lv\/wp-json\/wp\/v2\/product_tag?post=354119"}],"curies":[{"name":"wp","href":"https:\/\/api.w.org\/{rel}","templated":true}]}}