{"id":353618,"date":"2019-11-23T21:21:18","date_gmt":"2019-11-23T19:21:18","guid":{"rendered":"https:\/\/puhdasplus.ee\/tooted\/uncategorized\/kolagena-pulveris-250-g\/"},"modified":"2026-04-28T21:55:48","modified_gmt":"2026-04-28T18:55:48","slug":"kolagena-pulveris-250-g","status":"publish","type":"product","link":"https:\/\/puhdasplus.ee\/lv\/produkti\/ada-mati-nagi\/kolagens\/kolagena-pulveris-250-g\/","title":{"rendered":"Kolag\u0113na pulveris 250 g"},"content":{"rendered":"<h2><strong>Collagen Natural<\/strong> ir t\u012brs hidroliz\u0113ts zivju kolag\u0113na pulveris, kas atbalsta \u0101das, matu, nagu un loc\u012btavu vesel\u012bbu.<\/h2>\n<p>Bezgar\u0161\u012bgais un piedev\u0101m nesaturo\u0161ais pulveris viegli sajaucas ar da\u017e\u0101diem dz\u0113rieniem un p\u0101rtikas produktiem, piem\u0113ram, \u016bdeni, sulu, jogurtu vai sm\u016btijiem. Kolag\u0113ns ir b\u016btiska olbaltumviela, kas veido aptuveni 30% no cilv\u0113ka \u0137erme\u0146a olbaltumviel\u0101m un kam ir galven\u0101 loma \u0101das elast\u012bbas un loc\u012btavu funkcijas nodro\u0161in\u0101\u0161an\u0101. P\u0113c 25 gadu vecuma organisma kolag\u0113na ra\u017eo\u0161ana s\u0101k samazin\u0101ties, t\u0101p\u0113c uztura bag\u0101tin\u0101t\u0101ju lieto\u0161ana var b\u016bt labv\u0113l\u012bga.   <\/p>\n<h4><strong>Kolag\u0113na galven\u0101s \u012bpa\u0161\u012bbas:<\/strong><\/h4>\n<ul>\n<li><strong>T\u012brs hidroliz\u0113ts zivju kolag\u0113ns:<\/strong> atbalsta \u0101das elast\u012bbu, matu stipr\u012bbu un loc\u012btavu kust\u012bgumu.<\/li>\n<li><strong>Bez gar\u0161as un piedev\u0101m:<\/strong> Nesatur konservantus, kr\u0101svielas vai citas piedevas; viegli pievienot da\u017e\u0101diem dz\u0113rieniem un \u0113dieniem.<\/li>\n<li><strong>Viegli uzs\u016bcas:<\/strong> Hidroliz\u0113t\u0101 forma nodro\u0161ina lab\u0101ku uzs\u016bk\u0161anos organism\u0101.<\/li>\n<\/ul>\n<p><strong>Lieto\u0161ana:<\/strong> Ieteicam\u0101 dienas deva ir 1 \u0113damkarote (aptuveni 8 g). Sajauciet pulveri gl\u0101z\u0113 \u016bdens, sulas, jogurta vai sm\u016btija un nekav\u0113joties izdzeriet.  Nep\u0101rsniedziet ieteicamo dienas devu. Uztura bag\u0101tin\u0101t\u0101js neaizst\u0101j daudzveid\u012bgu un sabalans\u0113tu uzturu vai vesel\u012bgu dz\u012bvesveidu. Sarg\u0101t no b\u0113rniem.<\/p>\n<p><strong>Sast\u0101vda\u013cas:<\/strong> Hidroliz\u0113ts zivju kolag\u0113ns. Nesatur laktozi, raugu, glut\u0113nu, cukuru, s\u0101li, cieti, kukur\u016bzu vai soju. <\/p>\n<p><strong>Uzturv\u0113rt\u012bbas inform\u0101cija (1 \u0113damkarote \/ 8 g):<\/strong><\/p>\n<ul>\n<li><strong>Zivju kolag\u0113ns:<\/strong> 8 g<\/li>\n<\/ul>\n<p><strong>Skat\u012bt ar\u012b:<\/strong> <a href=\"https:\/\/puhdasplus.ee\/toote-kategooria\/kollageen\/\">Kolag\u0113ns<\/a> | <a href=\"https:\/\/puhdasplus.ee\/toote-kategooria\/nahk-juuksed-kuuned\/\">Nahk, juuksed, k\u00fc\u00fcned<\/a> | <a href=\"https:\/\/puhdasplus.ee\/toote-kategooria\/liigesed-lihased-ja-luud\/\">Loc\u012btavas, musku\u013ci un kauli<\/a><\/p>\n","protected":false},"excerpt":{"rendered":"<p><strong>Collagen Natural<\/strong> ir t\u012brs un bezgar\u0161\u012bgs hidroliz\u0113ts zivju kolag\u0113na pulveris, kas atbalsta vesel\u012bgu \u0101du, matus, nagus un loc\u012btavas. Viegli sajaucams ar da\u017e\u0101diem dz\u0113rieniem un \u0113dieniem.<\/p>\n","protected":false},"featured_media":353623,"comment_status":"closed","ping_status":"closed","template":"","meta":{"_acf_changed":false,"googlesitekit_rrm_CAow3eq7DA:productID":""},"product_brand":[],"product_cat":[3296,4069],"product_tag":[2630,8349,3299,3202,8377,8995,8999,8302,3484,7889,3206],"class_list":{"0":"post-353618","1":"product","2":"type-product","3":"status-publish","4":"has-post-thumbnail","6":"product_cat-ada-mati-nagi","7":"product_cat-kolagens","8":"product_tag-adas-kopsana","9":"product_tag-bez-laktozes","10":"product_tag-biotins","11":"product_tag-c-vitamins","12":"product_tag-dabigs","13":"product_tag-hidrolizets-kolagens-lv","14":"product_tag-juras-kolagens-lv","15":"product_tag-kolagena-pulveris","16":"product_tag-kolagens","17":"product_tag-pulveris","18":"product_tag-uztura-bagatinatajs","20":"first","21":"instock","22":"taxable","23":"shipping-taxable","24":"purchasable","25":"product-type-simple"},"acf":[],"yoast_head":"<!-- This site is optimized with the Yoast SEO plugin v27.5 - https:\/\/yoast.com\/product\/yoast-seo-wordpress\/ -->\n<title>Kolag\u0113na pulveris 250 g | Puhdas+<\/title>\n<meta name=\"description\" content=\"Dab\u012bgais kolag\u0113ns 250 g \u2013 t\u012brs hidroliz\u0113ts zivju kolag\u0113na pulveris \u0101das, matu un loc\u012btavu vesel\u012bbas atbalstam. Viegli pievienot dz\u0113rieniem un \u0113dieniem.\" \/>\n<meta name=\"robots\" content=\"index, follow, max-snippet:-1, max-image-preview:large, max-video-preview:-1\" \/>\n<link rel=\"canonical\" href=\"https:\/\/puhdasplus.ee\/lv\/produkti\/ada-mati-nagi\/kolagens\/kolagena-pulveris-250-g\/\" \/>\n<meta property=\"og:locale\" content=\"lv_LV\" \/>\n<meta property=\"og:type\" content=\"article\" \/>\n<meta property=\"og:title\" content=\"Kolag\u0113na pulveris 250 g | Puhdas+\" \/>\n<meta property=\"og:description\" content=\"Dab\u012bgais kolag\u0113ns 250 g \u2013 t\u012brs hidroliz\u0113ts zivju kolag\u0113na pulveris \u0101das, matu un loc\u012btavu vesel\u012bbas atbalstam. Viegli pievienot dz\u0113rieniem un \u0113dieniem.\" \/>\n<meta property=\"og:url\" content=\"https:\/\/puhdasplus.ee\/lv\/produkti\/ada-mati-nagi\/kolagens\/kolagena-pulveris-250-g\/\" \/>\n<meta property=\"og:site_name\" content=\"Puhdas+\" \/>\n<meta property=\"article:publisher\" content=\"https:\/\/www.facebook.com\/puhdasplus\" \/>\n<meta property=\"article:modified_time\" content=\"2026-04-28T18:55:48+00:00\" \/>\n<meta property=\"og:image\" content=\"https:\/\/puhdasplus.ee\/wp-content\/uploads\/2025\/03\/38.jpg\" \/>\n\t<meta property=\"og:image:width\" content=\"1862\" \/>\n\t<meta property=\"og:image:height\" content=\"2560\" \/>\n\t<meta property=\"og:image:type\" content=\"image\/jpeg\" \/>\n<meta name=\"twitter:card\" content=\"summary_large_image\" \/>\n<meta name=\"twitter:label1\" content=\"Est. reading time\" \/>\n\t<meta name=\"twitter:data1\" content=\"1 minute\" \/>\n<script type=\"application\/ld+json\" class=\"yoast-schema-graph\">{\"@context\":\"https:\\\/\\\/schema.org\",\"@graph\":[{\"@type\":\"WebPage\",\"@id\":\"https:\\\/\\\/puhdasplus.ee\\\/lv\\\/produkti\\\/ada-mati-nagi\\\/kolagens\\\/kolagena-pulveris-250-g\\\/\",\"url\":\"https:\\\/\\\/puhdasplus.ee\\\/lv\\\/produkti\\\/ada-mati-nagi\\\/kolagens\\\/kolagena-pulveris-250-g\\\/\",\"name\":\"Kolag\u0113na pulveris 250 g | Puhdas+\",\"isPartOf\":{\"@id\":\"https:\\\/\\\/puhdasplus.ee\\\/lv\\\/#website\"},\"primaryImageOfPage\":{\"@id\":\"https:\\\/\\\/puhdasplus.ee\\\/lv\\\/produkti\\\/ada-mati-nagi\\\/kolagens\\\/kolagena-pulveris-250-g\\\/#primaryimage\"},\"image\":{\"@id\":\"https:\\\/\\\/puhdasplus.ee\\\/lv\\\/produkti\\\/ada-mati-nagi\\\/kolagens\\\/kolagena-pulveris-250-g\\\/#primaryimage\"},\"thumbnailUrl\":\"https:\\\/\\\/puhdasplus.ee\\\/wp-content\\\/uploads\\\/2025\\\/03\\\/38.jpg\",\"datePublished\":\"2019-11-23T19:21:18+00:00\",\"dateModified\":\"2026-04-28T18:55:48+00:00\",\"description\":\"Dab\u012bgais kolag\u0113ns 250 g \u2013 t\u012brs hidroliz\u0113ts zivju kolag\u0113na pulveris \u0101das, matu un loc\u012btavu vesel\u012bbas atbalstam. Viegli pievienot dz\u0113rieniem un \u0113dieniem.\",\"breadcrumb\":{\"@id\":\"https:\\\/\\\/puhdasplus.ee\\\/lv\\\/produkti\\\/ada-mati-nagi\\\/kolagens\\\/kolagena-pulveris-250-g\\\/#breadcrumb\"},\"inLanguage\":\"lv-LV\",\"potentialAction\":[{\"@type\":\"ReadAction\",\"target\":[\"https:\\\/\\\/puhdasplus.ee\\\/lv\\\/produkti\\\/ada-mati-nagi\\\/kolagens\\\/kolagena-pulveris-250-g\\\/\"]}]},{\"@type\":\"ImageObject\",\"inLanguage\":\"lv-LV\",\"@id\":\"https:\\\/\\\/puhdasplus.ee\\\/lv\\\/produkti\\\/ada-mati-nagi\\\/kolagens\\\/kolagena-pulveris-250-g\\\/#primaryimage\",\"url\":\"https:\\\/\\\/puhdasplus.ee\\\/wp-content\\\/uploads\\\/2025\\\/03\\\/38.jpg\",\"contentUrl\":\"https:\\\/\\\/puhdasplus.ee\\\/wp-content\\\/uploads\\\/2025\\\/03\\\/38.jpg\",\"width\":1862,\"height\":2560,\"caption\":\"Kolag\u0113na pulveris 250 g\"},{\"@type\":\"BreadcrumbList\",\"@id\":\"https:\\\/\\\/puhdasplus.ee\\\/lv\\\/produkti\\\/ada-mati-nagi\\\/kolagens\\\/kolagena-pulveris-250-g\\\/#breadcrumb\",\"itemListElement\":[{\"@type\":\"ListItem\",\"position\":1,\"name\":\"S\u0101kums\",\"item\":\"https:\\\/\\\/puhdasplus.ee\\\/lv\\\/\"},{\"@type\":\"ListItem\",\"position\":2,\"name\":\"Produkti\",\"item\":\"https:\\\/\\\/puhdasplus.ee\\\/lv\\\/veikals\\\/\"},{\"@type\":\"ListItem\",\"position\":3,\"name\":\"Kolag\u0113na pulveris 250 g\"}]},{\"@type\":\"WebSite\",\"@id\":\"https:\\\/\\\/puhdasplus.ee\\\/lv\\\/#website\",\"url\":\"https:\\\/\\\/puhdasplus.ee\\\/lv\\\/\",\"name\":\"Puhdas+\",\"description\":\"Vitam\u012bni, uztura bag\u0101tin\u0101t\u0101ji, dab\u012bg\u0101 kosm\u0113tika, vesel\u012bba, sports\",\"publisher\":{\"@id\":\"https:\\\/\\\/puhdasplus.ee\\\/lv\\\/#organization\"},\"potentialAction\":[{\"@type\":\"SearchAction\",\"target\":{\"@type\":\"EntryPoint\",\"urlTemplate\":\"https:\\\/\\\/puhdasplus.ee\\\/lv\\\/?s={search_term_string}\"},\"query-input\":{\"@type\":\"PropertyValueSpecification\",\"valueRequired\":true,\"valueName\":\"search_term_string\"}}],\"inLanguage\":\"lv-LV\"},{\"@type\":\"Organization\",\"@id\":\"https:\\\/\\\/puhdasplus.ee\\\/lv\\\/#organization\",\"name\":\"Puhdas+\",\"alternateName\":\"Puhdasplus\",\"url\":\"https:\\\/\\\/puhdasplus.ee\\\/lv\\\/\",\"logo\":{\"@type\":\"ImageObject\",\"inLanguage\":\"lv-LV\",\"@id\":\"https:\\\/\\\/puhdasplus.ee\\\/lv\\\/#\\\/schema\\\/logo\\\/image\\\/\",\"url\":\"https:\\\/\\\/puhdasplus.ee\\\/wp-content\\\/uploads\\\/2019\\\/10\\\/puhdas_logo-arvele.png\",\"contentUrl\":\"https:\\\/\\\/puhdasplus.ee\\\/wp-content\\\/uploads\\\/2019\\\/10\\\/puhdas_logo-arvele.png\",\"width\":114,\"height\":94,\"caption\":\"Puhdas+\"},\"image\":{\"@id\":\"https:\\\/\\\/puhdasplus.ee\\\/lv\\\/#\\\/schema\\\/logo\\\/image\\\/\"},\"sameAs\":[\"https:\\\/\\\/www.facebook.com\\\/puhdasplus\",\"https:\\\/\\\/www.instagram.com\\\/puhdasplus_ee\\\/\"]}]}<\/script>\n<!-- \/ Yoast SEO plugin. -->","yoast_head_json":{"title":"Kolag\u0113na pulveris 250 g | Puhdas+","description":"Dab\u012bgais kolag\u0113ns 250 g \u2013 t\u012brs hidroliz\u0113ts zivju kolag\u0113na pulveris \u0101das, matu un loc\u012btavu vesel\u012bbas atbalstam. Viegli pievienot dz\u0113rieniem un \u0113dieniem.","robots":{"index":"index","follow":"follow","max-snippet":"max-snippet:-1","max-image-preview":"max-image-preview:large","max-video-preview":"max-video-preview:-1"},"canonical":"https:\/\/puhdasplus.ee\/lv\/produkti\/ada-mati-nagi\/kolagens\/kolagena-pulveris-250-g\/","og_locale":"lv_LV","og_type":"article","og_title":"Kolag\u0113na pulveris 250 g | Puhdas+","og_description":"Dab\u012bgais kolag\u0113ns 250 g \u2013 t\u012brs hidroliz\u0113ts zivju kolag\u0113na pulveris \u0101das, matu un loc\u012btavu vesel\u012bbas atbalstam. Viegli pievienot dz\u0113rieniem un \u0113dieniem.","og_url":"https:\/\/puhdasplus.ee\/lv\/produkti\/ada-mati-nagi\/kolagens\/kolagena-pulveris-250-g\/","og_site_name":"Puhdas+","article_publisher":"https:\/\/www.facebook.com\/puhdasplus","article_modified_time":"2026-04-28T18:55:48+00:00","og_image":[{"width":1862,"height":2560,"url":"https:\/\/puhdasplus.ee\/wp-content\/uploads\/2025\/03\/38.jpg","type":"image\/jpeg"}],"twitter_card":"summary_large_image","twitter_misc":{"Est. reading time":"1 minute"},"schema":{"@context":"https:\/\/schema.org","@graph":[{"@type":"WebPage","@id":"https:\/\/puhdasplus.ee\/lv\/produkti\/ada-mati-nagi\/kolagens\/kolagena-pulveris-250-g\/","url":"https:\/\/puhdasplus.ee\/lv\/produkti\/ada-mati-nagi\/kolagens\/kolagena-pulveris-250-g\/","name":"Kolag\u0113na pulveris 250 g | Puhdas+","isPartOf":{"@id":"https:\/\/puhdasplus.ee\/lv\/#website"},"primaryImageOfPage":{"@id":"https:\/\/puhdasplus.ee\/lv\/produkti\/ada-mati-nagi\/kolagens\/kolagena-pulveris-250-g\/#primaryimage"},"image":{"@id":"https:\/\/puhdasplus.ee\/lv\/produkti\/ada-mati-nagi\/kolagens\/kolagena-pulveris-250-g\/#primaryimage"},"thumbnailUrl":"https:\/\/puhdasplus.ee\/wp-content\/uploads\/2025\/03\/38.jpg","datePublished":"2019-11-23T19:21:18+00:00","dateModified":"2026-04-28T18:55:48+00:00","description":"Dab\u012bgais kolag\u0113ns 250 g \u2013 t\u012brs hidroliz\u0113ts zivju kolag\u0113na pulveris \u0101das, matu un loc\u012btavu vesel\u012bbas atbalstam. Viegli pievienot dz\u0113rieniem un \u0113dieniem.","breadcrumb":{"@id":"https:\/\/puhdasplus.ee\/lv\/produkti\/ada-mati-nagi\/kolagens\/kolagena-pulveris-250-g\/#breadcrumb"},"inLanguage":"lv-LV","potentialAction":[{"@type":"ReadAction","target":["https:\/\/puhdasplus.ee\/lv\/produkti\/ada-mati-nagi\/kolagens\/kolagena-pulveris-250-g\/"]}]},{"@type":"ImageObject","inLanguage":"lv-LV","@id":"https:\/\/puhdasplus.ee\/lv\/produkti\/ada-mati-nagi\/kolagens\/kolagena-pulveris-250-g\/#primaryimage","url":"https:\/\/puhdasplus.ee\/wp-content\/uploads\/2025\/03\/38.jpg","contentUrl":"https:\/\/puhdasplus.ee\/wp-content\/uploads\/2025\/03\/38.jpg","width":1862,"height":2560,"caption":"Kolag\u0113na pulveris 250 g"},{"@type":"BreadcrumbList","@id":"https:\/\/puhdasplus.ee\/lv\/produkti\/ada-mati-nagi\/kolagens\/kolagena-pulveris-250-g\/#breadcrumb","itemListElement":[{"@type":"ListItem","position":1,"name":"S\u0101kums","item":"https:\/\/puhdasplus.ee\/lv\/"},{"@type":"ListItem","position":2,"name":"Produkti","item":"https:\/\/puhdasplus.ee\/lv\/veikals\/"},{"@type":"ListItem","position":3,"name":"Kolag\u0113na pulveris 250 g"}]},{"@type":"WebSite","@id":"https:\/\/puhdasplus.ee\/lv\/#website","url":"https:\/\/puhdasplus.ee\/lv\/","name":"Puhdas+","description":"Vitam\u012bni, uztura bag\u0101tin\u0101t\u0101ji, dab\u012bg\u0101 kosm\u0113tika, vesel\u012bba, sports","publisher":{"@id":"https:\/\/puhdasplus.ee\/lv\/#organization"},"potentialAction":[{"@type":"SearchAction","target":{"@type":"EntryPoint","urlTemplate":"https:\/\/puhdasplus.ee\/lv\/?s={search_term_string}"},"query-input":{"@type":"PropertyValueSpecification","valueRequired":true,"valueName":"search_term_string"}}],"inLanguage":"lv-LV"},{"@type":"Organization","@id":"https:\/\/puhdasplus.ee\/lv\/#organization","name":"Puhdas+","alternateName":"Puhdasplus","url":"https:\/\/puhdasplus.ee\/lv\/","logo":{"@type":"ImageObject","inLanguage":"lv-LV","@id":"https:\/\/puhdasplus.ee\/lv\/#\/schema\/logo\/image\/","url":"https:\/\/puhdasplus.ee\/wp-content\/uploads\/2019\/10\/puhdas_logo-arvele.png","contentUrl":"https:\/\/puhdasplus.ee\/wp-content\/uploads\/2019\/10\/puhdas_logo-arvele.png","width":114,"height":94,"caption":"Puhdas+"},"image":{"@id":"https:\/\/puhdasplus.ee\/lv\/#\/schema\/logo\/image\/"},"sameAs":["https:\/\/www.facebook.com\/puhdasplus","https:\/\/www.instagram.com\/puhdasplus_ee\/"]}]}},"_yoast_wpseo_title":"Kolag\u0113na pulveris 250 g | Puhdas+","_yoast_wpseo_metadesc":"Dab\u012bgais kolag\u0113ns 250 g \u2013 t\u012brs hidroliz\u0113ts zivju kolag\u0113na pulveris \u0101das, matu un loc\u012btavu vesel\u012bbas atbalstam. Viegli pievienot dz\u0113rieniem un \u0113dieniem.","_yoast_wpseo_focuskw":"","_links":{"self":[{"href":"https:\/\/puhdasplus.ee\/lv\/wp-json\/wp\/v2\/product\/353618","targetHints":{"allow":["GET"]}}],"collection":[{"href":"https:\/\/puhdasplus.ee\/lv\/wp-json\/wp\/v2\/product"}],"about":[{"href":"https:\/\/puhdasplus.ee\/lv\/wp-json\/wp\/v2\/types\/product"}],"replies":[{"embeddable":true,"href":"https:\/\/puhdasplus.ee\/lv\/wp-json\/wp\/v2\/comments?post=353618"}],"wp:featuredmedia":[{"embeddable":true,"href":"https:\/\/puhdasplus.ee\/lv\/wp-json\/wp\/v2\/media\/353623"}],"wp:attachment":[{"href":"https:\/\/puhdasplus.ee\/lv\/wp-json\/wp\/v2\/media?parent=353618"}],"wp:term":[{"taxonomy":"product_brand","embeddable":true,"href":"https:\/\/puhdasplus.ee\/lv\/wp-json\/wp\/v2\/product_brand?post=353618"},{"taxonomy":"product_cat","embeddable":true,"href":"https:\/\/puhdasplus.ee\/lv\/wp-json\/wp\/v2\/product_cat?post=353618"},{"taxonomy":"product_tag","embeddable":true,"href":"https:\/\/puhdasplus.ee\/lv\/wp-json\/wp\/v2\/product_tag?post=353618"}],"curies":[{"name":"wp","href":"https:\/\/api.w.org\/{rel}","templated":true}]}}