{"id":353594,"date":"2019-11-23T20:51:10","date_gmt":"2019-11-23T18:51:10","guid":{"rendered":"https:\/\/puhdasplus.ee\/tooted\/uncategorized\/l-glutamina-pulveris-200-g\/"},"modified":"2026-04-07T20:09:24","modified_gmt":"2026-04-07T17:09:24","slug":"l-glutamina-pulveris-200-g","status":"publish","type":"product","link":"https:\/\/puhdasplus.ee\/lv\/produkti\/locitavas-muskuli-un-kauli\/l-glutamina-pulveris-200-g\/","title":{"rendered":"L-glutam\u012bns 200 g"},"content":{"rendered":"<h2>Kas ir Puhdas+ L-glutam\u012bns?<\/h2>\n<p>Puhdas+ L-glutam\u012bns ir 100% t\u012brs un augstas kvalit\u0101tes uztura bag\u0101tin\u0101t\u0101js, kas satur tikai L-glutam\u012bnu \u2013 aminosk\u0101bi, ko organisms intens\u012bvi izmanto fizisk\u0101s slodzes, slim\u012bbas vai stresa laik\u0101. Glutam\u012bns ir viena no visizplat\u012bt\u0101kaj\u0101m aminosk\u0101b\u0113m organism\u0101 un tam ir svar\u012bga loma <strong>musku\u013cu audu uztur\u0113\u0161an\u0101<\/strong> , <strong>zarnu g\u013cot\u0101das atjauno\u0161an\u0101<\/strong> un <strong>im\u016bnsist\u0113mas atbalst\u012b\u0161an\u0101<\/strong> . <\/p>\n<p>Produkts ir ra\u017eots Somij\u0101 atbilsto\u0161i augstiem kvalit\u0101tes standartiem un nesatur konservantus, kr\u0101svielas vai m\u0101ksl\u012bgas piedevas. Piem\u0113rots ar\u012b veg\u0101niem. <\/p>\n<h2>K\u0101p\u0113c glutam\u012bns ir noder\u012bgs?<\/h2>\n<h3>Musku\u013cu atjauno\u0161an\u0101s<\/h3>\n<p><b>Glutam\u012bns ir neaizvietojama aminosk\u0101be, ko organisms izmanto intens\u012bvas fiziskas slodzes laik\u0101 un p\u0113c t\u0101s.<\/b> To bie\u017ei lieto k\u0101 uztura bag\u0101tin\u0101t\u0101ju p\u0113c treni\u0146a k\u0101 da\u013cu no fitnesa un atjauno\u0161an\u0101s atbalsta programmas.<\/p>\n<h3>Zarnu vesel\u012bba<\/h3>\n<p>Glutam\u012bns piedal\u0101s zarnu g\u013cot\u0101das un \u0161\u016bnu atjauno\u0161an\u0101s procesos, t\u0101d\u0113j\u0101di b\u016bdams viena no aminosk\u0101b\u0113m, ko organisms izmanto <b>gremo\u0161anas trakta labsaj\u016btas atbalstam.<\/b><\/p>\n<h3>Im\u016bnsist\u0113mas atbalsts<\/h3>\n<p>Organisms izmanto glutam\u012bnu, lai uztur\u0113tu sp\u0113c\u012bgu im\u016bnsist\u0113mu. Lietojot to k\u0101 uztura bag\u0101tin\u0101t\u0101ju, tas pal\u012bdz atbalst\u012bt organisma dabisk\u0101s aizsargsp\u0113jas. <\/p>\n<h2>Kam tas ir piem\u0113rots?<\/h2>\n<ul>\n<li>\n<p>Sportistiem un cilv\u0113kiem ar akt\u012bvu dz\u012bvesveidu<\/p>\n<\/li>\n<li>\n<p>Tiem, kas v\u0113las uzlabot atjauno\u0161anos p\u0113c treni\u0146a<\/p>\n<\/li>\n<li>\n<p>Cilv\u0113kiem, kuri v\u0113las atbalst\u012bt gremo\u0161anas un zarnu trakta labsaj\u016btu<\/p>\n<\/li>\n<li>\n<p>Tiem, kas mekl\u0113 uztura bag\u0101tin\u0101t\u0101ju bez piedev\u0101m un t\u012br\u0101m sast\u0101vda\u013c\u0101m<\/p>\n<\/li>\n<li>\n<p>Veg\u0101niem un lietot\u0101jiem ar jut\u012bgu gremo\u0161anu<\/p>\n<\/li>\n<\/ul>\n<h2>Lietojums<\/h2>\n<p><strong>Ieteicam\u0101 dienas deva<\/strong> : 1\u20132 t\u0113jkarotes (2,6\u20135,2 g) dien\u0101.<br \/> Sajauciet ar \u016bdeni, sulu vai pievienojiet sm\u016btijiem.<\/p>\n<p>Uztura bag\u0101tin\u0101t\u0101js neaizst\u0101j daudzveid\u012bgu uzturu vai vesel\u012bgu dz\u012bvesveidu. Sarg\u0101t no b\u0113rniem. <\/p>\n<h2>Sast\u0101vs<\/h2>\n<ul>\n<li>\n<p>100% L-glutam\u012bns<\/p>\n<\/li>\n<\/ul>\n<p><strong>Nesatur<\/strong> : glut\u0113nu, laktozi, raugu, cukuru, s\u0101li, saldin\u0101t\u0101jus vai citas m\u0101ksl\u012bgas piedevas.<br \/> Piem\u0113rots veg\u0101niem.<\/p>\n<h2>Uzturv\u0113rt\u012bba (1 porcija)<\/h2>\n<ul>\n<li>\n<p>L-glutam\u012bns: 2,6\u20135,2 g (atkar\u012bb\u0101 no devas)<\/p>\n<\/li>\n<\/ul>\n<p><strong>Skat\u012bt ar\u012b:<\/strong> <a href=\"https:\/\/puhdasplus.ee\/toote-kategooria\/aminohapped\/\">Aminosk\u0101bes<\/a> | <a href=\"https:\/\/puhdasplus.ee\/toote-kategooria\/liigesed-lihased-ja-luud\/\">Loc\u012btavas, musku\u013ci un kauli<\/a> | <a href=\"https:\/\/puhdasplus.ee\/lv\/sport\/\">Sports<\/a><\/p>\n","protected":false},"excerpt":{"rendered":"<p><b>Puhdas+ L-glutam\u012bns 200 g<\/b> ir 100% t\u012brs glutam\u012bna pulveris, kas atbalsta musku\u013cu atjauno\u0161anos, gremo\u0161anas labsaj\u016btu un \u0137erme\u0146a visp\u0101r\u0113jo l\u012bdzsvaru. Glutam\u012bns ir visizplat\u012bt\u0101k\u0101 aminosk\u0101be organism\u0101, kuras nepiecie\u0161am\u012bba var palielin\u0101ties fiziskas slodzes vai stresa periodos. Tas piedal\u0101s musku\u013cu un zarnu \u0161\u016bnu atjauno\u0161an\u0101s procesos un veicina norm\u0101lu organisma darb\u012bbu. Pulveris ir viegli lietojams \u2013 sajauciet ar \u016bdeni, sulu vai pievienojiet sm\u016btijam. Lieliski piem\u0113rots sportistiem, akt\u012bviem cilv\u0113kiem un ikvienam, kur\u0161 v\u0113las atbalst\u012bt savu visp\u0101r\u0113jo labsaj\u016btu ar t\u012bru un dab\u012bgu uztura bag\u0101tin\u0101t\u0101ju. Produkts nesatur piedevas, glut\u0113nu, laktozi vai saldin\u0101t\u0101jus un ir piem\u0113rots ar\u012b veg\u0101niem.     <\/p>\n","protected":false},"featured_media":353596,"comment_status":"closed","ping_status":"closed","template":"","meta":{"_acf_changed":false,"googlesitekit_rrm_CAow3eq7DA:productID":""},"product_brand":[],"product_cat":[3509,3483],"product_tag":[8361,8349,8377,3041,3225,8373,7893,3206,2974],"class_list":{"0":"post-353594","1":"product","2":"type-product","3":"status-publish","4":"has-post-thumbnail","6":"product_cat-aminoskabes","7":"product_cat-locitavas-muskuli-un-kauli","8":"product_tag-aminoskbes-lv","9":"product_tag-bez-laktozes-lv","10":"product_tag-dabgs-lv","11":"product_tag-imunitate","12":"product_tag-muskuli-un-locitavas","13":"product_tag-somijas-kvalitte-lv","14":"product_tag-sporta-uzturs","15":"product_tag-uztura-bagatinatajs","16":"product_tag-vegans","18":"first","19":"instock","20":"featured","21":"taxable","22":"shipping-taxable","23":"purchasable","24":"product-type-simple"},"acf":[],"yoast_head":"<!-- This site is optimized with the Yoast SEO plugin v27.3 - https:\/\/yoast.com\/product\/yoast-seo-wordpress\/ -->\n<title>L-glutam\u012bns 200 g | Puhdas+<\/title>\n<meta name=\"description\" content=\"T\u012brs L-glutam\u012bna pulveris musku\u013cu atjauno\u0161anai, zarnu trakta atbalstam un imunit\u0101tei. Bez piedev\u0101m un veg\u0101niem draudz\u012bgs. Ide\u0101li piem\u0113rots akt\u012bvam dz\u012bvesveidam.\" \/>\n<meta name=\"robots\" content=\"index, follow, max-snippet:-1, max-image-preview:large, max-video-preview:-1\" \/>\n<link rel=\"canonical\" href=\"https:\/\/puhdasplus.ee\/lv\/produkti\/locitavas-muskuli-un-kauli\/l-glutamina-pulveris-200-g\/\" \/>\n<meta property=\"og:locale\" content=\"lv_LV\" \/>\n<meta property=\"og:type\" content=\"article\" \/>\n<meta property=\"og:title\" content=\"L-glutam\u012bns 200 g | Puhdas+\" \/>\n<meta property=\"og:description\" content=\"T\u012brs L-glutam\u012bna pulveris musku\u013cu atjauno\u0161anai, zarnu trakta atbalstam un imunit\u0101tei. Bez piedev\u0101m un veg\u0101niem draudz\u012bgs. Ide\u0101li piem\u0113rots akt\u012bvam dz\u012bvesveidam.\" \/>\n<meta property=\"og:url\" content=\"https:\/\/puhdasplus.ee\/lv\/produkti\/locitavas-muskuli-un-kauli\/l-glutamina-pulveris-200-g\/\" \/>\n<meta property=\"og:site_name\" content=\"Puhdas+\" \/>\n<meta property=\"article:publisher\" content=\"https:\/\/www.facebook.com\/puhdasplus\" \/>\n<meta property=\"article:modified_time\" content=\"2026-04-07T17:09:24+00:00\" \/>\n<meta property=\"og:image\" content=\"https:\/\/puhdasplus.ee\/wp-content\/uploads\/2025\/03\/37.jpg\" \/>\n\t<meta property=\"og:image:width\" content=\"1862\" \/>\n\t<meta property=\"og:image:height\" content=\"2560\" \/>\n\t<meta property=\"og:image:type\" content=\"image\/jpeg\" \/>\n<meta name=\"twitter:card\" content=\"summary_large_image\" \/>\n<meta name=\"twitter:label1\" content=\"Est. reading time\" \/>\n\t<meta name=\"twitter:data1\" content=\"2 min\u016btes\" \/>\n<script type=\"application\/ld+json\" class=\"yoast-schema-graph\">{\"@context\":\"https:\\\/\\\/schema.org\",\"@graph\":[{\"@type\":\"WebPage\",\"@id\":\"https:\\\/\\\/puhdasplus.ee\\\/lv\\\/produkti\\\/locitavas-muskuli-un-kauli\\\/l-glutamina-pulveris-200-g\\\/\",\"url\":\"https:\\\/\\\/puhdasplus.ee\\\/lv\\\/produkti\\\/locitavas-muskuli-un-kauli\\\/l-glutamina-pulveris-200-g\\\/\",\"name\":\"L-glutam\u012bns 200 g | Puhdas+\",\"isPartOf\":{\"@id\":\"https:\\\/\\\/puhdasplus.ee\\\/lv\\\/#website\"},\"primaryImageOfPage\":{\"@id\":\"https:\\\/\\\/puhdasplus.ee\\\/lv\\\/produkti\\\/locitavas-muskuli-un-kauli\\\/l-glutamina-pulveris-200-g\\\/#primaryimage\"},\"image\":{\"@id\":\"https:\\\/\\\/puhdasplus.ee\\\/lv\\\/produkti\\\/locitavas-muskuli-un-kauli\\\/l-glutamina-pulveris-200-g\\\/#primaryimage\"},\"thumbnailUrl\":\"https:\\\/\\\/puhdasplus.ee\\\/wp-content\\\/uploads\\\/2025\\\/03\\\/37.jpg\",\"datePublished\":\"2019-11-23T18:51:10+00:00\",\"dateModified\":\"2026-04-07T17:09:24+00:00\",\"description\":\"T\u012brs L-glutam\u012bna pulveris musku\u013cu atjauno\u0161anai, zarnu trakta atbalstam un imunit\u0101tei. Bez piedev\u0101m un veg\u0101niem draudz\u012bgs. Ide\u0101li piem\u0113rots akt\u012bvam dz\u012bvesveidam.\",\"breadcrumb\":{\"@id\":\"https:\\\/\\\/puhdasplus.ee\\\/lv\\\/produkti\\\/locitavas-muskuli-un-kauli\\\/l-glutamina-pulveris-200-g\\\/#breadcrumb\"},\"inLanguage\":\"lv-LV\",\"potentialAction\":[{\"@type\":\"ReadAction\",\"target\":[\"https:\\\/\\\/puhdasplus.ee\\\/lv\\\/produkti\\\/locitavas-muskuli-un-kauli\\\/l-glutamina-pulveris-200-g\\\/\"]}]},{\"@type\":\"ImageObject\",\"inLanguage\":\"lv-LV\",\"@id\":\"https:\\\/\\\/puhdasplus.ee\\\/lv\\\/produkti\\\/locitavas-muskuli-un-kauli\\\/l-glutamina-pulveris-200-g\\\/#primaryimage\",\"url\":\"https:\\\/\\\/puhdasplus.ee\\\/wp-content\\\/uploads\\\/2025\\\/03\\\/37.jpg\",\"contentUrl\":\"https:\\\/\\\/puhdasplus.ee\\\/wp-content\\\/uploads\\\/2025\\\/03\\\/37.jpg\",\"width\":1862,\"height\":2560,\"caption\":\"L-glutam\u012bna pulveris 200 g\"},{\"@type\":\"BreadcrumbList\",\"@id\":\"https:\\\/\\\/puhdasplus.ee\\\/lv\\\/produkti\\\/locitavas-muskuli-un-kauli\\\/l-glutamina-pulveris-200-g\\\/#breadcrumb\",\"itemListElement\":[{\"@type\":\"ListItem\",\"position\":1,\"name\":\"S\u0101kums\",\"item\":\"https:\\\/\\\/puhdasplus.ee\\\/lv\\\/\"},{\"@type\":\"ListItem\",\"position\":2,\"name\":\"Produkti\",\"item\":\"https:\\\/\\\/puhdasplus.ee\\\/lv\\\/veikals\\\/\"},{\"@type\":\"ListItem\",\"position\":3,\"name\":\"L-glutam\u012bns 200 g\"}]},{\"@type\":\"WebSite\",\"@id\":\"https:\\\/\\\/puhdasplus.ee\\\/lv\\\/#website\",\"url\":\"https:\\\/\\\/puhdasplus.ee\\\/lv\\\/\",\"name\":\"Puhdas+\",\"description\":\"Vitam\u012bni, uztura bag\u0101tin\u0101t\u0101ji, dab\u012bg\u0101 kosm\u0113tika, vesel\u012bba, sports\",\"publisher\":{\"@id\":\"https:\\\/\\\/puhdasplus.ee\\\/lv\\\/#organization\"},\"potentialAction\":[{\"@type\":\"SearchAction\",\"target\":{\"@type\":\"EntryPoint\",\"urlTemplate\":\"https:\\\/\\\/puhdasplus.ee\\\/lv\\\/?s={search_term_string}\"},\"query-input\":{\"@type\":\"PropertyValueSpecification\",\"valueRequired\":true,\"valueName\":\"search_term_string\"}}],\"inLanguage\":\"lv-LV\"},{\"@type\":\"Organization\",\"@id\":\"https:\\\/\\\/puhdasplus.ee\\\/lv\\\/#organization\",\"name\":\"Puhdas+\",\"alternateName\":\"Puhdasplus\",\"url\":\"https:\\\/\\\/puhdasplus.ee\\\/lv\\\/\",\"logo\":{\"@type\":\"ImageObject\",\"inLanguage\":\"lv-LV\",\"@id\":\"https:\\\/\\\/puhdasplus.ee\\\/lv\\\/#\\\/schema\\\/logo\\\/image\\\/\",\"url\":\"https:\\\/\\\/puhdasplus.ee\\\/wp-content\\\/uploads\\\/2019\\\/10\\\/puhdas_logo-arvele.png\",\"contentUrl\":\"https:\\\/\\\/puhdasplus.ee\\\/wp-content\\\/uploads\\\/2019\\\/10\\\/puhdas_logo-arvele.png\",\"width\":114,\"height\":94,\"caption\":\"Puhdas+\"},\"image\":{\"@id\":\"https:\\\/\\\/puhdasplus.ee\\\/lv\\\/#\\\/schema\\\/logo\\\/image\\\/\"},\"sameAs\":[\"https:\\\/\\\/www.facebook.com\\\/puhdasplus\",\"https:\\\/\\\/www.instagram.com\\\/puhdasplus_ee\\\/\"]}]}<\/script>\n<!-- \/ Yoast SEO plugin. -->","yoast_head_json":{"title":"L-glutam\u012bns 200 g | Puhdas+","description":"T\u012brs L-glutam\u012bna pulveris musku\u013cu atjauno\u0161anai, zarnu trakta atbalstam un imunit\u0101tei. Bez piedev\u0101m un veg\u0101niem draudz\u012bgs. Ide\u0101li piem\u0113rots akt\u012bvam dz\u012bvesveidam.","robots":{"index":"index","follow":"follow","max-snippet":"max-snippet:-1","max-image-preview":"max-image-preview:large","max-video-preview":"max-video-preview:-1"},"canonical":"https:\/\/puhdasplus.ee\/lv\/produkti\/locitavas-muskuli-un-kauli\/l-glutamina-pulveris-200-g\/","og_locale":"lv_LV","og_type":"article","og_title":"L-glutam\u012bns 200 g | Puhdas+","og_description":"T\u012brs L-glutam\u012bna pulveris musku\u013cu atjauno\u0161anai, zarnu trakta atbalstam un imunit\u0101tei. Bez piedev\u0101m un veg\u0101niem draudz\u012bgs. Ide\u0101li piem\u0113rots akt\u012bvam dz\u012bvesveidam.","og_url":"https:\/\/puhdasplus.ee\/lv\/produkti\/locitavas-muskuli-un-kauli\/l-glutamina-pulveris-200-g\/","og_site_name":"Puhdas+","article_publisher":"https:\/\/www.facebook.com\/puhdasplus","article_modified_time":"2026-04-07T17:09:24+00:00","og_image":[{"width":1862,"height":2560,"url":"https:\/\/puhdasplus.ee\/wp-content\/uploads\/2025\/03\/37.jpg","type":"image\/jpeg"}],"twitter_card":"summary_large_image","twitter_misc":{"Est. reading time":"2 min\u016btes"},"schema":{"@context":"https:\/\/schema.org","@graph":[{"@type":"WebPage","@id":"https:\/\/puhdasplus.ee\/lv\/produkti\/locitavas-muskuli-un-kauli\/l-glutamina-pulveris-200-g\/","url":"https:\/\/puhdasplus.ee\/lv\/produkti\/locitavas-muskuli-un-kauli\/l-glutamina-pulveris-200-g\/","name":"L-glutam\u012bns 200 g | Puhdas+","isPartOf":{"@id":"https:\/\/puhdasplus.ee\/lv\/#website"},"primaryImageOfPage":{"@id":"https:\/\/puhdasplus.ee\/lv\/produkti\/locitavas-muskuli-un-kauli\/l-glutamina-pulveris-200-g\/#primaryimage"},"image":{"@id":"https:\/\/puhdasplus.ee\/lv\/produkti\/locitavas-muskuli-un-kauli\/l-glutamina-pulveris-200-g\/#primaryimage"},"thumbnailUrl":"https:\/\/puhdasplus.ee\/wp-content\/uploads\/2025\/03\/37.jpg","datePublished":"2019-11-23T18:51:10+00:00","dateModified":"2026-04-07T17:09:24+00:00","description":"T\u012brs L-glutam\u012bna pulveris musku\u013cu atjauno\u0161anai, zarnu trakta atbalstam un imunit\u0101tei. Bez piedev\u0101m un veg\u0101niem draudz\u012bgs. Ide\u0101li piem\u0113rots akt\u012bvam dz\u012bvesveidam.","breadcrumb":{"@id":"https:\/\/puhdasplus.ee\/lv\/produkti\/locitavas-muskuli-un-kauli\/l-glutamina-pulveris-200-g\/#breadcrumb"},"inLanguage":"lv-LV","potentialAction":[{"@type":"ReadAction","target":["https:\/\/puhdasplus.ee\/lv\/produkti\/locitavas-muskuli-un-kauli\/l-glutamina-pulveris-200-g\/"]}]},{"@type":"ImageObject","inLanguage":"lv-LV","@id":"https:\/\/puhdasplus.ee\/lv\/produkti\/locitavas-muskuli-un-kauli\/l-glutamina-pulveris-200-g\/#primaryimage","url":"https:\/\/puhdasplus.ee\/wp-content\/uploads\/2025\/03\/37.jpg","contentUrl":"https:\/\/puhdasplus.ee\/wp-content\/uploads\/2025\/03\/37.jpg","width":1862,"height":2560,"caption":"L-glutam\u012bna pulveris 200 g"},{"@type":"BreadcrumbList","@id":"https:\/\/puhdasplus.ee\/lv\/produkti\/locitavas-muskuli-un-kauli\/l-glutamina-pulveris-200-g\/#breadcrumb","itemListElement":[{"@type":"ListItem","position":1,"name":"S\u0101kums","item":"https:\/\/puhdasplus.ee\/lv\/"},{"@type":"ListItem","position":2,"name":"Produkti","item":"https:\/\/puhdasplus.ee\/lv\/veikals\/"},{"@type":"ListItem","position":3,"name":"L-glutam\u012bns 200 g"}]},{"@type":"WebSite","@id":"https:\/\/puhdasplus.ee\/lv\/#website","url":"https:\/\/puhdasplus.ee\/lv\/","name":"Puhdas+","description":"Vitam\u012bni, uztura bag\u0101tin\u0101t\u0101ji, dab\u012bg\u0101 kosm\u0113tika, vesel\u012bba, sports","publisher":{"@id":"https:\/\/puhdasplus.ee\/lv\/#organization"},"potentialAction":[{"@type":"SearchAction","target":{"@type":"EntryPoint","urlTemplate":"https:\/\/puhdasplus.ee\/lv\/?s={search_term_string}"},"query-input":{"@type":"PropertyValueSpecification","valueRequired":true,"valueName":"search_term_string"}}],"inLanguage":"lv-LV"},{"@type":"Organization","@id":"https:\/\/puhdasplus.ee\/lv\/#organization","name":"Puhdas+","alternateName":"Puhdasplus","url":"https:\/\/puhdasplus.ee\/lv\/","logo":{"@type":"ImageObject","inLanguage":"lv-LV","@id":"https:\/\/puhdasplus.ee\/lv\/#\/schema\/logo\/image\/","url":"https:\/\/puhdasplus.ee\/wp-content\/uploads\/2019\/10\/puhdas_logo-arvele.png","contentUrl":"https:\/\/puhdasplus.ee\/wp-content\/uploads\/2019\/10\/puhdas_logo-arvele.png","width":114,"height":94,"caption":"Puhdas+"},"image":{"@id":"https:\/\/puhdasplus.ee\/lv\/#\/schema\/logo\/image\/"},"sameAs":["https:\/\/www.facebook.com\/puhdasplus","https:\/\/www.instagram.com\/puhdasplus_ee\/"]}]}},"_yoast_wpseo_title":"L-glutam\u012bns 200 g | Puhdas+","_yoast_wpseo_metadesc":"T\u012brs L-glutam\u012bna pulveris musku\u013cu atjauno\u0161anai, zarnu trakta atbalstam un imunit\u0101tei. Bez piedev\u0101m un veg\u0101niem draudz\u012bgs. Ide\u0101li piem\u0113rots akt\u012bvam dz\u012bvesveidam.","_yoast_wpseo_focuskw":"","_links":{"self":[{"href":"https:\/\/puhdasplus.ee\/lv\/wp-json\/wp\/v2\/product\/353594","targetHints":{"allow":["GET"]}}],"collection":[{"href":"https:\/\/puhdasplus.ee\/lv\/wp-json\/wp\/v2\/product"}],"about":[{"href":"https:\/\/puhdasplus.ee\/lv\/wp-json\/wp\/v2\/types\/product"}],"replies":[{"embeddable":true,"href":"https:\/\/puhdasplus.ee\/lv\/wp-json\/wp\/v2\/comments?post=353594"}],"wp:featuredmedia":[{"embeddable":true,"href":"https:\/\/puhdasplus.ee\/lv\/wp-json\/wp\/v2\/media\/353596"}],"wp:attachment":[{"href":"https:\/\/puhdasplus.ee\/lv\/wp-json\/wp\/v2\/media?parent=353594"}],"wp:term":[{"taxonomy":"product_brand","embeddable":true,"href":"https:\/\/puhdasplus.ee\/lv\/wp-json\/wp\/v2\/product_brand?post=353594"},{"taxonomy":"product_cat","embeddable":true,"href":"https:\/\/puhdasplus.ee\/lv\/wp-json\/wp\/v2\/product_cat?post=353594"},{"taxonomy":"product_tag","embeddable":true,"href":"https:\/\/puhdasplus.ee\/lv\/wp-json\/wp\/v2\/product_tag?post=353594"}],"curies":[{"name":"wp","href":"https:\/\/api.w.org\/{rel}","templated":true}]}}