{"id":353477,"date":"2019-10-22T11:03:41","date_gmt":"2019-10-22T08:03:41","guid":{"rendered":"https:\/\/puhdasplus.ee\/tooted\/uncategorized\/elektrolitu-pulveris-bez-garsas-120g\/"},"modified":"2026-04-07T09:15:29","modified_gmt":"2026-04-07T06:15:29","slug":"elektrolitu-pulveris-bez-garsas-120g","status":"publish","type":"product","link":"https:\/\/puhdasplus.ee\/lv\/produkti\/sports-lv\/elektrolitu-pulveris-bez-garsas-120g\/","title":{"rendered":"Elektrol\u012btu pulveris bez gar\u0161as"},"content":{"rendered":"<h2>Kas ir Puhdas+ Elektrol\u012btu pulveris bez gar\u0161as?<\/h2>\n<p><strong>Puhdas+ Elektrol\u012btu pulveris bez gar\u0161as<\/strong> ir kvalitat\u012bvs uztura bag\u0101tin\u0101t\u0101js, kas satur b\u016btiskos elektrol\u012btus: magniju, k\u0101liju, n\u0101triju un kalciju. Turkl\u0101t produkts satur glic\u012bnu un C vitam\u012bnu. \u0160\u012b kombin\u0101cija pal\u012bdz uztur\u0113t elektrol\u012btu l\u012bdzsvaru organism\u0101, atbalsta norm\u0101lu musku\u013cu darb\u012bbu un pal\u012bdz samazin\u0101t nogurumu un izs\u012bkumu.<\/p>\n<h2>K\u0101p\u0113c Elektrol\u012btu pulveris bez gar\u0161as ir noder\u012bgs?<\/h2>\n<p>Elektrol\u012bti ir miner\u0101lvielas, kas nes elektrisko l\u0101di\u0146u un ir b\u016btiski daudziem organism\u0101 notieko\u0161ajiem procesiem, tostarp nervu impulsu p\u0101rne\u0161anai, musku\u013cu sarau\u0161an\u0101s un \u0161\u0137idruma l\u012bdzsvara uztur\u0113\u0161anai. Fizisk\u0101s slodzes, sv\u012b\u0161anas vai slim\u012bbu gad\u012bjum\u0101 elektrol\u012btu l\u012bdzsvars organism\u0101 var tikt trauc\u0113ts. Puhdas+ Elektrol\u012btu pulveris pal\u012bdz atjaunot un uztur\u0113t \u0161o l\u012bdzsvaru.<\/p>\n<h2>Kam piem\u0113rots Elektrol\u012btu pulveris bez gar\u0161as?<\/h2>\n<p>Produkt\u0101 piem\u0113rots pieaugu\u0161ajiem, kas v\u0113las:<\/p>\n<ul>\n<li>Atbalst\u012bt elektrol\u012btu l\u012bdzsvaru organism\u0101<\/li>\n<li>Samazin\u0101t nogurumu un izs\u012bkumu<\/li>\n<li>Atbalst\u012bt norm\u0101lu musku\u013cu darb\u012bbu<\/li>\n<li>Uztur\u0113t \u0161\u0137idruma l\u012bdzsvaru<\/li>\n<\/ul>\n<p>Produktis ir piem\u0113rots ar\u012b veg\u0101niem un nesatur glut\u0113nu, laktozi, raudz\u0113jumu vai soju.<\/p>\n<h2>Sast\u0101vs<\/h2>\n<p>N\u0101trija hlor\u012bds, n\u0101trija hidrog\u0113nkarbon\u0101ts, glic\u012bns, n\u0101trija askorb\u0101ts, kalcija citr\u0101ts, k\u0101lija hlor\u012bds, magnija mal\u0101ts.<\/p>\n<p>Produkt\u0101 nesatur pienu, laktozi, raudz\u0113jumu, glut\u0113nu vai soju.<\/p>\n<h2>Uzturv\u0113rt\u012bba (3 ml \/ 1 porcija)<\/h2>\n<table>\n<thead>\n<tr>\n<th>Uzturviela<\/th>\n<th>1 porcija (3 ml)<\/th>\n<th>% no diennakts atsauces v\u0113rt\u012bbas<\/th>\n<\/tr>\n<\/thead>\n<tbody>\n<tr>\n<td>Magnijs<\/td>\n<td>78 mg<\/td>\n<td>21%<\/td>\n<\/tr>\n<tr>\n<td>Kalcijs<\/td>\n<td>126 mg<\/td>\n<td>16%<\/td>\n<\/tr>\n<tr>\n<td>N\u0101trijs<\/td>\n<td>1737 mg<\/td>\n<td>\u2013<\/td>\n<\/tr>\n<tr>\n<td>Hlors<\/td>\n<td>2124 mg<\/td>\n<td>266%<\/td>\n<\/tr>\n<tr>\n<td>K\u0101lijs<\/td>\n<td>\u2013<\/td>\n<td>\u2013<\/td>\n<\/tr>\n<tr>\n<td>Glic\u012bns<\/td>\n<td>1500 mg<\/td>\n<td>\u2013<\/td>\n<\/tr>\n<tr>\n<td>C vitam\u012bns<\/td>\n<td>660 mg<\/td>\n<td>825%<\/td>\n<\/tr>\n<\/tbody>\n<\/table>\n<h2>Lieto\u0161anas nor\u0101d\u012bjumi<\/h2>\n<p><strong>Ieteicam\u0101 diennakts deva:<\/strong> 1 m\u0113rkarote (3 ml) 3 reizes dien\u0101.<\/p>\n<p><strong>Lieto\u0161ana:<\/strong> Sajauc pulveri ar 5 dl \u016bdens vai cita \u0161\u0137idruma.<\/p>\n<p><strong>Piez\u012bme:<\/strong> Nedr\u012bkst p\u0101rsniegt ieteicamo diennakts devu. Uztura bag\u0101tin\u0101t\u0101js neaizst\u0101j daudzveid\u012bgu un sabalans\u0113tu uzturu un vesel\u012bgu dz\u012bvesveidu.<\/p>\n<h2>Br\u012bdin\u0101jumi un uzglab\u0101\u0161ana<\/h2>\n<ul>\n<li>Uzglab\u0101t b\u0113rniem nepieejam\u0101 viet\u0101.<\/li>\n<li>Glab\u0101t saus\u0101, v\u0113s\u0101 viet\u0101, pasarg\u0101jot no gaismas.<\/li>\n<li>Neizmantot, ja iepakojums ir boj\u0101ts.<\/li>\n<\/ul>\n<p><strong>Skat\u012bt ar\u012b:<\/strong> <a href=\"https:\/\/puhdasplus.ee\/lv\/kategorija\/elektroliti\/\">Elektrol\u012bti<\/a> | <a href=\"https:\/\/puhdasplus.ee\/lv\/kategorija\/minerali\/\">Miner\u0101lvielas<\/a> | <a href=\"https:\/\/puhdasplus.ee\/lv\/kategorija\/locitavas-muskuli-un-kauli\/\">Loc\u012btavas, musku\u013ci un kauli<\/a><\/p>\n","protected":false},"excerpt":{"rendered":"<p><strong>Puhdas+ Elektrol\u012btu pulveris bez gar\u0161as<\/strong> ir izveidots, lai atbalst\u012btu j\u016bsu \u0137ermeni visvajadz\u012bg\u0101kaj\u0101s funkcij\u0101s, s\u0101kot no \u0161\u0137idruma l\u012bdzsvara uztur\u0113\u0161anas l\u012bdz musku\u013cu un nervu sist\u0113mas norm\u0101lai darb\u012bbai.<\/p>\n<p>Katru dienu, \u012bpa\u0161i fizisk\u0101s slodzes, karstu laikapst\u0101k\u013cu vai slim\u012bbu laik\u0101, \u0137ermenis zaud\u0113 miner\u0101lvielas jeb elektrol\u012btus, kas nepiecie\u0161ami ener\u0123ijas, dz\u012bvotsp\u0113jas un labas pa\u0161saj\u016btas uztur\u0113\u0161anai.<\/p>\n<p>Produkt\u0101 satur prec\u012bzi izv\u0113l\u0113tus elektrol\u012btus: magniju, kalciju, n\u0101triju un hloru. Tie pal\u012bdz izvair\u012bties no musku\u013cu krampjiem, atbalsta atjauno\u0161anos un pal\u012bdz uztur\u0113t norm\u0101lu sirds darb\u012bbu un nervu p\u0101rvadi. Turkl\u0101t mais\u012bjumam ir pievienots <strong>C vitam\u012bns<\/strong>, kas atbalsta im\u016bnsist\u0113mu un pal\u012bdz samazin\u0101t nogurumu, un <strong>glic\u012bns<\/strong>, kas veicina miner\u0101lvielu uzs\u016bk\u0161anos un atbalsta \u0137erme\u0146a \u0161\u016bnu atjauno\u0161anos.<\/p>\n<table>\n<tbody>\n<tr>\n<td style=\"text-align: center;\"><img decoding=\"async\" class=\"alignnone wp-image-360123\" src=\"https:\/\/puhdasplus.ee\/wp-content\/uploads\/2019\/10\/suhkruvaba-2-150x150.png\" alt=\"bez cukura\" width=\"80\" height=\"80\" \/><br \/>\n<strong>Bez cukura<\/strong><\/td>\n<td style=\"text-align: center;\"><img decoding=\"async\" class=\"alignnone wp-image-360121\" src=\"https:\/\/puhdasplus.ee\/wp-content\/uploads\/2019\/10\/varvainetevaba-150x150.avif\" alt=\"bez kr\u0101sviel\u0101m\" width=\"80\" height=\"80\" \/><br \/>\n<strong>Bez kr\u0101sviel\u0101m<\/strong><\/td>\n<td style=\"text-align: center;\"><img decoding=\"async\" class=\"alignnone wp-image-360122\" src=\"https:\/\/puhdasplus.ee\/wp-content\/uploads\/2019\/10\/vegan-150x150.png\" alt=\"veg\u0101ns\" width=\"80\" height=\"80\" \/><br \/>\n<strong>100% Veg\u0101ns<\/strong><\/td>\n<\/tr>\n<\/tbody>\n<\/table>\n","protected":false},"featured_media":360107,"comment_status":"closed","ping_status":"closed","template":"","meta":{"_acf_changed":false,"googlesitekit_rrm_CAow3eq7DA:productID":""},"product_brand":[],"product_cat":[3201,3200,3038],"product_tag":[8345,3202,3203,8365,7889,7893,3206,2974,8369],"class_list":{"0":"post-353477","1":"product","2":"type-product","3":"status-publish","4":"has-post-thumbnail","6":"product_cat-elektroliti","7":"product_cat-minerali","8":"product_cat-sports-lv","9":"product_tag-bez-glutna-lv","10":"product_tag-c-vitamins-lv","11":"product_tag-magnijs","12":"product_tag-minerlvielas-lv","13":"product_tag-pulveris","14":"product_tag-sporta-uzturs","15":"product_tag-uztura-bagatinatajs","16":"product_tag-vegans","17":"product_tag-vitamni-lv","19":"first","20":"onbackorder","21":"featured","22":"taxable","23":"shipping-taxable","24":"purchasable","25":"product-type-variable","26":"has-default-attributes"},"acf":[],"yoast_head":"<!-- This site is optimized with the Yoast SEO plugin v27.3 - https:\/\/yoast.com\/product\/yoast-seo-wordpress\/ -->\n<title>Elektrol\u012btu pulveris bez gar\u0161as 120 g | Puhdas+<\/title>\n<meta name=\"description\" content=\"T\u012brs elektrol\u012btu pulveris bez gar\u0161as un piedev\u0101m. Magnijs, k\u0101lijs, n\u0101trijs un kalcijs. Atbalsta organismam nepiecie\u0161amo miner\u0101lvielu atjauno\u0161anu. 120 g.\" \/>\n<meta name=\"robots\" content=\"index, follow, max-snippet:-1, max-image-preview:large, max-video-preview:-1\" \/>\n<link rel=\"canonical\" href=\"https:\/\/puhdasplus.ee\/lv\/produkti\/sports-lv\/elektrolitu-pulveris-bez-garsas-120g\/\" \/>\n<meta property=\"og:locale\" content=\"lv_LV\" \/>\n<meta property=\"og:type\" content=\"article\" \/>\n<meta property=\"og:title\" content=\"Elektrol\u012btu pulveris bez gar\u0161as 120 g | Puhdas+\" \/>\n<meta property=\"og:description\" content=\"T\u012brs elektrol\u012btu pulveris bez gar\u0161as un piedev\u0101m. Magnijs, k\u0101lijs, n\u0101trijs un kalcijs. Atbalsta organismam nepiecie\u0161amo miner\u0101lvielu atjauno\u0161anu. 120 g.\" \/>\n<meta property=\"og:url\" content=\"https:\/\/puhdasplus.ee\/lv\/produkti\/sports-lv\/elektrolitu-pulveris-bez-garsas-120g\/\" \/>\n<meta property=\"og:site_name\" content=\"Puhdas+\" \/>\n<meta property=\"article:publisher\" content=\"https:\/\/www.facebook.com\/puhdasplus\" \/>\n<meta property=\"article:modified_time\" content=\"2026-04-07T06:15:29+00:00\" \/>\n<meta property=\"og:image\" content=\"https:\/\/puhdasplus.ee\/wp-content\/uploads\/2026\/04\/elektrolyytti-120g-nobg-1-1.png\" \/>\n\t<meta property=\"og:image:width\" content=\"1862\" \/>\n\t<meta property=\"og:image:height\" content=\"2560\" \/>\n\t<meta property=\"og:image:type\" content=\"image\/png\" \/>\n<meta name=\"twitter:card\" content=\"summary_large_image\" \/>\n<meta name=\"twitter:label1\" content=\"Est. reading time\" \/>\n\t<meta name=\"twitter:data1\" content=\"2 min\u016btes\" \/>\n<script type=\"application\/ld+json\" class=\"yoast-schema-graph\">{\"@context\":\"https:\\\/\\\/schema.org\",\"@graph\":[{\"@type\":\"WebPage\",\"@id\":\"https:\\\/\\\/puhdasplus.ee\\\/lv\\\/produkti\\\/sports-lv\\\/elektrolitu-pulveris-bez-garsas-120g\\\/\",\"url\":\"https:\\\/\\\/puhdasplus.ee\\\/lv\\\/produkti\\\/sports-lv\\\/elektrolitu-pulveris-bez-garsas-120g\\\/\",\"name\":\"Elektrol\u012btu pulveris bez gar\u0161as 120 g | Puhdas+\",\"isPartOf\":{\"@id\":\"https:\\\/\\\/puhdasplus.ee\\\/lv\\\/#website\"},\"primaryImageOfPage\":{\"@id\":\"https:\\\/\\\/puhdasplus.ee\\\/lv\\\/produkti\\\/sports-lv\\\/elektrolitu-pulveris-bez-garsas-120g\\\/#primaryimage\"},\"image\":{\"@id\":\"https:\\\/\\\/puhdasplus.ee\\\/lv\\\/produkti\\\/sports-lv\\\/elektrolitu-pulveris-bez-garsas-120g\\\/#primaryimage\"},\"thumbnailUrl\":\"https:\\\/\\\/puhdasplus.ee\\\/wp-content\\\/uploads\\\/2026\\\/04\\\/elektrolyytti-120g-nobg-1-1.png\",\"datePublished\":\"2019-10-22T08:03:41+00:00\",\"dateModified\":\"2026-04-07T06:15:29+00:00\",\"description\":\"T\u012brs elektrol\u012btu pulveris bez gar\u0161as un piedev\u0101m. Magnijs, k\u0101lijs, n\u0101trijs un kalcijs. Atbalsta organismam nepiecie\u0161amo miner\u0101lvielu atjauno\u0161anu. 120 g.\",\"breadcrumb\":{\"@id\":\"https:\\\/\\\/puhdasplus.ee\\\/lv\\\/produkti\\\/sports-lv\\\/elektrolitu-pulveris-bez-garsas-120g\\\/#breadcrumb\"},\"inLanguage\":\"lv-LV\",\"potentialAction\":[{\"@type\":\"ReadAction\",\"target\":[\"https:\\\/\\\/puhdasplus.ee\\\/lv\\\/produkti\\\/sports-lv\\\/elektrolitu-pulveris-bez-garsas-120g\\\/\"]}]},{\"@type\":\"ImageObject\",\"inLanguage\":\"lv-LV\",\"@id\":\"https:\\\/\\\/puhdasplus.ee\\\/lv\\\/produkti\\\/sports-lv\\\/elektrolitu-pulveris-bez-garsas-120g\\\/#primaryimage\",\"url\":\"https:\\\/\\\/puhdasplus.ee\\\/wp-content\\\/uploads\\\/2026\\\/04\\\/elektrolyytti-120g-nobg-1-1.png\",\"contentUrl\":\"https:\\\/\\\/puhdasplus.ee\\\/wp-content\\\/uploads\\\/2026\\\/04\\\/elektrolyytti-120g-nobg-1-1.png\",\"width\":1862,\"height\":2560},{\"@type\":\"BreadcrumbList\",\"@id\":\"https:\\\/\\\/puhdasplus.ee\\\/lv\\\/produkti\\\/sports-lv\\\/elektrolitu-pulveris-bez-garsas-120g\\\/#breadcrumb\",\"itemListElement\":[{\"@type\":\"ListItem\",\"position\":1,\"name\":\"S\u0101kums\",\"item\":\"https:\\\/\\\/puhdasplus.ee\\\/lv\\\/\"},{\"@type\":\"ListItem\",\"position\":2,\"name\":\"Produkti\",\"item\":\"https:\\\/\\\/puhdasplus.ee\\\/lv\\\/veikals\\\/\"},{\"@type\":\"ListItem\",\"position\":3,\"name\":\"Elektrol\u012btu pulveris bez gar\u0161as\"}]},{\"@type\":\"WebSite\",\"@id\":\"https:\\\/\\\/puhdasplus.ee\\\/lv\\\/#website\",\"url\":\"https:\\\/\\\/puhdasplus.ee\\\/lv\\\/\",\"name\":\"Puhdas+\",\"description\":\"Vitam\u012bni, uztura bag\u0101tin\u0101t\u0101ji, dab\u012bg\u0101 kosm\u0113tika, vesel\u012bba, sports\",\"publisher\":{\"@id\":\"https:\\\/\\\/puhdasplus.ee\\\/lv\\\/#organization\"},\"potentialAction\":[{\"@type\":\"SearchAction\",\"target\":{\"@type\":\"EntryPoint\",\"urlTemplate\":\"https:\\\/\\\/puhdasplus.ee\\\/lv\\\/?s={search_term_string}\"},\"query-input\":{\"@type\":\"PropertyValueSpecification\",\"valueRequired\":true,\"valueName\":\"search_term_string\"}}],\"inLanguage\":\"lv-LV\"},{\"@type\":\"Organization\",\"@id\":\"https:\\\/\\\/puhdasplus.ee\\\/lv\\\/#organization\",\"name\":\"Puhdas+\",\"alternateName\":\"Puhdasplus\",\"url\":\"https:\\\/\\\/puhdasplus.ee\\\/lv\\\/\",\"logo\":{\"@type\":\"ImageObject\",\"inLanguage\":\"lv-LV\",\"@id\":\"https:\\\/\\\/puhdasplus.ee\\\/lv\\\/#\\\/schema\\\/logo\\\/image\\\/\",\"url\":\"https:\\\/\\\/puhdasplus.ee\\\/wp-content\\\/uploads\\\/2019\\\/10\\\/puhdas_logo-arvele.png\",\"contentUrl\":\"https:\\\/\\\/puhdasplus.ee\\\/wp-content\\\/uploads\\\/2019\\\/10\\\/puhdas_logo-arvele.png\",\"width\":114,\"height\":94,\"caption\":\"Puhdas+\"},\"image\":{\"@id\":\"https:\\\/\\\/puhdasplus.ee\\\/lv\\\/#\\\/schema\\\/logo\\\/image\\\/\"},\"sameAs\":[\"https:\\\/\\\/www.facebook.com\\\/puhdasplus\",\"https:\\\/\\\/www.instagram.com\\\/puhdasplus_ee\\\/\"]}]}<\/script>\n<!-- \/ Yoast SEO plugin. -->","yoast_head_json":{"title":"Elektrol\u012btu pulveris bez gar\u0161as 120 g | Puhdas+","description":"T\u012brs elektrol\u012btu pulveris bez gar\u0161as un piedev\u0101m. Magnijs, k\u0101lijs, n\u0101trijs un kalcijs. Atbalsta organismam nepiecie\u0161amo miner\u0101lvielu atjauno\u0161anu. 120 g.","robots":{"index":"index","follow":"follow","max-snippet":"max-snippet:-1","max-image-preview":"max-image-preview:large","max-video-preview":"max-video-preview:-1"},"canonical":"https:\/\/puhdasplus.ee\/lv\/produkti\/sports-lv\/elektrolitu-pulveris-bez-garsas-120g\/","og_locale":"lv_LV","og_type":"article","og_title":"Elektrol\u012btu pulveris bez gar\u0161as 120 g | Puhdas+","og_description":"T\u012brs elektrol\u012btu pulveris bez gar\u0161as un piedev\u0101m. Magnijs, k\u0101lijs, n\u0101trijs un kalcijs. Atbalsta organismam nepiecie\u0161amo miner\u0101lvielu atjauno\u0161anu. 120 g.","og_url":"https:\/\/puhdasplus.ee\/lv\/produkti\/sports-lv\/elektrolitu-pulveris-bez-garsas-120g\/","og_site_name":"Puhdas+","article_publisher":"https:\/\/www.facebook.com\/puhdasplus","article_modified_time":"2026-04-07T06:15:29+00:00","og_image":[{"width":1862,"height":2560,"url":"https:\/\/puhdasplus.ee\/wp-content\/uploads\/2026\/04\/elektrolyytti-120g-nobg-1-1.png","type":"image\/png"}],"twitter_card":"summary_large_image","twitter_misc":{"Est. reading time":"2 min\u016btes"},"schema":{"@context":"https:\/\/schema.org","@graph":[{"@type":"WebPage","@id":"https:\/\/puhdasplus.ee\/lv\/produkti\/sports-lv\/elektrolitu-pulveris-bez-garsas-120g\/","url":"https:\/\/puhdasplus.ee\/lv\/produkti\/sports-lv\/elektrolitu-pulveris-bez-garsas-120g\/","name":"Elektrol\u012btu pulveris bez gar\u0161as 120 g | Puhdas+","isPartOf":{"@id":"https:\/\/puhdasplus.ee\/lv\/#website"},"primaryImageOfPage":{"@id":"https:\/\/puhdasplus.ee\/lv\/produkti\/sports-lv\/elektrolitu-pulveris-bez-garsas-120g\/#primaryimage"},"image":{"@id":"https:\/\/puhdasplus.ee\/lv\/produkti\/sports-lv\/elektrolitu-pulveris-bez-garsas-120g\/#primaryimage"},"thumbnailUrl":"https:\/\/puhdasplus.ee\/wp-content\/uploads\/2026\/04\/elektrolyytti-120g-nobg-1-1.png","datePublished":"2019-10-22T08:03:41+00:00","dateModified":"2026-04-07T06:15:29+00:00","description":"T\u012brs elektrol\u012btu pulveris bez gar\u0161as un piedev\u0101m. Magnijs, k\u0101lijs, n\u0101trijs un kalcijs. Atbalsta organismam nepiecie\u0161amo miner\u0101lvielu atjauno\u0161anu. 120 g.","breadcrumb":{"@id":"https:\/\/puhdasplus.ee\/lv\/produkti\/sports-lv\/elektrolitu-pulveris-bez-garsas-120g\/#breadcrumb"},"inLanguage":"lv-LV","potentialAction":[{"@type":"ReadAction","target":["https:\/\/puhdasplus.ee\/lv\/produkti\/sports-lv\/elektrolitu-pulveris-bez-garsas-120g\/"]}]},{"@type":"ImageObject","inLanguage":"lv-LV","@id":"https:\/\/puhdasplus.ee\/lv\/produkti\/sports-lv\/elektrolitu-pulveris-bez-garsas-120g\/#primaryimage","url":"https:\/\/puhdasplus.ee\/wp-content\/uploads\/2026\/04\/elektrolyytti-120g-nobg-1-1.png","contentUrl":"https:\/\/puhdasplus.ee\/wp-content\/uploads\/2026\/04\/elektrolyytti-120g-nobg-1-1.png","width":1862,"height":2560},{"@type":"BreadcrumbList","@id":"https:\/\/puhdasplus.ee\/lv\/produkti\/sports-lv\/elektrolitu-pulveris-bez-garsas-120g\/#breadcrumb","itemListElement":[{"@type":"ListItem","position":1,"name":"S\u0101kums","item":"https:\/\/puhdasplus.ee\/lv\/"},{"@type":"ListItem","position":2,"name":"Produkti","item":"https:\/\/puhdasplus.ee\/lv\/veikals\/"},{"@type":"ListItem","position":3,"name":"Elektrol\u012btu pulveris bez gar\u0161as"}]},{"@type":"WebSite","@id":"https:\/\/puhdasplus.ee\/lv\/#website","url":"https:\/\/puhdasplus.ee\/lv\/","name":"Puhdas+","description":"Vitam\u012bni, uztura bag\u0101tin\u0101t\u0101ji, dab\u012bg\u0101 kosm\u0113tika, vesel\u012bba, sports","publisher":{"@id":"https:\/\/puhdasplus.ee\/lv\/#organization"},"potentialAction":[{"@type":"SearchAction","target":{"@type":"EntryPoint","urlTemplate":"https:\/\/puhdasplus.ee\/lv\/?s={search_term_string}"},"query-input":{"@type":"PropertyValueSpecification","valueRequired":true,"valueName":"search_term_string"}}],"inLanguage":"lv-LV"},{"@type":"Organization","@id":"https:\/\/puhdasplus.ee\/lv\/#organization","name":"Puhdas+","alternateName":"Puhdasplus","url":"https:\/\/puhdasplus.ee\/lv\/","logo":{"@type":"ImageObject","inLanguage":"lv-LV","@id":"https:\/\/puhdasplus.ee\/lv\/#\/schema\/logo\/image\/","url":"https:\/\/puhdasplus.ee\/wp-content\/uploads\/2019\/10\/puhdas_logo-arvele.png","contentUrl":"https:\/\/puhdasplus.ee\/wp-content\/uploads\/2019\/10\/puhdas_logo-arvele.png","width":114,"height":94,"caption":"Puhdas+"},"image":{"@id":"https:\/\/puhdasplus.ee\/lv\/#\/schema\/logo\/image\/"},"sameAs":["https:\/\/www.facebook.com\/puhdasplus","https:\/\/www.instagram.com\/puhdasplus_ee\/"]}]}},"_yoast_wpseo_title":"Elektrol\u012btu pulveris bez gar\u0161as 120 g | Puhdas+","_yoast_wpseo_metadesc":"T\u012brs elektrol\u012btu pulveris bez gar\u0161as un piedev\u0101m. Magnijs, k\u0101lijs, n\u0101trijs un kalcijs. Atbalsta organismam nepiecie\u0161amo miner\u0101lvielu atjauno\u0161anu. 120 g.","_yoast_wpseo_focuskw":"elektrol\u012btu pulveris","_links":{"self":[{"href":"https:\/\/puhdasplus.ee\/lv\/wp-json\/wp\/v2\/product\/353477","targetHints":{"allow":["GET"]}}],"collection":[{"href":"https:\/\/puhdasplus.ee\/lv\/wp-json\/wp\/v2\/product"}],"about":[{"href":"https:\/\/puhdasplus.ee\/lv\/wp-json\/wp\/v2\/types\/product"}],"replies":[{"embeddable":true,"href":"https:\/\/puhdasplus.ee\/lv\/wp-json\/wp\/v2\/comments?post=353477"}],"wp:featuredmedia":[{"embeddable":true,"href":"https:\/\/puhdasplus.ee\/lv\/wp-json\/wp\/v2\/media\/360107"}],"wp:attachment":[{"href":"https:\/\/puhdasplus.ee\/lv\/wp-json\/wp\/v2\/media?parent=353477"}],"wp:term":[{"taxonomy":"product_brand","embeddable":true,"href":"https:\/\/puhdasplus.ee\/lv\/wp-json\/wp\/v2\/product_brand?post=353477"},{"taxonomy":"product_cat","embeddable":true,"href":"https:\/\/puhdasplus.ee\/lv\/wp-json\/wp\/v2\/product_cat?post=353477"},{"taxonomy":"product_tag","embeddable":true,"href":"https:\/\/puhdasplus.ee\/lv\/wp-json\/wp\/v2\/product_tag?post=353477"}],"curies":[{"name":"wp","href":"https:\/\/api.w.org\/{rel}","templated":true}]}}