{"id":353403,"date":"2025-08-25T14:03:42","date_gmt":"2025-08-25T11:03:42","guid":{"rendered":"https:\/\/puhdasplus.ee\/tooted\/uncategorized\/e-vitamins-268-mg-60-kapsulas\/"},"modified":"2026-04-07T19:57:17","modified_gmt":"2026-04-07T16:57:17","slug":"e-vitamins-268-mg-60-kapsulas","status":"publish","type":"product","link":"https:\/\/puhdasplus.ee\/lv\/produkti\/vitamini\/e-vitamins-268-mg-60-kapsulas\/","title":{"rendered":"Stiprs E vitam\u012bns 268 mg 60 kapsulas"},"content":{"rendered":"<h2>K\u0101p\u0113c E vitam\u012bns?<\/h2>\n<h3>\u0160\u016bnu aizsardz\u012bba pret oksidat\u012bvo stresu<\/h3>\n<p>E vitam\u012bns ir taukos \u0161\u0137\u012bsto\u0161s vitam\u012bns un organisma <strong>galvenais taukos \u0161\u0137\u012bsto\u0161ais antioksidants<\/strong>. Tas pal\u012bdz aizsarg\u0101t \u0161\u016bnas no oksidat\u012bv\u0101 stresa. Puhdas+ E vitam\u012bns satur <strong>dab\u012bgus tokoferolus<\/strong> ol\u012bve\u013c\u013c\u0101, kas nodro\u0161ina labu uzs\u016bk\u0161anos.<\/p>\n<h3>Ko E vitam\u012bns dara organism\u0101?<\/h3>\n<ul>\n<li>Pal\u012bdz <strong>aizsarg\u0101t \u0161\u016bnas no oksidat\u012bv\u0101 stresa<\/strong><\/li>\n<li>Organisma galvenais <strong>taukos \u0161\u0137\u012bsto\u0161ais antioksidants<\/strong><\/li>\n<\/ul>\n<h2>Kam piem\u0113rots un k\u0101 lietot?<\/h2>\n<h3>Kam \u0161is produkts ir dom\u0101ts?<\/h3>\n<ul>\n<li>Ja v\u0113laties atbalst\u012bt organisma <strong>antioksidantu aizsardz\u012bbu<\/strong><\/li>\n<li>Ja mekl\u0113jat <strong>dab\u012bgu E vitam\u012bnu<\/strong> k\u0101 tokoferolus<\/li>\n<li>Ja v\u0113laties <strong>stipru devu<\/strong> (268 mg)<\/li>\n<\/ul>\n<p>Ra\u017eots Somij\u0101. Labi kombin\u0113jas ar <a href=\"\/toode\/tugev-c-vitamiin-500-mg-60-kapslit\/\">C vitam\u012bnu<\/a> (\u016bden\u012b \u0161\u0137\u012bsto\u0161s antioksidants) un <a href=\"\/toode\/seleen-60-kapslit\/\">sel\u0113nu<\/a>.<\/p>\n<h3>Sast\u0101vda\u013cas un uzturv\u0113rt\u012bba<\/h3>\n<p><strong>Sast\u0101vda\u013cas:<\/strong> auksti spiesta neapstr\u0101d\u0101ta ol\u012bve\u013c\u013ca, jaukti tokoferoli (E vitam\u012bns), kapsulas apvalks (\u017eelat\u012bns, glicer\u012bns).<\/p>\n<h4>Uzturv\u0113rt\u012bba vien\u0101 kapsul\u0101<\/h4>\n<table>\n<thead>\n<tr>\n<th>Uzturviela<\/th>\n<th>Daudzums<\/th>\n<th>% NRV<\/th>\n<\/tr>\n<\/thead>\n<tbody>\n<tr>\n<td>E vitam\u012bns (tokoferoli)<\/td>\n<td>268 mg (400 IU)<\/td>\n<td>2233%<\/td>\n<\/tr>\n<\/tbody>\n<\/table>\n<h3>K\u0101 lietot?<\/h3>\n<p>Lietot 1 kapsulu dien\u0101 kop\u0101 ar \u0113dienu. Ieteicamo devu nedr\u012bkst p\u0101rsniegt. 60 kapsulas.<\/p>\n<h2>Bie\u017e\u0101k uzdotie jaut\u0101jumi<\/h2>\n<h3>K\u0101p\u0113c dab\u012bgi tokoferoli?<\/h3>\n<p>Dab\u012bgie tokoferoli (d-alfa-tokoferols) uzs\u016bcas lab\u0101k nek\u0101 sint\u0113tiskie (dl-alfa-tokoferols). \u0160is produkts satur dab\u012bgo formu.<\/p>\n<h3>Vai E vitam\u012bnu labi lietot kop\u0101 ar C vitam\u012bnu?<\/h3>\n<p>J\u0101 \u2014 E vitam\u012bns ir taukos \u0161\u0137\u012bsto\u0161s un <a href=\"\/toode\/tugev-c-vitamiin-500-mg-60-kapslit\/\">C vitam\u012bns<\/a> ir \u016bden\u012b \u0161\u0137\u012bsto\u0161s antioksidants. Kop\u0101 tie sedz da\u017e\u0101das vides.<\/p>\n<h3>Vai tas ir piem\u0113rots veg\u0101niem?<\/h3>\n<p>N\u0113 \u2014 kapsulas apvalks satur \u017eelat\u012bnu.<\/p>\n<p><strong>Skat\u012bt ar\u012b:<\/strong> <a href=\"https:\/\/puhdasplus.ee\/lv\/kategorija\/vitamini\/\">Vitam\u012bni<\/a><\/p>\n<p><strong>Skat\u012bt ar\u012b:<\/strong> <a href=\"https:\/\/puhdasplus.ee\/toote-kategooria\/vitamiinid\/\">Vitam\u012bni<\/a> | <a href=\"https:\/\/puhdasplus.ee\/toote-kategooria\/d-vitamiin\/\">D-vitamiin<\/a><\/p>\n","protected":false},"excerpt":{"rendered":"<p><strong>Stiprs E vitam\u012bns 268 mg<\/strong> ir efekt\u012bvs antioksidants, kas pal\u012bdz aizsarg\u0101t \u0161\u016bnas no oksidat\u012bv\u0101 stresa un atbalsta ikdienas labsaj\u016btu. \u0112rt\u0101 kapsulu forma nodro\u0161ina vienk\u0101r\u0161u un dro\u0161u veidu, k\u0101 katru dienu r\u016bp\u0113ties par sava \u0137erme\u0146a aizsardz\u012bbas meh\u0101nismiem.<\/p>\n","protected":false},"featured_media":352678,"comment_status":"open","ping_status":"closed","template":"","meta":{"_acf_changed":false,"googlesitekit_rrm_CAow3eq7DA:productID":""},"product_brand":[],"product_cat":[3205],"product_tag":[4791,8349,8947,8373,3206,8369],"class_list":{"0":"post-353403","1":"product","2":"type-product","3":"status-publish","4":"has-post-thumbnail","6":"product_cat-vitamini","7":"product_tag-antioksidanti","8":"product_tag-bez-laktozes","9":"product_tag-e-vitamins-lv-tag","10":"product_tag-somijas-kvalitte-lv","11":"product_tag-uztura-bagatinatajs","12":"product_tag-vitamini","14":"first","15":"onbackorder","16":"taxable","17":"shipping-taxable","18":"purchasable","19":"product-type-simple"},"acf":[],"yoast_head":"<!-- This site is optimized with the Yoast SEO plugin v27.5 - https:\/\/yoast.com\/product\/yoast-seo-wordpress\/ -->\n<title>Stiprs E vitam\u012bns 268 mg 60 kapsulas | Puhdas+<\/title>\n<meta name=\"description\" content=\"Puhdas+ Strong E vitam\u012bns 268 mg pal\u012bdz aizsarg\u0101t \u0161\u016bnas no oksidat\u012bv\u0101 stresa un atbalsta ikdienas labsaj\u016btu. \u0112rta un efekt\u012bva kapsulu forma.\" \/>\n<meta name=\"robots\" content=\"index, follow, max-snippet:-1, max-image-preview:large, max-video-preview:-1\" \/>\n<link rel=\"canonical\" href=\"https:\/\/puhdasplus.ee\/lv\/produkti\/vitamini\/e-vitamins-268-mg-60-kapsulas\/\" \/>\n<meta property=\"og:locale\" content=\"lv_LV\" \/>\n<meta property=\"og:type\" content=\"article\" \/>\n<meta property=\"og:title\" content=\"Stiprs E vitam\u012bns 268 mg 60 kapsulas | Puhdas+\" \/>\n<meta property=\"og:description\" content=\"Puhdas+ Strong E vitam\u012bns 268 mg pal\u012bdz aizsarg\u0101t \u0161\u016bnas no oksidat\u012bv\u0101 stresa un atbalsta ikdienas labsaj\u016btu. \u0112rta un efekt\u012bva kapsulu forma.\" \/>\n<meta property=\"og:url\" content=\"https:\/\/puhdasplus.ee\/lv\/produkti\/vitamini\/e-vitamins-268-mg-60-kapsulas\/\" \/>\n<meta property=\"og:site_name\" content=\"Puhdas+\" \/>\n<meta property=\"article:publisher\" content=\"https:\/\/www.facebook.com\/puhdasplus\" \/>\n<meta property=\"article:modified_time\" content=\"2026-04-07T16:57:17+00:00\" \/>\n<meta property=\"og:image\" content=\"https:\/\/puhdasplus.ee\/wp-content\/uploads\/2025\/08\/tooted-ilma-taustata-copy-5-scaled.jpg\" \/>\n\t<meta property=\"og:image:width\" content=\"1862\" \/>\n\t<meta property=\"og:image:height\" content=\"2560\" \/>\n\t<meta property=\"og:image:type\" content=\"image\/jpeg\" \/>\n<meta name=\"twitter:card\" content=\"summary_large_image\" \/>\n<meta name=\"twitter:label1\" content=\"Est. reading time\" \/>\n\t<meta name=\"twitter:data1\" content=\"1 minute\" \/>\n<script type=\"application\/ld+json\" class=\"yoast-schema-graph\">{\"@context\":\"https:\\\/\\\/schema.org\",\"@graph\":[{\"@type\":\"WebPage\",\"@id\":\"https:\\\/\\\/puhdasplus.ee\\\/lv\\\/produkti\\\/vitamini\\\/e-vitamins-268-mg-60-kapsulas\\\/\",\"url\":\"https:\\\/\\\/puhdasplus.ee\\\/lv\\\/produkti\\\/vitamini\\\/e-vitamins-268-mg-60-kapsulas\\\/\",\"name\":\"Stiprs E vitam\u012bns 268 mg 60 kapsulas | Puhdas+\",\"isPartOf\":{\"@id\":\"https:\\\/\\\/puhdasplus.ee\\\/lv\\\/#website\"},\"primaryImageOfPage\":{\"@id\":\"https:\\\/\\\/puhdasplus.ee\\\/lv\\\/produkti\\\/vitamini\\\/e-vitamins-268-mg-60-kapsulas\\\/#primaryimage\"},\"image\":{\"@id\":\"https:\\\/\\\/puhdasplus.ee\\\/lv\\\/produkti\\\/vitamini\\\/e-vitamins-268-mg-60-kapsulas\\\/#primaryimage\"},\"thumbnailUrl\":\"https:\\\/\\\/puhdasplus.ee\\\/wp-content\\\/uploads\\\/2025\\\/08\\\/tooted-ilma-taustata-copy-5-scaled.jpg\",\"datePublished\":\"2025-08-25T11:03:42+00:00\",\"dateModified\":\"2026-04-07T16:57:17+00:00\",\"description\":\"Puhdas+ Strong E vitam\u012bns 268 mg pal\u012bdz aizsarg\u0101t \u0161\u016bnas no oksidat\u012bv\u0101 stresa un atbalsta ikdienas labsaj\u016btu. \u0112rta un efekt\u012bva kapsulu forma.\",\"breadcrumb\":{\"@id\":\"https:\\\/\\\/puhdasplus.ee\\\/lv\\\/produkti\\\/vitamini\\\/e-vitamins-268-mg-60-kapsulas\\\/#breadcrumb\"},\"inLanguage\":\"lv-LV\",\"potentialAction\":[{\"@type\":\"ReadAction\",\"target\":[\"https:\\\/\\\/puhdasplus.ee\\\/lv\\\/produkti\\\/vitamini\\\/e-vitamins-268-mg-60-kapsulas\\\/\"]}]},{\"@type\":\"ImageObject\",\"inLanguage\":\"lv-LV\",\"@id\":\"https:\\\/\\\/puhdasplus.ee\\\/lv\\\/produkti\\\/vitamini\\\/e-vitamins-268-mg-60-kapsulas\\\/#primaryimage\",\"url\":\"https:\\\/\\\/puhdasplus.ee\\\/wp-content\\\/uploads\\\/2025\\\/08\\\/tooted-ilma-taustata-copy-5-scaled.jpg\",\"contentUrl\":\"https:\\\/\\\/puhdasplus.ee\\\/wp-content\\\/uploads\\\/2025\\\/08\\\/tooted-ilma-taustata-copy-5-scaled.jpg\",\"width\":1862,\"height\":2560,\"caption\":\"Sp\u0113c\u012bgs E vitam\u012bns 268 mg\"},{\"@type\":\"BreadcrumbList\",\"@id\":\"https:\\\/\\\/puhdasplus.ee\\\/lv\\\/produkti\\\/vitamini\\\/e-vitamins-268-mg-60-kapsulas\\\/#breadcrumb\",\"itemListElement\":[{\"@type\":\"ListItem\",\"position\":1,\"name\":\"S\u0101kums\",\"item\":\"https:\\\/\\\/puhdasplus.ee\\\/lv\\\/\"},{\"@type\":\"ListItem\",\"position\":2,\"name\":\"Produkti\",\"item\":\"https:\\\/\\\/puhdasplus.ee\\\/lv\\\/veikals\\\/\"},{\"@type\":\"ListItem\",\"position\":3,\"name\":\"Stiprs E vitam\u012bns 268 mg 60 kapsulas\"}]},{\"@type\":\"WebSite\",\"@id\":\"https:\\\/\\\/puhdasplus.ee\\\/lv\\\/#website\",\"url\":\"https:\\\/\\\/puhdasplus.ee\\\/lv\\\/\",\"name\":\"Puhdas+\",\"description\":\"Vitam\u012bni, uztura bag\u0101tin\u0101t\u0101ji, dab\u012bg\u0101 kosm\u0113tika, vesel\u012bba, sports\",\"publisher\":{\"@id\":\"https:\\\/\\\/puhdasplus.ee\\\/lv\\\/#organization\"},\"potentialAction\":[{\"@type\":\"SearchAction\",\"target\":{\"@type\":\"EntryPoint\",\"urlTemplate\":\"https:\\\/\\\/puhdasplus.ee\\\/lv\\\/?s={search_term_string}\"},\"query-input\":{\"@type\":\"PropertyValueSpecification\",\"valueRequired\":true,\"valueName\":\"search_term_string\"}}],\"inLanguage\":\"lv-LV\"},{\"@type\":\"Organization\",\"@id\":\"https:\\\/\\\/puhdasplus.ee\\\/lv\\\/#organization\",\"name\":\"Puhdas+\",\"alternateName\":\"Puhdasplus\",\"url\":\"https:\\\/\\\/puhdasplus.ee\\\/lv\\\/\",\"logo\":{\"@type\":\"ImageObject\",\"inLanguage\":\"lv-LV\",\"@id\":\"https:\\\/\\\/puhdasplus.ee\\\/lv\\\/#\\\/schema\\\/logo\\\/image\\\/\",\"url\":\"https:\\\/\\\/puhdasplus.ee\\\/wp-content\\\/uploads\\\/2019\\\/10\\\/puhdas_logo-arvele.png\",\"contentUrl\":\"https:\\\/\\\/puhdasplus.ee\\\/wp-content\\\/uploads\\\/2019\\\/10\\\/puhdas_logo-arvele.png\",\"width\":114,\"height\":94,\"caption\":\"Puhdas+\"},\"image\":{\"@id\":\"https:\\\/\\\/puhdasplus.ee\\\/lv\\\/#\\\/schema\\\/logo\\\/image\\\/\"},\"sameAs\":[\"https:\\\/\\\/www.facebook.com\\\/puhdasplus\",\"https:\\\/\\\/www.instagram.com\\\/puhdasplus_ee\\\/\"]}]}<\/script>\n<!-- \/ Yoast SEO plugin. -->","yoast_head_json":{"title":"Stiprs E vitam\u012bns 268 mg 60 kapsulas | Puhdas+","description":"Puhdas+ Strong E vitam\u012bns 268 mg pal\u012bdz aizsarg\u0101t \u0161\u016bnas no oksidat\u012bv\u0101 stresa un atbalsta ikdienas labsaj\u016btu. \u0112rta un efekt\u012bva kapsulu forma.","robots":{"index":"index","follow":"follow","max-snippet":"max-snippet:-1","max-image-preview":"max-image-preview:large","max-video-preview":"max-video-preview:-1"},"canonical":"https:\/\/puhdasplus.ee\/lv\/produkti\/vitamini\/e-vitamins-268-mg-60-kapsulas\/","og_locale":"lv_LV","og_type":"article","og_title":"Stiprs E vitam\u012bns 268 mg 60 kapsulas | Puhdas+","og_description":"Puhdas+ Strong E vitam\u012bns 268 mg pal\u012bdz aizsarg\u0101t \u0161\u016bnas no oksidat\u012bv\u0101 stresa un atbalsta ikdienas labsaj\u016btu. \u0112rta un efekt\u012bva kapsulu forma.","og_url":"https:\/\/puhdasplus.ee\/lv\/produkti\/vitamini\/e-vitamins-268-mg-60-kapsulas\/","og_site_name":"Puhdas+","article_publisher":"https:\/\/www.facebook.com\/puhdasplus","article_modified_time":"2026-04-07T16:57:17+00:00","og_image":[{"width":1862,"height":2560,"url":"https:\/\/puhdasplus.ee\/wp-content\/uploads\/2025\/08\/tooted-ilma-taustata-copy-5-scaled.jpg","type":"image\/jpeg"}],"twitter_card":"summary_large_image","twitter_misc":{"Est. reading time":"1 minute"},"schema":{"@context":"https:\/\/schema.org","@graph":[{"@type":"WebPage","@id":"https:\/\/puhdasplus.ee\/lv\/produkti\/vitamini\/e-vitamins-268-mg-60-kapsulas\/","url":"https:\/\/puhdasplus.ee\/lv\/produkti\/vitamini\/e-vitamins-268-mg-60-kapsulas\/","name":"Stiprs E vitam\u012bns 268 mg 60 kapsulas | Puhdas+","isPartOf":{"@id":"https:\/\/puhdasplus.ee\/lv\/#website"},"primaryImageOfPage":{"@id":"https:\/\/puhdasplus.ee\/lv\/produkti\/vitamini\/e-vitamins-268-mg-60-kapsulas\/#primaryimage"},"image":{"@id":"https:\/\/puhdasplus.ee\/lv\/produkti\/vitamini\/e-vitamins-268-mg-60-kapsulas\/#primaryimage"},"thumbnailUrl":"https:\/\/puhdasplus.ee\/wp-content\/uploads\/2025\/08\/tooted-ilma-taustata-copy-5-scaled.jpg","datePublished":"2025-08-25T11:03:42+00:00","dateModified":"2026-04-07T16:57:17+00:00","description":"Puhdas+ Strong E vitam\u012bns 268 mg pal\u012bdz aizsarg\u0101t \u0161\u016bnas no oksidat\u012bv\u0101 stresa un atbalsta ikdienas labsaj\u016btu. \u0112rta un efekt\u012bva kapsulu forma.","breadcrumb":{"@id":"https:\/\/puhdasplus.ee\/lv\/produkti\/vitamini\/e-vitamins-268-mg-60-kapsulas\/#breadcrumb"},"inLanguage":"lv-LV","potentialAction":[{"@type":"ReadAction","target":["https:\/\/puhdasplus.ee\/lv\/produkti\/vitamini\/e-vitamins-268-mg-60-kapsulas\/"]}]},{"@type":"ImageObject","inLanguage":"lv-LV","@id":"https:\/\/puhdasplus.ee\/lv\/produkti\/vitamini\/e-vitamins-268-mg-60-kapsulas\/#primaryimage","url":"https:\/\/puhdasplus.ee\/wp-content\/uploads\/2025\/08\/tooted-ilma-taustata-copy-5-scaled.jpg","contentUrl":"https:\/\/puhdasplus.ee\/wp-content\/uploads\/2025\/08\/tooted-ilma-taustata-copy-5-scaled.jpg","width":1862,"height":2560,"caption":"Sp\u0113c\u012bgs E vitam\u012bns 268 mg"},{"@type":"BreadcrumbList","@id":"https:\/\/puhdasplus.ee\/lv\/produkti\/vitamini\/e-vitamins-268-mg-60-kapsulas\/#breadcrumb","itemListElement":[{"@type":"ListItem","position":1,"name":"S\u0101kums","item":"https:\/\/puhdasplus.ee\/lv\/"},{"@type":"ListItem","position":2,"name":"Produkti","item":"https:\/\/puhdasplus.ee\/lv\/veikals\/"},{"@type":"ListItem","position":3,"name":"Stiprs E vitam\u012bns 268 mg 60 kapsulas"}]},{"@type":"WebSite","@id":"https:\/\/puhdasplus.ee\/lv\/#website","url":"https:\/\/puhdasplus.ee\/lv\/","name":"Puhdas+","description":"Vitam\u012bni, uztura bag\u0101tin\u0101t\u0101ji, dab\u012bg\u0101 kosm\u0113tika, vesel\u012bba, sports","publisher":{"@id":"https:\/\/puhdasplus.ee\/lv\/#organization"},"potentialAction":[{"@type":"SearchAction","target":{"@type":"EntryPoint","urlTemplate":"https:\/\/puhdasplus.ee\/lv\/?s={search_term_string}"},"query-input":{"@type":"PropertyValueSpecification","valueRequired":true,"valueName":"search_term_string"}}],"inLanguage":"lv-LV"},{"@type":"Organization","@id":"https:\/\/puhdasplus.ee\/lv\/#organization","name":"Puhdas+","alternateName":"Puhdasplus","url":"https:\/\/puhdasplus.ee\/lv\/","logo":{"@type":"ImageObject","inLanguage":"lv-LV","@id":"https:\/\/puhdasplus.ee\/lv\/#\/schema\/logo\/image\/","url":"https:\/\/puhdasplus.ee\/wp-content\/uploads\/2019\/10\/puhdas_logo-arvele.png","contentUrl":"https:\/\/puhdasplus.ee\/wp-content\/uploads\/2019\/10\/puhdas_logo-arvele.png","width":114,"height":94,"caption":"Puhdas+"},"image":{"@id":"https:\/\/puhdasplus.ee\/lv\/#\/schema\/logo\/image\/"},"sameAs":["https:\/\/www.facebook.com\/puhdasplus","https:\/\/www.instagram.com\/puhdasplus_ee\/"]}]}},"_yoast_wpseo_title":"Stiprs E vitam\u012bns 268 mg 60 kapsulas | Puhdas+","_yoast_wpseo_metadesc":"Puhdas+ Strong E vitam\u012bns 268 mg pal\u012bdz aizsarg\u0101t \u0161\u016bnas no oksidat\u012bv\u0101 stresa un atbalsta ikdienas labsaj\u016btu. \u0112rta un efekt\u012bva kapsulu forma.","_yoast_wpseo_focuskw":"","_links":{"self":[{"href":"https:\/\/puhdasplus.ee\/lv\/wp-json\/wp\/v2\/product\/353403","targetHints":{"allow":["GET"]}}],"collection":[{"href":"https:\/\/puhdasplus.ee\/lv\/wp-json\/wp\/v2\/product"}],"about":[{"href":"https:\/\/puhdasplus.ee\/lv\/wp-json\/wp\/v2\/types\/product"}],"replies":[{"embeddable":true,"href":"https:\/\/puhdasplus.ee\/lv\/wp-json\/wp\/v2\/comments?post=353403"}],"wp:featuredmedia":[{"embeddable":true,"href":"https:\/\/puhdasplus.ee\/lv\/wp-json\/wp\/v2\/media\/352678"}],"wp:attachment":[{"href":"https:\/\/puhdasplus.ee\/lv\/wp-json\/wp\/v2\/media?parent=353403"}],"wp:term":[{"taxonomy":"product_brand","embeddable":true,"href":"https:\/\/puhdasplus.ee\/lv\/wp-json\/wp\/v2\/product_brand?post=353403"},{"taxonomy":"product_cat","embeddable":true,"href":"https:\/\/puhdasplus.ee\/lv\/wp-json\/wp\/v2\/product_cat?post=353403"},{"taxonomy":"product_tag","embeddable":true,"href":"https:\/\/puhdasplus.ee\/lv\/wp-json\/wp\/v2\/product_tag?post=353403"}],"curies":[{"name":"wp","href":"https:\/\/api.w.org\/{rel}","templated":true}]}}