{"id":353395,"date":"2025-08-25T13:24:12","date_gmt":"2025-08-25T10:24:12","guid":{"rendered":"https:\/\/puhdasplus.ee\/tooted\/uncategorized\/namivita-multivitaminu-gumijas-konfektes-75-gab\/"},"modified":"2026-04-07T09:20:45","modified_gmt":"2026-04-07T06:20:45","slug":"namivita-multivitaminu-gumijas-konfektes-75-gab","status":"publish","type":"product","link":"https:\/\/puhdasplus.ee\/lv\/produkti\/vitamini\/namivita-multivitaminu-gumijas-konfektes-75-gab\/","title":{"rendered":"PehmoVita multivitam\u012bnu gumijas konfektes b\u0113rniem un pieaugu\u0161ajiem 75 gab."},"content":{"rendered":"<h3 data-section-id=\"1ui9tnd\" data-start=\"0\" data-end=\"50\"><span role=\"text\"><strong data-start=\"4\" data-end=\"50\">PehmoVita multivitam\u012bnu gumijas konfektes 75 gab.<\/strong><\/span><\/h3>\n<p data-start=\"52\" data-end=\"77\"><strong data-start=\"52\" data-end=\"77\">Izv\u0113lieties lab\u0101ku gumijas konfekti! <\/strong>Puhdas+ PehmoVita ir jauns un gar\u0161\u012bgs veids, k\u0101 atbalst\u012bt savu labsaj\u016btu \u2013 bez kompromisiem. Izstr\u0101d\u0101ts un ra\u017eots Somij\u0101, PehmoVita gumijas konfektes ir kvalitat\u012bvi izgatavotas viet\u0113j\u0101 ra\u017eo\u0161an\u0101.<\/p>\n<p data-start=\"0\" data-end=\"350\">Puhdas+ PehmoVita gumijas konfektes pied\u0101v\u0101 visai \u0123imenei dab\u012bgu un gar\u0161\u012bgu veidu, k\u0101 atbalst\u012bt labsaj\u016btu \u2013 bez nevajadz\u012bgiem kompromisiem. M\u0113s uzskat\u0101m, ka vitam\u012bniem j\u0101b\u016bt tikpat labiem gan sast\u0101va, gan gar\u0161as zi\u0146\u0101. T\u0101p\u0113c esam izstr\u0101d\u0101ju\u0161i ko\u0161\u013c\u0101jam\u0101s tabletes, kas gar\u0161o labi un ir \u0113rti lietojamas \u2013 ra\u017eotas Somij\u0101 un bez nevajadz\u012bg\u0101m piedev\u0101m.<\/p>\n<p data-start=\"352\" data-end=\"515\" data-is-last-node=\"\" data-is-only-node=\"\">Uztura bag\u0101tin\u0101t\u0101js. Nesatur pienu, laktozi vai raugu. Nesatur cukuru, soju vai glut\u0113nu. Satur saldin\u0101t\u0101ju. P\u0101rm\u0113r\u012bga pat\u0113ri\u0146a gad\u012bjum\u0101 var rad\u012bt caurejas efektu.<\/p>\n<h2><strong>Sast\u0101vda\u013cas<\/strong><\/h2>\n<p>Saldin\u0101t\u0101js (malt\u012bta s\u012brups), \u016bdens, biezin\u0101t\u0101js (pekt\u012bns), C vitam\u012bns (askorb\u012bnsk\u0101be), B3 vitam\u012bns (nikot\u012bnam\u012bds), E vitam\u012bns (DL-alfa-tokoferola acet\u0101ts), B6 vitam\u012bns (piridoks\u012bna hidrohlor\u012bds), A vitam\u012bns (retinola acet\u0101ts), folsk\u0101be, biot\u012bns (D-biot\u012bns), D3 vitam\u012bns (holekalciferols), B12 vitam\u012bns (cianokobalam\u012bns), sk\u0101buma regulatori (citronsk\u0101be, n\u0101trija citr\u0101ts), dab\u012bgas arom\u0101tvielas un gar\u0161vielas (apels\u012bns), kr\u0101sviela (karot\u012bns), p\u0101rkl\u0101juma viela (karnauba vasks).<\/p>\n<h2><strong>Uzturvielu saturs<\/strong><\/h2>\n<p data-start=\"85\" data-end=\"121\"><strong data-start=\"85\" data-end=\"121\">Dienas deva (1\u20132 gab.) satur:<\/strong><\/p>\n<ul data-start=\"123\" data-end=\"496\">\n<li data-section-id=\"1363v7p\" data-start=\"123\" data-end=\"164\"><strong data-start=\"125\" data-end=\"140\">A vitam\u012bns:<\/strong> 200\u2013400 \u00b5g (<em data-start=\"153\" data-end=\"161\">25\u201350%<\/em>)<\/li>\n<li data-section-id=\"5dosow\" data-start=\"165\" data-end=\"206\"><strong data-start=\"167\" data-end=\"183\">D3 vitam\u012bns:<\/strong> 5\u201310 \u00b5g (<em data-start=\"193\" data-end=\"203\">100\u2013200%<\/em>)<\/li>\n<li data-section-id=\"alwwws\" data-start=\"207\" data-end=\"246\"><strong data-start=\"209\" data-end=\"224\">E vitam\u012bns:<\/strong> 6\u201312 mg (<em data-start=\"234\" data-end=\"243\">50\u2013100%<\/em>)<\/li>\n<li data-section-id=\"lqqsfr\" data-start=\"247\" data-end=\"286\"><strong data-start=\"249\" data-end=\"264\">C vitam\u012bns:<\/strong> 30\u201360 mg (<em data-start=\"275\" data-end=\"283\">38\u201375%<\/em>)<\/li>\n<li data-section-id=\"i01swy\" data-start=\"287\" data-end=\"327\"><strong data-start=\"289\" data-end=\"305\">B3 vitam\u012bns:<\/strong> 8\u201316 mg (<em data-start=\"315\" data-end=\"324\">50\u2013100%<\/em>)<\/li>\n<li data-section-id=\"1nz8uka\" data-start=\"328\" data-end=\"371\"><strong data-start=\"330\" data-end=\"346\">B6 vitam\u012bns:<\/strong> 0,7\u20131,4 mg (<em data-start=\"359\" data-end=\"368\">50\u2013100%<\/em>)<\/li>\n<li data-section-id=\"q8z3ut\" data-start=\"372\" data-end=\"412\"><strong data-start=\"374\" data-end=\"387\">Folsk\u0101be:<\/strong> 100\u2013200 \u00b5g (<em data-start=\"400\" data-end=\"409\">50\u2013100%<\/em>)<\/li>\n<li data-section-id=\"1djr22s\" data-start=\"413\" data-end=\"458\"><strong data-start=\"415\" data-end=\"432\">B12 vitam\u012bns:<\/strong> 1,25\u20132,5 \u00b5g (<em data-start=\"446\" data-end=\"455\">50\u2013100%<\/em>)<\/li>\n<li data-section-id=\"1n638uk\" data-start=\"459\" data-end=\"496\"><strong data-start=\"461\" data-end=\"473\">Biot\u012bns:<\/strong> 25\u201350 \u00b5g (<em data-start=\"484\" data-end=\"493\">50\u2013100%<\/em>)<\/li>\n<\/ul>\n<p data-start=\"498\" data-end=\"530\">* % no dienas references uz\u0146em\u0161anas<\/p>\n<h2><strong>Lieto\u0161anas instrukcija<\/strong><\/h2>\n<p data-start=\"21\" data-end=\"119\">Pieaugu\u0161ajiem un b\u0113rniem virs 11 gadu vecuma 2 gab. dien\u0101.<br data-start=\"78\" data-end=\"81\" \/>3\u201310 gadus veciem b\u0113rniem 1 gab. dien\u0101.<\/p>\n<p data-start=\"121\" data-end=\"294\" data-is-last-node=\"\" data-is-only-node=\"\">Ieteicamo dienas devu nedr\u012bkst p\u0101rsniegt.<br data-start=\"166\" data-end=\"169\" \/>Uztura bag\u0101tin\u0101t\u0101js neaizst\u0101j daudzveid\u012bgu un sabalans\u0113tu uzturu, k\u0101 ar\u012b vesel\u012bgu dz\u012bvesveidu.<br data-start=\"257\" data-end=\"260\" data-is-only-node=\"\" \/>Uzglab\u0101t b\u0113rniem nepieejam\u0101 viet\u0101.<\/p>\n<h2><strong>Svar\u012bga inform\u0101cija<\/strong><\/h2>\n<ul>\n<li>Uztura bag\u0101tin\u0101t\u0101js neaizst\u0101j daudzveid\u012bgu un sabalans\u0113tu uzturu, k\u0101 ar\u012b vesel\u012bgu dz\u012bvesveidu.<\/li>\n<li>Uzglab\u0101t b\u0113rniem nepieejam\u0101 viet\u0101.<\/li>\n<li>Glab\u0101t saus\u0101 un v\u0113s\u0101 viet\u0101, pasarg\u0101jot no tie\u0161as saules gaismas.<\/li>\n<\/ul>\n<h2><strong>Iepakojums<\/strong><\/h2>\n<p>75 gumijas konfektes (neto masa ap 150 g)<\/p>\n<p><strong>Ra\u017eot\u0101js:<\/strong> New Organics Oy, Somija<br \/>\n<strong>Import\u0113t\u0101js:<\/strong> NordenBio O\u00dc, Narva mnt 7, 10117 Tallinn<\/p>\n<p>Nesatur laktozi un glut\u0113nu.<\/p>\n<h2>Br\u012bdin\u0101jumi<\/h2>\n<p>Ieteicamo dienas devu nedr\u012bkst p\u0101rsniegt.<br data-start=\"64\" data-end=\"67\" \/>Uztura bag\u0101tin\u0101t\u0101js neaizst\u0101j daudzveid\u012bgu un sabalans\u0113tu uzturu, k\u0101 ar\u012b vesel\u012bgu dz\u012bvesveidu.<br data-start=\"155\" data-end=\"158\" data-is-only-node=\"\" \/>Uzglab\u0101t b\u0113rniem nepieejam\u0101 viet\u0101.<\/p>\n<p>&nbsp;<\/p>\n","protected":false},"excerpt":{"rendered":"<p><strong>Puhdas+ PehmoVita multivitam\u012bnu gumijas konfektes<\/strong> ir gar\u0161\u012bgi un \u0113rti vitam\u012bni visai \u0123imenei. Satur svar\u012bgus vitam\u012bnus un piem\u0113rotas gan b\u0113rniem, gan pieaugu\u0161ajiem ikdienas lieto\u0161anai. Ra\u017eotas Somij\u0101, bez cukura un nevajadz\u012bg\u0101m piedev\u0101m.<\/p>\n","protected":false},"featured_media":360043,"comment_status":"open","ping_status":"closed","template":"","meta":{"_acf_changed":false,"googlesitekit_rrm_CAow3eq7DA:productID":""},"product_brand":[],"product_cat":[3205],"product_tag":[5886,8349,3202,3041,8373,3206,2974,8369],"class_list":{"0":"post-353395","1":"product","2":"type-product","3":"status-publish","4":"has-post-thumbnail","6":"product_cat-vitamini","7":"product_tag-b-vitamini","8":"product_tag-bez-laktozes-lv","9":"product_tag-c-vitamins-lv","10":"product_tag-imunitate","11":"product_tag-somijas-kvalitte-lv","12":"product_tag-uztura-bagatinatajs","13":"product_tag-vegans","14":"product_tag-vitamni-lv","16":"first","17":"onbackorder","18":"taxable","19":"shipping-taxable","20":"purchasable","21":"product-type-simple"},"acf":[],"yoast_head":"<!-- This site is optimized with the Yoast SEO plugin v27.3 - https:\/\/yoast.com\/product\/yoast-seo-wordpress\/ -->\n<title>Multivitam\u012bnu gumijas konfektes 75 gab. \u2013 Puhdas+ PehmoVita<\/title>\n<meta name=\"description\" content=\"Puhdas+ PehmoVita gumijas konfektes \u2013 gar\u0161\u012bgi multivitam\u012bni b\u0113rniem un pieaugu\u0161ajiem. Satur svar\u012bgus vitam\u012bnus, bez cukura, glut\u0113na un laktozes. 75 gab.\" \/>\n<meta name=\"robots\" content=\"index, follow, max-snippet:-1, max-image-preview:large, max-video-preview:-1\" \/>\n<link rel=\"canonical\" href=\"https:\/\/puhdasplus.ee\/lv\/produkti\/vitamini\/namivita-multivitaminu-gumijas-konfektes-75-gab\/\" \/>\n<meta property=\"og:locale\" content=\"lv_LV\" \/>\n<meta property=\"og:type\" content=\"article\" \/>\n<meta property=\"og:title\" content=\"Multivitam\u012bnu gumijas konfektes 75 gab. \u2013 Puhdas+ PehmoVita\" \/>\n<meta property=\"og:description\" content=\"Puhdas+ PehmoVita gumijas konfektes \u2013 gar\u0161\u012bgi multivitam\u012bni b\u0113rniem un pieaugu\u0161ajiem. Satur svar\u012bgus vitam\u012bnus, bez cukura, glut\u0113na un laktozes. 75 gab.\" \/>\n<meta property=\"og:url\" content=\"https:\/\/puhdasplus.ee\/lv\/produkti\/vitamini\/namivita-multivitaminu-gumijas-konfektes-75-gab\/\" \/>\n<meta property=\"og:site_name\" content=\"Puhdas+\" \/>\n<meta property=\"article:publisher\" content=\"https:\/\/www.facebook.com\/puhdasplus\" \/>\n<meta property=\"article:modified_time\" content=\"2026-04-07T06:20:45+00:00\" \/>\n<meta property=\"og:image\" content=\"https:\/\/puhdasplus.ee\/wp-content\/uploads\/2025\/08\/tooted-ilma-taustata-4.jpg\" \/>\n\t<meta property=\"og:image:width\" content=\"1280\" \/>\n\t<meta property=\"og:image:height\" content=\"1760\" \/>\n\t<meta property=\"og:image:type\" content=\"image\/jpeg\" \/>\n<meta name=\"twitter:card\" content=\"summary_large_image\" \/>\n<meta name=\"twitter:label1\" content=\"Est. reading time\" \/>\n\t<meta name=\"twitter:data1\" content=\"2 min\u016btes\" \/>\n<script type=\"application\/ld+json\" class=\"yoast-schema-graph\">{\"@context\":\"https:\\\/\\\/schema.org\",\"@graph\":[{\"@type\":\"WebPage\",\"@id\":\"https:\\\/\\\/puhdasplus.ee\\\/lv\\\/produkti\\\/vitamini\\\/namivita-multivitaminu-gumijas-konfektes-75-gab\\\/\",\"url\":\"https:\\\/\\\/puhdasplus.ee\\\/lv\\\/produkti\\\/vitamini\\\/namivita-multivitaminu-gumijas-konfektes-75-gab\\\/\",\"name\":\"Multivitam\u012bnu gumijas konfektes 75 gab. \u2013 Puhdas+ PehmoVita\",\"isPartOf\":{\"@id\":\"https:\\\/\\\/puhdasplus.ee\\\/lv\\\/#website\"},\"primaryImageOfPage\":{\"@id\":\"https:\\\/\\\/puhdasplus.ee\\\/lv\\\/produkti\\\/vitamini\\\/namivita-multivitaminu-gumijas-konfektes-75-gab\\\/#primaryimage\"},\"image\":{\"@id\":\"https:\\\/\\\/puhdasplus.ee\\\/lv\\\/produkti\\\/vitamini\\\/namivita-multivitaminu-gumijas-konfektes-75-gab\\\/#primaryimage\"},\"thumbnailUrl\":\"https:\\\/\\\/puhdasplus.ee\\\/wp-content\\\/uploads\\\/2025\\\/08\\\/tooted-ilma-taustata-4.jpg\",\"datePublished\":\"2025-08-25T10:24:12+00:00\",\"dateModified\":\"2026-04-07T06:20:45+00:00\",\"description\":\"Puhdas+ PehmoVita gumijas konfektes \u2013 gar\u0161\u012bgi multivitam\u012bni b\u0113rniem un pieaugu\u0161ajiem. Satur svar\u012bgus vitam\u012bnus, bez cukura, glut\u0113na un laktozes. 75 gab.\",\"breadcrumb\":{\"@id\":\"https:\\\/\\\/puhdasplus.ee\\\/lv\\\/produkti\\\/vitamini\\\/namivita-multivitaminu-gumijas-konfektes-75-gab\\\/#breadcrumb\"},\"inLanguage\":\"lv-LV\",\"potentialAction\":[{\"@type\":\"ReadAction\",\"target\":[\"https:\\\/\\\/puhdasplus.ee\\\/lv\\\/produkti\\\/vitamini\\\/namivita-multivitaminu-gumijas-konfektes-75-gab\\\/\"]}]},{\"@type\":\"ImageObject\",\"inLanguage\":\"lv-LV\",\"@id\":\"https:\\\/\\\/puhdasplus.ee\\\/lv\\\/produkti\\\/vitamini\\\/namivita-multivitaminu-gumijas-konfektes-75-gab\\\/#primaryimage\",\"url\":\"https:\\\/\\\/puhdasplus.ee\\\/wp-content\\\/uploads\\\/2025\\\/08\\\/tooted-ilma-taustata-4.jpg\",\"contentUrl\":\"https:\\\/\\\/puhdasplus.ee\\\/wp-content\\\/uploads\\\/2025\\\/08\\\/tooted-ilma-taustata-4.jpg\",\"width\":1280,\"height\":1760,\"caption\":\"PehmoVita multivitamiin kummikommid lastele ja t\u00e4iskasvanutele 75 tk\"},{\"@type\":\"BreadcrumbList\",\"@id\":\"https:\\\/\\\/puhdasplus.ee\\\/lv\\\/produkti\\\/vitamini\\\/namivita-multivitaminu-gumijas-konfektes-75-gab\\\/#breadcrumb\",\"itemListElement\":[{\"@type\":\"ListItem\",\"position\":1,\"name\":\"S\u0101kums\",\"item\":\"https:\\\/\\\/puhdasplus.ee\\\/lv\\\/\"},{\"@type\":\"ListItem\",\"position\":2,\"name\":\"Produkti\",\"item\":\"https:\\\/\\\/puhdasplus.ee\\\/lv\\\/veikals\\\/\"},{\"@type\":\"ListItem\",\"position\":3,\"name\":\"PehmoVita multivitam\u012bnu gumijas konfektes b\u0113rniem un pieaugu\u0161ajiem 75 gab.\"}]},{\"@type\":\"WebSite\",\"@id\":\"https:\\\/\\\/puhdasplus.ee\\\/lv\\\/#website\",\"url\":\"https:\\\/\\\/puhdasplus.ee\\\/lv\\\/\",\"name\":\"Puhdas+\",\"description\":\"Vitam\u012bni, uztura bag\u0101tin\u0101t\u0101ji, dab\u012bg\u0101 kosm\u0113tika, vesel\u012bba, sports\",\"publisher\":{\"@id\":\"https:\\\/\\\/puhdasplus.ee\\\/lv\\\/#organization\"},\"potentialAction\":[{\"@type\":\"SearchAction\",\"target\":{\"@type\":\"EntryPoint\",\"urlTemplate\":\"https:\\\/\\\/puhdasplus.ee\\\/lv\\\/?s={search_term_string}\"},\"query-input\":{\"@type\":\"PropertyValueSpecification\",\"valueRequired\":true,\"valueName\":\"search_term_string\"}}],\"inLanguage\":\"lv-LV\"},{\"@type\":\"Organization\",\"@id\":\"https:\\\/\\\/puhdasplus.ee\\\/lv\\\/#organization\",\"name\":\"Puhdas+\",\"alternateName\":\"Puhdasplus\",\"url\":\"https:\\\/\\\/puhdasplus.ee\\\/lv\\\/\",\"logo\":{\"@type\":\"ImageObject\",\"inLanguage\":\"lv-LV\",\"@id\":\"https:\\\/\\\/puhdasplus.ee\\\/lv\\\/#\\\/schema\\\/logo\\\/image\\\/\",\"url\":\"https:\\\/\\\/puhdasplus.ee\\\/wp-content\\\/uploads\\\/2019\\\/10\\\/puhdas_logo-arvele.png\",\"contentUrl\":\"https:\\\/\\\/puhdasplus.ee\\\/wp-content\\\/uploads\\\/2019\\\/10\\\/puhdas_logo-arvele.png\",\"width\":114,\"height\":94,\"caption\":\"Puhdas+\"},\"image\":{\"@id\":\"https:\\\/\\\/puhdasplus.ee\\\/lv\\\/#\\\/schema\\\/logo\\\/image\\\/\"},\"sameAs\":[\"https:\\\/\\\/www.facebook.com\\\/puhdasplus\",\"https:\\\/\\\/www.instagram.com\\\/puhdasplus_ee\\\/\"]}]}<\/script>\n<!-- \/ Yoast SEO plugin. -->","yoast_head_json":{"title":"Multivitam\u012bnu gumijas konfektes 75 gab. \u2013 Puhdas+ PehmoVita","description":"Puhdas+ PehmoVita gumijas konfektes \u2013 gar\u0161\u012bgi multivitam\u012bni b\u0113rniem un pieaugu\u0161ajiem. Satur svar\u012bgus vitam\u012bnus, bez cukura, glut\u0113na un laktozes. 75 gab.","robots":{"index":"index","follow":"follow","max-snippet":"max-snippet:-1","max-image-preview":"max-image-preview:large","max-video-preview":"max-video-preview:-1"},"canonical":"https:\/\/puhdasplus.ee\/lv\/produkti\/vitamini\/namivita-multivitaminu-gumijas-konfektes-75-gab\/","og_locale":"lv_LV","og_type":"article","og_title":"Multivitam\u012bnu gumijas konfektes 75 gab. \u2013 Puhdas+ PehmoVita","og_description":"Puhdas+ PehmoVita gumijas konfektes \u2013 gar\u0161\u012bgi multivitam\u012bni b\u0113rniem un pieaugu\u0161ajiem. Satur svar\u012bgus vitam\u012bnus, bez cukura, glut\u0113na un laktozes. 75 gab.","og_url":"https:\/\/puhdasplus.ee\/lv\/produkti\/vitamini\/namivita-multivitaminu-gumijas-konfektes-75-gab\/","og_site_name":"Puhdas+","article_publisher":"https:\/\/www.facebook.com\/puhdasplus","article_modified_time":"2026-04-07T06:20:45+00:00","og_image":[{"width":1280,"height":1760,"url":"https:\/\/puhdasplus.ee\/wp-content\/uploads\/2025\/08\/tooted-ilma-taustata-4.jpg","type":"image\/jpeg"}],"twitter_card":"summary_large_image","twitter_misc":{"Est. reading time":"2 min\u016btes"},"schema":{"@context":"https:\/\/schema.org","@graph":[{"@type":"WebPage","@id":"https:\/\/puhdasplus.ee\/lv\/produkti\/vitamini\/namivita-multivitaminu-gumijas-konfektes-75-gab\/","url":"https:\/\/puhdasplus.ee\/lv\/produkti\/vitamini\/namivita-multivitaminu-gumijas-konfektes-75-gab\/","name":"Multivitam\u012bnu gumijas konfektes 75 gab. \u2013 Puhdas+ PehmoVita","isPartOf":{"@id":"https:\/\/puhdasplus.ee\/lv\/#website"},"primaryImageOfPage":{"@id":"https:\/\/puhdasplus.ee\/lv\/produkti\/vitamini\/namivita-multivitaminu-gumijas-konfektes-75-gab\/#primaryimage"},"image":{"@id":"https:\/\/puhdasplus.ee\/lv\/produkti\/vitamini\/namivita-multivitaminu-gumijas-konfektes-75-gab\/#primaryimage"},"thumbnailUrl":"https:\/\/puhdasplus.ee\/wp-content\/uploads\/2025\/08\/tooted-ilma-taustata-4.jpg","datePublished":"2025-08-25T10:24:12+00:00","dateModified":"2026-04-07T06:20:45+00:00","description":"Puhdas+ PehmoVita gumijas konfektes \u2013 gar\u0161\u012bgi multivitam\u012bni b\u0113rniem un pieaugu\u0161ajiem. Satur svar\u012bgus vitam\u012bnus, bez cukura, glut\u0113na un laktozes. 75 gab.","breadcrumb":{"@id":"https:\/\/puhdasplus.ee\/lv\/produkti\/vitamini\/namivita-multivitaminu-gumijas-konfektes-75-gab\/#breadcrumb"},"inLanguage":"lv-LV","potentialAction":[{"@type":"ReadAction","target":["https:\/\/puhdasplus.ee\/lv\/produkti\/vitamini\/namivita-multivitaminu-gumijas-konfektes-75-gab\/"]}]},{"@type":"ImageObject","inLanguage":"lv-LV","@id":"https:\/\/puhdasplus.ee\/lv\/produkti\/vitamini\/namivita-multivitaminu-gumijas-konfektes-75-gab\/#primaryimage","url":"https:\/\/puhdasplus.ee\/wp-content\/uploads\/2025\/08\/tooted-ilma-taustata-4.jpg","contentUrl":"https:\/\/puhdasplus.ee\/wp-content\/uploads\/2025\/08\/tooted-ilma-taustata-4.jpg","width":1280,"height":1760,"caption":"PehmoVita multivitamiin kummikommid lastele ja t\u00e4iskasvanutele 75 tk"},{"@type":"BreadcrumbList","@id":"https:\/\/puhdasplus.ee\/lv\/produkti\/vitamini\/namivita-multivitaminu-gumijas-konfektes-75-gab\/#breadcrumb","itemListElement":[{"@type":"ListItem","position":1,"name":"S\u0101kums","item":"https:\/\/puhdasplus.ee\/lv\/"},{"@type":"ListItem","position":2,"name":"Produkti","item":"https:\/\/puhdasplus.ee\/lv\/veikals\/"},{"@type":"ListItem","position":3,"name":"PehmoVita multivitam\u012bnu gumijas konfektes b\u0113rniem un pieaugu\u0161ajiem 75 gab."}]},{"@type":"WebSite","@id":"https:\/\/puhdasplus.ee\/lv\/#website","url":"https:\/\/puhdasplus.ee\/lv\/","name":"Puhdas+","description":"Vitam\u012bni, uztura bag\u0101tin\u0101t\u0101ji, dab\u012bg\u0101 kosm\u0113tika, vesel\u012bba, sports","publisher":{"@id":"https:\/\/puhdasplus.ee\/lv\/#organization"},"potentialAction":[{"@type":"SearchAction","target":{"@type":"EntryPoint","urlTemplate":"https:\/\/puhdasplus.ee\/lv\/?s={search_term_string}"},"query-input":{"@type":"PropertyValueSpecification","valueRequired":true,"valueName":"search_term_string"}}],"inLanguage":"lv-LV"},{"@type":"Organization","@id":"https:\/\/puhdasplus.ee\/lv\/#organization","name":"Puhdas+","alternateName":"Puhdasplus","url":"https:\/\/puhdasplus.ee\/lv\/","logo":{"@type":"ImageObject","inLanguage":"lv-LV","@id":"https:\/\/puhdasplus.ee\/lv\/#\/schema\/logo\/image\/","url":"https:\/\/puhdasplus.ee\/wp-content\/uploads\/2019\/10\/puhdas_logo-arvele.png","contentUrl":"https:\/\/puhdasplus.ee\/wp-content\/uploads\/2019\/10\/puhdas_logo-arvele.png","width":114,"height":94,"caption":"Puhdas+"},"image":{"@id":"https:\/\/puhdasplus.ee\/lv\/#\/schema\/logo\/image\/"},"sameAs":["https:\/\/www.facebook.com\/puhdasplus","https:\/\/www.instagram.com\/puhdasplus_ee\/"]}]}},"_yoast_wpseo_title":"Multivitam\u012bnu gumijas konfektes 75 gab. \u2013 Puhdas+ PehmoVita","_yoast_wpseo_metadesc":"Puhdas+ PehmoVita gumijas konfektes \u2013 gar\u0161\u012bgi multivitam\u012bni b\u0113rniem un pieaugu\u0161ajiem. Satur svar\u012bgus vitam\u012bnus, bez cukura, glut\u0113na un laktozes. 75 gab.","_yoast_wpseo_focuskw":"multivitam\u012bnu konfektes","_links":{"self":[{"href":"https:\/\/puhdasplus.ee\/lv\/wp-json\/wp\/v2\/product\/353395","targetHints":{"allow":["GET"]}}],"collection":[{"href":"https:\/\/puhdasplus.ee\/lv\/wp-json\/wp\/v2\/product"}],"about":[{"href":"https:\/\/puhdasplus.ee\/lv\/wp-json\/wp\/v2\/types\/product"}],"replies":[{"embeddable":true,"href":"https:\/\/puhdasplus.ee\/lv\/wp-json\/wp\/v2\/comments?post=353395"}],"wp:featuredmedia":[{"embeddable":true,"href":"https:\/\/puhdasplus.ee\/lv\/wp-json\/wp\/v2\/media\/360043"}],"wp:attachment":[{"href":"https:\/\/puhdasplus.ee\/lv\/wp-json\/wp\/v2\/media?parent=353395"}],"wp:term":[{"taxonomy":"product_brand","embeddable":true,"href":"https:\/\/puhdasplus.ee\/lv\/wp-json\/wp\/v2\/product_brand?post=353395"},{"taxonomy":"product_cat","embeddable":true,"href":"https:\/\/puhdasplus.ee\/lv\/wp-json\/wp\/v2\/product_cat?post=353395"},{"taxonomy":"product_tag","embeddable":true,"href":"https:\/\/puhdasplus.ee\/lv\/wp-json\/wp\/v2\/product_tag?post=353395"}],"curies":[{"name":"wp","href":"https:\/\/api.w.org\/{rel}","templated":true}]}}