{"id":353297,"date":"2020-02-16T11:15:14","date_gmt":"2020-02-16T09:15:14","guid":{"rendered":"https:\/\/puhdasplus.ee\/tooted\/uncategorized\/pienskabes-bakterijas-2-miljardi-60-kapsulas\/"},"modified":"2026-04-07T20:06:14","modified_gmt":"2026-04-07T17:06:14","slug":"pienskabes-bakterijas-2-miljardi-60-kapsulas","status":"publish","type":"product","link":"https:\/\/puhdasplus.ee\/lv\/produkti\/imunsistema\/pienskabes-bakterijas-2-miljardi-60-kapsulas\/","title":{"rendered":"Piensk\u0101bes bakt\u0113rijas 2 miljardi 60 kapsulas"},"content":{"rendered":"<h2>Kas ir Puhdas+ piensk\u0101bes bakt\u0113rijas 2 miljardi un k\u0101p\u0113c t\u0101s ir noder\u012bgas?<\/h2>\n<p><strong>Puhdas+ piensk\u0101bes bakt\u0113rijas 2 miljardi<\/strong> ir <strong>probiotiskais uztura bag\u0101tin\u0101t\u0101js<\/strong> ikdienas lieto\u0161anai, kas satur \u010detrus cilv\u0113kiem specifiskus piensk\u0101bes bakt\u0113riju celmus. Katra kapsula satur 2 miljardus dz\u012bvotsp\u0113j\u012bgu bakt\u0113riju (CFU \u2013 koloniju veidojo\u0161\u0101s vien\u012bbas), kas pal\u012bdz uztur\u0113t un atbalst\u012bt <strong>zarnu mikrofloras l\u012bdzsvaru<\/strong> . <\/p>\n<p>Zarnu mikrobiota sast\u0101v no miljardiem mikroorganismu, no kuriem daudziem ir svar\u012bga loma gremo\u0161anas, vielmai\u0146as, bar\u012bbas vielu uzs\u016bk\u0161an\u0101s un pat im\u016bnsist\u0113mas darb\u012bbas regul\u0113\u0161an\u0101. Ja \u0161is l\u012bdzsvars tiek izjaukts, piem\u0113ram, <strong>stresa, uztura paradumu, slim\u012bbas vai medikamentu, \u012bpa\u0161i antibiotiku, lieto\u0161anas d\u0113\u013c<\/strong> , tas var izrais\u012bt gremo\u0161anas trauc\u0113jumus, nogurumu vai paaugstin\u0101tu uz\u0146\u0113m\u012bbu pret v\u012brusu infekcij\u0101m. <\/p>\n<p>\u0160eit noder probiotikas. Puhdas+ piensk\u0101bes bakt\u0113riju 2 miljardu kapsulu sast\u0101v\u0101 ir \u0161\u0101di labi zin\u0101mi un p\u0113t\u012bti celmi: <\/p>\n<ul>\n<li>\n<p><strong>Lactobacillus rhamnosus<\/strong><\/p>\n<\/li>\n<li>\n<p><strong>Bifidobacterium lactis<\/strong><\/p>\n<\/li>\n<li>\n<p><strong>Lactobacillus reuteri<\/strong><\/p>\n<\/li>\n<li>\n<p><strong>Lactobacillus casei<\/strong><\/p>\n<\/li>\n<\/ul>\n<p>\u0160\u012bs bakt\u0113rijas ir dabiska cilv\u0113ka mikrofloras sast\u0101vda\u013ca, un to regul\u0101ra uz\u0146em\u0161ana pal\u012bdz uztur\u0113t organisma iek\u0161\u0113jo l\u012bdzsvaru.<\/p>\n<h2>Kad to lietot?<\/h2>\n<p>Produkts ir piem\u0113rots ikdienas lieto\u0161anai un ir \u012bpa\u0161i labs:<\/p>\n<ul>\n<li>\n<p>p\u0113c antibiotiku kursa<\/p>\n<\/li>\n<li>\n<p>gremo\u0161anas trauc\u0113jumu un v\u0113dera uzp\u016b\u0161an\u0101s gad\u012bjum\u0101<\/p>\n<\/li>\n<li>\n<p>diskomforta gad\u012bjum\u0101, kas saist\u012bts ar di\u0113tas izmai\u0146\u0101m<\/p>\n<\/li>\n<li>\n<p>stresa periodos, kad mikrobioms var viegli zaud\u0113t l\u012bdzsvaru<\/p>\n<\/li>\n<li>\n<p>lai atbalst\u012btu im\u016bnsist\u0113mas norm\u0101las funkcijas<\/p>\n<\/li>\n<\/ul>\n<h2>Kam produkts ir piem\u0113rots?<\/h2>\n<p>Produkts ir piem\u0113rots pieaugu\u0161ajiem, kuri:<\/p>\n<ul>\n<li>\n<p>v\u0113las atbalst\u012bt savu gremo\u0161anu<\/p>\n<\/li>\n<li>\n<p>ir izg\u0101jis antibiotiku kursu<\/p>\n<\/li>\n<li>\n<p>j\u016bt nepiecie\u0161am\u012bbu atjaunot vai uztur\u0113t zarnu l\u012bdzsvaru<\/p>\n<\/li>\n<\/ul>\n<p>Piem\u0113rots ikdienas lieto\u0161anai, k\u0101 ar\u012b cilv\u0113kiem ar jut\u012bgu gremo\u0161anas sist\u0113mu.<\/p>\n<p>Produkts nesatur laktozi, glut\u0113nu un soju, un ir piem\u0113rots veg\u0101niem.<\/p>\n<h2>Sast\u0101vda\u013cas<\/h2>\n<ul>\n<li>\n<p>Piensk\u0101bes bakt\u0113riju mais\u012bjums ( <em>Lactobacillus rhamnosus<\/em> , <em>Bifidobacterium lactis<\/em> , <em>Lactobacillus reuteri<\/em> , <em>Lactobacillus casei<\/em> )<\/p>\n<\/li>\n<li>\n<p>Mikrokrist\u0101lisk\u0101 celuloze (pilnveidot\u0101js)<\/p>\n<\/li>\n<li>\n<p>Kapsulas apvalks: hidroksipropilmetilceluloze, gell\u0101na sve\u0137i<\/p>\n<\/li>\n<\/ul>\n<p>Nesatur m\u0101ksl\u012bgus saldin\u0101t\u0101jus, aromatiz\u0113t\u0101jus vai kr\u0101svielas.<\/p>\n<h2>Uzturv\u0113rt\u012bba (1 kapsula)<\/h2>\n<div class=\"group pointer-events-none relative flex justify-center *:pointer-events-auto\">\n<div class=\"tableContainer horzScrollShadows relative\">\n<table class=\"min-w-full\">\n<thead>\n<tr>\n<th>Akt\u012bv\u0101 viela<\/th>\n<th>Daudzums<\/th>\n<\/tr>\n<\/thead>\n<tbody>\n<tr>\n<td class=\"max-w-[calc(var(--thread-content-max-width)*2\/3)]\"><em>Lactobacillus rhamnosus<\/em><\/td>\n<td class=\"max-w-[calc(var(--thread-content-max-width)*2\/3)]\">1 miljards KVV<\/td>\n<\/tr>\n<tr>\n<td class=\"max-w-[calc(var(--thread-content-max-width)*2\/3)]\"><em>Bifidobacterium lactis<\/em><\/td>\n<td class=\"max-w-[calc(var(--thread-content-max-width)*2\/3)]\">400 miljoni KVV<\/td>\n<\/tr>\n<tr>\n<td class=\"max-w-[calc(var(--thread-content-max-width)*2\/3)]\"><em>Lactobacillus reuteri<\/em><\/td>\n<td class=\"max-w-[calc(var(--thread-content-max-width)*2\/3)]\">200 miljoni KVV<\/td>\n<\/tr>\n<tr>\n<td class=\"max-w-[calc(var(--thread-content-max-width)*2\/3)]\"><em>Lactobacillus casei<\/em><\/td>\n<td class=\"max-w-[calc(var(--thread-content-max-width)*2\/3)]\">400 miljoni KVV<\/td>\n<\/tr>\n<\/tbody>\n<\/table>\n<h2>Lietot\u0101ja rokasgr\u0101mata<\/h2>\n<p><strong>Ieteicam\u0101 dienas deva:<\/strong> 1 kapsula dien\u0101, uzdzerot \u016bdeni.<\/p>\n<p>Nep\u0101rsniedziet dienas devu. Uztura bag\u0101tin\u0101t\u0101js neaizst\u0101j daudzveid\u012bgu uzturu vai vesel\u012bgu dz\u012bvesveidu. <\/p>\n<h2>Br\u012bdin\u0101jumi un uzglab\u0101\u0161ana<\/h2>\n<ul>\n<li>\n<p>Sarg\u0101t no b\u0113rniem.<\/p>\n<\/li>\n<li>\n<p>Uzglab\u0101t saus\u0101, v\u0113s\u0101 viet\u0101 un pasarg\u0101t no gaismas.<\/p>\n<\/li>\n<li>\n<p>Nelietot, ja iepakojums ir boj\u0101ts.<\/p>\n<\/li>\n<\/ul>\n<\/div>\n<\/div>\n<p><strong>Skat\u012bt ar\u012b:<\/strong> <a href=\"https:\/\/puhdasplus.ee\/toote-kategooria\/immuunsusteem\/\">Immuuns\u00fcsteem<\/a> | <a href=\"https:\/\/puhdasplus.ee\/toote-kategooria\/seedimine-ja-ainevahetus\/\">Gremo\u0161ana un vielmai\u0146a<\/a> | <a href=\"https:\/\/puhdasplus.ee\/toote-kategooria\/d-vitamiin\/\">D-vitamiin<\/a><\/p>\n","protected":false},"excerpt":{"rendered":"<p><strong>Puhdas+ piensk\u0101bes bakt\u0113rijas 2 miljardi<\/strong> ir ikdienas uztura bag\u0101tin\u0101t\u0101js, kas pal\u012bdz uztur\u0113t gremo\u0161anas l\u012bdzsvaru un atbalsta organisma dabisk\u0101s aizsargsp\u0113jas. Katra kapsula satur \u010detrus zin\u0101mus piensk\u0101bes bakt\u0113riju celmus, kas ir da\u013ca no cilv\u0113ka zarnu dabisk\u0101s mikrofloras. \u0160\u012bs labv\u0113l\u012bg\u0101s bakt\u0113rijas pal\u012bdz uztur\u0113t gremo\u0161anas mikrobiomu daudzveid\u012bgu un l\u012bdzsvarotu \u2013 \u012bpa\u0161i laikos, kad to var trauc\u0113t stress, antibiotikas vai neregul\u0101rs uzturs.  <\/p>\n<p>Regul\u0101ra piensk\u0101bes bakt\u0113riju lieto\u0161ana uztur\u0101 var pal\u012bdz\u0113t mazin\u0101t gremo\u0161anas trauc\u0113jumus, veicin\u0101t lab\u0101ku bar\u012bbas vielu uzs\u016bk\u0161anos un veicin\u0101t visp\u0101r\u0113jo labsaj\u016btu. Produktam ir t\u012brs un caursp\u012bd\u012bgs sast\u0101vs \u2013 tas nesatur glut\u0113nu, laktozi, raugu vai m\u0101ksl\u012bgas piedevas, t\u0101p\u0113c tas ir piem\u0113rots cilv\u0113kiem ar jut\u012bgu gremo\u0161anas sist\u0113mu un veg\u0101niem. <\/p>\n<p><strong>Puhdas+ piensk\u0101bes bakt\u0113rijas 2 miljardi<\/strong> ir vienk\u0101r\u0161s un dabisks veids, k\u0101 ikdien\u0101 atbalst\u012bt gremo\u0161anas sist\u0113mu un iek\u0161\u0113jo l\u012bdzsvaru.<\/p>\n","protected":false},"featured_media":353301,"comment_status":"closed","ping_status":"closed","template":"","meta":{"_acf_changed":false,"googlesitekit_rrm_CAow3eq7DA:productID":""},"product_brand":[],"product_cat":[3344,3066],"product_tag":[8345,8377,3880,3041,8322,8414,4904,3206,2974],"class_list":{"0":"post-353297","1":"product","2":"type-product","3":"status-publish","4":"has-post-thumbnail","6":"product_cat-gremosana-un-vielmaina","7":"product_cat-imunsistema","8":"product_tag-bez-glutna-lv","9":"product_tag-dabgs-lv","10":"product_tag-gremosana","11":"product_tag-imunitate","12":"product_tag-pienskbes-baktrijas-lv","13":"product_tag-probiotikas-alt","14":"product_tag-probiotikas-lv","15":"product_tag-uztura-bagatinatajs","16":"product_tag-vegans","18":"first","19":"instock","20":"taxable","21":"shipping-taxable","22":"purchasable","23":"product-type-simple"},"acf":[],"yoast_head":"<!-- This site is optimized with the Yoast SEO plugin v27.3 - https:\/\/yoast.com\/product\/yoast-seo-wordpress\/ -->\n<title>Piensk\u0101bes bakt\u0113rijas 2 miljardi 60 kapsulas | Puhdas+<\/title>\n<meta name=\"description\" content=\"Puhdas+ 2 miljardi piensk\u0101bes bakt\u0113riju \u2013 ikdienas atbalsts gremo\u0161anai un mikrofloras l\u012bdzsvaram. Piem\u0113rots ar\u012b veg\u0101niem. Bez laktozes un glut\u0113na.\" \/>\n<meta name=\"robots\" content=\"index, follow, max-snippet:-1, max-image-preview:large, max-video-preview:-1\" \/>\n<link rel=\"canonical\" href=\"https:\/\/puhdasplus.ee\/lv\/produkti\/imunsistema\/pienskabes-bakterijas-2-miljardi-60-kapsulas\/\" \/>\n<meta property=\"og:locale\" content=\"lv_LV\" \/>\n<meta property=\"og:type\" content=\"article\" \/>\n<meta property=\"og:title\" content=\"Piensk\u0101bes bakt\u0113rijas 2 miljardi 60 kapsulas | Puhdas+\" \/>\n<meta property=\"og:description\" content=\"Puhdas+ 2 miljardi piensk\u0101bes bakt\u0113riju \u2013 ikdienas atbalsts gremo\u0161anai un mikrofloras l\u012bdzsvaram. Piem\u0113rots ar\u012b veg\u0101niem. Bez laktozes un glut\u0113na.\" \/>\n<meta property=\"og:url\" content=\"https:\/\/puhdasplus.ee\/lv\/produkti\/imunsistema\/pienskabes-bakterijas-2-miljardi-60-kapsulas\/\" \/>\n<meta property=\"og:site_name\" content=\"Puhdas+\" \/>\n<meta property=\"article:publisher\" content=\"https:\/\/www.facebook.com\/puhdasplus\" \/>\n<meta property=\"article:modified_time\" content=\"2026-04-07T17:06:14+00:00\" \/>\n<meta property=\"og:image\" content=\"https:\/\/puhdasplus.ee\/wp-content\/uploads\/2025\/03\/187.jpg\" \/>\n\t<meta property=\"og:image:width\" content=\"1862\" \/>\n\t<meta property=\"og:image:height\" content=\"2560\" \/>\n\t<meta property=\"og:image:type\" content=\"image\/jpeg\" \/>\n<meta name=\"twitter:card\" content=\"summary_large_image\" \/>\n<meta name=\"twitter:label1\" content=\"Est. reading time\" \/>\n\t<meta name=\"twitter:data1\" content=\"2 min\u016btes\" \/>\n<script type=\"application\/ld+json\" class=\"yoast-schema-graph\">{\"@context\":\"https:\\\/\\\/schema.org\",\"@graph\":[{\"@type\":\"WebPage\",\"@id\":\"https:\\\/\\\/puhdasplus.ee\\\/lv\\\/produkti\\\/imunsistema\\\/pienskabes-bakterijas-2-miljardi-60-kapsulas\\\/\",\"url\":\"https:\\\/\\\/puhdasplus.ee\\\/lv\\\/produkti\\\/imunsistema\\\/pienskabes-bakterijas-2-miljardi-60-kapsulas\\\/\",\"name\":\"Piensk\u0101bes bakt\u0113rijas 2 miljardi 60 kapsulas | Puhdas+\",\"isPartOf\":{\"@id\":\"https:\\\/\\\/puhdasplus.ee\\\/lv\\\/#website\"},\"primaryImageOfPage\":{\"@id\":\"https:\\\/\\\/puhdasplus.ee\\\/lv\\\/produkti\\\/imunsistema\\\/pienskabes-bakterijas-2-miljardi-60-kapsulas\\\/#primaryimage\"},\"image\":{\"@id\":\"https:\\\/\\\/puhdasplus.ee\\\/lv\\\/produkti\\\/imunsistema\\\/pienskabes-bakterijas-2-miljardi-60-kapsulas\\\/#primaryimage\"},\"thumbnailUrl\":\"https:\\\/\\\/puhdasplus.ee\\\/wp-content\\\/uploads\\\/2025\\\/03\\\/187.jpg\",\"datePublished\":\"2020-02-16T09:15:14+00:00\",\"dateModified\":\"2026-04-07T17:06:14+00:00\",\"description\":\"Puhdas+ 2 miljardi piensk\u0101bes bakt\u0113riju \u2013 ikdienas atbalsts gremo\u0161anai un mikrofloras l\u012bdzsvaram. Piem\u0113rots ar\u012b veg\u0101niem. Bez laktozes un glut\u0113na.\",\"breadcrumb\":{\"@id\":\"https:\\\/\\\/puhdasplus.ee\\\/lv\\\/produkti\\\/imunsistema\\\/pienskabes-bakterijas-2-miljardi-60-kapsulas\\\/#breadcrumb\"},\"inLanguage\":\"lv-LV\",\"potentialAction\":[{\"@type\":\"ReadAction\",\"target\":[\"https:\\\/\\\/puhdasplus.ee\\\/lv\\\/produkti\\\/imunsistema\\\/pienskabes-bakterijas-2-miljardi-60-kapsulas\\\/\"]}]},{\"@type\":\"ImageObject\",\"inLanguage\":\"lv-LV\",\"@id\":\"https:\\\/\\\/puhdasplus.ee\\\/lv\\\/produkti\\\/imunsistema\\\/pienskabes-bakterijas-2-miljardi-60-kapsulas\\\/#primaryimage\",\"url\":\"https:\\\/\\\/puhdasplus.ee\\\/wp-content\\\/uploads\\\/2025\\\/03\\\/187.jpg\",\"contentUrl\":\"https:\\\/\\\/puhdasplus.ee\\\/wp-content\\\/uploads\\\/2025\\\/03\\\/187.jpg\",\"width\":1862,\"height\":2560,\"caption\":\"Piensk\u0101bes bakt\u0113rijas 2 miljardi 60 kapsulas\"},{\"@type\":\"BreadcrumbList\",\"@id\":\"https:\\\/\\\/puhdasplus.ee\\\/lv\\\/produkti\\\/imunsistema\\\/pienskabes-bakterijas-2-miljardi-60-kapsulas\\\/#breadcrumb\",\"itemListElement\":[{\"@type\":\"ListItem\",\"position\":1,\"name\":\"S\u0101kums\",\"item\":\"https:\\\/\\\/puhdasplus.ee\\\/lv\\\/\"},{\"@type\":\"ListItem\",\"position\":2,\"name\":\"Produkti\",\"item\":\"https:\\\/\\\/puhdasplus.ee\\\/lv\\\/veikals\\\/\"},{\"@type\":\"ListItem\",\"position\":3,\"name\":\"Piensk\u0101bes bakt\u0113rijas 2 miljardi 60 kapsulas\"}]},{\"@type\":\"WebSite\",\"@id\":\"https:\\\/\\\/puhdasplus.ee\\\/lv\\\/#website\",\"url\":\"https:\\\/\\\/puhdasplus.ee\\\/lv\\\/\",\"name\":\"Puhdas+\",\"description\":\"Vitam\u012bni, uztura bag\u0101tin\u0101t\u0101ji, dab\u012bg\u0101 kosm\u0113tika, vesel\u012bba, sports\",\"publisher\":{\"@id\":\"https:\\\/\\\/puhdasplus.ee\\\/lv\\\/#organization\"},\"potentialAction\":[{\"@type\":\"SearchAction\",\"target\":{\"@type\":\"EntryPoint\",\"urlTemplate\":\"https:\\\/\\\/puhdasplus.ee\\\/lv\\\/?s={search_term_string}\"},\"query-input\":{\"@type\":\"PropertyValueSpecification\",\"valueRequired\":true,\"valueName\":\"search_term_string\"}}],\"inLanguage\":\"lv-LV\"},{\"@type\":\"Organization\",\"@id\":\"https:\\\/\\\/puhdasplus.ee\\\/lv\\\/#organization\",\"name\":\"Puhdas+\",\"alternateName\":\"Puhdasplus\",\"url\":\"https:\\\/\\\/puhdasplus.ee\\\/lv\\\/\",\"logo\":{\"@type\":\"ImageObject\",\"inLanguage\":\"lv-LV\",\"@id\":\"https:\\\/\\\/puhdasplus.ee\\\/lv\\\/#\\\/schema\\\/logo\\\/image\\\/\",\"url\":\"https:\\\/\\\/puhdasplus.ee\\\/wp-content\\\/uploads\\\/2019\\\/10\\\/puhdas_logo-arvele.png\",\"contentUrl\":\"https:\\\/\\\/puhdasplus.ee\\\/wp-content\\\/uploads\\\/2019\\\/10\\\/puhdas_logo-arvele.png\",\"width\":114,\"height\":94,\"caption\":\"Puhdas+\"},\"image\":{\"@id\":\"https:\\\/\\\/puhdasplus.ee\\\/lv\\\/#\\\/schema\\\/logo\\\/image\\\/\"},\"sameAs\":[\"https:\\\/\\\/www.facebook.com\\\/puhdasplus\",\"https:\\\/\\\/www.instagram.com\\\/puhdasplus_ee\\\/\"]}]}<\/script>\n<!-- \/ Yoast SEO plugin. -->","yoast_head_json":{"title":"Piensk\u0101bes bakt\u0113rijas 2 miljardi 60 kapsulas | Puhdas+","description":"Puhdas+ 2 miljardi piensk\u0101bes bakt\u0113riju \u2013 ikdienas atbalsts gremo\u0161anai un mikrofloras l\u012bdzsvaram. Piem\u0113rots ar\u012b veg\u0101niem. Bez laktozes un glut\u0113na.","robots":{"index":"index","follow":"follow","max-snippet":"max-snippet:-1","max-image-preview":"max-image-preview:large","max-video-preview":"max-video-preview:-1"},"canonical":"https:\/\/puhdasplus.ee\/lv\/produkti\/imunsistema\/pienskabes-bakterijas-2-miljardi-60-kapsulas\/","og_locale":"lv_LV","og_type":"article","og_title":"Piensk\u0101bes bakt\u0113rijas 2 miljardi 60 kapsulas | Puhdas+","og_description":"Puhdas+ 2 miljardi piensk\u0101bes bakt\u0113riju \u2013 ikdienas atbalsts gremo\u0161anai un mikrofloras l\u012bdzsvaram. Piem\u0113rots ar\u012b veg\u0101niem. Bez laktozes un glut\u0113na.","og_url":"https:\/\/puhdasplus.ee\/lv\/produkti\/imunsistema\/pienskabes-bakterijas-2-miljardi-60-kapsulas\/","og_site_name":"Puhdas+","article_publisher":"https:\/\/www.facebook.com\/puhdasplus","article_modified_time":"2026-04-07T17:06:14+00:00","og_image":[{"width":1862,"height":2560,"url":"https:\/\/puhdasplus.ee\/wp-content\/uploads\/2025\/03\/187.jpg","type":"image\/jpeg"}],"twitter_card":"summary_large_image","twitter_misc":{"Est. reading time":"2 min\u016btes"},"schema":{"@context":"https:\/\/schema.org","@graph":[{"@type":"WebPage","@id":"https:\/\/puhdasplus.ee\/lv\/produkti\/imunsistema\/pienskabes-bakterijas-2-miljardi-60-kapsulas\/","url":"https:\/\/puhdasplus.ee\/lv\/produkti\/imunsistema\/pienskabes-bakterijas-2-miljardi-60-kapsulas\/","name":"Piensk\u0101bes bakt\u0113rijas 2 miljardi 60 kapsulas | Puhdas+","isPartOf":{"@id":"https:\/\/puhdasplus.ee\/lv\/#website"},"primaryImageOfPage":{"@id":"https:\/\/puhdasplus.ee\/lv\/produkti\/imunsistema\/pienskabes-bakterijas-2-miljardi-60-kapsulas\/#primaryimage"},"image":{"@id":"https:\/\/puhdasplus.ee\/lv\/produkti\/imunsistema\/pienskabes-bakterijas-2-miljardi-60-kapsulas\/#primaryimage"},"thumbnailUrl":"https:\/\/puhdasplus.ee\/wp-content\/uploads\/2025\/03\/187.jpg","datePublished":"2020-02-16T09:15:14+00:00","dateModified":"2026-04-07T17:06:14+00:00","description":"Puhdas+ 2 miljardi piensk\u0101bes bakt\u0113riju \u2013 ikdienas atbalsts gremo\u0161anai un mikrofloras l\u012bdzsvaram. Piem\u0113rots ar\u012b veg\u0101niem. Bez laktozes un glut\u0113na.","breadcrumb":{"@id":"https:\/\/puhdasplus.ee\/lv\/produkti\/imunsistema\/pienskabes-bakterijas-2-miljardi-60-kapsulas\/#breadcrumb"},"inLanguage":"lv-LV","potentialAction":[{"@type":"ReadAction","target":["https:\/\/puhdasplus.ee\/lv\/produkti\/imunsistema\/pienskabes-bakterijas-2-miljardi-60-kapsulas\/"]}]},{"@type":"ImageObject","inLanguage":"lv-LV","@id":"https:\/\/puhdasplus.ee\/lv\/produkti\/imunsistema\/pienskabes-bakterijas-2-miljardi-60-kapsulas\/#primaryimage","url":"https:\/\/puhdasplus.ee\/wp-content\/uploads\/2025\/03\/187.jpg","contentUrl":"https:\/\/puhdasplus.ee\/wp-content\/uploads\/2025\/03\/187.jpg","width":1862,"height":2560,"caption":"Piensk\u0101bes bakt\u0113rijas 2 miljardi 60 kapsulas"},{"@type":"BreadcrumbList","@id":"https:\/\/puhdasplus.ee\/lv\/produkti\/imunsistema\/pienskabes-bakterijas-2-miljardi-60-kapsulas\/#breadcrumb","itemListElement":[{"@type":"ListItem","position":1,"name":"S\u0101kums","item":"https:\/\/puhdasplus.ee\/lv\/"},{"@type":"ListItem","position":2,"name":"Produkti","item":"https:\/\/puhdasplus.ee\/lv\/veikals\/"},{"@type":"ListItem","position":3,"name":"Piensk\u0101bes bakt\u0113rijas 2 miljardi 60 kapsulas"}]},{"@type":"WebSite","@id":"https:\/\/puhdasplus.ee\/lv\/#website","url":"https:\/\/puhdasplus.ee\/lv\/","name":"Puhdas+","description":"Vitam\u012bni, uztura bag\u0101tin\u0101t\u0101ji, dab\u012bg\u0101 kosm\u0113tika, vesel\u012bba, sports","publisher":{"@id":"https:\/\/puhdasplus.ee\/lv\/#organization"},"potentialAction":[{"@type":"SearchAction","target":{"@type":"EntryPoint","urlTemplate":"https:\/\/puhdasplus.ee\/lv\/?s={search_term_string}"},"query-input":{"@type":"PropertyValueSpecification","valueRequired":true,"valueName":"search_term_string"}}],"inLanguage":"lv-LV"},{"@type":"Organization","@id":"https:\/\/puhdasplus.ee\/lv\/#organization","name":"Puhdas+","alternateName":"Puhdasplus","url":"https:\/\/puhdasplus.ee\/lv\/","logo":{"@type":"ImageObject","inLanguage":"lv-LV","@id":"https:\/\/puhdasplus.ee\/lv\/#\/schema\/logo\/image\/","url":"https:\/\/puhdasplus.ee\/wp-content\/uploads\/2019\/10\/puhdas_logo-arvele.png","contentUrl":"https:\/\/puhdasplus.ee\/wp-content\/uploads\/2019\/10\/puhdas_logo-arvele.png","width":114,"height":94,"caption":"Puhdas+"},"image":{"@id":"https:\/\/puhdasplus.ee\/lv\/#\/schema\/logo\/image\/"},"sameAs":["https:\/\/www.facebook.com\/puhdasplus","https:\/\/www.instagram.com\/puhdasplus_ee\/"]}]}},"_yoast_wpseo_title":"Piensk\u0101bes bakt\u0113rijas 2 miljardi 60 kapsulas | Puhdas+","_yoast_wpseo_metadesc":"Puhdas+ 2 miljardi piensk\u0101bes bakt\u0113riju \u2013 ikdienas atbalsts gremo\u0161anai un mikrofloras l\u012bdzsvaram. Piem\u0113rots ar\u012b veg\u0101niem. Bez laktozes un glut\u0113na.","_yoast_wpseo_focuskw":"","_links":{"self":[{"href":"https:\/\/puhdasplus.ee\/lv\/wp-json\/wp\/v2\/product\/353297","targetHints":{"allow":["GET"]}}],"collection":[{"href":"https:\/\/puhdasplus.ee\/lv\/wp-json\/wp\/v2\/product"}],"about":[{"href":"https:\/\/puhdasplus.ee\/lv\/wp-json\/wp\/v2\/types\/product"}],"replies":[{"embeddable":true,"href":"https:\/\/puhdasplus.ee\/lv\/wp-json\/wp\/v2\/comments?post=353297"}],"wp:featuredmedia":[{"embeddable":true,"href":"https:\/\/puhdasplus.ee\/lv\/wp-json\/wp\/v2\/media\/353301"}],"wp:attachment":[{"href":"https:\/\/puhdasplus.ee\/lv\/wp-json\/wp\/v2\/media?parent=353297"}],"wp:term":[{"taxonomy":"product_brand","embeddable":true,"href":"https:\/\/puhdasplus.ee\/lv\/wp-json\/wp\/v2\/product_brand?post=353297"},{"taxonomy":"product_cat","embeddable":true,"href":"https:\/\/puhdasplus.ee\/lv\/wp-json\/wp\/v2\/product_cat?post=353297"},{"taxonomy":"product_tag","embeddable":true,"href":"https:\/\/puhdasplus.ee\/lv\/wp-json\/wp\/v2\/product_tag?post=353297"}],"curies":[{"name":"wp","href":"https:\/\/api.w.org\/{rel}","templated":true}]}}