{"id":353285,"date":"2020-02-16T11:29:10","date_gmt":"2020-02-16T09:29:10","guid":{"rendered":"https:\/\/puhdasplus.ee\/tooted\/uncategorized\/pienskabes-bakterijas-10-miljardi-75-kapsulas\/"},"modified":"2026-04-07T20:06:11","modified_gmt":"2026-04-07T17:06:11","slug":"pienskabes-bakterijas-10-miljardi-75-kapsulas","status":"publish","type":"product","link":"https:\/\/puhdasplus.ee\/lv\/produkti\/imunsistema\/pienskabes-bakterijas-10-miljardi-75-kapsulas\/","title":{"rendered":"Piensk\u0101bes bakt\u0113rijas 10 miljardi 75 kapsulas"},"content":{"rendered":"<h2>Kas ir Puhdas+ Strong piensk\u0101bes bakt\u0113rijas 10 miljardi + cinks?<\/h2>\n<p><strong>Puhdas+ Strong piensk\u0101bes bakt\u0113rijas 10 miljardi + cinks<\/strong> ir augstas kvalit\u0101tes uztura bag\u0101tin\u0101t\u0101js, kas ra\u017eots Somij\u0101 un satur \u010detrus r\u016bp\u012bgi atlas\u012btus un zin\u0101tniski izp\u0113t\u012btus piensk\u0101bes bakt\u0113riju celmus un cinku. Katr\u0101 kapsul\u0101 kopum\u0101 ir 10 miljardi dz\u012bvotsp\u0113j\u012bgu bakt\u0113riju (CFU \u2013 koloniju veidojo\u0161\u0101s vien\u012bbas), kas ir da\u013ca no cilv\u0113ka zarnu mikrofloras. <\/p>\n<p>Piensk\u0101bes bakt\u0113riju lieto\u0161ana uztur\u0101 tiek uzskat\u012bta par piem\u0113rotu atbalstu zarnu mikrofloras l\u012bdzsvara uztur\u0113\u0161anai, \u012bpa\u0161i p\u0113c uztura izmai\u0146\u0101m vai dz\u012bvesveida stresa. Turkl\u0101t produkts satur cinku, kas veicina norm\u0101lu im\u016bnsist\u0113mas darb\u012bbu. <\/p>\n<h2>K\u0101p\u0113c Puhdas+ Strong piensk\u0101bes bakt\u0113riju 10 miljardi ir noder\u012bgi?<\/h2>\n<p>M\u016bsdienu dz\u012bvesveids, tostarp \u0101tr\u0101s \u0113din\u0101\u0161anas paradumi, stress, antibiotiku lieto\u0161ana un zems \u0161\u0137iedrvielu pat\u0113ri\u0146\u0161, var ietekm\u0113t m\u016bsu zarnu mikrofloru. Piensk\u0101bes bakt\u0113riju un cinka kombin\u0101cija \u0161aj\u0101 produkt\u0101 sniedz ikdienas atbalstu tie\u0161i \u0161\u0101d\u0101s situ\u0101cij\u0101s. <\/p>\n<p>Produkt\u0101 eso\u0161ais <strong>cinks<\/strong> pal\u012bdz:<\/p>\n<ul>\n<li>\n<p>veicina norm\u0101lu im\u016bnsist\u0113mas darb\u012bbu<\/p>\n<\/li>\n<li>\n<p>uztur\u0113t norm\u0101lu kognit\u012bvo funkciju<\/p>\n<\/li>\n<li>\n<p>aizsarg\u0101t \u0161\u016bnas no oksidat\u012bv\u0101 stresa<\/p>\n<\/li>\n<\/ul>\n<p>Probiotiku lieto\u0161ana var ar\u012b atbalst\u012bt visp\u0101r\u0113jo gremo\u0161anas vidi un jut\u012bbu, pal\u012bdzot uztur\u0113t zarnu mikrofloras dabisko l\u012bdzsvaru.<\/p>\n<h2>Kam ir piem\u0113rots Puhdas+ Strong piensk\u0101bes bakt\u0113riju 10 miljardi?<\/h2>\n<p>\u0160is uztura bag\u0101tin\u0101t\u0101js ir piem\u0113rots pieaugu\u0161ajiem, kuri:<\/p>\n<ul>\n<li>\n<p>v\u0113las atbalst\u012bt savu zarnu mikrofloru un gremo\u0161anu<\/p>\n<\/li>\n<li>\n<p>ir izg\u0101ju\u0161i vai pa\u0161laik iziet antibiotiku kursu<\/p>\n<\/li>\n<li>\n<p>v\u0113las stiprin\u0101t norm\u0101lu im\u016bnsist\u0113mas darb\u012bbu<\/p>\n<\/li>\n<li>\n<p>mekl\u0113 papildu dabisku atbalstu visp\u0101r\u0113j\u0101s labsaj\u016btas uzlabo\u0161anai<\/p>\n<\/li>\n<\/ul>\n<p>Piem\u0113rots ikdienas lieto\u0161anai. Produkts nesatur glut\u0113nu, laktozi, raugu, soju vai m\u0101ksl\u012bgos saldin\u0101t\u0101jus. Piem\u0113rots ar\u012b veg\u0101niem.  <\/p>\n<h2>Sast\u0101vda\u013cas<\/h2>\n<ul>\n<li>\n<p>Piensk\u0101bes bakt\u0113riju mais\u012bjums ( <em>Lactobacillus rhamnosus, Bifidobacterium lactis, Lactobacillus reuteri, Lactobacillus casei<\/em> )<\/p>\n<\/li>\n<li>\n<p>Mikrokrist\u0101lisk\u0101 celuloze (pilnveidot\u0101js)<\/p>\n<\/li>\n<li>\n<p>Cinka citr\u0101ts<\/p>\n<\/li>\n<li>\n<p>Kapsulas apvalks: hidroksipropilmetilceluloze, gell\u0101na sve\u0137i<\/p>\n<\/li>\n<\/ul>\n<p>Nesatur m\u0101ksl\u012bgas smar\u017evielas, aromatiz\u0113t\u0101jus vai kr\u0101svielas.<\/p>\n<h2>Akt\u012bv\u0101s vielas saturs dienas dev\u0101 (1 kapsul\u0101):<\/h2>\n<p>1 kapsula satur:<\/p>\n<p><em>Lactobacillus rhamnosus<\/em> \u2013 5 miljardi dz\u012bvotsp\u0113j\u012bgu bakt\u0113riju<\/p>\n<p><em>Bifidobacterium lactis<\/em> \u2013 2 miljardi dz\u012bvotsp\u0113j\u012bgu bakt\u0113riju<\/p>\n<p><em>Lactobacillus reuteri<\/em> \u2013 1 miljards dz\u012bvotsp\u0113j\u012bgu bakt\u0113riju<\/p>\n<p><em>Lactobacillus casei<\/em> \u2013 2 miljardi dz\u012bvotsp\u0113j\u012bgu bakt\u0113riju<\/p>\n<p>Cinks \u2013 10 mg ( <em>100% no ieteicam\u0101s dienas devas<\/em> )<\/p>\n<h2>Lietot\u0101ja rokasgr\u0101mata<\/h2>\n<p><strong>Deva:<\/strong> 1 kapsula dien\u0101, uzdzerot \u016bdeni, v\u0113lams \u0113dienreizes laik\u0101.<\/p>\n<p>Dienas devu nedr\u012bkst p\u0101rsniegt.<\/p>\n<h2>Br\u012bdin\u0101jumi un uzglab\u0101\u0161ana<\/h2>\n<p>Sarg\u0101t no b\u0113rniem.<\/p>\n<p>Nelietot k\u0101 daudzveid\u012bga un sabalans\u0113ta uztura un vesel\u012bga dz\u012bvesveida aizvietot\u0101ju.<\/p>\n<p>Uzglab\u0101t saus\u0101 un v\u0113s\u0101 viet\u0101, sarg\u0101t no tie\u0161iem saules stariem.<\/p>\n<p>Nelietot, ja iepakojums ir boj\u0101ts.<\/p>\n<p><strong>Skat\u012bt ar\u012b:<\/strong> <a href=\"https:\/\/puhdasplus.ee\/toote-kategooria\/immuunsusteem\/\">Immuuns\u00fcsteem<\/a> | <a href=\"https:\/\/puhdasplus.ee\/toote-kategooria\/seedimine-ja-ainevahetus\/\">Gremo\u0161ana un vielmai\u0146a<\/a> | <a href=\"https:\/\/puhdasplus.ee\/toote-kategooria\/d-vitamiin\/\">D-vitamiin<\/a><\/p>\n","protected":false},"excerpt":{"rendered":"<p>M\u016bsdienu dz\u012bve rada daudz izaicin\u0101jumu m\u016bsu \u0137ermenim \u2013 \u0101tr\u0101 \u0113din\u0101\u0161ana, stress, medikamenti (\u012bpa\u0161i antibiotikas), fizisko aktivit\u0101\u0161u tr\u016bkums un neregul\u0101ri \u0113\u0161anas paradumi ietekm\u0113 m\u016bsu gremo\u0161anu un imunit\u0101ti vair\u0101k, nek\u0101 m\u0113s dom\u0101jam. \u0160eit talk\u0101 n\u0101k <strong>Puhdas+ Strong piensk\u0101bes bakt\u0113riju 10 miljardi + cinks<\/strong> \u2013 dabisks un zin\u0101tn\u0113 balst\u012bts atbalsts j\u016bsu iek\u0161\u0113jam l\u012bdzsvaram. <\/p>\n<p>Labv\u0113l\u012bg\u0101s bakt\u0113rijas, kas dz\u012bvo zarn\u0101s, ir svar\u012bgas ne tikai gremo\u0161anai, bet ar\u012b visp\u0101r\u0113jai vesel\u012bbai. Nesabalans\u0113ta mikroflora bie\u017ei ir saist\u012bta ar gremo\u0161anas trauc\u0113jumiem un visp\u0101r\u0113j\u0101s labsaj\u016btas izmai\u0146\u0101m. Piensk\u0101bes bakt\u0113riju lieto\u0161ana uztur\u0101 tiek uzskat\u012bta par piem\u0113rotu atbalstu zarnu mikrofloras l\u012bdzsvara uztur\u0113\u0161anai, kas var netie\u0161i atbalst\u012bt organisma dabisko pretest\u012bbu.  <\/p>\n<p>Produkts satur \u010detrus zin\u0101mus piensk\u0101bes bakt\u0113riju celmus, kas ir da\u013ca no cilv\u0113ka mikrobioma. Turkl\u0101t katra kapsula satur 10 mg cinka, miner\u0101lvielas, kam ir svar\u012bga loma \u0161\u016bnu atjauno\u0161an\u0101, im\u016bnsist\u0113mas atbalst\u012b\u0161an\u0101 un organisma aizsardz\u012bb\u0101 pret oksidat\u012bvo stresu. <\/p>\n<p>\u0160is uztura bag\u0101tin\u0101t\u0101js ir \u012bpa\u0161i noder\u012bgs:<\/p>\n<ul>\n<li>\n<p>p\u0113c antibiotiku lieto\u0161anas vai t\u0101s laik\u0101<\/p>\n<\/li>\n<li>\n<p>ku\u0146\u0123a-zarnu trakta diskomforta vai jut\u012bguma gad\u012bjum\u0101<\/p>\n<\/li>\n<li>\n<p>sezonas laik\u0101, kad v\u012brusi ir kust\u012bb\u0101<\/p>\n<\/li>\n<li>\n<p>stresa vai fiziski pras\u012bgos periodos<\/p>\n<\/li>\n<li>\n<p>tiem, kas v\u0113las apzin\u0101ti uztur\u0113t savu im\u016bnsist\u0113mu un gremo\u0161anu lab\u0101 st\u0101vokl\u012b<\/p>\n<\/li>\n<\/ul>\n<p>Turkl\u0101t produkts ir piem\u0113rots veg\u0101niem, nesatur glut\u0113nu, laktozi, raugu vai m\u0101ksl\u012bgas piedevas \u2013 t\u012bra izv\u0113le, ko j\u016bsu \u0137ermenis patiesi nov\u0113rt\u0113s.<\/p>\n","protected":false},"featured_media":353287,"comment_status":"closed","ping_status":"closed","template":"","meta":{"_acf_changed":false,"googlesitekit_rrm_CAow3eq7DA:productID":""},"product_brand":[],"product_cat":[3344,3066],"product_tag":[8345,8349,8377,3880,3041,8365,8322,8414,4904,8373,3206,2974],"class_list":{"0":"post-353285","1":"product","2":"type-product","3":"status-publish","4":"has-post-thumbnail","6":"product_cat-gremosana-un-vielmaina","7":"product_cat-imunsistema","8":"product_tag-bez-glutna-lv","9":"product_tag-bez-laktozes-lv","10":"product_tag-dabgs-lv","11":"product_tag-gremosana","12":"product_tag-imunitate","13":"product_tag-minerlvielas-lv","14":"product_tag-pienskbes-baktrijas-lv","15":"product_tag-probiotikas-alt","16":"product_tag-probiotikas-lv","17":"product_tag-somijas-kvalitte-lv","18":"product_tag-uztura-bagatinatajs","19":"product_tag-vegans","21":"first","22":"onbackorder","23":"taxable","24":"shipping-taxable","25":"purchasable","26":"product-type-simple"},"acf":[],"yoast_head":"<!-- This site is optimized with the Yoast SEO plugin v27.3 - https:\/\/yoast.com\/product\/yoast-seo-wordpress\/ -->\n<title>Piensk\u0101bes bakt\u0113rijas 10 miljardi 75 kapsulas | Puhdas+<\/title>\n<meta name=\"description\" content=\"Sp\u0113c\u012bgas piensk\u0101bes bakt\u0113rijas un cinks imunit\u0101tes un gremo\u0161anas atbalstam. 10 miljardi dz\u012bvotsp\u0113j\u012bgu bakt\u0113riju vien\u0101 kapsul\u0101. Bez piedev\u0101m. Piem\u0113rots ar\u012b veg\u0101niem.\" \/>\n<meta name=\"robots\" content=\"index, follow, max-snippet:-1, max-image-preview:large, max-video-preview:-1\" \/>\n<link rel=\"canonical\" href=\"https:\/\/puhdasplus.ee\/lv\/produkti\/imunsistema\/pienskabes-bakterijas-10-miljardi-75-kapsulas\/\" \/>\n<meta property=\"og:locale\" content=\"lv_LV\" \/>\n<meta property=\"og:type\" content=\"article\" \/>\n<meta property=\"og:title\" content=\"Piensk\u0101bes bakt\u0113rijas 10 miljardi 75 kapsulas | Puhdas+\" \/>\n<meta property=\"og:description\" content=\"Sp\u0113c\u012bgas piensk\u0101bes bakt\u0113rijas un cinks imunit\u0101tes un gremo\u0161anas atbalstam. 10 miljardi dz\u012bvotsp\u0113j\u012bgu bakt\u0113riju vien\u0101 kapsul\u0101. Bez piedev\u0101m. Piem\u0113rots ar\u012b veg\u0101niem.\" \/>\n<meta property=\"og:url\" content=\"https:\/\/puhdasplus.ee\/lv\/produkti\/imunsistema\/pienskabes-bakterijas-10-miljardi-75-kapsulas\/\" \/>\n<meta property=\"og:site_name\" content=\"Puhdas+\" \/>\n<meta property=\"article:publisher\" content=\"https:\/\/www.facebook.com\/puhdasplus\" \/>\n<meta property=\"article:modified_time\" content=\"2026-04-07T17:06:11+00:00\" \/>\n<meta property=\"og:image\" content=\"https:\/\/puhdasplus.ee\/wp-content\/uploads\/2020\/02\/Untitled-design-45-copy.jpg\" \/>\n\t<meta property=\"og:image:width\" content=\"1862\" \/>\n\t<meta property=\"og:image:height\" content=\"2560\" \/>\n\t<meta property=\"og:image:type\" content=\"image\/jpeg\" \/>\n<meta name=\"twitter:card\" content=\"summary_large_image\" \/>\n<meta name=\"twitter:label1\" content=\"Est. reading time\" \/>\n\t<meta name=\"twitter:data1\" content=\"2 min\u016btes\" \/>\n<script type=\"application\/ld+json\" class=\"yoast-schema-graph\">{\"@context\":\"https:\\\/\\\/schema.org\",\"@graph\":[{\"@type\":\"WebPage\",\"@id\":\"https:\\\/\\\/puhdasplus.ee\\\/lv\\\/produkti\\\/imunsistema\\\/pienskabes-bakterijas-10-miljardi-75-kapsulas\\\/\",\"url\":\"https:\\\/\\\/puhdasplus.ee\\\/lv\\\/produkti\\\/imunsistema\\\/pienskabes-bakterijas-10-miljardi-75-kapsulas\\\/\",\"name\":\"Piensk\u0101bes bakt\u0113rijas 10 miljardi 75 kapsulas | Puhdas+\",\"isPartOf\":{\"@id\":\"https:\\\/\\\/puhdasplus.ee\\\/lv\\\/#website\"},\"primaryImageOfPage\":{\"@id\":\"https:\\\/\\\/puhdasplus.ee\\\/lv\\\/produkti\\\/imunsistema\\\/pienskabes-bakterijas-10-miljardi-75-kapsulas\\\/#primaryimage\"},\"image\":{\"@id\":\"https:\\\/\\\/puhdasplus.ee\\\/lv\\\/produkti\\\/imunsistema\\\/pienskabes-bakterijas-10-miljardi-75-kapsulas\\\/#primaryimage\"},\"thumbnailUrl\":\"https:\\\/\\\/puhdasplus.ee\\\/wp-content\\\/uploads\\\/2020\\\/02\\\/Untitled-design-45-copy.jpg\",\"datePublished\":\"2020-02-16T09:29:10+00:00\",\"dateModified\":\"2026-04-07T17:06:11+00:00\",\"description\":\"Sp\u0113c\u012bgas piensk\u0101bes bakt\u0113rijas un cinks imunit\u0101tes un gremo\u0161anas atbalstam. 10 miljardi dz\u012bvotsp\u0113j\u012bgu bakt\u0113riju vien\u0101 kapsul\u0101. Bez piedev\u0101m. Piem\u0113rots ar\u012b veg\u0101niem.\",\"breadcrumb\":{\"@id\":\"https:\\\/\\\/puhdasplus.ee\\\/lv\\\/produkti\\\/imunsistema\\\/pienskabes-bakterijas-10-miljardi-75-kapsulas\\\/#breadcrumb\"},\"inLanguage\":\"lv-LV\",\"potentialAction\":[{\"@type\":\"ReadAction\",\"target\":[\"https:\\\/\\\/puhdasplus.ee\\\/lv\\\/produkti\\\/imunsistema\\\/pienskabes-bakterijas-10-miljardi-75-kapsulas\\\/\"]}]},{\"@type\":\"ImageObject\",\"inLanguage\":\"lv-LV\",\"@id\":\"https:\\\/\\\/puhdasplus.ee\\\/lv\\\/produkti\\\/imunsistema\\\/pienskabes-bakterijas-10-miljardi-75-kapsulas\\\/#primaryimage\",\"url\":\"https:\\\/\\\/puhdasplus.ee\\\/wp-content\\\/uploads\\\/2020\\\/02\\\/Untitled-design-45-copy.jpg\",\"contentUrl\":\"https:\\\/\\\/puhdasplus.ee\\\/wp-content\\\/uploads\\\/2020\\\/02\\\/Untitled-design-45-copy.jpg\",\"width\":1862,\"height\":2560,\"caption\":\"Piensk\u0101bes bakt\u0113rijas 10 miljardi 75 kapsulas\"},{\"@type\":\"BreadcrumbList\",\"@id\":\"https:\\\/\\\/puhdasplus.ee\\\/lv\\\/produkti\\\/imunsistema\\\/pienskabes-bakterijas-10-miljardi-75-kapsulas\\\/#breadcrumb\",\"itemListElement\":[{\"@type\":\"ListItem\",\"position\":1,\"name\":\"S\u0101kums\",\"item\":\"https:\\\/\\\/puhdasplus.ee\\\/lv\\\/\"},{\"@type\":\"ListItem\",\"position\":2,\"name\":\"Produkti\",\"item\":\"https:\\\/\\\/puhdasplus.ee\\\/lv\\\/veikals\\\/\"},{\"@type\":\"ListItem\",\"position\":3,\"name\":\"Piensk\u0101bes bakt\u0113rijas 10 miljardi 75 kapsulas\"}]},{\"@type\":\"WebSite\",\"@id\":\"https:\\\/\\\/puhdasplus.ee\\\/lv\\\/#website\",\"url\":\"https:\\\/\\\/puhdasplus.ee\\\/lv\\\/\",\"name\":\"Puhdas+\",\"description\":\"Vitam\u012bni, uztura bag\u0101tin\u0101t\u0101ji, dab\u012bg\u0101 kosm\u0113tika, vesel\u012bba, sports\",\"publisher\":{\"@id\":\"https:\\\/\\\/puhdasplus.ee\\\/lv\\\/#organization\"},\"potentialAction\":[{\"@type\":\"SearchAction\",\"target\":{\"@type\":\"EntryPoint\",\"urlTemplate\":\"https:\\\/\\\/puhdasplus.ee\\\/lv\\\/?s={search_term_string}\"},\"query-input\":{\"@type\":\"PropertyValueSpecification\",\"valueRequired\":true,\"valueName\":\"search_term_string\"}}],\"inLanguage\":\"lv-LV\"},{\"@type\":\"Organization\",\"@id\":\"https:\\\/\\\/puhdasplus.ee\\\/lv\\\/#organization\",\"name\":\"Puhdas+\",\"alternateName\":\"Puhdasplus\",\"url\":\"https:\\\/\\\/puhdasplus.ee\\\/lv\\\/\",\"logo\":{\"@type\":\"ImageObject\",\"inLanguage\":\"lv-LV\",\"@id\":\"https:\\\/\\\/puhdasplus.ee\\\/lv\\\/#\\\/schema\\\/logo\\\/image\\\/\",\"url\":\"https:\\\/\\\/puhdasplus.ee\\\/wp-content\\\/uploads\\\/2019\\\/10\\\/puhdas_logo-arvele.png\",\"contentUrl\":\"https:\\\/\\\/puhdasplus.ee\\\/wp-content\\\/uploads\\\/2019\\\/10\\\/puhdas_logo-arvele.png\",\"width\":114,\"height\":94,\"caption\":\"Puhdas+\"},\"image\":{\"@id\":\"https:\\\/\\\/puhdasplus.ee\\\/lv\\\/#\\\/schema\\\/logo\\\/image\\\/\"},\"sameAs\":[\"https:\\\/\\\/www.facebook.com\\\/puhdasplus\",\"https:\\\/\\\/www.instagram.com\\\/puhdasplus_ee\\\/\"]}]}<\/script>\n<!-- \/ Yoast SEO plugin. -->","yoast_head_json":{"title":"Piensk\u0101bes bakt\u0113rijas 10 miljardi 75 kapsulas | Puhdas+","description":"Sp\u0113c\u012bgas piensk\u0101bes bakt\u0113rijas un cinks imunit\u0101tes un gremo\u0161anas atbalstam. 10 miljardi dz\u012bvotsp\u0113j\u012bgu bakt\u0113riju vien\u0101 kapsul\u0101. Bez piedev\u0101m. Piem\u0113rots ar\u012b veg\u0101niem.","robots":{"index":"index","follow":"follow","max-snippet":"max-snippet:-1","max-image-preview":"max-image-preview:large","max-video-preview":"max-video-preview:-1"},"canonical":"https:\/\/puhdasplus.ee\/lv\/produkti\/imunsistema\/pienskabes-bakterijas-10-miljardi-75-kapsulas\/","og_locale":"lv_LV","og_type":"article","og_title":"Piensk\u0101bes bakt\u0113rijas 10 miljardi 75 kapsulas | Puhdas+","og_description":"Sp\u0113c\u012bgas piensk\u0101bes bakt\u0113rijas un cinks imunit\u0101tes un gremo\u0161anas atbalstam. 10 miljardi dz\u012bvotsp\u0113j\u012bgu bakt\u0113riju vien\u0101 kapsul\u0101. Bez piedev\u0101m. Piem\u0113rots ar\u012b veg\u0101niem.","og_url":"https:\/\/puhdasplus.ee\/lv\/produkti\/imunsistema\/pienskabes-bakterijas-10-miljardi-75-kapsulas\/","og_site_name":"Puhdas+","article_publisher":"https:\/\/www.facebook.com\/puhdasplus","article_modified_time":"2026-04-07T17:06:11+00:00","og_image":[{"width":1862,"height":2560,"url":"https:\/\/puhdasplus.ee\/wp-content\/uploads\/2020\/02\/Untitled-design-45-copy.jpg","type":"image\/jpeg"}],"twitter_card":"summary_large_image","twitter_misc":{"Est. reading time":"2 min\u016btes"},"schema":{"@context":"https:\/\/schema.org","@graph":[{"@type":"WebPage","@id":"https:\/\/puhdasplus.ee\/lv\/produkti\/imunsistema\/pienskabes-bakterijas-10-miljardi-75-kapsulas\/","url":"https:\/\/puhdasplus.ee\/lv\/produkti\/imunsistema\/pienskabes-bakterijas-10-miljardi-75-kapsulas\/","name":"Piensk\u0101bes bakt\u0113rijas 10 miljardi 75 kapsulas | Puhdas+","isPartOf":{"@id":"https:\/\/puhdasplus.ee\/lv\/#website"},"primaryImageOfPage":{"@id":"https:\/\/puhdasplus.ee\/lv\/produkti\/imunsistema\/pienskabes-bakterijas-10-miljardi-75-kapsulas\/#primaryimage"},"image":{"@id":"https:\/\/puhdasplus.ee\/lv\/produkti\/imunsistema\/pienskabes-bakterijas-10-miljardi-75-kapsulas\/#primaryimage"},"thumbnailUrl":"https:\/\/puhdasplus.ee\/wp-content\/uploads\/2020\/02\/Untitled-design-45-copy.jpg","datePublished":"2020-02-16T09:29:10+00:00","dateModified":"2026-04-07T17:06:11+00:00","description":"Sp\u0113c\u012bgas piensk\u0101bes bakt\u0113rijas un cinks imunit\u0101tes un gremo\u0161anas atbalstam. 10 miljardi dz\u012bvotsp\u0113j\u012bgu bakt\u0113riju vien\u0101 kapsul\u0101. Bez piedev\u0101m. Piem\u0113rots ar\u012b veg\u0101niem.","breadcrumb":{"@id":"https:\/\/puhdasplus.ee\/lv\/produkti\/imunsistema\/pienskabes-bakterijas-10-miljardi-75-kapsulas\/#breadcrumb"},"inLanguage":"lv-LV","potentialAction":[{"@type":"ReadAction","target":["https:\/\/puhdasplus.ee\/lv\/produkti\/imunsistema\/pienskabes-bakterijas-10-miljardi-75-kapsulas\/"]}]},{"@type":"ImageObject","inLanguage":"lv-LV","@id":"https:\/\/puhdasplus.ee\/lv\/produkti\/imunsistema\/pienskabes-bakterijas-10-miljardi-75-kapsulas\/#primaryimage","url":"https:\/\/puhdasplus.ee\/wp-content\/uploads\/2020\/02\/Untitled-design-45-copy.jpg","contentUrl":"https:\/\/puhdasplus.ee\/wp-content\/uploads\/2020\/02\/Untitled-design-45-copy.jpg","width":1862,"height":2560,"caption":"Piensk\u0101bes bakt\u0113rijas 10 miljardi 75 kapsulas"},{"@type":"BreadcrumbList","@id":"https:\/\/puhdasplus.ee\/lv\/produkti\/imunsistema\/pienskabes-bakterijas-10-miljardi-75-kapsulas\/#breadcrumb","itemListElement":[{"@type":"ListItem","position":1,"name":"S\u0101kums","item":"https:\/\/puhdasplus.ee\/lv\/"},{"@type":"ListItem","position":2,"name":"Produkti","item":"https:\/\/puhdasplus.ee\/lv\/veikals\/"},{"@type":"ListItem","position":3,"name":"Piensk\u0101bes bakt\u0113rijas 10 miljardi 75 kapsulas"}]},{"@type":"WebSite","@id":"https:\/\/puhdasplus.ee\/lv\/#website","url":"https:\/\/puhdasplus.ee\/lv\/","name":"Puhdas+","description":"Vitam\u012bni, uztura bag\u0101tin\u0101t\u0101ji, dab\u012bg\u0101 kosm\u0113tika, vesel\u012bba, sports","publisher":{"@id":"https:\/\/puhdasplus.ee\/lv\/#organization"},"potentialAction":[{"@type":"SearchAction","target":{"@type":"EntryPoint","urlTemplate":"https:\/\/puhdasplus.ee\/lv\/?s={search_term_string}"},"query-input":{"@type":"PropertyValueSpecification","valueRequired":true,"valueName":"search_term_string"}}],"inLanguage":"lv-LV"},{"@type":"Organization","@id":"https:\/\/puhdasplus.ee\/lv\/#organization","name":"Puhdas+","alternateName":"Puhdasplus","url":"https:\/\/puhdasplus.ee\/lv\/","logo":{"@type":"ImageObject","inLanguage":"lv-LV","@id":"https:\/\/puhdasplus.ee\/lv\/#\/schema\/logo\/image\/","url":"https:\/\/puhdasplus.ee\/wp-content\/uploads\/2019\/10\/puhdas_logo-arvele.png","contentUrl":"https:\/\/puhdasplus.ee\/wp-content\/uploads\/2019\/10\/puhdas_logo-arvele.png","width":114,"height":94,"caption":"Puhdas+"},"image":{"@id":"https:\/\/puhdasplus.ee\/lv\/#\/schema\/logo\/image\/"},"sameAs":["https:\/\/www.facebook.com\/puhdasplus","https:\/\/www.instagram.com\/puhdasplus_ee\/"]}]}},"_yoast_wpseo_title":"Piensk\u0101bes bakt\u0113rijas 10 miljardi 75 kapsulas | Puhdas+","_yoast_wpseo_metadesc":"Sp\u0113c\u012bgas piensk\u0101bes bakt\u0113rijas un cinks imunit\u0101tes un gremo\u0161anas atbalstam. 10 miljardi dz\u012bvotsp\u0113j\u012bgu bakt\u0113riju vien\u0101 kapsul\u0101. Bez piedev\u0101m. Piem\u0113rots ar\u012b veg\u0101niem.","_yoast_wpseo_focuskw":"","_links":{"self":[{"href":"https:\/\/puhdasplus.ee\/lv\/wp-json\/wp\/v2\/product\/353285","targetHints":{"allow":["GET"]}}],"collection":[{"href":"https:\/\/puhdasplus.ee\/lv\/wp-json\/wp\/v2\/product"}],"about":[{"href":"https:\/\/puhdasplus.ee\/lv\/wp-json\/wp\/v2\/types\/product"}],"replies":[{"embeddable":true,"href":"https:\/\/puhdasplus.ee\/lv\/wp-json\/wp\/v2\/comments?post=353285"}],"wp:featuredmedia":[{"embeddable":true,"href":"https:\/\/puhdasplus.ee\/lv\/wp-json\/wp\/v2\/media\/353287"}],"wp:attachment":[{"href":"https:\/\/puhdasplus.ee\/lv\/wp-json\/wp\/v2\/media?parent=353285"}],"wp:term":[{"taxonomy":"product_brand","embeddable":true,"href":"https:\/\/puhdasplus.ee\/lv\/wp-json\/wp\/v2\/product_brand?post=353285"},{"taxonomy":"product_cat","embeddable":true,"href":"https:\/\/puhdasplus.ee\/lv\/wp-json\/wp\/v2\/product_cat?post=353285"},{"taxonomy":"product_tag","embeddable":true,"href":"https:\/\/puhdasplus.ee\/lv\/wp-json\/wp\/v2\/product_tag?post=353285"}],"curies":[{"name":"wp","href":"https:\/\/api.w.org\/{rel}","templated":true}]}}