{"id":353240,"date":"2019-12-05T23:50:44","date_gmt":"2019-12-05T21:50:44","guid":{"rendered":"https:\/\/puhdasplus.ee\/tooted\/uncategorized\/saccharomyces-boulardii-250-mg\/"},"modified":"2026-04-07T20:06:08","modified_gmt":"2026-04-07T17:06:08","slug":"saccharomyces-boulardii-250-mg","status":"publish","type":"product","link":"https:\/\/puhdasplus.ee\/lv\/produkti\/ipasie-piedavajumi\/saccharomyces-boulardii-250-mg\/","title":{"rendered":"Saccharomyces Boulardii 250 mg"},"content":{"rendered":"<p><strong>Saccharomyces Boulardii 250 mg<\/strong> ir augstas kvalit\u0101tes uztura bag\u0101tin\u0101t\u0101js, kas satur efekt\u012bvu devu p\u0113t\u012bt\u0101 rauga <strong>Saccharomyces boulardii<\/strong> . At\u0161\u0137ir\u012bb\u0101 no daudz\u0101m piensk\u0101bes bakt\u0113rij\u0101m, <strong>Saccharomyces boulardii<\/strong> ir iztur\u012bg\u0101ka pret ku\u0146\u0123a sk\u0101b\u0113m, pal\u012bdzot uztur\u0113t zarnu mikrofloras l\u012bdzsvaru pat sare\u017e\u0123\u012btos apst\u0101k\u013cos. Piem\u0113rots ikdienas lieto\u0161anai vai kursa veid\u0101, \u012bpa\u0161i antibiotiku lieto\u0161anas laik\u0101 vai ce\u013cojumu laik\u0101.  <\/p>\n<p><strong>Galven\u0101s iez\u012bmes:<\/strong><\/p>\n<ul>\n<li><strong>Efekt\u012bv\u0101 deva:<\/strong> Katra kapsula satur 250 mg <strong>Saccharomyces boulardii<\/strong> , ieteicam\u0101 dienas deva ir 1\u20132 kapsulas.<\/li>\n<li><strong>Augsta iztur\u012bba:<\/strong> <strong>Saccharomyces boulardii<\/strong> labi panes ku\u0146\u0123a sk\u0101bes, nodro\u0161inot efekt\u012bvu iedarb\u012bbu gremo\u0161anas trakt\u0101.<\/li>\n<li><strong>T\u012bras sast\u0101vda\u013cas:<\/strong> Nesatur laktozi, glut\u0113nu, cukuru, s\u0101li, cieti, kukur\u016bzu, soju vai saldin\u0101t\u0101jus. Piem\u0113rots ve\u0123et\u0101rie\u0161iem un veg\u0101niem. <\/li>\n<li><strong>Bez piedev\u0101m:<\/strong> Pagatavo\u0161an\u0101 nav izmantotas nevajadz\u012bgas piedevas, piem\u0113ram, konservanti, kr\u0101svielas vai aromatiz\u0113t\u0101ji.<\/li>\n<\/ul>\n<p><strong>Lieto\u0161ana:<\/strong> Pieaugu\u0161ajiem ieteicams lietot 1\u20132 kapsulas dien\u0101, uzdzerot \u016bdeni. Nep\u0101rsniedziet ieteicamo dienas devu. Uztura bag\u0101tin\u0101t\u0101js neaizst\u0101j daudzveid\u012bgu un sabalans\u0113tu uzturu vai vesel\u012bgu dz\u012bvesveidu. Sarg\u0101t no b\u0113rniem.   <\/p>\n<h2>Sast\u0101vda\u013cas<\/h2>\n<p><strong>Saccharomyces boulardii<\/strong> , kapsula (stabilizatori: hidroksipropilmetilceluloze, gell\u0101na sve\u0137i), pildviela (mikrokrist\u0101lisk\u0101 celuloze). Nesatur laktozi, glut\u0113nu, cukuru, s\u0101li, cieti, kukur\u016bzu, soju vai saldin\u0101t\u0101jus.  Piem\u0113rots ve\u0123et\u0101rie\u0161iem un veg\u0101niem.<\/p>\n<p><strong>Uzturv\u0113rt\u012bba (1\u20132 kapsulas):<\/strong><\/p>\n<ul>\n<li><strong>Saccharomyces boulardii:<\/strong> 250\u2013500 mg<\/li>\n<\/ul>\n<p><strong>Skat\u012bt ar\u012b:<\/strong> <a href=\"https:\/\/puhdasplus.ee\/toote-kategooria\/mineraalained\/\">Mineraalained<\/a> | <a href=\"https:\/\/puhdasplus.ee\/toote-kategooria\/seedimine-ja-ainevahetus\/\">Gremo\u0161ana un vielmai\u0146a<\/a> | <a href=\"https:\/\/puhdasplus.ee\/toote-kategooria\/magneesium\/\">Magnijs<\/a><\/p>\n","protected":false},"excerpt":{"rendered":"<p><strong>Saccharomyces Boulardii 250 mg<\/strong> ir efekt\u012bvs uztura bag\u0101tin\u0101t\u0101js, kas atbalsta zarnu mikrofloras l\u012bdzsvaru. Piem\u0113rots ikdienas lieto\u0161anai vai k\u0101 \u0101rst\u0113\u0161anas kursam, \u012bpa\u0161i antibiotiku lieto\u0161anas laik\u0101 vai ce\u013cojumu laik\u0101. Nesatur laktozi vai glut\u0113nu, piem\u0113rots veg\u0101niem.<\/p>\n","protected":false},"featured_media":353782,"comment_status":"closed","ping_status":"closed","template":"","meta":{"_acf_changed":false,"googlesitekit_rrm_CAow3eq7DA:productID":""},"product_brand":[],"product_cat":[3344,3067,3200],"product_tag":[8349,3880,3206,2974],"class_list":{"0":"post-353240","1":"product","2":"type-product","3":"status-publish","4":"has-post-thumbnail","6":"product_cat-gremosana-un-vielmaina","7":"product_cat-ipasie-piedavajumi","8":"product_cat-minerali","9":"product_tag-bez-laktozes-lv","10":"product_tag-gremosana","11":"product_tag-uztura-bagatinatajs","12":"product_tag-vegans","14":"first","15":"instock","16":"sale","17":"featured","18":"taxable","19":"shipping-taxable","20":"purchasable","21":"product-type-variable","22":"has-default-attributes"},"acf":[],"yoast_head":"<!-- This site is optimized with the Yoast SEO plugin v27.3 - https:\/\/yoast.com\/product\/yoast-seo-wordpress\/ -->\n<title>Saccharomyces Boulardii 250 mg | Puhdas+<\/title>\n<meta name=\"description\" content=\"Saccharomyces boulardii 250 mg \u2013 efekt\u012bvs probiotiskais raugs, kas uztur zarnu mikrofloras l\u012bdzsvaru, atbalsta gremo\u0161anu un pal\u012bdz stiprin\u0101t imunit\u0101ti.\" \/>\n<meta name=\"robots\" content=\"index, follow, max-snippet:-1, max-image-preview:large, max-video-preview:-1\" \/>\n<link rel=\"canonical\" href=\"https:\/\/puhdasplus.ee\/lv\/produkti\/ipasie-piedavajumi\/saccharomyces-boulardii-250-mg\/\" \/>\n<meta property=\"og:locale\" content=\"lv_LV\" \/>\n<meta property=\"og:type\" content=\"article\" \/>\n<meta property=\"og:title\" content=\"Saccharomyces Boulardii 250 mg | Puhdas+\" \/>\n<meta property=\"og:description\" content=\"Saccharomyces boulardii 250 mg \u2013 efekt\u012bvs probiotiskais raugs, kas uztur zarnu mikrofloras l\u012bdzsvaru, atbalsta gremo\u0161anu un pal\u012bdz stiprin\u0101t imunit\u0101ti.\" \/>\n<meta property=\"og:url\" content=\"https:\/\/puhdasplus.ee\/lv\/produkti\/ipasie-piedavajumi\/saccharomyces-boulardii-250-mg\/\" \/>\n<meta property=\"og:site_name\" content=\"Puhdas+\" \/>\n<meta property=\"article:publisher\" content=\"https:\/\/www.facebook.com\/puhdasplus\" \/>\n<meta property=\"article:modified_time\" content=\"2026-04-07T17:06:08+00:00\" \/>\n<meta property=\"og:image\" content=\"https:\/\/puhdasplus.ee\/wp-content\/uploads\/2019\/12\/4-scaled.jpg\" \/>\n\t<meta property=\"og:image:width\" content=\"1862\" \/>\n\t<meta property=\"og:image:height\" content=\"2560\" \/>\n\t<meta property=\"og:image:type\" content=\"image\/jpeg\" \/>\n<meta name=\"twitter:card\" content=\"summary_large_image\" \/>\n<meta name=\"twitter:label1\" content=\"Est. reading time\" \/>\n\t<meta name=\"twitter:data1\" content=\"1 minute\" \/>\n<script type=\"application\/ld+json\" class=\"yoast-schema-graph\">{\"@context\":\"https:\\\/\\\/schema.org\",\"@graph\":[{\"@type\":\"WebPage\",\"@id\":\"https:\\\/\\\/puhdasplus.ee\\\/lv\\\/produkti\\\/ipasie-piedavajumi\\\/saccharomyces-boulardii-250-mg\\\/\",\"url\":\"https:\\\/\\\/puhdasplus.ee\\\/lv\\\/produkti\\\/ipasie-piedavajumi\\\/saccharomyces-boulardii-250-mg\\\/\",\"name\":\"Saccharomyces Boulardii 250 mg | Puhdas+\",\"isPartOf\":{\"@id\":\"https:\\\/\\\/puhdasplus.ee\\\/lv\\\/#website\"},\"primaryImageOfPage\":{\"@id\":\"https:\\\/\\\/puhdasplus.ee\\\/lv\\\/produkti\\\/ipasie-piedavajumi\\\/saccharomyces-boulardii-250-mg\\\/#primaryimage\"},\"image\":{\"@id\":\"https:\\\/\\\/puhdasplus.ee\\\/lv\\\/produkti\\\/ipasie-piedavajumi\\\/saccharomyces-boulardii-250-mg\\\/#primaryimage\"},\"thumbnailUrl\":\"https:\\\/\\\/puhdasplus.ee\\\/wp-content\\\/uploads\\\/2019\\\/12\\\/4-scaled.jpg\",\"datePublished\":\"2019-12-05T21:50:44+00:00\",\"dateModified\":\"2026-04-07T17:06:08+00:00\",\"description\":\"Saccharomyces boulardii 250 mg \u2013 efekt\u012bvs probiotiskais raugs, kas uztur zarnu mikrofloras l\u012bdzsvaru, atbalsta gremo\u0161anu un pal\u012bdz stiprin\u0101t imunit\u0101ti.\",\"breadcrumb\":{\"@id\":\"https:\\\/\\\/puhdasplus.ee\\\/lv\\\/produkti\\\/ipasie-piedavajumi\\\/saccharomyces-boulardii-250-mg\\\/#breadcrumb\"},\"inLanguage\":\"lv-LV\",\"potentialAction\":[{\"@type\":\"ReadAction\",\"target\":[\"https:\\\/\\\/puhdasplus.ee\\\/lv\\\/produkti\\\/ipasie-piedavajumi\\\/saccharomyces-boulardii-250-mg\\\/\"]}]},{\"@type\":\"ImageObject\",\"inLanguage\":\"lv-LV\",\"@id\":\"https:\\\/\\\/puhdasplus.ee\\\/lv\\\/produkti\\\/ipasie-piedavajumi\\\/saccharomyces-boulardii-250-mg\\\/#primaryimage\",\"url\":\"https:\\\/\\\/puhdasplus.ee\\\/wp-content\\\/uploads\\\/2019\\\/12\\\/4-scaled.jpg\",\"contentUrl\":\"https:\\\/\\\/puhdasplus.ee\\\/wp-content\\\/uploads\\\/2019\\\/12\\\/4-scaled.jpg\",\"width\":1862,\"height\":2560,\"caption\":\"Saccharomyces boulardii 250 mg\"},{\"@type\":\"BreadcrumbList\",\"@id\":\"https:\\\/\\\/puhdasplus.ee\\\/lv\\\/produkti\\\/ipasie-piedavajumi\\\/saccharomyces-boulardii-250-mg\\\/#breadcrumb\",\"itemListElement\":[{\"@type\":\"ListItem\",\"position\":1,\"name\":\"S\u0101kums\",\"item\":\"https:\\\/\\\/puhdasplus.ee\\\/lv\\\/\"},{\"@type\":\"ListItem\",\"position\":2,\"name\":\"Produkti\",\"item\":\"https:\\\/\\\/puhdasplus.ee\\\/lv\\\/veikals\\\/\"},{\"@type\":\"ListItem\",\"position\":3,\"name\":\"Saccharomyces Boulardii 250 mg\"}]},{\"@type\":\"WebSite\",\"@id\":\"https:\\\/\\\/puhdasplus.ee\\\/lv\\\/#website\",\"url\":\"https:\\\/\\\/puhdasplus.ee\\\/lv\\\/\",\"name\":\"Puhdas+\",\"description\":\"Vitam\u012bni, uztura bag\u0101tin\u0101t\u0101ji, dab\u012bg\u0101 kosm\u0113tika, vesel\u012bba, sports\",\"publisher\":{\"@id\":\"https:\\\/\\\/puhdasplus.ee\\\/lv\\\/#organization\"},\"potentialAction\":[{\"@type\":\"SearchAction\",\"target\":{\"@type\":\"EntryPoint\",\"urlTemplate\":\"https:\\\/\\\/puhdasplus.ee\\\/lv\\\/?s={search_term_string}\"},\"query-input\":{\"@type\":\"PropertyValueSpecification\",\"valueRequired\":true,\"valueName\":\"search_term_string\"}}],\"inLanguage\":\"lv-LV\"},{\"@type\":\"Organization\",\"@id\":\"https:\\\/\\\/puhdasplus.ee\\\/lv\\\/#organization\",\"name\":\"Puhdas+\",\"alternateName\":\"Puhdasplus\",\"url\":\"https:\\\/\\\/puhdasplus.ee\\\/lv\\\/\",\"logo\":{\"@type\":\"ImageObject\",\"inLanguage\":\"lv-LV\",\"@id\":\"https:\\\/\\\/puhdasplus.ee\\\/lv\\\/#\\\/schema\\\/logo\\\/image\\\/\",\"url\":\"https:\\\/\\\/puhdasplus.ee\\\/wp-content\\\/uploads\\\/2019\\\/10\\\/puhdas_logo-arvele.png\",\"contentUrl\":\"https:\\\/\\\/puhdasplus.ee\\\/wp-content\\\/uploads\\\/2019\\\/10\\\/puhdas_logo-arvele.png\",\"width\":114,\"height\":94,\"caption\":\"Puhdas+\"},\"image\":{\"@id\":\"https:\\\/\\\/puhdasplus.ee\\\/lv\\\/#\\\/schema\\\/logo\\\/image\\\/\"},\"sameAs\":[\"https:\\\/\\\/www.facebook.com\\\/puhdasplus\",\"https:\\\/\\\/www.instagram.com\\\/puhdasplus_ee\\\/\"]}]}<\/script>\n<!-- \/ Yoast SEO plugin. -->","yoast_head_json":{"title":"Saccharomyces Boulardii 250 mg | Puhdas+","description":"Saccharomyces boulardii 250 mg \u2013 efekt\u012bvs probiotiskais raugs, kas uztur zarnu mikrofloras l\u012bdzsvaru, atbalsta gremo\u0161anu un pal\u012bdz stiprin\u0101t imunit\u0101ti.","robots":{"index":"index","follow":"follow","max-snippet":"max-snippet:-1","max-image-preview":"max-image-preview:large","max-video-preview":"max-video-preview:-1"},"canonical":"https:\/\/puhdasplus.ee\/lv\/produkti\/ipasie-piedavajumi\/saccharomyces-boulardii-250-mg\/","og_locale":"lv_LV","og_type":"article","og_title":"Saccharomyces Boulardii 250 mg | Puhdas+","og_description":"Saccharomyces boulardii 250 mg \u2013 efekt\u012bvs probiotiskais raugs, kas uztur zarnu mikrofloras l\u012bdzsvaru, atbalsta gremo\u0161anu un pal\u012bdz stiprin\u0101t imunit\u0101ti.","og_url":"https:\/\/puhdasplus.ee\/lv\/produkti\/ipasie-piedavajumi\/saccharomyces-boulardii-250-mg\/","og_site_name":"Puhdas+","article_publisher":"https:\/\/www.facebook.com\/puhdasplus","article_modified_time":"2026-04-07T17:06:08+00:00","og_image":[{"width":1862,"height":2560,"url":"https:\/\/puhdasplus.ee\/wp-content\/uploads\/2019\/12\/4-scaled.jpg","type":"image\/jpeg"}],"twitter_card":"summary_large_image","twitter_misc":{"Est. reading time":"1 minute"},"schema":{"@context":"https:\/\/schema.org","@graph":[{"@type":"WebPage","@id":"https:\/\/puhdasplus.ee\/lv\/produkti\/ipasie-piedavajumi\/saccharomyces-boulardii-250-mg\/","url":"https:\/\/puhdasplus.ee\/lv\/produkti\/ipasie-piedavajumi\/saccharomyces-boulardii-250-mg\/","name":"Saccharomyces Boulardii 250 mg | Puhdas+","isPartOf":{"@id":"https:\/\/puhdasplus.ee\/lv\/#website"},"primaryImageOfPage":{"@id":"https:\/\/puhdasplus.ee\/lv\/produkti\/ipasie-piedavajumi\/saccharomyces-boulardii-250-mg\/#primaryimage"},"image":{"@id":"https:\/\/puhdasplus.ee\/lv\/produkti\/ipasie-piedavajumi\/saccharomyces-boulardii-250-mg\/#primaryimage"},"thumbnailUrl":"https:\/\/puhdasplus.ee\/wp-content\/uploads\/2019\/12\/4-scaled.jpg","datePublished":"2019-12-05T21:50:44+00:00","dateModified":"2026-04-07T17:06:08+00:00","description":"Saccharomyces boulardii 250 mg \u2013 efekt\u012bvs probiotiskais raugs, kas uztur zarnu mikrofloras l\u012bdzsvaru, atbalsta gremo\u0161anu un pal\u012bdz stiprin\u0101t imunit\u0101ti.","breadcrumb":{"@id":"https:\/\/puhdasplus.ee\/lv\/produkti\/ipasie-piedavajumi\/saccharomyces-boulardii-250-mg\/#breadcrumb"},"inLanguage":"lv-LV","potentialAction":[{"@type":"ReadAction","target":["https:\/\/puhdasplus.ee\/lv\/produkti\/ipasie-piedavajumi\/saccharomyces-boulardii-250-mg\/"]}]},{"@type":"ImageObject","inLanguage":"lv-LV","@id":"https:\/\/puhdasplus.ee\/lv\/produkti\/ipasie-piedavajumi\/saccharomyces-boulardii-250-mg\/#primaryimage","url":"https:\/\/puhdasplus.ee\/wp-content\/uploads\/2019\/12\/4-scaled.jpg","contentUrl":"https:\/\/puhdasplus.ee\/wp-content\/uploads\/2019\/12\/4-scaled.jpg","width":1862,"height":2560,"caption":"Saccharomyces boulardii 250 mg"},{"@type":"BreadcrumbList","@id":"https:\/\/puhdasplus.ee\/lv\/produkti\/ipasie-piedavajumi\/saccharomyces-boulardii-250-mg\/#breadcrumb","itemListElement":[{"@type":"ListItem","position":1,"name":"S\u0101kums","item":"https:\/\/puhdasplus.ee\/lv\/"},{"@type":"ListItem","position":2,"name":"Produkti","item":"https:\/\/puhdasplus.ee\/lv\/veikals\/"},{"@type":"ListItem","position":3,"name":"Saccharomyces Boulardii 250 mg"}]},{"@type":"WebSite","@id":"https:\/\/puhdasplus.ee\/lv\/#website","url":"https:\/\/puhdasplus.ee\/lv\/","name":"Puhdas+","description":"Vitam\u012bni, uztura bag\u0101tin\u0101t\u0101ji, dab\u012bg\u0101 kosm\u0113tika, vesel\u012bba, sports","publisher":{"@id":"https:\/\/puhdasplus.ee\/lv\/#organization"},"potentialAction":[{"@type":"SearchAction","target":{"@type":"EntryPoint","urlTemplate":"https:\/\/puhdasplus.ee\/lv\/?s={search_term_string}"},"query-input":{"@type":"PropertyValueSpecification","valueRequired":true,"valueName":"search_term_string"}}],"inLanguage":"lv-LV"},{"@type":"Organization","@id":"https:\/\/puhdasplus.ee\/lv\/#organization","name":"Puhdas+","alternateName":"Puhdasplus","url":"https:\/\/puhdasplus.ee\/lv\/","logo":{"@type":"ImageObject","inLanguage":"lv-LV","@id":"https:\/\/puhdasplus.ee\/lv\/#\/schema\/logo\/image\/","url":"https:\/\/puhdasplus.ee\/wp-content\/uploads\/2019\/10\/puhdas_logo-arvele.png","contentUrl":"https:\/\/puhdasplus.ee\/wp-content\/uploads\/2019\/10\/puhdas_logo-arvele.png","width":114,"height":94,"caption":"Puhdas+"},"image":{"@id":"https:\/\/puhdasplus.ee\/lv\/#\/schema\/logo\/image\/"},"sameAs":["https:\/\/www.facebook.com\/puhdasplus","https:\/\/www.instagram.com\/puhdasplus_ee\/"]}]}},"_yoast_wpseo_title":"Saccharomyces Boulardii 250 mg | Puhdas+","_yoast_wpseo_metadesc":"Saccharomyces boulardii 250 mg \u2013 efekt\u012bvs probiotiskais raugs, kas uztur zarnu mikrofloras l\u012bdzsvaru, atbalsta gremo\u0161anu un pal\u012bdz stiprin\u0101t imunit\u0101ti.","_yoast_wpseo_focuskw":"Saccharomyces Boulardii","_links":{"self":[{"href":"https:\/\/puhdasplus.ee\/lv\/wp-json\/wp\/v2\/product\/353240","targetHints":{"allow":["GET"]}}],"collection":[{"href":"https:\/\/puhdasplus.ee\/lv\/wp-json\/wp\/v2\/product"}],"about":[{"href":"https:\/\/puhdasplus.ee\/lv\/wp-json\/wp\/v2\/types\/product"}],"replies":[{"embeddable":true,"href":"https:\/\/puhdasplus.ee\/lv\/wp-json\/wp\/v2\/comments?post=353240"}],"wp:featuredmedia":[{"embeddable":true,"href":"https:\/\/puhdasplus.ee\/lv\/wp-json\/wp\/v2\/media\/353782"}],"wp:attachment":[{"href":"https:\/\/puhdasplus.ee\/lv\/wp-json\/wp\/v2\/media?parent=353240"}],"wp:term":[{"taxonomy":"product_brand","embeddable":true,"href":"https:\/\/puhdasplus.ee\/lv\/wp-json\/wp\/v2\/product_brand?post=353240"},{"taxonomy":"product_cat","embeddable":true,"href":"https:\/\/puhdasplus.ee\/lv\/wp-json\/wp\/v2\/product_cat?post=353240"},{"taxonomy":"product_tag","embeddable":true,"href":"https:\/\/puhdasplus.ee\/lv\/wp-json\/wp\/v2\/product_tag?post=353240"}],"curies":[{"name":"wp","href":"https:\/\/api.w.org\/{rel}","templated":true}]}}