{"id":353165,"date":"2020-04-28T14:54:54","date_gmt":"2020-04-28T11:54:54","guid":{"rendered":"https:\/\/puhdasplus.ee\/tooted\/uncategorized\/selens-100-%c2%b5g-60-kapsulas\/"},"modified":"2026-04-07T19:58:40","modified_gmt":"2026-04-07T16:58:40","slug":"selens-100-%c2%b5g-60-kapsulas","status":"publish","type":"product","link":"https:\/\/puhdasplus.ee\/lv\/produkti\/imunsistema\/selens-100-%c2%b5g-60-kapsulas\/","title":{"rendered":"Sel\u0113ns 100 \u00b5g 60 kapsulas"},"content":{"rendered":"<h2>Kas ir Puhdas+ Selenium?<\/h2>\n<p>Puhdas+ Selenium ir augstas kvalit\u0101tes uztura bag\u0101tin\u0101t\u0101js, kas satur sertific\u0113tu melno sinepju (Brassica nigra) s\u0113klu ekstraktu \u2013 dab\u012bgu sel\u0113na avotu. Sel\u0113ns ir svar\u012bga miner\u0101lviela, kas atbalsta norm\u0101lu im\u016bnsist\u0113mas darb\u012bbu un pal\u012bdz uztur\u0113t vesel\u012bgus matus un nagus. Produkts ir ra\u017eots Somij\u0101 un ir piem\u0113rots veg\u0101niem un ve\u0123et\u0101rie\u0161iem.  <\/p>\n<h2>K\u0101p\u0113c tas ir noder\u012bgi?<\/h2>\n<p>Sel\u0113ns ir viens no svar\u012bg\u0101kajiem mikroelementiem, kas organismam nepiecie\u0161ams norm\u0101lai ikdienas darb\u012bbai. Lai gan tas ir nepiecie\u0161ams \u013coti neliel\u0101 daudzum\u0101, sel\u0113nam ir daudzl\u012bme\u0146u un \u013coti svar\u012bga loma organism\u0101. Puhdas+ Selenium 100 \u00b5g kapsulas satur dab\u012bgu sel\u0113na avotu \u2013 meln\u0101s sinepes (Brassica nigra) s\u0113klu ekstraktu, kas ir augu izcelsmes un piem\u0113rots ar\u012b veg\u0101niem.  <\/p>\n<p>Vispaz\u012bstam\u0101kie sel\u0113na ieguvumi ir saist\u012bti ar norm\u0101lu im\u016bnsist\u0113mas darb\u012bbu un vesel\u012bgu matu un nagu uztur\u0113\u0161anu. Sel\u0113ns ar\u012b pal\u012bdz aizsarg\u0101t \u0161\u016bnas no oksidat\u012bv\u0101 stresa un atbalsta norm\u0101lu vairogdziedzera darb\u012bbu, jo sel\u0113ns ir iesaist\u012bts vairogdziedzera hormonu metabolism\u0101. <\/p>\n<p>Organisms pats sel\u0113nu neuzglab\u0101 \u2013 tas j\u0101uz\u0146em ar p\u0101rtiku vai, ja nepiecie\u0161ams, ar uztura bag\u0101tin\u0101t\u0101jiem. Sel\u0113na uztura bag\u0101tin\u0101t\u0101ji var b\u016bt \u012bpa\u0161i noder\u012bgi tiem, kuru uztur\u0101 regul\u0101ri nav iek\u013cauti ar sel\u0113nu bag\u0101ti p\u0101rtikas produkti (piem\u0113ram, Braz\u012blijas rieksti, j\u016bras veltes, pilngraudu produkti). <\/p>\n<p>Puhdas+ sel\u0113na kapsulas ir:<\/p>\n<ul>\n<li>\n<ul>\n<li>\n<p><b>t\u012brs sast\u0101vs<\/b> \u2013 nesatur m\u0101ksl\u012bgas piedevas, glut\u0113nu, laktozi vai saldin\u0101t\u0101jus<\/p>\n<\/li>\n<li>\n<p><b>no dabiska avota<\/b><\/p>\n<\/li>\n<li>\n<p><b>viegli lietojams<\/b> \u2013 tikai 1 kapsula dien\u0101<\/p>\n<\/li>\n<li>\n<p><b>ra\u017eots Somij\u0101, iev\u0113rojot augstus kvalit\u0101tes standartus<\/b><\/p>\n<\/li>\n<\/ul>\n<p>\u0160is produkts ir lieliska izv\u0113le ikvienam, kur\u0161 v\u0113las atbalst\u012bt norm\u0101lu im\u016bnsist\u0113mas, matu, nagu un vairogdziedzera darb\u012bbu.<\/p>\n<\/li>\n<\/ul>\n<h2>Kam tas ir piem\u0113rots?<\/h2>\n<p>Puhdas+ Selenium ir piem\u0113rots:<\/p>\n<ul>\n<li>\n<ul>\n<li>\n<p>cilv\u0113kiem, kuri v\u0113las atbalst\u012bt im\u016bnsist\u0113mu<\/p>\n<\/li>\n<li>\n<p>tiem, kam r\u016bp matu un nagu vesel\u012bba<\/p>\n<\/li>\n<li>\n<p>ve\u0123et\u0101rie\u0161iem un veg\u0101niem<\/p>\n<\/li>\n<li>\n<p>tiem, kas mekl\u0113 sel\u0113na uztura bag\u0101tin\u0101t\u0101ju bez piedev\u0101m<\/p>\n<\/li>\n<\/ul>\n<\/li>\n<\/ul>\n<h2>Lietojums<\/h2>\n<p><strong>Ieteicam\u0101 deva<\/strong> : 1 kapsula dien\u0101, uzdzerot \u016bdeni.<\/p>\n<p>Nep\u0101rsniedziet ieteicamo dienas devu. Uztura bag\u0101tin\u0101t\u0101js neaizst\u0101j daudzveid\u012bgu un sabalans\u0113tu uzturu vai vesel\u012bgu dz\u012bvesveidu. Sarg\u0101t no b\u0113rniem.  \u200b<\/p>\n<h2>Sast\u0101vda\u013cas<\/h2>\n<ul>\n<li>\n<p>Pildviela: mikrokrist\u0101lisk\u0101 celuloze<\/p>\n<\/li>\n<li>\n<p>Kapsulas apvalks: hidroksipropilmetilceluloze, gell\u0101na sve\u0137i<\/p>\n<\/li>\n<li>\n<p>Melno sinepju s\u0113klu ekstrakts (Brassica nigra)<\/p>\n<\/li>\n<\/ul>\n<p><strong>Nesatur<\/strong> : laktozi, glut\u0113nu, raugu, cukuru, s\u0101li, cieti, kukur\u016bzu, soju vai saldin\u0101t\u0101jus.<\/p>\n<h2>Uzturv\u0113rt\u012bba<\/h2>\n<p><strong>1 kapsula satur<\/strong> :<\/p>\n<ul>\n<li>\n<p>Sel\u0113ns: 100 \u00b5g (182% no ieteicam\u0101s dienas devas)<\/p>\n<\/li>\n<\/ul>\n<p><strong>Skat\u012bt ar\u012b:<\/strong> <a href=\"https:\/\/puhdasplus.ee\/toote-kategooria\/immuunsusteem\/\">Immuuns\u00fcsteem<\/a> | <a href=\"https:\/\/puhdasplus.ee\/toote-kategooria\/mineraalained\/\">Mineraalained<\/a> | <a href=\"https:\/\/puhdasplus.ee\/toote-kategooria\/magneesium\/\">Magnijs<\/a><\/p>\n","protected":false},"excerpt":{"rendered":"<p><strong>Puhdas+ Sel\u0113ns 100 \u00b5g<\/strong> ir dab\u012bgs sel\u0113na uztura bag\u0101tin\u0101t\u0101js, kas veicina norm\u0101lu im\u016bnsist\u0113mas darb\u012bbu, atbalsta norm\u0101lu matu un nagu uztur\u0113\u0161anu, k\u0101 ar\u012b pal\u012bdz aizsarg\u0101t \u0161\u016bnas no oksidat\u012bv\u0101 stresa. Produkts satur augu izcelsmes sel\u0113na avotu \u2013 melno sinepju s\u0113klu ekstraktu, kas ir piem\u0113rots ar\u012b veg\u0101niem. <\/p>\n<p>Sel\u0113ns ir svar\u012bgs mikroelements, kam ir noz\u012bme vairogdziedzera norm\u0101l\u0101 darb\u012bb\u0101 un \u0137erme\u0146a \u0161\u016bnu aizsardz\u012bb\u0101 pret oksidat\u012bvo stresu. Regul\u0101ra lieto\u0161ana pal\u012bdz nodro\u0161in\u0101t, ka organisms katru dienu sa\u0146em pietiekamu daudzumu \u0161\u012b miner\u0101la. <\/p>\n<p>Puhdas+ Selenium kapsul\u0101m ir t\u012brs sast\u0101vs, t\u0101s nesatur m\u0101ksl\u012bgas piedevas, glut\u0113nu, laktozi vai saldin\u0101t\u0101jus. Vienk\u0101r\u0161a ikdienas lieto\u0161ana \u2013 tikai 1 kapsula dien\u0101. Ra\u017eots Somij\u0101, iev\u0113rojot augstus kvalit\u0101tes standartus.  <\/p>\n","protected":false},"featured_media":357421,"comment_status":"closed","ping_status":"closed","template":"","meta":{"_acf_changed":false,"googlesitekit_rrm_CAow3eq7DA:productID":""},"product_brand":[],"product_cat":[3296,3066,3200],"product_tag":[4791,8377,3041,8365,8373,3206,2974],"class_list":{"0":"post-353165","1":"product","2":"type-product","3":"status-publish","4":"has-post-thumbnail","6":"product_cat-ada-mati-nagi","7":"product_cat-imunsistema","8":"product_cat-minerali","9":"product_tag-antioksidants-lv","10":"product_tag-dabgs-lv","11":"product_tag-imunitate","12":"product_tag-minerlvielas-lv","13":"product_tag-somijas-kvalitte-lv","14":"product_tag-uztura-bagatinatajs","15":"product_tag-vegans","17":"first","18":"instock","19":"taxable","20":"shipping-taxable","21":"purchasable","22":"product-type-simple"},"acf":[],"yoast_head":"<!-- This site is optimized with the Yoast SEO plugin v27.3 - https:\/\/yoast.com\/product\/yoast-seo-wordpress\/ -->\n<title>Sel\u0113ns 100 \u00b5g 60 kapsulas | Puhdas+<\/title>\n<meta name=\"description\" content=\"Sel\u0113ns 100 \u00b5g \u2013 dabisks atbalsts matiem, nagiem un imunit\u0101tei! Sp\u0113c\u012bgs antioksidants, kas atbalsta vairogdziedzera darb\u012bbu un \u0161\u016bnu aizsardz\u012bbu. Veg\u0101ns, bez glut\u0113na.\" \/>\n<meta name=\"robots\" content=\"index, follow, max-snippet:-1, max-image-preview:large, max-video-preview:-1\" \/>\n<link rel=\"canonical\" href=\"https:\/\/puhdasplus.ee\/lv\/produkti\/imunsistema\/selens-100-%c2%b5g-60-kapsulas\/\" \/>\n<meta property=\"og:locale\" content=\"lv_LV\" \/>\n<meta property=\"og:type\" content=\"article\" \/>\n<meta property=\"og:title\" content=\"Sel\u0113ns 100 \u00b5g 60 kapsulas | Puhdas+\" \/>\n<meta property=\"og:description\" content=\"Sel\u0113ns 100 \u00b5g \u2013 dabisks atbalsts matiem, nagiem un imunit\u0101tei! Sp\u0113c\u012bgs antioksidants, kas atbalsta vairogdziedzera darb\u012bbu un \u0161\u016bnu aizsardz\u012bbu. Veg\u0101ns, bez glut\u0113na.\" \/>\n<meta property=\"og:url\" content=\"https:\/\/puhdasplus.ee\/lv\/produkti\/imunsistema\/selens-100-%c2%b5g-60-kapsulas\/\" \/>\n<meta property=\"og:site_name\" content=\"Puhdas+\" \/>\n<meta property=\"article:publisher\" content=\"https:\/\/www.facebook.com\/puhdasplus\" \/>\n<meta property=\"article:modified_time\" content=\"2026-04-07T16:58:40+00:00\" \/>\n<meta property=\"og:image\" content=\"https:\/\/puhdasplus.ee\/wp-content\/uploads\/2020\/04\/seleen-PuhdasPlus.jpg\" \/>\n\t<meta property=\"og:image:width\" content=\"1024\" \/>\n\t<meta property=\"og:image:height\" content=\"1408\" \/>\n\t<meta property=\"og:image:type\" content=\"image\/jpeg\" \/>\n<meta name=\"twitter:card\" content=\"summary_large_image\" \/>\n<meta name=\"twitter:label1\" content=\"Est. reading time\" \/>\n\t<meta name=\"twitter:data1\" content=\"2 min\u016btes\" \/>\n<script type=\"application\/ld+json\" class=\"yoast-schema-graph\">{\"@context\":\"https:\\\/\\\/schema.org\",\"@graph\":[{\"@type\":\"WebPage\",\"@id\":\"https:\\\/\\\/puhdasplus.ee\\\/lv\\\/produkti\\\/imunsistema\\\/selens-100-%c2%b5g-60-kapsulas\\\/\",\"url\":\"https:\\\/\\\/puhdasplus.ee\\\/lv\\\/produkti\\\/imunsistema\\\/selens-100-%c2%b5g-60-kapsulas\\\/\",\"name\":\"Sel\u0113ns 100 \u00b5g 60 kapsulas | Puhdas+\",\"isPartOf\":{\"@id\":\"https:\\\/\\\/puhdasplus.ee\\\/lv\\\/#website\"},\"primaryImageOfPage\":{\"@id\":\"https:\\\/\\\/puhdasplus.ee\\\/lv\\\/produkti\\\/imunsistema\\\/selens-100-%c2%b5g-60-kapsulas\\\/#primaryimage\"},\"image\":{\"@id\":\"https:\\\/\\\/puhdasplus.ee\\\/lv\\\/produkti\\\/imunsistema\\\/selens-100-%c2%b5g-60-kapsulas\\\/#primaryimage\"},\"thumbnailUrl\":\"https:\\\/\\\/puhdasplus.ee\\\/wp-content\\\/uploads\\\/2020\\\/04\\\/seleen-PuhdasPlus.jpg\",\"datePublished\":\"2020-04-28T11:54:54+00:00\",\"dateModified\":\"2026-04-07T16:58:40+00:00\",\"description\":\"Sel\u0113ns 100 \u00b5g \u2013 dabisks atbalsts matiem, nagiem un imunit\u0101tei! Sp\u0113c\u012bgs antioksidants, kas atbalsta vairogdziedzera darb\u012bbu un \u0161\u016bnu aizsardz\u012bbu. Veg\u0101ns, bez glut\u0113na.\",\"breadcrumb\":{\"@id\":\"https:\\\/\\\/puhdasplus.ee\\\/lv\\\/produkti\\\/imunsistema\\\/selens-100-%c2%b5g-60-kapsulas\\\/#breadcrumb\"},\"inLanguage\":\"lv-LV\",\"potentialAction\":[{\"@type\":\"ReadAction\",\"target\":[\"https:\\\/\\\/puhdasplus.ee\\\/lv\\\/produkti\\\/imunsistema\\\/selens-100-%c2%b5g-60-kapsulas\\\/\"]}]},{\"@type\":\"ImageObject\",\"inLanguage\":\"lv-LV\",\"@id\":\"https:\\\/\\\/puhdasplus.ee\\\/lv\\\/produkti\\\/imunsistema\\\/selens-100-%c2%b5g-60-kapsulas\\\/#primaryimage\",\"url\":\"https:\\\/\\\/puhdasplus.ee\\\/wp-content\\\/uploads\\\/2020\\\/04\\\/seleen-PuhdasPlus.jpg\",\"contentUrl\":\"https:\\\/\\\/puhdasplus.ee\\\/wp-content\\\/uploads\\\/2020\\\/04\\\/seleen-PuhdasPlus.jpg\",\"width\":1024,\"height\":1408,\"caption\":\"sel\u0113ns PuhdasPlus\"},{\"@type\":\"BreadcrumbList\",\"@id\":\"https:\\\/\\\/puhdasplus.ee\\\/lv\\\/produkti\\\/imunsistema\\\/selens-100-%c2%b5g-60-kapsulas\\\/#breadcrumb\",\"itemListElement\":[{\"@type\":\"ListItem\",\"position\":1,\"name\":\"S\u0101kums\",\"item\":\"https:\\\/\\\/puhdasplus.ee\\\/lv\\\/\"},{\"@type\":\"ListItem\",\"position\":2,\"name\":\"Produkti\",\"item\":\"https:\\\/\\\/puhdasplus.ee\\\/lv\\\/veikals\\\/\"},{\"@type\":\"ListItem\",\"position\":3,\"name\":\"Sel\u0113ns 100 \u00b5g 60 kapsulas\"}]},{\"@type\":\"WebSite\",\"@id\":\"https:\\\/\\\/puhdasplus.ee\\\/lv\\\/#website\",\"url\":\"https:\\\/\\\/puhdasplus.ee\\\/lv\\\/\",\"name\":\"Puhdas+\",\"description\":\"Vitam\u012bni, uztura bag\u0101tin\u0101t\u0101ji, dab\u012bg\u0101 kosm\u0113tika, vesel\u012bba, sports\",\"publisher\":{\"@id\":\"https:\\\/\\\/puhdasplus.ee\\\/lv\\\/#organization\"},\"potentialAction\":[{\"@type\":\"SearchAction\",\"target\":{\"@type\":\"EntryPoint\",\"urlTemplate\":\"https:\\\/\\\/puhdasplus.ee\\\/lv\\\/?s={search_term_string}\"},\"query-input\":{\"@type\":\"PropertyValueSpecification\",\"valueRequired\":true,\"valueName\":\"search_term_string\"}}],\"inLanguage\":\"lv-LV\"},{\"@type\":\"Organization\",\"@id\":\"https:\\\/\\\/puhdasplus.ee\\\/lv\\\/#organization\",\"name\":\"Puhdas+\",\"alternateName\":\"Puhdasplus\",\"url\":\"https:\\\/\\\/puhdasplus.ee\\\/lv\\\/\",\"logo\":{\"@type\":\"ImageObject\",\"inLanguage\":\"lv-LV\",\"@id\":\"https:\\\/\\\/puhdasplus.ee\\\/lv\\\/#\\\/schema\\\/logo\\\/image\\\/\",\"url\":\"https:\\\/\\\/puhdasplus.ee\\\/wp-content\\\/uploads\\\/2019\\\/10\\\/puhdas_logo-arvele.png\",\"contentUrl\":\"https:\\\/\\\/puhdasplus.ee\\\/wp-content\\\/uploads\\\/2019\\\/10\\\/puhdas_logo-arvele.png\",\"width\":114,\"height\":94,\"caption\":\"Puhdas+\"},\"image\":{\"@id\":\"https:\\\/\\\/puhdasplus.ee\\\/lv\\\/#\\\/schema\\\/logo\\\/image\\\/\"},\"sameAs\":[\"https:\\\/\\\/www.facebook.com\\\/puhdasplus\",\"https:\\\/\\\/www.instagram.com\\\/puhdasplus_ee\\\/\"]}]}<\/script>\n<!-- \/ Yoast SEO plugin. -->","yoast_head_json":{"title":"Sel\u0113ns 100 \u00b5g 60 kapsulas | Puhdas+","description":"Sel\u0113ns 100 \u00b5g \u2013 dabisks atbalsts matiem, nagiem un imunit\u0101tei! Sp\u0113c\u012bgs antioksidants, kas atbalsta vairogdziedzera darb\u012bbu un \u0161\u016bnu aizsardz\u012bbu. Veg\u0101ns, bez glut\u0113na.","robots":{"index":"index","follow":"follow","max-snippet":"max-snippet:-1","max-image-preview":"max-image-preview:large","max-video-preview":"max-video-preview:-1"},"canonical":"https:\/\/puhdasplus.ee\/lv\/produkti\/imunsistema\/selens-100-%c2%b5g-60-kapsulas\/","og_locale":"lv_LV","og_type":"article","og_title":"Sel\u0113ns 100 \u00b5g 60 kapsulas | Puhdas+","og_description":"Sel\u0113ns 100 \u00b5g \u2013 dabisks atbalsts matiem, nagiem un imunit\u0101tei! Sp\u0113c\u012bgs antioksidants, kas atbalsta vairogdziedzera darb\u012bbu un \u0161\u016bnu aizsardz\u012bbu. Veg\u0101ns, bez glut\u0113na.","og_url":"https:\/\/puhdasplus.ee\/lv\/produkti\/imunsistema\/selens-100-%c2%b5g-60-kapsulas\/","og_site_name":"Puhdas+","article_publisher":"https:\/\/www.facebook.com\/puhdasplus","article_modified_time":"2026-04-07T16:58:40+00:00","og_image":[{"width":1024,"height":1408,"url":"https:\/\/puhdasplus.ee\/wp-content\/uploads\/2020\/04\/seleen-PuhdasPlus.jpg","type":"image\/jpeg"}],"twitter_card":"summary_large_image","twitter_misc":{"Est. reading time":"2 min\u016btes"},"schema":{"@context":"https:\/\/schema.org","@graph":[{"@type":"WebPage","@id":"https:\/\/puhdasplus.ee\/lv\/produkti\/imunsistema\/selens-100-%c2%b5g-60-kapsulas\/","url":"https:\/\/puhdasplus.ee\/lv\/produkti\/imunsistema\/selens-100-%c2%b5g-60-kapsulas\/","name":"Sel\u0113ns 100 \u00b5g 60 kapsulas | Puhdas+","isPartOf":{"@id":"https:\/\/puhdasplus.ee\/lv\/#website"},"primaryImageOfPage":{"@id":"https:\/\/puhdasplus.ee\/lv\/produkti\/imunsistema\/selens-100-%c2%b5g-60-kapsulas\/#primaryimage"},"image":{"@id":"https:\/\/puhdasplus.ee\/lv\/produkti\/imunsistema\/selens-100-%c2%b5g-60-kapsulas\/#primaryimage"},"thumbnailUrl":"https:\/\/puhdasplus.ee\/wp-content\/uploads\/2020\/04\/seleen-PuhdasPlus.jpg","datePublished":"2020-04-28T11:54:54+00:00","dateModified":"2026-04-07T16:58:40+00:00","description":"Sel\u0113ns 100 \u00b5g \u2013 dabisks atbalsts matiem, nagiem un imunit\u0101tei! Sp\u0113c\u012bgs antioksidants, kas atbalsta vairogdziedzera darb\u012bbu un \u0161\u016bnu aizsardz\u012bbu. Veg\u0101ns, bez glut\u0113na.","breadcrumb":{"@id":"https:\/\/puhdasplus.ee\/lv\/produkti\/imunsistema\/selens-100-%c2%b5g-60-kapsulas\/#breadcrumb"},"inLanguage":"lv-LV","potentialAction":[{"@type":"ReadAction","target":["https:\/\/puhdasplus.ee\/lv\/produkti\/imunsistema\/selens-100-%c2%b5g-60-kapsulas\/"]}]},{"@type":"ImageObject","inLanguage":"lv-LV","@id":"https:\/\/puhdasplus.ee\/lv\/produkti\/imunsistema\/selens-100-%c2%b5g-60-kapsulas\/#primaryimage","url":"https:\/\/puhdasplus.ee\/wp-content\/uploads\/2020\/04\/seleen-PuhdasPlus.jpg","contentUrl":"https:\/\/puhdasplus.ee\/wp-content\/uploads\/2020\/04\/seleen-PuhdasPlus.jpg","width":1024,"height":1408,"caption":"sel\u0113ns PuhdasPlus"},{"@type":"BreadcrumbList","@id":"https:\/\/puhdasplus.ee\/lv\/produkti\/imunsistema\/selens-100-%c2%b5g-60-kapsulas\/#breadcrumb","itemListElement":[{"@type":"ListItem","position":1,"name":"S\u0101kums","item":"https:\/\/puhdasplus.ee\/lv\/"},{"@type":"ListItem","position":2,"name":"Produkti","item":"https:\/\/puhdasplus.ee\/lv\/veikals\/"},{"@type":"ListItem","position":3,"name":"Sel\u0113ns 100 \u00b5g 60 kapsulas"}]},{"@type":"WebSite","@id":"https:\/\/puhdasplus.ee\/lv\/#website","url":"https:\/\/puhdasplus.ee\/lv\/","name":"Puhdas+","description":"Vitam\u012bni, uztura bag\u0101tin\u0101t\u0101ji, dab\u012bg\u0101 kosm\u0113tika, vesel\u012bba, sports","publisher":{"@id":"https:\/\/puhdasplus.ee\/lv\/#organization"},"potentialAction":[{"@type":"SearchAction","target":{"@type":"EntryPoint","urlTemplate":"https:\/\/puhdasplus.ee\/lv\/?s={search_term_string}"},"query-input":{"@type":"PropertyValueSpecification","valueRequired":true,"valueName":"search_term_string"}}],"inLanguage":"lv-LV"},{"@type":"Organization","@id":"https:\/\/puhdasplus.ee\/lv\/#organization","name":"Puhdas+","alternateName":"Puhdasplus","url":"https:\/\/puhdasplus.ee\/lv\/","logo":{"@type":"ImageObject","inLanguage":"lv-LV","@id":"https:\/\/puhdasplus.ee\/lv\/#\/schema\/logo\/image\/","url":"https:\/\/puhdasplus.ee\/wp-content\/uploads\/2019\/10\/puhdas_logo-arvele.png","contentUrl":"https:\/\/puhdasplus.ee\/wp-content\/uploads\/2019\/10\/puhdas_logo-arvele.png","width":114,"height":94,"caption":"Puhdas+"},"image":{"@id":"https:\/\/puhdasplus.ee\/lv\/#\/schema\/logo\/image\/"},"sameAs":["https:\/\/www.facebook.com\/puhdasplus","https:\/\/www.instagram.com\/puhdasplus_ee\/"]}]}},"_yoast_wpseo_title":"Sel\u0113ns 100 \u00b5g 60 kapsulas | Puhdas+","_yoast_wpseo_metadesc":"Sel\u0113ns 100 \u00b5g \u2013 dabisks atbalsts matiem, nagiem un imunit\u0101tei! Sp\u0113c\u012bgs antioksidants, kas atbalsta vairogdziedzera darb\u012bbu un \u0161\u016bnu aizsardz\u012bbu. Veg\u0101ns, bez glut\u0113na.","_yoast_wpseo_focuskw":"","_links":{"self":[{"href":"https:\/\/puhdasplus.ee\/lv\/wp-json\/wp\/v2\/product\/353165","targetHints":{"allow":["GET"]}}],"collection":[{"href":"https:\/\/puhdasplus.ee\/lv\/wp-json\/wp\/v2\/product"}],"about":[{"href":"https:\/\/puhdasplus.ee\/lv\/wp-json\/wp\/v2\/types\/product"}],"replies":[{"embeddable":true,"href":"https:\/\/puhdasplus.ee\/lv\/wp-json\/wp\/v2\/comments?post=353165"}],"wp:featuredmedia":[{"embeddable":true,"href":"https:\/\/puhdasplus.ee\/lv\/wp-json\/wp\/v2\/media\/357421"}],"wp:attachment":[{"href":"https:\/\/puhdasplus.ee\/lv\/wp-json\/wp\/v2\/media?parent=353165"}],"wp:term":[{"taxonomy":"product_brand","embeddable":true,"href":"https:\/\/puhdasplus.ee\/lv\/wp-json\/wp\/v2\/product_brand?post=353165"},{"taxonomy":"product_cat","embeddable":true,"href":"https:\/\/puhdasplus.ee\/lv\/wp-json\/wp\/v2\/product_cat?post=353165"},{"taxonomy":"product_tag","embeddable":true,"href":"https:\/\/puhdasplus.ee\/lv\/wp-json\/wp\/v2\/product_tag?post=353165"}],"curies":[{"name":"wp","href":"https:\/\/api.w.org\/{rel}","templated":true}]}}