{"id":353151,"date":"2020-09-23T10:53:35","date_gmt":"2020-09-23T07:53:35","guid":{"rendered":"https:\/\/puhdasplus.ee\/tooted\/uncategorized\/pienskabes-bakterijas-5-miljardi-75-kapsulas\/"},"modified":"2026-04-07T20:06:06","modified_gmt":"2026-04-07T17:06:06","slug":"pienskabes-bakterijas-5-miljardi-75-kapsulas","status":"publish","type":"product","link":"https:\/\/puhdasplus.ee\/lv\/produkti\/gremosana-un-vielmaina\/pienskabes-bakterijas-5-miljardi-75-kapsulas\/","title":{"rendered":"Piensk\u0101bes bakt\u0113rijas 5 miljardi 75 kapsulas"},"content":{"rendered":"<h2>Kas ir Puhdas+ piensk\u0101bes bakt\u0113rijas 5 miljardi?<\/h2>\n<p><strong>Puhdas+ Piimhappebakter 5 miljardit<\/strong> ir Somij\u0101 ra\u017eots augstas kvalit\u0101tes uztura bag\u0101tin\u0101t\u0101js, kas satur \u010detrus zin\u0101tniski p\u0113t\u012btus piensk\u0101bo bakt\u0113riju celmus un cinku. Katra kapsula satur kopum\u0101 5 miljardus dz\u012bvu bakt\u0113riju.  Produkts nesatur laktozi, glut\u0113nu un soju, un ir piem\u0113rots veg\u0101niem.<\/p>\n<h2>K\u0101p\u0113c Puhdas+ piensk\u0101bes bakt\u0113rijas 5 miljardi ir noder\u012bgas?<\/h2>\n<p>M\u016bsu zarnu mikrobiomu veido miljardi bakt\u0113riju, no kur\u0101m daudzas ir labv\u0113l\u012bgas un pilda b\u016btiskas funkcijas gremo\u0161anas, imunit\u0101tes un visp\u0101r\u0113j\u0101s labsaj\u016btas atbalst\u012b\u0161an\u0101. Piensk\u0101bes bakt\u0113rijas ir da\u013ca no \u0161\u012bs dabisk\u0101s mikrofloras, un t\u0101s var lietot k\u0101 uztura bag\u0101tin\u0101t\u0101ju situ\u0101cij\u0101s, kad mikrobioma l\u012bdzsvars var b\u016bt izjaukts, piem\u0113ram, antibiotiku kursa, stresa, slim\u012bbas vai uztura izmai\u0146u d\u0113\u013c. <\/p>\n<p><strong>Puhdas+ piensk\u0101bes bakt\u0113riju 5 miljardi<\/strong> ir \u012bpa\u0161i izstr\u0101d\u0101ts, lai atbalst\u012btu mikrobioma daudzveid\u012bbu un l\u012bdzsvaru. \u0160is produkts satur \u010detrus zin\u0101tniski p\u0113t\u012btus bakt\u0113riju celmus: <\/p>\n<ul>\n<li>\n<p><em>Lactobacillus rhamnosus<\/em><\/p>\n<\/li>\n<li>\n<p><em>Bifidobacterium lactis<\/em><\/p>\n<\/li>\n<li>\n<p><em>Lactobacillus reuteri<\/em><\/p>\n<\/li>\n<li>\n<p><em>Lactobacillus casei<\/em><\/p>\n<\/li>\n<\/ul>\n<p>Katr\u0101 kapsul\u0101 kopum\u0101 ir 5 miljardi dz\u012bvu bakt\u0113riju, kas ir piem\u0113rots daudzums ikdienas lieto\u0161anai pat jut\u012bgas gremo\u0161anas gad\u012bjum\u0101. Da\u017e\u0101di celmi darbojas da\u017e\u0101d\u0101s zarnu zon\u0101s un ir atlas\u012bti, \u0146emot v\u0113r\u0101 daudzpus\u012bbu un efektivit\u0101ti. Bakt\u0113rijas netiek pievienotas nejau\u0161i \u2013 katram celmam ir specifiskas \u012bpa\u0161\u012bbas, kas ir p\u0113t\u012btas un atlas\u012btas iek\u013cau\u0161anai produktos.  <\/p>\n<h3>Cinks \u2013 atbalsts im\u016bnsist\u0113mai<\/h3>\n<p>Papildus piensk\u0101bes bakt\u0113rij\u0101m produkts satur <strong>10 mg cinka<\/strong> , kas atbilst 100% no ieteicam\u0101s dienas devas. Cinks veicina norm\u0101lu im\u016bnsist\u0113mas darb\u012bbu un ir iesaist\u012bts ar\u012b \u0161\u016bnu aizsardz\u012bb\u0101 pret oksidat\u012bvo stresu. Cinka un mikrobioma mijiedarb\u012bba tiek arvien vair\u0101k p\u0113t\u012bta, jo ir atkl\u0101ts, ka pietiekams cinka l\u012bmenis var atbalst\u012bt ar\u012b zarnu aizsargmeh\u0101nismus.  <\/p>\n<h2>Piem\u0113rots ikdienas lieto\u0161anai<\/h2>\n<p><strong>Puhdas+ piensk\u0101bes bakt\u0113riju 5 miljardi<\/strong> ir piem\u0113rots cilv\u0113kiem, kuri v\u0113las:<\/p>\n<ul>\n<li>\n<p>R\u016bp\u0113jieties par savu gremo\u0161anu un mikrobioma l\u012bdzsvaru<\/p>\n<\/li>\n<li>\n<p>Stipriniet im\u016bnsist\u0113mu dabiski<\/p>\n<\/li>\n<li>\n<p>Mekl\u0113jat viegli panesamu produktu, kas nesatur alerg\u0113nus vai m\u0101ksl\u012bgas piedevas<\/p>\n<\/li>\n<li>\n<p>V\u0113laties atbalstu p\u0113c antibiotiku kursa vai gremo\u0161anas probl\u0113m\u0101m?<\/p>\n<\/li>\n<\/ul>\n<p>Pateicoties t\u012brajam sast\u0101vam (nesatur laktozi, glut\u0113nu, soju, raugu vai m\u0101ksl\u012bgas vielas), tas ir piem\u0113rots ar\u012b cilv\u0113kiem ar jut\u012bgu gremo\u0161anu un veg\u0101niem.<\/p>\n<h2>Sast\u0101vda\u013cas<\/h2>\n<ul>\n<li>\n<p>Piensk\u0101bes bakt\u0113riju mais\u012bjums ( <em>Lactobacillus rhamnosus<\/em> , <em>Bifidobacterium lactis<\/em> , <em>Lactobacillus reuteri<\/em> , <em>Lactobacillus casei<\/em> )<\/p>\n<\/li>\n<li>\n<p>Pildviela: mikrokrist\u0101lisk\u0101 celuloze<\/p>\n<\/li>\n<li>\n<p>Kapsulas apvalks: hidroksipropilmetilceluloze, gell\u0101na sve\u0137i<\/p>\n<\/li>\n<li>\n<p>Cinka citr\u0101ts<\/p>\n<\/li>\n<\/ul>\n<p>Produkts nesatur laktozi, glut\u0113nu, raugu, cukuru, s\u0101li, soju vai saldin\u0101t\u0101jus. Piem\u0113rots veg\u0101niem. <\/p>\n<h2>Uzturv\u0113rt\u012bba (1 kapsula)<\/h2>\n<ul>\n<li>\n<p><em>Lactobacillus rhamnosus<\/em> : 2,5 miljardi KVV<\/p>\n<\/li>\n<li>\n<p><em>Bifidobacterium lactis<\/em> : 1 miljards KVV<\/p>\n<\/li>\n<li>\n<p><em>Lactobacillus reuteri<\/em> : 0,5 miljardi KVV<\/p>\n<\/li>\n<li>\n<p><em>Lactobacillus casei<\/em> : 1 miljards CFU<\/p>\n<\/li>\n<li>\n<p>Cinks: 10 mg (100% no ieteicam\u0101s dienas devas)<\/p>\n<\/li>\n<\/ul>\n<h2>Lietojums<\/h2>\n<p>Ieteicam\u0101 deva: 1 kapsula dien\u0101. Ieteicamo dienas devu nedr\u012bkst p\u0101rsniegt. <\/p>\n<p>Uztura bag\u0101tin\u0101t\u0101js neaizst\u0101j daudzveid\u012bgu un sabalans\u0113tu uzturu vai vesel\u012bgu dz\u012bvesveidu. Sarg\u0101t no b\u0113rniem.<\/p>\n<p><strong>Skat\u012bt ar\u012b:<\/strong> <a href=\"https:\/\/puhdasplus.ee\/toote-kategooria\/seedimine-ja-ainevahetus\/\">Gremo\u0161ana un vielmai\u0146a<\/a> | <a href=\"https:\/\/puhdasplus.ee\/toote-kategooria\/superfood\/\">Superfood<\/a><\/p>\n","protected":false},"excerpt":{"rendered":"<p><strong>Puhdas+ piensk\u0101bes bakt\u0113rijas 5 miljardi<\/strong> ir uztura bag\u0101tin\u0101t\u0101js, kas paredz\u0113ts ikdienas lieto\u0161anai un pal\u012bdz atbalst\u012bt gremo\u0161anas mikrobioma l\u012bdzsvaru un norm\u0101lu im\u016bnsist\u0113mas darb\u012bbu. Produkts satur \u010detrus zin\u0101tniski p\u0113t\u012btus piensk\u0101bes bakt\u0113riju celmus, kas ir da\u013ca no dabisk\u0101s cilv\u0113ka zarnu mikrofloras. Katra kapsula satur kopum\u0101 5 miljardus dz\u012bvu bakt\u0113riju, kas ir atbilsto\u0161s daudzums jut\u012bg\u0101kai gremo\u0161anai vai uztur\u0113\u0161anas atbalsta nol\u016bkos.  <\/p>\n<p>Turkl\u0101t produkts satur 10 mg cinka, kas veicina norm\u0101lu im\u016bnsist\u0113mas darb\u012bbu un \u0161\u016bnu aizsardz\u012bbu pret oksidat\u012bvo stresu. \u0160\u012b kombin\u0101cija padara produktu par daudzpus\u012bgu atbalstu gan gremo\u0161anai, gan visp\u0101r\u0113jai labsaj\u016btai. <\/p>\n<p>Puhdas+ piensk\u0101bes bakt\u0113riju 5 miljardi ir ra\u017eots bez m\u0101ksl\u012bg\u0101m piedev\u0101m un nesatur laktozi, glut\u0113nu, raugu, soju vai saldin\u0101t\u0101jus. Piem\u0113rots veg\u0101niem un ir ide\u0101la izv\u0113le tiem, kas mekl\u0113 t\u012bru un efekt\u012bvu risin\u0101jumu ikdienas gremo\u0161anas un im\u016bnsist\u0113mas atbalstam. <\/p>\n","protected":false},"featured_media":353158,"comment_status":"closed","ping_status":"closed","template":"","meta":{"_acf_changed":false,"googlesitekit_rrm_CAow3eq7DA:productID":""},"product_brand":[],"product_cat":[3344],"product_tag":[8349,4059,3880,3041,8365,8322,8414,4904,8373,3206,2974],"class_list":{"0":"post-353151","1":"product","2":"type-product","3":"status-publish","4":"has-post-thumbnail","6":"product_cat-gremosana-un-vielmaina","7":"product_tag-bez-laktozes-lv","8":"product_tag-cinks","9":"product_tag-gremosana","10":"product_tag-imunitate","11":"product_tag-minerlvielas-lv","12":"product_tag-pienskbes-baktrijas-lv","13":"product_tag-probiotikas-alt","14":"product_tag-probiotikas-lv","15":"product_tag-somijas-kvalitte-lv","16":"product_tag-uztura-bagatinatajs","17":"product_tag-vegans","19":"first","20":"instock","21":"taxable","22":"shipping-taxable","23":"purchasable","24":"product-type-simple"},"acf":[],"yoast_head":"<!-- This site is optimized with the Yoast SEO plugin v27.3 - https:\/\/yoast.com\/product\/yoast-seo-wordpress\/ -->\n<title>Piensk\u0101bes bakt\u0113rijas 5 miljardi 75 kapsulas | Puhdas+<\/title>\n<meta name=\"description\" content=\"Efekt\u012bvs uztura bag\u0101tin\u0101t\u0101js ar piensk\u0101bes bakt\u0113rij\u0101m un cinku gremo\u0161anas un imunit\u0101tes atbalstam. 5 miljardi bakt\u0113riju vien\u0101 kapsul\u0101. Bez glut\u0113na, veg\u0101ns.\" \/>\n<meta name=\"robots\" content=\"index, follow, max-snippet:-1, max-image-preview:large, max-video-preview:-1\" \/>\n<link rel=\"canonical\" href=\"https:\/\/puhdasplus.ee\/lv\/produkti\/gremosana-un-vielmaina\/pienskabes-bakterijas-5-miljardi-75-kapsulas\/\" \/>\n<meta property=\"og:locale\" content=\"lv_LV\" \/>\n<meta property=\"og:type\" content=\"article\" \/>\n<meta property=\"og:title\" content=\"Piensk\u0101bes bakt\u0113rijas 5 miljardi 75 kapsulas | Puhdas+\" \/>\n<meta property=\"og:description\" content=\"Efekt\u012bvs uztura bag\u0101tin\u0101t\u0101js ar piensk\u0101bes bakt\u0113rij\u0101m un cinku gremo\u0161anas un imunit\u0101tes atbalstam. 5 miljardi bakt\u0113riju vien\u0101 kapsul\u0101. Bez glut\u0113na, veg\u0101ns.\" \/>\n<meta property=\"og:url\" content=\"https:\/\/puhdasplus.ee\/lv\/produkti\/gremosana-un-vielmaina\/pienskabes-bakterijas-5-miljardi-75-kapsulas\/\" \/>\n<meta property=\"og:site_name\" content=\"Puhdas+\" \/>\n<meta property=\"article:publisher\" content=\"https:\/\/www.facebook.com\/puhdasplus\" \/>\n<meta property=\"article:modified_time\" content=\"2026-04-07T17:06:06+00:00\" \/>\n<meta property=\"og:image\" content=\"https:\/\/puhdasplus.ee\/wp-content\/uploads\/2025\/03\/26.jpg\" \/>\n\t<meta property=\"og:image:width\" content=\"1862\" \/>\n\t<meta property=\"og:image:height\" content=\"2560\" \/>\n\t<meta property=\"og:image:type\" content=\"image\/jpeg\" \/>\n<meta name=\"twitter:card\" content=\"summary_large_image\" \/>\n<meta name=\"twitter:label1\" content=\"Est. reading time\" \/>\n\t<meta name=\"twitter:data1\" content=\"3 min\u016btes\" \/>\n<script type=\"application\/ld+json\" class=\"yoast-schema-graph\">{\"@context\":\"https:\\\/\\\/schema.org\",\"@graph\":[{\"@type\":\"WebPage\",\"@id\":\"https:\\\/\\\/puhdasplus.ee\\\/lv\\\/produkti\\\/gremosana-un-vielmaina\\\/pienskabes-bakterijas-5-miljardi-75-kapsulas\\\/\",\"url\":\"https:\\\/\\\/puhdasplus.ee\\\/lv\\\/produkti\\\/gremosana-un-vielmaina\\\/pienskabes-bakterijas-5-miljardi-75-kapsulas\\\/\",\"name\":\"Piensk\u0101bes bakt\u0113rijas 5 miljardi 75 kapsulas | Puhdas+\",\"isPartOf\":{\"@id\":\"https:\\\/\\\/puhdasplus.ee\\\/lv\\\/#website\"},\"primaryImageOfPage\":{\"@id\":\"https:\\\/\\\/puhdasplus.ee\\\/lv\\\/produkti\\\/gremosana-un-vielmaina\\\/pienskabes-bakterijas-5-miljardi-75-kapsulas\\\/#primaryimage\"},\"image\":{\"@id\":\"https:\\\/\\\/puhdasplus.ee\\\/lv\\\/produkti\\\/gremosana-un-vielmaina\\\/pienskabes-bakterijas-5-miljardi-75-kapsulas\\\/#primaryimage\"},\"thumbnailUrl\":\"https:\\\/\\\/puhdasplus.ee\\\/wp-content\\\/uploads\\\/2025\\\/03\\\/26.jpg\",\"datePublished\":\"2020-09-23T07:53:35+00:00\",\"dateModified\":\"2026-04-07T17:06:06+00:00\",\"description\":\"Efekt\u012bvs uztura bag\u0101tin\u0101t\u0101js ar piensk\u0101bes bakt\u0113rij\u0101m un cinku gremo\u0161anas un imunit\u0101tes atbalstam. 5 miljardi bakt\u0113riju vien\u0101 kapsul\u0101. Bez glut\u0113na, veg\u0101ns.\",\"breadcrumb\":{\"@id\":\"https:\\\/\\\/puhdasplus.ee\\\/lv\\\/produkti\\\/gremosana-un-vielmaina\\\/pienskabes-bakterijas-5-miljardi-75-kapsulas\\\/#breadcrumb\"},\"inLanguage\":\"lv-LV\",\"potentialAction\":[{\"@type\":\"ReadAction\",\"target\":[\"https:\\\/\\\/puhdasplus.ee\\\/lv\\\/produkti\\\/gremosana-un-vielmaina\\\/pienskabes-bakterijas-5-miljardi-75-kapsulas\\\/\"]}]},{\"@type\":\"ImageObject\",\"inLanguage\":\"lv-LV\",\"@id\":\"https:\\\/\\\/puhdasplus.ee\\\/lv\\\/produkti\\\/gremosana-un-vielmaina\\\/pienskabes-bakterijas-5-miljardi-75-kapsulas\\\/#primaryimage\",\"url\":\"https:\\\/\\\/puhdasplus.ee\\\/wp-content\\\/uploads\\\/2025\\\/03\\\/26.jpg\",\"contentUrl\":\"https:\\\/\\\/puhdasplus.ee\\\/wp-content\\\/uploads\\\/2025\\\/03\\\/26.jpg\",\"width\":1862,\"height\":2560,\"caption\":\"Piensk\u0101bes bakt\u0113rijas 10 miljardi 75 kapsulas\"},{\"@type\":\"BreadcrumbList\",\"@id\":\"https:\\\/\\\/puhdasplus.ee\\\/lv\\\/produkti\\\/gremosana-un-vielmaina\\\/pienskabes-bakterijas-5-miljardi-75-kapsulas\\\/#breadcrumb\",\"itemListElement\":[{\"@type\":\"ListItem\",\"position\":1,\"name\":\"S\u0101kums\",\"item\":\"https:\\\/\\\/puhdasplus.ee\\\/lv\\\/\"},{\"@type\":\"ListItem\",\"position\":2,\"name\":\"Produkti\",\"item\":\"https:\\\/\\\/puhdasplus.ee\\\/lv\\\/veikals\\\/\"},{\"@type\":\"ListItem\",\"position\":3,\"name\":\"Piensk\u0101bes bakt\u0113rijas 5 miljardi 75 kapsulas\"}]},{\"@type\":\"WebSite\",\"@id\":\"https:\\\/\\\/puhdasplus.ee\\\/lv\\\/#website\",\"url\":\"https:\\\/\\\/puhdasplus.ee\\\/lv\\\/\",\"name\":\"Puhdas+\",\"description\":\"Vitam\u012bni, uztura bag\u0101tin\u0101t\u0101ji, dab\u012bg\u0101 kosm\u0113tika, vesel\u012bba, sports\",\"publisher\":{\"@id\":\"https:\\\/\\\/puhdasplus.ee\\\/lv\\\/#organization\"},\"potentialAction\":[{\"@type\":\"SearchAction\",\"target\":{\"@type\":\"EntryPoint\",\"urlTemplate\":\"https:\\\/\\\/puhdasplus.ee\\\/lv\\\/?s={search_term_string}\"},\"query-input\":{\"@type\":\"PropertyValueSpecification\",\"valueRequired\":true,\"valueName\":\"search_term_string\"}}],\"inLanguage\":\"lv-LV\"},{\"@type\":\"Organization\",\"@id\":\"https:\\\/\\\/puhdasplus.ee\\\/lv\\\/#organization\",\"name\":\"Puhdas+\",\"alternateName\":\"Puhdasplus\",\"url\":\"https:\\\/\\\/puhdasplus.ee\\\/lv\\\/\",\"logo\":{\"@type\":\"ImageObject\",\"inLanguage\":\"lv-LV\",\"@id\":\"https:\\\/\\\/puhdasplus.ee\\\/lv\\\/#\\\/schema\\\/logo\\\/image\\\/\",\"url\":\"https:\\\/\\\/puhdasplus.ee\\\/wp-content\\\/uploads\\\/2019\\\/10\\\/puhdas_logo-arvele.png\",\"contentUrl\":\"https:\\\/\\\/puhdasplus.ee\\\/wp-content\\\/uploads\\\/2019\\\/10\\\/puhdas_logo-arvele.png\",\"width\":114,\"height\":94,\"caption\":\"Puhdas+\"},\"image\":{\"@id\":\"https:\\\/\\\/puhdasplus.ee\\\/lv\\\/#\\\/schema\\\/logo\\\/image\\\/\"},\"sameAs\":[\"https:\\\/\\\/www.facebook.com\\\/puhdasplus\",\"https:\\\/\\\/www.instagram.com\\\/puhdasplus_ee\\\/\"]}]}<\/script>\n<!-- \/ Yoast SEO plugin. -->","yoast_head_json":{"title":"Piensk\u0101bes bakt\u0113rijas 5 miljardi 75 kapsulas | Puhdas+","description":"Efekt\u012bvs uztura bag\u0101tin\u0101t\u0101js ar piensk\u0101bes bakt\u0113rij\u0101m un cinku gremo\u0161anas un imunit\u0101tes atbalstam. 5 miljardi bakt\u0113riju vien\u0101 kapsul\u0101. Bez glut\u0113na, veg\u0101ns.","robots":{"index":"index","follow":"follow","max-snippet":"max-snippet:-1","max-image-preview":"max-image-preview:large","max-video-preview":"max-video-preview:-1"},"canonical":"https:\/\/puhdasplus.ee\/lv\/produkti\/gremosana-un-vielmaina\/pienskabes-bakterijas-5-miljardi-75-kapsulas\/","og_locale":"lv_LV","og_type":"article","og_title":"Piensk\u0101bes bakt\u0113rijas 5 miljardi 75 kapsulas | Puhdas+","og_description":"Efekt\u012bvs uztura bag\u0101tin\u0101t\u0101js ar piensk\u0101bes bakt\u0113rij\u0101m un cinku gremo\u0161anas un imunit\u0101tes atbalstam. 5 miljardi bakt\u0113riju vien\u0101 kapsul\u0101. Bez glut\u0113na, veg\u0101ns.","og_url":"https:\/\/puhdasplus.ee\/lv\/produkti\/gremosana-un-vielmaina\/pienskabes-bakterijas-5-miljardi-75-kapsulas\/","og_site_name":"Puhdas+","article_publisher":"https:\/\/www.facebook.com\/puhdasplus","article_modified_time":"2026-04-07T17:06:06+00:00","og_image":[{"width":1862,"height":2560,"url":"https:\/\/puhdasplus.ee\/wp-content\/uploads\/2025\/03\/26.jpg","type":"image\/jpeg"}],"twitter_card":"summary_large_image","twitter_misc":{"Est. reading time":"3 min\u016btes"},"schema":{"@context":"https:\/\/schema.org","@graph":[{"@type":"WebPage","@id":"https:\/\/puhdasplus.ee\/lv\/produkti\/gremosana-un-vielmaina\/pienskabes-bakterijas-5-miljardi-75-kapsulas\/","url":"https:\/\/puhdasplus.ee\/lv\/produkti\/gremosana-un-vielmaina\/pienskabes-bakterijas-5-miljardi-75-kapsulas\/","name":"Piensk\u0101bes bakt\u0113rijas 5 miljardi 75 kapsulas | Puhdas+","isPartOf":{"@id":"https:\/\/puhdasplus.ee\/lv\/#website"},"primaryImageOfPage":{"@id":"https:\/\/puhdasplus.ee\/lv\/produkti\/gremosana-un-vielmaina\/pienskabes-bakterijas-5-miljardi-75-kapsulas\/#primaryimage"},"image":{"@id":"https:\/\/puhdasplus.ee\/lv\/produkti\/gremosana-un-vielmaina\/pienskabes-bakterijas-5-miljardi-75-kapsulas\/#primaryimage"},"thumbnailUrl":"https:\/\/puhdasplus.ee\/wp-content\/uploads\/2025\/03\/26.jpg","datePublished":"2020-09-23T07:53:35+00:00","dateModified":"2026-04-07T17:06:06+00:00","description":"Efekt\u012bvs uztura bag\u0101tin\u0101t\u0101js ar piensk\u0101bes bakt\u0113rij\u0101m un cinku gremo\u0161anas un imunit\u0101tes atbalstam. 5 miljardi bakt\u0113riju vien\u0101 kapsul\u0101. Bez glut\u0113na, veg\u0101ns.","breadcrumb":{"@id":"https:\/\/puhdasplus.ee\/lv\/produkti\/gremosana-un-vielmaina\/pienskabes-bakterijas-5-miljardi-75-kapsulas\/#breadcrumb"},"inLanguage":"lv-LV","potentialAction":[{"@type":"ReadAction","target":["https:\/\/puhdasplus.ee\/lv\/produkti\/gremosana-un-vielmaina\/pienskabes-bakterijas-5-miljardi-75-kapsulas\/"]}]},{"@type":"ImageObject","inLanguage":"lv-LV","@id":"https:\/\/puhdasplus.ee\/lv\/produkti\/gremosana-un-vielmaina\/pienskabes-bakterijas-5-miljardi-75-kapsulas\/#primaryimage","url":"https:\/\/puhdasplus.ee\/wp-content\/uploads\/2025\/03\/26.jpg","contentUrl":"https:\/\/puhdasplus.ee\/wp-content\/uploads\/2025\/03\/26.jpg","width":1862,"height":2560,"caption":"Piensk\u0101bes bakt\u0113rijas 10 miljardi 75 kapsulas"},{"@type":"BreadcrumbList","@id":"https:\/\/puhdasplus.ee\/lv\/produkti\/gremosana-un-vielmaina\/pienskabes-bakterijas-5-miljardi-75-kapsulas\/#breadcrumb","itemListElement":[{"@type":"ListItem","position":1,"name":"S\u0101kums","item":"https:\/\/puhdasplus.ee\/lv\/"},{"@type":"ListItem","position":2,"name":"Produkti","item":"https:\/\/puhdasplus.ee\/lv\/veikals\/"},{"@type":"ListItem","position":3,"name":"Piensk\u0101bes bakt\u0113rijas 5 miljardi 75 kapsulas"}]},{"@type":"WebSite","@id":"https:\/\/puhdasplus.ee\/lv\/#website","url":"https:\/\/puhdasplus.ee\/lv\/","name":"Puhdas+","description":"Vitam\u012bni, uztura bag\u0101tin\u0101t\u0101ji, dab\u012bg\u0101 kosm\u0113tika, vesel\u012bba, sports","publisher":{"@id":"https:\/\/puhdasplus.ee\/lv\/#organization"},"potentialAction":[{"@type":"SearchAction","target":{"@type":"EntryPoint","urlTemplate":"https:\/\/puhdasplus.ee\/lv\/?s={search_term_string}"},"query-input":{"@type":"PropertyValueSpecification","valueRequired":true,"valueName":"search_term_string"}}],"inLanguage":"lv-LV"},{"@type":"Organization","@id":"https:\/\/puhdasplus.ee\/lv\/#organization","name":"Puhdas+","alternateName":"Puhdasplus","url":"https:\/\/puhdasplus.ee\/lv\/","logo":{"@type":"ImageObject","inLanguage":"lv-LV","@id":"https:\/\/puhdasplus.ee\/lv\/#\/schema\/logo\/image\/","url":"https:\/\/puhdasplus.ee\/wp-content\/uploads\/2019\/10\/puhdas_logo-arvele.png","contentUrl":"https:\/\/puhdasplus.ee\/wp-content\/uploads\/2019\/10\/puhdas_logo-arvele.png","width":114,"height":94,"caption":"Puhdas+"},"image":{"@id":"https:\/\/puhdasplus.ee\/lv\/#\/schema\/logo\/image\/"},"sameAs":["https:\/\/www.facebook.com\/puhdasplus","https:\/\/www.instagram.com\/puhdasplus_ee\/"]}]}},"_yoast_wpseo_title":"Piensk\u0101bes bakt\u0113rijas 5 miljardi 75 kapsulas | Puhdas+","_yoast_wpseo_metadesc":"Efekt\u012bvs uztura bag\u0101tin\u0101t\u0101js ar piensk\u0101bes bakt\u0113rij\u0101m un cinku gremo\u0161anas un imunit\u0101tes atbalstam. 5 miljardi bakt\u0113riju vien\u0101 kapsul\u0101. Bez glut\u0113na, veg\u0101ns.","_yoast_wpseo_focuskw":"","_links":{"self":[{"href":"https:\/\/puhdasplus.ee\/lv\/wp-json\/wp\/v2\/product\/353151","targetHints":{"allow":["GET"]}}],"collection":[{"href":"https:\/\/puhdasplus.ee\/lv\/wp-json\/wp\/v2\/product"}],"about":[{"href":"https:\/\/puhdasplus.ee\/lv\/wp-json\/wp\/v2\/types\/product"}],"replies":[{"embeddable":true,"href":"https:\/\/puhdasplus.ee\/lv\/wp-json\/wp\/v2\/comments?post=353151"}],"wp:featuredmedia":[{"embeddable":true,"href":"https:\/\/puhdasplus.ee\/lv\/wp-json\/wp\/v2\/media\/353158"}],"wp:attachment":[{"href":"https:\/\/puhdasplus.ee\/lv\/wp-json\/wp\/v2\/media?parent=353151"}],"wp:term":[{"taxonomy":"product_brand","embeddable":true,"href":"https:\/\/puhdasplus.ee\/lv\/wp-json\/wp\/v2\/product_brand?post=353151"},{"taxonomy":"product_cat","embeddable":true,"href":"https:\/\/puhdasplus.ee\/lv\/wp-json\/wp\/v2\/product_cat?post=353151"},{"taxonomy":"product_tag","embeddable":true,"href":"https:\/\/puhdasplus.ee\/lv\/wp-json\/wp\/v2\/product_tag?post=353151"}],"curies":[{"name":"wp","href":"https:\/\/api.w.org\/{rel}","templated":true}]}}