{"id":353150,"date":"2019-12-06T08:12:00","date_gmt":"2019-12-06T06:12:00","guid":{"rendered":"https:\/\/puhdasplus.ee\/tooted\/uncategorized\/dzelzs-20-mg-b12-folskabe-c-vitamins-60-kapsulas\/"},"modified":"2026-04-28T21:55:09","modified_gmt":"2026-04-28T18:55:09","slug":"dzelzs-20-mg-b12-folskabe-c-vitamins-60-kapsulas","status":"publish","type":"product","link":"https:\/\/puhdasplus.ee\/lv\/produkti\/vitamini\/b-vitamins\/dzelzs-20-mg-b12-folskabe-c-vitamins-60-kapsulas\/","title":{"rendered":"Dzelzs 20 mg + B12 + folsk\u0101be + C vitam\u012bns 60 kapsulas"},"content":{"rendered":"<h2>Kas ir Puhdas+ dzelzs 20 mg + B12 + fol\u0101ts + C?<\/h2>\n<p>Puhdas+ Iron 20 mg + B12 + Folsk\u0101be + C vitam\u012bns ir daudzkomponentu uztura bag\u0101tin\u0101t\u0101js, kas apvieno dzelzi, B12 vitam\u012bnu, folsk\u0101bi un C vitam\u012bnu, atbalstot norm\u0101lu im\u016bnsist\u0113mas, nervu sist\u0113mas un asinsrites darb\u012bbu. Produkts satur dzelzi \u013coti labi uzs\u016bco\u0161a dzelzs bisglicin\u0101ta veid\u0101, kas ir draudz\u012bgs ku\u0146\u0123im un labi panesams. Turkl\u0101t tas satur bioakt\u012bvo Quatrefolic\u00ae folsk\u0101bi un C vitam\u012bnu, kas veicina dzelzs uzs\u016bk\u0161anos.  <\/p>\n<p>Dzelzs, B12 vitam\u012bna un C vitam\u012bna kombin\u0101cija veicina norm\u0101lu ener\u0123ijas metabolismu un noguruma un nesp\u0113ka mazin\u0101\u0161anu. Dzelzs un folsk\u0101be veicina norm\u0101lu asinsradi, sarkano asins\u0137ermen\u012b\u0161u un hemoglob\u012bna veido\u0161anos. C vitam\u012bns palielina dzelzs uzs\u016bk\u0161anos un veicina norm\u0101lu im\u016bnsist\u0113mas darb\u012bbu. B12 vitam\u012bns atbalsta nervu sist\u0113mu un psiholo\u0123isk\u0101s funkcijas.   <\/p>\n<h2>Kas padara \u0161o dzelzs piedevu \u012bpa\u0161u?<\/h2>\n<p>Puhdas+ dzelzs 20 mg + B12 + folsk\u0101be + C vitam\u012bns apvieno \u010detras svar\u012bgas uzturvielas: dzelzi (bisglicin\u0101ta veid\u0101), B12 vitam\u012bnu, folsk\u0101bi (Quatrefolic\u00ae) un C vitam\u012bnu. \u0160o vielu kombin\u0101cija atbalsta organisma funkcijas, kur\u0101m var b\u016bt nepiecie\u0161ams palielin\u0101ts dzelzs daudzums un asinsrades atbalsts, piem\u0113ram, noguruma vai akt\u012bva dz\u012bvesveida laik\u0101. <\/p>\n<h2>K\u0101 tas atbalsta \u0137ermeni un ener\u0123ijas l\u012bmeni?<\/h2>\n<p>Dzelzs veicina norm\u0101lu sk\u0101bek\u013ca transport\u0113\u0161anu organism\u0101 un atbalsta norm\u0101lu ener\u0123ijas metabolismu. Kop\u0101 ar B12 vitam\u012bnu un folsk\u0101bi tas veicina norm\u0101lu asinsradi*, savuk\u0101rt C vitam\u012bns palielina dzelzs uzs\u016bk\u0161anos*. \u0160\u012b kombin\u0101cija pal\u012bdz mazin\u0101t nogurumu un nesp\u0113ku* un atbalsta norm\u0101lu nervu sist\u0113mas darb\u012bbu.  <\/p>\n<h2>Vai tas ir draudz\u012bgs ku\u0146\u0123im?<\/h2>\n<p>J\u0101. Produkts satur dzelzi <b>bisglicin\u0101ta<\/b> veid\u0101, kas ir paz\u012bstams ar labu panesam\u012bbu sal\u012bdzin\u0101jum\u0101 ar tradicion\u0101laj\u0101m dzelzs form\u0101m. <\/p>\n<h2>Kam \u0161is produkts ir piem\u0113rots?<\/h2>\n<p>\u0160is uztura bag\u0101tin\u0101t\u0101js ir piem\u0113rots pieaugu\u0161ajiem, kuri v\u0113las atbalst\u012bt savu ener\u0123ijas l\u012bmeni, im\u016bnsist\u0113mu un norm\u0101lu asins funkciju. Tas ir piem\u0113rots ar\u012b veg\u0101niem un ve\u0123et\u0101rie\u0161iem. Tas var sniegt papildu atbalstu, kad tas nepiecie\u0161ams, piem\u0113ram, noguruma periodos vai akt\u012bva dz\u012bvesveida gad\u012bjum\u0101.  <\/p>\n<p>Produkts ir ra\u017eots Somij\u0101 un nesatur laktozi, glut\u0113nu, raugu, cukuru, soju vai saldin\u0101t\u0101jus. Piem\u0113rots veg\u0101niem.<\/p>\n<h2>K\u0101da ir ieteicam\u0101 pat\u0113ri\u0146a metode?<\/h2>\n<p><strong>Lieto\u0161anas instrukcija:<\/strong> Ieteicam\u0101 deva pieaugu\u0161ajiem ir 1 kapsula dien\u0101. Kapsula j\u0101norij, uzdzerot \u016bdeni. Ieteicamo dienas devu nedr\u012bkst p\u0101rsniegt. Uztura bag\u0101tin\u0101t\u0101js neaizst\u0101j daudzveid\u012bgu un sabalans\u0113tu uzturu vai vesel\u012bgu dz\u012bvesveidu. Sarg\u0101t no b\u0113rniem.<\/p>\n<h2>K\u0101das ir sast\u0101vda\u013cas un uzturv\u0113rt\u012bba?<\/h2>\n<p><strong>Sast\u0101vda\u013cas:<\/strong> L-askorb\u012bnsk\u0101be (C vitam\u012bns), dzelzs bisglicin\u0101ts, kapsulas apvalks (hidroksipropilmetilceluloze, gell\u0101na sve\u0137i), pildvielas (hidroksipropilmetilceluloze, mikrokrist\u0101lisk\u0101 celuloze), metilkobalam\u012bns (B12 vitam\u012bns), (6S)-5-metiltetrahidrofolsk\u0101bes glikozam\u012bna s\u0101ls (Quatrefolic\u00ae).<\/p>\n<p><strong>Uzturv\u0113rt\u012bba 1 kapsul\u0101:<\/strong><\/p>\n<ul>\n<li>\n<p>Dzelzs saturs: 20 mg (143% no ieteicam\u0101s dienas devas)<\/p>\n<\/li>\n<li>\n<p>C vitam\u012bns: 80 mg (100% no ieteicam\u0101s dienas devas)<\/p>\n<\/li>\n<li>\n<p>Fol\u0101tu saturs: 400 \u00b5g (200% no ieteicam\u0101s dienas devas)<\/p>\n<\/li>\n<li>\n<p>B12 vitam\u012bns: 2,5 \u00b5g (100% no ieteicam\u0101s dienas devas)<\/p>\n<\/li>\n<\/ul>\n<p>Iepakojum\u0101 ir 60 kapsulas, kas ir divu m\u0113ne\u0161u kr\u0101jums.<\/p>\n<h2>Vai produkts ir piem\u0113rots ar\u012b cilv\u0113kiem ar aler\u0123ij\u0101m un tiem, kas iev\u0113ro \u012bpa\u0161as di\u0113tas?<\/h2>\n<p>J\u0101! Produkts nesatur laktozi, glut\u0113nu, raugu, soju, cukuru vai m\u0101ksl\u012bgos saldin\u0101t\u0101jus. Piem\u0113rots ar\u012b veg\u0101niem. Ra\u017eots Somij\u0101, iev\u0113rojot augstus t\u012br\u012bbas standartus.   <\/p>\n<p><strong>Skat\u012bt ar\u012b:<\/strong> <a href=\"https:\/\/puhdasplus.ee\/toote-kategooria\/c-vitamiin\/\">C-vitamiin<\/a> | <a href=\"https:\/\/puhdasplus.ee\/toote-kategooria\/immuunsusteem\/\">Immuuns\u00fcsteem<\/a> | <a href=\"https:\/\/puhdasplus.ee\/toote-kategooria\/d-vitamiin\/\">D-vitamiin<\/a><\/p>\n","protected":false},"excerpt":{"rendered":"<p><strong>Puhdas+ Iron 20 mg + B12 + Folsk\u0101be + C<\/strong> ir ku\u0146\u0123im draudz\u012bgs ikdienas uztura bag\u0101tin\u0101t\u0101js. Tas satur \u013coti labi uzs\u016bcamu dzelzs bisglicin\u0101tu kop\u0101 ar C vitam\u012bnu, B12 vitam\u012bnu un folsk\u0101bi akt\u012bv\u0101 Quatrefolic\u00ae form\u0101. C vitam\u012bns veicina dzelzs uzs\u016bk\u0161anos, savuk\u0101rt folsk\u0101be un B12 vitam\u012bns atbalsta norm\u0101lu asinsradi.  <\/p>\n<p>Kapsulas ir t\u012bra sast\u0101va \u2013 bez m\u0101ksl\u012bg\u0101m piedev\u0101m, glut\u0113na vai laktozes \u2013 un ir piem\u0113rotas ar\u012b veg\u0101niem. Iepakojum\u0101 ir 60 kapsulas jeb divu m\u0113ne\u0161u deva ikdienas lieto\u0161anai. <\/p>\n<p>\n","protected":false},"featured_media":354663,"comment_status":"closed","ping_status":"closed","template":"","meta":{"_acf_changed":false,"googlesitekit_rrm_CAow3eq7DA:productID":""},"product_brand":[],"product_cat":[3207,6350,3066,3205],"product_tag":[9208,8349,3202,8540,8955,3041,8971,8365,8373,3206,2974,8369],"class_list":{"0":"post-353150","1":"product","2":"type-product","3":"status-publish","4":"has-post-thumbnail","6":"product_cat-b-vitamins","7":"product_cat-c-vitamins","8":"product_cat-imunsistema","9":"product_cat-vitamini","10":"product_tag-b12-vitamins-lv-tag","11":"product_tag-bez-laktozes","12":"product_tag-c-vitamins","13":"product_tag-dzelzs","14":"product_tag-folskabe-lv","15":"product_tag-imunitate","16":"product_tag-magnija-glicinats-lv","17":"product_tag-mineralvielas","18":"product_tag-somijas-kvalitte-lv","19":"product_tag-uztura-bagatinatajs","20":"product_tag-vegans","21":"product_tag-vitamini","23":"first","24":"instock","25":"taxable","26":"shipping-taxable","27":"purchasable","28":"product-type-simple"},"acf":[],"yoast_head":"<!-- This site is optimized with the Yoast SEO plugin v27.5 - https:\/\/yoast.com\/product\/yoast-seo-wordpress\/ -->\n<title>Dzelzs 20 mg + B12 + folsk\u0101be + C vitam\u012bns 60 kapsulas | Puhdas+<\/title>\n<meta name=\"description\" content=\"Dzelzs 20 mg + B12 + folsk\u0101be + C vitam\u012bns \u2013 efekt\u012bvs un \u0101tri uzs\u016bcas dzelzs bisglicin\u0101ts! Atbalsta ener\u0123ijas l\u012bmeni, asins vesel\u012bbu un imunit\u0101ti. Veg\u0101ns, bez glut\u0113na.\" \/>\n<meta name=\"robots\" content=\"index, follow, max-snippet:-1, max-image-preview:large, max-video-preview:-1\" \/>\n<link rel=\"canonical\" href=\"https:\/\/puhdasplus.ee\/lv\/produkti\/vitamini\/b-vitamins\/dzelzs-20-mg-b12-folskabe-c-vitamins-60-kapsulas\/\" \/>\n<meta property=\"og:locale\" content=\"lv_LV\" \/>\n<meta property=\"og:type\" content=\"article\" \/>\n<meta property=\"og:title\" content=\"Dzelzs 20 mg + B12 + folsk\u0101be + C vitam\u012bns 60 kapsulas | Puhdas+\" \/>\n<meta property=\"og:description\" content=\"Dzelzs 20 mg + B12 + folsk\u0101be + C vitam\u012bns \u2013 efekt\u012bvs un \u0101tri uzs\u016bcas dzelzs bisglicin\u0101ts! Atbalsta ener\u0123ijas l\u012bmeni, asins vesel\u012bbu un imunit\u0101ti. Veg\u0101ns, bez glut\u0113na.\" \/>\n<meta property=\"og:url\" content=\"https:\/\/puhdasplus.ee\/lv\/produkti\/vitamini\/b-vitamins\/dzelzs-20-mg-b12-folskabe-c-vitamins-60-kapsulas\/\" \/>\n<meta property=\"og:site_name\" content=\"Puhdas+\" \/>\n<meta property=\"article:publisher\" content=\"https:\/\/www.facebook.com\/puhdasplus\" \/>\n<meta property=\"article:modified_time\" content=\"2026-04-28T18:55:09+00:00\" \/>\n<meta property=\"og:image\" content=\"https:\/\/puhdasplus.ee\/wp-content\/uploads\/2019\/12\/tooted-ilma-taustata-scaled.jpg\" \/>\n\t<meta property=\"og:image:width\" content=\"1862\" \/>\n\t<meta property=\"og:image:height\" content=\"2560\" \/>\n\t<meta property=\"og:image:type\" content=\"image\/jpeg\" \/>\n<meta name=\"twitter:card\" content=\"summary_large_image\" \/>\n<meta name=\"twitter:label1\" content=\"Est. reading time\" \/>\n\t<meta name=\"twitter:data1\" content=\"3 min\u016btes\" \/>\n<script type=\"application\/ld+json\" class=\"yoast-schema-graph\">{\"@context\":\"https:\\\/\\\/schema.org\",\"@graph\":[{\"@type\":\"WebPage\",\"@id\":\"https:\\\/\\\/puhdasplus.ee\\\/lv\\\/produkti\\\/vitamini\\\/b-vitamins\\\/dzelzs-20-mg-b12-folskabe-c-vitamins-60-kapsulas\\\/\",\"url\":\"https:\\\/\\\/puhdasplus.ee\\\/lv\\\/produkti\\\/vitamini\\\/b-vitamins\\\/dzelzs-20-mg-b12-folskabe-c-vitamins-60-kapsulas\\\/\",\"name\":\"Dzelzs 20 mg + B12 + folsk\u0101be + C vitam\u012bns 60 kapsulas | Puhdas+\",\"isPartOf\":{\"@id\":\"https:\\\/\\\/puhdasplus.ee\\\/lv\\\/#website\"},\"primaryImageOfPage\":{\"@id\":\"https:\\\/\\\/puhdasplus.ee\\\/lv\\\/produkti\\\/vitamini\\\/b-vitamins\\\/dzelzs-20-mg-b12-folskabe-c-vitamins-60-kapsulas\\\/#primaryimage\"},\"image\":{\"@id\":\"https:\\\/\\\/puhdasplus.ee\\\/lv\\\/produkti\\\/vitamini\\\/b-vitamins\\\/dzelzs-20-mg-b12-folskabe-c-vitamins-60-kapsulas\\\/#primaryimage\"},\"thumbnailUrl\":\"https:\\\/\\\/puhdasplus.ee\\\/wp-content\\\/uploads\\\/2019\\\/12\\\/tooted-ilma-taustata-scaled.jpg\",\"datePublished\":\"2019-12-06T06:12:00+00:00\",\"dateModified\":\"2026-04-28T18:55:09+00:00\",\"description\":\"Dzelzs 20 mg + B12 + folsk\u0101be + C vitam\u012bns \u2013 efekt\u012bvs un \u0101tri uzs\u016bcas dzelzs bisglicin\u0101ts! Atbalsta ener\u0123ijas l\u012bmeni, asins vesel\u012bbu un imunit\u0101ti. Veg\u0101ns, bez glut\u0113na.\",\"breadcrumb\":{\"@id\":\"https:\\\/\\\/puhdasplus.ee\\\/lv\\\/produkti\\\/vitamini\\\/b-vitamins\\\/dzelzs-20-mg-b12-folskabe-c-vitamins-60-kapsulas\\\/#breadcrumb\"},\"inLanguage\":\"lv-LV\",\"potentialAction\":[{\"@type\":\"ReadAction\",\"target\":[\"https:\\\/\\\/puhdasplus.ee\\\/lv\\\/produkti\\\/vitamini\\\/b-vitamins\\\/dzelzs-20-mg-b12-folskabe-c-vitamins-60-kapsulas\\\/\"]}]},{\"@type\":\"ImageObject\",\"inLanguage\":\"lv-LV\",\"@id\":\"https:\\\/\\\/puhdasplus.ee\\\/lv\\\/produkti\\\/vitamini\\\/b-vitamins\\\/dzelzs-20-mg-b12-folskabe-c-vitamins-60-kapsulas\\\/#primaryimage\",\"url\":\"https:\\\/\\\/puhdasplus.ee\\\/wp-content\\\/uploads\\\/2019\\\/12\\\/tooted-ilma-taustata-scaled.jpg\",\"contentUrl\":\"https:\\\/\\\/puhdasplus.ee\\\/wp-content\\\/uploads\\\/2019\\\/12\\\/tooted-ilma-taustata-scaled.jpg\",\"width\":1862,\"height\":2560,\"caption\":\"Dzelzs 20 mg + B12 + folsk\u0101be + C vitam\u012bns 60 kapsulas\"},{\"@type\":\"BreadcrumbList\",\"@id\":\"https:\\\/\\\/puhdasplus.ee\\\/lv\\\/produkti\\\/vitamini\\\/b-vitamins\\\/dzelzs-20-mg-b12-folskabe-c-vitamins-60-kapsulas\\\/#breadcrumb\",\"itemListElement\":[{\"@type\":\"ListItem\",\"position\":1,\"name\":\"S\u0101kums\",\"item\":\"https:\\\/\\\/puhdasplus.ee\\\/lv\\\/\"},{\"@type\":\"ListItem\",\"position\":2,\"name\":\"Produkti\",\"item\":\"https:\\\/\\\/puhdasplus.ee\\\/lv\\\/veikals\\\/\"},{\"@type\":\"ListItem\",\"position\":3,\"name\":\"Dzelzs 20 mg + B12 + folsk\u0101be + C vitam\u012bns 60 kapsulas\"}]},{\"@type\":\"WebSite\",\"@id\":\"https:\\\/\\\/puhdasplus.ee\\\/lv\\\/#website\",\"url\":\"https:\\\/\\\/puhdasplus.ee\\\/lv\\\/\",\"name\":\"Puhdas+\",\"description\":\"Vitam\u012bni, uztura bag\u0101tin\u0101t\u0101ji, dab\u012bg\u0101 kosm\u0113tika, vesel\u012bba, sports\",\"publisher\":{\"@id\":\"https:\\\/\\\/puhdasplus.ee\\\/lv\\\/#organization\"},\"potentialAction\":[{\"@type\":\"SearchAction\",\"target\":{\"@type\":\"EntryPoint\",\"urlTemplate\":\"https:\\\/\\\/puhdasplus.ee\\\/lv\\\/?s={search_term_string}\"},\"query-input\":{\"@type\":\"PropertyValueSpecification\",\"valueRequired\":true,\"valueName\":\"search_term_string\"}}],\"inLanguage\":\"lv-LV\"},{\"@type\":\"Organization\",\"@id\":\"https:\\\/\\\/puhdasplus.ee\\\/lv\\\/#organization\",\"name\":\"Puhdas+\",\"alternateName\":\"Puhdasplus\",\"url\":\"https:\\\/\\\/puhdasplus.ee\\\/lv\\\/\",\"logo\":{\"@type\":\"ImageObject\",\"inLanguage\":\"lv-LV\",\"@id\":\"https:\\\/\\\/puhdasplus.ee\\\/lv\\\/#\\\/schema\\\/logo\\\/image\\\/\",\"url\":\"https:\\\/\\\/puhdasplus.ee\\\/wp-content\\\/uploads\\\/2019\\\/10\\\/puhdas_logo-arvele.png\",\"contentUrl\":\"https:\\\/\\\/puhdasplus.ee\\\/wp-content\\\/uploads\\\/2019\\\/10\\\/puhdas_logo-arvele.png\",\"width\":114,\"height\":94,\"caption\":\"Puhdas+\"},\"image\":{\"@id\":\"https:\\\/\\\/puhdasplus.ee\\\/lv\\\/#\\\/schema\\\/logo\\\/image\\\/\"},\"sameAs\":[\"https:\\\/\\\/www.facebook.com\\\/puhdasplus\",\"https:\\\/\\\/www.instagram.com\\\/puhdasplus_ee\\\/\"]}]}<\/script>\n<!-- \/ Yoast SEO plugin. -->","yoast_head_json":{"title":"Dzelzs 20 mg + B12 + folsk\u0101be + C vitam\u012bns 60 kapsulas | Puhdas+","description":"Dzelzs 20 mg + B12 + folsk\u0101be + C vitam\u012bns \u2013 efekt\u012bvs un \u0101tri uzs\u016bcas dzelzs bisglicin\u0101ts! Atbalsta ener\u0123ijas l\u012bmeni, asins vesel\u012bbu un imunit\u0101ti. Veg\u0101ns, bez glut\u0113na.","robots":{"index":"index","follow":"follow","max-snippet":"max-snippet:-1","max-image-preview":"max-image-preview:large","max-video-preview":"max-video-preview:-1"},"canonical":"https:\/\/puhdasplus.ee\/lv\/produkti\/vitamini\/b-vitamins\/dzelzs-20-mg-b12-folskabe-c-vitamins-60-kapsulas\/","og_locale":"lv_LV","og_type":"article","og_title":"Dzelzs 20 mg + B12 + folsk\u0101be + C vitam\u012bns 60 kapsulas | Puhdas+","og_description":"Dzelzs 20 mg + B12 + folsk\u0101be + C vitam\u012bns \u2013 efekt\u012bvs un \u0101tri uzs\u016bcas dzelzs bisglicin\u0101ts! Atbalsta ener\u0123ijas l\u012bmeni, asins vesel\u012bbu un imunit\u0101ti. Veg\u0101ns, bez glut\u0113na.","og_url":"https:\/\/puhdasplus.ee\/lv\/produkti\/vitamini\/b-vitamins\/dzelzs-20-mg-b12-folskabe-c-vitamins-60-kapsulas\/","og_site_name":"Puhdas+","article_publisher":"https:\/\/www.facebook.com\/puhdasplus","article_modified_time":"2026-04-28T18:55:09+00:00","og_image":[{"width":1862,"height":2560,"url":"https:\/\/puhdasplus.ee\/wp-content\/uploads\/2019\/12\/tooted-ilma-taustata-scaled.jpg","type":"image\/jpeg"}],"twitter_card":"summary_large_image","twitter_misc":{"Est. reading time":"3 min\u016btes"},"schema":{"@context":"https:\/\/schema.org","@graph":[{"@type":"WebPage","@id":"https:\/\/puhdasplus.ee\/lv\/produkti\/vitamini\/b-vitamins\/dzelzs-20-mg-b12-folskabe-c-vitamins-60-kapsulas\/","url":"https:\/\/puhdasplus.ee\/lv\/produkti\/vitamini\/b-vitamins\/dzelzs-20-mg-b12-folskabe-c-vitamins-60-kapsulas\/","name":"Dzelzs 20 mg + B12 + folsk\u0101be + C vitam\u012bns 60 kapsulas | Puhdas+","isPartOf":{"@id":"https:\/\/puhdasplus.ee\/lv\/#website"},"primaryImageOfPage":{"@id":"https:\/\/puhdasplus.ee\/lv\/produkti\/vitamini\/b-vitamins\/dzelzs-20-mg-b12-folskabe-c-vitamins-60-kapsulas\/#primaryimage"},"image":{"@id":"https:\/\/puhdasplus.ee\/lv\/produkti\/vitamini\/b-vitamins\/dzelzs-20-mg-b12-folskabe-c-vitamins-60-kapsulas\/#primaryimage"},"thumbnailUrl":"https:\/\/puhdasplus.ee\/wp-content\/uploads\/2019\/12\/tooted-ilma-taustata-scaled.jpg","datePublished":"2019-12-06T06:12:00+00:00","dateModified":"2026-04-28T18:55:09+00:00","description":"Dzelzs 20 mg + B12 + folsk\u0101be + C vitam\u012bns \u2013 efekt\u012bvs un \u0101tri uzs\u016bcas dzelzs bisglicin\u0101ts! Atbalsta ener\u0123ijas l\u012bmeni, asins vesel\u012bbu un imunit\u0101ti. Veg\u0101ns, bez glut\u0113na.","breadcrumb":{"@id":"https:\/\/puhdasplus.ee\/lv\/produkti\/vitamini\/b-vitamins\/dzelzs-20-mg-b12-folskabe-c-vitamins-60-kapsulas\/#breadcrumb"},"inLanguage":"lv-LV","potentialAction":[{"@type":"ReadAction","target":["https:\/\/puhdasplus.ee\/lv\/produkti\/vitamini\/b-vitamins\/dzelzs-20-mg-b12-folskabe-c-vitamins-60-kapsulas\/"]}]},{"@type":"ImageObject","inLanguage":"lv-LV","@id":"https:\/\/puhdasplus.ee\/lv\/produkti\/vitamini\/b-vitamins\/dzelzs-20-mg-b12-folskabe-c-vitamins-60-kapsulas\/#primaryimage","url":"https:\/\/puhdasplus.ee\/wp-content\/uploads\/2019\/12\/tooted-ilma-taustata-scaled.jpg","contentUrl":"https:\/\/puhdasplus.ee\/wp-content\/uploads\/2019\/12\/tooted-ilma-taustata-scaled.jpg","width":1862,"height":2560,"caption":"Dzelzs 20 mg + B12 + folsk\u0101be + C vitam\u012bns 60 kapsulas"},{"@type":"BreadcrumbList","@id":"https:\/\/puhdasplus.ee\/lv\/produkti\/vitamini\/b-vitamins\/dzelzs-20-mg-b12-folskabe-c-vitamins-60-kapsulas\/#breadcrumb","itemListElement":[{"@type":"ListItem","position":1,"name":"S\u0101kums","item":"https:\/\/puhdasplus.ee\/lv\/"},{"@type":"ListItem","position":2,"name":"Produkti","item":"https:\/\/puhdasplus.ee\/lv\/veikals\/"},{"@type":"ListItem","position":3,"name":"Dzelzs 20 mg + B12 + folsk\u0101be + C vitam\u012bns 60 kapsulas"}]},{"@type":"WebSite","@id":"https:\/\/puhdasplus.ee\/lv\/#website","url":"https:\/\/puhdasplus.ee\/lv\/","name":"Puhdas+","description":"Vitam\u012bni, uztura bag\u0101tin\u0101t\u0101ji, dab\u012bg\u0101 kosm\u0113tika, vesel\u012bba, sports","publisher":{"@id":"https:\/\/puhdasplus.ee\/lv\/#organization"},"potentialAction":[{"@type":"SearchAction","target":{"@type":"EntryPoint","urlTemplate":"https:\/\/puhdasplus.ee\/lv\/?s={search_term_string}"},"query-input":{"@type":"PropertyValueSpecification","valueRequired":true,"valueName":"search_term_string"}}],"inLanguage":"lv-LV"},{"@type":"Organization","@id":"https:\/\/puhdasplus.ee\/lv\/#organization","name":"Puhdas+","alternateName":"Puhdasplus","url":"https:\/\/puhdasplus.ee\/lv\/","logo":{"@type":"ImageObject","inLanguage":"lv-LV","@id":"https:\/\/puhdasplus.ee\/lv\/#\/schema\/logo\/image\/","url":"https:\/\/puhdasplus.ee\/wp-content\/uploads\/2019\/10\/puhdas_logo-arvele.png","contentUrl":"https:\/\/puhdasplus.ee\/wp-content\/uploads\/2019\/10\/puhdas_logo-arvele.png","width":114,"height":94,"caption":"Puhdas+"},"image":{"@id":"https:\/\/puhdasplus.ee\/lv\/#\/schema\/logo\/image\/"},"sameAs":["https:\/\/www.facebook.com\/puhdasplus","https:\/\/www.instagram.com\/puhdasplus_ee\/"]}]}},"_yoast_wpseo_title":"Dzelzs 20 mg + B12 + folsk\u0101be + C vitam\u012bns 60 kapsulas | Puhdas+","_yoast_wpseo_metadesc":"Dzelzs 20 mg + B12 + folsk\u0101be + C vitam\u012bns \u2013 efekt\u012bvs un \u0101tri uzs\u016bcas dzelzs bisglicin\u0101ts! Atbalsta ener\u0123ijas l\u012bmeni, asins vesel\u012bbu un imunit\u0101ti. Veg\u0101ns, bez glut\u0113na.","_yoast_wpseo_focuskw":"","_links":{"self":[{"href":"https:\/\/puhdasplus.ee\/lv\/wp-json\/wp\/v2\/product\/353150","targetHints":{"allow":["GET"]}}],"collection":[{"href":"https:\/\/puhdasplus.ee\/lv\/wp-json\/wp\/v2\/product"}],"about":[{"href":"https:\/\/puhdasplus.ee\/lv\/wp-json\/wp\/v2\/types\/product"}],"replies":[{"embeddable":true,"href":"https:\/\/puhdasplus.ee\/lv\/wp-json\/wp\/v2\/comments?post=353150"}],"wp:featuredmedia":[{"embeddable":true,"href":"https:\/\/puhdasplus.ee\/lv\/wp-json\/wp\/v2\/media\/354663"}],"wp:attachment":[{"href":"https:\/\/puhdasplus.ee\/lv\/wp-json\/wp\/v2\/media?parent=353150"}],"wp:term":[{"taxonomy":"product_brand","embeddable":true,"href":"https:\/\/puhdasplus.ee\/lv\/wp-json\/wp\/v2\/product_brand?post=353150"},{"taxonomy":"product_cat","embeddable":true,"href":"https:\/\/puhdasplus.ee\/lv\/wp-json\/wp\/v2\/product_cat?post=353150"},{"taxonomy":"product_tag","embeddable":true,"href":"https:\/\/puhdasplus.ee\/lv\/wp-json\/wp\/v2\/product_tag?post=353150"}],"curies":[{"name":"wp","href":"https:\/\/api.w.org\/{rel}","templated":true}]}}