{"id":353133,"date":"2020-07-17T22:16:36","date_gmt":"2020-07-17T19:16:36","guid":{"rendered":"https:\/\/puhdasplus.ee\/tooted\/uncategorized\/hlorella-un-spirulina-500-mg-300-kapsulas\/"},"modified":"2026-04-07T19:57:43","modified_gmt":"2026-04-07T16:57:43","slug":"hlorella-un-spirulina-500-mg-300-kapsulas","status":"publish","type":"product","link":"https:\/\/puhdasplus.ee\/lv\/produkti\/ada-mati-nagi\/hlorella-un-spirulina-500-mg-300-kapsulas\/","title":{"rendered":"Hlorella un spirul\u012bna 500 mg 300 kapsulas"},"content":{"rendered":"<h2>Kas ir Puhdas+ hlorella un spirul\u012bna?<\/h2>\n<p>Puhdas+ Premium Chlorella &amp; Spirulina vien\u0101 tablet\u0113 apvieno divas bar\u012bbas viel\u0101m bag\u0101tas mikroa\u013c\u0123es \u2013 hlorellu un spirul\u012bnu. Abas tiek v\u0113rt\u0113tas to augst\u0101 olbaltumvielu, vitam\u012bnu un miner\u0101lvielu satura d\u0113\u013c un ir paz\u012bstamas k\u0101 super\u0113diens. Produkts ir 100% bez piedev\u0101m, nesatur konservantus, kr\u0101svielas vai saldin\u0101t\u0101jus un ir piem\u0113rots veg\u0101niem. Ra\u017eots Somij\u0101 atbilsto\u0161i augstiem kvalit\u0101tes standartiem.   <\/p>\n<h2>K\u0101p\u0113c Puhdas+ hlorella un spirul\u012bna?<\/h2>\n<ul>\n<li style=\"list-style-type: none;\">\n<ul>\n<li>Divas bar\u012bbas viel\u0101m bag\u0101tas mikroa\u013c\u0123es vien\u0101 tablet\u0113<\/li>\n<li>100% t\u012bra un bez piedev\u0101m veidota formula<\/li>\n<li>Piem\u0113rots veg\u0101niem un ve\u0123et\u0101rie\u0161iem<\/li>\n<\/ul>\n<\/li>\n<\/ul>\n<h2>Sast\u0101vda\u013cas<\/h2>\n<ul>\n<li><strong>Hlorella<\/strong><\/li>\n<li><strong>Spirul\u012bna<\/strong><\/li>\n<li>Produkts nesatur laktozi, glut\u0113nu, raugu, cukuru, s\u0101li, cieti, kukur\u016bzu, soju vai saldin\u0101t\u0101jus. Piem\u0113rots veg\u0101niem.<\/li>\n<\/ul>\n<h2>Uzturv\u0113rt\u012bba (4 tabletes)<\/h2>\n<ul>\n<li><strong>Spirul\u012bna<\/strong>: 1000 mg<\/li>\n<li><strong>Hlorella<\/strong>: 1000 mg<\/li>\n<\/ul>\n<h2>Lietojums<\/h2>\n<p>Pieaugu\u0161ajiem: 4\u20138 tabletes dien\u0101. Ieteicamo dienas devu nedr\u012bkst p\u0101rsniegt. Uztura bag\u0101tin\u0101t\u0101js neaizst\u0101j daudzveid\u012bgu un sabalans\u0113tu uzturu vai vesel\u012bgu dz\u012bvesveidu. Uzglab\u0101t b\u0113rniem nepieejam\u0101 viet\u0101.<\/p>\n<p><strong>Skat\u012bt ar\u012b:<\/strong> <a href=\"https:\/\/puhdasplus.ee\/toote-kategooria\/nahk-juuksed-kuuned\/\">\u0100da, mati, nagi<\/a> | <a href=\"https:\/\/puhdasplus.ee\/toote-kategooria\/seedimine-ja-ainevahetus\/\">Gremo\u0161ana un vielmai\u0146a<\/a> | <a href=\"https:\/\/puhdasplus.ee\/toote-kategooria\/superfood\/\">Superprodukti<\/a><\/p>\n","protected":false},"excerpt":{"rendered":"<p><strong>Dab\u012bgs un bez piedev\u0101m uztura bag\u0101tin\u0101t\u0101js, kas apvieno divas bar\u012bbas viel\u0101m bag\u0101tas a\u013c\u0123u sugas: hlorellu un spirul\u012bnu.<\/strong>  \u0160\u012bs a\u013c\u0123es tiek v\u0113rt\u0113tas to \u0101rk\u0101rt\u012bgi augst\u0101 olbaltumvielu, vitam\u012bnu un miner\u0101lvielu satura d\u0113\u013c un ir paz\u012bstamas k\u0101 dab\u012bgs super\u0113diens.<\/p>\n<p><strong>Spirul\u012bna<\/strong> ir lielisks augu izcelsmes olbaltumvielu avots, kas nodro\u0161ina vair\u0101k nek\u0101 60% viegli sagremojamu olbaltumvielu ar neaizvietojam\u0101m aminosk\u0101b\u0113m. T\u0101 satur ar\u012b da\u017e\u0101dus vitam\u012bnus un miner\u0101lvielas, tostarp B vitam\u012bnus, beta-karot\u012bnu, E vitam\u012bnu un mikroelementus, piem\u0113ram, cinku, varu, dzelzi un sel\u0113nu. <\/p>\n<p><strong>Hlorella<\/strong> izce\u013cas ar bag\u0101t\u012bgu hlorofila saturu un satur ar\u012b da\u017e\u0101dus vitam\u012bnus, miner\u0101lvielas un aminosk\u0101bes.<\/p>\n<p><strong>Puhdas+ Chlorella &amp; Spirulina<\/strong> ir 100% bez piedev\u0101m un piem\u0113rots veg\u0101niem un ikvienam, kas mekl\u0113 t\u012bru un dab\u012bgu uztura bag\u0101tin\u0101t\u0101ju, lai papildin\u0101tu savu ikdienas uzturu.<\/p>\n<p>Regul\u0101ra lieto\u0161ana ir \u0113rts veids, k\u0101 palielin\u0101t olbaltumvielu, vitam\u012bnu un miner\u0101lvielu uz\u0146em\u0161anu un dabisk\u0101 veid\u0101 bag\u0101tin\u0101t ikdienas \u0113dienkarti.<\/p>\n","protected":false},"featured_media":353144,"comment_status":"closed","ping_status":"closed","template":"","meta":{"_acf_changed":false,"googlesitekit_rrm_CAow3eq7DA:productID":""},"product_brand":[],"product_cat":[3296,3344],"product_tag":[5886,8349,8377,8373,3043,3206,2974,8369],"class_list":{"0":"post-353133","1":"product","2":"type-product","3":"status-publish","4":"has-post-thumbnail","6":"product_cat-ada-mati-nagi","7":"product_cat-gremosana-un-vielmaina","8":"product_tag-b-vitamini","9":"product_tag-bez-laktozes-lv","10":"product_tag-dabgs-lv","11":"product_tag-somijas-kvalitte-lv","12":"product_tag-superediens","13":"product_tag-uztura-bagatinatajs","14":"product_tag-vegans","15":"product_tag-vitamni-lv","17":"first","18":"instock","19":"featured","20":"taxable","21":"shipping-taxable","22":"purchasable","23":"product-type-simple"},"acf":[],"yoast_head":"<!-- This site is optimized with the Yoast SEO plugin v27.3 - https:\/\/yoast.com\/product\/yoast-seo-wordpress\/ -->\n<title>Hlorella un spirul\u012bna 500 mg 300 kapsulas | Puhdas+<\/title>\n<meta name=\"description\" content=\"Hlorella un spirul\u012bna 500 mg \u2014 divas uzturviel\u0101m bag\u0101tas a\u013c\u0123es vien\u0101 kapsul\u0101. Dabisks B grupas vitam\u012bnu, dzelzs un hlorofila avots. 300 kapsulas.\" \/>\n<meta name=\"robots\" content=\"index, follow, max-snippet:-1, max-image-preview:large, max-video-preview:-1\" \/>\n<link rel=\"canonical\" href=\"https:\/\/puhdasplus.ee\/lv\/produkti\/ada-mati-nagi\/hlorella-un-spirulina-500-mg-300-kapsulas\/\" \/>\n<meta property=\"og:locale\" content=\"lv_LV\" \/>\n<meta property=\"og:type\" content=\"article\" \/>\n<meta property=\"og:title\" content=\"Hlorella un spirul\u012bna 500 mg 300 kapsulas | Puhdas+\" \/>\n<meta property=\"og:description\" content=\"Hlorella un spirul\u012bna 500 mg \u2014 divas uzturviel\u0101m bag\u0101tas a\u013c\u0123es vien\u0101 kapsul\u0101. Dabisks B grupas vitam\u012bnu, dzelzs un hlorofila avots. 300 kapsulas.\" \/>\n<meta property=\"og:url\" content=\"https:\/\/puhdasplus.ee\/lv\/produkti\/ada-mati-nagi\/hlorella-un-spirulina-500-mg-300-kapsulas\/\" \/>\n<meta property=\"og:site_name\" content=\"Puhdas+\" \/>\n<meta property=\"article:publisher\" content=\"https:\/\/www.facebook.com\/puhdasplus\" \/>\n<meta property=\"article:modified_time\" content=\"2026-04-07T16:57:43+00:00\" \/>\n<meta property=\"og:image\" content=\"https:\/\/puhdasplus.ee\/wp-content\/uploads\/2025\/03\/20.jpg\" \/>\n\t<meta property=\"og:image:width\" content=\"1862\" \/>\n\t<meta property=\"og:image:height\" content=\"2560\" \/>\n\t<meta property=\"og:image:type\" content=\"image\/jpeg\" \/>\n<meta name=\"twitter:card\" content=\"summary_large_image\" \/>\n<meta name=\"twitter:label1\" content=\"Est. reading time\" \/>\n\t<meta name=\"twitter:data1\" content=\"1 minute\" \/>\n<script type=\"application\/ld+json\" class=\"yoast-schema-graph\">{\"@context\":\"https:\\\/\\\/schema.org\",\"@graph\":[{\"@type\":\"WebPage\",\"@id\":\"https:\\\/\\\/puhdasplus.ee\\\/lv\\\/produkti\\\/ada-mati-nagi\\\/hlorella-un-spirulina-500-mg-300-kapsulas\\\/\",\"url\":\"https:\\\/\\\/puhdasplus.ee\\\/lv\\\/produkti\\\/ada-mati-nagi\\\/hlorella-un-spirulina-500-mg-300-kapsulas\\\/\",\"name\":\"Hlorella un spirul\u012bna 500 mg 300 kapsulas | Puhdas+\",\"isPartOf\":{\"@id\":\"https:\\\/\\\/puhdasplus.ee\\\/lv\\\/#website\"},\"primaryImageOfPage\":{\"@id\":\"https:\\\/\\\/puhdasplus.ee\\\/lv\\\/produkti\\\/ada-mati-nagi\\\/hlorella-un-spirulina-500-mg-300-kapsulas\\\/#primaryimage\"},\"image\":{\"@id\":\"https:\\\/\\\/puhdasplus.ee\\\/lv\\\/produkti\\\/ada-mati-nagi\\\/hlorella-un-spirulina-500-mg-300-kapsulas\\\/#primaryimage\"},\"thumbnailUrl\":\"https:\\\/\\\/puhdasplus.ee\\\/wp-content\\\/uploads\\\/2025\\\/03\\\/20.jpg\",\"datePublished\":\"2020-07-17T19:16:36+00:00\",\"dateModified\":\"2026-04-07T16:57:43+00:00\",\"description\":\"Hlorella un spirul\u012bna 500 mg \u2014 divas uzturviel\u0101m bag\u0101tas a\u013c\u0123es vien\u0101 kapsul\u0101. Dabisks B grupas vitam\u012bnu, dzelzs un hlorofila avots. 300 kapsulas.\",\"breadcrumb\":{\"@id\":\"https:\\\/\\\/puhdasplus.ee\\\/lv\\\/produkti\\\/ada-mati-nagi\\\/hlorella-un-spirulina-500-mg-300-kapsulas\\\/#breadcrumb\"},\"inLanguage\":\"lv-LV\",\"potentialAction\":[{\"@type\":\"ReadAction\",\"target\":[\"https:\\\/\\\/puhdasplus.ee\\\/lv\\\/produkti\\\/ada-mati-nagi\\\/hlorella-un-spirulina-500-mg-300-kapsulas\\\/\"]}]},{\"@type\":\"ImageObject\",\"inLanguage\":\"lv-LV\",\"@id\":\"https:\\\/\\\/puhdasplus.ee\\\/lv\\\/produkti\\\/ada-mati-nagi\\\/hlorella-un-spirulina-500-mg-300-kapsulas\\\/#primaryimage\",\"url\":\"https:\\\/\\\/puhdasplus.ee\\\/wp-content\\\/uploads\\\/2025\\\/03\\\/20.jpg\",\"contentUrl\":\"https:\\\/\\\/puhdasplus.ee\\\/wp-content\\\/uploads\\\/2025\\\/03\\\/20.jpg\",\"width\":1862,\"height\":2560,\"caption\":\"Hlorella un spirul\u012bna 500 mg 300 kapsulas\"},{\"@type\":\"BreadcrumbList\",\"@id\":\"https:\\\/\\\/puhdasplus.ee\\\/lv\\\/produkti\\\/ada-mati-nagi\\\/hlorella-un-spirulina-500-mg-300-kapsulas\\\/#breadcrumb\",\"itemListElement\":[{\"@type\":\"ListItem\",\"position\":1,\"name\":\"S\u0101kums\",\"item\":\"https:\\\/\\\/puhdasplus.ee\\\/lv\\\/\"},{\"@type\":\"ListItem\",\"position\":2,\"name\":\"Produkti\",\"item\":\"https:\\\/\\\/puhdasplus.ee\\\/lv\\\/veikals\\\/\"},{\"@type\":\"ListItem\",\"position\":3,\"name\":\"Hlorella un spirul\u012bna 500 mg 300 kapsulas\"}]},{\"@type\":\"WebSite\",\"@id\":\"https:\\\/\\\/puhdasplus.ee\\\/lv\\\/#website\",\"url\":\"https:\\\/\\\/puhdasplus.ee\\\/lv\\\/\",\"name\":\"Puhdas+\",\"description\":\"Vitam\u012bni, uztura bag\u0101tin\u0101t\u0101ji, dab\u012bg\u0101 kosm\u0113tika, vesel\u012bba, sports\",\"publisher\":{\"@id\":\"https:\\\/\\\/puhdasplus.ee\\\/lv\\\/#organization\"},\"potentialAction\":[{\"@type\":\"SearchAction\",\"target\":{\"@type\":\"EntryPoint\",\"urlTemplate\":\"https:\\\/\\\/puhdasplus.ee\\\/lv\\\/?s={search_term_string}\"},\"query-input\":{\"@type\":\"PropertyValueSpecification\",\"valueRequired\":true,\"valueName\":\"search_term_string\"}}],\"inLanguage\":\"lv-LV\"},{\"@type\":\"Organization\",\"@id\":\"https:\\\/\\\/puhdasplus.ee\\\/lv\\\/#organization\",\"name\":\"Puhdas+\",\"alternateName\":\"Puhdasplus\",\"url\":\"https:\\\/\\\/puhdasplus.ee\\\/lv\\\/\",\"logo\":{\"@type\":\"ImageObject\",\"inLanguage\":\"lv-LV\",\"@id\":\"https:\\\/\\\/puhdasplus.ee\\\/lv\\\/#\\\/schema\\\/logo\\\/image\\\/\",\"url\":\"https:\\\/\\\/puhdasplus.ee\\\/wp-content\\\/uploads\\\/2019\\\/10\\\/puhdas_logo-arvele.png\",\"contentUrl\":\"https:\\\/\\\/puhdasplus.ee\\\/wp-content\\\/uploads\\\/2019\\\/10\\\/puhdas_logo-arvele.png\",\"width\":114,\"height\":94,\"caption\":\"Puhdas+\"},\"image\":{\"@id\":\"https:\\\/\\\/puhdasplus.ee\\\/lv\\\/#\\\/schema\\\/logo\\\/image\\\/\"},\"sameAs\":[\"https:\\\/\\\/www.facebook.com\\\/puhdasplus\",\"https:\\\/\\\/www.instagram.com\\\/puhdasplus_ee\\\/\"]}]}<\/script>\n<!-- \/ Yoast SEO plugin. -->","yoast_head_json":{"title":"Hlorella un spirul\u012bna 500 mg 300 kapsulas | Puhdas+","description":"Hlorella un spirul\u012bna 500 mg \u2014 divas uzturviel\u0101m bag\u0101tas a\u013c\u0123es vien\u0101 kapsul\u0101. Dabisks B grupas vitam\u012bnu, dzelzs un hlorofila avots. 300 kapsulas.","robots":{"index":"index","follow":"follow","max-snippet":"max-snippet:-1","max-image-preview":"max-image-preview:large","max-video-preview":"max-video-preview:-1"},"canonical":"https:\/\/puhdasplus.ee\/lv\/produkti\/ada-mati-nagi\/hlorella-un-spirulina-500-mg-300-kapsulas\/","og_locale":"lv_LV","og_type":"article","og_title":"Hlorella un spirul\u012bna 500 mg 300 kapsulas | Puhdas+","og_description":"Hlorella un spirul\u012bna 500 mg \u2014 divas uzturviel\u0101m bag\u0101tas a\u013c\u0123es vien\u0101 kapsul\u0101. Dabisks B grupas vitam\u012bnu, dzelzs un hlorofila avots. 300 kapsulas.","og_url":"https:\/\/puhdasplus.ee\/lv\/produkti\/ada-mati-nagi\/hlorella-un-spirulina-500-mg-300-kapsulas\/","og_site_name":"Puhdas+","article_publisher":"https:\/\/www.facebook.com\/puhdasplus","article_modified_time":"2026-04-07T16:57:43+00:00","og_image":[{"width":1862,"height":2560,"url":"https:\/\/puhdasplus.ee\/wp-content\/uploads\/2025\/03\/20.jpg","type":"image\/jpeg"}],"twitter_card":"summary_large_image","twitter_misc":{"Est. reading time":"1 minute"},"schema":{"@context":"https:\/\/schema.org","@graph":[{"@type":"WebPage","@id":"https:\/\/puhdasplus.ee\/lv\/produkti\/ada-mati-nagi\/hlorella-un-spirulina-500-mg-300-kapsulas\/","url":"https:\/\/puhdasplus.ee\/lv\/produkti\/ada-mati-nagi\/hlorella-un-spirulina-500-mg-300-kapsulas\/","name":"Hlorella un spirul\u012bna 500 mg 300 kapsulas | Puhdas+","isPartOf":{"@id":"https:\/\/puhdasplus.ee\/lv\/#website"},"primaryImageOfPage":{"@id":"https:\/\/puhdasplus.ee\/lv\/produkti\/ada-mati-nagi\/hlorella-un-spirulina-500-mg-300-kapsulas\/#primaryimage"},"image":{"@id":"https:\/\/puhdasplus.ee\/lv\/produkti\/ada-mati-nagi\/hlorella-un-spirulina-500-mg-300-kapsulas\/#primaryimage"},"thumbnailUrl":"https:\/\/puhdasplus.ee\/wp-content\/uploads\/2025\/03\/20.jpg","datePublished":"2020-07-17T19:16:36+00:00","dateModified":"2026-04-07T16:57:43+00:00","description":"Hlorella un spirul\u012bna 500 mg \u2014 divas uzturviel\u0101m bag\u0101tas a\u013c\u0123es vien\u0101 kapsul\u0101. Dabisks B grupas vitam\u012bnu, dzelzs un hlorofila avots. 300 kapsulas.","breadcrumb":{"@id":"https:\/\/puhdasplus.ee\/lv\/produkti\/ada-mati-nagi\/hlorella-un-spirulina-500-mg-300-kapsulas\/#breadcrumb"},"inLanguage":"lv-LV","potentialAction":[{"@type":"ReadAction","target":["https:\/\/puhdasplus.ee\/lv\/produkti\/ada-mati-nagi\/hlorella-un-spirulina-500-mg-300-kapsulas\/"]}]},{"@type":"ImageObject","inLanguage":"lv-LV","@id":"https:\/\/puhdasplus.ee\/lv\/produkti\/ada-mati-nagi\/hlorella-un-spirulina-500-mg-300-kapsulas\/#primaryimage","url":"https:\/\/puhdasplus.ee\/wp-content\/uploads\/2025\/03\/20.jpg","contentUrl":"https:\/\/puhdasplus.ee\/wp-content\/uploads\/2025\/03\/20.jpg","width":1862,"height":2560,"caption":"Hlorella un spirul\u012bna 500 mg 300 kapsulas"},{"@type":"BreadcrumbList","@id":"https:\/\/puhdasplus.ee\/lv\/produkti\/ada-mati-nagi\/hlorella-un-spirulina-500-mg-300-kapsulas\/#breadcrumb","itemListElement":[{"@type":"ListItem","position":1,"name":"S\u0101kums","item":"https:\/\/puhdasplus.ee\/lv\/"},{"@type":"ListItem","position":2,"name":"Produkti","item":"https:\/\/puhdasplus.ee\/lv\/veikals\/"},{"@type":"ListItem","position":3,"name":"Hlorella un spirul\u012bna 500 mg 300 kapsulas"}]},{"@type":"WebSite","@id":"https:\/\/puhdasplus.ee\/lv\/#website","url":"https:\/\/puhdasplus.ee\/lv\/","name":"Puhdas+","description":"Vitam\u012bni, uztura bag\u0101tin\u0101t\u0101ji, dab\u012bg\u0101 kosm\u0113tika, vesel\u012bba, sports","publisher":{"@id":"https:\/\/puhdasplus.ee\/lv\/#organization"},"potentialAction":[{"@type":"SearchAction","target":{"@type":"EntryPoint","urlTemplate":"https:\/\/puhdasplus.ee\/lv\/?s={search_term_string}"},"query-input":{"@type":"PropertyValueSpecification","valueRequired":true,"valueName":"search_term_string"}}],"inLanguage":"lv-LV"},{"@type":"Organization","@id":"https:\/\/puhdasplus.ee\/lv\/#organization","name":"Puhdas+","alternateName":"Puhdasplus","url":"https:\/\/puhdasplus.ee\/lv\/","logo":{"@type":"ImageObject","inLanguage":"lv-LV","@id":"https:\/\/puhdasplus.ee\/lv\/#\/schema\/logo\/image\/","url":"https:\/\/puhdasplus.ee\/wp-content\/uploads\/2019\/10\/puhdas_logo-arvele.png","contentUrl":"https:\/\/puhdasplus.ee\/wp-content\/uploads\/2019\/10\/puhdas_logo-arvele.png","width":114,"height":94,"caption":"Puhdas+"},"image":{"@id":"https:\/\/puhdasplus.ee\/lv\/#\/schema\/logo\/image\/"},"sameAs":["https:\/\/www.facebook.com\/puhdasplus","https:\/\/www.instagram.com\/puhdasplus_ee\/"]}]}},"_yoast_wpseo_title":"Hlorella un spirul\u012bna 500 mg 300 kapsulas | Puhdas+","_yoast_wpseo_metadesc":"Hlorella un spirul\u012bna 500 mg \u2014 divas uzturviel\u0101m bag\u0101tas a\u013c\u0123es vien\u0101 kapsul\u0101. Dabisks B grupas vitam\u012bnu, dzelzs un hlorofila avots. 300 kapsulas.","_yoast_wpseo_focuskw":"hlorella spirul\u012bna","_links":{"self":[{"href":"https:\/\/puhdasplus.ee\/lv\/wp-json\/wp\/v2\/product\/353133","targetHints":{"allow":["GET"]}}],"collection":[{"href":"https:\/\/puhdasplus.ee\/lv\/wp-json\/wp\/v2\/product"}],"about":[{"href":"https:\/\/puhdasplus.ee\/lv\/wp-json\/wp\/v2\/types\/product"}],"replies":[{"embeddable":true,"href":"https:\/\/puhdasplus.ee\/lv\/wp-json\/wp\/v2\/comments?post=353133"}],"wp:featuredmedia":[{"embeddable":true,"href":"https:\/\/puhdasplus.ee\/lv\/wp-json\/wp\/v2\/media\/353144"}],"wp:attachment":[{"href":"https:\/\/puhdasplus.ee\/lv\/wp-json\/wp\/v2\/media?parent=353133"}],"wp:term":[{"taxonomy":"product_brand","embeddable":true,"href":"https:\/\/puhdasplus.ee\/lv\/wp-json\/wp\/v2\/product_brand?post=353133"},{"taxonomy":"product_cat","embeddable":true,"href":"https:\/\/puhdasplus.ee\/lv\/wp-json\/wp\/v2\/product_cat?post=353133"},{"taxonomy":"product_tag","embeddable":true,"href":"https:\/\/puhdasplus.ee\/lv\/wp-json\/wp\/v2\/product_tag?post=353133"}],"curies":[{"name":"wp","href":"https:\/\/api.w.org\/{rel}","templated":true}]}}