{"id":353093,"date":"2020-11-03T12:44:27","date_gmt":"2020-11-03T10:44:27","guid":{"rendered":"https:\/\/puhdasplus.ee\/tooted\/uncategorized\/sporta-kolagens-ar-c-vitaminu-un-optimsm-260g-uztura-bagatinatajs\/"},"modified":"2026-04-07T20:04:11","modified_gmt":"2026-04-07T17:04:11","slug":"sporta-kolagens-ar-c-vitaminu-un-optimsm-260g-uztura-bagatinatajs","status":"publish","type":"product","link":"https:\/\/puhdasplus.ee\/lv\/produkti\/sports-lv\/sporta-kolagens-ar-c-vitaminu-un-optimsm-260g-uztura-bagatinatajs\/","title":{"rendered":"Sporta kolag\u0113ns ar C vitam\u012bnu un OptiMSM 260g"},"content":{"rendered":"<p><strong>Puhdas+ Sport Collagen<\/strong> ir uztura bag\u0101tin\u0101t\u0101ja pulveris, kas sast\u0101v no trim efekt\u012bv\u0101m sast\u0101vda\u013c\u0101m, kas akt\u012bva dz\u012bvesveida laik\u0101 atbalsta \u0137erme\u0146a dabisko strukt\u016bru un iztur\u012bbu. Hidroliz\u0113ts kolag\u0113ns (Peptan\u00ae), C vitam\u012bns un OptiMSM\u00ae (metilsulfonilmet\u0101ns) veido sp\u0113c\u012bgu kombin\u0101ciju, kas pal\u012bdz saglab\u0101t loc\u012btavu kust\u012bgumu, \u0101das elast\u012bgumu un atbalsta musku\u013cu atjauno\u0161anos un visp\u0101r\u0113jo labsaj\u016btu. <\/p>\n<p><strong>Kolag\u0113ns<\/strong> ir svar\u012bgs saistaudu un \u0101das struktur\u0101ls prote\u012bns, kura ra\u017eo\u0161ana organism\u0101 ar vecumu samazin\u0101s.<br \/> <strong>C vitam\u012bns<\/strong> veicina norm\u0101lu kolag\u0113na veido\u0161anos, kas ir nepiecie\u0161ams norm\u0101lai \u0101das, skrim\u0161\u013cu un kaulu funkcijai.<br \/> <strong>OptiMSM\u00ae<\/strong> ir dab\u012bgs s\u0113ra savienojums, kas pal\u012bdz saglab\u0101t \u0137ermeni elast\u012bgu un notur\u012bgu.<\/p>\n<p>Produkts ir piem\u0113rots akt\u012bviem cilv\u0113kiem un sportistiem, kuri v\u0113las atbalst\u012bt loc\u012btavu, \u0101das un musku\u013cu norm\u0101lu darb\u012bbu.<\/p>\n<h2>Sast\u0101vda\u013cas:<\/h2>\n<ul>\n<li style=\"list-style-type: none\">\n<ul>\n<li>\n<p>hidroliz\u0113ts liellopu kolag\u0113ns (Peptan\u00ae)<\/p>\n<\/li>\n<li>\n<p>stabilizators: metilsulfonilmet\u0101ns (OptiMSM\u00ae)<\/p>\n<\/li>\n<li>\n<p>L-askorb\u012bnsk\u0101be (C vitam\u012bns).<\/p>\n<\/li>\n<\/ul>\n<\/li>\n<\/ul>\n<h2>Neto daudzums:<\/h2>\n<p>260 g (\u224840 porcijas)<\/p>\n<h2>Ieteicam\u0101 dienas deva (1\u20132 \u0113damkarotes) satur:<\/h2>\n<ul>\n<li>Hidroliz\u0113ts liellopu kolag\u0113ns: 5\u201310 g<\/li>\n<li>C vitam\u012bns: 200\u2013400 mg (250\u2013500 % no ieteicam\u0101s dienas devas)<\/li>\n<li>Metilsulfonilmet\u0101ns (MSM): 1\u20132 g<\/li>\n<\/ul>\n<p>* NRV \u2013 ieteicam\u0101 dienas deva pieaugu\u0161ajiem<\/p>\n<h2>Lietot\u0101ja rokasgr\u0101mata<\/h2>\n<p>Sajauciet 1\u20132 \u0113damkarotes pulvera ar \u016bdeni, sulu vai sm\u016btiju un lietojiet vienu reizi dien\u0101. Nep\u0101rsniedziet ieteicamo dienas devu. <\/p>\n<h2>Br\u012bdin\u0101jumi<\/h2>\n<p>Uztura bag\u0101tin\u0101t\u0101js neaizst\u0101j daudzveid\u012bgu un sabalans\u0113tu uzturu vai vesel\u012bgu dz\u012bvesveidu. Sarg\u0101t no b\u0113rniem.<\/p>\n<h2>Uzglab\u0101\u0161ana<\/h2>\n<p>Uzglab\u0101t saus\u0101 un v\u0113s\u0101 viet\u0101, sarg\u0101t no tie\u0161iem saules stariem.<\/p>\n<h2><\/h2>\n<p><strong>Ra\u017eot\u0101js:<\/strong> New Organics Oy, \u00c4yritie 8 A, 01510 Vantaa, Somija. <strong>Import\u0113t\u0101js<\/strong> <strong>Igaunij\u0101:<\/strong> NordenBio O\u00dc, Narva mnt 7, 10117 Tallina, Igaunija.<\/p>\n<p><strong>Skat\u012bt ar\u012b:<\/strong> <a href=\"https:\/\/puhdasplus.ee\/toote-kategooria\/liigesed-lihased-ja-luud\/\">Loc\u012btavas, musku\u013ci un kauli<\/a> | <a href=\"https:\/\/puhdasplus.ee\/toote-kategooria\/nahk-juuksed-kuuned\/\">Nahk, juuksed, k\u00fc\u00fcned<\/a> | <a href=\"https:\/\/puhdasplus.ee\/toote-kategooria\/elektroluudid\/\">Elektrol\u00fc\u00fcdid<\/a><\/p>\n","protected":false},"excerpt":{"rendered":"<p><strong>Bioakt\u012bvs kolag\u0113na pulveris akt\u012bvam \u0137ermenim \u2013 atjauno\u0161an\u0101s, iztur\u012bbas un labsaj\u016btas veicin\u0101\u0161anai.<\/strong><br \/> Puhdas+ Sport Collagen satur augstas kvalit\u0101tes Peptan\u00ae hidroliz\u0113tu liellopu kolag\u0113nu, C vitam\u012bnu un dab\u012bgo OptiMSM\u00ae. \u0160\u012b efekt\u012bv\u0101 kombin\u0101cija atbalsta loc\u012btavu, \u0101das un musku\u013cu norm\u0101lu darb\u012bbu un ir ide\u0101li piem\u0113rota lieto\u0161anai pirms treni\u0146a vai atjauno\u0161an\u0101s veicin\u0101\u0161anai p\u0113c slodzes. Pulveri var pievienot \u016bdenim, sulai vai koktei\u013ciem \u2013 vienk\u0101r\u0161s veids, k\u0101 stiprin\u0101t \u0137erme\u0146a dabisko strukt\u016bru un iztur\u012bbu. Tas labi darbojas kombin\u0101cij\u0101 ar olbaltumvielu prepar\u0101tiem vai citiem uztura bag\u0101tin\u0101t\u0101jiem.<\/p>\n","protected":false},"featured_media":353101,"comment_status":"closed","ping_status":"closed","template":"","meta":{"_acf_changed":false,"googlesitekit_rrm_CAow3eq7DA:productID":""},"product_brand":[],"product_cat":[3296,3483,3038],"product_tag":[8349,3202,8377,8302,3484,3225,7889,8373,7893,3206,8369],"class_list":{"0":"post-353093","1":"product","2":"type-product","3":"status-publish","4":"has-post-thumbnail","6":"product_cat-ada-mati-nagi","7":"product_cat-locitavas-muskuli-un-kauli","8":"product_cat-sports-lv","9":"product_tag-bez-laktozes-lv","10":"product_tag-c-vitamins-lv","11":"product_tag-dabgs-lv","12":"product_tag-kolagna-pulveris-lv","13":"product_tag-kolagens","14":"product_tag-muskuli-un-locitavas","15":"product_tag-pulveris","16":"product_tag-somijas-kvalitte-lv","17":"product_tag-sporta-uzturs","18":"product_tag-uztura-bagatinatajs","19":"product_tag-vitamni-lv","21":"first","22":"instock","23":"featured","24":"taxable","25":"shipping-taxable","26":"purchasable","27":"product-type-simple"},"acf":[],"yoast_head":"<!-- This site is optimized with the Yoast SEO plugin v27.3 - https:\/\/yoast.com\/product\/yoast-seo-wordpress\/ -->\n<title>Sporta kolag\u0113ns ar C vitam\u012bnu un OptiMSM 260g | Puhdas+<\/title>\n<meta name=\"description\" content=\"Sporta kolag\u0113ns ar C vitam\u012bnu un OptiMSM \u2013 260 g pulveris akt\u012bviem cilv\u0113kiem. Satur Peptan\u00ae kolag\u0113nu, OptiMSM un C vitam\u012bnu loc\u012btavu, musku\u013cu un \u0101das vesel\u012bbas atbalstam.\" \/>\n<meta name=\"robots\" content=\"index, follow, max-snippet:-1, max-image-preview:large, max-video-preview:-1\" \/>\n<link rel=\"canonical\" href=\"https:\/\/puhdasplus.ee\/lv\/produkti\/sports-lv\/sporta-kolagens-ar-c-vitaminu-un-optimsm-260g-uztura-bagatinatajs\/\" \/>\n<meta property=\"og:locale\" content=\"lv_LV\" \/>\n<meta property=\"og:type\" content=\"article\" \/>\n<meta property=\"og:title\" content=\"Sporta kolag\u0113ns ar C vitam\u012bnu un OptiMSM 260g | Puhdas+\" \/>\n<meta property=\"og:description\" content=\"Sporta kolag\u0113ns ar C vitam\u012bnu un OptiMSM \u2013 260 g pulveris akt\u012bviem cilv\u0113kiem. Satur Peptan\u00ae kolag\u0113nu, OptiMSM un C vitam\u012bnu loc\u012btavu, musku\u013cu un \u0101das vesel\u012bbas atbalstam.\" \/>\n<meta property=\"og:url\" content=\"https:\/\/puhdasplus.ee\/lv\/produkti\/sports-lv\/sporta-kolagens-ar-c-vitaminu-un-optimsm-260g-uztura-bagatinatajs\/\" \/>\n<meta property=\"og:site_name\" content=\"Puhdas+\" \/>\n<meta property=\"article:publisher\" content=\"https:\/\/www.facebook.com\/puhdasplus\" \/>\n<meta property=\"article:modified_time\" content=\"2026-04-07T17:04:11+00:00\" \/>\n<meta property=\"og:image\" content=\"https:\/\/puhdasplus.ee\/wp-content\/uploads\/2025\/03\/35.jpg\" \/>\n\t<meta property=\"og:image:width\" content=\"1862\" \/>\n\t<meta property=\"og:image:height\" content=\"2560\" \/>\n\t<meta property=\"og:image:type\" content=\"image\/jpeg\" \/>\n<meta name=\"twitter:card\" content=\"summary_large_image\" \/>\n<meta name=\"twitter:label1\" content=\"Est. reading time\" \/>\n\t<meta name=\"twitter:data1\" content=\"2 min\u016btes\" \/>\n<script type=\"application\/ld+json\" class=\"yoast-schema-graph\">{\"@context\":\"https:\\\/\\\/schema.org\",\"@graph\":[{\"@type\":\"WebPage\",\"@id\":\"https:\\\/\\\/puhdasplus.ee\\\/lv\\\/produkti\\\/sports-lv\\\/sporta-kolagens-ar-c-vitaminu-un-optimsm-260g-uztura-bagatinatajs\\\/\",\"url\":\"https:\\\/\\\/puhdasplus.ee\\\/lv\\\/produkti\\\/sports-lv\\\/sporta-kolagens-ar-c-vitaminu-un-optimsm-260g-uztura-bagatinatajs\\\/\",\"name\":\"Sporta kolag\u0113ns ar C vitam\u012bnu un OptiMSM 260g | Puhdas+\",\"isPartOf\":{\"@id\":\"https:\\\/\\\/puhdasplus.ee\\\/lv\\\/#website\"},\"primaryImageOfPage\":{\"@id\":\"https:\\\/\\\/puhdasplus.ee\\\/lv\\\/produkti\\\/sports-lv\\\/sporta-kolagens-ar-c-vitaminu-un-optimsm-260g-uztura-bagatinatajs\\\/#primaryimage\"},\"image\":{\"@id\":\"https:\\\/\\\/puhdasplus.ee\\\/lv\\\/produkti\\\/sports-lv\\\/sporta-kolagens-ar-c-vitaminu-un-optimsm-260g-uztura-bagatinatajs\\\/#primaryimage\"},\"thumbnailUrl\":\"https:\\\/\\\/puhdasplus.ee\\\/wp-content\\\/uploads\\\/2025\\\/03\\\/35.jpg\",\"datePublished\":\"2020-11-03T10:44:27+00:00\",\"dateModified\":\"2026-04-07T17:04:11+00:00\",\"description\":\"Sporta kolag\u0113ns ar C vitam\u012bnu un OptiMSM \u2013 260 g pulveris akt\u012bviem cilv\u0113kiem. Satur Peptan\u00ae kolag\u0113nu, OptiMSM un C vitam\u012bnu loc\u012btavu, musku\u013cu un \u0101das vesel\u012bbas atbalstam.\",\"breadcrumb\":{\"@id\":\"https:\\\/\\\/puhdasplus.ee\\\/lv\\\/produkti\\\/sports-lv\\\/sporta-kolagens-ar-c-vitaminu-un-optimsm-260g-uztura-bagatinatajs\\\/#breadcrumb\"},\"inLanguage\":\"lv-LV\",\"potentialAction\":[{\"@type\":\"ReadAction\",\"target\":[\"https:\\\/\\\/puhdasplus.ee\\\/lv\\\/produkti\\\/sports-lv\\\/sporta-kolagens-ar-c-vitaminu-un-optimsm-260g-uztura-bagatinatajs\\\/\"]}]},{\"@type\":\"ImageObject\",\"inLanguage\":\"lv-LV\",\"@id\":\"https:\\\/\\\/puhdasplus.ee\\\/lv\\\/produkti\\\/sports-lv\\\/sporta-kolagens-ar-c-vitaminu-un-optimsm-260g-uztura-bagatinatajs\\\/#primaryimage\",\"url\":\"https:\\\/\\\/puhdasplus.ee\\\/wp-content\\\/uploads\\\/2025\\\/03\\\/35.jpg\",\"contentUrl\":\"https:\\\/\\\/puhdasplus.ee\\\/wp-content\\\/uploads\\\/2025\\\/03\\\/35.jpg\",\"width\":1862,\"height\":2560,\"caption\":\"Sporta kolag\u0113ns ar C vitam\u012bnu un OptiMSM 260g\"},{\"@type\":\"BreadcrumbList\",\"@id\":\"https:\\\/\\\/puhdasplus.ee\\\/lv\\\/produkti\\\/sports-lv\\\/sporta-kolagens-ar-c-vitaminu-un-optimsm-260g-uztura-bagatinatajs\\\/#breadcrumb\",\"itemListElement\":[{\"@type\":\"ListItem\",\"position\":1,\"name\":\"S\u0101kums\",\"item\":\"https:\\\/\\\/puhdasplus.ee\\\/lv\\\/\"},{\"@type\":\"ListItem\",\"position\":2,\"name\":\"Produkti\",\"item\":\"https:\\\/\\\/puhdasplus.ee\\\/lv\\\/veikals\\\/\"},{\"@type\":\"ListItem\",\"position\":3,\"name\":\"Sporta kolag\u0113ns ar C vitam\u012bnu un OptiMSM 260g\"}]},{\"@type\":\"WebSite\",\"@id\":\"https:\\\/\\\/puhdasplus.ee\\\/lv\\\/#website\",\"url\":\"https:\\\/\\\/puhdasplus.ee\\\/lv\\\/\",\"name\":\"Puhdas+\",\"description\":\"Vitam\u012bni, uztura bag\u0101tin\u0101t\u0101ji, dab\u012bg\u0101 kosm\u0113tika, vesel\u012bba, sports\",\"publisher\":{\"@id\":\"https:\\\/\\\/puhdasplus.ee\\\/lv\\\/#organization\"},\"potentialAction\":[{\"@type\":\"SearchAction\",\"target\":{\"@type\":\"EntryPoint\",\"urlTemplate\":\"https:\\\/\\\/puhdasplus.ee\\\/lv\\\/?s={search_term_string}\"},\"query-input\":{\"@type\":\"PropertyValueSpecification\",\"valueRequired\":true,\"valueName\":\"search_term_string\"}}],\"inLanguage\":\"lv-LV\"},{\"@type\":\"Organization\",\"@id\":\"https:\\\/\\\/puhdasplus.ee\\\/lv\\\/#organization\",\"name\":\"Puhdas+\",\"alternateName\":\"Puhdasplus\",\"url\":\"https:\\\/\\\/puhdasplus.ee\\\/lv\\\/\",\"logo\":{\"@type\":\"ImageObject\",\"inLanguage\":\"lv-LV\",\"@id\":\"https:\\\/\\\/puhdasplus.ee\\\/lv\\\/#\\\/schema\\\/logo\\\/image\\\/\",\"url\":\"https:\\\/\\\/puhdasplus.ee\\\/wp-content\\\/uploads\\\/2019\\\/10\\\/puhdas_logo-arvele.png\",\"contentUrl\":\"https:\\\/\\\/puhdasplus.ee\\\/wp-content\\\/uploads\\\/2019\\\/10\\\/puhdas_logo-arvele.png\",\"width\":114,\"height\":94,\"caption\":\"Puhdas+\"},\"image\":{\"@id\":\"https:\\\/\\\/puhdasplus.ee\\\/lv\\\/#\\\/schema\\\/logo\\\/image\\\/\"},\"sameAs\":[\"https:\\\/\\\/www.facebook.com\\\/puhdasplus\",\"https:\\\/\\\/www.instagram.com\\\/puhdasplus_ee\\\/\"]}]}<\/script>\n<!-- \/ Yoast SEO plugin. -->","yoast_head_json":{"title":"Sporta kolag\u0113ns ar C vitam\u012bnu un OptiMSM 260g | Puhdas+","description":"Sporta kolag\u0113ns ar C vitam\u012bnu un OptiMSM \u2013 260 g pulveris akt\u012bviem cilv\u0113kiem. Satur Peptan\u00ae kolag\u0113nu, OptiMSM un C vitam\u012bnu loc\u012btavu, musku\u013cu un \u0101das vesel\u012bbas atbalstam.","robots":{"index":"index","follow":"follow","max-snippet":"max-snippet:-1","max-image-preview":"max-image-preview:large","max-video-preview":"max-video-preview:-1"},"canonical":"https:\/\/puhdasplus.ee\/lv\/produkti\/sports-lv\/sporta-kolagens-ar-c-vitaminu-un-optimsm-260g-uztura-bagatinatajs\/","og_locale":"lv_LV","og_type":"article","og_title":"Sporta kolag\u0113ns ar C vitam\u012bnu un OptiMSM 260g | Puhdas+","og_description":"Sporta kolag\u0113ns ar C vitam\u012bnu un OptiMSM \u2013 260 g pulveris akt\u012bviem cilv\u0113kiem. Satur Peptan\u00ae kolag\u0113nu, OptiMSM un C vitam\u012bnu loc\u012btavu, musku\u013cu un \u0101das vesel\u012bbas atbalstam.","og_url":"https:\/\/puhdasplus.ee\/lv\/produkti\/sports-lv\/sporta-kolagens-ar-c-vitaminu-un-optimsm-260g-uztura-bagatinatajs\/","og_site_name":"Puhdas+","article_publisher":"https:\/\/www.facebook.com\/puhdasplus","article_modified_time":"2026-04-07T17:04:11+00:00","og_image":[{"width":1862,"height":2560,"url":"https:\/\/puhdasplus.ee\/wp-content\/uploads\/2025\/03\/35.jpg","type":"image\/jpeg"}],"twitter_card":"summary_large_image","twitter_misc":{"Est. reading time":"2 min\u016btes"},"schema":{"@context":"https:\/\/schema.org","@graph":[{"@type":"WebPage","@id":"https:\/\/puhdasplus.ee\/lv\/produkti\/sports-lv\/sporta-kolagens-ar-c-vitaminu-un-optimsm-260g-uztura-bagatinatajs\/","url":"https:\/\/puhdasplus.ee\/lv\/produkti\/sports-lv\/sporta-kolagens-ar-c-vitaminu-un-optimsm-260g-uztura-bagatinatajs\/","name":"Sporta kolag\u0113ns ar C vitam\u012bnu un OptiMSM 260g | Puhdas+","isPartOf":{"@id":"https:\/\/puhdasplus.ee\/lv\/#website"},"primaryImageOfPage":{"@id":"https:\/\/puhdasplus.ee\/lv\/produkti\/sports-lv\/sporta-kolagens-ar-c-vitaminu-un-optimsm-260g-uztura-bagatinatajs\/#primaryimage"},"image":{"@id":"https:\/\/puhdasplus.ee\/lv\/produkti\/sports-lv\/sporta-kolagens-ar-c-vitaminu-un-optimsm-260g-uztura-bagatinatajs\/#primaryimage"},"thumbnailUrl":"https:\/\/puhdasplus.ee\/wp-content\/uploads\/2025\/03\/35.jpg","datePublished":"2020-11-03T10:44:27+00:00","dateModified":"2026-04-07T17:04:11+00:00","description":"Sporta kolag\u0113ns ar C vitam\u012bnu un OptiMSM \u2013 260 g pulveris akt\u012bviem cilv\u0113kiem. Satur Peptan\u00ae kolag\u0113nu, OptiMSM un C vitam\u012bnu loc\u012btavu, musku\u013cu un \u0101das vesel\u012bbas atbalstam.","breadcrumb":{"@id":"https:\/\/puhdasplus.ee\/lv\/produkti\/sports-lv\/sporta-kolagens-ar-c-vitaminu-un-optimsm-260g-uztura-bagatinatajs\/#breadcrumb"},"inLanguage":"lv-LV","potentialAction":[{"@type":"ReadAction","target":["https:\/\/puhdasplus.ee\/lv\/produkti\/sports-lv\/sporta-kolagens-ar-c-vitaminu-un-optimsm-260g-uztura-bagatinatajs\/"]}]},{"@type":"ImageObject","inLanguage":"lv-LV","@id":"https:\/\/puhdasplus.ee\/lv\/produkti\/sports-lv\/sporta-kolagens-ar-c-vitaminu-un-optimsm-260g-uztura-bagatinatajs\/#primaryimage","url":"https:\/\/puhdasplus.ee\/wp-content\/uploads\/2025\/03\/35.jpg","contentUrl":"https:\/\/puhdasplus.ee\/wp-content\/uploads\/2025\/03\/35.jpg","width":1862,"height":2560,"caption":"Sporta kolag\u0113ns ar C vitam\u012bnu un OptiMSM 260g"},{"@type":"BreadcrumbList","@id":"https:\/\/puhdasplus.ee\/lv\/produkti\/sports-lv\/sporta-kolagens-ar-c-vitaminu-un-optimsm-260g-uztura-bagatinatajs\/#breadcrumb","itemListElement":[{"@type":"ListItem","position":1,"name":"S\u0101kums","item":"https:\/\/puhdasplus.ee\/lv\/"},{"@type":"ListItem","position":2,"name":"Produkti","item":"https:\/\/puhdasplus.ee\/lv\/veikals\/"},{"@type":"ListItem","position":3,"name":"Sporta kolag\u0113ns ar C vitam\u012bnu un OptiMSM 260g"}]},{"@type":"WebSite","@id":"https:\/\/puhdasplus.ee\/lv\/#website","url":"https:\/\/puhdasplus.ee\/lv\/","name":"Puhdas+","description":"Vitam\u012bni, uztura bag\u0101tin\u0101t\u0101ji, dab\u012bg\u0101 kosm\u0113tika, vesel\u012bba, sports","publisher":{"@id":"https:\/\/puhdasplus.ee\/lv\/#organization"},"potentialAction":[{"@type":"SearchAction","target":{"@type":"EntryPoint","urlTemplate":"https:\/\/puhdasplus.ee\/lv\/?s={search_term_string}"},"query-input":{"@type":"PropertyValueSpecification","valueRequired":true,"valueName":"search_term_string"}}],"inLanguage":"lv-LV"},{"@type":"Organization","@id":"https:\/\/puhdasplus.ee\/lv\/#organization","name":"Puhdas+","alternateName":"Puhdasplus","url":"https:\/\/puhdasplus.ee\/lv\/","logo":{"@type":"ImageObject","inLanguage":"lv-LV","@id":"https:\/\/puhdasplus.ee\/lv\/#\/schema\/logo\/image\/","url":"https:\/\/puhdasplus.ee\/wp-content\/uploads\/2019\/10\/puhdas_logo-arvele.png","contentUrl":"https:\/\/puhdasplus.ee\/wp-content\/uploads\/2019\/10\/puhdas_logo-arvele.png","width":114,"height":94,"caption":"Puhdas+"},"image":{"@id":"https:\/\/puhdasplus.ee\/lv\/#\/schema\/logo\/image\/"},"sameAs":["https:\/\/www.facebook.com\/puhdasplus","https:\/\/www.instagram.com\/puhdasplus_ee\/"]}]}},"_yoast_wpseo_title":"Sporta kolag\u0113ns ar C vitam\u012bnu un OptiMSM 260g | Puhdas+","_yoast_wpseo_metadesc":"Sporta kolag\u0113ns ar C vitam\u012bnu un OptiMSM \u2013 260 g pulveris akt\u012bviem cilv\u0113kiem. Satur Peptan\u00ae kolag\u0113nu, OptiMSM un C vitam\u012bnu loc\u012btavu, musku\u013cu un \u0101das vesel\u012bbas atbalstam.","_yoast_wpseo_focuskw":"","_links":{"self":[{"href":"https:\/\/puhdasplus.ee\/lv\/wp-json\/wp\/v2\/product\/353093","targetHints":{"allow":["GET"]}}],"collection":[{"href":"https:\/\/puhdasplus.ee\/lv\/wp-json\/wp\/v2\/product"}],"about":[{"href":"https:\/\/puhdasplus.ee\/lv\/wp-json\/wp\/v2\/types\/product"}],"replies":[{"embeddable":true,"href":"https:\/\/puhdasplus.ee\/lv\/wp-json\/wp\/v2\/comments?post=353093"}],"wp:featuredmedia":[{"embeddable":true,"href":"https:\/\/puhdasplus.ee\/lv\/wp-json\/wp\/v2\/media\/353101"}],"wp:attachment":[{"href":"https:\/\/puhdasplus.ee\/lv\/wp-json\/wp\/v2\/media?parent=353093"}],"wp:term":[{"taxonomy":"product_brand","embeddable":true,"href":"https:\/\/puhdasplus.ee\/lv\/wp-json\/wp\/v2\/product_brand?post=353093"},{"taxonomy":"product_cat","embeddable":true,"href":"https:\/\/puhdasplus.ee\/lv\/wp-json\/wp\/v2\/product_cat?post=353093"},{"taxonomy":"product_tag","embeddable":true,"href":"https:\/\/puhdasplus.ee\/lv\/wp-json\/wp\/v2\/product_tag?post=353093"}],"curies":[{"name":"wp","href":"https:\/\/api.w.org\/{rel}","templated":true}]}}